{"id":894,"date":"2023-08-07T15:09:24","date_gmt":"2023-08-07T14:09:24","guid":{"rendered":"https:\/\/investmedic-store.com\/?post_type=product&#038;p=894"},"modified":"2025-08-20T11:46:47","modified_gmt":"2025-08-20T10:46:47","slug":"garrot-tourniquet","status":"publish","type":"product","link":"https:\/\/investmedic-store.com\/?product=garrot-tourniquet","title":{"rendered":"OC 2199 Garrot Tourniquet"},"content":{"rendered":"<h2>Tourniquet<\/h2>\n<p>Fabriqu\u00e9 \u00e0 partir de ruban adh\u00e9sif en polyamide de haute qualit\u00e9.\u00a0Fourni avec une boucle forte et sans rouille Il est un dispositif de compression.\u00a0Il est utilis\u00e9 pour contr\u00f4ler la circulation veineuse et art\u00e9rielle vers un membre pendant un certain temps.\u00a0La pression est appliqu\u00e9e de mani\u00e8re circonf\u00e9rentielle sur la peau et les tissus sous-jacents d&#8217;un membre;\u00a0cette pression est transf\u00e9r\u00e9e sur les parois des vaisseaux, ce qui provoque leur occlusion temporaire.\u00a0Utilis\u00e9 en canulation ou pour endiguer le flux de saignements traumatiques.\u00a0Le garrot est g\u00e9n\u00e9ralement appliqu\u00e9 lorsque le patient est dans un \u00e9tat mena\u00e7ant le pronostic vital en raison d&#8217;un saignement continu.<br \/>\n<strong>Commun pour les poignets gauche et droit.<\/strong><\/p>\n","protected":false},"excerpt":{"rendered":"<p>Tourniquet Fabriqu\u00e9 \u00e0 partir de ruban adh\u00e9sif en polyamide de haute qualit\u00e9.\u00a0Fourni avec une boucle forte et sans rouille Il est un dispositif de compression.\u00a0Il est utilis\u00e9 pour contr\u00f4ler la circulation veineuse et art\u00e9rielle vers un membre pendant un certain temps.\u00a0La pression est appliqu\u00e9e de mani\u00e8re circonf\u00e9rentielle sur la peau et les tissus sous-jacents d&#8217;un &hellip;<\/p>\n<p class=\"read-more\"> <a class=\" thunk-readmore button \" href=\"https:\/\/investmedic-store.com\/?product=garrot-tourniquet\"> <span class=\"screen-reader-text\">OC 2199 Garrot Tourniquet<\/span>Read More<\/a><\/p>\n","protected":false},"featured_media":897,"comment_status":"open","ping_status":"closed","template":"","meta":{"om_disable_all_campaigns":false,"_joinchat":[]},"product_cat":[62,60],"product_tag":[],"yoast_head":"<!-- This site is optimized with the Yoast SEO plugin v20.12 - https:\/\/yoast.com\/wordpress\/plugins\/seo\/ -->\n<title>OC 2199 Garrot Tourniquet - investmedic-store.com<\/title>\n<meta name=\"robots\" content=\"index, follow, max-snippet:-1, max-image-preview:large, max-video-preview:-1\" \/>\n<link rel=\"canonical\" href=\"https:\/\/investmedic-store.com\/?product=garrot-tourniquet\" \/>\n<meta property=\"og:locale\" content=\"fr_FR\" \/>\n<meta property=\"og:type\" content=\"article\" \/>\n<meta property=\"og:title\" content=\"OC 2199 Garrot Tourniquet - investmedic-store.com\" \/>\n<meta property=\"og:description\" content=\"Tourniquet Fabriqu\u00e9 \u00e0 partir de ruban adh\u00e9sif en polyamide de haute qualit\u00e9.\u00a0Fourni avec une boucle forte et sans rouille Il est un dispositif de compression.\u00a0Il est utilis\u00e9 pour contr\u00f4ler la circulation veineuse et art\u00e9rielle vers un membre pendant un certain temps.\u00a0La pression est appliqu\u00e9e de mani\u00e8re circonf\u00e9rentielle sur la peau et les tissus sous-jacents d&#8217;un &hellip; OC 2199 Garrot TourniquetRead More\" \/>\n<meta property=\"og:url\" content=\"https:\/\/investmedic-store.com\/?product=garrot-tourniquet\" \/>\n<meta property=\"og:site_name\" content=\"investmedic-store.com\" \/>\n<meta property=\"article:publisher\" content=\"https:\/\/www.facebook.com\/invest.medic\" \/>\n<meta property=\"article:modified_time\" content=\"2025-08-20T10:46:47+00:00\" \/>\n<meta property=\"og:image\" content=\"http:\/\/investmedic-store.com\/wp-content\/uploads\/2023\/08\/Tourniquet.png\" \/>\n\t<meta property=\"og:image:width\" content=\"600\" \/>\n\t<meta property=\"og:image:height\" content=\"725\" \/>\n\t<meta property=\"og:image:type\" content=\"image\/png\" \/>\n<meta name=\"twitter:card\" content=\"summary_large_image\" \/>\n<meta name=\"twitter:label1\" content=\"Dur\u00e9e de lecture estim\u00e9e\" \/>\n\t<meta name=\"twitter:data1\" content=\"1 minute\" \/>\n<script type=\"application\/ld+json\" class=\"yoast-schema-graph\">{\"@context\":\"https:\/\/schema.org\",\"@graph\":[{\"@type\":\"WebPage\",\"@id\":\"https:\/\/investmedic-store.com\/?product=garrot-tourniquet\",\"url\":\"https:\/\/investmedic-store.com\/?product=garrot-tourniquet\",\"name\":\"OC 2199 Garrot Tourniquet - investmedic-store.com\",\"isPartOf\":{\"@id\":\"https:\/\/investmedic-store.com\/#website\"},\"datePublished\":\"2023-08-07T14:09:24+00:00\",\"dateModified\":\"2025-08-20T10:46:47+00:00\",\"breadcrumb\":{\"@id\":\"https:\/\/investmedic-store.com\/?product=garrot-tourniquet#breadcrumb\"},\"inLanguage\":\"fr-FR\",\"potentialAction\":[{\"@type\":\"ReadAction\",\"target\":[\"https:\/\/investmedic-store.com\/?product=garrot-tourniquet\"]}]},{\"@type\":\"BreadcrumbList\",\"@id\":\"https:\/\/investmedic-store.com\/?product=garrot-tourniquet#breadcrumb\",\"itemListElement\":[{\"@type\":\"ListItem\",\"position\":1,\"name\":\"Accueil\",\"item\":\"https:\/\/investmedic-store.com\/\"},{\"@type\":\"ListItem\",\"position\":2,\"name\":\"Shop\",\"item\":\"https:\/\/investmedic-store.com\/?page_id=5\"},{\"@type\":\"ListItem\",\"position\":3,\"name\":\"OC 2199 Garrot Tourniquet\"}]},{\"@type\":\"WebSite\",\"@id\":\"https:\/\/investmedic-store.com\/#website\",\"url\":\"https:\/\/investmedic-store.com\/\",\"name\":\"invest medic store\",\"description\":\"Importation &amp; Distribution Du Materiels Medico-Chirurgicales - \u0627\u0633\u062a\u064a\u0631\u0627\u062f \u0648\u062a\u0648\u0632\u064a\u0639 \u0627\u0644\u0645\u0648\u0627\u062f \u0627\u0644\u0637\u0628\u064a\u0629 \u0627\u0644\u062c\u0631\u0627\u062d\u064a\u0629\",\"publisher\":{\"@id\":\"https:\/\/investmedic-store.com\/#organization\"},\"alternateName\":\"investmedic store\",\"potentialAction\":[{\"@type\":\"SearchAction\",\"target\":{\"@type\":\"EntryPoint\",\"urlTemplate\":\"https:\/\/investmedic-store.com\/?s={search_term_string}\"},\"query-input\":\"required name=search_term_string\"}],\"inLanguage\":\"fr-FR\"},{\"@type\":\"Organization\",\"@id\":\"https:\/\/investmedic-store.com\/#organization\",\"name\":\"invest.medic store\",\"alternateName\":\"investmedic store\",\"url\":\"https:\/\/investmedic-store.com\/\",\"logo\":{\"@type\":\"ImageObject\",\"inLanguage\":\"fr-FR\",\"@id\":\"https:\/\/investmedic-store.com\/#\/schema\/logo\/image\/\",\"url\":\"https:\/\/investmedic-store.com\/wp-content\/uploads\/2023\/07\/cropped-LOGO_INVEST-transformed-removebg-preview-transformed-1-e1690120839263.png\",\"contentUrl\":\"https:\/\/investmedic-store.com\/wp-content\/uploads\/2023\/07\/cropped-LOGO_INVEST-transformed-removebg-preview-transformed-1-e1690120839263.png\",\"width\":512,\"height\":512,\"caption\":\"invest.medic store\"},\"image\":{\"@id\":\"https:\/\/investmedic-store.com\/#\/schema\/logo\/image\/\"},\"sameAs\":[\"https:\/\/www.facebook.com\/invest.medic\"]}]}<\/script>\n<!-- \/ Yoast SEO plugin. -->","yoast_head_json":{"title":"OC 2199 Garrot Tourniquet - investmedic-store.com","robots":{"index":"index","follow":"follow","max-snippet":"max-snippet:-1","max-image-preview":"max-image-preview:large","max-video-preview":"max-video-preview:-1"},"canonical":"https:\/\/investmedic-store.com\/?product=garrot-tourniquet","og_locale":"fr_FR","og_type":"article","og_title":"OC 2199 Garrot Tourniquet - investmedic-store.com","og_description":"Tourniquet Fabriqu\u00e9 \u00e0 partir de ruban adh\u00e9sif en polyamide de haute qualit\u00e9.\u00a0Fourni avec une boucle forte et sans rouille Il est un dispositif de compression.\u00a0Il est utilis\u00e9 pour contr\u00f4ler la circulation veineuse et art\u00e9rielle vers un membre pendant un certain temps.\u00a0La pression est appliqu\u00e9e de mani\u00e8re circonf\u00e9rentielle sur la peau et les tissus sous-jacents d&#8217;un &hellip; OC 2199 Garrot TourniquetRead More","og_url":"https:\/\/investmedic-store.com\/?product=garrot-tourniquet","og_site_name":"investmedic-store.com","article_publisher":"https:\/\/www.facebook.com\/invest.medic","article_modified_time":"2025-08-20T10:46:47+00:00","og_image":[{"width":600,"height":725,"url":"http:\/\/investmedic-store.com\/wp-content\/uploads\/2023\/08\/Tourniquet.png","type":"image\/png"}],"twitter_card":"summary_large_image","twitter_misc":{"Dur\u00e9e de lecture estim\u00e9e":"1 minute"},"schema":{"@context":"https:\/\/schema.org","@graph":[{"@type":"WebPage","@id":"https:\/\/investmedic-store.com\/?product=garrot-tourniquet","url":"https:\/\/investmedic-store.com\/?product=garrot-tourniquet","name":"OC 2199 Garrot Tourniquet - investmedic-store.com","isPartOf":{"@id":"https:\/\/investmedic-store.com\/#website"},"datePublished":"2023-08-07T14:09:24+00:00","dateModified":"2025-08-20T10:46:47+00:00","breadcrumb":{"@id":"https:\/\/investmedic-store.com\/?product=garrot-tourniquet#breadcrumb"},"inLanguage":"fr-FR","potentialAction":[{"@type":"ReadAction","target":["https:\/\/investmedic-store.com\/?product=garrot-tourniquet"]}]},{"@type":"BreadcrumbList","@id":"https:\/\/investmedic-store.com\/?product=garrot-tourniquet#breadcrumb","itemListElement":[{"@type":"ListItem","position":1,"name":"Accueil","item":"https:\/\/investmedic-store.com\/"},{"@type":"ListItem","position":2,"name":"Shop","item":"https:\/\/investmedic-store.com\/?page_id=5"},{"@type":"ListItem","position":3,"name":"OC 2199 Garrot Tourniquet"}]},{"@type":"WebSite","@id":"https:\/\/investmedic-store.com\/#website","url":"https:\/\/investmedic-store.com\/","name":"invest medic store","description":"Importation &amp; Distribution Du Materiels Medico-Chirurgicales - \u0627\u0633\u062a\u064a\u0631\u0627\u062f \u0648\u062a\u0648\u0632\u064a\u0639 \u0627\u0644\u0645\u0648\u0627\u062f \u0627\u0644\u0637\u0628\u064a\u0629 \u0627\u0644\u062c\u0631\u0627\u062d\u064a\u0629","publisher":{"@id":"https:\/\/investmedic-store.com\/#organization"},"alternateName":"investmedic store","potentialAction":[{"@type":"SearchAction","target":{"@type":"EntryPoint","urlTemplate":"https:\/\/investmedic-store.com\/?s={search_term_string}"},"query-input":"required name=search_term_string"}],"inLanguage":"fr-FR"},{"@type":"Organization","@id":"https:\/\/investmedic-store.com\/#organization","name":"invest.medic store","alternateName":"investmedic store","url":"https:\/\/investmedic-store.com\/","logo":{"@type":"ImageObject","inLanguage":"fr-FR","@id":"https:\/\/investmedic-store.com\/#\/schema\/logo\/image\/","url":"https:\/\/investmedic-store.com\/wp-content\/uploads\/2023\/07\/cropped-LOGO_INVEST-transformed-removebg-preview-transformed-1-e1690120839263.png","contentUrl":"https:\/\/investmedic-store.com\/wp-content\/uploads\/2023\/07\/cropped-LOGO_INVEST-transformed-removebg-preview-transformed-1-e1690120839263.png","width":512,"height":512,"caption":"invest.medic store"},"image":{"@id":"https:\/\/investmedic-store.com\/#\/schema\/logo\/image\/"},"sameAs":["https:\/\/www.facebook.com\/invest.medic"]}]}},"_links":{"self":[{"href":"https:\/\/investmedic-store.com\/index.php?rest_route=\/wp\/v2\/product\/894"}],"collection":[{"href":"https:\/\/investmedic-store.com\/index.php?rest_route=\/wp\/v2\/product"}],"about":[{"href":"https:\/\/investmedic-store.com\/index.php?rest_route=\/wp\/v2\/types\/product"}],"replies":[{"embeddable":true,"href":"https:\/\/investmedic-store.com\/index.php?rest_route=%2Fwp%2Fv2%2Fcomments&post=894"}],"wp:featuredmedia":[{"embeddable":true,"href":"https:\/\/investmedic-store.com\/index.php?rest_route=\/wp\/v2\/media\/897"}],"wp:attachment":[{"href":"https:\/\/investmedic-store.com\/index.php?rest_route=%2Fwp%2Fv2%2Fmedia&parent=894"}],"wp:term":[{"taxonomy":"product_cat","embeddable":true,"href":"https:\/\/investmedic-store.com\/index.php?rest_route=%2Fwp%2Fv2%2Fproduct_cat&post=894"},{"taxonomy":"product_tag","embeddable":true,"href":"https:\/\/investmedic-store.com\/index.php?rest_route=%2Fwp%2Fv2%2Fproduct_tag&post=894"}],"curies":[{"name":"wp","href":"https:\/\/api.w.org\/{rel}","templated":true}]}}