{"id":862,"date":"2023-08-07T12:51:54","date_gmt":"2023-08-07T11:51:54","guid":{"rendered":"https:\/\/investmedic-store.com\/?post_type=product&#038;p=862"},"modified":"2025-08-23T10:54:20","modified_gmt":"2025-08-23T09:54:20","slug":"porte-platre-souple","status":"publish","type":"product","link":"https:\/\/investmedic-store.com\/?product=porte-platre-souple","title":{"rendered":"OC 2128 Porte Pl\u00e2tre Souple"},"content":{"rendered":"<h2>Manchette et collier<\/h2>\n<p>Il est facile \u00e0 utiliser, simple \u00e0 ajuster et lavable.\u00a0Recommand\u00e9 dans les cas de blessures aux os, aux muscles ou aux ligaments de la main, du bras, du coude, de l&#8217;\u00e9paule ou lorsque le soutien du bras est n\u00e9cessaire \u00e0 la suite d&#8217;une correction chirurgicale ou non chirurgicale (en particulier avec un pl\u00e2tre ou un corset).\u00a0Les \u00e9lingues de bras sont souvent utilis\u00e9es dans les salles d&#8217;urgence ou dans les situations de premiers soins pour supporter une fracture ou une luxation dans l&#8217;attente d&#8217;une intervention du m\u00e9decin.<br \/>\n<strong>Commun pour la main gauche et droite<\/strong><\/p>\n","protected":false},"excerpt":{"rendered":"<h2>Manchette et collier<\/h2>\n<p>Il est facile \u00e0 utiliser, simple \u00e0 ajuster et lavable.\u00a0Recommand\u00e9 dans les cas de blessures aux os, aux muscles ou aux ligaments de la main, du bras, du coude, de l&#8217;\u00e9paule ou lorsque le soutien du bras est n\u00e9cessaire \u00e0 la suite d&#8217;une correction chirurgicale ou non chirurgicale (en particulier avec un pl\u00e2tre ou un corset).\u00a0Les \u00e9lingues de bras sont souvent utilis\u00e9es dans les salles d&#8217;urgence ou dans les situations de premiers soins pour supporter une fracture ou une luxation dans l&#8217;attente d&#8217;une intervention du m\u00e9decin.<br \/>\n<strong>Commun pour la main gauche et droite<\/strong><\/p>\n","protected":false},"featured_media":863,"comment_status":"open","ping_status":"closed","template":"","meta":{"om_disable_all_campaigns":false,"_joinchat":[]},"product_cat":[60,81],"product_tag":[],"yoast_head":"<!-- This site is optimized with the Yoast SEO plugin v20.12 - https:\/\/yoast.com\/wordpress\/plugins\/seo\/ -->\n<title>OC 2128 Porte Pl\u00e2tre Souple - investmedic-store.com<\/title>\n<meta name=\"robots\" content=\"index, follow, max-snippet:-1, max-image-preview:large, max-video-preview:-1\" \/>\n<link rel=\"canonical\" href=\"https:\/\/investmedic-store.com\/?product=porte-platre-souple\" \/>\n<meta property=\"og:locale\" content=\"fr_FR\" \/>\n<meta property=\"og:type\" content=\"article\" \/>\n<meta property=\"og:title\" content=\"OC 2128 Porte Pl\u00e2tre Souple - investmedic-store.com\" \/>\n<meta property=\"og:description\" content=\"Manchette et collier Il est facile \u00e0 utiliser, simple \u00e0 ajuster et lavable.\u00a0Recommand\u00e9 dans les cas de blessures aux os, aux muscles ou aux ligaments de la main, du bras, du coude, de l&#039;\u00e9paule ou lorsque le soutien du bras est n\u00e9cessaire \u00e0 la suite d&#039;une correction chirurgicale ou non chirurgicale (en particulier avec un pl\u00e2tre ou un corset).\u00a0Les \u00e9lingues de bras sont souvent utilis\u00e9es dans les salles d&#039;urgence ou dans les situations de premiers soins pour supporter une fracture ou une luxation dans l&#039;attente d&#039;une intervention du m\u00e9decin. Commun pour la main gauche et droite\" \/>\n<meta property=\"og:url\" content=\"https:\/\/investmedic-store.com\/?product=porte-platre-souple\" \/>\n<meta property=\"og:site_name\" content=\"investmedic-store.com\" \/>\n<meta property=\"article:publisher\" content=\"https:\/\/www.facebook.com\/invest.medic\" \/>\n<meta property=\"article:modified_time\" content=\"2025-08-23T09:54:20+00:00\" \/>\n<meta property=\"og:image\" content=\"http:\/\/investmedic-store.com\/wp-content\/uploads\/2023\/08\/Cuff-Collar-Sling.png\" \/>\n\t<meta property=\"og:image:width\" content=\"600\" \/>\n\t<meta property=\"og:image:height\" content=\"715\" \/>\n\t<meta property=\"og:image:type\" content=\"image\/png\" \/>\n<meta name=\"twitter:card\" content=\"summary_large_image\" \/>\n<meta name=\"twitter:label1\" content=\"Dur\u00e9e de lecture estim\u00e9e\" \/>\n\t<meta name=\"twitter:data1\" content=\"1 minute\" \/>\n<script type=\"application\/ld+json\" class=\"yoast-schema-graph\">{\"@context\":\"https:\/\/schema.org\",\"@graph\":[{\"@type\":\"WebPage\",\"@id\":\"https:\/\/investmedic-store.com\/?product=porte-platre-souple\",\"url\":\"https:\/\/investmedic-store.com\/?product=porte-platre-souple\",\"name\":\"OC 2128 Porte Pl\u00e2tre Souple - investmedic-store.com\",\"isPartOf\":{\"@id\":\"https:\/\/investmedic-store.com\/#website\"},\"datePublished\":\"2023-08-07T11:51:54+00:00\",\"dateModified\":\"2025-08-23T09:54:20+00:00\",\"breadcrumb\":{\"@id\":\"https:\/\/investmedic-store.com\/?product=porte-platre-souple#breadcrumb\"},\"inLanguage\":\"fr-FR\",\"potentialAction\":[{\"@type\":\"ReadAction\",\"target\":[\"https:\/\/investmedic-store.com\/?product=porte-platre-souple\"]}]},{\"@type\":\"BreadcrumbList\",\"@id\":\"https:\/\/investmedic-store.com\/?product=porte-platre-souple#breadcrumb\",\"itemListElement\":[{\"@type\":\"ListItem\",\"position\":1,\"name\":\"Accueil\",\"item\":\"https:\/\/investmedic-store.com\/\"},{\"@type\":\"ListItem\",\"position\":2,\"name\":\"Shop\",\"item\":\"https:\/\/investmedic-store.com\/?page_id=5\"},{\"@type\":\"ListItem\",\"position\":3,\"name\":\"OC 2128 Porte Pl\u00e2tre Souple\"}]},{\"@type\":\"WebSite\",\"@id\":\"https:\/\/investmedic-store.com\/#website\",\"url\":\"https:\/\/investmedic-store.com\/\",\"name\":\"invest medic store\",\"description\":\"Importation &amp; Distribution Du Materiels Medico-Chirurgicales - \u0627\u0633\u062a\u064a\u0631\u0627\u062f \u0648\u062a\u0648\u0632\u064a\u0639 \u0627\u0644\u0645\u0648\u0627\u062f \u0627\u0644\u0637\u0628\u064a\u0629 \u0627\u0644\u062c\u0631\u0627\u062d\u064a\u0629\",\"publisher\":{\"@id\":\"https:\/\/investmedic-store.com\/#organization\"},\"alternateName\":\"investmedic store\",\"potentialAction\":[{\"@type\":\"SearchAction\",\"target\":{\"@type\":\"EntryPoint\",\"urlTemplate\":\"https:\/\/investmedic-store.com\/?s={search_term_string}\"},\"query-input\":\"required name=search_term_string\"}],\"inLanguage\":\"fr-FR\"},{\"@type\":\"Organization\",\"@id\":\"https:\/\/investmedic-store.com\/#organization\",\"name\":\"invest.medic store\",\"alternateName\":\"investmedic store\",\"url\":\"https:\/\/investmedic-store.com\/\",\"logo\":{\"@type\":\"ImageObject\",\"inLanguage\":\"fr-FR\",\"@id\":\"https:\/\/investmedic-store.com\/#\/schema\/logo\/image\/\",\"url\":\"https:\/\/investmedic-store.com\/wp-content\/uploads\/2023\/07\/cropped-LOGO_INVEST-transformed-removebg-preview-transformed-1-e1690120839263.png\",\"contentUrl\":\"https:\/\/investmedic-store.com\/wp-content\/uploads\/2023\/07\/cropped-LOGO_INVEST-transformed-removebg-preview-transformed-1-e1690120839263.png\",\"width\":512,\"height\":512,\"caption\":\"invest.medic store\"},\"image\":{\"@id\":\"https:\/\/investmedic-store.com\/#\/schema\/logo\/image\/\"},\"sameAs\":[\"https:\/\/www.facebook.com\/invest.medic\"]}]}<\/script>\n<!-- \/ Yoast SEO plugin. -->","yoast_head_json":{"title":"OC 2128 Porte Pl\u00e2tre Souple - investmedic-store.com","robots":{"index":"index","follow":"follow","max-snippet":"max-snippet:-1","max-image-preview":"max-image-preview:large","max-video-preview":"max-video-preview:-1"},"canonical":"https:\/\/investmedic-store.com\/?product=porte-platre-souple","og_locale":"fr_FR","og_type":"article","og_title":"OC 2128 Porte Pl\u00e2tre Souple - investmedic-store.com","og_description":"Manchette et collier Il est facile \u00e0 utiliser, simple \u00e0 ajuster et lavable.\u00a0Recommand\u00e9 dans les cas de blessures aux os, aux muscles ou aux ligaments de la main, du bras, du coude, de l'\u00e9paule ou lorsque le soutien du bras est n\u00e9cessaire \u00e0 la suite d'une correction chirurgicale ou non chirurgicale (en particulier avec un pl\u00e2tre ou un corset).\u00a0Les \u00e9lingues de bras sont souvent utilis\u00e9es dans les salles d'urgence ou dans les situations de premiers soins pour supporter une fracture ou une luxation dans l'attente d'une intervention du m\u00e9decin. Commun pour la main gauche et droite","og_url":"https:\/\/investmedic-store.com\/?product=porte-platre-souple","og_site_name":"investmedic-store.com","article_publisher":"https:\/\/www.facebook.com\/invest.medic","article_modified_time":"2025-08-23T09:54:20+00:00","og_image":[{"width":600,"height":715,"url":"http:\/\/investmedic-store.com\/wp-content\/uploads\/2023\/08\/Cuff-Collar-Sling.png","type":"image\/png"}],"twitter_card":"summary_large_image","twitter_misc":{"Dur\u00e9e de lecture estim\u00e9e":"1 minute"},"schema":{"@context":"https:\/\/schema.org","@graph":[{"@type":"WebPage","@id":"https:\/\/investmedic-store.com\/?product=porte-platre-souple","url":"https:\/\/investmedic-store.com\/?product=porte-platre-souple","name":"OC 2128 Porte Pl\u00e2tre Souple - investmedic-store.com","isPartOf":{"@id":"https:\/\/investmedic-store.com\/#website"},"datePublished":"2023-08-07T11:51:54+00:00","dateModified":"2025-08-23T09:54:20+00:00","breadcrumb":{"@id":"https:\/\/investmedic-store.com\/?product=porte-platre-souple#breadcrumb"},"inLanguage":"fr-FR","potentialAction":[{"@type":"ReadAction","target":["https:\/\/investmedic-store.com\/?product=porte-platre-souple"]}]},{"@type":"BreadcrumbList","@id":"https:\/\/investmedic-store.com\/?product=porte-platre-souple#breadcrumb","itemListElement":[{"@type":"ListItem","position":1,"name":"Accueil","item":"https:\/\/investmedic-store.com\/"},{"@type":"ListItem","position":2,"name":"Shop","item":"https:\/\/investmedic-store.com\/?page_id=5"},{"@type":"ListItem","position":3,"name":"OC 2128 Porte Pl\u00e2tre Souple"}]},{"@type":"WebSite","@id":"https:\/\/investmedic-store.com\/#website","url":"https:\/\/investmedic-store.com\/","name":"invest medic store","description":"Importation &amp; Distribution Du Materiels Medico-Chirurgicales - \u0627\u0633\u062a\u064a\u0631\u0627\u062f \u0648\u062a\u0648\u0632\u064a\u0639 \u0627\u0644\u0645\u0648\u0627\u062f \u0627\u0644\u0637\u0628\u064a\u0629 \u0627\u0644\u062c\u0631\u0627\u062d\u064a\u0629","publisher":{"@id":"https:\/\/investmedic-store.com\/#organization"},"alternateName":"investmedic store","potentialAction":[{"@type":"SearchAction","target":{"@type":"EntryPoint","urlTemplate":"https:\/\/investmedic-store.com\/?s={search_term_string}"},"query-input":"required name=search_term_string"}],"inLanguage":"fr-FR"},{"@type":"Organization","@id":"https:\/\/investmedic-store.com\/#organization","name":"invest.medic store","alternateName":"investmedic store","url":"https:\/\/investmedic-store.com\/","logo":{"@type":"ImageObject","inLanguage":"fr-FR","@id":"https:\/\/investmedic-store.com\/#\/schema\/logo\/image\/","url":"https:\/\/investmedic-store.com\/wp-content\/uploads\/2023\/07\/cropped-LOGO_INVEST-transformed-removebg-preview-transformed-1-e1690120839263.png","contentUrl":"https:\/\/investmedic-store.com\/wp-content\/uploads\/2023\/07\/cropped-LOGO_INVEST-transformed-removebg-preview-transformed-1-e1690120839263.png","width":512,"height":512,"caption":"invest.medic store"},"image":{"@id":"https:\/\/investmedic-store.com\/#\/schema\/logo\/image\/"},"sameAs":["https:\/\/www.facebook.com\/invest.medic"]}]}},"_links":{"self":[{"href":"https:\/\/investmedic-store.com\/index.php?rest_route=\/wp\/v2\/product\/862"}],"collection":[{"href":"https:\/\/investmedic-store.com\/index.php?rest_route=\/wp\/v2\/product"}],"about":[{"href":"https:\/\/investmedic-store.com\/index.php?rest_route=\/wp\/v2\/types\/product"}],"replies":[{"embeddable":true,"href":"https:\/\/investmedic-store.com\/index.php?rest_route=%2Fwp%2Fv2%2Fcomments&post=862"}],"wp:featuredmedia":[{"embeddable":true,"href":"https:\/\/investmedic-store.com\/index.php?rest_route=\/wp\/v2\/media\/863"}],"wp:attachment":[{"href":"https:\/\/investmedic-store.com\/index.php?rest_route=%2Fwp%2Fv2%2Fmedia&parent=862"}],"wp:term":[{"taxonomy":"product_cat","embeddable":true,"href":"https:\/\/investmedic-store.com\/index.php?rest_route=%2Fwp%2Fv2%2Fproduct_cat&post=862"},{"taxonomy":"product_tag","embeddable":true,"href":"https:\/\/investmedic-store.com\/index.php?rest_route=%2Fwp%2Fv2%2Fproduct_tag&post=862"}],"curies":[{"name":"wp","href":"https:\/\/api.w.org\/{rel}","templated":true}]}}