{"id":853,"date":"2023-08-07T12:40:17","date_gmt":"2023-08-07T11:40:17","guid":{"rendered":"https:\/\/investmedic-store.com\/?post_type=product&#038;p=853"},"modified":"2023-10-08T18:03:43","modified_gmt":"2023-10-08T17:03:43","slug":"bras-en-echarpe","status":"publish","type":"product","link":"https:\/\/investmedic-store.com\/?product=bras-en-echarpe","title":{"rendered":"OC 2041 Bras En \u00c9charpe"},"content":{"rendered":"<h2>Sangle de bras (avec coussin d&#8217;\u00e9paule)<\/h2>\n<p>Aide \u00e0 suspendre l&#8217;avant &#8211;\u00a0bras avec le\u00a0coude en 90\u00a0O\u00a0flexion.\u00a0Appuis au bras ou \u00e0 l&#8217;\u00e9paule en cas de prise en charge conservatrice et chirurgicale des foulures, des entorses et des fractures.<br \/>\n<strong>Commun pour la main gauche et droite<\/strong><\/p>\n","protected":false},"excerpt":{"rendered":"<h2>Sangle de bras (avec coussin d&#8217;\u00e9paule)<\/h2>\n<p>Aide \u00e0 suspendre l&#8217;avant &#8211;\u00a0bras avec le\u00a0coude en 90\u00a0O\u00a0flexion.\u00a0Appuis au bras ou \u00e0 l&#8217;\u00e9paule en cas de prise en charge conservatrice et chirurgicale des foulures, des entorses et des fractures.<br \/>\n<strong>Commun pour la main gauche et droite<\/strong><\/p>\n","protected":false},"featured_media":854,"comment_status":"open","ping_status":"closed","template":"","meta":{"om_disable_all_campaigns":false,"_joinchat":[]},"product_cat":[60,81],"product_tag":[],"yoast_head":"<!-- This site is optimized with the Yoast SEO plugin v20.12 - https:\/\/yoast.com\/wordpress\/plugins\/seo\/ -->\n<title>OC 2041 Bras En \u00c9charpe - investmedic-store.com<\/title>\n<meta name=\"robots\" content=\"index, follow, max-snippet:-1, max-image-preview:large, max-video-preview:-1\" \/>\n<link rel=\"canonical\" href=\"https:\/\/investmedic-store.com\/?product=bras-en-echarpe\" \/>\n<meta property=\"og:locale\" content=\"fr_FR\" \/>\n<meta property=\"og:type\" content=\"article\" \/>\n<meta property=\"og:title\" content=\"OC 2041 Bras En \u00c9charpe - investmedic-store.com\" \/>\n<meta property=\"og:description\" content=\"Sangle de bras (avec coussin d&#039;\u00e9paule) Aide \u00e0 suspendre l&#039;avant -\u00a0bras avec le\u00a0coude en 90\u00a0O\u00a0flexion.\u00a0Appuis au bras ou \u00e0 l&#039;\u00e9paule en cas de prise en charge conservatrice et chirurgicale des foulures, des entorses et des fractures. Commun pour la main gauche et droite\" \/>\n<meta property=\"og:url\" content=\"https:\/\/investmedic-store.com\/?product=bras-en-echarpe\" \/>\n<meta property=\"og:site_name\" content=\"investmedic-store.com\" \/>\n<meta property=\"article:publisher\" content=\"https:\/\/www.facebook.com\/invest.medic\" \/>\n<meta property=\"article:modified_time\" content=\"2023-10-08T17:03:43+00:00\" \/>\n<meta property=\"og:image\" content=\"http:\/\/investmedic-store.com\/wp-content\/uploads\/2023\/08\/Arm-Sling-Strap-With-Shoulder-Cushion.png\" \/>\n\t<meta property=\"og:image:width\" content=\"600\" \/>\n\t<meta property=\"og:image:height\" content=\"781\" \/>\n\t<meta property=\"og:image:type\" content=\"image\/png\" \/>\n<meta name=\"twitter:card\" content=\"summary_large_image\" \/>\n<meta name=\"twitter:label1\" content=\"Dur\u00e9e de lecture estim\u00e9e\" \/>\n\t<meta name=\"twitter:data1\" content=\"1 minute\" \/>\n<script type=\"application\/ld+json\" class=\"yoast-schema-graph\">{\"@context\":\"https:\/\/schema.org\",\"@graph\":[{\"@type\":\"WebPage\",\"@id\":\"https:\/\/investmedic-store.com\/?product=bras-en-echarpe\",\"url\":\"https:\/\/investmedic-store.com\/?product=bras-en-echarpe\",\"name\":\"OC 2041 Bras En \u00c9charpe - investmedic-store.com\",\"isPartOf\":{\"@id\":\"https:\/\/investmedic-store.com\/#website\"},\"datePublished\":\"2023-08-07T11:40:17+00:00\",\"dateModified\":\"2023-10-08T17:03:43+00:00\",\"breadcrumb\":{\"@id\":\"https:\/\/investmedic-store.com\/?product=bras-en-echarpe#breadcrumb\"},\"inLanguage\":\"fr-FR\",\"potentialAction\":[{\"@type\":\"ReadAction\",\"target\":[\"https:\/\/investmedic-store.com\/?product=bras-en-echarpe\"]}]},{\"@type\":\"BreadcrumbList\",\"@id\":\"https:\/\/investmedic-store.com\/?product=bras-en-echarpe#breadcrumb\",\"itemListElement\":[{\"@type\":\"ListItem\",\"position\":1,\"name\":\"Accueil\",\"item\":\"https:\/\/investmedic-store.com\/\"},{\"@type\":\"ListItem\",\"position\":2,\"name\":\"Shop\",\"item\":\"https:\/\/investmedic-store.com\/?page_id=5\"},{\"@type\":\"ListItem\",\"position\":3,\"name\":\"OC 2041 Bras En \u00c9charpe\"}]},{\"@type\":\"WebSite\",\"@id\":\"https:\/\/investmedic-store.com\/#website\",\"url\":\"https:\/\/investmedic-store.com\/\",\"name\":\"invest medic store\",\"description\":\"Importation &amp; Distribution Du Materiels Medico-Chirurgicales - \u0627\u0633\u062a\u064a\u0631\u0627\u062f \u0648\u062a\u0648\u0632\u064a\u0639 \u0627\u0644\u0645\u0648\u0627\u062f \u0627\u0644\u0637\u0628\u064a\u0629 \u0627\u0644\u062c\u0631\u0627\u062d\u064a\u0629\",\"publisher\":{\"@id\":\"https:\/\/investmedic-store.com\/#organization\"},\"alternateName\":\"investmedic store\",\"potentialAction\":[{\"@type\":\"SearchAction\",\"target\":{\"@type\":\"EntryPoint\",\"urlTemplate\":\"https:\/\/investmedic-store.com\/?s={search_term_string}\"},\"query-input\":\"required name=search_term_string\"}],\"inLanguage\":\"fr-FR\"},{\"@type\":\"Organization\",\"@id\":\"https:\/\/investmedic-store.com\/#organization\",\"name\":\"invest.medic store\",\"alternateName\":\"investmedic store\",\"url\":\"https:\/\/investmedic-store.com\/\",\"logo\":{\"@type\":\"ImageObject\",\"inLanguage\":\"fr-FR\",\"@id\":\"https:\/\/investmedic-store.com\/#\/schema\/logo\/image\/\",\"url\":\"https:\/\/investmedic-store.com\/wp-content\/uploads\/2023\/07\/cropped-LOGO_INVEST-transformed-removebg-preview-transformed-1-e1690120839263.png\",\"contentUrl\":\"https:\/\/investmedic-store.com\/wp-content\/uploads\/2023\/07\/cropped-LOGO_INVEST-transformed-removebg-preview-transformed-1-e1690120839263.png\",\"width\":512,\"height\":512,\"caption\":\"invest.medic store\"},\"image\":{\"@id\":\"https:\/\/investmedic-store.com\/#\/schema\/logo\/image\/\"},\"sameAs\":[\"https:\/\/www.facebook.com\/invest.medic\"]}]}<\/script>\n<!-- \/ Yoast SEO plugin. -->","yoast_head_json":{"title":"OC 2041 Bras En \u00c9charpe - investmedic-store.com","robots":{"index":"index","follow":"follow","max-snippet":"max-snippet:-1","max-image-preview":"max-image-preview:large","max-video-preview":"max-video-preview:-1"},"canonical":"https:\/\/investmedic-store.com\/?product=bras-en-echarpe","og_locale":"fr_FR","og_type":"article","og_title":"OC 2041 Bras En \u00c9charpe - investmedic-store.com","og_description":"Sangle de bras (avec coussin d'\u00e9paule) Aide \u00e0 suspendre l'avant -\u00a0bras avec le\u00a0coude en 90\u00a0O\u00a0flexion.\u00a0Appuis au bras ou \u00e0 l'\u00e9paule en cas de prise en charge conservatrice et chirurgicale des foulures, des entorses et des fractures. Commun pour la main gauche et droite","og_url":"https:\/\/investmedic-store.com\/?product=bras-en-echarpe","og_site_name":"investmedic-store.com","article_publisher":"https:\/\/www.facebook.com\/invest.medic","article_modified_time":"2023-10-08T17:03:43+00:00","og_image":[{"width":600,"height":781,"url":"http:\/\/investmedic-store.com\/wp-content\/uploads\/2023\/08\/Arm-Sling-Strap-With-Shoulder-Cushion.png","type":"image\/png"}],"twitter_card":"summary_large_image","twitter_misc":{"Dur\u00e9e de lecture estim\u00e9e":"1 minute"},"schema":{"@context":"https:\/\/schema.org","@graph":[{"@type":"WebPage","@id":"https:\/\/investmedic-store.com\/?product=bras-en-echarpe","url":"https:\/\/investmedic-store.com\/?product=bras-en-echarpe","name":"OC 2041 Bras En \u00c9charpe - investmedic-store.com","isPartOf":{"@id":"https:\/\/investmedic-store.com\/#website"},"datePublished":"2023-08-07T11:40:17+00:00","dateModified":"2023-10-08T17:03:43+00:00","breadcrumb":{"@id":"https:\/\/investmedic-store.com\/?product=bras-en-echarpe#breadcrumb"},"inLanguage":"fr-FR","potentialAction":[{"@type":"ReadAction","target":["https:\/\/investmedic-store.com\/?product=bras-en-echarpe"]}]},{"@type":"BreadcrumbList","@id":"https:\/\/investmedic-store.com\/?product=bras-en-echarpe#breadcrumb","itemListElement":[{"@type":"ListItem","position":1,"name":"Accueil","item":"https:\/\/investmedic-store.com\/"},{"@type":"ListItem","position":2,"name":"Shop","item":"https:\/\/investmedic-store.com\/?page_id=5"},{"@type":"ListItem","position":3,"name":"OC 2041 Bras En \u00c9charpe"}]},{"@type":"WebSite","@id":"https:\/\/investmedic-store.com\/#website","url":"https:\/\/investmedic-store.com\/","name":"invest medic store","description":"Importation &amp; Distribution Du Materiels Medico-Chirurgicales - \u0627\u0633\u062a\u064a\u0631\u0627\u062f \u0648\u062a\u0648\u0632\u064a\u0639 \u0627\u0644\u0645\u0648\u0627\u062f \u0627\u0644\u0637\u0628\u064a\u0629 \u0627\u0644\u062c\u0631\u0627\u062d\u064a\u0629","publisher":{"@id":"https:\/\/investmedic-store.com\/#organization"},"alternateName":"investmedic store","potentialAction":[{"@type":"SearchAction","target":{"@type":"EntryPoint","urlTemplate":"https:\/\/investmedic-store.com\/?s={search_term_string}"},"query-input":"required name=search_term_string"}],"inLanguage":"fr-FR"},{"@type":"Organization","@id":"https:\/\/investmedic-store.com\/#organization","name":"invest.medic store","alternateName":"investmedic store","url":"https:\/\/investmedic-store.com\/","logo":{"@type":"ImageObject","inLanguage":"fr-FR","@id":"https:\/\/investmedic-store.com\/#\/schema\/logo\/image\/","url":"https:\/\/investmedic-store.com\/wp-content\/uploads\/2023\/07\/cropped-LOGO_INVEST-transformed-removebg-preview-transformed-1-e1690120839263.png","contentUrl":"https:\/\/investmedic-store.com\/wp-content\/uploads\/2023\/07\/cropped-LOGO_INVEST-transformed-removebg-preview-transformed-1-e1690120839263.png","width":512,"height":512,"caption":"invest.medic store"},"image":{"@id":"https:\/\/investmedic-store.com\/#\/schema\/logo\/image\/"},"sameAs":["https:\/\/www.facebook.com\/invest.medic"]}]}},"_links":{"self":[{"href":"https:\/\/investmedic-store.com\/index.php?rest_route=\/wp\/v2\/product\/853"}],"collection":[{"href":"https:\/\/investmedic-store.com\/index.php?rest_route=\/wp\/v2\/product"}],"about":[{"href":"https:\/\/investmedic-store.com\/index.php?rest_route=\/wp\/v2\/types\/product"}],"replies":[{"embeddable":true,"href":"https:\/\/investmedic-store.com\/index.php?rest_route=%2Fwp%2Fv2%2Fcomments&post=853"}],"wp:featuredmedia":[{"embeddable":true,"href":"https:\/\/investmedic-store.com\/index.php?rest_route=\/wp\/v2\/media\/854"}],"wp:attachment":[{"href":"https:\/\/investmedic-store.com\/index.php?rest_route=%2Fwp%2Fv2%2Fmedia&parent=853"}],"wp:term":[{"taxonomy":"product_cat","embeddable":true,"href":"https:\/\/investmedic-store.com\/index.php?rest_route=%2Fwp%2Fv2%2Fproduct_cat&post=853"},{"taxonomy":"product_tag","embeddable":true,"href":"https:\/\/investmedic-store.com\/index.php?rest_route=%2Fwp%2Fv2%2Fproduct_tag&post=853"}],"curies":[{"name":"wp","href":"https:\/\/api.w.org\/{rel}","templated":true}]}}