{"id":731,"date":"2023-08-07T00:45:49","date_gmt":"2023-08-06T23:45:49","guid":{"rendered":"https:\/\/investmedic-store.com\/?post_type=product&#038;p=731"},"modified":"2025-08-19T11:41:46","modified_gmt":"2025-08-19T10:41:46","slug":"ceinture-de-maternite","status":"publish","type":"product","link":"https:\/\/investmedic-store.com\/?product=ceinture-de-maternite","title":{"rendered":"OC 2031 Ceinture De Maternit\u00e9"},"content":{"rendered":"<p>Soulage les douleurs dans le dos, les jambes et l&#8217;abdomen.\u00a0Soutient de mani\u00e8re naturelle.\u00a0Il soul\u00e8ve et soutient votre abdomen et transf\u00e8re le poids uniform\u00e9ment et confortablement \u00e0 votre colonne vert\u00e9brale.\u00a0Il ajoute simplement \u00e0 votre soutien naturel, r\u00e9duisant la tension sur vos tissus et fournissant un soulagement imm\u00e9diat.<\/p>\n","protected":false},"excerpt":{"rendered":"<p>Soulage les douleurs dans le dos, les jambes et l&#8217;abdomen.\u00a0Soutient de mani\u00e8re naturelle.\u00a0Il soul\u00e8ve et soutient votre abdomen et transf\u00e8re le poids uniform\u00e9ment et confortablement \u00e0 votre colonne vert\u00e9brale.\u00a0Il ajoute simplement \u00e0 votre soutien naturel, r\u00e9duisant la tension sur vos tissus et fournissant un soulagement imm\u00e9diat.<\/p>\n","protected":false},"featured_media":738,"comment_status":"open","ping_status":"closed","template":"","meta":{"om_disable_all_campaigns":false,"_joinchat":[]},"product_cat":[65,60],"product_tag":[],"yoast_head":"<!-- This site is optimized with the Yoast SEO plugin v20.12 - https:\/\/yoast.com\/wordpress\/plugins\/seo\/ -->\n<title>OC 2031 Ceinture De Maternit\u00e9 - investmedic-store.com<\/title>\n<meta name=\"robots\" content=\"index, follow, max-snippet:-1, max-image-preview:large, max-video-preview:-1\" \/>\n<link rel=\"canonical\" href=\"https:\/\/investmedic-store.com\/?product=ceinture-de-maternite\" \/>\n<meta property=\"og:locale\" content=\"fr_FR\" \/>\n<meta property=\"og:type\" content=\"article\" \/>\n<meta property=\"og:title\" content=\"OC 2031 Ceinture De Maternit\u00e9 - investmedic-store.com\" \/>\n<meta property=\"og:description\" content=\"Soulage les douleurs dans le dos, les jambes et l&#8217;abdomen.\u00a0Soutient de mani\u00e8re naturelle.\u00a0Il soul\u00e8ve et soutient votre abdomen et transf\u00e8re le poids uniform\u00e9ment et confortablement \u00e0 votre colonne vert\u00e9brale.\u00a0Il ajoute simplement \u00e0 votre soutien naturel, r\u00e9duisant la tension sur vos tissus et fournissant un soulagement imm\u00e9diat.\" \/>\n<meta property=\"og:url\" content=\"https:\/\/investmedic-store.com\/?product=ceinture-de-maternite\" \/>\n<meta property=\"og:site_name\" content=\"investmedic-store.com\" \/>\n<meta property=\"article:publisher\" content=\"https:\/\/www.facebook.com\/invest.medic\" \/>\n<meta property=\"article:modified_time\" content=\"2025-08-19T10:41:46+00:00\" \/>\n<meta property=\"og:image\" content=\"http:\/\/investmedic-store.com\/wp-content\/uploads\/2023\/08\/Maternity-Belt.png\" \/>\n\t<meta property=\"og:image:width\" content=\"600\" \/>\n\t<meta property=\"og:image:height\" content=\"723\" \/>\n\t<meta property=\"og:image:type\" content=\"image\/png\" \/>\n<meta name=\"twitter:card\" content=\"summary_large_image\" \/>\n<meta name=\"twitter:label1\" content=\"Dur\u00e9e de lecture estim\u00e9e\" \/>\n\t<meta name=\"twitter:data1\" content=\"1 minute\" \/>\n<script type=\"application\/ld+json\" class=\"yoast-schema-graph\">{\"@context\":\"https:\/\/schema.org\",\"@graph\":[{\"@type\":\"WebPage\",\"@id\":\"https:\/\/investmedic-store.com\/?product=ceinture-de-maternite\",\"url\":\"https:\/\/investmedic-store.com\/?product=ceinture-de-maternite\",\"name\":\"OC 2031 Ceinture De Maternit\u00e9 - investmedic-store.com\",\"isPartOf\":{\"@id\":\"https:\/\/investmedic-store.com\/#website\"},\"datePublished\":\"2023-08-06T23:45:49+00:00\",\"dateModified\":\"2025-08-19T10:41:46+00:00\",\"breadcrumb\":{\"@id\":\"https:\/\/investmedic-store.com\/?product=ceinture-de-maternite#breadcrumb\"},\"inLanguage\":\"fr-FR\",\"potentialAction\":[{\"@type\":\"ReadAction\",\"target\":[\"https:\/\/investmedic-store.com\/?product=ceinture-de-maternite\"]}]},{\"@type\":\"BreadcrumbList\",\"@id\":\"https:\/\/investmedic-store.com\/?product=ceinture-de-maternite#breadcrumb\",\"itemListElement\":[{\"@type\":\"ListItem\",\"position\":1,\"name\":\"Accueil\",\"item\":\"https:\/\/investmedic-store.com\/\"},{\"@type\":\"ListItem\",\"position\":2,\"name\":\"Shop\",\"item\":\"https:\/\/investmedic-store.com\/?page_id=5\"},{\"@type\":\"ListItem\",\"position\":3,\"name\":\"OC 2031 Ceinture De Maternit\u00e9\"}]},{\"@type\":\"WebSite\",\"@id\":\"https:\/\/investmedic-store.com\/#website\",\"url\":\"https:\/\/investmedic-store.com\/\",\"name\":\"invest medic store\",\"description\":\"Importation &amp; Distribution Du Materiels Medico-Chirurgicales - \u0627\u0633\u062a\u064a\u0631\u0627\u062f \u0648\u062a\u0648\u0632\u064a\u0639 \u0627\u0644\u0645\u0648\u0627\u062f \u0627\u0644\u0637\u0628\u064a\u0629 \u0627\u0644\u062c\u0631\u0627\u062d\u064a\u0629\",\"publisher\":{\"@id\":\"https:\/\/investmedic-store.com\/#organization\"},\"alternateName\":\"investmedic store\",\"potentialAction\":[{\"@type\":\"SearchAction\",\"target\":{\"@type\":\"EntryPoint\",\"urlTemplate\":\"https:\/\/investmedic-store.com\/?s={search_term_string}\"},\"query-input\":\"required name=search_term_string\"}],\"inLanguage\":\"fr-FR\"},{\"@type\":\"Organization\",\"@id\":\"https:\/\/investmedic-store.com\/#organization\",\"name\":\"invest.medic store\",\"alternateName\":\"investmedic store\",\"url\":\"https:\/\/investmedic-store.com\/\",\"logo\":{\"@type\":\"ImageObject\",\"inLanguage\":\"fr-FR\",\"@id\":\"https:\/\/investmedic-store.com\/#\/schema\/logo\/image\/\",\"url\":\"https:\/\/investmedic-store.com\/wp-content\/uploads\/2023\/07\/cropped-LOGO_INVEST-transformed-removebg-preview-transformed-1-e1690120839263.png\",\"contentUrl\":\"https:\/\/investmedic-store.com\/wp-content\/uploads\/2023\/07\/cropped-LOGO_INVEST-transformed-removebg-preview-transformed-1-e1690120839263.png\",\"width\":512,\"height\":512,\"caption\":\"invest.medic store\"},\"image\":{\"@id\":\"https:\/\/investmedic-store.com\/#\/schema\/logo\/image\/\"},\"sameAs\":[\"https:\/\/www.facebook.com\/invest.medic\"]}]}<\/script>\n<!-- \/ Yoast SEO plugin. -->","yoast_head_json":{"title":"OC 2031 Ceinture De Maternit\u00e9 - investmedic-store.com","robots":{"index":"index","follow":"follow","max-snippet":"max-snippet:-1","max-image-preview":"max-image-preview:large","max-video-preview":"max-video-preview:-1"},"canonical":"https:\/\/investmedic-store.com\/?product=ceinture-de-maternite","og_locale":"fr_FR","og_type":"article","og_title":"OC 2031 Ceinture De Maternit\u00e9 - investmedic-store.com","og_description":"Soulage les douleurs dans le dos, les jambes et l&#8217;abdomen.\u00a0Soutient de mani\u00e8re naturelle.\u00a0Il soul\u00e8ve et soutient votre abdomen et transf\u00e8re le poids uniform\u00e9ment et confortablement \u00e0 votre colonne vert\u00e9brale.\u00a0Il ajoute simplement \u00e0 votre soutien naturel, r\u00e9duisant la tension sur vos tissus et fournissant un soulagement imm\u00e9diat.","og_url":"https:\/\/investmedic-store.com\/?product=ceinture-de-maternite","og_site_name":"investmedic-store.com","article_publisher":"https:\/\/www.facebook.com\/invest.medic","article_modified_time":"2025-08-19T10:41:46+00:00","og_image":[{"width":600,"height":723,"url":"http:\/\/investmedic-store.com\/wp-content\/uploads\/2023\/08\/Maternity-Belt.png","type":"image\/png"}],"twitter_card":"summary_large_image","twitter_misc":{"Dur\u00e9e de lecture estim\u00e9e":"1 minute"},"schema":{"@context":"https:\/\/schema.org","@graph":[{"@type":"WebPage","@id":"https:\/\/investmedic-store.com\/?product=ceinture-de-maternite","url":"https:\/\/investmedic-store.com\/?product=ceinture-de-maternite","name":"OC 2031 Ceinture De Maternit\u00e9 - investmedic-store.com","isPartOf":{"@id":"https:\/\/investmedic-store.com\/#website"},"datePublished":"2023-08-06T23:45:49+00:00","dateModified":"2025-08-19T10:41:46+00:00","breadcrumb":{"@id":"https:\/\/investmedic-store.com\/?product=ceinture-de-maternite#breadcrumb"},"inLanguage":"fr-FR","potentialAction":[{"@type":"ReadAction","target":["https:\/\/investmedic-store.com\/?product=ceinture-de-maternite"]}]},{"@type":"BreadcrumbList","@id":"https:\/\/investmedic-store.com\/?product=ceinture-de-maternite#breadcrumb","itemListElement":[{"@type":"ListItem","position":1,"name":"Accueil","item":"https:\/\/investmedic-store.com\/"},{"@type":"ListItem","position":2,"name":"Shop","item":"https:\/\/investmedic-store.com\/?page_id=5"},{"@type":"ListItem","position":3,"name":"OC 2031 Ceinture De Maternit\u00e9"}]},{"@type":"WebSite","@id":"https:\/\/investmedic-store.com\/#website","url":"https:\/\/investmedic-store.com\/","name":"invest medic store","description":"Importation &amp; Distribution Du Materiels Medico-Chirurgicales - \u0627\u0633\u062a\u064a\u0631\u0627\u062f \u0648\u062a\u0648\u0632\u064a\u0639 \u0627\u0644\u0645\u0648\u0627\u062f \u0627\u0644\u0637\u0628\u064a\u0629 \u0627\u0644\u062c\u0631\u0627\u062d\u064a\u0629","publisher":{"@id":"https:\/\/investmedic-store.com\/#organization"},"alternateName":"investmedic store","potentialAction":[{"@type":"SearchAction","target":{"@type":"EntryPoint","urlTemplate":"https:\/\/investmedic-store.com\/?s={search_term_string}"},"query-input":"required name=search_term_string"}],"inLanguage":"fr-FR"},{"@type":"Organization","@id":"https:\/\/investmedic-store.com\/#organization","name":"invest.medic store","alternateName":"investmedic store","url":"https:\/\/investmedic-store.com\/","logo":{"@type":"ImageObject","inLanguage":"fr-FR","@id":"https:\/\/investmedic-store.com\/#\/schema\/logo\/image\/","url":"https:\/\/investmedic-store.com\/wp-content\/uploads\/2023\/07\/cropped-LOGO_INVEST-transformed-removebg-preview-transformed-1-e1690120839263.png","contentUrl":"https:\/\/investmedic-store.com\/wp-content\/uploads\/2023\/07\/cropped-LOGO_INVEST-transformed-removebg-preview-transformed-1-e1690120839263.png","width":512,"height":512,"caption":"invest.medic store"},"image":{"@id":"https:\/\/investmedic-store.com\/#\/schema\/logo\/image\/"},"sameAs":["https:\/\/www.facebook.com\/invest.medic"]}]}},"_links":{"self":[{"href":"https:\/\/investmedic-store.com\/index.php?rest_route=\/wp\/v2\/product\/731"}],"collection":[{"href":"https:\/\/investmedic-store.com\/index.php?rest_route=\/wp\/v2\/product"}],"about":[{"href":"https:\/\/investmedic-store.com\/index.php?rest_route=\/wp\/v2\/types\/product"}],"replies":[{"embeddable":true,"href":"https:\/\/investmedic-store.com\/index.php?rest_route=%2Fwp%2Fv2%2Fcomments&post=731"}],"wp:featuredmedia":[{"embeddable":true,"href":"https:\/\/investmedic-store.com\/index.php?rest_route=\/wp\/v2\/media\/738"}],"wp:attachment":[{"href":"https:\/\/investmedic-store.com\/index.php?rest_route=%2Fwp%2Fv2%2Fmedia&parent=731"}],"wp:term":[{"taxonomy":"product_cat","embeddable":true,"href":"https:\/\/investmedic-store.com\/index.php?rest_route=%2Fwp%2Fv2%2Fproduct_cat&post=731"},{"taxonomy":"product_tag","embeddable":true,"href":"https:\/\/investmedic-store.com\/index.php?rest_route=%2Fwp%2Fv2%2Fproduct_tag&post=731"}],"curies":[{"name":"wp","href":"https:\/\/api.w.org\/{rel}","templated":true}]}}