{"id":626,"date":"2023-08-06T15:44:33","date_gmt":"2023-08-06T14:44:33","guid":{"rendered":"https:\/\/investmedic-store.com\/?post_type=product&#038;p=626"},"modified":"2025-08-23T10:25:04","modified_gmt":"2025-08-23T09:25:04","slug":"ceinture-dextension-colonne-vertebrale","status":"publish","type":"product","link":"https:\/\/investmedic-store.com\/?product=ceinture-dextension-colonne-vertebrale","title":{"rendered":"OC 2129 Ceinture D\u2019extension Colonne Vert\u00e9brale"},"content":{"rendered":"<h2>Hyper Extension Extension<\/h2>\n<p>Il est l\u00e9ger, ajustable, confortable et facile \u00e0 appliquer avec une bande velcro et un agencement coulissant.\u00a0Une attelle d\u2019hyperextension se compose d\u2019un cadre m\u00e9tallique rectangulaire qui recouvre l\u2019avant du corps et exerce une pression sur la poitrine et le pubis et maintient la colonne vert\u00e9brale en extension.\u00a0Une orth\u00e8se d&#8217;hyperextension avec 3 coussinets aide \u00e0 stabiliser la colonne vert\u00e9brale et \u00e0 emp\u00eacher tout mouvement en avant.\u00a0Un coussinet est situ\u00e9 le long des abdominaux, un autre plus haut sur la poitrine et le troisi\u00e8me coussinet est \u00e0 l&#8217;arri\u00e8re, couvre la zone touch\u00e9e et limite la flexion vers l&#8217;avant.\u00a0Il est recommand\u00e9 dans les cas de fractures stables non d\u00e9plac\u00e9es et de fractures (de compression) des vert\u00e8bres thoraciques inf\u00e9rieures et lombaires sup\u00e9rieures, de toute complication de la jonction thoraco-lombaire n\u00e9cessitant une discopathie d&#8217;immobilisation mod\u00e9r\u00e9e, afin de pr\u00e9venir une d\u00e9formation de la spondylarthrite ankylosante,<\/p>\n","protected":false},"excerpt":{"rendered":"<p>Hyper Extension Extension Il est l\u00e9ger, ajustable, confortable et facile \u00e0 appliquer avec une bande velcro et un agencement coulissant.\u00a0Une attelle d\u2019hyperextension se compose d\u2019un cadre m\u00e9tallique rectangulaire qui recouvre l\u2019avant du corps et exerce une pression sur la poitrine et le pubis et maintient la colonne vert\u00e9brale en extension.\u00a0Une orth\u00e8se d&#8217;hyperextension avec 3 coussinets &hellip;<\/p>\n<p class=\"read-more\"> <a class=\" thunk-readmore button \" href=\"https:\/\/investmedic-store.com\/?product=ceinture-dextension-colonne-vertebrale\"> <span class=\"screen-reader-text\">OC 2129 Ceinture D\u2019extension Colonne Vert\u00e9brale<\/span>Read More<\/a><\/p>\n","protected":false},"featured_media":630,"comment_status":"open","ping_status":"closed","template":"","meta":{"om_disable_all_campaigns":false,"_joinchat":[]},"product_cat":[60,82],"product_tag":[],"yoast_head":"<!-- This site is optimized with the Yoast SEO plugin v20.12 - https:\/\/yoast.com\/wordpress\/plugins\/seo\/ -->\n<title>OC 2129 Ceinture D\u2019extension Colonne Vert\u00e9brale - investmedic-store.com<\/title>\n<meta name=\"robots\" content=\"index, follow, max-snippet:-1, max-image-preview:large, max-video-preview:-1\" \/>\n<link rel=\"canonical\" href=\"https:\/\/investmedic-store.com\/?product=ceinture-dextension-colonne-vertebrale\" \/>\n<meta property=\"og:locale\" content=\"fr_FR\" \/>\n<meta property=\"og:type\" content=\"article\" \/>\n<meta property=\"og:title\" content=\"OC 2129 Ceinture D\u2019extension Colonne Vert\u00e9brale - investmedic-store.com\" \/>\n<meta property=\"og:description\" content=\"Hyper Extension Extension Il est l\u00e9ger, ajustable, confortable et facile \u00e0 appliquer avec une bande velcro et un agencement coulissant.\u00a0Une attelle d\u2019hyperextension se compose d\u2019un cadre m\u00e9tallique rectangulaire qui recouvre l\u2019avant du corps et exerce une pression sur la poitrine et le pubis et maintient la colonne vert\u00e9brale en extension.\u00a0Une orth\u00e8se d&#8217;hyperextension avec 3 coussinets &hellip; OC 2129 Ceinture D\u2019extension Colonne Vert\u00e9braleRead More\" \/>\n<meta property=\"og:url\" content=\"https:\/\/investmedic-store.com\/?product=ceinture-dextension-colonne-vertebrale\" \/>\n<meta property=\"og:site_name\" content=\"investmedic-store.com\" \/>\n<meta property=\"article:publisher\" content=\"https:\/\/www.facebook.com\/invest.medic\" \/>\n<meta property=\"article:modified_time\" content=\"2025-08-23T09:25:04+00:00\" \/>\n<meta property=\"og:image\" content=\"http:\/\/investmedic-store.com\/wp-content\/uploads\/2023\/08\/Hyper-Extension-Brace.png\" \/>\n\t<meta property=\"og:image:width\" content=\"600\" \/>\n\t<meta property=\"og:image:height\" content=\"735\" \/>\n\t<meta property=\"og:image:type\" content=\"image\/png\" \/>\n<meta name=\"twitter:card\" content=\"summary_large_image\" \/>\n<meta name=\"twitter:label1\" content=\"Dur\u00e9e de lecture estim\u00e9e\" \/>\n\t<meta name=\"twitter:data1\" content=\"1 minute\" \/>\n<script type=\"application\/ld+json\" class=\"yoast-schema-graph\">{\"@context\":\"https:\/\/schema.org\",\"@graph\":[{\"@type\":\"WebPage\",\"@id\":\"https:\/\/investmedic-store.com\/?product=ceinture-dextension-colonne-vertebrale\",\"url\":\"https:\/\/investmedic-store.com\/?product=ceinture-dextension-colonne-vertebrale\",\"name\":\"OC 2129 Ceinture D\u2019extension Colonne Vert\u00e9brale - investmedic-store.com\",\"isPartOf\":{\"@id\":\"https:\/\/investmedic-store.com\/#website\"},\"datePublished\":\"2023-08-06T14:44:33+00:00\",\"dateModified\":\"2025-08-23T09:25:04+00:00\",\"breadcrumb\":{\"@id\":\"https:\/\/investmedic-store.com\/?product=ceinture-dextension-colonne-vertebrale#breadcrumb\"},\"inLanguage\":\"fr-FR\",\"potentialAction\":[{\"@type\":\"ReadAction\",\"target\":[\"https:\/\/investmedic-store.com\/?product=ceinture-dextension-colonne-vertebrale\"]}]},{\"@type\":\"BreadcrumbList\",\"@id\":\"https:\/\/investmedic-store.com\/?product=ceinture-dextension-colonne-vertebrale#breadcrumb\",\"itemListElement\":[{\"@type\":\"ListItem\",\"position\":1,\"name\":\"Accueil\",\"item\":\"https:\/\/investmedic-store.com\/\"},{\"@type\":\"ListItem\",\"position\":2,\"name\":\"Shop\",\"item\":\"https:\/\/investmedic-store.com\/?page_id=5\"},{\"@type\":\"ListItem\",\"position\":3,\"name\":\"OC 2129 Ceinture D\u2019extension Colonne Vert\u00e9brale\"}]},{\"@type\":\"WebSite\",\"@id\":\"https:\/\/investmedic-store.com\/#website\",\"url\":\"https:\/\/investmedic-store.com\/\",\"name\":\"invest medic store\",\"description\":\"Importation &amp; Distribution Du Materiels Medico-Chirurgicales - \u0627\u0633\u062a\u064a\u0631\u0627\u062f \u0648\u062a\u0648\u0632\u064a\u0639 \u0627\u0644\u0645\u0648\u0627\u062f \u0627\u0644\u0637\u0628\u064a\u0629 \u0627\u0644\u062c\u0631\u0627\u062d\u064a\u0629\",\"publisher\":{\"@id\":\"https:\/\/investmedic-store.com\/#organization\"},\"alternateName\":\"investmedic store\",\"potentialAction\":[{\"@type\":\"SearchAction\",\"target\":{\"@type\":\"EntryPoint\",\"urlTemplate\":\"https:\/\/investmedic-store.com\/?s={search_term_string}\"},\"query-input\":\"required name=search_term_string\"}],\"inLanguage\":\"fr-FR\"},{\"@type\":\"Organization\",\"@id\":\"https:\/\/investmedic-store.com\/#organization\",\"name\":\"invest.medic store\",\"alternateName\":\"investmedic store\",\"url\":\"https:\/\/investmedic-store.com\/\",\"logo\":{\"@type\":\"ImageObject\",\"inLanguage\":\"fr-FR\",\"@id\":\"https:\/\/investmedic-store.com\/#\/schema\/logo\/image\/\",\"url\":\"https:\/\/investmedic-store.com\/wp-content\/uploads\/2023\/07\/cropped-LOGO_INVEST-transformed-removebg-preview-transformed-1-e1690120839263.png\",\"contentUrl\":\"https:\/\/investmedic-store.com\/wp-content\/uploads\/2023\/07\/cropped-LOGO_INVEST-transformed-removebg-preview-transformed-1-e1690120839263.png\",\"width\":512,\"height\":512,\"caption\":\"invest.medic store\"},\"image\":{\"@id\":\"https:\/\/investmedic-store.com\/#\/schema\/logo\/image\/\"},\"sameAs\":[\"https:\/\/www.facebook.com\/invest.medic\"]}]}<\/script>\n<!-- \/ Yoast SEO plugin. -->","yoast_head_json":{"title":"OC 2129 Ceinture D\u2019extension Colonne Vert\u00e9brale - investmedic-store.com","robots":{"index":"index","follow":"follow","max-snippet":"max-snippet:-1","max-image-preview":"max-image-preview:large","max-video-preview":"max-video-preview:-1"},"canonical":"https:\/\/investmedic-store.com\/?product=ceinture-dextension-colonne-vertebrale","og_locale":"fr_FR","og_type":"article","og_title":"OC 2129 Ceinture D\u2019extension Colonne Vert\u00e9brale - investmedic-store.com","og_description":"Hyper Extension Extension Il est l\u00e9ger, ajustable, confortable et facile \u00e0 appliquer avec une bande velcro et un agencement coulissant.\u00a0Une attelle d\u2019hyperextension se compose d\u2019un cadre m\u00e9tallique rectangulaire qui recouvre l\u2019avant du corps et exerce une pression sur la poitrine et le pubis et maintient la colonne vert\u00e9brale en extension.\u00a0Une orth\u00e8se d&#8217;hyperextension avec 3 coussinets &hellip; OC 2129 Ceinture D\u2019extension Colonne Vert\u00e9braleRead More","og_url":"https:\/\/investmedic-store.com\/?product=ceinture-dextension-colonne-vertebrale","og_site_name":"investmedic-store.com","article_publisher":"https:\/\/www.facebook.com\/invest.medic","article_modified_time":"2025-08-23T09:25:04+00:00","og_image":[{"width":600,"height":735,"url":"http:\/\/investmedic-store.com\/wp-content\/uploads\/2023\/08\/Hyper-Extension-Brace.png","type":"image\/png"}],"twitter_card":"summary_large_image","twitter_misc":{"Dur\u00e9e de lecture estim\u00e9e":"1 minute"},"schema":{"@context":"https:\/\/schema.org","@graph":[{"@type":"WebPage","@id":"https:\/\/investmedic-store.com\/?product=ceinture-dextension-colonne-vertebrale","url":"https:\/\/investmedic-store.com\/?product=ceinture-dextension-colonne-vertebrale","name":"OC 2129 Ceinture D\u2019extension Colonne Vert\u00e9brale - investmedic-store.com","isPartOf":{"@id":"https:\/\/investmedic-store.com\/#website"},"datePublished":"2023-08-06T14:44:33+00:00","dateModified":"2025-08-23T09:25:04+00:00","breadcrumb":{"@id":"https:\/\/investmedic-store.com\/?product=ceinture-dextension-colonne-vertebrale#breadcrumb"},"inLanguage":"fr-FR","potentialAction":[{"@type":"ReadAction","target":["https:\/\/investmedic-store.com\/?product=ceinture-dextension-colonne-vertebrale"]}]},{"@type":"BreadcrumbList","@id":"https:\/\/investmedic-store.com\/?product=ceinture-dextension-colonne-vertebrale#breadcrumb","itemListElement":[{"@type":"ListItem","position":1,"name":"Accueil","item":"https:\/\/investmedic-store.com\/"},{"@type":"ListItem","position":2,"name":"Shop","item":"https:\/\/investmedic-store.com\/?page_id=5"},{"@type":"ListItem","position":3,"name":"OC 2129 Ceinture D\u2019extension Colonne Vert\u00e9brale"}]},{"@type":"WebSite","@id":"https:\/\/investmedic-store.com\/#website","url":"https:\/\/investmedic-store.com\/","name":"invest medic store","description":"Importation &amp; Distribution Du Materiels Medico-Chirurgicales - \u0627\u0633\u062a\u064a\u0631\u0627\u062f \u0648\u062a\u0648\u0632\u064a\u0639 \u0627\u0644\u0645\u0648\u0627\u062f \u0627\u0644\u0637\u0628\u064a\u0629 \u0627\u0644\u062c\u0631\u0627\u062d\u064a\u0629","publisher":{"@id":"https:\/\/investmedic-store.com\/#organization"},"alternateName":"investmedic store","potentialAction":[{"@type":"SearchAction","target":{"@type":"EntryPoint","urlTemplate":"https:\/\/investmedic-store.com\/?s={search_term_string}"},"query-input":"required name=search_term_string"}],"inLanguage":"fr-FR"},{"@type":"Organization","@id":"https:\/\/investmedic-store.com\/#organization","name":"invest.medic store","alternateName":"investmedic store","url":"https:\/\/investmedic-store.com\/","logo":{"@type":"ImageObject","inLanguage":"fr-FR","@id":"https:\/\/investmedic-store.com\/#\/schema\/logo\/image\/","url":"https:\/\/investmedic-store.com\/wp-content\/uploads\/2023\/07\/cropped-LOGO_INVEST-transformed-removebg-preview-transformed-1-e1690120839263.png","contentUrl":"https:\/\/investmedic-store.com\/wp-content\/uploads\/2023\/07\/cropped-LOGO_INVEST-transformed-removebg-preview-transformed-1-e1690120839263.png","width":512,"height":512,"caption":"invest.medic store"},"image":{"@id":"https:\/\/investmedic-store.com\/#\/schema\/logo\/image\/"},"sameAs":["https:\/\/www.facebook.com\/invest.medic"]}]}},"_links":{"self":[{"href":"https:\/\/investmedic-store.com\/index.php?rest_route=\/wp\/v2\/product\/626"}],"collection":[{"href":"https:\/\/investmedic-store.com\/index.php?rest_route=\/wp\/v2\/product"}],"about":[{"href":"https:\/\/investmedic-store.com\/index.php?rest_route=\/wp\/v2\/types\/product"}],"replies":[{"embeddable":true,"href":"https:\/\/investmedic-store.com\/index.php?rest_route=%2Fwp%2Fv2%2Fcomments&post=626"}],"wp:featuredmedia":[{"embeddable":true,"href":"https:\/\/investmedic-store.com\/index.php?rest_route=\/wp\/v2\/media\/630"}],"wp:attachment":[{"href":"https:\/\/investmedic-store.com\/index.php?rest_route=%2Fwp%2Fv2%2Fmedia&parent=626"}],"wp:term":[{"taxonomy":"product_cat","embeddable":true,"href":"https:\/\/investmedic-store.com\/index.php?rest_route=%2Fwp%2Fv2%2Fproduct_cat&post=626"},{"taxonomy":"product_tag","embeddable":true,"href":"https:\/\/investmedic-store.com\/index.php?rest_route=%2Fwp%2Fv2%2Fproduct_tag&post=626"}],"curies":[{"name":"wp","href":"https:\/\/api.w.org\/{rel}","templated":true}]}}