{"id":599,"date":"2023-08-06T14:46:49","date_gmt":"2023-08-06T13:46:49","guid":{"rendered":"https:\/\/investmedic-store.com\/?post_type=product&#038;p=599"},"modified":"2023-10-08T16:06:35","modified_gmt":"2023-10-08T15:06:35","slug":"oreiller-contourne","status":"publish","type":"product","link":"https:\/\/investmedic-store.com\/?product=oreiller-contourne","title":{"rendered":"OC 2147 Oreiller Contourn\u00e9"},"content":{"rendered":"<h2>Oreiller profil\u00e9<\/h2>\n<p>Il a un design unique de hauteur diff\u00e9rente sur deux c\u00f4t\u00e9s.\u00a0Fournit un soutien th\u00e9rapeutique aidant \u00e0 dormir en bonne sant\u00e9.\u00a0Soutient les muscles et les ligaments du cou avec fermet\u00e9 et r\u00e9silience, tout en douceur et confort.\u00a0Maintient l&#8217;alignement optimal de la colonne vert\u00e9brale et convient aux personnes qui dorment sur le dos et les c\u00f4t\u00e9s.<\/p>\n","protected":false},"excerpt":{"rendered":"<h2>Oreiller profil\u00e9<\/h2>\n<p>Il a un design unique de hauteur diff\u00e9rente sur deux c\u00f4t\u00e9s.\u00a0Fournit un soutien th\u00e9rapeutique aidant \u00e0 dormir en bonne sant\u00e9.\u00a0Soutient les muscles et les ligaments du cou avec fermet\u00e9 et r\u00e9silience, tout en douceur et confort.\u00a0Maintient l&#8217;alignement optimal de la colonne vert\u00e9brale et convient aux personnes qui dorment sur le dos et les c\u00f4t\u00e9s.<\/p>\n","protected":false},"featured_media":600,"comment_status":"open","ping_status":"closed","template":"","meta":{"om_disable_all_campaigns":false,"_joinchat":[]},"product_cat":[70,60],"product_tag":[],"yoast_head":"<!-- This site is optimized with the Yoast SEO plugin v20.12 - https:\/\/yoast.com\/wordpress\/plugins\/seo\/ -->\n<title>OC 2147 Oreiller Contourn\u00e9 - investmedic-store.com<\/title>\n<meta name=\"robots\" content=\"index, follow, max-snippet:-1, max-image-preview:large, max-video-preview:-1\" \/>\n<link rel=\"canonical\" href=\"https:\/\/investmedic-store.com\/?product=oreiller-contourne\" \/>\n<meta property=\"og:locale\" content=\"fr_FR\" \/>\n<meta property=\"og:type\" content=\"article\" \/>\n<meta property=\"og:title\" content=\"OC 2147 Oreiller Contourn\u00e9 - investmedic-store.com\" \/>\n<meta property=\"og:description\" content=\"Oreiller profil\u00e9 Il a un design unique de hauteur diff\u00e9rente sur deux c\u00f4t\u00e9s.\u00a0Fournit un soutien th\u00e9rapeutique aidant \u00e0 dormir en bonne sant\u00e9.\u00a0Soutient les muscles et les ligaments du cou avec fermet\u00e9 et r\u00e9silience, tout en douceur et confort.\u00a0Maintient l&#039;alignement optimal de la colonne vert\u00e9brale et convient aux personnes qui dorment sur le dos et les c\u00f4t\u00e9s.\" \/>\n<meta property=\"og:url\" content=\"https:\/\/investmedic-store.com\/?product=oreiller-contourne\" \/>\n<meta property=\"og:site_name\" content=\"investmedic-store.com\" \/>\n<meta property=\"article:publisher\" content=\"https:\/\/www.facebook.com\/invest.medic\" \/>\n<meta property=\"article:modified_time\" content=\"2023-10-08T15:06:35+00:00\" \/>\n<meta property=\"og:image\" content=\"http:\/\/investmedic-store.com\/wp-content\/uploads\/2023\/08\/Contoured-Pillow.png\" \/>\n\t<meta property=\"og:image:width\" content=\"600\" \/>\n\t<meta property=\"og:image:height\" content=\"709\" \/>\n\t<meta property=\"og:image:type\" content=\"image\/png\" \/>\n<meta name=\"twitter:card\" content=\"summary_large_image\" \/>\n<meta name=\"twitter:label1\" content=\"Dur\u00e9e de lecture estim\u00e9e\" \/>\n\t<meta name=\"twitter:data1\" content=\"1 minute\" \/>\n<script type=\"application\/ld+json\" class=\"yoast-schema-graph\">{\"@context\":\"https:\/\/schema.org\",\"@graph\":[{\"@type\":\"WebPage\",\"@id\":\"https:\/\/investmedic-store.com\/?product=oreiller-contourne\",\"url\":\"https:\/\/investmedic-store.com\/?product=oreiller-contourne\",\"name\":\"OC 2147 Oreiller Contourn\u00e9 - investmedic-store.com\",\"isPartOf\":{\"@id\":\"https:\/\/investmedic-store.com\/#website\"},\"datePublished\":\"2023-08-06T13:46:49+00:00\",\"dateModified\":\"2023-10-08T15:06:35+00:00\",\"breadcrumb\":{\"@id\":\"https:\/\/investmedic-store.com\/?product=oreiller-contourne#breadcrumb\"},\"inLanguage\":\"fr-FR\",\"potentialAction\":[{\"@type\":\"ReadAction\",\"target\":[\"https:\/\/investmedic-store.com\/?product=oreiller-contourne\"]}]},{\"@type\":\"BreadcrumbList\",\"@id\":\"https:\/\/investmedic-store.com\/?product=oreiller-contourne#breadcrumb\",\"itemListElement\":[{\"@type\":\"ListItem\",\"position\":1,\"name\":\"Accueil\",\"item\":\"https:\/\/investmedic-store.com\/\"},{\"@type\":\"ListItem\",\"position\":2,\"name\":\"Shop\",\"item\":\"https:\/\/investmedic-store.com\/?page_id=5\"},{\"@type\":\"ListItem\",\"position\":3,\"name\":\"OC 2147 Oreiller Contourn\u00e9\"}]},{\"@type\":\"WebSite\",\"@id\":\"https:\/\/investmedic-store.com\/#website\",\"url\":\"https:\/\/investmedic-store.com\/\",\"name\":\"invest medic store\",\"description\":\"Importation &amp; Distribution Du Materiels Medico-Chirurgicales - \u0627\u0633\u062a\u064a\u0631\u0627\u062f \u0648\u062a\u0648\u0632\u064a\u0639 \u0627\u0644\u0645\u0648\u0627\u062f \u0627\u0644\u0637\u0628\u064a\u0629 \u0627\u0644\u062c\u0631\u0627\u062d\u064a\u0629\",\"publisher\":{\"@id\":\"https:\/\/investmedic-store.com\/#organization\"},\"alternateName\":\"investmedic store\",\"potentialAction\":[{\"@type\":\"SearchAction\",\"target\":{\"@type\":\"EntryPoint\",\"urlTemplate\":\"https:\/\/investmedic-store.com\/?s={search_term_string}\"},\"query-input\":\"required name=search_term_string\"}],\"inLanguage\":\"fr-FR\"},{\"@type\":\"Organization\",\"@id\":\"https:\/\/investmedic-store.com\/#organization\",\"name\":\"invest.medic store\",\"alternateName\":\"investmedic store\",\"url\":\"https:\/\/investmedic-store.com\/\",\"logo\":{\"@type\":\"ImageObject\",\"inLanguage\":\"fr-FR\",\"@id\":\"https:\/\/investmedic-store.com\/#\/schema\/logo\/image\/\",\"url\":\"https:\/\/investmedic-store.com\/wp-content\/uploads\/2023\/07\/cropped-LOGO_INVEST-transformed-removebg-preview-transformed-1-e1690120839263.png\",\"contentUrl\":\"https:\/\/investmedic-store.com\/wp-content\/uploads\/2023\/07\/cropped-LOGO_INVEST-transformed-removebg-preview-transformed-1-e1690120839263.png\",\"width\":512,\"height\":512,\"caption\":\"invest.medic store\"},\"image\":{\"@id\":\"https:\/\/investmedic-store.com\/#\/schema\/logo\/image\/\"},\"sameAs\":[\"https:\/\/www.facebook.com\/invest.medic\"]}]}<\/script>\n<!-- \/ Yoast SEO plugin. -->","yoast_head_json":{"title":"OC 2147 Oreiller Contourn\u00e9 - investmedic-store.com","robots":{"index":"index","follow":"follow","max-snippet":"max-snippet:-1","max-image-preview":"max-image-preview:large","max-video-preview":"max-video-preview:-1"},"canonical":"https:\/\/investmedic-store.com\/?product=oreiller-contourne","og_locale":"fr_FR","og_type":"article","og_title":"OC 2147 Oreiller Contourn\u00e9 - investmedic-store.com","og_description":"Oreiller profil\u00e9 Il a un design unique de hauteur diff\u00e9rente sur deux c\u00f4t\u00e9s.\u00a0Fournit un soutien th\u00e9rapeutique aidant \u00e0 dormir en bonne sant\u00e9.\u00a0Soutient les muscles et les ligaments du cou avec fermet\u00e9 et r\u00e9silience, tout en douceur et confort.\u00a0Maintient l'alignement optimal de la colonne vert\u00e9brale et convient aux personnes qui dorment sur le dos et les c\u00f4t\u00e9s.","og_url":"https:\/\/investmedic-store.com\/?product=oreiller-contourne","og_site_name":"investmedic-store.com","article_publisher":"https:\/\/www.facebook.com\/invest.medic","article_modified_time":"2023-10-08T15:06:35+00:00","og_image":[{"width":600,"height":709,"url":"http:\/\/investmedic-store.com\/wp-content\/uploads\/2023\/08\/Contoured-Pillow.png","type":"image\/png"}],"twitter_card":"summary_large_image","twitter_misc":{"Dur\u00e9e de lecture estim\u00e9e":"1 minute"},"schema":{"@context":"https:\/\/schema.org","@graph":[{"@type":"WebPage","@id":"https:\/\/investmedic-store.com\/?product=oreiller-contourne","url":"https:\/\/investmedic-store.com\/?product=oreiller-contourne","name":"OC 2147 Oreiller Contourn\u00e9 - investmedic-store.com","isPartOf":{"@id":"https:\/\/investmedic-store.com\/#website"},"datePublished":"2023-08-06T13:46:49+00:00","dateModified":"2023-10-08T15:06:35+00:00","breadcrumb":{"@id":"https:\/\/investmedic-store.com\/?product=oreiller-contourne#breadcrumb"},"inLanguage":"fr-FR","potentialAction":[{"@type":"ReadAction","target":["https:\/\/investmedic-store.com\/?product=oreiller-contourne"]}]},{"@type":"BreadcrumbList","@id":"https:\/\/investmedic-store.com\/?product=oreiller-contourne#breadcrumb","itemListElement":[{"@type":"ListItem","position":1,"name":"Accueil","item":"https:\/\/investmedic-store.com\/"},{"@type":"ListItem","position":2,"name":"Shop","item":"https:\/\/investmedic-store.com\/?page_id=5"},{"@type":"ListItem","position":3,"name":"OC 2147 Oreiller Contourn\u00e9"}]},{"@type":"WebSite","@id":"https:\/\/investmedic-store.com\/#website","url":"https:\/\/investmedic-store.com\/","name":"invest medic store","description":"Importation &amp; Distribution Du Materiels Medico-Chirurgicales - \u0627\u0633\u062a\u064a\u0631\u0627\u062f \u0648\u062a\u0648\u0632\u064a\u0639 \u0627\u0644\u0645\u0648\u0627\u062f \u0627\u0644\u0637\u0628\u064a\u0629 \u0627\u0644\u062c\u0631\u0627\u062d\u064a\u0629","publisher":{"@id":"https:\/\/investmedic-store.com\/#organization"},"alternateName":"investmedic store","potentialAction":[{"@type":"SearchAction","target":{"@type":"EntryPoint","urlTemplate":"https:\/\/investmedic-store.com\/?s={search_term_string}"},"query-input":"required name=search_term_string"}],"inLanguage":"fr-FR"},{"@type":"Organization","@id":"https:\/\/investmedic-store.com\/#organization","name":"invest.medic store","alternateName":"investmedic store","url":"https:\/\/investmedic-store.com\/","logo":{"@type":"ImageObject","inLanguage":"fr-FR","@id":"https:\/\/investmedic-store.com\/#\/schema\/logo\/image\/","url":"https:\/\/investmedic-store.com\/wp-content\/uploads\/2023\/07\/cropped-LOGO_INVEST-transformed-removebg-preview-transformed-1-e1690120839263.png","contentUrl":"https:\/\/investmedic-store.com\/wp-content\/uploads\/2023\/07\/cropped-LOGO_INVEST-transformed-removebg-preview-transformed-1-e1690120839263.png","width":512,"height":512,"caption":"invest.medic store"},"image":{"@id":"https:\/\/investmedic-store.com\/#\/schema\/logo\/image\/"},"sameAs":["https:\/\/www.facebook.com\/invest.medic"]}]}},"_links":{"self":[{"href":"https:\/\/investmedic-store.com\/index.php?rest_route=\/wp\/v2\/product\/599"}],"collection":[{"href":"https:\/\/investmedic-store.com\/index.php?rest_route=\/wp\/v2\/product"}],"about":[{"href":"https:\/\/investmedic-store.com\/index.php?rest_route=\/wp\/v2\/types\/product"}],"replies":[{"embeddable":true,"href":"https:\/\/investmedic-store.com\/index.php?rest_route=%2Fwp%2Fv2%2Fcomments&post=599"}],"wp:featuredmedia":[{"embeddable":true,"href":"https:\/\/investmedic-store.com\/index.php?rest_route=\/wp\/v2\/media\/600"}],"wp:attachment":[{"href":"https:\/\/investmedic-store.com\/index.php?rest_route=%2Fwp%2Fv2%2Fmedia&parent=599"}],"wp:term":[{"taxonomy":"product_cat","embeddable":true,"href":"https:\/\/investmedic-store.com\/index.php?rest_route=%2Fwp%2Fv2%2Fproduct_cat&post=599"},{"taxonomy":"product_tag","embeddable":true,"href":"https:\/\/investmedic-store.com\/index.php?rest_route=%2Fwp%2Fv2%2Fproduct_tag&post=599"}],"curies":[{"name":"wp","href":"https:\/\/api.w.org\/{rel}","templated":true}]}}