{"id":2963,"date":"2025-12-14T10:56:03","date_gmt":"2025-12-14T09:56:03","guid":{"rendered":"https:\/\/investmedic-store.com\/?post_type=product&#038;p=2963"},"modified":"2025-12-16T16:19:28","modified_gmt":"2025-12-16T15:19:28","slug":"table-chauffante-de-reanimation-hkn-500ab","status":"publish","type":"product","link":"https:\/\/investmedic-store.com\/?product=table-chauffante-de-reanimation-hkn-500ab","title":{"rendered":"Table Chauffante De R\u00e9animation HKN-500AB"},"content":{"rendered":"","protected":false},"excerpt":{"rendered":"<p>Caract\u00e9ristiques principales<\/p>\n<p>-\u00c9cran tactile couleur LCD de 8 pouces.<br \/>\n-Trois modes de contr\u00f4le de la temp\u00e9rature :<br \/>\n*Mode de pr\u00e9chauffage,<br \/>\n*Mode manuel,<br \/>\n*Mode b\u00e9b\u00e9 (contr\u00f4le en servo).<br \/>\n-Fonction SpO\u2082 d\u2019oxym\u00e9trie de pouls pour mesurer efficacement l\u2019oxyg\u00e8ne sanguin et le pouls, m\u00eame pendant les mouvements ou en cas de faible perfusion (optionnelle).<br \/>\n-Angle horizontal du module chauffant r\u00e9glable pour faciliter les soins cliniques.<br \/>\n-Syst\u00e8me d\u2019inclinaison \u00e9lectrique permettant d\u2019ajuster facilement l\u2019angle du lit, avec une transition fluide.<br \/>\n-Panneaux transparents du berceau rabattables ou d\u00e9montables.<br \/>\n-Colonne en forme d\u2019queue d\u2019aronde des deux c\u00f4t\u00e9s pour l\u2019installation d\u2019appareils m\u00e9dicaux suppl\u00e9mentaires.<br \/>\n-Cassette radiographique situ\u00e9e sous le berceau.<\/p>\n","protected":false},"featured_media":0,"comment_status":"open","ping_status":"closed","template":"","meta":{"om_disable_all_campaigns":false,"_joinchat":[]},"product_cat":[15],"product_tag":[],"yoast_head":"<!-- This site is optimized with the Yoast SEO plugin v20.12 - https:\/\/yoast.com\/wordpress\/plugins\/seo\/ -->\n<title>Table Chauffante De R\u00e9animation HKN-500AB - investmedic-store.com<\/title>\n<meta name=\"robots\" content=\"index, follow, max-snippet:-1, max-image-preview:large, max-video-preview:-1\" \/>\n<link rel=\"canonical\" href=\"https:\/\/investmedic-store.com\/?product=table-chauffante-de-reanimation-hkn-500ab\" \/>\n<meta property=\"og:locale\" content=\"fr_FR\" \/>\n<meta property=\"og:type\" content=\"article\" \/>\n<meta property=\"og:title\" content=\"Table Chauffante De R\u00e9animation HKN-500AB - investmedic-store.com\" \/>\n<meta property=\"og:description\" content=\"Caract\u00e9ristiques principales  -\u00c9cran tactile couleur LCD de 8 pouces. -Trois modes de contr\u00f4le de la temp\u00e9rature : *Mode de pr\u00e9chauffage, *Mode manuel, *Mode b\u00e9b\u00e9 (contr\u00f4le en servo). -Fonction SpO\u2082 d\u2019oxym\u00e9trie de pouls pour mesurer efficacement l\u2019oxyg\u00e8ne sanguin et le pouls, m\u00eame pendant les mouvements ou en cas de faible perfusion (optionnelle). -Angle horizontal du module chauffant r\u00e9glable pour faciliter les soins cliniques. -Syst\u00e8me d\u2019inclinaison \u00e9lectrique permettant d\u2019ajuster facilement l\u2019angle du lit, avec une transition fluide. -Panneaux transparents du berceau rabattables ou d\u00e9montables. -Colonne en forme d\u2019queue d\u2019aronde des deux c\u00f4t\u00e9s pour l\u2019installation d\u2019appareils m\u00e9dicaux suppl\u00e9mentaires. -Cassette radiographique situ\u00e9e sous le berceau.\" \/>\n<meta property=\"og:url\" content=\"https:\/\/investmedic-store.com\/?product=table-chauffante-de-reanimation-hkn-500ab\" \/>\n<meta property=\"og:site_name\" content=\"investmedic-store.com\" \/>\n<meta property=\"article:publisher\" content=\"https:\/\/www.facebook.com\/invest.medic\" \/>\n<meta property=\"article:modified_time\" content=\"2025-12-16T15:19:28+00:00\" \/>\n<meta property=\"og:image\" content=\"https:\/\/investmedic-store.com\/wp-content\/uploads\/2023\/07\/cropped-LOGO_INVEST-transformed-removebg-preview-transformed.png\" \/>\n\t<meta property=\"og:image:width\" content=\"1681\" \/>\n\t<meta property=\"og:image:height\" content=\"1677\" \/>\n\t<meta property=\"og:image:type\" content=\"image\/png\" \/>\n<meta name=\"twitter:card\" content=\"summary_large_image\" \/>\n<script type=\"application\/ld+json\" class=\"yoast-schema-graph\">{\"@context\":\"https:\/\/schema.org\",\"@graph\":[{\"@type\":\"WebPage\",\"@id\":\"https:\/\/investmedic-store.com\/?product=table-chauffante-de-reanimation-hkn-500ab\",\"url\":\"https:\/\/investmedic-store.com\/?product=table-chauffante-de-reanimation-hkn-500ab\",\"name\":\"Table Chauffante De R\u00e9animation HKN-500AB - investmedic-store.com\",\"isPartOf\":{\"@id\":\"https:\/\/investmedic-store.com\/#website\"},\"datePublished\":\"2025-12-14T09:56:03+00:00\",\"dateModified\":\"2025-12-16T15:19:28+00:00\",\"breadcrumb\":{\"@id\":\"https:\/\/investmedic-store.com\/?product=table-chauffante-de-reanimation-hkn-500ab#breadcrumb\"},\"inLanguage\":\"fr-FR\",\"potentialAction\":[{\"@type\":\"ReadAction\",\"target\":[\"https:\/\/investmedic-store.com\/?product=table-chauffante-de-reanimation-hkn-500ab\"]}]},{\"@type\":\"BreadcrumbList\",\"@id\":\"https:\/\/investmedic-store.com\/?product=table-chauffante-de-reanimation-hkn-500ab#breadcrumb\",\"itemListElement\":[{\"@type\":\"ListItem\",\"position\":1,\"name\":\"Accueil\",\"item\":\"https:\/\/investmedic-store.com\/\"},{\"@type\":\"ListItem\",\"position\":2,\"name\":\"Shop\",\"item\":\"https:\/\/investmedic-store.com\/?page_id=5\"},{\"@type\":\"ListItem\",\"position\":3,\"name\":\"Table Chauffante De R\u00e9animation HKN-500AB\"}]},{\"@type\":\"WebSite\",\"@id\":\"https:\/\/investmedic-store.com\/#website\",\"url\":\"https:\/\/investmedic-store.com\/\",\"name\":\"invest medic store\",\"description\":\"Importation &amp; Distribution Du Materiels Medico-Chirurgicales - \u0627\u0633\u062a\u064a\u0631\u0627\u062f \u0648\u062a\u0648\u0632\u064a\u0639 \u0627\u0644\u0645\u0648\u0627\u062f \u0627\u0644\u0637\u0628\u064a\u0629 \u0627\u0644\u062c\u0631\u0627\u062d\u064a\u0629\",\"publisher\":{\"@id\":\"https:\/\/investmedic-store.com\/#organization\"},\"alternateName\":\"investmedic store\",\"potentialAction\":[{\"@type\":\"SearchAction\",\"target\":{\"@type\":\"EntryPoint\",\"urlTemplate\":\"https:\/\/investmedic-store.com\/?s={search_term_string}\"},\"query-input\":\"required name=search_term_string\"}],\"inLanguage\":\"fr-FR\"},{\"@type\":\"Organization\",\"@id\":\"https:\/\/investmedic-store.com\/#organization\",\"name\":\"invest.medic store\",\"alternateName\":\"investmedic store\",\"url\":\"https:\/\/investmedic-store.com\/\",\"logo\":{\"@type\":\"ImageObject\",\"inLanguage\":\"fr-FR\",\"@id\":\"https:\/\/investmedic-store.com\/#\/schema\/logo\/image\/\",\"url\":\"https:\/\/investmedic-store.com\/wp-content\/uploads\/2023\/07\/cropped-LOGO_INVEST-transformed-removebg-preview-transformed-1-e1690120839263.png\",\"contentUrl\":\"https:\/\/investmedic-store.com\/wp-content\/uploads\/2023\/07\/cropped-LOGO_INVEST-transformed-removebg-preview-transformed-1-e1690120839263.png\",\"width\":512,\"height\":512,\"caption\":\"invest.medic store\"},\"image\":{\"@id\":\"https:\/\/investmedic-store.com\/#\/schema\/logo\/image\/\"},\"sameAs\":[\"https:\/\/www.facebook.com\/invest.medic\"]}]}<\/script>\n<!-- \/ Yoast SEO plugin. -->","yoast_head_json":{"title":"Table Chauffante De R\u00e9animation HKN-500AB - investmedic-store.com","robots":{"index":"index","follow":"follow","max-snippet":"max-snippet:-1","max-image-preview":"max-image-preview:large","max-video-preview":"max-video-preview:-1"},"canonical":"https:\/\/investmedic-store.com\/?product=table-chauffante-de-reanimation-hkn-500ab","og_locale":"fr_FR","og_type":"article","og_title":"Table Chauffante De R\u00e9animation HKN-500AB - investmedic-store.com","og_description":"Caract\u00e9ristiques principales  -\u00c9cran tactile couleur LCD de 8 pouces. -Trois modes de contr\u00f4le de la temp\u00e9rature : *Mode de pr\u00e9chauffage, *Mode manuel, *Mode b\u00e9b\u00e9 (contr\u00f4le en servo). -Fonction SpO\u2082 d\u2019oxym\u00e9trie de pouls pour mesurer efficacement l\u2019oxyg\u00e8ne sanguin et le pouls, m\u00eame pendant les mouvements ou en cas de faible perfusion (optionnelle). -Angle horizontal du module chauffant r\u00e9glable pour faciliter les soins cliniques. -Syst\u00e8me d\u2019inclinaison \u00e9lectrique permettant d\u2019ajuster facilement l\u2019angle du lit, avec une transition fluide. -Panneaux transparents du berceau rabattables ou d\u00e9montables. -Colonne en forme d\u2019queue d\u2019aronde des deux c\u00f4t\u00e9s pour l\u2019installation d\u2019appareils m\u00e9dicaux suppl\u00e9mentaires. -Cassette radiographique situ\u00e9e sous le berceau.","og_url":"https:\/\/investmedic-store.com\/?product=table-chauffante-de-reanimation-hkn-500ab","og_site_name":"investmedic-store.com","article_publisher":"https:\/\/www.facebook.com\/invest.medic","article_modified_time":"2025-12-16T15:19:28+00:00","og_image":[{"width":1681,"height":1677,"url":"https:\/\/investmedic-store.com\/wp-content\/uploads\/2023\/07\/cropped-LOGO_INVEST-transformed-removebg-preview-transformed.png","type":"image\/png"}],"twitter_card":"summary_large_image","schema":{"@context":"https:\/\/schema.org","@graph":[{"@type":"WebPage","@id":"https:\/\/investmedic-store.com\/?product=table-chauffante-de-reanimation-hkn-500ab","url":"https:\/\/investmedic-store.com\/?product=table-chauffante-de-reanimation-hkn-500ab","name":"Table Chauffante De R\u00e9animation HKN-500AB - investmedic-store.com","isPartOf":{"@id":"https:\/\/investmedic-store.com\/#website"},"datePublished":"2025-12-14T09:56:03+00:00","dateModified":"2025-12-16T15:19:28+00:00","breadcrumb":{"@id":"https:\/\/investmedic-store.com\/?product=table-chauffante-de-reanimation-hkn-500ab#breadcrumb"},"inLanguage":"fr-FR","potentialAction":[{"@type":"ReadAction","target":["https:\/\/investmedic-store.com\/?product=table-chauffante-de-reanimation-hkn-500ab"]}]},{"@type":"BreadcrumbList","@id":"https:\/\/investmedic-store.com\/?product=table-chauffante-de-reanimation-hkn-500ab#breadcrumb","itemListElement":[{"@type":"ListItem","position":1,"name":"Accueil","item":"https:\/\/investmedic-store.com\/"},{"@type":"ListItem","position":2,"name":"Shop","item":"https:\/\/investmedic-store.com\/?page_id=5"},{"@type":"ListItem","position":3,"name":"Table Chauffante De R\u00e9animation HKN-500AB"}]},{"@type":"WebSite","@id":"https:\/\/investmedic-store.com\/#website","url":"https:\/\/investmedic-store.com\/","name":"invest medic store","description":"Importation &amp; Distribution Du Materiels Medico-Chirurgicales - \u0627\u0633\u062a\u064a\u0631\u0627\u062f \u0648\u062a\u0648\u0632\u064a\u0639 \u0627\u0644\u0645\u0648\u0627\u062f \u0627\u0644\u0637\u0628\u064a\u0629 \u0627\u0644\u062c\u0631\u0627\u062d\u064a\u0629","publisher":{"@id":"https:\/\/investmedic-store.com\/#organization"},"alternateName":"investmedic store","potentialAction":[{"@type":"SearchAction","target":{"@type":"EntryPoint","urlTemplate":"https:\/\/investmedic-store.com\/?s={search_term_string}"},"query-input":"required name=search_term_string"}],"inLanguage":"fr-FR"},{"@type":"Organization","@id":"https:\/\/investmedic-store.com\/#organization","name":"invest.medic store","alternateName":"investmedic store","url":"https:\/\/investmedic-store.com\/","logo":{"@type":"ImageObject","inLanguage":"fr-FR","@id":"https:\/\/investmedic-store.com\/#\/schema\/logo\/image\/","url":"https:\/\/investmedic-store.com\/wp-content\/uploads\/2023\/07\/cropped-LOGO_INVEST-transformed-removebg-preview-transformed-1-e1690120839263.png","contentUrl":"https:\/\/investmedic-store.com\/wp-content\/uploads\/2023\/07\/cropped-LOGO_INVEST-transformed-removebg-preview-transformed-1-e1690120839263.png","width":512,"height":512,"caption":"invest.medic store"},"image":{"@id":"https:\/\/investmedic-store.com\/#\/schema\/logo\/image\/"},"sameAs":["https:\/\/www.facebook.com\/invest.medic"]}]}},"_links":{"self":[{"href":"https:\/\/investmedic-store.com\/index.php?rest_route=\/wp\/v2\/product\/2963"}],"collection":[{"href":"https:\/\/investmedic-store.com\/index.php?rest_route=\/wp\/v2\/product"}],"about":[{"href":"https:\/\/investmedic-store.com\/index.php?rest_route=\/wp\/v2\/types\/product"}],"replies":[{"embeddable":true,"href":"https:\/\/investmedic-store.com\/index.php?rest_route=%2Fwp%2Fv2%2Fcomments&post=2963"}],"wp:attachment":[{"href":"https:\/\/investmedic-store.com\/index.php?rest_route=%2Fwp%2Fv2%2Fmedia&parent=2963"}],"wp:term":[{"taxonomy":"product_cat","embeddable":true,"href":"https:\/\/investmedic-store.com\/index.php?rest_route=%2Fwp%2Fv2%2Fproduct_cat&post=2963"},{"taxonomy":"product_tag","embeddable":true,"href":"https:\/\/investmedic-store.com\/index.php?rest_route=%2Fwp%2Fv2%2Fproduct_tag&post=2963"}],"curies":[{"name":"wp","href":"https:\/\/api.w.org\/{rel}","templated":true}]}}