{"id":2870,"date":"2025-05-11T10:20:50","date_gmt":"2025-05-11T09:20:50","guid":{"rendered":"https:\/\/investmedic-store.com\/?post_type=product&#038;p=2870"},"modified":"2025-05-11T10:20:51","modified_gmt":"2025-05-11T09:20:51","slug":"lampe-dexamen-led-avec-variateur-sur-roulettes-jsf-jc02a","status":"publish","type":"product","link":"https:\/\/investmedic-store.com\/?product=lampe-dexamen-led-avec-variateur-sur-roulettes-jsf-jc02a","title":{"rendered":"Lampe D&#8217;Examen LED Avec Variateur Sur Roulettes &#8211; JSF-JC02A"},"content":{"rendered":"<div>\n<div>\n<div>\n<p>Caract\u00e9ristiques du produit:<\/p>\n<\/div>\n<\/div>\n<div>\n<ul>\n<li>Support de mini-lampe avec un diam\u00e8tre de 75 mm.<\/li>\n<li>\u00c9clairage utilisant une ampoule Osram import\u00e9e d&#8217;Allemagne, offrant une lumi\u00e8re stable et une longue dur\u00e9e de vie.<\/li>\n<li>Bras flexible permettant un positionnement libre et un d\u00e9placement facile.<\/li>\n<li>Lumi\u00e8re blanche brillante et uniforme.<\/li>\n<\/ul>\n<\/div>\n<\/div>\n","protected":false},"excerpt":{"rendered":"<div>\n<div>\n<div>\n<div>\n<div>\n<p>Caract\u00e9ristiques du produit:<\/p>\n<\/div>\n<\/div>\n<div>\n<ul>\n<li>Support de mini-lampe avec un diam\u00e8tre de 75 mm.<\/li>\n<li>\u00c9clairage utilisant une ampoule Osram import\u00e9e d&#8217;Allemagne, offrant une lumi\u00e8re stable et une longue dur\u00e9e de vie.<\/li>\n<li>Bras flexible permettant un positionnement libre et un d\u00e9placement facile.<\/li>\n<li>Lumi\u00e8re blanche brillante et uniforme.<\/li>\n<\/ul>\n<\/div>\n<\/div>\n<\/div>\n<\/div>\n","protected":false},"featured_media":2871,"comment_status":"open","ping_status":"closed","template":"","meta":{"om_disable_all_campaigns":false,"_joinchat":[]},"product_cat":[178],"product_tag":[],"yoast_head":"<!-- This site is optimized with the Yoast SEO plugin v20.12 - https:\/\/yoast.com\/wordpress\/plugins\/seo\/ -->\n<title>Lampe D&#039;Examen LED Avec Variateur Sur Roulettes - JSF-JC02A - investmedic-store.com<\/title>\n<meta name=\"robots\" content=\"index, follow, max-snippet:-1, max-image-preview:large, max-video-preview:-1\" \/>\n<link rel=\"canonical\" href=\"https:\/\/investmedic-store.com\/?product=lampe-dexamen-led-avec-variateur-sur-roulettes-jsf-jc02a\" \/>\n<meta property=\"og:locale\" content=\"fr_FR\" \/>\n<meta property=\"og:type\" content=\"article\" \/>\n<meta property=\"og:title\" content=\"Lampe D&#039;Examen LED Avec Variateur Sur Roulettes - JSF-JC02A - investmedic-store.com\" \/>\n<meta property=\"og:description\" content=\"Caract\u00e9ristiques du produit:       Support de mini-lampe avec un diam\u00e8tre de 75 mm.  \u00c9clairage utilisant une ampoule Osram import\u00e9e d&#039;Allemagne, offrant une lumi\u00e8re stable et une longue dur\u00e9e de vie.  Bras flexible permettant un positionnement libre et un d\u00e9placement facile.  Lumi\u00e8re blanche brillante et uniforme.\" \/>\n<meta property=\"og:url\" content=\"https:\/\/investmedic-store.com\/?product=lampe-dexamen-led-avec-variateur-sur-roulettes-jsf-jc02a\" \/>\n<meta property=\"og:site_name\" content=\"investmedic-store.com\" \/>\n<meta property=\"article:publisher\" content=\"https:\/\/www.facebook.com\/invest.medic\" \/>\n<meta property=\"article:modified_time\" content=\"2025-05-11T09:20:51+00:00\" \/>\n<meta property=\"og:image\" content=\"http:\/\/investmedic-store.com\/wp-content\/uploads\/2025\/05\/230.jpg\" \/>\n\t<meta property=\"og:image:width\" content=\"1587\" \/>\n\t<meta property=\"og:image:height\" content=\"2245\" \/>\n\t<meta property=\"og:image:type\" content=\"image\/jpeg\" \/>\n<meta name=\"twitter:card\" content=\"summary_large_image\" \/>\n<meta name=\"twitter:label1\" content=\"Dur\u00e9e de lecture estim\u00e9e\" \/>\n\t<meta name=\"twitter:data1\" content=\"1 minute\" \/>\n<script type=\"application\/ld+json\" class=\"yoast-schema-graph\">{\"@context\":\"https:\/\/schema.org\",\"@graph\":[{\"@type\":\"WebPage\",\"@id\":\"https:\/\/investmedic-store.com\/?product=lampe-dexamen-led-avec-variateur-sur-roulettes-jsf-jc02a\",\"url\":\"https:\/\/investmedic-store.com\/?product=lampe-dexamen-led-avec-variateur-sur-roulettes-jsf-jc02a\",\"name\":\"Lampe D'Examen LED Avec Variateur Sur Roulettes - JSF-JC02A - investmedic-store.com\",\"isPartOf\":{\"@id\":\"https:\/\/investmedic-store.com\/#website\"},\"datePublished\":\"2025-05-11T09:20:50+00:00\",\"dateModified\":\"2025-05-11T09:20:51+00:00\",\"breadcrumb\":{\"@id\":\"https:\/\/investmedic-store.com\/?product=lampe-dexamen-led-avec-variateur-sur-roulettes-jsf-jc02a#breadcrumb\"},\"inLanguage\":\"fr-FR\",\"potentialAction\":[{\"@type\":\"ReadAction\",\"target\":[\"https:\/\/investmedic-store.com\/?product=lampe-dexamen-led-avec-variateur-sur-roulettes-jsf-jc02a\"]}]},{\"@type\":\"BreadcrumbList\",\"@id\":\"https:\/\/investmedic-store.com\/?product=lampe-dexamen-led-avec-variateur-sur-roulettes-jsf-jc02a#breadcrumb\",\"itemListElement\":[{\"@type\":\"ListItem\",\"position\":1,\"name\":\"Accueil\",\"item\":\"https:\/\/investmedic-store.com\/\"},{\"@type\":\"ListItem\",\"position\":2,\"name\":\"Shop\",\"item\":\"https:\/\/investmedic-store.com\/?page_id=5\"},{\"@type\":\"ListItem\",\"position\":3,\"name\":\"Lampe D&#8217;Examen LED Avec Variateur Sur Roulettes &#8211; JSF-JC02A\"}]},{\"@type\":\"WebSite\",\"@id\":\"https:\/\/investmedic-store.com\/#website\",\"url\":\"https:\/\/investmedic-store.com\/\",\"name\":\"invest medic store\",\"description\":\"Importation &amp; Distribution Du Materiels Medico-Chirurgicales - \u0627\u0633\u062a\u064a\u0631\u0627\u062f \u0648\u062a\u0648\u0632\u064a\u0639 \u0627\u0644\u0645\u0648\u0627\u062f \u0627\u0644\u0637\u0628\u064a\u0629 \u0627\u0644\u062c\u0631\u0627\u062d\u064a\u0629\",\"publisher\":{\"@id\":\"https:\/\/investmedic-store.com\/#organization\"},\"alternateName\":\"investmedic store\",\"potentialAction\":[{\"@type\":\"SearchAction\",\"target\":{\"@type\":\"EntryPoint\",\"urlTemplate\":\"https:\/\/investmedic-store.com\/?s={search_term_string}\"},\"query-input\":\"required name=search_term_string\"}],\"inLanguage\":\"fr-FR\"},{\"@type\":\"Organization\",\"@id\":\"https:\/\/investmedic-store.com\/#organization\",\"name\":\"invest.medic store\",\"alternateName\":\"investmedic store\",\"url\":\"https:\/\/investmedic-store.com\/\",\"logo\":{\"@type\":\"ImageObject\",\"inLanguage\":\"fr-FR\",\"@id\":\"https:\/\/investmedic-store.com\/#\/schema\/logo\/image\/\",\"url\":\"https:\/\/investmedic-store.com\/wp-content\/uploads\/2023\/07\/cropped-LOGO_INVEST-transformed-removebg-preview-transformed-1-e1690120839263.png\",\"contentUrl\":\"https:\/\/investmedic-store.com\/wp-content\/uploads\/2023\/07\/cropped-LOGO_INVEST-transformed-removebg-preview-transformed-1-e1690120839263.png\",\"width\":512,\"height\":512,\"caption\":\"invest.medic store\"},\"image\":{\"@id\":\"https:\/\/investmedic-store.com\/#\/schema\/logo\/image\/\"},\"sameAs\":[\"https:\/\/www.facebook.com\/invest.medic\"]}]}<\/script>\n<!-- \/ Yoast SEO plugin. -->","yoast_head_json":{"title":"Lampe D'Examen LED Avec Variateur Sur Roulettes - JSF-JC02A - investmedic-store.com","robots":{"index":"index","follow":"follow","max-snippet":"max-snippet:-1","max-image-preview":"max-image-preview:large","max-video-preview":"max-video-preview:-1"},"canonical":"https:\/\/investmedic-store.com\/?product=lampe-dexamen-led-avec-variateur-sur-roulettes-jsf-jc02a","og_locale":"fr_FR","og_type":"article","og_title":"Lampe D'Examen LED Avec Variateur Sur Roulettes - JSF-JC02A - investmedic-store.com","og_description":"Caract\u00e9ristiques du produit:       Support de mini-lampe avec un diam\u00e8tre de 75 mm.  \u00c9clairage utilisant une ampoule Osram import\u00e9e d'Allemagne, offrant une lumi\u00e8re stable et une longue dur\u00e9e de vie.  Bras flexible permettant un positionnement libre et un d\u00e9placement facile.  Lumi\u00e8re blanche brillante et uniforme.","og_url":"https:\/\/investmedic-store.com\/?product=lampe-dexamen-led-avec-variateur-sur-roulettes-jsf-jc02a","og_site_name":"investmedic-store.com","article_publisher":"https:\/\/www.facebook.com\/invest.medic","article_modified_time":"2025-05-11T09:20:51+00:00","og_image":[{"width":1587,"height":2245,"url":"http:\/\/investmedic-store.com\/wp-content\/uploads\/2025\/05\/230.jpg","type":"image\/jpeg"}],"twitter_card":"summary_large_image","twitter_misc":{"Dur\u00e9e de lecture estim\u00e9e":"1 minute"},"schema":{"@context":"https:\/\/schema.org","@graph":[{"@type":"WebPage","@id":"https:\/\/investmedic-store.com\/?product=lampe-dexamen-led-avec-variateur-sur-roulettes-jsf-jc02a","url":"https:\/\/investmedic-store.com\/?product=lampe-dexamen-led-avec-variateur-sur-roulettes-jsf-jc02a","name":"Lampe D'Examen LED Avec Variateur Sur Roulettes - JSF-JC02A - investmedic-store.com","isPartOf":{"@id":"https:\/\/investmedic-store.com\/#website"},"datePublished":"2025-05-11T09:20:50+00:00","dateModified":"2025-05-11T09:20:51+00:00","breadcrumb":{"@id":"https:\/\/investmedic-store.com\/?product=lampe-dexamen-led-avec-variateur-sur-roulettes-jsf-jc02a#breadcrumb"},"inLanguage":"fr-FR","potentialAction":[{"@type":"ReadAction","target":["https:\/\/investmedic-store.com\/?product=lampe-dexamen-led-avec-variateur-sur-roulettes-jsf-jc02a"]}]},{"@type":"BreadcrumbList","@id":"https:\/\/investmedic-store.com\/?product=lampe-dexamen-led-avec-variateur-sur-roulettes-jsf-jc02a#breadcrumb","itemListElement":[{"@type":"ListItem","position":1,"name":"Accueil","item":"https:\/\/investmedic-store.com\/"},{"@type":"ListItem","position":2,"name":"Shop","item":"https:\/\/investmedic-store.com\/?page_id=5"},{"@type":"ListItem","position":3,"name":"Lampe D&#8217;Examen LED Avec Variateur Sur Roulettes &#8211; JSF-JC02A"}]},{"@type":"WebSite","@id":"https:\/\/investmedic-store.com\/#website","url":"https:\/\/investmedic-store.com\/","name":"invest medic store","description":"Importation &amp; Distribution Du Materiels Medico-Chirurgicales - \u0627\u0633\u062a\u064a\u0631\u0627\u062f \u0648\u062a\u0648\u0632\u064a\u0639 \u0627\u0644\u0645\u0648\u0627\u062f \u0627\u0644\u0637\u0628\u064a\u0629 \u0627\u0644\u062c\u0631\u0627\u062d\u064a\u0629","publisher":{"@id":"https:\/\/investmedic-store.com\/#organization"},"alternateName":"investmedic store","potentialAction":[{"@type":"SearchAction","target":{"@type":"EntryPoint","urlTemplate":"https:\/\/investmedic-store.com\/?s={search_term_string}"},"query-input":"required name=search_term_string"}],"inLanguage":"fr-FR"},{"@type":"Organization","@id":"https:\/\/investmedic-store.com\/#organization","name":"invest.medic store","alternateName":"investmedic store","url":"https:\/\/investmedic-store.com\/","logo":{"@type":"ImageObject","inLanguage":"fr-FR","@id":"https:\/\/investmedic-store.com\/#\/schema\/logo\/image\/","url":"https:\/\/investmedic-store.com\/wp-content\/uploads\/2023\/07\/cropped-LOGO_INVEST-transformed-removebg-preview-transformed-1-e1690120839263.png","contentUrl":"https:\/\/investmedic-store.com\/wp-content\/uploads\/2023\/07\/cropped-LOGO_INVEST-transformed-removebg-preview-transformed-1-e1690120839263.png","width":512,"height":512,"caption":"invest.medic store"},"image":{"@id":"https:\/\/investmedic-store.com\/#\/schema\/logo\/image\/"},"sameAs":["https:\/\/www.facebook.com\/invest.medic"]}]}},"_links":{"self":[{"href":"https:\/\/investmedic-store.com\/index.php?rest_route=\/wp\/v2\/product\/2870"}],"collection":[{"href":"https:\/\/investmedic-store.com\/index.php?rest_route=\/wp\/v2\/product"}],"about":[{"href":"https:\/\/investmedic-store.com\/index.php?rest_route=\/wp\/v2\/types\/product"}],"replies":[{"embeddable":true,"href":"https:\/\/investmedic-store.com\/index.php?rest_route=%2Fwp%2Fv2%2Fcomments&post=2870"}],"wp:featuredmedia":[{"embeddable":true,"href":"https:\/\/investmedic-store.com\/index.php?rest_route=\/wp\/v2\/media\/2871"}],"wp:attachment":[{"href":"https:\/\/investmedic-store.com\/index.php?rest_route=%2Fwp%2Fv2%2Fmedia&parent=2870"}],"wp:term":[{"taxonomy":"product_cat","embeddable":true,"href":"https:\/\/investmedic-store.com\/index.php?rest_route=%2Fwp%2Fv2%2Fproduct_cat&post=2870"},{"taxonomy":"product_tag","embeddable":true,"href":"https:\/\/investmedic-store.com\/index.php?rest_route=%2Fwp%2Fv2%2Fproduct_tag&post=2870"}],"curies":[{"name":"wp","href":"https:\/\/api.w.org\/{rel}","templated":true}]}}