{"id":2866,"date":"2025-05-10T16:20:42","date_gmt":"2025-05-10T15:20:42","guid":{"rendered":"https:\/\/investmedic-store.com\/?post_type=product&#038;p=2866"},"modified":"2025-05-10T16:20:42","modified_gmt":"2025-05-10T15:20:42","slug":"aspirateur-chirurgical-mobile-2x2-5l-en-vere-h002","status":"publish","type":"product","link":"https:\/\/investmedic-store.com\/?product=aspirateur-chirurgical-mobile-2x2-5l-en-vere-h002","title":{"rendered":"Aspirateur Chirurgical Mobile 2&#215;2.5L En Vere H002"},"content":{"rendered":"<div>\n<p>Conditions de fonctionnement normales<\/p>\n<ul>\n<li>Temp\u00e9rature ambiante : 5\u00b0C \u00e0 35\u00b0C<\/li>\n<li>Humidit\u00e9 relative : \u2264 80%<\/li>\n<li>Pression atmosph\u00e9rique : 86 kPa \u00e0 106 kPa<\/li>\n<\/ul>\n<\/div>\n<div><\/div>\n","protected":false},"excerpt":{"rendered":"<div>\n<div>\n<p>Caract\u00e9ristiques Techniques:<\/p>\n<p>Pompe d\u2019aspiration: <span class=\"OYPEnA font-feature-liga-off font-feature-clig-off font-feature-calt-off text-decoration-none text-strikethrough-none\">pompe \u00e0 piston:<\/span><\/p>\n<\/div>\n<\/div>\n<div>\n<div>\n<p>Alimentation : <span class=\"OYPEnA font-feature-liga-off font-feature-clig-off font-feature-calt-off text-decoration-none text-strikethrough-none\">AC220V 50Hz<\/span><\/p>\n<\/div>\n<\/div>\n<div>\n<div>\n<p>Valeur de pression n\u00e9gative maximale : <span class=\"OYPEnA font-feature-liga-off font-feature-clig-off font-feature-calt-off text-decoration-none text-strikethrough-none\">\u22650.09MPa<\/span><\/p>\n<\/div>\n<\/div>\n<div>\n<div>\n<p>Puissance d&#8217;entr\u00e9e : <span class=\"OYPEnA font-feature-liga-off font-feature-clig-off font-feature-calt-off text-decoration-none text-strikethrough-none\">150 VA+15 %<\/span><\/p>\n<\/div>\n<\/div>\n<div>\n<div>\n<p>R\u00e9glage de la pression n\u00e9gative : <span class=\"OYPEnA font-feature-liga-off font-feature-clig-off font-feature-calt-off text-decoration-none text-strikethrough-none\">0.02MPa \uff5evaleur de pression n\u00e9gative maximale<\/span><\/p>\n<\/div>\n<\/div>\n<div>\n<div>\n<p>D\u00e9bit de pompage : <span class=\"OYPEnA font-feature-liga-off font-feature-clig-off font-feature-calt-off text-decoration-none text-strikethrough-none\">\u2265 20 L\/min<\/span><\/p>\n<\/div>\n<\/div>\n<div>\n<div>\n<p>R\u00e9servoir : <span class=\"OYPEnA font-feature-liga-off font-feature-clig-off font-feature-calt-off text-decoration-none text-strikethrough-none\">\u2265 2500 mL\/unit\u00e9, 2 unit\u00e9s dans l&#8217;unit\u00e9 d&#8217;aspiration<\/span><\/p>\n<\/div>\n<\/div>\n<div>\n<div>\n<p>Dimensions : <span class=\"OYPEnA font-feature-liga-off font-feature-clig-off font-feature-calt-off text-decoration-none text-strikethrough-none\">(380 mm X 312 mm X 480 mm)<\/span><\/p>\n<\/div>\n<\/div>\n<div>\n<div>\n<p>Poids :<span class=\"OYPEnA font-feature-liga-off font-feature-clig-off font-feature-calt-off text-decoration-none text-strikethrough-none\">H002 (16 kg)<\/span><\/p>\n<\/div>\n<\/div>\n<div>\n<p>Bruit : \u2264 60dB(A)<\/p>\n<\/div>\n<div>\n<p>&nbsp;<\/p>\n<\/div>\n","protected":false},"featured_media":2867,"comment_status":"open","ping_status":"closed","template":"","meta":{"om_disable_all_campaigns":false,"_joinchat":[]},"product_cat":[15],"product_tag":[],"yoast_head":"<!-- This site is optimized with the Yoast SEO plugin v20.12 - https:\/\/yoast.com\/wordpress\/plugins\/seo\/ -->\n<title>Aspirateur Chirurgical Mobile 2x2.5L En Vere H002 - investmedic-store.com<\/title>\n<meta name=\"robots\" content=\"index, follow, max-snippet:-1, max-image-preview:large, max-video-preview:-1\" \/>\n<link rel=\"canonical\" href=\"https:\/\/investmedic-store.com\/?product=aspirateur-chirurgical-mobile-2x2-5l-en-vere-h002\" \/>\n<meta property=\"og:locale\" content=\"fr_FR\" \/>\n<meta property=\"og:type\" content=\"article\" \/>\n<meta property=\"og:title\" content=\"Aspirateur Chirurgical Mobile 2x2.5L En Vere H002 - investmedic-store.com\" \/>\n<meta property=\"og:description\" content=\"Caract\u00e9ristiques Techniques:  Pompe d\u2019aspiration: pompe \u00e0 piston:       Alimentation : AC220V 50Hz       Valeur de pression n\u00e9gative maximale : \u22650.09MPa       Puissance d&#039;entr\u00e9e : 150 VA+15 %       R\u00e9glage de la pression n\u00e9gative : 0.02MPa \uff5evaleur de pression n\u00e9gative maximale       D\u00e9bit de pompage : \u2265 20 L\/min       R\u00e9servoir : \u2265 2500 mL\/unit\u00e9, 2 unit\u00e9s dans l&#039;unit\u00e9 d&#039;aspiration       Dimensions : (380 mm X 312 mm X 480 mm)       Poids :H002 (16 kg)      Bruit : \u2264 60dB(A)     &nbsp;\" \/>\n<meta property=\"og:url\" content=\"https:\/\/investmedic-store.com\/?product=aspirateur-chirurgical-mobile-2x2-5l-en-vere-h002\" \/>\n<meta property=\"og:site_name\" content=\"investmedic-store.com\" \/>\n<meta property=\"article:publisher\" content=\"https:\/\/www.facebook.com\/invest.medic\" \/>\n<meta property=\"og:image\" content=\"http:\/\/investmedic-store.com\/wp-content\/uploads\/2025\/05\/2422.jpg\" \/>\n\t<meta property=\"og:image:width\" content=\"1587\" \/>\n\t<meta property=\"og:image:height\" content=\"2245\" \/>\n\t<meta property=\"og:image:type\" content=\"image\/jpeg\" \/>\n<meta name=\"twitter:card\" content=\"summary_large_image\" \/>\n<meta name=\"twitter:label1\" content=\"Dur\u00e9e de lecture estim\u00e9e\" \/>\n\t<meta name=\"twitter:data1\" content=\"1 minute\" \/>\n<script type=\"application\/ld+json\" class=\"yoast-schema-graph\">{\"@context\":\"https:\/\/schema.org\",\"@graph\":[{\"@type\":\"WebPage\",\"@id\":\"https:\/\/investmedic-store.com\/?product=aspirateur-chirurgical-mobile-2x2-5l-en-vere-h002\",\"url\":\"https:\/\/investmedic-store.com\/?product=aspirateur-chirurgical-mobile-2x2-5l-en-vere-h002\",\"name\":\"Aspirateur Chirurgical Mobile 2x2.5L En Vere H002 - investmedic-store.com\",\"isPartOf\":{\"@id\":\"https:\/\/investmedic-store.com\/#website\"},\"datePublished\":\"2025-05-10T15:20:42+00:00\",\"dateModified\":\"2025-05-10T15:20:42+00:00\",\"breadcrumb\":{\"@id\":\"https:\/\/investmedic-store.com\/?product=aspirateur-chirurgical-mobile-2x2-5l-en-vere-h002#breadcrumb\"},\"inLanguage\":\"fr-FR\",\"potentialAction\":[{\"@type\":\"ReadAction\",\"target\":[\"https:\/\/investmedic-store.com\/?product=aspirateur-chirurgical-mobile-2x2-5l-en-vere-h002\"]}]},{\"@type\":\"BreadcrumbList\",\"@id\":\"https:\/\/investmedic-store.com\/?product=aspirateur-chirurgical-mobile-2x2-5l-en-vere-h002#breadcrumb\",\"itemListElement\":[{\"@type\":\"ListItem\",\"position\":1,\"name\":\"Accueil\",\"item\":\"https:\/\/investmedic-store.com\/\"},{\"@type\":\"ListItem\",\"position\":2,\"name\":\"Shop\",\"item\":\"https:\/\/investmedic-store.com\/?page_id=5\"},{\"@type\":\"ListItem\",\"position\":3,\"name\":\"Aspirateur Chirurgical Mobile 2&#215;2.5L En Vere H002\"}]},{\"@type\":\"WebSite\",\"@id\":\"https:\/\/investmedic-store.com\/#website\",\"url\":\"https:\/\/investmedic-store.com\/\",\"name\":\"invest medic store\",\"description\":\"Importation &amp; Distribution Du Materiels Medico-Chirurgicales - \u0627\u0633\u062a\u064a\u0631\u0627\u062f \u0648\u062a\u0648\u0632\u064a\u0639 \u0627\u0644\u0645\u0648\u0627\u062f \u0627\u0644\u0637\u0628\u064a\u0629 \u0627\u0644\u062c\u0631\u0627\u062d\u064a\u0629\",\"publisher\":{\"@id\":\"https:\/\/investmedic-store.com\/#organization\"},\"alternateName\":\"investmedic store\",\"potentialAction\":[{\"@type\":\"SearchAction\",\"target\":{\"@type\":\"EntryPoint\",\"urlTemplate\":\"https:\/\/investmedic-store.com\/?s={search_term_string}\"},\"query-input\":\"required name=search_term_string\"}],\"inLanguage\":\"fr-FR\"},{\"@type\":\"Organization\",\"@id\":\"https:\/\/investmedic-store.com\/#organization\",\"name\":\"invest.medic store\",\"alternateName\":\"investmedic store\",\"url\":\"https:\/\/investmedic-store.com\/\",\"logo\":{\"@type\":\"ImageObject\",\"inLanguage\":\"fr-FR\",\"@id\":\"https:\/\/investmedic-store.com\/#\/schema\/logo\/image\/\",\"url\":\"https:\/\/investmedic-store.com\/wp-content\/uploads\/2023\/07\/cropped-LOGO_INVEST-transformed-removebg-preview-transformed-1-e1690120839263.png\",\"contentUrl\":\"https:\/\/investmedic-store.com\/wp-content\/uploads\/2023\/07\/cropped-LOGO_INVEST-transformed-removebg-preview-transformed-1-e1690120839263.png\",\"width\":512,\"height\":512,\"caption\":\"invest.medic store\"},\"image\":{\"@id\":\"https:\/\/investmedic-store.com\/#\/schema\/logo\/image\/\"},\"sameAs\":[\"https:\/\/www.facebook.com\/invest.medic\"]}]}<\/script>\n<!-- \/ Yoast SEO plugin. -->","yoast_head_json":{"title":"Aspirateur Chirurgical Mobile 2x2.5L En Vere H002 - investmedic-store.com","robots":{"index":"index","follow":"follow","max-snippet":"max-snippet:-1","max-image-preview":"max-image-preview:large","max-video-preview":"max-video-preview:-1"},"canonical":"https:\/\/investmedic-store.com\/?product=aspirateur-chirurgical-mobile-2x2-5l-en-vere-h002","og_locale":"fr_FR","og_type":"article","og_title":"Aspirateur Chirurgical Mobile 2x2.5L En Vere H002 - investmedic-store.com","og_description":"Caract\u00e9ristiques Techniques:  Pompe d\u2019aspiration: pompe \u00e0 piston:       Alimentation : AC220V 50Hz       Valeur de pression n\u00e9gative maximale : \u22650.09MPa       Puissance d'entr\u00e9e : 150 VA+15 %       R\u00e9glage de la pression n\u00e9gative : 0.02MPa \uff5evaleur de pression n\u00e9gative maximale       D\u00e9bit de pompage : \u2265 20 L\/min       R\u00e9servoir : \u2265 2500 mL\/unit\u00e9, 2 unit\u00e9s dans l'unit\u00e9 d'aspiration       Dimensions : (380 mm X 312 mm X 480 mm)       Poids :H002 (16 kg)      Bruit : \u2264 60dB(A)     &nbsp;","og_url":"https:\/\/investmedic-store.com\/?product=aspirateur-chirurgical-mobile-2x2-5l-en-vere-h002","og_site_name":"investmedic-store.com","article_publisher":"https:\/\/www.facebook.com\/invest.medic","og_image":[{"width":1587,"height":2245,"url":"http:\/\/investmedic-store.com\/wp-content\/uploads\/2025\/05\/2422.jpg","type":"image\/jpeg"}],"twitter_card":"summary_large_image","twitter_misc":{"Dur\u00e9e de lecture estim\u00e9e":"1 minute"},"schema":{"@context":"https:\/\/schema.org","@graph":[{"@type":"WebPage","@id":"https:\/\/investmedic-store.com\/?product=aspirateur-chirurgical-mobile-2x2-5l-en-vere-h002","url":"https:\/\/investmedic-store.com\/?product=aspirateur-chirurgical-mobile-2x2-5l-en-vere-h002","name":"Aspirateur Chirurgical Mobile 2x2.5L En Vere H002 - investmedic-store.com","isPartOf":{"@id":"https:\/\/investmedic-store.com\/#website"},"datePublished":"2025-05-10T15:20:42+00:00","dateModified":"2025-05-10T15:20:42+00:00","breadcrumb":{"@id":"https:\/\/investmedic-store.com\/?product=aspirateur-chirurgical-mobile-2x2-5l-en-vere-h002#breadcrumb"},"inLanguage":"fr-FR","potentialAction":[{"@type":"ReadAction","target":["https:\/\/investmedic-store.com\/?product=aspirateur-chirurgical-mobile-2x2-5l-en-vere-h002"]}]},{"@type":"BreadcrumbList","@id":"https:\/\/investmedic-store.com\/?product=aspirateur-chirurgical-mobile-2x2-5l-en-vere-h002#breadcrumb","itemListElement":[{"@type":"ListItem","position":1,"name":"Accueil","item":"https:\/\/investmedic-store.com\/"},{"@type":"ListItem","position":2,"name":"Shop","item":"https:\/\/investmedic-store.com\/?page_id=5"},{"@type":"ListItem","position":3,"name":"Aspirateur Chirurgical Mobile 2&#215;2.5L En Vere H002"}]},{"@type":"WebSite","@id":"https:\/\/investmedic-store.com\/#website","url":"https:\/\/investmedic-store.com\/","name":"invest medic store","description":"Importation &amp; Distribution Du Materiels Medico-Chirurgicales - \u0627\u0633\u062a\u064a\u0631\u0627\u062f \u0648\u062a\u0648\u0632\u064a\u0639 \u0627\u0644\u0645\u0648\u0627\u062f \u0627\u0644\u0637\u0628\u064a\u0629 \u0627\u0644\u062c\u0631\u0627\u062d\u064a\u0629","publisher":{"@id":"https:\/\/investmedic-store.com\/#organization"},"alternateName":"investmedic store","potentialAction":[{"@type":"SearchAction","target":{"@type":"EntryPoint","urlTemplate":"https:\/\/investmedic-store.com\/?s={search_term_string}"},"query-input":"required name=search_term_string"}],"inLanguage":"fr-FR"},{"@type":"Organization","@id":"https:\/\/investmedic-store.com\/#organization","name":"invest.medic store","alternateName":"investmedic store","url":"https:\/\/investmedic-store.com\/","logo":{"@type":"ImageObject","inLanguage":"fr-FR","@id":"https:\/\/investmedic-store.com\/#\/schema\/logo\/image\/","url":"https:\/\/investmedic-store.com\/wp-content\/uploads\/2023\/07\/cropped-LOGO_INVEST-transformed-removebg-preview-transformed-1-e1690120839263.png","contentUrl":"https:\/\/investmedic-store.com\/wp-content\/uploads\/2023\/07\/cropped-LOGO_INVEST-transformed-removebg-preview-transformed-1-e1690120839263.png","width":512,"height":512,"caption":"invest.medic store"},"image":{"@id":"https:\/\/investmedic-store.com\/#\/schema\/logo\/image\/"},"sameAs":["https:\/\/www.facebook.com\/invest.medic"]}]}},"_links":{"self":[{"href":"https:\/\/investmedic-store.com\/index.php?rest_route=\/wp\/v2\/product\/2866"}],"collection":[{"href":"https:\/\/investmedic-store.com\/index.php?rest_route=\/wp\/v2\/product"}],"about":[{"href":"https:\/\/investmedic-store.com\/index.php?rest_route=\/wp\/v2\/types\/product"}],"replies":[{"embeddable":true,"href":"https:\/\/investmedic-store.com\/index.php?rest_route=%2Fwp%2Fv2%2Fcomments&post=2866"}],"wp:featuredmedia":[{"embeddable":true,"href":"https:\/\/investmedic-store.com\/index.php?rest_route=\/wp\/v2\/media\/2867"}],"wp:attachment":[{"href":"https:\/\/investmedic-store.com\/index.php?rest_route=%2Fwp%2Fv2%2Fmedia&parent=2866"}],"wp:term":[{"taxonomy":"product_cat","embeddable":true,"href":"https:\/\/investmedic-store.com\/index.php?rest_route=%2Fwp%2Fv2%2Fproduct_cat&post=2866"},{"taxonomy":"product_tag","embeddable":true,"href":"https:\/\/investmedic-store.com\/index.php?rest_route=%2Fwp%2Fv2%2Fproduct_tag&post=2866"}],"curies":[{"name":"wp","href":"https:\/\/api.w.org\/{rel}","templated":true}]}}