{"id":2860,"date":"2025-05-10T15:47:35","date_gmt":"2025-05-10T14:47:35","guid":{"rendered":"https:\/\/investmedic-store.com\/?post_type=product&#038;p=2860"},"modified":"2025-05-10T15:47:35","modified_gmt":"2025-05-10T14:47:35","slug":"chariot-danesthesie-at75001a2","status":"publish","type":"product","link":"https:\/\/investmedic-store.com\/?product=chariot-danesthesie-at75001a2","title":{"rendered":"Chariot D&#8217;anesth\u00e9sie AT75001A2"},"content":{"rendered":"","protected":false},"excerpt":{"rendered":"<ul>\n<li><span class=\"OYPEnA font-feature-liga-off font-feature-clig-off font-feature-calt-off text-decoration-none text-strikethrough-none\">Chariot m\u00e9dical en ABS et aluminium<\/span><\/li>\n<li><span class=\"OYPEnA font-feature-liga-off font-feature-clig-off font-feature-calt-off text-decoration-none text-strikethrough-none\">Sp\u00e9cifications : 750 \u00d7 475 \u00d7 950 mm<\/span><\/li>\n<\/ul>\n<p class=\"cvGsUA direction-ltr align-start para-style-body\"><span class=\"OYPEnA font-feature-liga-off font-feature-clig-off font-feature-calt-off text-decoration-underline text-strikethrough-none\">1. Mat\u00e9riaux :<\/span><\/p>\n<ul>\n<li><span class=\"OYPEnA font-feature-liga-off font-feature-clig-off font-feature-calt-off text-decoration-none text-strikethrough-none\">Structure en aluminium, acier et plastique ABS.<\/span><\/li>\n<li><span class=\"OYPEnA font-feature-liga-off font-feature-clig-off font-feature-calt-off text-decoration-none text-strikethrough-none\">Colonnes triangulaires en alliage d\u2019aluminium avec quatre colonnes porteuses.<\/span><\/li>\n<\/ul>\n<p class=\"cvGsUA direction-ltr align-start para-style-body\"><span class=\"OYPEnA font-feature-liga-off font-feature-clig-off font-feature-calt-off text-decoration-underline text-strikethrough-none\">2.Partie sup\u00e9rieure :<\/span><\/p>\n<ul>\n<li><span class=\"OYPEnA font-feature-liga-off font-feature-clig-off font-feature-calt-off text-decoration-none text-strikethrough-none\">Plateau en ABS moul\u00e9 par injection avec poign\u00e9es lat\u00e9rales.<\/span><\/li>\n<li><span class=\"OYPEnA font-feature-liga-off font-feature-clig-off font-feature-calt-off text-decoration-none text-strikethrough-none\">Design concave emp\u00eachant les objets de glisser.<\/span><\/li>\n<li><span class=\"OYPEnA font-feature-liga-off font-feature-clig-off font-feature-calt-off text-decoration-none text-strikethrough-none\">Garde-corps en acier inoxydable de 95 mm de hauteur.<\/span><\/li>\n<li><span class=\"OYPEnA font-feature-liga-off font-feature-clig-off font-feature-calt-off text-decoration-none text-strikethrough-none\">Espace d\u2019utilisation interne : 515 \u00d7 435 mm.<\/span><\/li>\n<li><span class=\"OYPEnA font-feature-liga-off font-feature-clig-off font-feature-calt-off text-decoration-none text-strikethrough-none\">Verre tremp\u00e9 transparent int\u00e9gr\u00e9.<\/span><\/li>\n<\/ul>\n<p class=\"cvGsUA direction-ltr align-start para-style-body\"><span class=\"OYPEnA font-feature-liga-off font-feature-clig-off font-feature-calt-off text-decoration-underline text-strikethrough-none\">3. C\u00f4t\u00e9 gauche :<\/span><\/p>\n<ul>\n<li><span class=\"OYPEnA font-feature-liga-off font-feature-clig-off font-feature-calt-off text-decoration-none text-strikethrough-none\">Plan de travail auxiliaire coulissant r\u00e9tractable.<\/span><\/li>\n<li><span class=\"OYPEnA font-feature-liga-off font-feature-clig-off font-feature-calt-off text-decoration-none text-strikethrough-none\">Grand bac de rangement d\u00e9tachable.<\/span><\/li>\n<\/ul>\n<p class=\"cvGsUA direction-ltr align-start para-style-body\"><span class=\"OYPEnA font-feature-liga-off font-feature-clig-off font-feature-calt-off text-decoration-underline text-strikethrough-none\">4. C\u00f4t\u00e9 droit :<\/span><\/p>\n<ul>\n<li><span class=\"OYPEnA font-feature-liga-off font-feature-clig-off font-feature-calt-off text-decoration-none text-strikethrough-none\">Bo\u00eete pour objets tranchants de 3 litres rotative.<\/span><\/li>\n<li><span class=\"OYPEnA font-feature-liga-off font-feature-clig-off font-feature-calt-off text-decoration-none text-strikethrough-none\">Poubelle \u00e0 couvercle rabattable (175 \u00d7 175 \u00d7 280 mm) avec deux compartiments pour tri des d\u00e9chets m\u00e9dicaux :<\/span><\/li>\n<li><span class=\"OYPEnA font-feature-liga-off font-feature-clig-off font-feature-calt-off text-decoration-none text-strikethrough-none\">Jaune pour les d\u00e9chets dangereux.<\/span><\/li>\n<li><span class=\"OYPEnA font-feature-liga-off font-feature-clig-off font-feature-calt-off text-decoration-none text-strikethrough-none\">Vert pour les d\u00e9chets m\u00e9nagers.<\/span><\/li>\n<\/ul>\n<p class=\"cvGsUA direction-ltr align-start para-style-body\"><span class=\"OYPEnA font-feature-liga-off font-feature-clig-off font-feature-calt-off text-decoration-underline text-strikethrough-none\">5. Derri\u00e8re le chariot :<\/span><\/p>\n<ul>\n<li><span class=\"OYPEnA font-feature-liga-off font-feature-clig-off font-feature-calt-off text-decoration-none text-strikethrough-none\">Deux rang\u00e9es de tiroirs transparents \u00e0 dix compartiments, pouvant \u00eatre lev\u00e9s et abaiss\u00e9s pour une consultation rapide des m\u00e9dicaments.<\/span><\/li>\n<li><span class=\"OYPEnA font-feature-liga-off font-feature-clig-off font-feature-calt-off text-decoration-none text-strikethrough-none\">Dimensions unitaires : 115 \u00d7 98 \u00d7 130 \u00d7 170 mm.<\/span><\/li>\n<\/ul>\n<p class=\"cvGsUA direction-ltr align-start para-style-body\"><span class=\"OYPEnA font-feature-liga-off font-feature-clig-off font-feature-calt-off text-decoration-underline text-strikethrough-none\">6. Partie centrale :<\/span><\/p>\n<ul>\n<li><span class=\"OYPEnA font-feature-liga-off font-feature-clig-off font-feature-calt-off text-decoration-none text-strikethrough-none\">Serrure centrale rotative.<\/span><\/li>\n<li><span class=\"OYPEnA font-feature-liga-off font-feature-clig-off font-feature-calt-off text-decoration-none text-strikethrough-none\">Cinq tiroirs :<\/span><\/li>\n<li><span class=\"OYPEnA font-feature-liga-off font-feature-clig-off font-feature-calt-off text-decoration-none text-strikethrough-none\">Tiroirs de petite extraction (premier et deuxi\u00e8me niveaux) : 430 \u00d7 335 \u00d7 68 mm.<\/span><\/li>\n<li><span class=\"OYPEnA font-feature-liga-off font-feature-clig-off font-feature-calt-off text-decoration-none text-strikethrough-none\">Tiroir de taille moyenne : 430 \u00d7 335 \u00d7 120 mm.<\/span><\/li>\n<li><span class=\"OYPEnA font-feature-liga-off font-feature-clig-off font-feature-calt-off text-decoration-none text-strikethrough-none\">Grand tiroir profond : 430 \u00d7 335 \u00d7 170 mm.<\/span><\/li>\n<li><span class=\"OYPEnA font-feature-liga-off font-feature-clig-off font-feature-calt-off text-decoration-none text-strikethrough-none\">Tiroir extra-profond : 430 \u00d7 335 \u00d7 240 mm.<\/span><\/li>\n<li><span class=\"OYPEnA font-feature-liga-off font-feature-clig-off font-feature-calt-off text-decoration-none text-strikethrough-none\">S\u00e9parateurs amovibles (3 \u00d7 3) dans chaque tiroir.<\/span><\/li>\n<li><span class=\"OYPEnA font-feature-liga-off font-feature-clig-off font-feature-calt-off text-decoration-none text-strikethrough-none\">Poign\u00e9e de type queue d\u2019aronde avec plaque d\u2019identification antivol (115 \u00d7 29 mm).<\/span><\/li>\n<\/ul>\n<p class=\"cvGsUA direction-ltr align-start para-style-body\"><span class=\"OYPEnA font-feature-liga-off font-feature-clig-off font-feature-calt-off text-decoration-underline text-strikethrough-none\">7. Base du chariot :<\/span><\/p>\n<ul>\n<li><span class=\"OYPEnA font-feature-liga-off font-feature-clig-off font-feature-calt-off text-decoration-none text-strikethrough-none\">Quatre roues universelles de 4 pouces (luxe, silencieuses).<\/span><\/li>\n<li><span class=\"OYPEnA font-feature-liga-off font-feature-clig-off font-feature-calt-off text-decoration-none text-strikethrough-none\">Deux roues avec frein.<\/span><\/li>\n<\/ul>\n","protected":false},"featured_media":2861,"comment_status":"open","ping_status":"closed","template":"","meta":{"om_disable_all_campaigns":false,"_joinchat":[]},"product_cat":[178],"product_tag":[],"yoast_head":"<!-- This site is optimized with the Yoast SEO plugin v20.12 - https:\/\/yoast.com\/wordpress\/plugins\/seo\/ -->\n<title>Chariot D&#039;anesth\u00e9sie AT75001A2 - investmedic-store.com<\/title>\n<meta name=\"robots\" content=\"index, follow, max-snippet:-1, max-image-preview:large, max-video-preview:-1\" \/>\n<link rel=\"canonical\" href=\"https:\/\/investmedic-store.com\/?product=chariot-danesthesie-at75001a2\" \/>\n<meta property=\"og:locale\" content=\"fr_FR\" \/>\n<meta property=\"og:type\" content=\"article\" \/>\n<meta property=\"og:title\" content=\"Chariot D&#039;anesth\u00e9sie AT75001A2 - investmedic-store.com\" \/>\n<meta property=\"og:description\" content=\"Chariot m\u00e9dical en ABS et aluminium  Sp\u00e9cifications : 750 \u00d7 475 \u00d7 950 mm  1. Mat\u00e9riaux :    Structure en aluminium, acier et plastique ABS.  Colonnes triangulaires en alliage d\u2019aluminium avec quatre colonnes porteuses.  2.Partie sup\u00e9rieure :    Plateau en ABS moul\u00e9 par injection avec poign\u00e9es lat\u00e9rales.  Design concave emp\u00eachant les objets de glisser.  Garde-corps en acier inoxydable de 95 mm de hauteur.  Espace d\u2019utilisation interne : 515 \u00d7 435 mm.  Verre tremp\u00e9 transparent int\u00e9gr\u00e9.  3. C\u00f4t\u00e9 gauche :    Plan de travail auxiliaire coulissant r\u00e9tractable.  Grand bac de rangement d\u00e9tachable.  4. C\u00f4t\u00e9 droit :    Bo\u00eete pour objets tranchants de 3 litres rotative.  Poubelle \u00e0 couvercle rabattable (175 \u00d7 175 \u00d7 280 mm) avec deux compartiments pour tri des d\u00e9chets m\u00e9dicaux :  Jaune pour les d\u00e9chets dangereux.  Vert pour les d\u00e9chets m\u00e9nagers.  5. Derri\u00e8re le chariot :    Deux rang\u00e9es de tiroirs transparents \u00e0 dix compartiments, pouvant \u00eatre lev\u00e9s et abaiss\u00e9s pour une consultation rapide des m\u00e9dicaments.  Dimensions unitaires : 115 \u00d7 98 \u00d7 130 \u00d7 170 mm.  6. Partie centrale :    Serrure centrale rotative.  Cinq tiroirs :  Tiroirs de petite extraction (premier et deuxi\u00e8me niveaux) : 430 \u00d7 335 \u00d7 68 mm.  Tiroir de taille moyenne : 430 \u00d7 335 \u00d7 120 mm.  Grand tiroir profond : 430 \u00d7 335 \u00d7 170 mm.  Tiroir extra-profond : 430 \u00d7 335 \u00d7 240 mm.  S\u00e9parateurs amovibles (3 \u00d7 3) dans chaque tiroir.  Poign\u00e9e de type queue d\u2019aronde avec plaque d\u2019identification antivol (115 \u00d7 29 mm).  7. Base du chariot :    Quatre roues universelles de 4 pouces (luxe, silencieuses).  Deux roues avec frein.\" \/>\n<meta property=\"og:url\" content=\"https:\/\/investmedic-store.com\/?product=chariot-danesthesie-at75001a2\" \/>\n<meta property=\"og:site_name\" content=\"investmedic-store.com\" \/>\n<meta property=\"article:publisher\" content=\"https:\/\/www.facebook.com\/invest.medic\" \/>\n<meta property=\"og:image\" content=\"http:\/\/investmedic-store.com\/wp-content\/uploads\/2025\/05\/227.jpg\" \/>\n\t<meta property=\"og:image:width\" content=\"1587\" \/>\n\t<meta property=\"og:image:height\" content=\"2245\" \/>\n\t<meta property=\"og:image:type\" content=\"image\/jpeg\" \/>\n<meta name=\"twitter:card\" content=\"summary_large_image\" \/>\n<script type=\"application\/ld+json\" class=\"yoast-schema-graph\">{\"@context\":\"https:\/\/schema.org\",\"@graph\":[{\"@type\":\"WebPage\",\"@id\":\"https:\/\/investmedic-store.com\/?product=chariot-danesthesie-at75001a2\",\"url\":\"https:\/\/investmedic-store.com\/?product=chariot-danesthesie-at75001a2\",\"name\":\"Chariot D'anesth\u00e9sie AT75001A2 - investmedic-store.com\",\"isPartOf\":{\"@id\":\"https:\/\/investmedic-store.com\/#website\"},\"datePublished\":\"2025-05-10T14:47:35+00:00\",\"dateModified\":\"2025-05-10T14:47:35+00:00\",\"breadcrumb\":{\"@id\":\"https:\/\/investmedic-store.com\/?product=chariot-danesthesie-at75001a2#breadcrumb\"},\"inLanguage\":\"fr-FR\",\"potentialAction\":[{\"@type\":\"ReadAction\",\"target\":[\"https:\/\/investmedic-store.com\/?product=chariot-danesthesie-at75001a2\"]}]},{\"@type\":\"BreadcrumbList\",\"@id\":\"https:\/\/investmedic-store.com\/?product=chariot-danesthesie-at75001a2#breadcrumb\",\"itemListElement\":[{\"@type\":\"ListItem\",\"position\":1,\"name\":\"Accueil\",\"item\":\"https:\/\/investmedic-store.com\/\"},{\"@type\":\"ListItem\",\"position\":2,\"name\":\"Shop\",\"item\":\"https:\/\/investmedic-store.com\/?page_id=5\"},{\"@type\":\"ListItem\",\"position\":3,\"name\":\"Chariot D&#8217;anesth\u00e9sie AT75001A2\"}]},{\"@type\":\"WebSite\",\"@id\":\"https:\/\/investmedic-store.com\/#website\",\"url\":\"https:\/\/investmedic-store.com\/\",\"name\":\"invest medic store\",\"description\":\"Importation &amp; Distribution Du Materiels Medico-Chirurgicales - \u0627\u0633\u062a\u064a\u0631\u0627\u062f \u0648\u062a\u0648\u0632\u064a\u0639 \u0627\u0644\u0645\u0648\u0627\u062f \u0627\u0644\u0637\u0628\u064a\u0629 \u0627\u0644\u062c\u0631\u0627\u062d\u064a\u0629\",\"publisher\":{\"@id\":\"https:\/\/investmedic-store.com\/#organization\"},\"alternateName\":\"investmedic store\",\"potentialAction\":[{\"@type\":\"SearchAction\",\"target\":{\"@type\":\"EntryPoint\",\"urlTemplate\":\"https:\/\/investmedic-store.com\/?s={search_term_string}\"},\"query-input\":\"required name=search_term_string\"}],\"inLanguage\":\"fr-FR\"},{\"@type\":\"Organization\",\"@id\":\"https:\/\/investmedic-store.com\/#organization\",\"name\":\"invest.medic store\",\"alternateName\":\"investmedic store\",\"url\":\"https:\/\/investmedic-store.com\/\",\"logo\":{\"@type\":\"ImageObject\",\"inLanguage\":\"fr-FR\",\"@id\":\"https:\/\/investmedic-store.com\/#\/schema\/logo\/image\/\",\"url\":\"https:\/\/investmedic-store.com\/wp-content\/uploads\/2023\/07\/cropped-LOGO_INVEST-transformed-removebg-preview-transformed-1-e1690120839263.png\",\"contentUrl\":\"https:\/\/investmedic-store.com\/wp-content\/uploads\/2023\/07\/cropped-LOGO_INVEST-transformed-removebg-preview-transformed-1-e1690120839263.png\",\"width\":512,\"height\":512,\"caption\":\"invest.medic store\"},\"image\":{\"@id\":\"https:\/\/investmedic-store.com\/#\/schema\/logo\/image\/\"},\"sameAs\":[\"https:\/\/www.facebook.com\/invest.medic\"]}]}<\/script>\n<!-- \/ Yoast SEO plugin. -->","yoast_head_json":{"title":"Chariot D'anesth\u00e9sie AT75001A2 - investmedic-store.com","robots":{"index":"index","follow":"follow","max-snippet":"max-snippet:-1","max-image-preview":"max-image-preview:large","max-video-preview":"max-video-preview:-1"},"canonical":"https:\/\/investmedic-store.com\/?product=chariot-danesthesie-at75001a2","og_locale":"fr_FR","og_type":"article","og_title":"Chariot D'anesth\u00e9sie AT75001A2 - investmedic-store.com","og_description":"Chariot m\u00e9dical en ABS et aluminium  Sp\u00e9cifications : 750 \u00d7 475 \u00d7 950 mm  1. Mat\u00e9riaux :    Structure en aluminium, acier et plastique ABS.  Colonnes triangulaires en alliage d\u2019aluminium avec quatre colonnes porteuses.  2.Partie sup\u00e9rieure :    Plateau en ABS moul\u00e9 par injection avec poign\u00e9es lat\u00e9rales.  Design concave emp\u00eachant les objets de glisser.  Garde-corps en acier inoxydable de 95 mm de hauteur.  Espace d\u2019utilisation interne : 515 \u00d7 435 mm.  Verre tremp\u00e9 transparent int\u00e9gr\u00e9.  3. C\u00f4t\u00e9 gauche :    Plan de travail auxiliaire coulissant r\u00e9tractable.  Grand bac de rangement d\u00e9tachable.  4. C\u00f4t\u00e9 droit :    Bo\u00eete pour objets tranchants de 3 litres rotative.  Poubelle \u00e0 couvercle rabattable (175 \u00d7 175 \u00d7 280 mm) avec deux compartiments pour tri des d\u00e9chets m\u00e9dicaux :  Jaune pour les d\u00e9chets dangereux.  Vert pour les d\u00e9chets m\u00e9nagers.  5. Derri\u00e8re le chariot :    Deux rang\u00e9es de tiroirs transparents \u00e0 dix compartiments, pouvant \u00eatre lev\u00e9s et abaiss\u00e9s pour une consultation rapide des m\u00e9dicaments.  Dimensions unitaires : 115 \u00d7 98 \u00d7 130 \u00d7 170 mm.  6. Partie centrale :    Serrure centrale rotative.  Cinq tiroirs :  Tiroirs de petite extraction (premier et deuxi\u00e8me niveaux) : 430 \u00d7 335 \u00d7 68 mm.  Tiroir de taille moyenne : 430 \u00d7 335 \u00d7 120 mm.  Grand tiroir profond : 430 \u00d7 335 \u00d7 170 mm.  Tiroir extra-profond : 430 \u00d7 335 \u00d7 240 mm.  S\u00e9parateurs amovibles (3 \u00d7 3) dans chaque tiroir.  Poign\u00e9e de type queue d\u2019aronde avec plaque d\u2019identification antivol (115 \u00d7 29 mm).  7. Base du chariot :    Quatre roues universelles de 4 pouces (luxe, silencieuses).  Deux roues avec frein.","og_url":"https:\/\/investmedic-store.com\/?product=chariot-danesthesie-at75001a2","og_site_name":"investmedic-store.com","article_publisher":"https:\/\/www.facebook.com\/invest.medic","og_image":[{"width":1587,"height":2245,"url":"http:\/\/investmedic-store.com\/wp-content\/uploads\/2025\/05\/227.jpg","type":"image\/jpeg"}],"twitter_card":"summary_large_image","schema":{"@context":"https:\/\/schema.org","@graph":[{"@type":"WebPage","@id":"https:\/\/investmedic-store.com\/?product=chariot-danesthesie-at75001a2","url":"https:\/\/investmedic-store.com\/?product=chariot-danesthesie-at75001a2","name":"Chariot D'anesth\u00e9sie AT75001A2 - investmedic-store.com","isPartOf":{"@id":"https:\/\/investmedic-store.com\/#website"},"datePublished":"2025-05-10T14:47:35+00:00","dateModified":"2025-05-10T14:47:35+00:00","breadcrumb":{"@id":"https:\/\/investmedic-store.com\/?product=chariot-danesthesie-at75001a2#breadcrumb"},"inLanguage":"fr-FR","potentialAction":[{"@type":"ReadAction","target":["https:\/\/investmedic-store.com\/?product=chariot-danesthesie-at75001a2"]}]},{"@type":"BreadcrumbList","@id":"https:\/\/investmedic-store.com\/?product=chariot-danesthesie-at75001a2#breadcrumb","itemListElement":[{"@type":"ListItem","position":1,"name":"Accueil","item":"https:\/\/investmedic-store.com\/"},{"@type":"ListItem","position":2,"name":"Shop","item":"https:\/\/investmedic-store.com\/?page_id=5"},{"@type":"ListItem","position":3,"name":"Chariot D&#8217;anesth\u00e9sie AT75001A2"}]},{"@type":"WebSite","@id":"https:\/\/investmedic-store.com\/#website","url":"https:\/\/investmedic-store.com\/","name":"invest medic store","description":"Importation &amp; Distribution Du Materiels Medico-Chirurgicales - \u0627\u0633\u062a\u064a\u0631\u0627\u062f \u0648\u062a\u0648\u0632\u064a\u0639 \u0627\u0644\u0645\u0648\u0627\u062f \u0627\u0644\u0637\u0628\u064a\u0629 \u0627\u0644\u062c\u0631\u0627\u062d\u064a\u0629","publisher":{"@id":"https:\/\/investmedic-store.com\/#organization"},"alternateName":"investmedic store","potentialAction":[{"@type":"SearchAction","target":{"@type":"EntryPoint","urlTemplate":"https:\/\/investmedic-store.com\/?s={search_term_string}"},"query-input":"required name=search_term_string"}],"inLanguage":"fr-FR"},{"@type":"Organization","@id":"https:\/\/investmedic-store.com\/#organization","name":"invest.medic store","alternateName":"investmedic store","url":"https:\/\/investmedic-store.com\/","logo":{"@type":"ImageObject","inLanguage":"fr-FR","@id":"https:\/\/investmedic-store.com\/#\/schema\/logo\/image\/","url":"https:\/\/investmedic-store.com\/wp-content\/uploads\/2023\/07\/cropped-LOGO_INVEST-transformed-removebg-preview-transformed-1-e1690120839263.png","contentUrl":"https:\/\/investmedic-store.com\/wp-content\/uploads\/2023\/07\/cropped-LOGO_INVEST-transformed-removebg-preview-transformed-1-e1690120839263.png","width":512,"height":512,"caption":"invest.medic store"},"image":{"@id":"https:\/\/investmedic-store.com\/#\/schema\/logo\/image\/"},"sameAs":["https:\/\/www.facebook.com\/invest.medic"]}]}},"_links":{"self":[{"href":"https:\/\/investmedic-store.com\/index.php?rest_route=\/wp\/v2\/product\/2860"}],"collection":[{"href":"https:\/\/investmedic-store.com\/index.php?rest_route=\/wp\/v2\/product"}],"about":[{"href":"https:\/\/investmedic-store.com\/index.php?rest_route=\/wp\/v2\/types\/product"}],"replies":[{"embeddable":true,"href":"https:\/\/investmedic-store.com\/index.php?rest_route=%2Fwp%2Fv2%2Fcomments&post=2860"}],"wp:featuredmedia":[{"embeddable":true,"href":"https:\/\/investmedic-store.com\/index.php?rest_route=\/wp\/v2\/media\/2861"}],"wp:attachment":[{"href":"https:\/\/investmedic-store.com\/index.php?rest_route=%2Fwp%2Fv2%2Fmedia&parent=2860"}],"wp:term":[{"taxonomy":"product_cat","embeddable":true,"href":"https:\/\/investmedic-store.com\/index.php?rest_route=%2Fwp%2Fv2%2Fproduct_cat&post=2860"},{"taxonomy":"product_tag","embeddable":true,"href":"https:\/\/investmedic-store.com\/index.php?rest_route=%2Fwp%2Fv2%2Fproduct_tag&post=2860"}],"curies":[{"name":"wp","href":"https:\/\/api.w.org\/{rel}","templated":true}]}}