{"id":2856,"date":"2025-05-10T15:34:28","date_gmt":"2025-05-10T14:34:28","guid":{"rendered":"https:\/\/investmedic-store.com\/?post_type=product&#038;p=2856"},"modified":"2025-05-10T15:34:29","modified_gmt":"2025-05-10T14:34:29","slug":"chariot-transport-malade-large-avec-matelas-k3d","status":"publish","type":"product","link":"https:\/\/investmedic-store.com\/?product=chariot-transport-malade-large-avec-matelas-k3d","title":{"rendered":"Chariot Transport Malade LARGE  Avec Matelas K3D"},"content":{"rendered":"<div>\n<div>\n<p>caract\u00e9ristiques<\/p>\n<\/div>\n<\/div>\n<div>\n<ul>\n<li>Le v\u00e9hicule de transfert m\u00e9dical K3 est con\u00e7u pour faciliter le transport et le soin des patients au sein d&#8217;un \u00e9tablissement hospitalier.<\/li>\n<\/ul>\n<p>Fonctionnalit\u00e9s cl\u00e9s :<\/p>\n<\/div>\n<div>\n<ul>\n<li>Mat\u00e9riaux: utilisation de PE import\u00e9s pour une l\u00e9g\u00e8ret\u00e9 et une r\u00e9sistance optimales<\/li>\n<li>Stabilit\u00e9 et maniabilit\u00e9: syst\u00e8me de freins \u00e0 commande centrale et dispositif de roue directrice garantissant la stabilit\u00e9 et la facilit\u00e9 de man\u0153uvre<\/li>\n<li>Confort patient: garde-corps et dossier pneumatiques pour un positionnement et un transport agr\u00e9ables<\/li>\n<li>Fonctionnalit\u00e9s multiples: guidage, inclinaison et levage du lit pour r\u00e9pondre aux besoins m\u00e9dicaux sp\u00e9cifiques<\/li>\n<\/ul>\n<\/div>\n<div>\n<p>&nbsp;<\/p>\n<\/div>\n","protected":false},"excerpt":{"rendered":"<div>\n<p>Inclinabilit\u00e9 du dossier: r\u00e9glable de 0\u00b0 \u00e0 60\u00b0 \u00b1 5\u00b0<\/p>\n<\/div>\n<div>\n<p>Plage de r\u00e9glage de la hauteur: 535 mm \u00e0 835 mm<\/p>\n<\/div>\n<div>\n<p>Dimensions hors-tout: 1980 mm x 700 mm x 520 mm \/ 820 mm (L x l x H avec \/ sans roues)<\/p>\n<\/div>\n<div>\n<p>\u00c9quipement: support avec verrouillage pour bouteille d&#8217;oxyg\u00e8ne, syst\u00e8me de freins \u00e0 commande centrale, syst\u00e8me d&#8217;assistance hydraulique, dispositif de l\u00e9vitation par tige filet\u00e9e, garde-corps ABS \u00e0 levage pneumatique<\/p>\n<\/div>\n","protected":false},"featured_media":2857,"comment_status":"open","ping_status":"closed","template":"","meta":{"om_disable_all_campaigns":false,"_joinchat":[]},"product_cat":[178],"product_tag":[],"yoast_head":"<!-- This site is optimized with the Yoast SEO plugin v20.12 - https:\/\/yoast.com\/wordpress\/plugins\/seo\/ -->\n<title>Chariot Transport Malade LARGE Avec Matelas K3D - investmedic-store.com<\/title>\n<meta name=\"robots\" content=\"index, follow, max-snippet:-1, max-image-preview:large, max-video-preview:-1\" \/>\n<link rel=\"canonical\" href=\"https:\/\/investmedic-store.com\/?product=chariot-transport-malade-large-avec-matelas-k3d\" \/>\n<meta property=\"og:locale\" content=\"fr_FR\" \/>\n<meta property=\"og:type\" content=\"article\" \/>\n<meta property=\"og:title\" content=\"Chariot Transport Malade LARGE Avec Matelas K3D - investmedic-store.com\" \/>\n<meta property=\"og:description\" content=\"Inclinabilit\u00e9 du dossier: r\u00e9glable de 0\u00b0 \u00e0 60\u00b0 \u00b1 5\u00b0     Plage de r\u00e9glage de la hauteur: 535 mm \u00e0 835 mm     Dimensions hors-tout: 1980 mm x 700 mm x 520 mm \/ 820 mm (L x l x H avec \/ sans roues)     \u00c9quipement: support avec verrouillage pour bouteille d&#039;oxyg\u00e8ne, syst\u00e8me de freins \u00e0 commande centrale, syst\u00e8me d&#039;assistance hydraulique, dispositif de l\u00e9vitation par tige filet\u00e9e, garde-corps ABS \u00e0 levage pneumatique\" \/>\n<meta property=\"og:url\" content=\"https:\/\/investmedic-store.com\/?product=chariot-transport-malade-large-avec-matelas-k3d\" \/>\n<meta property=\"og:site_name\" content=\"investmedic-store.com\" \/>\n<meta property=\"article:publisher\" content=\"https:\/\/www.facebook.com\/invest.medic\" \/>\n<meta property=\"article:modified_time\" content=\"2025-05-10T14:34:29+00:00\" \/>\n<meta property=\"og:image\" content=\"http:\/\/investmedic-store.com\/wp-content\/uploads\/2025\/05\/225.jpg\" \/>\n\t<meta property=\"og:image:width\" content=\"1587\" \/>\n\t<meta property=\"og:image:height\" content=\"2245\" \/>\n\t<meta property=\"og:image:type\" content=\"image\/jpeg\" \/>\n<meta name=\"twitter:card\" content=\"summary_large_image\" \/>\n<meta name=\"twitter:label1\" content=\"Dur\u00e9e de lecture estim\u00e9e\" \/>\n\t<meta name=\"twitter:data1\" content=\"1 minute\" \/>\n<script type=\"application\/ld+json\" class=\"yoast-schema-graph\">{\"@context\":\"https:\/\/schema.org\",\"@graph\":[{\"@type\":\"WebPage\",\"@id\":\"https:\/\/investmedic-store.com\/?product=chariot-transport-malade-large-avec-matelas-k3d\",\"url\":\"https:\/\/investmedic-store.com\/?product=chariot-transport-malade-large-avec-matelas-k3d\",\"name\":\"Chariot Transport Malade LARGE Avec Matelas K3D - investmedic-store.com\",\"isPartOf\":{\"@id\":\"https:\/\/investmedic-store.com\/#website\"},\"datePublished\":\"2025-05-10T14:34:28+00:00\",\"dateModified\":\"2025-05-10T14:34:29+00:00\",\"breadcrumb\":{\"@id\":\"https:\/\/investmedic-store.com\/?product=chariot-transport-malade-large-avec-matelas-k3d#breadcrumb\"},\"inLanguage\":\"fr-FR\",\"potentialAction\":[{\"@type\":\"ReadAction\",\"target\":[\"https:\/\/investmedic-store.com\/?product=chariot-transport-malade-large-avec-matelas-k3d\"]}]},{\"@type\":\"BreadcrumbList\",\"@id\":\"https:\/\/investmedic-store.com\/?product=chariot-transport-malade-large-avec-matelas-k3d#breadcrumb\",\"itemListElement\":[{\"@type\":\"ListItem\",\"position\":1,\"name\":\"Accueil\",\"item\":\"https:\/\/investmedic-store.com\/\"},{\"@type\":\"ListItem\",\"position\":2,\"name\":\"Shop\",\"item\":\"https:\/\/investmedic-store.com\/?page_id=5\"},{\"@type\":\"ListItem\",\"position\":3,\"name\":\"Chariot Transport Malade LARGE Avec Matelas K3D\"}]},{\"@type\":\"WebSite\",\"@id\":\"https:\/\/investmedic-store.com\/#website\",\"url\":\"https:\/\/investmedic-store.com\/\",\"name\":\"invest medic store\",\"description\":\"Importation &amp; Distribution Du Materiels Medico-Chirurgicales - \u0627\u0633\u062a\u064a\u0631\u0627\u062f \u0648\u062a\u0648\u0632\u064a\u0639 \u0627\u0644\u0645\u0648\u0627\u062f \u0627\u0644\u0637\u0628\u064a\u0629 \u0627\u0644\u062c\u0631\u0627\u062d\u064a\u0629\",\"publisher\":{\"@id\":\"https:\/\/investmedic-store.com\/#organization\"},\"alternateName\":\"investmedic store\",\"potentialAction\":[{\"@type\":\"SearchAction\",\"target\":{\"@type\":\"EntryPoint\",\"urlTemplate\":\"https:\/\/investmedic-store.com\/?s={search_term_string}\"},\"query-input\":\"required name=search_term_string\"}],\"inLanguage\":\"fr-FR\"},{\"@type\":\"Organization\",\"@id\":\"https:\/\/investmedic-store.com\/#organization\",\"name\":\"invest.medic store\",\"alternateName\":\"investmedic store\",\"url\":\"https:\/\/investmedic-store.com\/\",\"logo\":{\"@type\":\"ImageObject\",\"inLanguage\":\"fr-FR\",\"@id\":\"https:\/\/investmedic-store.com\/#\/schema\/logo\/image\/\",\"url\":\"https:\/\/investmedic-store.com\/wp-content\/uploads\/2023\/07\/cropped-LOGO_INVEST-transformed-removebg-preview-transformed-1-e1690120839263.png\",\"contentUrl\":\"https:\/\/investmedic-store.com\/wp-content\/uploads\/2023\/07\/cropped-LOGO_INVEST-transformed-removebg-preview-transformed-1-e1690120839263.png\",\"width\":512,\"height\":512,\"caption\":\"invest.medic store\"},\"image\":{\"@id\":\"https:\/\/investmedic-store.com\/#\/schema\/logo\/image\/\"},\"sameAs\":[\"https:\/\/www.facebook.com\/invest.medic\"]}]}<\/script>\n<!-- \/ Yoast SEO plugin. -->","yoast_head_json":{"title":"Chariot Transport Malade LARGE Avec Matelas K3D - investmedic-store.com","robots":{"index":"index","follow":"follow","max-snippet":"max-snippet:-1","max-image-preview":"max-image-preview:large","max-video-preview":"max-video-preview:-1"},"canonical":"https:\/\/investmedic-store.com\/?product=chariot-transport-malade-large-avec-matelas-k3d","og_locale":"fr_FR","og_type":"article","og_title":"Chariot Transport Malade LARGE Avec Matelas K3D - investmedic-store.com","og_description":"Inclinabilit\u00e9 du dossier: r\u00e9glable de 0\u00b0 \u00e0 60\u00b0 \u00b1 5\u00b0     Plage de r\u00e9glage de la hauteur: 535 mm \u00e0 835 mm     Dimensions hors-tout: 1980 mm x 700 mm x 520 mm \/ 820 mm (L x l x H avec \/ sans roues)     \u00c9quipement: support avec verrouillage pour bouteille d'oxyg\u00e8ne, syst\u00e8me de freins \u00e0 commande centrale, syst\u00e8me d'assistance hydraulique, dispositif de l\u00e9vitation par tige filet\u00e9e, garde-corps ABS \u00e0 levage pneumatique","og_url":"https:\/\/investmedic-store.com\/?product=chariot-transport-malade-large-avec-matelas-k3d","og_site_name":"investmedic-store.com","article_publisher":"https:\/\/www.facebook.com\/invest.medic","article_modified_time":"2025-05-10T14:34:29+00:00","og_image":[{"width":1587,"height":2245,"url":"http:\/\/investmedic-store.com\/wp-content\/uploads\/2025\/05\/225.jpg","type":"image\/jpeg"}],"twitter_card":"summary_large_image","twitter_misc":{"Dur\u00e9e de lecture estim\u00e9e":"1 minute"},"schema":{"@context":"https:\/\/schema.org","@graph":[{"@type":"WebPage","@id":"https:\/\/investmedic-store.com\/?product=chariot-transport-malade-large-avec-matelas-k3d","url":"https:\/\/investmedic-store.com\/?product=chariot-transport-malade-large-avec-matelas-k3d","name":"Chariot Transport Malade LARGE Avec Matelas K3D - investmedic-store.com","isPartOf":{"@id":"https:\/\/investmedic-store.com\/#website"},"datePublished":"2025-05-10T14:34:28+00:00","dateModified":"2025-05-10T14:34:29+00:00","breadcrumb":{"@id":"https:\/\/investmedic-store.com\/?product=chariot-transport-malade-large-avec-matelas-k3d#breadcrumb"},"inLanguage":"fr-FR","potentialAction":[{"@type":"ReadAction","target":["https:\/\/investmedic-store.com\/?product=chariot-transport-malade-large-avec-matelas-k3d"]}]},{"@type":"BreadcrumbList","@id":"https:\/\/investmedic-store.com\/?product=chariot-transport-malade-large-avec-matelas-k3d#breadcrumb","itemListElement":[{"@type":"ListItem","position":1,"name":"Accueil","item":"https:\/\/investmedic-store.com\/"},{"@type":"ListItem","position":2,"name":"Shop","item":"https:\/\/investmedic-store.com\/?page_id=5"},{"@type":"ListItem","position":3,"name":"Chariot Transport Malade LARGE Avec Matelas K3D"}]},{"@type":"WebSite","@id":"https:\/\/investmedic-store.com\/#website","url":"https:\/\/investmedic-store.com\/","name":"invest medic store","description":"Importation &amp; Distribution Du Materiels Medico-Chirurgicales - \u0627\u0633\u062a\u064a\u0631\u0627\u062f \u0648\u062a\u0648\u0632\u064a\u0639 \u0627\u0644\u0645\u0648\u0627\u062f \u0627\u0644\u0637\u0628\u064a\u0629 \u0627\u0644\u062c\u0631\u0627\u062d\u064a\u0629","publisher":{"@id":"https:\/\/investmedic-store.com\/#organization"},"alternateName":"investmedic store","potentialAction":[{"@type":"SearchAction","target":{"@type":"EntryPoint","urlTemplate":"https:\/\/investmedic-store.com\/?s={search_term_string}"},"query-input":"required name=search_term_string"}],"inLanguage":"fr-FR"},{"@type":"Organization","@id":"https:\/\/investmedic-store.com\/#organization","name":"invest.medic store","alternateName":"investmedic store","url":"https:\/\/investmedic-store.com\/","logo":{"@type":"ImageObject","inLanguage":"fr-FR","@id":"https:\/\/investmedic-store.com\/#\/schema\/logo\/image\/","url":"https:\/\/investmedic-store.com\/wp-content\/uploads\/2023\/07\/cropped-LOGO_INVEST-transformed-removebg-preview-transformed-1-e1690120839263.png","contentUrl":"https:\/\/investmedic-store.com\/wp-content\/uploads\/2023\/07\/cropped-LOGO_INVEST-transformed-removebg-preview-transformed-1-e1690120839263.png","width":512,"height":512,"caption":"invest.medic store"},"image":{"@id":"https:\/\/investmedic-store.com\/#\/schema\/logo\/image\/"},"sameAs":["https:\/\/www.facebook.com\/invest.medic"]}]}},"_links":{"self":[{"href":"https:\/\/investmedic-store.com\/index.php?rest_route=\/wp\/v2\/product\/2856"}],"collection":[{"href":"https:\/\/investmedic-store.com\/index.php?rest_route=\/wp\/v2\/product"}],"about":[{"href":"https:\/\/investmedic-store.com\/index.php?rest_route=\/wp\/v2\/types\/product"}],"replies":[{"embeddable":true,"href":"https:\/\/investmedic-store.com\/index.php?rest_route=%2Fwp%2Fv2%2Fcomments&post=2856"}],"wp:featuredmedia":[{"embeddable":true,"href":"https:\/\/investmedic-store.com\/index.php?rest_route=\/wp\/v2\/media\/2857"}],"wp:attachment":[{"href":"https:\/\/investmedic-store.com\/index.php?rest_route=%2Fwp%2Fv2%2Fmedia&parent=2856"}],"wp:term":[{"taxonomy":"product_cat","embeddable":true,"href":"https:\/\/investmedic-store.com\/index.php?rest_route=%2Fwp%2Fv2%2Fproduct_cat&post=2856"},{"taxonomy":"product_tag","embeddable":true,"href":"https:\/\/investmedic-store.com\/index.php?rest_route=%2Fwp%2Fv2%2Fproduct_tag&post=2856"}],"curies":[{"name":"wp","href":"https:\/\/api.w.org\/{rel}","templated":true}]}}