{"id":2798,"date":"2024-12-17T16:29:44","date_gmt":"2024-12-17T15:29:44","guid":{"rendered":"https:\/\/investmedic-store.com\/?post_type=product&#038;p=2798"},"modified":"2024-12-17T16:29:44","modified_gmt":"2024-12-17T15:29:44","slug":"porte-document-en-inox","status":"publish","type":"product","link":"https:\/\/investmedic-store.com\/?product=porte-document-en-inox","title":{"rendered":"Porte Document en Inox"},"content":{"rendered":"","protected":false},"excerpt":{"rendered":"<p><strong>Caract\u00e9ristiques technique<\/strong><\/p>\n<p>\u2022 ce bloc peut \u00eatre accroch\u00e9 aux lits d&#8217;h\u00f4pitaux ou aux syst\u00e8mes de cloisonnement avec une largeur de la surface d&#8217;accrochage jusqu&#8217;\u00e0 4,5 cm<\/p>\n<p>\u2022 format portrait<\/p>\n<p>\u2022plaque en inox anodis\u00e9<\/p>\n<p>\u2022 \u00c9paisseur de la plaque 0,12 cm<\/p>\n<p>\u2022 Tr\u00e8s rigide malgr\u00e9 la fine \u00e9paisseur<\/p>\n<p>\u2022 Coins arrondis<\/p>\n<p>\u2022 nettoyage facile<\/p>\n<p>\u2022 pince plate \u00e0 arceau avec anse de manipulation<\/p>\n<p>\u2022 avec patte d&#8217;accrochage r\u00e9tractable<\/p>\n<p>\u2022 ouverture de la pince env. 0,8 cm<\/p>\n<p>\u2022 dimensions: L 40cm l 25cm<\/p>\n","protected":false},"featured_media":2799,"comment_status":"open","ping_status":"closed","template":"","meta":{"om_disable_all_campaigns":false,"_joinchat":[]},"product_cat":[99,180],"product_tag":[],"yoast_head":"<!-- This site is optimized with the Yoast SEO plugin v20.12 - https:\/\/yoast.com\/wordpress\/plugins\/seo\/ -->\n<title>Porte Document en Inox - investmedic-store.com<\/title>\n<meta name=\"robots\" content=\"index, follow, max-snippet:-1, max-image-preview:large, max-video-preview:-1\" \/>\n<link rel=\"canonical\" href=\"https:\/\/investmedic-store.com\/?product=porte-document-en-inox\" \/>\n<meta property=\"og:locale\" content=\"fr_FR\" \/>\n<meta property=\"og:type\" content=\"article\" \/>\n<meta property=\"og:title\" content=\"Porte Document en Inox - investmedic-store.com\" \/>\n<meta property=\"og:description\" content=\"Caract\u00e9ristiques technique  \u2022 ce bloc peut \u00eatre accroch\u00e9 aux lits d&#039;h\u00f4pitaux ou aux syst\u00e8mes de cloisonnement avec une largeur de la surface d&#039;accrochage jusqu&#039;\u00e0 4,5 cm  \u2022 format portrait  \u2022plaque en inox anodis\u00e9  \u2022 \u00c9paisseur de la plaque 0,12 cm  \u2022 Tr\u00e8s rigide malgr\u00e9 la fine \u00e9paisseur  \u2022 Coins arrondis  \u2022 nettoyage facile  \u2022 pince plate \u00e0 arceau avec anse de manipulation  \u2022 avec patte d&#039;accrochage r\u00e9tractable  \u2022 ouverture de la pince env. 0,8 cm  \u2022 dimensions: L 40cm l 25cm\" \/>\n<meta property=\"og:url\" content=\"https:\/\/investmedic-store.com\/?product=porte-document-en-inox\" \/>\n<meta property=\"og:site_name\" content=\"investmedic-store.com\" \/>\n<meta property=\"article:publisher\" content=\"https:\/\/www.facebook.com\/invest.medic\" \/>\n<meta property=\"og:image\" content=\"http:\/\/investmedic-store.com\/wp-content\/uploads\/2024\/12\/1091.jpg\" \/>\n\t<meta property=\"og:image:width\" content=\"1587\" \/>\n\t<meta property=\"og:image:height\" content=\"2245\" \/>\n\t<meta property=\"og:image:type\" content=\"image\/jpeg\" \/>\n<meta name=\"twitter:card\" content=\"summary_large_image\" \/>\n<script type=\"application\/ld+json\" class=\"yoast-schema-graph\">{\"@context\":\"https:\/\/schema.org\",\"@graph\":[{\"@type\":\"WebPage\",\"@id\":\"https:\/\/investmedic-store.com\/?product=porte-document-en-inox\",\"url\":\"https:\/\/investmedic-store.com\/?product=porte-document-en-inox\",\"name\":\"Porte Document en Inox - investmedic-store.com\",\"isPartOf\":{\"@id\":\"https:\/\/investmedic-store.com\/#website\"},\"datePublished\":\"2024-12-17T15:29:44+00:00\",\"dateModified\":\"2024-12-17T15:29:44+00:00\",\"breadcrumb\":{\"@id\":\"https:\/\/investmedic-store.com\/?product=porte-document-en-inox#breadcrumb\"},\"inLanguage\":\"fr-FR\",\"potentialAction\":[{\"@type\":\"ReadAction\",\"target\":[\"https:\/\/investmedic-store.com\/?product=porte-document-en-inox\"]}]},{\"@type\":\"BreadcrumbList\",\"@id\":\"https:\/\/investmedic-store.com\/?product=porte-document-en-inox#breadcrumb\",\"itemListElement\":[{\"@type\":\"ListItem\",\"position\":1,\"name\":\"Accueil\",\"item\":\"https:\/\/investmedic-store.com\/\"},{\"@type\":\"ListItem\",\"position\":2,\"name\":\"Shop\",\"item\":\"https:\/\/investmedic-store.com\/?page_id=5\"},{\"@type\":\"ListItem\",\"position\":3,\"name\":\"Porte Document en Inox\"}]},{\"@type\":\"WebSite\",\"@id\":\"https:\/\/investmedic-store.com\/#website\",\"url\":\"https:\/\/investmedic-store.com\/\",\"name\":\"invest medic store\",\"description\":\"Importation &amp; Distribution Du Materiels Medico-Chirurgicales - \u0627\u0633\u062a\u064a\u0631\u0627\u062f \u0648\u062a\u0648\u0632\u064a\u0639 \u0627\u0644\u0645\u0648\u0627\u062f \u0627\u0644\u0637\u0628\u064a\u0629 \u0627\u0644\u062c\u0631\u0627\u062d\u064a\u0629\",\"publisher\":{\"@id\":\"https:\/\/investmedic-store.com\/#organization\"},\"alternateName\":\"investmedic store\",\"potentialAction\":[{\"@type\":\"SearchAction\",\"target\":{\"@type\":\"EntryPoint\",\"urlTemplate\":\"https:\/\/investmedic-store.com\/?s={search_term_string}\"},\"query-input\":\"required name=search_term_string\"}],\"inLanguage\":\"fr-FR\"},{\"@type\":\"Organization\",\"@id\":\"https:\/\/investmedic-store.com\/#organization\",\"name\":\"invest.medic store\",\"alternateName\":\"investmedic store\",\"url\":\"https:\/\/investmedic-store.com\/\",\"logo\":{\"@type\":\"ImageObject\",\"inLanguage\":\"fr-FR\",\"@id\":\"https:\/\/investmedic-store.com\/#\/schema\/logo\/image\/\",\"url\":\"https:\/\/investmedic-store.com\/wp-content\/uploads\/2023\/07\/cropped-LOGO_INVEST-transformed-removebg-preview-transformed-1-e1690120839263.png\",\"contentUrl\":\"https:\/\/investmedic-store.com\/wp-content\/uploads\/2023\/07\/cropped-LOGO_INVEST-transformed-removebg-preview-transformed-1-e1690120839263.png\",\"width\":512,\"height\":512,\"caption\":\"invest.medic store\"},\"image\":{\"@id\":\"https:\/\/investmedic-store.com\/#\/schema\/logo\/image\/\"},\"sameAs\":[\"https:\/\/www.facebook.com\/invest.medic\"]}]}<\/script>\n<!-- \/ Yoast SEO plugin. -->","yoast_head_json":{"title":"Porte Document en Inox - investmedic-store.com","robots":{"index":"index","follow":"follow","max-snippet":"max-snippet:-1","max-image-preview":"max-image-preview:large","max-video-preview":"max-video-preview:-1"},"canonical":"https:\/\/investmedic-store.com\/?product=porte-document-en-inox","og_locale":"fr_FR","og_type":"article","og_title":"Porte Document en Inox - investmedic-store.com","og_description":"Caract\u00e9ristiques technique  \u2022 ce bloc peut \u00eatre accroch\u00e9 aux lits d'h\u00f4pitaux ou aux syst\u00e8mes de cloisonnement avec une largeur de la surface d'accrochage jusqu'\u00e0 4,5 cm  \u2022 format portrait  \u2022plaque en inox anodis\u00e9  \u2022 \u00c9paisseur de la plaque 0,12 cm  \u2022 Tr\u00e8s rigide malgr\u00e9 la fine \u00e9paisseur  \u2022 Coins arrondis  \u2022 nettoyage facile  \u2022 pince plate \u00e0 arceau avec anse de manipulation  \u2022 avec patte d'accrochage r\u00e9tractable  \u2022 ouverture de la pince env. 0,8 cm  \u2022 dimensions: L 40cm l 25cm","og_url":"https:\/\/investmedic-store.com\/?product=porte-document-en-inox","og_site_name":"investmedic-store.com","article_publisher":"https:\/\/www.facebook.com\/invest.medic","og_image":[{"width":1587,"height":2245,"url":"http:\/\/investmedic-store.com\/wp-content\/uploads\/2024\/12\/1091.jpg","type":"image\/jpeg"}],"twitter_card":"summary_large_image","schema":{"@context":"https:\/\/schema.org","@graph":[{"@type":"WebPage","@id":"https:\/\/investmedic-store.com\/?product=porte-document-en-inox","url":"https:\/\/investmedic-store.com\/?product=porte-document-en-inox","name":"Porte Document en Inox - investmedic-store.com","isPartOf":{"@id":"https:\/\/investmedic-store.com\/#website"},"datePublished":"2024-12-17T15:29:44+00:00","dateModified":"2024-12-17T15:29:44+00:00","breadcrumb":{"@id":"https:\/\/investmedic-store.com\/?product=porte-document-en-inox#breadcrumb"},"inLanguage":"fr-FR","potentialAction":[{"@type":"ReadAction","target":["https:\/\/investmedic-store.com\/?product=porte-document-en-inox"]}]},{"@type":"BreadcrumbList","@id":"https:\/\/investmedic-store.com\/?product=porte-document-en-inox#breadcrumb","itemListElement":[{"@type":"ListItem","position":1,"name":"Accueil","item":"https:\/\/investmedic-store.com\/"},{"@type":"ListItem","position":2,"name":"Shop","item":"https:\/\/investmedic-store.com\/?page_id=5"},{"@type":"ListItem","position":3,"name":"Porte Document en Inox"}]},{"@type":"WebSite","@id":"https:\/\/investmedic-store.com\/#website","url":"https:\/\/investmedic-store.com\/","name":"invest medic store","description":"Importation &amp; Distribution Du Materiels Medico-Chirurgicales - \u0627\u0633\u062a\u064a\u0631\u0627\u062f \u0648\u062a\u0648\u0632\u064a\u0639 \u0627\u0644\u0645\u0648\u0627\u062f \u0627\u0644\u0637\u0628\u064a\u0629 \u0627\u0644\u062c\u0631\u0627\u062d\u064a\u0629","publisher":{"@id":"https:\/\/investmedic-store.com\/#organization"},"alternateName":"investmedic store","potentialAction":[{"@type":"SearchAction","target":{"@type":"EntryPoint","urlTemplate":"https:\/\/investmedic-store.com\/?s={search_term_string}"},"query-input":"required name=search_term_string"}],"inLanguage":"fr-FR"},{"@type":"Organization","@id":"https:\/\/investmedic-store.com\/#organization","name":"invest.medic store","alternateName":"investmedic store","url":"https:\/\/investmedic-store.com\/","logo":{"@type":"ImageObject","inLanguage":"fr-FR","@id":"https:\/\/investmedic-store.com\/#\/schema\/logo\/image\/","url":"https:\/\/investmedic-store.com\/wp-content\/uploads\/2023\/07\/cropped-LOGO_INVEST-transformed-removebg-preview-transformed-1-e1690120839263.png","contentUrl":"https:\/\/investmedic-store.com\/wp-content\/uploads\/2023\/07\/cropped-LOGO_INVEST-transformed-removebg-preview-transformed-1-e1690120839263.png","width":512,"height":512,"caption":"invest.medic store"},"image":{"@id":"https:\/\/investmedic-store.com\/#\/schema\/logo\/image\/"},"sameAs":["https:\/\/www.facebook.com\/invest.medic"]}]}},"_links":{"self":[{"href":"https:\/\/investmedic-store.com\/index.php?rest_route=\/wp\/v2\/product\/2798"}],"collection":[{"href":"https:\/\/investmedic-store.com\/index.php?rest_route=\/wp\/v2\/product"}],"about":[{"href":"https:\/\/investmedic-store.com\/index.php?rest_route=\/wp\/v2\/types\/product"}],"replies":[{"embeddable":true,"href":"https:\/\/investmedic-store.com\/index.php?rest_route=%2Fwp%2Fv2%2Fcomments&post=2798"}],"wp:featuredmedia":[{"embeddable":true,"href":"https:\/\/investmedic-store.com\/index.php?rest_route=\/wp\/v2\/media\/2799"}],"wp:attachment":[{"href":"https:\/\/investmedic-store.com\/index.php?rest_route=%2Fwp%2Fv2%2Fmedia&parent=2798"}],"wp:term":[{"taxonomy":"product_cat","embeddable":true,"href":"https:\/\/investmedic-store.com\/index.php?rest_route=%2Fwp%2Fv2%2Fproduct_cat&post=2798"},{"taxonomy":"product_tag","embeddable":true,"href":"https:\/\/investmedic-store.com\/index.php?rest_route=%2Fwp%2Fv2%2Fproduct_tag&post=2798"}],"curies":[{"name":"wp","href":"https:\/\/api.w.org\/{rel}","templated":true}]}}