{"id":2730,"date":"2024-08-24T14:58:24","date_gmt":"2024-08-24T13:58:24","guid":{"rendered":"https:\/\/investmedic-store.com\/?post_type=product&#038;p=2730"},"modified":"2024-08-24T14:58:24","modified_gmt":"2024-08-24T13:58:24","slug":"diode-laser-980-nm-1470-nm-lipo-endolift","status":"publish","type":"product","link":"https:\/\/investmedic-store.com\/?product=diode-laser-980-nm-1470-nm-lipo-endolift","title":{"rendered":"Diode laser 980 nm + 1470 nm Lipo &#038; Endolift"},"content":{"rendered":"<p class=\"cvGsUA direction-ltr align-start para-style-body\"><span class=\"OYPEnA font-feature-liga-off font-feature-clig-off font-feature-calt-off text-decoration-none text-strikethrough-none\">Le \u00ab Diode Laser 980nm+1470nm \u00bb se compose de 04 composants principaux :<\/span><\/p>\n<p class=\"cvGsUA direction-ltr align-start para-style-body\"><span class=\"OYPEnA font-feature-liga-off font-feature-clig-off font-feature-calt-off text-decoration-none text-strikethrough-none\">(1) Syst\u00e8me laser<\/span><\/p>\n<p class=\"cvGsUA direction-ltr align-start para-style-body\"><span class=\"OYPEnA font-feature-liga-off font-feature-clig-off font-feature-calt-off text-decoration-none text-strikethrough-none\">(2) \u00c9cran tactile couleur<\/span><\/p>\n<p class=\"cvGsUA direction-ltr align-start para-style-body\"><span class=\"OYPEnA font-feature-liga-off font-feature-clig-off font-feature-calt-off text-decoration-none text-strikethrough-none\">(3) Fibre et la pi\u00e8ce \u00e0 main<\/span><\/p>\n<p class=\"cvGsUA direction-ltr align-start para-style-body\"><span class=\"OYPEnA font-feature-liga-off font-feature-clig-off font-feature-calt-off text-decoration-none text-strikethrough-none\">(4) Interrupteur \u00e0 pied<\/span><\/p>\n<p class=\"cvGsUA direction-ltr align-start para-style-body\"><span class=\"OYPEnA font-feature-liga-off font-feature-clig-off font-feature-calt-off text-decoration-none text-strikethrough-none\">Le syst\u00e8me laser se compose du module laser \u00e0 diode coupl\u00e9e \u00e0 la fibre,<\/span><\/p>\n<p class=\"cvGsUA direction-ltr align-start para-style-body\"><span class=\"OYPEnA font-feature-liga-off font-feature-clig-off font-feature-calt-off text-decoration-none text-strikethrough-none\">de l&#8217;alimentation \u00e9lectrique,<\/span><\/p>\n<p class=\"cvGsUA direction-ltr align-start para-style-body\"><span class=\"OYPEnA font-feature-liga-off font-feature-clig-off font-feature-calt-off text-decoration-none text-strikethrough-none\">du panneau de commande,<\/span><\/p>\n<p class=\"cvGsUA direction-ltr align-start para-style-body\"><span class=\"OYPEnA font-feature-liga-off font-feature-clig-off font-feature-calt-off text-decoration-none text-strikethrough-none\">de l&#8217;obturateur de s\u00e9curit\u00e9<\/span><\/p>\n<p class=\"cvGsUA direction-ltr align-start para-style-body\"><span class=\"OYPEnA font-feature-liga-off font-feature-clig-off font-feature-calt-off text-decoration-none text-strikethrough-none\">et du syst\u00e8me de contr\u00f4le par ordinateur int\u00e9gr\u00e9.<\/span><\/p>\n<p class=\"cvGsUA direction-ltr align-start para-style-body\"><span class=\"OYPEnA font-feature-liga-off font-feature-clig-off font-feature-calt-off text-decoration-none text-strikethrough-none\">fonctionnalit\u00e9<\/span><\/p>\n<ul>\n<li><span class=\"OYPEnA font-feature-liga-off font-feature-clig-off font-feature-calt-off text-decoration-none text-strikethrough-none\">Utilisation de lasers de qualit\u00e9 m\u00e9dicale pour cr\u00e9er un faisceau lumineux ciblant les cellules graisseuses.<\/span><\/li>\n<li><span class=\"OYPEnA font-feature-liga-off font-feature-clig-off font-feature-calt-off text-decoration-none text-strikethrough-none\">Fragmentation des cellules graisseuses et fonte de la graisse par des effets thermiques et photom\u00e9caniques.<\/span><\/li>\n<li><span class=\"OYPEnA font-feature-liga-off font-feature-clig-off font-feature-calt-off text-decoration-none text-strikethrough-none\">Stimulation de la production de collag\u00e8ne et raffermissement cutan\u00e9 des zones trait\u00e9es.<\/span><\/li>\n<\/ul>\n","protected":false},"excerpt":{"rendered":"<div>\n<p>Type de laser: Diode laser 980 nm + 1470 nm Lipo &amp; Endolift<\/p>\n<div>\n<p>Puissance de sortie: 980 nm : 1-30 W ; 1470 nm : 17 W<\/p>\n<div>\n<p>Type de laser: Continu, puls\u00e9 et unique<\/p>\n<div>\n<p>Largeur d&#8217;impulsion: 0,01-10,0s<\/p>\n<div>\n<p>D\u00e9lai: 0,01-1,0s<\/p>\n<div>\n<p>Voyant d&#8217;indication: 650 nm, contr\u00f4le de l&#8217;intensit\u00e9<\/p>\n<div>\n<p>Interface fibre: Interface standard internationale SMA905, conduction laser \u00e0 fibre de quartz sp\u00e9ciale<\/p>\n<div>\n<p>Poids net: 6,5 kg<\/p>\n<div>\n<p>Dimensions de la machine: 41*31*27cm<\/p>\n<div>\n<p>Poids brut: 15 kg<\/p>\n<div>\n<p>Dimensions de l&#8217;emballage: 55*37*49cm<\/p>\n<\/div>\n<\/div>\n<\/div>\n<\/div>\n<\/div>\n<\/div>\n<\/div>\n<\/div>\n<\/div>\n<\/div>\n<\/div>\n","protected":false},"featured_media":2726,"comment_status":"open","ping_status":"closed","template":"","meta":{"om_disable_all_campaigns":false,"_joinchat":[]},"product_cat":[15,163],"product_tag":[],"yoast_head":"<!-- This site is optimized with the Yoast SEO plugin v20.12 - https:\/\/yoast.com\/wordpress\/plugins\/seo\/ -->\n<title>Diode laser 980 nm + 1470 nm Lipo &amp; Endolift - investmedic-store.com<\/title>\n<meta name=\"robots\" content=\"index, follow, max-snippet:-1, max-image-preview:large, max-video-preview:-1\" \/>\n<link rel=\"canonical\" href=\"https:\/\/investmedic-store.com\/?product=diode-laser-980-nm-1470-nm-lipo-endolift\" \/>\n<meta property=\"og:locale\" content=\"fr_FR\" \/>\n<meta property=\"og:type\" content=\"article\" \/>\n<meta property=\"og:title\" content=\"Diode laser 980 nm + 1470 nm Lipo &amp; Endolift - investmedic-store.com\" \/>\n<meta property=\"og:description\" content=\"Type de laser: Diode laser 980 nm + 1470 nm Lipo &amp; Endolift   Puissance de sortie: 980 nm : 1-30 W ; 1470 nm : 17 W   Type de laser: Continu, puls\u00e9 et unique   Largeur d&#039;impulsion: 0,01-10,0s   D\u00e9lai: 0,01-1,0s   Voyant d&#039;indication: 650 nm, contr\u00f4le de l&#039;intensit\u00e9   Interface fibre: Interface standard internationale SMA905, conduction laser \u00e0 fibre de quartz sp\u00e9ciale   Poids net: 6,5 kg   Dimensions de la machine: 41*31*27cm   Poids brut: 15 kg   Dimensions de l&#039;emballage: 55*37*49cm\" \/>\n<meta property=\"og:url\" content=\"https:\/\/investmedic-store.com\/?product=diode-laser-980-nm-1470-nm-lipo-endolift\" \/>\n<meta property=\"og:site_name\" content=\"investmedic-store.com\" \/>\n<meta property=\"article:publisher\" content=\"https:\/\/www.facebook.com\/invest.medic\" \/>\n<meta property=\"og:image\" content=\"http:\/\/investmedic-store.com\/wp-content\/uploads\/2024\/08\/Nom-de-lappareil-Lampe-LED-multifonctions-Marque-Pro-Photon-BIO-Type-Lampe-LED-Couleurs-de-lumiere-Rouge-bleu-infrarouge-Puissance-15-W-par-couleur-Longueur-donde-Rouge-630-660-nm-Bleu-25.jpg\" \/>\n\t<meta property=\"og:image:width\" content=\"1587\" \/>\n\t<meta property=\"og:image:height\" content=\"2245\" \/>\n\t<meta property=\"og:image:type\" content=\"image\/jpeg\" \/>\n<meta name=\"twitter:card\" content=\"summary_large_image\" \/>\n<meta name=\"twitter:label1\" content=\"Dur\u00e9e de lecture estim\u00e9e\" \/>\n\t<meta name=\"twitter:data1\" content=\"1 minute\" \/>\n<script type=\"application\/ld+json\" class=\"yoast-schema-graph\">{\"@context\":\"https:\/\/schema.org\",\"@graph\":[{\"@type\":\"WebPage\",\"@id\":\"https:\/\/investmedic-store.com\/?product=diode-laser-980-nm-1470-nm-lipo-endolift\",\"url\":\"https:\/\/investmedic-store.com\/?product=diode-laser-980-nm-1470-nm-lipo-endolift\",\"name\":\"Diode laser 980 nm + 1470 nm Lipo & Endolift - investmedic-store.com\",\"isPartOf\":{\"@id\":\"https:\/\/investmedic-store.com\/#website\"},\"datePublished\":\"2024-08-24T13:58:24+00:00\",\"dateModified\":\"2024-08-24T13:58:24+00:00\",\"breadcrumb\":{\"@id\":\"https:\/\/investmedic-store.com\/?product=diode-laser-980-nm-1470-nm-lipo-endolift#breadcrumb\"},\"inLanguage\":\"fr-FR\",\"potentialAction\":[{\"@type\":\"ReadAction\",\"target\":[\"https:\/\/investmedic-store.com\/?product=diode-laser-980-nm-1470-nm-lipo-endolift\"]}]},{\"@type\":\"BreadcrumbList\",\"@id\":\"https:\/\/investmedic-store.com\/?product=diode-laser-980-nm-1470-nm-lipo-endolift#breadcrumb\",\"itemListElement\":[{\"@type\":\"ListItem\",\"position\":1,\"name\":\"Accueil\",\"item\":\"https:\/\/investmedic-store.com\/\"},{\"@type\":\"ListItem\",\"position\":2,\"name\":\"Shop\",\"item\":\"https:\/\/investmedic-store.com\/?page_id=5\"},{\"@type\":\"ListItem\",\"position\":3,\"name\":\"Diode laser 980 nm + 1470 nm Lipo &#038; Endolift\"}]},{\"@type\":\"WebSite\",\"@id\":\"https:\/\/investmedic-store.com\/#website\",\"url\":\"https:\/\/investmedic-store.com\/\",\"name\":\"invest medic store\",\"description\":\"Importation &amp; Distribution Du Materiels Medico-Chirurgicales - \u0627\u0633\u062a\u064a\u0631\u0627\u062f \u0648\u062a\u0648\u0632\u064a\u0639 \u0627\u0644\u0645\u0648\u0627\u062f \u0627\u0644\u0637\u0628\u064a\u0629 \u0627\u0644\u062c\u0631\u0627\u062d\u064a\u0629\",\"publisher\":{\"@id\":\"https:\/\/investmedic-store.com\/#organization\"},\"alternateName\":\"investmedic store\",\"potentialAction\":[{\"@type\":\"SearchAction\",\"target\":{\"@type\":\"EntryPoint\",\"urlTemplate\":\"https:\/\/investmedic-store.com\/?s={search_term_string}\"},\"query-input\":\"required name=search_term_string\"}],\"inLanguage\":\"fr-FR\"},{\"@type\":\"Organization\",\"@id\":\"https:\/\/investmedic-store.com\/#organization\",\"name\":\"invest.medic store\",\"alternateName\":\"investmedic store\",\"url\":\"https:\/\/investmedic-store.com\/\",\"logo\":{\"@type\":\"ImageObject\",\"inLanguage\":\"fr-FR\",\"@id\":\"https:\/\/investmedic-store.com\/#\/schema\/logo\/image\/\",\"url\":\"https:\/\/investmedic-store.com\/wp-content\/uploads\/2023\/07\/cropped-LOGO_INVEST-transformed-removebg-preview-transformed-1-e1690120839263.png\",\"contentUrl\":\"https:\/\/investmedic-store.com\/wp-content\/uploads\/2023\/07\/cropped-LOGO_INVEST-transformed-removebg-preview-transformed-1-e1690120839263.png\",\"width\":512,\"height\":512,\"caption\":\"invest.medic store\"},\"image\":{\"@id\":\"https:\/\/investmedic-store.com\/#\/schema\/logo\/image\/\"},\"sameAs\":[\"https:\/\/www.facebook.com\/invest.medic\"]}]}<\/script>\n<!-- \/ Yoast SEO plugin. -->","yoast_head_json":{"title":"Diode laser 980 nm + 1470 nm Lipo & Endolift - investmedic-store.com","robots":{"index":"index","follow":"follow","max-snippet":"max-snippet:-1","max-image-preview":"max-image-preview:large","max-video-preview":"max-video-preview:-1"},"canonical":"https:\/\/investmedic-store.com\/?product=diode-laser-980-nm-1470-nm-lipo-endolift","og_locale":"fr_FR","og_type":"article","og_title":"Diode laser 980 nm + 1470 nm Lipo & Endolift - investmedic-store.com","og_description":"Type de laser: Diode laser 980 nm + 1470 nm Lipo &amp; Endolift   Puissance de sortie: 980 nm : 1-30 W ; 1470 nm : 17 W   Type de laser: Continu, puls\u00e9 et unique   Largeur d'impulsion: 0,01-10,0s   D\u00e9lai: 0,01-1,0s   Voyant d'indication: 650 nm, contr\u00f4le de l'intensit\u00e9   Interface fibre: Interface standard internationale SMA905, conduction laser \u00e0 fibre de quartz sp\u00e9ciale   Poids net: 6,5 kg   Dimensions de la machine: 41*31*27cm   Poids brut: 15 kg   Dimensions de l'emballage: 55*37*49cm","og_url":"https:\/\/investmedic-store.com\/?product=diode-laser-980-nm-1470-nm-lipo-endolift","og_site_name":"investmedic-store.com","article_publisher":"https:\/\/www.facebook.com\/invest.medic","og_image":[{"width":1587,"height":2245,"url":"http:\/\/investmedic-store.com\/wp-content\/uploads\/2024\/08\/Nom-de-lappareil-Lampe-LED-multifonctions-Marque-Pro-Photon-BIO-Type-Lampe-LED-Couleurs-de-lumiere-Rouge-bleu-infrarouge-Puissance-15-W-par-couleur-Longueur-donde-Rouge-630-660-nm-Bleu-25.jpg","type":"image\/jpeg"}],"twitter_card":"summary_large_image","twitter_misc":{"Dur\u00e9e de lecture estim\u00e9e":"1 minute"},"schema":{"@context":"https:\/\/schema.org","@graph":[{"@type":"WebPage","@id":"https:\/\/investmedic-store.com\/?product=diode-laser-980-nm-1470-nm-lipo-endolift","url":"https:\/\/investmedic-store.com\/?product=diode-laser-980-nm-1470-nm-lipo-endolift","name":"Diode laser 980 nm + 1470 nm Lipo & Endolift - investmedic-store.com","isPartOf":{"@id":"https:\/\/investmedic-store.com\/#website"},"datePublished":"2024-08-24T13:58:24+00:00","dateModified":"2024-08-24T13:58:24+00:00","breadcrumb":{"@id":"https:\/\/investmedic-store.com\/?product=diode-laser-980-nm-1470-nm-lipo-endolift#breadcrumb"},"inLanguage":"fr-FR","potentialAction":[{"@type":"ReadAction","target":["https:\/\/investmedic-store.com\/?product=diode-laser-980-nm-1470-nm-lipo-endolift"]}]},{"@type":"BreadcrumbList","@id":"https:\/\/investmedic-store.com\/?product=diode-laser-980-nm-1470-nm-lipo-endolift#breadcrumb","itemListElement":[{"@type":"ListItem","position":1,"name":"Accueil","item":"https:\/\/investmedic-store.com\/"},{"@type":"ListItem","position":2,"name":"Shop","item":"https:\/\/investmedic-store.com\/?page_id=5"},{"@type":"ListItem","position":3,"name":"Diode laser 980 nm + 1470 nm Lipo &#038; Endolift"}]},{"@type":"WebSite","@id":"https:\/\/investmedic-store.com\/#website","url":"https:\/\/investmedic-store.com\/","name":"invest medic store","description":"Importation &amp; Distribution Du Materiels Medico-Chirurgicales - \u0627\u0633\u062a\u064a\u0631\u0627\u062f \u0648\u062a\u0648\u0632\u064a\u0639 \u0627\u0644\u0645\u0648\u0627\u062f \u0627\u0644\u0637\u0628\u064a\u0629 \u0627\u0644\u062c\u0631\u0627\u062d\u064a\u0629","publisher":{"@id":"https:\/\/investmedic-store.com\/#organization"},"alternateName":"investmedic store","potentialAction":[{"@type":"SearchAction","target":{"@type":"EntryPoint","urlTemplate":"https:\/\/investmedic-store.com\/?s={search_term_string}"},"query-input":"required name=search_term_string"}],"inLanguage":"fr-FR"},{"@type":"Organization","@id":"https:\/\/investmedic-store.com\/#organization","name":"invest.medic store","alternateName":"investmedic store","url":"https:\/\/investmedic-store.com\/","logo":{"@type":"ImageObject","inLanguage":"fr-FR","@id":"https:\/\/investmedic-store.com\/#\/schema\/logo\/image\/","url":"https:\/\/investmedic-store.com\/wp-content\/uploads\/2023\/07\/cropped-LOGO_INVEST-transformed-removebg-preview-transformed-1-e1690120839263.png","contentUrl":"https:\/\/investmedic-store.com\/wp-content\/uploads\/2023\/07\/cropped-LOGO_INVEST-transformed-removebg-preview-transformed-1-e1690120839263.png","width":512,"height":512,"caption":"invest.medic store"},"image":{"@id":"https:\/\/investmedic-store.com\/#\/schema\/logo\/image\/"},"sameAs":["https:\/\/www.facebook.com\/invest.medic"]}]}},"_links":{"self":[{"href":"https:\/\/investmedic-store.com\/index.php?rest_route=\/wp\/v2\/product\/2730"}],"collection":[{"href":"https:\/\/investmedic-store.com\/index.php?rest_route=\/wp\/v2\/product"}],"about":[{"href":"https:\/\/investmedic-store.com\/index.php?rest_route=\/wp\/v2\/types\/product"}],"replies":[{"embeddable":true,"href":"https:\/\/investmedic-store.com\/index.php?rest_route=%2Fwp%2Fv2%2Fcomments&post=2730"}],"wp:featuredmedia":[{"embeddable":true,"href":"https:\/\/investmedic-store.com\/index.php?rest_route=\/wp\/v2\/media\/2726"}],"wp:attachment":[{"href":"https:\/\/investmedic-store.com\/index.php?rest_route=%2Fwp%2Fv2%2Fmedia&parent=2730"}],"wp:term":[{"taxonomy":"product_cat","embeddable":true,"href":"https:\/\/investmedic-store.com\/index.php?rest_route=%2Fwp%2Fv2%2Fproduct_cat&post=2730"},{"taxonomy":"product_tag","embeddable":true,"href":"https:\/\/investmedic-store.com\/index.php?rest_route=%2Fwp%2Fv2%2Fproduct_tag&post=2730"}],"curies":[{"name":"wp","href":"https:\/\/api.w.org\/{rel}","templated":true}]}}