{"id":2685,"date":"2024-06-23T11:29:48","date_gmt":"2024-06-23T10:29:48","guid":{"rendered":"https:\/\/investmedic-store.com\/?post_type=product&#038;p=2685"},"modified":"2024-06-23T11:29:48","modified_gmt":"2024-06-23T10:29:48","slug":"civiere-pliable-en-deux-yxh-1f1","status":"publish","type":"product","link":"https:\/\/investmedic-store.com\/?product=civiere-pliable-en-deux-yxh-1f1","title":{"rendered":"Civiere Pliable En deux YXH-1F1"},"content":{"rendered":"<p class=\"cvGsUA direction-ltr align-justify para-style-body\"><span class=\"OYPEnA text-decoration-underline text-strikethrough-none\">Description d\u00e9taill\u00e9e du produit<\/span><\/p>\n<p class=\"cvGsUA direction-ltr align-justify para-style-body\">\n<ul>\n<li><span class=\"OYPEnA text-decoration-none text-strikethrough-none\">Cette civi\u00e8re pliante est fabriqu\u00e9e en alliage d&#8217;aluminium haute r\u00e9sistance et en toile, avec une option de surface en PVC.<\/span><\/li>\n<li><span class=\"OYPEnA text-decoration-none text-strikethrough-none\">Cette civi\u00e8re est une civi\u00e8re intensifi\u00e9e, avec une poign\u00e9e flexible et un stabilisateur, elle peut \u00eatre pli\u00e9e dans le sens de la longueur.<\/span><\/li>\n<li><span class=\"OYPEnA text-decoration-none text-strikethrough-none\">Elle se caract\u00e9rise par sa l\u00e9g\u00e8ret\u00e9, sa portabilit\u00e9, sa facilit\u00e9 de transport et sa s\u00e9curit\u00e9 d&#8217;utilisation.<\/span><\/li>\n<li><span class=\"OYPEnA text-decoration-none text-strikethrough-none\">Elle est principalement utilis\u00e9e pour le transport de patients et de bless\u00e9s sur le champ de bataille et en ext\u00e9rieur.<\/span><\/li>\n<\/ul>\n","protected":false},"excerpt":{"rendered":"<p>Mod\u00e8le: YXH-1F1<\/p>\n<p>Taille du produit (L x l x H): 208 x 55 x 14 cm<\/p>\n<p>Taille pli\u00e9e: 104 x 18 x 10,5 cm<\/p>\n<p>Taille d&#8217;emballage (1 pi\u00e8ce): 108 x 18,5 x 10 cm<\/p>\n<p>Capacit\u00e9 de charge:\u2264 159 kg<\/p>\n<p>Poids net (1 pi\u00e8ce): 4,7 kg<\/p>\n<p>Poids brut: 11 kg<\/p>\n<p>&nbsp;<\/p>\n<p>&nbsp;<\/p>\n<p>&nbsp;<\/p>\n<p>&nbsp;<\/p>\n<p>&nbsp;<\/p>\n<p>&nbsp;<\/p>\n<p>&nbsp;<\/p>\n","protected":false},"featured_media":2686,"comment_status":"open","ping_status":"closed","template":"","meta":{"om_disable_all_campaigns":false,"_joinchat":[]},"product_cat":[182],"product_tag":[],"yoast_head":"<!-- This site is optimized with the Yoast SEO plugin v20.12 - https:\/\/yoast.com\/wordpress\/plugins\/seo\/ -->\n<title>Civiere Pliable En deux YXH-1F1 - investmedic-store.com<\/title>\n<meta name=\"robots\" content=\"index, follow, max-snippet:-1, max-image-preview:large, max-video-preview:-1\" \/>\n<link rel=\"canonical\" href=\"https:\/\/investmedic-store.com\/?product=civiere-pliable-en-deux-yxh-1f1\" \/>\n<meta property=\"og:locale\" content=\"fr_FR\" \/>\n<meta property=\"og:type\" content=\"article\" \/>\n<meta property=\"og:title\" content=\"Civiere Pliable En deux YXH-1F1 - investmedic-store.com\" \/>\n<meta property=\"og:description\" content=\"Mod\u00e8le: YXH-1F1  Taille du produit (L x l x H): 208 x 55 x 14 cm  Taille pli\u00e9e: 104 x 18 x 10,5 cm  Taille d&#039;emballage (1 pi\u00e8ce): 108 x 18,5 x 10 cm  Capacit\u00e9 de charge:\u2264 159 kg  Poids net (1 pi\u00e8ce): 4,7 kg  Poids brut: 11 kg  &nbsp;  &nbsp;  &nbsp;  &nbsp;  &nbsp;  &nbsp;  &nbsp;\" \/>\n<meta property=\"og:url\" content=\"https:\/\/investmedic-store.com\/?product=civiere-pliable-en-deux-yxh-1f1\" \/>\n<meta property=\"og:site_name\" content=\"investmedic-store.com\" \/>\n<meta property=\"article:publisher\" content=\"https:\/\/www.facebook.com\/invest.medic\" \/>\n<meta property=\"og:image\" content=\"http:\/\/investmedic-store.com\/wp-content\/uploads\/2024\/06\/76.jpg\" \/>\n\t<meta property=\"og:image:width\" content=\"1587\" \/>\n\t<meta property=\"og:image:height\" content=\"2245\" \/>\n\t<meta property=\"og:image:type\" content=\"image\/jpeg\" \/>\n<meta name=\"twitter:card\" content=\"summary_large_image\" \/>\n<meta name=\"twitter:label1\" content=\"Dur\u00e9e de lecture estim\u00e9e\" \/>\n\t<meta name=\"twitter:data1\" content=\"1 minute\" \/>\n<script type=\"application\/ld+json\" class=\"yoast-schema-graph\">{\"@context\":\"https:\/\/schema.org\",\"@graph\":[{\"@type\":\"WebPage\",\"@id\":\"https:\/\/investmedic-store.com\/?product=civiere-pliable-en-deux-yxh-1f1\",\"url\":\"https:\/\/investmedic-store.com\/?product=civiere-pliable-en-deux-yxh-1f1\",\"name\":\"Civiere Pliable En deux YXH-1F1 - investmedic-store.com\",\"isPartOf\":{\"@id\":\"https:\/\/investmedic-store.com\/#website\"},\"datePublished\":\"2024-06-23T10:29:48+00:00\",\"dateModified\":\"2024-06-23T10:29:48+00:00\",\"breadcrumb\":{\"@id\":\"https:\/\/investmedic-store.com\/?product=civiere-pliable-en-deux-yxh-1f1#breadcrumb\"},\"inLanguage\":\"fr-FR\",\"potentialAction\":[{\"@type\":\"ReadAction\",\"target\":[\"https:\/\/investmedic-store.com\/?product=civiere-pliable-en-deux-yxh-1f1\"]}]},{\"@type\":\"BreadcrumbList\",\"@id\":\"https:\/\/investmedic-store.com\/?product=civiere-pliable-en-deux-yxh-1f1#breadcrumb\",\"itemListElement\":[{\"@type\":\"ListItem\",\"position\":1,\"name\":\"Accueil\",\"item\":\"https:\/\/investmedic-store.com\/\"},{\"@type\":\"ListItem\",\"position\":2,\"name\":\"Shop\",\"item\":\"https:\/\/investmedic-store.com\/?page_id=5\"},{\"@type\":\"ListItem\",\"position\":3,\"name\":\"Civiere Pliable En deux YXH-1F1\"}]},{\"@type\":\"WebSite\",\"@id\":\"https:\/\/investmedic-store.com\/#website\",\"url\":\"https:\/\/investmedic-store.com\/\",\"name\":\"invest medic store\",\"description\":\"Importation &amp; Distribution Du Materiels Medico-Chirurgicales - \u0627\u0633\u062a\u064a\u0631\u0627\u062f \u0648\u062a\u0648\u0632\u064a\u0639 \u0627\u0644\u0645\u0648\u0627\u062f \u0627\u0644\u0637\u0628\u064a\u0629 \u0627\u0644\u062c\u0631\u0627\u062d\u064a\u0629\",\"publisher\":{\"@id\":\"https:\/\/investmedic-store.com\/#organization\"},\"alternateName\":\"investmedic store\",\"potentialAction\":[{\"@type\":\"SearchAction\",\"target\":{\"@type\":\"EntryPoint\",\"urlTemplate\":\"https:\/\/investmedic-store.com\/?s={search_term_string}\"},\"query-input\":\"required name=search_term_string\"}],\"inLanguage\":\"fr-FR\"},{\"@type\":\"Organization\",\"@id\":\"https:\/\/investmedic-store.com\/#organization\",\"name\":\"invest.medic store\",\"alternateName\":\"investmedic store\",\"url\":\"https:\/\/investmedic-store.com\/\",\"logo\":{\"@type\":\"ImageObject\",\"inLanguage\":\"fr-FR\",\"@id\":\"https:\/\/investmedic-store.com\/#\/schema\/logo\/image\/\",\"url\":\"https:\/\/investmedic-store.com\/wp-content\/uploads\/2023\/07\/cropped-LOGO_INVEST-transformed-removebg-preview-transformed-1-e1690120839263.png\",\"contentUrl\":\"https:\/\/investmedic-store.com\/wp-content\/uploads\/2023\/07\/cropped-LOGO_INVEST-transformed-removebg-preview-transformed-1-e1690120839263.png\",\"width\":512,\"height\":512,\"caption\":\"invest.medic store\"},\"image\":{\"@id\":\"https:\/\/investmedic-store.com\/#\/schema\/logo\/image\/\"},\"sameAs\":[\"https:\/\/www.facebook.com\/invest.medic\"]}]}<\/script>\n<!-- \/ Yoast SEO plugin. -->","yoast_head_json":{"title":"Civiere Pliable En deux YXH-1F1 - investmedic-store.com","robots":{"index":"index","follow":"follow","max-snippet":"max-snippet:-1","max-image-preview":"max-image-preview:large","max-video-preview":"max-video-preview:-1"},"canonical":"https:\/\/investmedic-store.com\/?product=civiere-pliable-en-deux-yxh-1f1","og_locale":"fr_FR","og_type":"article","og_title":"Civiere Pliable En deux YXH-1F1 - investmedic-store.com","og_description":"Mod\u00e8le: YXH-1F1  Taille du produit (L x l x H): 208 x 55 x 14 cm  Taille pli\u00e9e: 104 x 18 x 10,5 cm  Taille d'emballage (1 pi\u00e8ce): 108 x 18,5 x 10 cm  Capacit\u00e9 de charge:\u2264 159 kg  Poids net (1 pi\u00e8ce): 4,7 kg  Poids brut: 11 kg  &nbsp;  &nbsp;  &nbsp;  &nbsp;  &nbsp;  &nbsp;  &nbsp;","og_url":"https:\/\/investmedic-store.com\/?product=civiere-pliable-en-deux-yxh-1f1","og_site_name":"investmedic-store.com","article_publisher":"https:\/\/www.facebook.com\/invest.medic","og_image":[{"width":1587,"height":2245,"url":"http:\/\/investmedic-store.com\/wp-content\/uploads\/2024\/06\/76.jpg","type":"image\/jpeg"}],"twitter_card":"summary_large_image","twitter_misc":{"Dur\u00e9e de lecture estim\u00e9e":"1 minute"},"schema":{"@context":"https:\/\/schema.org","@graph":[{"@type":"WebPage","@id":"https:\/\/investmedic-store.com\/?product=civiere-pliable-en-deux-yxh-1f1","url":"https:\/\/investmedic-store.com\/?product=civiere-pliable-en-deux-yxh-1f1","name":"Civiere Pliable En deux YXH-1F1 - investmedic-store.com","isPartOf":{"@id":"https:\/\/investmedic-store.com\/#website"},"datePublished":"2024-06-23T10:29:48+00:00","dateModified":"2024-06-23T10:29:48+00:00","breadcrumb":{"@id":"https:\/\/investmedic-store.com\/?product=civiere-pliable-en-deux-yxh-1f1#breadcrumb"},"inLanguage":"fr-FR","potentialAction":[{"@type":"ReadAction","target":["https:\/\/investmedic-store.com\/?product=civiere-pliable-en-deux-yxh-1f1"]}]},{"@type":"BreadcrumbList","@id":"https:\/\/investmedic-store.com\/?product=civiere-pliable-en-deux-yxh-1f1#breadcrumb","itemListElement":[{"@type":"ListItem","position":1,"name":"Accueil","item":"https:\/\/investmedic-store.com\/"},{"@type":"ListItem","position":2,"name":"Shop","item":"https:\/\/investmedic-store.com\/?page_id=5"},{"@type":"ListItem","position":3,"name":"Civiere Pliable En deux YXH-1F1"}]},{"@type":"WebSite","@id":"https:\/\/investmedic-store.com\/#website","url":"https:\/\/investmedic-store.com\/","name":"invest medic store","description":"Importation &amp; Distribution Du Materiels Medico-Chirurgicales - \u0627\u0633\u062a\u064a\u0631\u0627\u062f \u0648\u062a\u0648\u0632\u064a\u0639 \u0627\u0644\u0645\u0648\u0627\u062f \u0627\u0644\u0637\u0628\u064a\u0629 \u0627\u0644\u062c\u0631\u0627\u062d\u064a\u0629","publisher":{"@id":"https:\/\/investmedic-store.com\/#organization"},"alternateName":"investmedic store","potentialAction":[{"@type":"SearchAction","target":{"@type":"EntryPoint","urlTemplate":"https:\/\/investmedic-store.com\/?s={search_term_string}"},"query-input":"required name=search_term_string"}],"inLanguage":"fr-FR"},{"@type":"Organization","@id":"https:\/\/investmedic-store.com\/#organization","name":"invest.medic store","alternateName":"investmedic store","url":"https:\/\/investmedic-store.com\/","logo":{"@type":"ImageObject","inLanguage":"fr-FR","@id":"https:\/\/investmedic-store.com\/#\/schema\/logo\/image\/","url":"https:\/\/investmedic-store.com\/wp-content\/uploads\/2023\/07\/cropped-LOGO_INVEST-transformed-removebg-preview-transformed-1-e1690120839263.png","contentUrl":"https:\/\/investmedic-store.com\/wp-content\/uploads\/2023\/07\/cropped-LOGO_INVEST-transformed-removebg-preview-transformed-1-e1690120839263.png","width":512,"height":512,"caption":"invest.medic store"},"image":{"@id":"https:\/\/investmedic-store.com\/#\/schema\/logo\/image\/"},"sameAs":["https:\/\/www.facebook.com\/invest.medic"]}]}},"_links":{"self":[{"href":"https:\/\/investmedic-store.com\/index.php?rest_route=\/wp\/v2\/product\/2685"}],"collection":[{"href":"https:\/\/investmedic-store.com\/index.php?rest_route=\/wp\/v2\/product"}],"about":[{"href":"https:\/\/investmedic-store.com\/index.php?rest_route=\/wp\/v2\/types\/product"}],"replies":[{"embeddable":true,"href":"https:\/\/investmedic-store.com\/index.php?rest_route=%2Fwp%2Fv2%2Fcomments&post=2685"}],"wp:featuredmedia":[{"embeddable":true,"href":"https:\/\/investmedic-store.com\/index.php?rest_route=\/wp\/v2\/media\/2686"}],"wp:attachment":[{"href":"https:\/\/investmedic-store.com\/index.php?rest_route=%2Fwp%2Fv2%2Fmedia&parent=2685"}],"wp:term":[{"taxonomy":"product_cat","embeddable":true,"href":"https:\/\/investmedic-store.com\/index.php?rest_route=%2Fwp%2Fv2%2Fproduct_cat&post=2685"},{"taxonomy":"product_tag","embeddable":true,"href":"https:\/\/investmedic-store.com\/index.php?rest_route=%2Fwp%2Fv2%2Fproduct_tag&post=2685"}],"curies":[{"name":"wp","href":"https:\/\/api.w.org\/{rel}","templated":true}]}}