{"id":2666,"date":"2024-03-03T11:06:56","date_gmt":"2024-03-03T10:06:56","guid":{"rendered":"https:\/\/investmedic-store.com\/?post_type=product&#038;p=2666"},"modified":"2024-05-12T09:51:09","modified_gmt":"2024-05-12T08:51:09","slug":"moniteur-de-surveillance-07-parametre-virgo","status":"publish","type":"product","link":"https:\/\/investmedic-store.com\/?product=moniteur-de-surveillance-07-parametre-virgo","title":{"rendered":"Moniteur de surveillance 07 param\u00e8tre Virgo"},"content":{"rendered":"<p class=\"cvGsUA direction-ltr align-start para-style-body\"><b>Configuration<\/b><\/p>\n<ul>\n<li><span class=\"OYPEnA text-decoration-none text-strikethrough-none\">ECG + saturation en oxyg\u00e8ne du sang (spo2) + pression art\u00e9rielle non invasive (nibp) + temp\u00e9rature 2, fr\u00e9quence des impulsions (PR), respiration expiratoire (RESP), batterie lithium &#8211; ion+ ETCO2+ IBP<\/span><\/li>\n<\/ul>\n<p class=\"cvGsUA direction-ltr align-start para-style-body\"><strong><span class=\"OYPEnA text-decoration-underline text-strikethrough-none\">Facultatif<\/span><\/strong><\/p>\n<ul>\n<li><span class=\"OYPEnA text-decoration-none text-strikethrough-none\">Masimospo2, pression art\u00e9rielle non invasive (nibp Suntech), pression art\u00e9rielle invasive (IBP), capnographe (etco2), imprimante, \u00e9cran tactile, CMS<\/span><\/li>\n<li><span class=\"OYPEnA text-decoration-none text-strikethrough-none\">\u00c9cran LCD couleur TFT de 12,1 pouces (\u00e9cran tactile optionnel)<\/span><\/li>\n<li><span class=\"OYPEnA text-decoration-none text-strikethrough-none\">Affiche 8 courbes, ECG analyse jusqu&#8217;\u00e0 12 conduits<\/span><\/li>\n<li><span class=\"OYPEnA text-decoration-none text-strikethrough-none\">Calcul puissant (h\u00e9modynamique, posologie, oxyg\u00e9nation, ventilation)<\/span><\/li>\n<li><span class=\"OYPEnA text-decoration-none text-strikethrough-none\">Test du stimulateur cardiaque<\/span><\/li>\n<li><span class=\"OYPEnA text-decoration-none text-strikethrough-none\">Analyse du segment ST et de l&#8217;arythmie (17 types)<\/span><\/li>\n<li><span class=\"OYPEnA text-decoration-none text-strikethrough-none\">Spo2 supporte l&#8217;indice de perfusion Pi, faible perfusion 0,2%<\/span><\/li>\n<li><span class=\"OYPEnA text-decoration-none text-strikethrough-none\">Mode nuit, mode veille, mode MST<\/span><\/li>\n<li><span class=\"OYPEnA text-decoration-none text-strikethrough-none\">Diff\u00e9rentes solutions d&#8217;installation<\/span><\/li>\n<li><span class=\"OYPEnA text-decoration-none text-strikethrough-none\">CMS Wired \/ Wireless Supporting Protocol from hl7 to his<\/span><\/li>\n<li><span class=\"OYPEnA text-decoration-none text-strikethrough-none\">Modulation d&#8217;impulsions audio spo2 (signal treble)<\/span><\/li>\n<li><span class=\"OYPEnA text-decoration-none text-strikethrough-none\">Mews (MODIFIED WARNING Assessment)<\/span><\/li>\n<li><span class=\"OYPEnA text-decoration-none text-strikethrough-none\">Aper\u00e7u des tendances graphiques et tabulaires (480 heures), port de donn\u00e9es USB<\/span><\/li>\n<li><span class=\"OYPEnA text-decoration-none text-strikethrough-none\">Batterie lithium &#8211; ion rechargeable<\/span><\/li>\n<li><span class=\"OYPEnA text-decoration-none text-strikethrough-none\">48 heures pour voir et imprimer la courbe d&#8217;information compl\u00e8te pour chaque patient<\/span><\/li>\n<li><span class=\"OYPEnA text-decoration-none text-strikethrough-none\">ETCO2+IBP<\/span><\/li>\n<\/ul>\n","protected":false},"excerpt":{"rendered":"<p><strong>Caract\u00e9ristiques du produit:<\/strong><\/p>\n<ul>\n<li>\u00e9cran LCD couleur<\/li>\n<li>TFT de 12,1 pouces,<\/li>\n<li>large et plat,<\/li>\n<li>\u00e9conomique et fiable<\/li>\n<\/ul>\n","protected":false},"featured_media":2668,"comment_status":"open","ping_status":"closed","template":"","meta":{"om_disable_all_campaigns":false,"_joinchat":[]},"product_cat":[179],"product_tag":[],"yoast_head":"<!-- This site is optimized with the Yoast SEO plugin v20.12 - https:\/\/yoast.com\/wordpress\/plugins\/seo\/ -->\n<title>Moniteur de surveillance 07 param\u00e8tre Virgo - investmedic-store.com<\/title>\n<meta name=\"robots\" content=\"index, follow, max-snippet:-1, max-image-preview:large, max-video-preview:-1\" \/>\n<link rel=\"canonical\" href=\"https:\/\/investmedic-store.com\/?product=moniteur-de-surveillance-07-parametre-virgo\" \/>\n<meta property=\"og:locale\" content=\"fr_FR\" \/>\n<meta property=\"og:type\" content=\"article\" \/>\n<meta property=\"og:title\" content=\"Moniteur de surveillance 07 param\u00e8tre Virgo - investmedic-store.com\" \/>\n<meta property=\"og:description\" content=\"Caract\u00e9ristiques du produit:   \u00e9cran LCD couleur  TFT de 12,1 pouces,  large et plat,  \u00e9conomique et fiable\" \/>\n<meta property=\"og:url\" content=\"https:\/\/investmedic-store.com\/?product=moniteur-de-surveillance-07-parametre-virgo\" \/>\n<meta property=\"og:site_name\" content=\"investmedic-store.com\" \/>\n<meta property=\"article:publisher\" content=\"https:\/\/www.facebook.com\/invest.medic\" \/>\n<meta property=\"article:modified_time\" content=\"2024-05-12T08:51:09+00:00\" \/>\n<meta property=\"og:image\" content=\"http:\/\/investmedic-store.com\/wp-content\/uploads\/2024\/03\/Ajouter-des-lignes-dans-le-corps-du-texte-14-scaled.jpg\" \/>\n\t<meta property=\"og:image:width\" content=\"1920\" \/>\n\t<meta property=\"og:image:height\" content=\"2560\" \/>\n\t<meta property=\"og:image:type\" content=\"image\/jpeg\" \/>\n<meta name=\"twitter:card\" content=\"summary_large_image\" \/>\n<meta name=\"twitter:label1\" content=\"Dur\u00e9e de lecture estim\u00e9e\" \/>\n\t<meta name=\"twitter:data1\" content=\"1 minute\" \/>\n<script type=\"application\/ld+json\" class=\"yoast-schema-graph\">{\"@context\":\"https:\/\/schema.org\",\"@graph\":[{\"@type\":\"WebPage\",\"@id\":\"https:\/\/investmedic-store.com\/?product=moniteur-de-surveillance-07-parametre-virgo\",\"url\":\"https:\/\/investmedic-store.com\/?product=moniteur-de-surveillance-07-parametre-virgo\",\"name\":\"Moniteur de surveillance 07 param\u00e8tre Virgo - investmedic-store.com\",\"isPartOf\":{\"@id\":\"https:\/\/investmedic-store.com\/#website\"},\"datePublished\":\"2024-03-03T10:06:56+00:00\",\"dateModified\":\"2024-05-12T08:51:09+00:00\",\"breadcrumb\":{\"@id\":\"https:\/\/investmedic-store.com\/?product=moniteur-de-surveillance-07-parametre-virgo#breadcrumb\"},\"inLanguage\":\"fr-FR\",\"potentialAction\":[{\"@type\":\"ReadAction\",\"target\":[\"https:\/\/investmedic-store.com\/?product=moniteur-de-surveillance-07-parametre-virgo\"]}]},{\"@type\":\"BreadcrumbList\",\"@id\":\"https:\/\/investmedic-store.com\/?product=moniteur-de-surveillance-07-parametre-virgo#breadcrumb\",\"itemListElement\":[{\"@type\":\"ListItem\",\"position\":1,\"name\":\"Accueil\",\"item\":\"https:\/\/investmedic-store.com\/\"},{\"@type\":\"ListItem\",\"position\":2,\"name\":\"Shop\",\"item\":\"https:\/\/investmedic-store.com\/?page_id=5\"},{\"@type\":\"ListItem\",\"position\":3,\"name\":\"Moniteur de surveillance 07 param\u00e8tre Virgo\"}]},{\"@type\":\"WebSite\",\"@id\":\"https:\/\/investmedic-store.com\/#website\",\"url\":\"https:\/\/investmedic-store.com\/\",\"name\":\"invest medic store\",\"description\":\"Importation &amp; Distribution Du Materiels Medico-Chirurgicales - \u0627\u0633\u062a\u064a\u0631\u0627\u062f \u0648\u062a\u0648\u0632\u064a\u0639 \u0627\u0644\u0645\u0648\u0627\u062f \u0627\u0644\u0637\u0628\u064a\u0629 \u0627\u0644\u062c\u0631\u0627\u062d\u064a\u0629\",\"publisher\":{\"@id\":\"https:\/\/investmedic-store.com\/#organization\"},\"alternateName\":\"investmedic store\",\"potentialAction\":[{\"@type\":\"SearchAction\",\"target\":{\"@type\":\"EntryPoint\",\"urlTemplate\":\"https:\/\/investmedic-store.com\/?s={search_term_string}\"},\"query-input\":\"required name=search_term_string\"}],\"inLanguage\":\"fr-FR\"},{\"@type\":\"Organization\",\"@id\":\"https:\/\/investmedic-store.com\/#organization\",\"name\":\"invest.medic store\",\"alternateName\":\"investmedic store\",\"url\":\"https:\/\/investmedic-store.com\/\",\"logo\":{\"@type\":\"ImageObject\",\"inLanguage\":\"fr-FR\",\"@id\":\"https:\/\/investmedic-store.com\/#\/schema\/logo\/image\/\",\"url\":\"https:\/\/investmedic-store.com\/wp-content\/uploads\/2023\/07\/cropped-LOGO_INVEST-transformed-removebg-preview-transformed-1-e1690120839263.png\",\"contentUrl\":\"https:\/\/investmedic-store.com\/wp-content\/uploads\/2023\/07\/cropped-LOGO_INVEST-transformed-removebg-preview-transformed-1-e1690120839263.png\",\"width\":512,\"height\":512,\"caption\":\"invest.medic store\"},\"image\":{\"@id\":\"https:\/\/investmedic-store.com\/#\/schema\/logo\/image\/\"},\"sameAs\":[\"https:\/\/www.facebook.com\/invest.medic\"]}]}<\/script>\n<!-- \/ Yoast SEO plugin. -->","yoast_head_json":{"title":"Moniteur de surveillance 07 param\u00e8tre Virgo - investmedic-store.com","robots":{"index":"index","follow":"follow","max-snippet":"max-snippet:-1","max-image-preview":"max-image-preview:large","max-video-preview":"max-video-preview:-1"},"canonical":"https:\/\/investmedic-store.com\/?product=moniteur-de-surveillance-07-parametre-virgo","og_locale":"fr_FR","og_type":"article","og_title":"Moniteur de surveillance 07 param\u00e8tre Virgo - investmedic-store.com","og_description":"Caract\u00e9ristiques du produit:   \u00e9cran LCD couleur  TFT de 12,1 pouces,  large et plat,  \u00e9conomique et fiable","og_url":"https:\/\/investmedic-store.com\/?product=moniteur-de-surveillance-07-parametre-virgo","og_site_name":"investmedic-store.com","article_publisher":"https:\/\/www.facebook.com\/invest.medic","article_modified_time":"2024-05-12T08:51:09+00:00","og_image":[{"width":1920,"height":2560,"url":"http:\/\/investmedic-store.com\/wp-content\/uploads\/2024\/03\/Ajouter-des-lignes-dans-le-corps-du-texte-14-scaled.jpg","type":"image\/jpeg"}],"twitter_card":"summary_large_image","twitter_misc":{"Dur\u00e9e de lecture estim\u00e9e":"1 minute"},"schema":{"@context":"https:\/\/schema.org","@graph":[{"@type":"WebPage","@id":"https:\/\/investmedic-store.com\/?product=moniteur-de-surveillance-07-parametre-virgo","url":"https:\/\/investmedic-store.com\/?product=moniteur-de-surveillance-07-parametre-virgo","name":"Moniteur de surveillance 07 param\u00e8tre Virgo - investmedic-store.com","isPartOf":{"@id":"https:\/\/investmedic-store.com\/#website"},"datePublished":"2024-03-03T10:06:56+00:00","dateModified":"2024-05-12T08:51:09+00:00","breadcrumb":{"@id":"https:\/\/investmedic-store.com\/?product=moniteur-de-surveillance-07-parametre-virgo#breadcrumb"},"inLanguage":"fr-FR","potentialAction":[{"@type":"ReadAction","target":["https:\/\/investmedic-store.com\/?product=moniteur-de-surveillance-07-parametre-virgo"]}]},{"@type":"BreadcrumbList","@id":"https:\/\/investmedic-store.com\/?product=moniteur-de-surveillance-07-parametre-virgo#breadcrumb","itemListElement":[{"@type":"ListItem","position":1,"name":"Accueil","item":"https:\/\/investmedic-store.com\/"},{"@type":"ListItem","position":2,"name":"Shop","item":"https:\/\/investmedic-store.com\/?page_id=5"},{"@type":"ListItem","position":3,"name":"Moniteur de surveillance 07 param\u00e8tre Virgo"}]},{"@type":"WebSite","@id":"https:\/\/investmedic-store.com\/#website","url":"https:\/\/investmedic-store.com\/","name":"invest medic store","description":"Importation &amp; Distribution Du Materiels Medico-Chirurgicales - \u0627\u0633\u062a\u064a\u0631\u0627\u062f \u0648\u062a\u0648\u0632\u064a\u0639 \u0627\u0644\u0645\u0648\u0627\u062f \u0627\u0644\u0637\u0628\u064a\u0629 \u0627\u0644\u062c\u0631\u0627\u062d\u064a\u0629","publisher":{"@id":"https:\/\/investmedic-store.com\/#organization"},"alternateName":"investmedic store","potentialAction":[{"@type":"SearchAction","target":{"@type":"EntryPoint","urlTemplate":"https:\/\/investmedic-store.com\/?s={search_term_string}"},"query-input":"required name=search_term_string"}],"inLanguage":"fr-FR"},{"@type":"Organization","@id":"https:\/\/investmedic-store.com\/#organization","name":"invest.medic store","alternateName":"investmedic store","url":"https:\/\/investmedic-store.com\/","logo":{"@type":"ImageObject","inLanguage":"fr-FR","@id":"https:\/\/investmedic-store.com\/#\/schema\/logo\/image\/","url":"https:\/\/investmedic-store.com\/wp-content\/uploads\/2023\/07\/cropped-LOGO_INVEST-transformed-removebg-preview-transformed-1-e1690120839263.png","contentUrl":"https:\/\/investmedic-store.com\/wp-content\/uploads\/2023\/07\/cropped-LOGO_INVEST-transformed-removebg-preview-transformed-1-e1690120839263.png","width":512,"height":512,"caption":"invest.medic store"},"image":{"@id":"https:\/\/investmedic-store.com\/#\/schema\/logo\/image\/"},"sameAs":["https:\/\/www.facebook.com\/invest.medic"]}]}},"_links":{"self":[{"href":"https:\/\/investmedic-store.com\/index.php?rest_route=\/wp\/v2\/product\/2666"}],"collection":[{"href":"https:\/\/investmedic-store.com\/index.php?rest_route=\/wp\/v2\/product"}],"about":[{"href":"https:\/\/investmedic-store.com\/index.php?rest_route=\/wp\/v2\/types\/product"}],"replies":[{"embeddable":true,"href":"https:\/\/investmedic-store.com\/index.php?rest_route=%2Fwp%2Fv2%2Fcomments&post=2666"}],"wp:featuredmedia":[{"embeddable":true,"href":"https:\/\/investmedic-store.com\/index.php?rest_route=\/wp\/v2\/media\/2668"}],"wp:attachment":[{"href":"https:\/\/investmedic-store.com\/index.php?rest_route=%2Fwp%2Fv2%2Fmedia&parent=2666"}],"wp:term":[{"taxonomy":"product_cat","embeddable":true,"href":"https:\/\/investmedic-store.com\/index.php?rest_route=%2Fwp%2Fv2%2Fproduct_cat&post=2666"},{"taxonomy":"product_tag","embeddable":true,"href":"https:\/\/investmedic-store.com\/index.php?rest_route=%2Fwp%2Fv2%2Fproduct_tag&post=2666"}],"curies":[{"name":"wp","href":"https:\/\/api.w.org\/{rel}","templated":true}]}}