{"id":2655,"date":"2024-02-28T14:51:48","date_gmt":"2024-02-28T13:51:48","guid":{"rendered":"https:\/\/investmedic-store.com\/?post_type=product&#038;p=2655"},"modified":"2024-02-28T15:22:41","modified_gmt":"2024-02-28T14:22:41","slug":"2655","status":"publish","type":"product","link":"https:\/\/investmedic-store.com\/?product=2655","title":{"rendered":"KN-9000C LAMPE DE Wood"},"content":{"rendered":"<p class=\"cvGsUA direction-ltr align-start para-style-body\"><span class=\"OYPEnA text-decoration-none text-strikethrough-none\">La lampe de Wood \u00e0 main KN-9000C est un outil<\/span> <span class=\"OYPEnA text-decoration-none text-strikethrough-none\">de diagnostique de diverses affections cutan\u00e9es, notamment le vitiligo, le psoriasis et l&#8217;ecz\u00e9ma.<\/span><\/p>\n<p class=\"cvGsUA direction-ltr align-start para-style-body\"><span class=\"OYPEnA text-decoration-none text-strikethrough-none\">La lampe produit des rayonnements ultraviolette (UV) de longueur d&#8217;onde de 365 nm, qui sont absorb\u00e9e par la m\u00e9lanine,<\/span><\/p>\n<p class=\"cvGsUA direction-ltr align-start para-style-body\"><span class=\"OYPEnA text-decoration-none text-strikethrough-none\">Le pigment qui donne \u00e0 la peau sa couleur.<\/span><\/p>\n<p class=\"cvGsUA direction-ltr align-start para-style-body\"><span class=\"OYPEnA text-decoration-none text-strikethrough-none\">Les l\u00e9sions cutan\u00e9es contiennent plus ou moins de m\u00e9lanine<\/span><\/p>\n<p class=\"cvGsUA direction-ltr align-start para-style-body\"><span class=\"OYPEnA text-decoration-none text-strikethrough-none\">La peau normale absorbe la lumi\u00e8re UV diff\u00e9remment, ce qui permet de les identifier.<\/span><\/p>\n","protected":false},"excerpt":{"rendered":"<p>Type de lampe : LED<\/p>\n<p>Temps de charge : 6 heures<\/p>\n<p>puissances d\u2019entr\u00e9e: 4 piles AA1.5v<\/p>\n<div>\n<p>Diam\u00e8tre de la lentille d&#8217;observation: (65mm\\5mm)<\/p>\n<div>\n<p>Grossissement de la lentille d&#8217;observation : (2X\u00b120%)<\/p>\n<div>\n<p>Environnement de travail : Temp\u00e9rature : 5 \u00e0 40\u00b0C<\/p>\n<div>\n<p>\u00a0 \u00a0 \u00a0 \u00a0 \u00a0 \u00a0 \u00a0 \u00a0 \u00a0 \u00a0 \u00a0 \u00a0 \u00a0 \u00a0 \u00a0 \u00a0 \u00a0 \u00a0 \u00a0 \u00a0 \u00a0 \u00a0 \u00a0 \u00a0 \u00a0Humidit\u00e9 relative : \u226485%<\/p>\n<p>Pression barom\u00e9trique : 700 hPa \u00e0 1060 hPa<\/p>\n<div>\n<p>Distance de travail : 5cm\u00b11cm<\/p>\n<div>\n<p>Num\u00e9ro de mod\u00e8le de l&#8217;adaptateur : Entr\u00e9e : 100-240V a.c. 50\/60Hz, 0.8A max. Sortie 9V d.c. 3A<\/p>\n<div>\n<p>Longueur d&#8217;onde de sortie: 320\u2212400nm<\/p>\n<div>\n<div>\n<p>Intensit\u00e9 du rayonnement UN: 3.0mW\/cm<\/p>\n<\/div>\n<\/div>\n<\/div>\n<\/div>\n<\/div>\n<\/div>\n<\/div>\n<\/div>\n<\/div>\n","protected":false},"featured_media":2656,"comment_status":"open","ping_status":"closed","template":"","meta":{"om_disable_all_campaigns":false,"_joinchat":[]},"product_cat":[15],"product_tag":[],"yoast_head":"<!-- This site is optimized with the Yoast SEO plugin v20.12 - https:\/\/yoast.com\/wordpress\/plugins\/seo\/ -->\n<title>KN-9000C LAMPE DE Wood - investmedic-store.com<\/title>\n<meta name=\"robots\" content=\"index, follow, max-snippet:-1, max-image-preview:large, max-video-preview:-1\" \/>\n<link rel=\"canonical\" href=\"https:\/\/investmedic-store.com\/?product=2655\" \/>\n<meta property=\"og:locale\" content=\"fr_FR\" \/>\n<meta property=\"og:type\" content=\"article\" \/>\n<meta property=\"og:title\" content=\"KN-9000C LAMPE DE Wood - investmedic-store.com\" \/>\n<meta property=\"og:description\" content=\"Type de lampe : LED  Temps de charge : 6 heures  puissances d\u2019entr\u00e9e: 4 piles AA1.5v   Diam\u00e8tre de la lentille d&#039;observation: (65mm5mm)   Grossissement de la lentille d&#039;observation : (2X\u00b120%)   Environnement de travail : Temp\u00e9rature : 5 \u00e0 40\u00b0C   \u00a0 \u00a0 \u00a0 \u00a0 \u00a0 \u00a0 \u00a0 \u00a0 \u00a0 \u00a0 \u00a0 \u00a0 \u00a0 \u00a0 \u00a0 \u00a0 \u00a0 \u00a0 \u00a0 \u00a0 \u00a0 \u00a0 \u00a0 \u00a0 \u00a0Humidit\u00e9 relative : \u226485%  Pression barom\u00e9trique : 700 hPa \u00e0 1060 hPa   Distance de travail : 5cm\u00b11cm   Num\u00e9ro de mod\u00e8le de l&#039;adaptateur : Entr\u00e9e : 100-240V a.c. 50\/60Hz, 0.8A max. Sortie 9V d.c. 3A   Longueur d&#039;onde de sortie: 320\u2212400nm    Intensit\u00e9 du rayonnement UN: 3.0mW\/cm\" \/>\n<meta property=\"og:url\" content=\"https:\/\/investmedic-store.com\/?product=2655\" \/>\n<meta property=\"og:site_name\" content=\"investmedic-store.com\" \/>\n<meta property=\"article:publisher\" content=\"https:\/\/www.facebook.com\/invest.medic\" \/>\n<meta property=\"article:modified_time\" content=\"2024-02-28T14:22:41+00:00\" \/>\n<meta property=\"og:image\" content=\"http:\/\/investmedic-store.com\/wp-content\/uploads\/2024\/02\/71.jpg\" \/>\n\t<meta property=\"og:image:width\" content=\"1414\" \/>\n\t<meta property=\"og:image:height\" content=\"2000\" \/>\n\t<meta property=\"og:image:type\" content=\"image\/jpeg\" \/>\n<meta name=\"twitter:card\" content=\"summary_large_image\" \/>\n<meta name=\"twitter:label1\" content=\"Dur\u00e9e de lecture estim\u00e9e\" \/>\n\t<meta name=\"twitter:data1\" content=\"1 minute\" \/>\n<script type=\"application\/ld+json\" class=\"yoast-schema-graph\">{\"@context\":\"https:\/\/schema.org\",\"@graph\":[{\"@type\":\"WebPage\",\"@id\":\"https:\/\/investmedic-store.com\/?product=2655\",\"url\":\"https:\/\/investmedic-store.com\/?product=2655\",\"name\":\"KN-9000C LAMPE DE Wood - investmedic-store.com\",\"isPartOf\":{\"@id\":\"https:\/\/investmedic-store.com\/#website\"},\"datePublished\":\"2024-02-28T13:51:48+00:00\",\"dateModified\":\"2024-02-28T14:22:41+00:00\",\"breadcrumb\":{\"@id\":\"https:\/\/investmedic-store.com\/?product=2655#breadcrumb\"},\"inLanguage\":\"fr-FR\",\"potentialAction\":[{\"@type\":\"ReadAction\",\"target\":[\"https:\/\/investmedic-store.com\/?product=2655\"]}]},{\"@type\":\"BreadcrumbList\",\"@id\":\"https:\/\/investmedic-store.com\/?product=2655#breadcrumb\",\"itemListElement\":[{\"@type\":\"ListItem\",\"position\":1,\"name\":\"Accueil\",\"item\":\"https:\/\/investmedic-store.com\/\"},{\"@type\":\"ListItem\",\"position\":2,\"name\":\"Shop\",\"item\":\"https:\/\/investmedic-store.com\/?page_id=5\"},{\"@type\":\"ListItem\",\"position\":3,\"name\":\"KN-9000C LAMPE DE Wood\"}]},{\"@type\":\"WebSite\",\"@id\":\"https:\/\/investmedic-store.com\/#website\",\"url\":\"https:\/\/investmedic-store.com\/\",\"name\":\"invest medic store\",\"description\":\"Importation &amp; Distribution Du Materiels Medico-Chirurgicales - \u0627\u0633\u062a\u064a\u0631\u0627\u062f \u0648\u062a\u0648\u0632\u064a\u0639 \u0627\u0644\u0645\u0648\u0627\u062f \u0627\u0644\u0637\u0628\u064a\u0629 \u0627\u0644\u062c\u0631\u0627\u062d\u064a\u0629\",\"publisher\":{\"@id\":\"https:\/\/investmedic-store.com\/#organization\"},\"alternateName\":\"investmedic store\",\"potentialAction\":[{\"@type\":\"SearchAction\",\"target\":{\"@type\":\"EntryPoint\",\"urlTemplate\":\"https:\/\/investmedic-store.com\/?s={search_term_string}\"},\"query-input\":\"required name=search_term_string\"}],\"inLanguage\":\"fr-FR\"},{\"@type\":\"Organization\",\"@id\":\"https:\/\/investmedic-store.com\/#organization\",\"name\":\"invest.medic store\",\"alternateName\":\"investmedic store\",\"url\":\"https:\/\/investmedic-store.com\/\",\"logo\":{\"@type\":\"ImageObject\",\"inLanguage\":\"fr-FR\",\"@id\":\"https:\/\/investmedic-store.com\/#\/schema\/logo\/image\/\",\"url\":\"https:\/\/investmedic-store.com\/wp-content\/uploads\/2023\/07\/cropped-LOGO_INVEST-transformed-removebg-preview-transformed-1-e1690120839263.png\",\"contentUrl\":\"https:\/\/investmedic-store.com\/wp-content\/uploads\/2023\/07\/cropped-LOGO_INVEST-transformed-removebg-preview-transformed-1-e1690120839263.png\",\"width\":512,\"height\":512,\"caption\":\"invest.medic store\"},\"image\":{\"@id\":\"https:\/\/investmedic-store.com\/#\/schema\/logo\/image\/\"},\"sameAs\":[\"https:\/\/www.facebook.com\/invest.medic\"]}]}<\/script>\n<!-- \/ Yoast SEO plugin. -->","yoast_head_json":{"title":"KN-9000C LAMPE DE Wood - investmedic-store.com","robots":{"index":"index","follow":"follow","max-snippet":"max-snippet:-1","max-image-preview":"max-image-preview:large","max-video-preview":"max-video-preview:-1"},"canonical":"https:\/\/investmedic-store.com\/?product=2655","og_locale":"fr_FR","og_type":"article","og_title":"KN-9000C LAMPE DE Wood - investmedic-store.com","og_description":"Type de lampe : LED  Temps de charge : 6 heures  puissances d\u2019entr\u00e9e: 4 piles AA1.5v   Diam\u00e8tre de la lentille d'observation: (65mm5mm)   Grossissement de la lentille d'observation : (2X\u00b120%)   Environnement de travail : Temp\u00e9rature : 5 \u00e0 40\u00b0C   \u00a0 \u00a0 \u00a0 \u00a0 \u00a0 \u00a0 \u00a0 \u00a0 \u00a0 \u00a0 \u00a0 \u00a0 \u00a0 \u00a0 \u00a0 \u00a0 \u00a0 \u00a0 \u00a0 \u00a0 \u00a0 \u00a0 \u00a0 \u00a0 \u00a0Humidit\u00e9 relative : \u226485%  Pression barom\u00e9trique : 700 hPa \u00e0 1060 hPa   Distance de travail : 5cm\u00b11cm   Num\u00e9ro de mod\u00e8le de l'adaptateur : Entr\u00e9e : 100-240V a.c. 50\/60Hz, 0.8A max. Sortie 9V d.c. 3A   Longueur d'onde de sortie: 320\u2212400nm    Intensit\u00e9 du rayonnement UN: 3.0mW\/cm","og_url":"https:\/\/investmedic-store.com\/?product=2655","og_site_name":"investmedic-store.com","article_publisher":"https:\/\/www.facebook.com\/invest.medic","article_modified_time":"2024-02-28T14:22:41+00:00","og_image":[{"width":1414,"height":2000,"url":"http:\/\/investmedic-store.com\/wp-content\/uploads\/2024\/02\/71.jpg","type":"image\/jpeg"}],"twitter_card":"summary_large_image","twitter_misc":{"Dur\u00e9e de lecture estim\u00e9e":"1 minute"},"schema":{"@context":"https:\/\/schema.org","@graph":[{"@type":"WebPage","@id":"https:\/\/investmedic-store.com\/?product=2655","url":"https:\/\/investmedic-store.com\/?product=2655","name":"KN-9000C LAMPE DE Wood - investmedic-store.com","isPartOf":{"@id":"https:\/\/investmedic-store.com\/#website"},"datePublished":"2024-02-28T13:51:48+00:00","dateModified":"2024-02-28T14:22:41+00:00","breadcrumb":{"@id":"https:\/\/investmedic-store.com\/?product=2655#breadcrumb"},"inLanguage":"fr-FR","potentialAction":[{"@type":"ReadAction","target":["https:\/\/investmedic-store.com\/?product=2655"]}]},{"@type":"BreadcrumbList","@id":"https:\/\/investmedic-store.com\/?product=2655#breadcrumb","itemListElement":[{"@type":"ListItem","position":1,"name":"Accueil","item":"https:\/\/investmedic-store.com\/"},{"@type":"ListItem","position":2,"name":"Shop","item":"https:\/\/investmedic-store.com\/?page_id=5"},{"@type":"ListItem","position":3,"name":"KN-9000C LAMPE DE Wood"}]},{"@type":"WebSite","@id":"https:\/\/investmedic-store.com\/#website","url":"https:\/\/investmedic-store.com\/","name":"invest medic store","description":"Importation &amp; Distribution Du Materiels Medico-Chirurgicales - \u0627\u0633\u062a\u064a\u0631\u0627\u062f \u0648\u062a\u0648\u0632\u064a\u0639 \u0627\u0644\u0645\u0648\u0627\u062f \u0627\u0644\u0637\u0628\u064a\u0629 \u0627\u0644\u062c\u0631\u0627\u062d\u064a\u0629","publisher":{"@id":"https:\/\/investmedic-store.com\/#organization"},"alternateName":"investmedic store","potentialAction":[{"@type":"SearchAction","target":{"@type":"EntryPoint","urlTemplate":"https:\/\/investmedic-store.com\/?s={search_term_string}"},"query-input":"required name=search_term_string"}],"inLanguage":"fr-FR"},{"@type":"Organization","@id":"https:\/\/investmedic-store.com\/#organization","name":"invest.medic store","alternateName":"investmedic store","url":"https:\/\/investmedic-store.com\/","logo":{"@type":"ImageObject","inLanguage":"fr-FR","@id":"https:\/\/investmedic-store.com\/#\/schema\/logo\/image\/","url":"https:\/\/investmedic-store.com\/wp-content\/uploads\/2023\/07\/cropped-LOGO_INVEST-transformed-removebg-preview-transformed-1-e1690120839263.png","contentUrl":"https:\/\/investmedic-store.com\/wp-content\/uploads\/2023\/07\/cropped-LOGO_INVEST-transformed-removebg-preview-transformed-1-e1690120839263.png","width":512,"height":512,"caption":"invest.medic store"},"image":{"@id":"https:\/\/investmedic-store.com\/#\/schema\/logo\/image\/"},"sameAs":["https:\/\/www.facebook.com\/invest.medic"]}]}},"_links":{"self":[{"href":"https:\/\/investmedic-store.com\/index.php?rest_route=\/wp\/v2\/product\/2655"}],"collection":[{"href":"https:\/\/investmedic-store.com\/index.php?rest_route=\/wp\/v2\/product"}],"about":[{"href":"https:\/\/investmedic-store.com\/index.php?rest_route=\/wp\/v2\/types\/product"}],"replies":[{"embeddable":true,"href":"https:\/\/investmedic-store.com\/index.php?rest_route=%2Fwp%2Fv2%2Fcomments&post=2655"}],"wp:featuredmedia":[{"embeddable":true,"href":"https:\/\/investmedic-store.com\/index.php?rest_route=\/wp\/v2\/media\/2656"}],"wp:attachment":[{"href":"https:\/\/investmedic-store.com\/index.php?rest_route=%2Fwp%2Fv2%2Fmedia&parent=2655"}],"wp:term":[{"taxonomy":"product_cat","embeddable":true,"href":"https:\/\/investmedic-store.com\/index.php?rest_route=%2Fwp%2Fv2%2Fproduct_cat&post=2655"},{"taxonomy":"product_tag","embeddable":true,"href":"https:\/\/investmedic-store.com\/index.php?rest_route=%2Fwp%2Fv2%2Fproduct_tag&post=2655"}],"curies":[{"name":"wp","href":"https:\/\/api.w.org\/{rel}","templated":true}]}}