{"id":2639,"date":"2024-02-27T11:54:55","date_gmt":"2024-02-27T10:54:55","guid":{"rendered":"https:\/\/investmedic-store.com\/?post_type=product&#038;p=2639"},"modified":"2024-02-27T11:54:55","modified_gmt":"2024-02-27T10:54:55","slug":"matelas-gaufrier-articul-invest-0-91-912-mg1-9-12","status":"publish","type":"product","link":"https:\/\/investmedic-store.com\/?product=matelas-gaufrier-articul-invest-0-91-912-mg1-9-12","title":{"rendered":"Matelas GAUFRIER ARTICUL INVEST 0.9*1.9*12 MG1.9-12"},"content":{"rendered":"<p><strong>Caract\u00e9ristiques technique<\/strong><\/p>\n<p>Matelas orthop\u00e9dique m\u00e9dical, s\u2019adapte \u00e0 toutes les positions, amovibles, ergonomique gaufr\u00e9 sur la partie sup\u00e9rieure pour une meilleure ventilation (AIR syst\u00e8me), r\u00e9duit l\u2019\u00e9cart de temp\u00e9rature pour moins d\u2019humidit\u00e9, donc pr\u00e9vient les escarres .La partie basse du matelas est stri\u00e9e horizontalement pour une meilleure inclinaison. La densit\u00e9 appropri\u00e9e du matelas est de 20\/25\/30\/36\/CHHR\/50-55KG\/m3. Le couvert en ska\u00ef appel\u00e9 sanilux enduit en 100 polyur\u00e9thanes trait\u00e9s, est anti acarien, et anti moisissure, souple, extensible, respirable, imperm\u00e9able, d\u00e9houssable, lavable \u00e0 chaud et froid. R\u00e9sistant au chlorure \u00e0 40\/\u00b0. Ce matelas \u00e0 usage m\u00e9dical, est cliniquement test\u00e9 et fabriqu\u00e9 selon les normes Europ\u00e9ennes<\/p>\n<p>&nbsp;<\/p>\n","protected":false},"excerpt":{"rendered":"<p><strong>Caract\u00e9ristiques technique<\/strong><\/p>\n<p>Matelas orthop\u00e9dique m\u00e9dical, s\u2019adapte \u00e0 toutes les positions, amovibles, ergonomique gaufr\u00e9 sur la partie sup\u00e9rieure pour une meilleure ventilation (AIR syst\u00e8me), r\u00e9duit l\u2019\u00e9cart de temp\u00e9rature pour moins d\u2019humidit\u00e9, donc pr\u00e9vient les escarres .La partie basse du matelas est stri\u00e9e horizontalement pour une meilleure inclinaison. La densit\u00e9 appropri\u00e9e du matelas est de 20\/25\/30\/36\/CHHR\/50-55KG\/m3. Le couvert en ska\u00ef appel\u00e9 sanilux enduit en 100 polyur\u00e9thanes trait\u00e9s, est anti acarien, et anti moisissure, souple, extensible, respirable, imperm\u00e9able, d\u00e9houssable, lavable \u00e0 chaud et froid. R\u00e9sistant au chlorure \u00e0 40\/\u00b0. Ce matelas \u00e0 usage m\u00e9dical, est cliniquement test\u00e9 et fabriqu\u00e9 selon les normes Europ\u00e9ennes<\/p>\n<p>&nbsp;<\/p>\n","protected":false},"featured_media":2640,"comment_status":"open","ping_status":"closed","template":"","meta":{"om_disable_all_campaigns":false,"_joinchat":[]},"product_cat":[180],"product_tag":[],"yoast_head":"<!-- This site is optimized with the Yoast SEO plugin v20.12 - https:\/\/yoast.com\/wordpress\/plugins\/seo\/ -->\n<title>Matelas GAUFRIER ARTICUL INVEST 0.9*1.9*12 MG1.9-12 - investmedic-store.com<\/title>\n<meta name=\"robots\" content=\"index, follow, max-snippet:-1, max-image-preview:large, max-video-preview:-1\" \/>\n<link rel=\"canonical\" href=\"https:\/\/investmedic-store.com\/?product=matelas-gaufrier-articul-invest-0-91-912-mg1-9-12\" \/>\n<meta property=\"og:locale\" content=\"fr_FR\" \/>\n<meta property=\"og:type\" content=\"article\" \/>\n<meta property=\"og:title\" content=\"Matelas GAUFRIER ARTICUL INVEST 0.9*1.9*12 MG1.9-12 - investmedic-store.com\" \/>\n<meta property=\"og:description\" content=\"Caract\u00e9ristiques technique  Matelas orthop\u00e9dique m\u00e9dical, s\u2019adapte \u00e0 toutes les positions, amovibles, ergonomique gaufr\u00e9 sur la partie sup\u00e9rieure pour une meilleure ventilation (AIR syst\u00e8me), r\u00e9duit l\u2019\u00e9cart de temp\u00e9rature pour moins d\u2019humidit\u00e9, donc pr\u00e9vient les escarres .La partie basse du matelas est stri\u00e9e horizontalement pour une meilleure inclinaison. La densit\u00e9 appropri\u00e9e du matelas est de 20\/25\/30\/36\/CHHR\/50-55KG\/m3. Le couvert en ska\u00ef appel\u00e9 sanilux enduit en 100 polyur\u00e9thanes trait\u00e9s, est anti acarien, et anti moisissure, souple, extensible, respirable, imperm\u00e9able, d\u00e9houssable, lavable \u00e0 chaud et froid. R\u00e9sistant au chlorure \u00e0 40\/\u00b0. Ce matelas \u00e0 usage m\u00e9dical, est cliniquement test\u00e9 et fabriqu\u00e9 selon les normes Europ\u00e9ennes  &nbsp;\" \/>\n<meta property=\"og:url\" content=\"https:\/\/investmedic-store.com\/?product=matelas-gaufrier-articul-invest-0-91-912-mg1-9-12\" \/>\n<meta property=\"og:site_name\" content=\"investmedic-store.com\" \/>\n<meta property=\"article:publisher\" content=\"https:\/\/www.facebook.com\/invest.medic\" \/>\n<meta property=\"og:image\" content=\"http:\/\/investmedic-store.com\/wp-content\/uploads\/2024\/02\/42.jpg\" \/>\n\t<meta property=\"og:image:width\" content=\"1587\" \/>\n\t<meta property=\"og:image:height\" content=\"2245\" \/>\n\t<meta property=\"og:image:type\" content=\"image\/jpeg\" \/>\n<meta name=\"twitter:card\" content=\"summary_large_image\" \/>\n<meta name=\"twitter:label1\" content=\"Dur\u00e9e de lecture estim\u00e9e\" \/>\n\t<meta name=\"twitter:data1\" content=\"1 minute\" \/>\n<script type=\"application\/ld+json\" class=\"yoast-schema-graph\">{\"@context\":\"https:\/\/schema.org\",\"@graph\":[{\"@type\":\"WebPage\",\"@id\":\"https:\/\/investmedic-store.com\/?product=matelas-gaufrier-articul-invest-0-91-912-mg1-9-12\",\"url\":\"https:\/\/investmedic-store.com\/?product=matelas-gaufrier-articul-invest-0-91-912-mg1-9-12\",\"name\":\"Matelas GAUFRIER ARTICUL INVEST 0.9*1.9*12 MG1.9-12 - investmedic-store.com\",\"isPartOf\":{\"@id\":\"https:\/\/investmedic-store.com\/#website\"},\"datePublished\":\"2024-02-27T10:54:55+00:00\",\"dateModified\":\"2024-02-27T10:54:55+00:00\",\"breadcrumb\":{\"@id\":\"https:\/\/investmedic-store.com\/?product=matelas-gaufrier-articul-invest-0-91-912-mg1-9-12#breadcrumb\"},\"inLanguage\":\"fr-FR\",\"potentialAction\":[{\"@type\":\"ReadAction\",\"target\":[\"https:\/\/investmedic-store.com\/?product=matelas-gaufrier-articul-invest-0-91-912-mg1-9-12\"]}]},{\"@type\":\"BreadcrumbList\",\"@id\":\"https:\/\/investmedic-store.com\/?product=matelas-gaufrier-articul-invest-0-91-912-mg1-9-12#breadcrumb\",\"itemListElement\":[{\"@type\":\"ListItem\",\"position\":1,\"name\":\"Accueil\",\"item\":\"https:\/\/investmedic-store.com\/\"},{\"@type\":\"ListItem\",\"position\":2,\"name\":\"Shop\",\"item\":\"https:\/\/investmedic-store.com\/?page_id=5\"},{\"@type\":\"ListItem\",\"position\":3,\"name\":\"Matelas GAUFRIER ARTICUL INVEST 0.9*1.9*12 MG1.9-12\"}]},{\"@type\":\"WebSite\",\"@id\":\"https:\/\/investmedic-store.com\/#website\",\"url\":\"https:\/\/investmedic-store.com\/\",\"name\":\"invest medic store\",\"description\":\"Importation &amp; Distribution Du Materiels Medico-Chirurgicales - \u0627\u0633\u062a\u064a\u0631\u0627\u062f \u0648\u062a\u0648\u0632\u064a\u0639 \u0627\u0644\u0645\u0648\u0627\u062f \u0627\u0644\u0637\u0628\u064a\u0629 \u0627\u0644\u062c\u0631\u0627\u062d\u064a\u0629\",\"publisher\":{\"@id\":\"https:\/\/investmedic-store.com\/#organization\"},\"alternateName\":\"investmedic store\",\"potentialAction\":[{\"@type\":\"SearchAction\",\"target\":{\"@type\":\"EntryPoint\",\"urlTemplate\":\"https:\/\/investmedic-store.com\/?s={search_term_string}\"},\"query-input\":\"required name=search_term_string\"}],\"inLanguage\":\"fr-FR\"},{\"@type\":\"Organization\",\"@id\":\"https:\/\/investmedic-store.com\/#organization\",\"name\":\"invest.medic store\",\"alternateName\":\"investmedic store\",\"url\":\"https:\/\/investmedic-store.com\/\",\"logo\":{\"@type\":\"ImageObject\",\"inLanguage\":\"fr-FR\",\"@id\":\"https:\/\/investmedic-store.com\/#\/schema\/logo\/image\/\",\"url\":\"https:\/\/investmedic-store.com\/wp-content\/uploads\/2023\/07\/cropped-LOGO_INVEST-transformed-removebg-preview-transformed-1-e1690120839263.png\",\"contentUrl\":\"https:\/\/investmedic-store.com\/wp-content\/uploads\/2023\/07\/cropped-LOGO_INVEST-transformed-removebg-preview-transformed-1-e1690120839263.png\",\"width\":512,\"height\":512,\"caption\":\"invest.medic store\"},\"image\":{\"@id\":\"https:\/\/investmedic-store.com\/#\/schema\/logo\/image\/\"},\"sameAs\":[\"https:\/\/www.facebook.com\/invest.medic\"]}]}<\/script>\n<!-- \/ Yoast SEO plugin. -->","yoast_head_json":{"title":"Matelas GAUFRIER ARTICUL INVEST 0.9*1.9*12 MG1.9-12 - investmedic-store.com","robots":{"index":"index","follow":"follow","max-snippet":"max-snippet:-1","max-image-preview":"max-image-preview:large","max-video-preview":"max-video-preview:-1"},"canonical":"https:\/\/investmedic-store.com\/?product=matelas-gaufrier-articul-invest-0-91-912-mg1-9-12","og_locale":"fr_FR","og_type":"article","og_title":"Matelas GAUFRIER ARTICUL INVEST 0.9*1.9*12 MG1.9-12 - investmedic-store.com","og_description":"Caract\u00e9ristiques technique  Matelas orthop\u00e9dique m\u00e9dical, s\u2019adapte \u00e0 toutes les positions, amovibles, ergonomique gaufr\u00e9 sur la partie sup\u00e9rieure pour une meilleure ventilation (AIR syst\u00e8me), r\u00e9duit l\u2019\u00e9cart de temp\u00e9rature pour moins d\u2019humidit\u00e9, donc pr\u00e9vient les escarres .La partie basse du matelas est stri\u00e9e horizontalement pour une meilleure inclinaison. La densit\u00e9 appropri\u00e9e du matelas est de 20\/25\/30\/36\/CHHR\/50-55KG\/m3. Le couvert en ska\u00ef appel\u00e9 sanilux enduit en 100 polyur\u00e9thanes trait\u00e9s, est anti acarien, et anti moisissure, souple, extensible, respirable, imperm\u00e9able, d\u00e9houssable, lavable \u00e0 chaud et froid. R\u00e9sistant au chlorure \u00e0 40\/\u00b0. Ce matelas \u00e0 usage m\u00e9dical, est cliniquement test\u00e9 et fabriqu\u00e9 selon les normes Europ\u00e9ennes  &nbsp;","og_url":"https:\/\/investmedic-store.com\/?product=matelas-gaufrier-articul-invest-0-91-912-mg1-9-12","og_site_name":"investmedic-store.com","article_publisher":"https:\/\/www.facebook.com\/invest.medic","og_image":[{"width":1587,"height":2245,"url":"http:\/\/investmedic-store.com\/wp-content\/uploads\/2024\/02\/42.jpg","type":"image\/jpeg"}],"twitter_card":"summary_large_image","twitter_misc":{"Dur\u00e9e de lecture estim\u00e9e":"1 minute"},"schema":{"@context":"https:\/\/schema.org","@graph":[{"@type":"WebPage","@id":"https:\/\/investmedic-store.com\/?product=matelas-gaufrier-articul-invest-0-91-912-mg1-9-12","url":"https:\/\/investmedic-store.com\/?product=matelas-gaufrier-articul-invest-0-91-912-mg1-9-12","name":"Matelas GAUFRIER ARTICUL INVEST 0.9*1.9*12 MG1.9-12 - investmedic-store.com","isPartOf":{"@id":"https:\/\/investmedic-store.com\/#website"},"datePublished":"2024-02-27T10:54:55+00:00","dateModified":"2024-02-27T10:54:55+00:00","breadcrumb":{"@id":"https:\/\/investmedic-store.com\/?product=matelas-gaufrier-articul-invest-0-91-912-mg1-9-12#breadcrumb"},"inLanguage":"fr-FR","potentialAction":[{"@type":"ReadAction","target":["https:\/\/investmedic-store.com\/?product=matelas-gaufrier-articul-invest-0-91-912-mg1-9-12"]}]},{"@type":"BreadcrumbList","@id":"https:\/\/investmedic-store.com\/?product=matelas-gaufrier-articul-invest-0-91-912-mg1-9-12#breadcrumb","itemListElement":[{"@type":"ListItem","position":1,"name":"Accueil","item":"https:\/\/investmedic-store.com\/"},{"@type":"ListItem","position":2,"name":"Shop","item":"https:\/\/investmedic-store.com\/?page_id=5"},{"@type":"ListItem","position":3,"name":"Matelas GAUFRIER ARTICUL INVEST 0.9*1.9*12 MG1.9-12"}]},{"@type":"WebSite","@id":"https:\/\/investmedic-store.com\/#website","url":"https:\/\/investmedic-store.com\/","name":"invest medic store","description":"Importation &amp; Distribution Du Materiels Medico-Chirurgicales - \u0627\u0633\u062a\u064a\u0631\u0627\u062f \u0648\u062a\u0648\u0632\u064a\u0639 \u0627\u0644\u0645\u0648\u0627\u062f \u0627\u0644\u0637\u0628\u064a\u0629 \u0627\u0644\u062c\u0631\u0627\u062d\u064a\u0629","publisher":{"@id":"https:\/\/investmedic-store.com\/#organization"},"alternateName":"investmedic store","potentialAction":[{"@type":"SearchAction","target":{"@type":"EntryPoint","urlTemplate":"https:\/\/investmedic-store.com\/?s={search_term_string}"},"query-input":"required name=search_term_string"}],"inLanguage":"fr-FR"},{"@type":"Organization","@id":"https:\/\/investmedic-store.com\/#organization","name":"invest.medic store","alternateName":"investmedic store","url":"https:\/\/investmedic-store.com\/","logo":{"@type":"ImageObject","inLanguage":"fr-FR","@id":"https:\/\/investmedic-store.com\/#\/schema\/logo\/image\/","url":"https:\/\/investmedic-store.com\/wp-content\/uploads\/2023\/07\/cropped-LOGO_INVEST-transformed-removebg-preview-transformed-1-e1690120839263.png","contentUrl":"https:\/\/investmedic-store.com\/wp-content\/uploads\/2023\/07\/cropped-LOGO_INVEST-transformed-removebg-preview-transformed-1-e1690120839263.png","width":512,"height":512,"caption":"invest.medic store"},"image":{"@id":"https:\/\/investmedic-store.com\/#\/schema\/logo\/image\/"},"sameAs":["https:\/\/www.facebook.com\/invest.medic"]}]}},"_links":{"self":[{"href":"https:\/\/investmedic-store.com\/index.php?rest_route=\/wp\/v2\/product\/2639"}],"collection":[{"href":"https:\/\/investmedic-store.com\/index.php?rest_route=\/wp\/v2\/product"}],"about":[{"href":"https:\/\/investmedic-store.com\/index.php?rest_route=\/wp\/v2\/types\/product"}],"replies":[{"embeddable":true,"href":"https:\/\/investmedic-store.com\/index.php?rest_route=%2Fwp%2Fv2%2Fcomments&post=2639"}],"wp:featuredmedia":[{"embeddable":true,"href":"https:\/\/investmedic-store.com\/index.php?rest_route=\/wp\/v2\/media\/2640"}],"wp:attachment":[{"href":"https:\/\/investmedic-store.com\/index.php?rest_route=%2Fwp%2Fv2%2Fmedia&parent=2639"}],"wp:term":[{"taxonomy":"product_cat","embeddable":true,"href":"https:\/\/investmedic-store.com\/index.php?rest_route=%2Fwp%2Fv2%2Fproduct_cat&post=2639"},{"taxonomy":"product_tag","embeddable":true,"href":"https:\/\/investmedic-store.com\/index.php?rest_route=%2Fwp%2Fv2%2Fproduct_tag&post=2639"}],"curies":[{"name":"wp","href":"https:\/\/api.w.org\/{rel}","templated":true}]}}