{"id":2621,"date":"2024-02-27T11:10:13","date_gmt":"2024-02-27T10:10:13","guid":{"rendered":"https:\/\/investmedic-store.com\/?post_type=product&#038;p=2621"},"modified":"2024-06-25T15:23:41","modified_gmt":"2024-06-25T14:23:41","slug":"potence-a-serum-chrome-pt002","status":"publish","type":"product","link":"https:\/\/investmedic-store.com\/?product=potence-a-serum-chrome-pt002","title":{"rendered":"Potence A S\u00e9rum Chrom\u00e9 PT002"},"content":{"rendered":"<div>\n<div>\n<p><strong>Caract\u00e9ristiques technique<\/strong><\/p>\n<ul>\n<li>Fabriqu\u00e9e en tube d\u2019acier rond, 22&#215;12<\/li>\n<li>compos\u00e9e d\u2019une tige \u00e0 s\u00e9rum de quatre (04) crochets<\/li>\n<li>\u00a0d\u2019un ch\u00e2ssis en acier \u00e0 cinq (04) roues<\/li>\n<li>et elle est r\u00e9glable en hauteur.<\/li>\n<\/ul>\n<p><strong> Dimensions :<\/strong><\/p>\n<ul>\n<li>Hauteur : 1m 10cm,<\/li>\n<li>extensible \u00e0 1m 90cm<\/li>\n<\/ul>\n<\/div>\n<\/div>\n","protected":false},"excerpt":{"rendered":"<p><strong>Caract\u00e9ristiques technique<\/strong><\/p>\n<ul>\n<li>Fabriqu\u00e9e en tube d\u2019acier rond, 22&#215;12<\/li>\n<li>compos\u00e9e d\u2019une tige \u00e0 s\u00e9rum de quatre (04) crochets<\/li>\n<li>\u00a0d\u2019un ch\u00e2ssis en acier \u00e0 cinq (04) roues<\/li>\n<li>et elle est r\u00e9glable en hauteur.<\/li>\n<\/ul>\n<p><strong> Dimensions :<\/strong><\/p>\n<ul>\n<li>Hauteur : 1m 10cm,<\/li>\n<li>extensible \u00e0 1m 90cm<\/li>\n<\/ul>\n","protected":false},"featured_media":2622,"comment_status":"open","ping_status":"closed","template":"","meta":{"om_disable_all_campaigns":false,"_joinchat":[]},"product_cat":[180],"product_tag":[],"yoast_head":"<!-- This site is optimized with the Yoast SEO plugin v20.12 - https:\/\/yoast.com\/wordpress\/plugins\/seo\/ -->\n<title>Potence A S\u00e9rum Chrom\u00e9 PT002 - investmedic-store.com<\/title>\n<meta name=\"robots\" content=\"index, follow, max-snippet:-1, max-image-preview:large, max-video-preview:-1\" \/>\n<link rel=\"canonical\" href=\"https:\/\/investmedic-store.com\/?product=potence-a-serum-chrome-pt002\" \/>\n<meta property=\"og:locale\" content=\"fr_FR\" \/>\n<meta property=\"og:type\" content=\"article\" \/>\n<meta property=\"og:title\" content=\"Potence A S\u00e9rum Chrom\u00e9 PT002 - investmedic-store.com\" \/>\n<meta property=\"og:description\" content=\"Caract\u00e9ristiques technique   Fabriqu\u00e9e en tube d\u2019acier rond, 22x12  compos\u00e9e d\u2019une tige \u00e0 s\u00e9rum de quatre (04) crochets  \u00a0d\u2019un ch\u00e2ssis en acier \u00e0 cinq (04) roues  et elle est r\u00e9glable en hauteur.   Dimensions :   Hauteur : 1m 10cm,  extensible \u00e0 1m 90cm\" \/>\n<meta property=\"og:url\" content=\"https:\/\/investmedic-store.com\/?product=potence-a-serum-chrome-pt002\" \/>\n<meta property=\"og:site_name\" content=\"investmedic-store.com\" \/>\n<meta property=\"article:publisher\" content=\"https:\/\/www.facebook.com\/invest.medic\" \/>\n<meta property=\"article:modified_time\" content=\"2024-06-25T14:23:41+00:00\" \/>\n<meta property=\"og:image\" content=\"http:\/\/investmedic-store.com\/wp-content\/uploads\/2024\/02\/55.jpg\" \/>\n\t<meta property=\"og:image:width\" content=\"1587\" \/>\n\t<meta property=\"og:image:height\" content=\"2245\" \/>\n\t<meta property=\"og:image:type\" content=\"image\/jpeg\" \/>\n<meta name=\"twitter:card\" content=\"summary_large_image\" \/>\n<meta name=\"twitter:label1\" content=\"Dur\u00e9e de lecture estim\u00e9e\" \/>\n\t<meta name=\"twitter:data1\" content=\"1 minute\" \/>\n<script type=\"application\/ld+json\" class=\"yoast-schema-graph\">{\"@context\":\"https:\/\/schema.org\",\"@graph\":[{\"@type\":\"WebPage\",\"@id\":\"https:\/\/investmedic-store.com\/?product=potence-a-serum-chrome-pt002\",\"url\":\"https:\/\/investmedic-store.com\/?product=potence-a-serum-chrome-pt002\",\"name\":\"Potence A S\u00e9rum Chrom\u00e9 PT002 - investmedic-store.com\",\"isPartOf\":{\"@id\":\"https:\/\/investmedic-store.com\/#website\"},\"datePublished\":\"2024-02-27T10:10:13+00:00\",\"dateModified\":\"2024-06-25T14:23:41+00:00\",\"breadcrumb\":{\"@id\":\"https:\/\/investmedic-store.com\/?product=potence-a-serum-chrome-pt002#breadcrumb\"},\"inLanguage\":\"fr-FR\",\"potentialAction\":[{\"@type\":\"ReadAction\",\"target\":[\"https:\/\/investmedic-store.com\/?product=potence-a-serum-chrome-pt002\"]}]},{\"@type\":\"BreadcrumbList\",\"@id\":\"https:\/\/investmedic-store.com\/?product=potence-a-serum-chrome-pt002#breadcrumb\",\"itemListElement\":[{\"@type\":\"ListItem\",\"position\":1,\"name\":\"Accueil\",\"item\":\"https:\/\/investmedic-store.com\/\"},{\"@type\":\"ListItem\",\"position\":2,\"name\":\"Shop\",\"item\":\"https:\/\/investmedic-store.com\/?page_id=5\"},{\"@type\":\"ListItem\",\"position\":3,\"name\":\"Potence A S\u00e9rum Chrom\u00e9 PT002\"}]},{\"@type\":\"WebSite\",\"@id\":\"https:\/\/investmedic-store.com\/#website\",\"url\":\"https:\/\/investmedic-store.com\/\",\"name\":\"invest medic store\",\"description\":\"Importation &amp; Distribution Du Materiels Medico-Chirurgicales - \u0627\u0633\u062a\u064a\u0631\u0627\u062f \u0648\u062a\u0648\u0632\u064a\u0639 \u0627\u0644\u0645\u0648\u0627\u062f \u0627\u0644\u0637\u0628\u064a\u0629 \u0627\u0644\u062c\u0631\u0627\u062d\u064a\u0629\",\"publisher\":{\"@id\":\"https:\/\/investmedic-store.com\/#organization\"},\"alternateName\":\"investmedic store\",\"potentialAction\":[{\"@type\":\"SearchAction\",\"target\":{\"@type\":\"EntryPoint\",\"urlTemplate\":\"https:\/\/investmedic-store.com\/?s={search_term_string}\"},\"query-input\":\"required name=search_term_string\"}],\"inLanguage\":\"fr-FR\"},{\"@type\":\"Organization\",\"@id\":\"https:\/\/investmedic-store.com\/#organization\",\"name\":\"invest.medic store\",\"alternateName\":\"investmedic store\",\"url\":\"https:\/\/investmedic-store.com\/\",\"logo\":{\"@type\":\"ImageObject\",\"inLanguage\":\"fr-FR\",\"@id\":\"https:\/\/investmedic-store.com\/#\/schema\/logo\/image\/\",\"url\":\"https:\/\/investmedic-store.com\/wp-content\/uploads\/2023\/07\/cropped-LOGO_INVEST-transformed-removebg-preview-transformed-1-e1690120839263.png\",\"contentUrl\":\"https:\/\/investmedic-store.com\/wp-content\/uploads\/2023\/07\/cropped-LOGO_INVEST-transformed-removebg-preview-transformed-1-e1690120839263.png\",\"width\":512,\"height\":512,\"caption\":\"invest.medic store\"},\"image\":{\"@id\":\"https:\/\/investmedic-store.com\/#\/schema\/logo\/image\/\"},\"sameAs\":[\"https:\/\/www.facebook.com\/invest.medic\"]}]}<\/script>\n<!-- \/ Yoast SEO plugin. -->","yoast_head_json":{"title":"Potence A S\u00e9rum Chrom\u00e9 PT002 - investmedic-store.com","robots":{"index":"index","follow":"follow","max-snippet":"max-snippet:-1","max-image-preview":"max-image-preview:large","max-video-preview":"max-video-preview:-1"},"canonical":"https:\/\/investmedic-store.com\/?product=potence-a-serum-chrome-pt002","og_locale":"fr_FR","og_type":"article","og_title":"Potence A S\u00e9rum Chrom\u00e9 PT002 - investmedic-store.com","og_description":"Caract\u00e9ristiques technique   Fabriqu\u00e9e en tube d\u2019acier rond, 22x12  compos\u00e9e d\u2019une tige \u00e0 s\u00e9rum de quatre (04) crochets  \u00a0d\u2019un ch\u00e2ssis en acier \u00e0 cinq (04) roues  et elle est r\u00e9glable en hauteur.   Dimensions :   Hauteur : 1m 10cm,  extensible \u00e0 1m 90cm","og_url":"https:\/\/investmedic-store.com\/?product=potence-a-serum-chrome-pt002","og_site_name":"investmedic-store.com","article_publisher":"https:\/\/www.facebook.com\/invest.medic","article_modified_time":"2024-06-25T14:23:41+00:00","og_image":[{"width":1587,"height":2245,"url":"http:\/\/investmedic-store.com\/wp-content\/uploads\/2024\/02\/55.jpg","type":"image\/jpeg"}],"twitter_card":"summary_large_image","twitter_misc":{"Dur\u00e9e de lecture estim\u00e9e":"1 minute"},"schema":{"@context":"https:\/\/schema.org","@graph":[{"@type":"WebPage","@id":"https:\/\/investmedic-store.com\/?product=potence-a-serum-chrome-pt002","url":"https:\/\/investmedic-store.com\/?product=potence-a-serum-chrome-pt002","name":"Potence A S\u00e9rum Chrom\u00e9 PT002 - investmedic-store.com","isPartOf":{"@id":"https:\/\/investmedic-store.com\/#website"},"datePublished":"2024-02-27T10:10:13+00:00","dateModified":"2024-06-25T14:23:41+00:00","breadcrumb":{"@id":"https:\/\/investmedic-store.com\/?product=potence-a-serum-chrome-pt002#breadcrumb"},"inLanguage":"fr-FR","potentialAction":[{"@type":"ReadAction","target":["https:\/\/investmedic-store.com\/?product=potence-a-serum-chrome-pt002"]}]},{"@type":"BreadcrumbList","@id":"https:\/\/investmedic-store.com\/?product=potence-a-serum-chrome-pt002#breadcrumb","itemListElement":[{"@type":"ListItem","position":1,"name":"Accueil","item":"https:\/\/investmedic-store.com\/"},{"@type":"ListItem","position":2,"name":"Shop","item":"https:\/\/investmedic-store.com\/?page_id=5"},{"@type":"ListItem","position":3,"name":"Potence A S\u00e9rum Chrom\u00e9 PT002"}]},{"@type":"WebSite","@id":"https:\/\/investmedic-store.com\/#website","url":"https:\/\/investmedic-store.com\/","name":"invest medic store","description":"Importation &amp; Distribution Du Materiels Medico-Chirurgicales - \u0627\u0633\u062a\u064a\u0631\u0627\u062f \u0648\u062a\u0648\u0632\u064a\u0639 \u0627\u0644\u0645\u0648\u0627\u062f \u0627\u0644\u0637\u0628\u064a\u0629 \u0627\u0644\u062c\u0631\u0627\u062d\u064a\u0629","publisher":{"@id":"https:\/\/investmedic-store.com\/#organization"},"alternateName":"investmedic store","potentialAction":[{"@type":"SearchAction","target":{"@type":"EntryPoint","urlTemplate":"https:\/\/investmedic-store.com\/?s={search_term_string}"},"query-input":"required name=search_term_string"}],"inLanguage":"fr-FR"},{"@type":"Organization","@id":"https:\/\/investmedic-store.com\/#organization","name":"invest.medic store","alternateName":"investmedic store","url":"https:\/\/investmedic-store.com\/","logo":{"@type":"ImageObject","inLanguage":"fr-FR","@id":"https:\/\/investmedic-store.com\/#\/schema\/logo\/image\/","url":"https:\/\/investmedic-store.com\/wp-content\/uploads\/2023\/07\/cropped-LOGO_INVEST-transformed-removebg-preview-transformed-1-e1690120839263.png","contentUrl":"https:\/\/investmedic-store.com\/wp-content\/uploads\/2023\/07\/cropped-LOGO_INVEST-transformed-removebg-preview-transformed-1-e1690120839263.png","width":512,"height":512,"caption":"invest.medic store"},"image":{"@id":"https:\/\/investmedic-store.com\/#\/schema\/logo\/image\/"},"sameAs":["https:\/\/www.facebook.com\/invest.medic"]}]}},"_links":{"self":[{"href":"https:\/\/investmedic-store.com\/index.php?rest_route=\/wp\/v2\/product\/2621"}],"collection":[{"href":"https:\/\/investmedic-store.com\/index.php?rest_route=\/wp\/v2\/product"}],"about":[{"href":"https:\/\/investmedic-store.com\/index.php?rest_route=\/wp\/v2\/types\/product"}],"replies":[{"embeddable":true,"href":"https:\/\/investmedic-store.com\/index.php?rest_route=%2Fwp%2Fv2%2Fcomments&post=2621"}],"wp:featuredmedia":[{"embeddable":true,"href":"https:\/\/investmedic-store.com\/index.php?rest_route=\/wp\/v2\/media\/2622"}],"wp:attachment":[{"href":"https:\/\/investmedic-store.com\/index.php?rest_route=%2Fwp%2Fv2%2Fmedia&parent=2621"}],"wp:term":[{"taxonomy":"product_cat","embeddable":true,"href":"https:\/\/investmedic-store.com\/index.php?rest_route=%2Fwp%2Fv2%2Fproduct_cat&post=2621"},{"taxonomy":"product_tag","embeddable":true,"href":"https:\/\/investmedic-store.com\/index.php?rest_route=%2Fwp%2Fv2%2Fproduct_tag&post=2621"}],"curies":[{"name":"wp","href":"https:\/\/api.w.org\/{rel}","templated":true}]}}