{"id":2583,"date":"2024-02-07T15:56:22","date_gmt":"2024-02-07T14:56:22","guid":{"rendered":"https:\/\/investmedic-store.com\/?post_type=product&#038;p=2583"},"modified":"2024-02-07T15:56:23","modified_gmt":"2024-02-07T14:56:23","slug":"aspirateur-de-fumee-mobile-as301","status":"publish","type":"product","link":"https:\/\/investmedic-store.com\/?product=aspirateur-de-fumee-mobile-as301","title":{"rendered":"Aspirateur De Fum\u00e9e Mobile  AS301"},"content":{"rendered":"<p>caract\u00e9ristiques:<br \/>\nle filtre AS301 (S) est un outil important pour maintenir l&#8217;environnement<br \/>\ndu salon de beaut\u00e9 propre et sain. Il aide \u00e0 pr\u00e9venir la propagation des<br \/>\ninfections et \u00e0 am\u00e9liorer le confort des clients.<\/p>\n<p>Fonction :<\/p>\n<p>Le filtre AS301 (S) est utilis\u00e9 pour \u00e9liminer la fum\u00e9e, le goudron et les odeurs produites par les traitements de<br \/>\nbeaut\u00e9 laser et de moxibustion.<br \/>\nPour l&#8217;environnement du salon de beaut\u00e9 : Le filtre est important pour maintenir l&#8217;air du salon de beaut\u00e9 propre<br \/>\net frais. Il aide \u00e0 pr\u00e9venir la propagation des infections et \u00e0 am\u00e9liorer le confort des clients.<br \/>\n1.Premi\u00e8re \u00e9tape : Le filtre initial en coton filtre les grosses particules de poussi\u00e8re.<br \/>\n2.Deuxi\u00e8me \u00e9tape : Les filtres moyens H14 filtrent les petites particules et les a\u00e9rosols.<br \/>\n3.Troisi\u00e8me \u00e9tape : L&#8217;\u00e9l\u00e9ment filtrant au charbon actif \u00e9limine les odeurs.<\/p>\n","protected":false},"excerpt":{"rendered":"<p>Mod\u00e8le: AS 301<br \/>\nTension: 220 V 50HZ<br \/>\nPuissance :350 W<br \/>\nFiltration :0,3 \u00b5m 99,5 %<br \/>\nPoids :23 kg<br \/>\nDimensions: 420 x 310 x 515 mm<br \/>\nD\u00e9bit d&#8217;air: 450 m\u00b3\/h<br \/>\nTaille de la bride :75 mm<\/p>\n","protected":false},"featured_media":2584,"comment_status":"open","ping_status":"closed","template":"","meta":{"om_disable_all_campaigns":false,"_joinchat":[]},"product_cat":[15],"product_tag":[],"yoast_head":"<!-- This site is optimized with the Yoast SEO plugin v20.12 - https:\/\/yoast.com\/wordpress\/plugins\/seo\/ -->\n<title>Aspirateur De Fum\u00e9e Mobile AS301 - investmedic-store.com<\/title>\n<meta name=\"robots\" content=\"index, follow, max-snippet:-1, max-image-preview:large, max-video-preview:-1\" \/>\n<link rel=\"canonical\" href=\"https:\/\/investmedic-store.com\/?product=aspirateur-de-fumee-mobile-as301\" \/>\n<meta property=\"og:locale\" content=\"fr_FR\" \/>\n<meta property=\"og:type\" content=\"article\" \/>\n<meta property=\"og:title\" content=\"Aspirateur De Fum\u00e9e Mobile AS301 - investmedic-store.com\" \/>\n<meta property=\"og:description\" content=\"Mod\u00e8le: AS 301 Tension: 220 V 50HZ Puissance :350 W Filtration :0,3 \u00b5m 99,5 % Poids :23 kg Dimensions: 420 x 310 x 515 mm D\u00e9bit d&#039;air: 450 m\u00b3\/h Taille de la bride :75 mm\" \/>\n<meta property=\"og:url\" content=\"https:\/\/investmedic-store.com\/?product=aspirateur-de-fumee-mobile-as301\" \/>\n<meta property=\"og:site_name\" content=\"investmedic-store.com\" \/>\n<meta property=\"article:publisher\" content=\"https:\/\/www.facebook.com\/invest.medic\" \/>\n<meta property=\"article:modified_time\" content=\"2024-02-07T14:56:23+00:00\" \/>\n<meta property=\"og:image\" content=\"http:\/\/investmedic-store.com\/wp-content\/uploads\/2024\/02\/Nom-de-lappareil-Lampe-LED-multifonctions-Marque-Pro-Photon-BIO-Type-Lampe-LED-Couleurs-de-lumiere-Rouge-bleu-infrarouge-Puissance-15-W-par-couleur-Longueur-donde-Rouge-630-660-nm-Bleu-21.jpg\" \/>\n\t<meta property=\"og:image:width\" content=\"1587\" \/>\n\t<meta property=\"og:image:height\" content=\"2245\" \/>\n\t<meta property=\"og:image:type\" content=\"image\/jpeg\" \/>\n<meta name=\"twitter:card\" content=\"summary_large_image\" \/>\n<meta name=\"twitter:label1\" content=\"Dur\u00e9e de lecture estim\u00e9e\" \/>\n\t<meta name=\"twitter:data1\" content=\"1 minute\" \/>\n<script type=\"application\/ld+json\" class=\"yoast-schema-graph\">{\"@context\":\"https:\/\/schema.org\",\"@graph\":[{\"@type\":\"WebPage\",\"@id\":\"https:\/\/investmedic-store.com\/?product=aspirateur-de-fumee-mobile-as301\",\"url\":\"https:\/\/investmedic-store.com\/?product=aspirateur-de-fumee-mobile-as301\",\"name\":\"Aspirateur De Fum\u00e9e Mobile AS301 - investmedic-store.com\",\"isPartOf\":{\"@id\":\"https:\/\/investmedic-store.com\/#website\"},\"datePublished\":\"2024-02-07T14:56:22+00:00\",\"dateModified\":\"2024-02-07T14:56:23+00:00\",\"breadcrumb\":{\"@id\":\"https:\/\/investmedic-store.com\/?product=aspirateur-de-fumee-mobile-as301#breadcrumb\"},\"inLanguage\":\"fr-FR\",\"potentialAction\":[{\"@type\":\"ReadAction\",\"target\":[\"https:\/\/investmedic-store.com\/?product=aspirateur-de-fumee-mobile-as301\"]}]},{\"@type\":\"BreadcrumbList\",\"@id\":\"https:\/\/investmedic-store.com\/?product=aspirateur-de-fumee-mobile-as301#breadcrumb\",\"itemListElement\":[{\"@type\":\"ListItem\",\"position\":1,\"name\":\"Accueil\",\"item\":\"https:\/\/investmedic-store.com\/\"},{\"@type\":\"ListItem\",\"position\":2,\"name\":\"Shop\",\"item\":\"https:\/\/investmedic-store.com\/?page_id=5\"},{\"@type\":\"ListItem\",\"position\":3,\"name\":\"Aspirateur De Fum\u00e9e Mobile AS301\"}]},{\"@type\":\"WebSite\",\"@id\":\"https:\/\/investmedic-store.com\/#website\",\"url\":\"https:\/\/investmedic-store.com\/\",\"name\":\"invest medic store\",\"description\":\"Importation &amp; Distribution Du Materiels Medico-Chirurgicales - \u0627\u0633\u062a\u064a\u0631\u0627\u062f \u0648\u062a\u0648\u0632\u064a\u0639 \u0627\u0644\u0645\u0648\u0627\u062f \u0627\u0644\u0637\u0628\u064a\u0629 \u0627\u0644\u062c\u0631\u0627\u062d\u064a\u0629\",\"publisher\":{\"@id\":\"https:\/\/investmedic-store.com\/#organization\"},\"alternateName\":\"investmedic store\",\"potentialAction\":[{\"@type\":\"SearchAction\",\"target\":{\"@type\":\"EntryPoint\",\"urlTemplate\":\"https:\/\/investmedic-store.com\/?s={search_term_string}\"},\"query-input\":\"required name=search_term_string\"}],\"inLanguage\":\"fr-FR\"},{\"@type\":\"Organization\",\"@id\":\"https:\/\/investmedic-store.com\/#organization\",\"name\":\"invest.medic store\",\"alternateName\":\"investmedic store\",\"url\":\"https:\/\/investmedic-store.com\/\",\"logo\":{\"@type\":\"ImageObject\",\"inLanguage\":\"fr-FR\",\"@id\":\"https:\/\/investmedic-store.com\/#\/schema\/logo\/image\/\",\"url\":\"https:\/\/investmedic-store.com\/wp-content\/uploads\/2023\/07\/cropped-LOGO_INVEST-transformed-removebg-preview-transformed-1-e1690120839263.png\",\"contentUrl\":\"https:\/\/investmedic-store.com\/wp-content\/uploads\/2023\/07\/cropped-LOGO_INVEST-transformed-removebg-preview-transformed-1-e1690120839263.png\",\"width\":512,\"height\":512,\"caption\":\"invest.medic store\"},\"image\":{\"@id\":\"https:\/\/investmedic-store.com\/#\/schema\/logo\/image\/\"},\"sameAs\":[\"https:\/\/www.facebook.com\/invest.medic\"]}]}<\/script>\n<!-- \/ Yoast SEO plugin. -->","yoast_head_json":{"title":"Aspirateur De Fum\u00e9e Mobile AS301 - investmedic-store.com","robots":{"index":"index","follow":"follow","max-snippet":"max-snippet:-1","max-image-preview":"max-image-preview:large","max-video-preview":"max-video-preview:-1"},"canonical":"https:\/\/investmedic-store.com\/?product=aspirateur-de-fumee-mobile-as301","og_locale":"fr_FR","og_type":"article","og_title":"Aspirateur De Fum\u00e9e Mobile AS301 - investmedic-store.com","og_description":"Mod\u00e8le: AS 301 Tension: 220 V 50HZ Puissance :350 W Filtration :0,3 \u00b5m 99,5 % Poids :23 kg Dimensions: 420 x 310 x 515 mm D\u00e9bit d'air: 450 m\u00b3\/h Taille de la bride :75 mm","og_url":"https:\/\/investmedic-store.com\/?product=aspirateur-de-fumee-mobile-as301","og_site_name":"investmedic-store.com","article_publisher":"https:\/\/www.facebook.com\/invest.medic","article_modified_time":"2024-02-07T14:56:23+00:00","og_image":[{"width":1587,"height":2245,"url":"http:\/\/investmedic-store.com\/wp-content\/uploads\/2024\/02\/Nom-de-lappareil-Lampe-LED-multifonctions-Marque-Pro-Photon-BIO-Type-Lampe-LED-Couleurs-de-lumiere-Rouge-bleu-infrarouge-Puissance-15-W-par-couleur-Longueur-donde-Rouge-630-660-nm-Bleu-21.jpg","type":"image\/jpeg"}],"twitter_card":"summary_large_image","twitter_misc":{"Dur\u00e9e de lecture estim\u00e9e":"1 minute"},"schema":{"@context":"https:\/\/schema.org","@graph":[{"@type":"WebPage","@id":"https:\/\/investmedic-store.com\/?product=aspirateur-de-fumee-mobile-as301","url":"https:\/\/investmedic-store.com\/?product=aspirateur-de-fumee-mobile-as301","name":"Aspirateur De Fum\u00e9e Mobile AS301 - investmedic-store.com","isPartOf":{"@id":"https:\/\/investmedic-store.com\/#website"},"datePublished":"2024-02-07T14:56:22+00:00","dateModified":"2024-02-07T14:56:23+00:00","breadcrumb":{"@id":"https:\/\/investmedic-store.com\/?product=aspirateur-de-fumee-mobile-as301#breadcrumb"},"inLanguage":"fr-FR","potentialAction":[{"@type":"ReadAction","target":["https:\/\/investmedic-store.com\/?product=aspirateur-de-fumee-mobile-as301"]}]},{"@type":"BreadcrumbList","@id":"https:\/\/investmedic-store.com\/?product=aspirateur-de-fumee-mobile-as301#breadcrumb","itemListElement":[{"@type":"ListItem","position":1,"name":"Accueil","item":"https:\/\/investmedic-store.com\/"},{"@type":"ListItem","position":2,"name":"Shop","item":"https:\/\/investmedic-store.com\/?page_id=5"},{"@type":"ListItem","position":3,"name":"Aspirateur De Fum\u00e9e Mobile AS301"}]},{"@type":"WebSite","@id":"https:\/\/investmedic-store.com\/#website","url":"https:\/\/investmedic-store.com\/","name":"invest medic store","description":"Importation &amp; Distribution Du Materiels Medico-Chirurgicales - \u0627\u0633\u062a\u064a\u0631\u0627\u062f \u0648\u062a\u0648\u0632\u064a\u0639 \u0627\u0644\u0645\u0648\u0627\u062f \u0627\u0644\u0637\u0628\u064a\u0629 \u0627\u0644\u062c\u0631\u0627\u062d\u064a\u0629","publisher":{"@id":"https:\/\/investmedic-store.com\/#organization"},"alternateName":"investmedic store","potentialAction":[{"@type":"SearchAction","target":{"@type":"EntryPoint","urlTemplate":"https:\/\/investmedic-store.com\/?s={search_term_string}"},"query-input":"required name=search_term_string"}],"inLanguage":"fr-FR"},{"@type":"Organization","@id":"https:\/\/investmedic-store.com\/#organization","name":"invest.medic store","alternateName":"investmedic store","url":"https:\/\/investmedic-store.com\/","logo":{"@type":"ImageObject","inLanguage":"fr-FR","@id":"https:\/\/investmedic-store.com\/#\/schema\/logo\/image\/","url":"https:\/\/investmedic-store.com\/wp-content\/uploads\/2023\/07\/cropped-LOGO_INVEST-transformed-removebg-preview-transformed-1-e1690120839263.png","contentUrl":"https:\/\/investmedic-store.com\/wp-content\/uploads\/2023\/07\/cropped-LOGO_INVEST-transformed-removebg-preview-transformed-1-e1690120839263.png","width":512,"height":512,"caption":"invest.medic store"},"image":{"@id":"https:\/\/investmedic-store.com\/#\/schema\/logo\/image\/"},"sameAs":["https:\/\/www.facebook.com\/invest.medic"]}]}},"_links":{"self":[{"href":"https:\/\/investmedic-store.com\/index.php?rest_route=\/wp\/v2\/product\/2583"}],"collection":[{"href":"https:\/\/investmedic-store.com\/index.php?rest_route=\/wp\/v2\/product"}],"about":[{"href":"https:\/\/investmedic-store.com\/index.php?rest_route=\/wp\/v2\/types\/product"}],"replies":[{"embeddable":true,"href":"https:\/\/investmedic-store.com\/index.php?rest_route=%2Fwp%2Fv2%2Fcomments&post=2583"}],"wp:featuredmedia":[{"embeddable":true,"href":"https:\/\/investmedic-store.com\/index.php?rest_route=\/wp\/v2\/media\/2584"}],"wp:attachment":[{"href":"https:\/\/investmedic-store.com\/index.php?rest_route=%2Fwp%2Fv2%2Fmedia&parent=2583"}],"wp:term":[{"taxonomy":"product_cat","embeddable":true,"href":"https:\/\/investmedic-store.com\/index.php?rest_route=%2Fwp%2Fv2%2Fproduct_cat&post=2583"},{"taxonomy":"product_tag","embeddable":true,"href":"https:\/\/investmedic-store.com\/index.php?rest_route=%2Fwp%2Fv2%2Fproduct_tag&post=2583"}],"curies":[{"name":"wp","href":"https:\/\/api.w.org\/{rel}","templated":true}]}}