{"id":2581,"date":"2024-02-07T14:31:28","date_gmt":"2024-02-07T13:31:28","guid":{"rendered":"https:\/\/investmedic-store.com\/?post_type=product&#038;p=2581"},"modified":"2024-02-07T14:31:28","modified_gmt":"2024-02-07T13:31:28","slug":"video-laringoscope-a3-lame-autoclavable-vl-pro","status":"publish","type":"product","link":"https:\/\/investmedic-store.com\/?product=video-laringoscope-a3-lame-autoclavable-vl-pro","title":{"rendered":"Video Laringoscope A3  Lame Autoclavable VL pro"},"content":{"rendered":"<p><span class=\"OYPEnA text-decoration-underline text-strikethrough-none\">Description<\/span><\/p>\n<p class=\"cvGsUA direction-ltr align-start para-style-body\"><span class=\"OYPEnA text-decoration-none text-strikethrough-none\">Vid\u00e9o Laryngoscope<\/span> <span class=\"OYPEnA text-decoration-none text-strikethrough-none\">est un dispositif m\u00e9dical qui est utilis\u00e9 pour am\u00e9liorer la visualisation du larynx. Le larynx est la partie de la gorge qui contient les cordes vocales. Il est important de visualiser le larynx correctement lors de l&#8217;intubation trach\u00e9ale, une proc\u00e9dure dans laquelle un tube est ins\u00e9r\u00e9 dans la trach\u00e9e pour fournir de l&#8217;oxyg\u00e8ne et de l&#8217;anesth\u00e9sie.<\/span><\/p>\n<p class=\"cvGsUA direction-ltr align-start para-style-body\"><span class=\"OYPEnA text-decoration-none text-strikethrough-none\">\u00a0Vid\u00e9o Laryngoscope utilise une cam\u00e9ra pour fournir une vue en direct du larynx. Cela permet au clinicien d&#8217;ins\u00e9rer le tube d&#8217;intubation plus facilement et plus pr\u00e9cis\u00e9ment.<\/span><\/p>\n","protected":false},"excerpt":{"rendered":"<p>Port Intelligent: Port USB type-C pour un transfert de<br \/>\n\u00c9cran intelligent: <span class=\"OYPEnA text-decoration-none text-strikethrough-none\">\u00c9cran tactile non r\u00e9fl\u00e9chissant de 3,5 pouces, visualisation d&#8217;image claire dans un champ panoramique, prend en charge les lames r\u00e9utilisables et jetables<\/span><br \/>\nM\u00e9moire intelligente: <span class=\"OYPEnA text-decoration-none text-strikethrough-none\">16 Go par d\u00e9faut\/32-256 Go en option<\/span><br \/>\nRotation intelligente: <span class=\"OYPEnA text-decoration-none text-strikethrough-none\">Haut-bas&gt;120\u00b0 Gauche-droite&gt;270\u00b0<\/span><br \/>\nEnregistrement\u00a0 intelligent: <span class=\"OYPEnA text-decoration-none text-strikethrough-none\">Appuie rapide pour capturer une photo et appui continu pour enregistrer une vid\u00e9o<\/span><br \/>\nAlimentation intelligente: <span class=\"OYPEnA text-decoration-none text-strikethrough-none\">Compatible avec les chargeurs sans fil et \u00e9conomise la batterie automatiquement<\/span><br \/>\nPoign\u00e9e intelligente: <span class=\"OYPEnA text-decoration-none text-strikethrough-none\">Conception ergonomique pour une prise en main et un r\u00e9glage faciles<\/span><br \/>\nLumi\u00e8re intelligente: <span class=\"OYPEnA text-decoration-none text-strikethrough-none\">Source de lumi\u00e8re froide haute puissance<\/span><\/p>\n<div>\n<p>Cam\u00e9ra intelligente: <span class=\"OYPEnA text-decoration-none text-strikethrough-none\">Haute r\u00e9solution avec vue excellente antibu\u00e9e<\/span><\/p>\n<\/div>\n<p>&nbsp;<\/p>\n<p>&nbsp;<\/p>\n<p>&nbsp;<\/p>\n","protected":false},"featured_media":2582,"comment_status":"open","ping_status":"closed","template":"","meta":{"om_disable_all_campaigns":false,"_joinchat":[]},"product_cat":[162,126],"product_tag":[],"yoast_head":"<!-- This site is optimized with the Yoast SEO plugin v20.12 - https:\/\/yoast.com\/wordpress\/plugins\/seo\/ -->\n<title>Video Laringoscope A3 Lame Autoclavable VL pro - investmedic-store.com<\/title>\n<meta name=\"robots\" content=\"index, follow, max-snippet:-1, max-image-preview:large, max-video-preview:-1\" \/>\n<link rel=\"canonical\" href=\"https:\/\/investmedic-store.com\/?product=video-laringoscope-a3-lame-autoclavable-vl-pro\" \/>\n<meta property=\"og:locale\" content=\"fr_FR\" \/>\n<meta property=\"og:type\" content=\"article\" \/>\n<meta property=\"og:title\" content=\"Video Laringoscope A3 Lame Autoclavable VL pro - investmedic-store.com\" \/>\n<meta property=\"og:description\" content=\"Port Intelligent: Port USB type-C pour un transfert de \u00c9cran intelligent: \u00c9cran tactile non r\u00e9fl\u00e9chissant de 3,5 pouces, visualisation d&#039;image claire dans un champ panoramique, prend en charge les lames r\u00e9utilisables et jetables M\u00e9moire intelligente: 16 Go par d\u00e9faut\/32-256 Go en option Rotation intelligente: Haut-bas&gt;120\u00b0 Gauche-droite&gt;270\u00b0 Enregistrement\u00a0 intelligent: Appuie rapide pour capturer une photo et appui continu pour enregistrer une vid\u00e9o Alimentation intelligente: Compatible avec les chargeurs sans fil et \u00e9conomise la batterie automatiquement Poign\u00e9e intelligente: Conception ergonomique pour une prise en main et un r\u00e9glage faciles Lumi\u00e8re intelligente: Source de lumi\u00e8re froide haute puissance   Cam\u00e9ra intelligente: Haute r\u00e9solution avec vue excellente antibu\u00e9e   &nbsp;  &nbsp;  &nbsp;\" \/>\n<meta property=\"og:url\" content=\"https:\/\/investmedic-store.com\/?product=video-laringoscope-a3-lame-autoclavable-vl-pro\" \/>\n<meta property=\"og:site_name\" content=\"investmedic-store.com\" \/>\n<meta property=\"article:publisher\" content=\"https:\/\/www.facebook.com\/invest.medic\" \/>\n<meta property=\"og:image\" content=\"http:\/\/investmedic-store.com\/wp-content\/uploads\/2024\/02\/241.jpg\" \/>\n\t<meta property=\"og:image:width\" content=\"1587\" \/>\n\t<meta property=\"og:image:height\" content=\"2245\" \/>\n\t<meta property=\"og:image:type\" content=\"image\/jpeg\" \/>\n<meta name=\"twitter:card\" content=\"summary_large_image\" \/>\n<meta name=\"twitter:label1\" content=\"Dur\u00e9e de lecture estim\u00e9e\" \/>\n\t<meta name=\"twitter:data1\" content=\"1 minute\" \/>\n<script type=\"application\/ld+json\" class=\"yoast-schema-graph\">{\"@context\":\"https:\/\/schema.org\",\"@graph\":[{\"@type\":\"WebPage\",\"@id\":\"https:\/\/investmedic-store.com\/?product=video-laringoscope-a3-lame-autoclavable-vl-pro\",\"url\":\"https:\/\/investmedic-store.com\/?product=video-laringoscope-a3-lame-autoclavable-vl-pro\",\"name\":\"Video Laringoscope A3 Lame Autoclavable VL pro - investmedic-store.com\",\"isPartOf\":{\"@id\":\"https:\/\/investmedic-store.com\/#website\"},\"datePublished\":\"2024-02-07T13:31:28+00:00\",\"dateModified\":\"2024-02-07T13:31:28+00:00\",\"breadcrumb\":{\"@id\":\"https:\/\/investmedic-store.com\/?product=video-laringoscope-a3-lame-autoclavable-vl-pro#breadcrumb\"},\"inLanguage\":\"fr-FR\",\"potentialAction\":[{\"@type\":\"ReadAction\",\"target\":[\"https:\/\/investmedic-store.com\/?product=video-laringoscope-a3-lame-autoclavable-vl-pro\"]}]},{\"@type\":\"BreadcrumbList\",\"@id\":\"https:\/\/investmedic-store.com\/?product=video-laringoscope-a3-lame-autoclavable-vl-pro#breadcrumb\",\"itemListElement\":[{\"@type\":\"ListItem\",\"position\":1,\"name\":\"Accueil\",\"item\":\"https:\/\/investmedic-store.com\/\"},{\"@type\":\"ListItem\",\"position\":2,\"name\":\"Shop\",\"item\":\"https:\/\/investmedic-store.com\/?page_id=5\"},{\"@type\":\"ListItem\",\"position\":3,\"name\":\"Video Laringoscope A3 Lame Autoclavable VL pro\"}]},{\"@type\":\"WebSite\",\"@id\":\"https:\/\/investmedic-store.com\/#website\",\"url\":\"https:\/\/investmedic-store.com\/\",\"name\":\"invest medic store\",\"description\":\"Importation &amp; Distribution Du Materiels Medico-Chirurgicales - \u0627\u0633\u062a\u064a\u0631\u0627\u062f \u0648\u062a\u0648\u0632\u064a\u0639 \u0627\u0644\u0645\u0648\u0627\u062f \u0627\u0644\u0637\u0628\u064a\u0629 \u0627\u0644\u062c\u0631\u0627\u062d\u064a\u0629\",\"publisher\":{\"@id\":\"https:\/\/investmedic-store.com\/#organization\"},\"alternateName\":\"investmedic store\",\"potentialAction\":[{\"@type\":\"SearchAction\",\"target\":{\"@type\":\"EntryPoint\",\"urlTemplate\":\"https:\/\/investmedic-store.com\/?s={search_term_string}\"},\"query-input\":\"required name=search_term_string\"}],\"inLanguage\":\"fr-FR\"},{\"@type\":\"Organization\",\"@id\":\"https:\/\/investmedic-store.com\/#organization\",\"name\":\"invest.medic store\",\"alternateName\":\"investmedic store\",\"url\":\"https:\/\/investmedic-store.com\/\",\"logo\":{\"@type\":\"ImageObject\",\"inLanguage\":\"fr-FR\",\"@id\":\"https:\/\/investmedic-store.com\/#\/schema\/logo\/image\/\",\"url\":\"https:\/\/investmedic-store.com\/wp-content\/uploads\/2023\/07\/cropped-LOGO_INVEST-transformed-removebg-preview-transformed-1-e1690120839263.png\",\"contentUrl\":\"https:\/\/investmedic-store.com\/wp-content\/uploads\/2023\/07\/cropped-LOGO_INVEST-transformed-removebg-preview-transformed-1-e1690120839263.png\",\"width\":512,\"height\":512,\"caption\":\"invest.medic store\"},\"image\":{\"@id\":\"https:\/\/investmedic-store.com\/#\/schema\/logo\/image\/\"},\"sameAs\":[\"https:\/\/www.facebook.com\/invest.medic\"]}]}<\/script>\n<!-- \/ Yoast SEO plugin. -->","yoast_head_json":{"title":"Video Laringoscope A3 Lame Autoclavable VL pro - investmedic-store.com","robots":{"index":"index","follow":"follow","max-snippet":"max-snippet:-1","max-image-preview":"max-image-preview:large","max-video-preview":"max-video-preview:-1"},"canonical":"https:\/\/investmedic-store.com\/?product=video-laringoscope-a3-lame-autoclavable-vl-pro","og_locale":"fr_FR","og_type":"article","og_title":"Video Laringoscope A3 Lame Autoclavable VL pro - investmedic-store.com","og_description":"Port Intelligent: Port USB type-C pour un transfert de \u00c9cran intelligent: \u00c9cran tactile non r\u00e9fl\u00e9chissant de 3,5 pouces, visualisation d'image claire dans un champ panoramique, prend en charge les lames r\u00e9utilisables et jetables M\u00e9moire intelligente: 16 Go par d\u00e9faut\/32-256 Go en option Rotation intelligente: Haut-bas&gt;120\u00b0 Gauche-droite&gt;270\u00b0 Enregistrement\u00a0 intelligent: Appuie rapide pour capturer une photo et appui continu pour enregistrer une vid\u00e9o Alimentation intelligente: Compatible avec les chargeurs sans fil et \u00e9conomise la batterie automatiquement Poign\u00e9e intelligente: Conception ergonomique pour une prise en main et un r\u00e9glage faciles Lumi\u00e8re intelligente: Source de lumi\u00e8re froide haute puissance   Cam\u00e9ra intelligente: Haute r\u00e9solution avec vue excellente antibu\u00e9e   &nbsp;  &nbsp;  &nbsp;","og_url":"https:\/\/investmedic-store.com\/?product=video-laringoscope-a3-lame-autoclavable-vl-pro","og_site_name":"investmedic-store.com","article_publisher":"https:\/\/www.facebook.com\/invest.medic","og_image":[{"width":1587,"height":2245,"url":"http:\/\/investmedic-store.com\/wp-content\/uploads\/2024\/02\/241.jpg","type":"image\/jpeg"}],"twitter_card":"summary_large_image","twitter_misc":{"Dur\u00e9e de lecture estim\u00e9e":"1 minute"},"schema":{"@context":"https:\/\/schema.org","@graph":[{"@type":"WebPage","@id":"https:\/\/investmedic-store.com\/?product=video-laringoscope-a3-lame-autoclavable-vl-pro","url":"https:\/\/investmedic-store.com\/?product=video-laringoscope-a3-lame-autoclavable-vl-pro","name":"Video Laringoscope A3 Lame Autoclavable VL pro - investmedic-store.com","isPartOf":{"@id":"https:\/\/investmedic-store.com\/#website"},"datePublished":"2024-02-07T13:31:28+00:00","dateModified":"2024-02-07T13:31:28+00:00","breadcrumb":{"@id":"https:\/\/investmedic-store.com\/?product=video-laringoscope-a3-lame-autoclavable-vl-pro#breadcrumb"},"inLanguage":"fr-FR","potentialAction":[{"@type":"ReadAction","target":["https:\/\/investmedic-store.com\/?product=video-laringoscope-a3-lame-autoclavable-vl-pro"]}]},{"@type":"BreadcrumbList","@id":"https:\/\/investmedic-store.com\/?product=video-laringoscope-a3-lame-autoclavable-vl-pro#breadcrumb","itemListElement":[{"@type":"ListItem","position":1,"name":"Accueil","item":"https:\/\/investmedic-store.com\/"},{"@type":"ListItem","position":2,"name":"Shop","item":"https:\/\/investmedic-store.com\/?page_id=5"},{"@type":"ListItem","position":3,"name":"Video Laringoscope A3 Lame Autoclavable VL pro"}]},{"@type":"WebSite","@id":"https:\/\/investmedic-store.com\/#website","url":"https:\/\/investmedic-store.com\/","name":"invest medic store","description":"Importation &amp; Distribution Du Materiels Medico-Chirurgicales - \u0627\u0633\u062a\u064a\u0631\u0627\u062f \u0648\u062a\u0648\u0632\u064a\u0639 \u0627\u0644\u0645\u0648\u0627\u062f \u0627\u0644\u0637\u0628\u064a\u0629 \u0627\u0644\u062c\u0631\u0627\u062d\u064a\u0629","publisher":{"@id":"https:\/\/investmedic-store.com\/#organization"},"alternateName":"investmedic store","potentialAction":[{"@type":"SearchAction","target":{"@type":"EntryPoint","urlTemplate":"https:\/\/investmedic-store.com\/?s={search_term_string}"},"query-input":"required name=search_term_string"}],"inLanguage":"fr-FR"},{"@type":"Organization","@id":"https:\/\/investmedic-store.com\/#organization","name":"invest.medic store","alternateName":"investmedic store","url":"https:\/\/investmedic-store.com\/","logo":{"@type":"ImageObject","inLanguage":"fr-FR","@id":"https:\/\/investmedic-store.com\/#\/schema\/logo\/image\/","url":"https:\/\/investmedic-store.com\/wp-content\/uploads\/2023\/07\/cropped-LOGO_INVEST-transformed-removebg-preview-transformed-1-e1690120839263.png","contentUrl":"https:\/\/investmedic-store.com\/wp-content\/uploads\/2023\/07\/cropped-LOGO_INVEST-transformed-removebg-preview-transformed-1-e1690120839263.png","width":512,"height":512,"caption":"invest.medic store"},"image":{"@id":"https:\/\/investmedic-store.com\/#\/schema\/logo\/image\/"},"sameAs":["https:\/\/www.facebook.com\/invest.medic"]}]}},"_links":{"self":[{"href":"https:\/\/investmedic-store.com\/index.php?rest_route=\/wp\/v2\/product\/2581"}],"collection":[{"href":"https:\/\/investmedic-store.com\/index.php?rest_route=\/wp\/v2\/product"}],"about":[{"href":"https:\/\/investmedic-store.com\/index.php?rest_route=\/wp\/v2\/types\/product"}],"replies":[{"embeddable":true,"href":"https:\/\/investmedic-store.com\/index.php?rest_route=%2Fwp%2Fv2%2Fcomments&post=2581"}],"wp:featuredmedia":[{"embeddable":true,"href":"https:\/\/investmedic-store.com\/index.php?rest_route=\/wp\/v2\/media\/2582"}],"wp:attachment":[{"href":"https:\/\/investmedic-store.com\/index.php?rest_route=%2Fwp%2Fv2%2Fmedia&parent=2581"}],"wp:term":[{"taxonomy":"product_cat","embeddable":true,"href":"https:\/\/investmedic-store.com\/index.php?rest_route=%2Fwp%2Fv2%2Fproduct_cat&post=2581"},{"taxonomy":"product_tag","embeddable":true,"href":"https:\/\/investmedic-store.com\/index.php?rest_route=%2Fwp%2Fv2%2Fproduct_tag&post=2581"}],"curies":[{"name":"wp","href":"https:\/\/api.w.org\/{rel}","templated":true}]}}