{"id":2579,"date":"2024-02-07T14:18:21","date_gmt":"2024-02-07T13:18:21","guid":{"rendered":"https:\/\/investmedic-store.com\/?post_type=product&#038;p=2579"},"modified":"2024-02-07T14:18:21","modified_gmt":"2024-02-07T13:18:21","slug":"ventilateur-de-transport-6000b-plus","status":"publish","type":"product","link":"https:\/\/investmedic-store.com\/?product=ventilateur-de-transport-6000b-plus","title":{"rendered":"Ventilateur De Transport  6000B Plus"},"content":{"rendered":"<div>\n<p>Description<\/p>\n<\/div>\n<p><span class=\"OYPEnA text-decoration-none text-strikethrough-none\">Un ventilateur d&#8217;urgence et de transport est un appareil m\u00e9dical qui fournit de l&#8217;air ou de l&#8217;oxyg\u00e8ne aux patients qui ne peuvent pas respirer par eux-m\u00eames. Il est utilis\u00e9 dans les situations d&#8217;urgence, telles que les arr\u00eats cardiaques, et pour le transport des patients vers un \u00e9tablissement de soins.<\/span><\/p>\n","protected":false},"excerpt":{"rendered":"<p><span class=\"OYPEnA text-decoration-underline text-strikethrough-none\">caract\u00e9ristiques<\/span><\/p>\n<ul>\n<li><span class=\"OYPEnA text-decoration-none text-strikethrough-none\">Portable et facile \u00e0 utiliser<\/span><\/li>\n<li><span class=\"OYPEnA text-decoration-none text-strikethrough-none\">Instructions audio intelligentes<\/span><\/li>\n<li><span class=\"OYPEnA text-decoration-none text-strikethrough-none\">\u00c9cran couleur TFT de 5,7 pouces<\/span><\/li>\n<li><span class=\"OYPEnA text-decoration-none text-strikethrough-none\">Volume courant r\u00e9glable de 50 \u00e0 1500 ml<\/span><\/li>\n<li><span class=\"OYPEnA text-decoration-none text-strikethrough-none\">Concentration d&#8217;oxyg\u00e8ne r\u00e9glable de 60% \u00e0 100%<\/span><\/li>\n<li><span class=\"OYPEnA text-decoration-none text-strikethrough-none\">8 modes de ventilation : IPPV, A\/C, A\/C + Sigh, SIMV, SPONT, CPAP, Manuelle et PCV<\/span><\/li>\n<li><span class=\"OYPEnA text-decoration-none text-strikethrough-none\">Batterie rechargeable Li-ion avec 8 heures d&#8217;autonomie<\/span><\/li>\n<\/ul>\n","protected":false},"featured_media":2580,"comment_status":"open","ping_status":"closed","template":"","meta":{"om_disable_all_campaigns":false,"_joinchat":[]},"product_cat":[179],"product_tag":[],"yoast_head":"<!-- This site is optimized with the Yoast SEO plugin v20.12 - https:\/\/yoast.com\/wordpress\/plugins\/seo\/ -->\n<title>Ventilateur De Transport 6000B Plus - investmedic-store.com<\/title>\n<meta name=\"robots\" content=\"index, follow, max-snippet:-1, max-image-preview:large, max-video-preview:-1\" \/>\n<link rel=\"canonical\" href=\"https:\/\/investmedic-store.com\/?product=ventilateur-de-transport-6000b-plus\" \/>\n<meta property=\"og:locale\" content=\"fr_FR\" \/>\n<meta property=\"og:type\" content=\"article\" \/>\n<meta property=\"og:title\" content=\"Ventilateur De Transport 6000B Plus - investmedic-store.com\" \/>\n<meta property=\"og:description\" content=\"caract\u00e9ristiques   Portable et facile \u00e0 utiliser  Instructions audio intelligentes  \u00c9cran couleur TFT de 5,7 pouces  Volume courant r\u00e9glable de 50 \u00e0 1500 ml  Concentration d&#039;oxyg\u00e8ne r\u00e9glable de 60% \u00e0 100%  8 modes de ventilation : IPPV, A\/C, A\/C + Sigh, SIMV, SPONT, CPAP, Manuelle et PCV  Batterie rechargeable Li-ion avec 8 heures d&#039;autonomie\" \/>\n<meta property=\"og:url\" content=\"https:\/\/investmedic-store.com\/?product=ventilateur-de-transport-6000b-plus\" \/>\n<meta property=\"og:site_name\" content=\"investmedic-store.com\" \/>\n<meta property=\"article:publisher\" content=\"https:\/\/www.facebook.com\/invest.medic\" \/>\n<meta property=\"og:image\" content=\"http:\/\/investmedic-store.com\/wp-content\/uploads\/2024\/02\/251.jpg\" \/>\n\t<meta property=\"og:image:width\" content=\"1587\" \/>\n\t<meta property=\"og:image:height\" content=\"2245\" \/>\n\t<meta property=\"og:image:type\" content=\"image\/jpeg\" \/>\n<meta name=\"twitter:card\" content=\"summary_large_image\" \/>\n<meta name=\"twitter:label1\" content=\"Dur\u00e9e de lecture estim\u00e9e\" \/>\n\t<meta name=\"twitter:data1\" content=\"1 minute\" \/>\n<script type=\"application\/ld+json\" class=\"yoast-schema-graph\">{\"@context\":\"https:\/\/schema.org\",\"@graph\":[{\"@type\":\"WebPage\",\"@id\":\"https:\/\/investmedic-store.com\/?product=ventilateur-de-transport-6000b-plus\",\"url\":\"https:\/\/investmedic-store.com\/?product=ventilateur-de-transport-6000b-plus\",\"name\":\"Ventilateur De Transport 6000B Plus - investmedic-store.com\",\"isPartOf\":{\"@id\":\"https:\/\/investmedic-store.com\/#website\"},\"datePublished\":\"2024-02-07T13:18:21+00:00\",\"dateModified\":\"2024-02-07T13:18:21+00:00\",\"breadcrumb\":{\"@id\":\"https:\/\/investmedic-store.com\/?product=ventilateur-de-transport-6000b-plus#breadcrumb\"},\"inLanguage\":\"fr-FR\",\"potentialAction\":[{\"@type\":\"ReadAction\",\"target\":[\"https:\/\/investmedic-store.com\/?product=ventilateur-de-transport-6000b-plus\"]}]},{\"@type\":\"BreadcrumbList\",\"@id\":\"https:\/\/investmedic-store.com\/?product=ventilateur-de-transport-6000b-plus#breadcrumb\",\"itemListElement\":[{\"@type\":\"ListItem\",\"position\":1,\"name\":\"Accueil\",\"item\":\"https:\/\/investmedic-store.com\/\"},{\"@type\":\"ListItem\",\"position\":2,\"name\":\"Shop\",\"item\":\"https:\/\/investmedic-store.com\/?page_id=5\"},{\"@type\":\"ListItem\",\"position\":3,\"name\":\"Ventilateur De Transport 6000B Plus\"}]},{\"@type\":\"WebSite\",\"@id\":\"https:\/\/investmedic-store.com\/#website\",\"url\":\"https:\/\/investmedic-store.com\/\",\"name\":\"invest medic store\",\"description\":\"Importation &amp; Distribution Du Materiels Medico-Chirurgicales - \u0627\u0633\u062a\u064a\u0631\u0627\u062f \u0648\u062a\u0648\u0632\u064a\u0639 \u0627\u0644\u0645\u0648\u0627\u062f \u0627\u0644\u0637\u0628\u064a\u0629 \u0627\u0644\u062c\u0631\u0627\u062d\u064a\u0629\",\"publisher\":{\"@id\":\"https:\/\/investmedic-store.com\/#organization\"},\"alternateName\":\"investmedic store\",\"potentialAction\":[{\"@type\":\"SearchAction\",\"target\":{\"@type\":\"EntryPoint\",\"urlTemplate\":\"https:\/\/investmedic-store.com\/?s={search_term_string}\"},\"query-input\":\"required name=search_term_string\"}],\"inLanguage\":\"fr-FR\"},{\"@type\":\"Organization\",\"@id\":\"https:\/\/investmedic-store.com\/#organization\",\"name\":\"invest.medic store\",\"alternateName\":\"investmedic store\",\"url\":\"https:\/\/investmedic-store.com\/\",\"logo\":{\"@type\":\"ImageObject\",\"inLanguage\":\"fr-FR\",\"@id\":\"https:\/\/investmedic-store.com\/#\/schema\/logo\/image\/\",\"url\":\"https:\/\/investmedic-store.com\/wp-content\/uploads\/2023\/07\/cropped-LOGO_INVEST-transformed-removebg-preview-transformed-1-e1690120839263.png\",\"contentUrl\":\"https:\/\/investmedic-store.com\/wp-content\/uploads\/2023\/07\/cropped-LOGO_INVEST-transformed-removebg-preview-transformed-1-e1690120839263.png\",\"width\":512,\"height\":512,\"caption\":\"invest.medic store\"},\"image\":{\"@id\":\"https:\/\/investmedic-store.com\/#\/schema\/logo\/image\/\"},\"sameAs\":[\"https:\/\/www.facebook.com\/invest.medic\"]}]}<\/script>\n<!-- \/ Yoast SEO plugin. -->","yoast_head_json":{"title":"Ventilateur De Transport 6000B Plus - investmedic-store.com","robots":{"index":"index","follow":"follow","max-snippet":"max-snippet:-1","max-image-preview":"max-image-preview:large","max-video-preview":"max-video-preview:-1"},"canonical":"https:\/\/investmedic-store.com\/?product=ventilateur-de-transport-6000b-plus","og_locale":"fr_FR","og_type":"article","og_title":"Ventilateur De Transport 6000B Plus - investmedic-store.com","og_description":"caract\u00e9ristiques   Portable et facile \u00e0 utiliser  Instructions audio intelligentes  \u00c9cran couleur TFT de 5,7 pouces  Volume courant r\u00e9glable de 50 \u00e0 1500 ml  Concentration d'oxyg\u00e8ne r\u00e9glable de 60% \u00e0 100%  8 modes de ventilation : IPPV, A\/C, A\/C + Sigh, SIMV, SPONT, CPAP, Manuelle et PCV  Batterie rechargeable Li-ion avec 8 heures d'autonomie","og_url":"https:\/\/investmedic-store.com\/?product=ventilateur-de-transport-6000b-plus","og_site_name":"investmedic-store.com","article_publisher":"https:\/\/www.facebook.com\/invest.medic","og_image":[{"width":1587,"height":2245,"url":"http:\/\/investmedic-store.com\/wp-content\/uploads\/2024\/02\/251.jpg","type":"image\/jpeg"}],"twitter_card":"summary_large_image","twitter_misc":{"Dur\u00e9e de lecture estim\u00e9e":"1 minute"},"schema":{"@context":"https:\/\/schema.org","@graph":[{"@type":"WebPage","@id":"https:\/\/investmedic-store.com\/?product=ventilateur-de-transport-6000b-plus","url":"https:\/\/investmedic-store.com\/?product=ventilateur-de-transport-6000b-plus","name":"Ventilateur De Transport 6000B Plus - investmedic-store.com","isPartOf":{"@id":"https:\/\/investmedic-store.com\/#website"},"datePublished":"2024-02-07T13:18:21+00:00","dateModified":"2024-02-07T13:18:21+00:00","breadcrumb":{"@id":"https:\/\/investmedic-store.com\/?product=ventilateur-de-transport-6000b-plus#breadcrumb"},"inLanguage":"fr-FR","potentialAction":[{"@type":"ReadAction","target":["https:\/\/investmedic-store.com\/?product=ventilateur-de-transport-6000b-plus"]}]},{"@type":"BreadcrumbList","@id":"https:\/\/investmedic-store.com\/?product=ventilateur-de-transport-6000b-plus#breadcrumb","itemListElement":[{"@type":"ListItem","position":1,"name":"Accueil","item":"https:\/\/investmedic-store.com\/"},{"@type":"ListItem","position":2,"name":"Shop","item":"https:\/\/investmedic-store.com\/?page_id=5"},{"@type":"ListItem","position":3,"name":"Ventilateur De Transport 6000B Plus"}]},{"@type":"WebSite","@id":"https:\/\/investmedic-store.com\/#website","url":"https:\/\/investmedic-store.com\/","name":"invest medic store","description":"Importation &amp; Distribution Du Materiels Medico-Chirurgicales - \u0627\u0633\u062a\u064a\u0631\u0627\u062f \u0648\u062a\u0648\u0632\u064a\u0639 \u0627\u0644\u0645\u0648\u0627\u062f \u0627\u0644\u0637\u0628\u064a\u0629 \u0627\u0644\u062c\u0631\u0627\u062d\u064a\u0629","publisher":{"@id":"https:\/\/investmedic-store.com\/#organization"},"alternateName":"investmedic store","potentialAction":[{"@type":"SearchAction","target":{"@type":"EntryPoint","urlTemplate":"https:\/\/investmedic-store.com\/?s={search_term_string}"},"query-input":"required name=search_term_string"}],"inLanguage":"fr-FR"},{"@type":"Organization","@id":"https:\/\/investmedic-store.com\/#organization","name":"invest.medic store","alternateName":"investmedic store","url":"https:\/\/investmedic-store.com\/","logo":{"@type":"ImageObject","inLanguage":"fr-FR","@id":"https:\/\/investmedic-store.com\/#\/schema\/logo\/image\/","url":"https:\/\/investmedic-store.com\/wp-content\/uploads\/2023\/07\/cropped-LOGO_INVEST-transformed-removebg-preview-transformed-1-e1690120839263.png","contentUrl":"https:\/\/investmedic-store.com\/wp-content\/uploads\/2023\/07\/cropped-LOGO_INVEST-transformed-removebg-preview-transformed-1-e1690120839263.png","width":512,"height":512,"caption":"invest.medic store"},"image":{"@id":"https:\/\/investmedic-store.com\/#\/schema\/logo\/image\/"},"sameAs":["https:\/\/www.facebook.com\/invest.medic"]}]}},"_links":{"self":[{"href":"https:\/\/investmedic-store.com\/index.php?rest_route=\/wp\/v2\/product\/2579"}],"collection":[{"href":"https:\/\/investmedic-store.com\/index.php?rest_route=\/wp\/v2\/product"}],"about":[{"href":"https:\/\/investmedic-store.com\/index.php?rest_route=\/wp\/v2\/types\/product"}],"replies":[{"embeddable":true,"href":"https:\/\/investmedic-store.com\/index.php?rest_route=%2Fwp%2Fv2%2Fcomments&post=2579"}],"wp:featuredmedia":[{"embeddable":true,"href":"https:\/\/investmedic-store.com\/index.php?rest_route=\/wp\/v2\/media\/2580"}],"wp:attachment":[{"href":"https:\/\/investmedic-store.com\/index.php?rest_route=%2Fwp%2Fv2%2Fmedia&parent=2579"}],"wp:term":[{"taxonomy":"product_cat","embeddable":true,"href":"https:\/\/investmedic-store.com\/index.php?rest_route=%2Fwp%2Fv2%2Fproduct_cat&post=2579"},{"taxonomy":"product_tag","embeddable":true,"href":"https:\/\/investmedic-store.com\/index.php?rest_route=%2Fwp%2Fv2%2Fproduct_tag&post=2579"}],"curies":[{"name":"wp","href":"https:\/\/api.w.org\/{rel}","templated":true}]}}