{"id":2577,"date":"2024-02-07T14:05:39","date_gmt":"2024-02-07T13:05:39","guid":{"rendered":"https:\/\/investmedic-store.com\/?post_type=product&#038;p=2577"},"modified":"2024-02-07T14:05:39","modified_gmt":"2024-02-07T13:05:39","slug":"table-dopetation-de-chirurgie-electrique-multifonction-m500","status":"publish","type":"product","link":"https:\/\/investmedic-store.com\/?product=table-dopetation-de-chirurgie-electrique-multifonction-m500","title":{"rendered":"Table D\u2019opetation De Chirurgie Electrique Multifonction M500"},"content":{"rendered":"<div>\n<p>caract\u00e9ristiques:<\/p>\n<\/div>\n<p class=\"cvGsUA direction-ltr align-start para-style-body\"><span class=\"OYPEnA text-decoration-none text-strikethrough-none\">La table d&#8217;op\u00e9ration \u00e9lectrique M500 est polyvalente et convient<\/span> <span class=\"OYPEnA text-decoration-none text-strikethrough-none\">aux chirurgies thoraciques, abdominales, c\u00e9r\u00e9brales, ophtalmologiques, ORL, obst\u00e9triques et gyn\u00e9cologiques, urologiques, orthop\u00e9diques et autres. Elle poss\u00e8de des avantages uniques :<\/span><\/p>\n<ul>\n<li><span class=\"OYPEnA text-decoration-underline text-strikethrough-none\">Commande \u00e9lectrique intuitive:<\/span><span class=\"OYPEnA text-strikethrough-none text-decoration-none\"> Le r\u00e9glage de la hauteur de la table, de l&#8217;inclinaison avant\/arri\u00e8re et lat\u00e9rale, ainsi que du dossier, s&#8217;effectue par des touches et un syst\u00e8me de transmission \u00e9lectrique \u00e0 v\u00e9rins.<\/span><\/li>\n<li><span class=\"OYPEnA text-decoration-underline text-strikethrough-none\">Surface confortable et hygi\u00e9nique: <\/span><span class=\"OYPEnA text-strikethrough-none text-decoration-none\">Le plateau est fabriqu\u00e9 en plastique haute r\u00e9sistance et le matelas est un confortable coussin en mousse.<\/span><\/li>\n<li><span class=\"OYPEnA text-decoration-underline text-strikethrough-none\">Jambes amovibles et ajustables :<\/span><span class=\"OYPEnA text-strikethrough-none text-decoration-none\"> Les jambi\u00e8res amovibles peuvent \u00eatre ajust\u00e9es manuellement en rotation pour abduction et rabattement, facilitant les interventions urologiques.<\/span><\/li>\n<li><span class=\"OYPEnA text-decoration-underline text-strikethrough-none\">Commande manuelle s\u00e9curis\u00e9e<\/span><span class=\"OYPEnA text-strikethrough-none text-decoration-none\">: La manette de commande utilise une tension de 24V CC, garantissant une manipulation \u00e0 la fois simple et fiable.<\/span><\/li>\n<\/ul>\n","protected":false},"excerpt":{"rendered":"<p>Dimensions de la table : 2010 mm x 500 mm<br \/>\nHauteur r\u00e9glable : 650 mm \u00e0 950 mm<br \/>\nInclinaison de la table : avant \u2265 25\u00b0, arri\u00e8re \u2265 20\u00b0<br \/>\nInclinaison lat\u00e9rale :gauche \u2265 20\u00b0, droite \u2265 20\u00b0<br \/>\nJambes :inclinaison \u2265 90\u00b0, abduction<br \/>\namovible \u00e0 180\u00b0<br \/>\nDossier :flexion haute \u2265 75\u00b0,<br \/>\nflexion basse \u2265 10\u00b0<br \/>\nAppuie-t\u00eate : flexion haute \u2265 45\u00b0, flexion basse \u2265 90\u00b0,possibilit\u00e9 de rabattement et de retrait<\/p>\n","protected":false},"featured_media":2578,"comment_status":"open","ping_status":"closed","template":"","meta":{"om_disable_all_campaigns":false,"_joinchat":[]},"product_cat":[178],"product_tag":[],"yoast_head":"<!-- This site is optimized with the Yoast SEO plugin v20.12 - https:\/\/yoast.com\/wordpress\/plugins\/seo\/ -->\n<title>Table D\u2019opetation De Chirurgie Electrique Multifonction M500 - investmedic-store.com<\/title>\n<meta name=\"robots\" content=\"index, follow, max-snippet:-1, max-image-preview:large, max-video-preview:-1\" \/>\n<link rel=\"canonical\" href=\"https:\/\/investmedic-store.com\/?product=table-dopetation-de-chirurgie-electrique-multifonction-m500\" \/>\n<meta property=\"og:locale\" content=\"fr_FR\" \/>\n<meta property=\"og:type\" content=\"article\" \/>\n<meta property=\"og:title\" content=\"Table D\u2019opetation De Chirurgie Electrique Multifonction M500 - investmedic-store.com\" \/>\n<meta property=\"og:description\" content=\"Dimensions de la table : 2010 mm x 500 mm Hauteur r\u00e9glable : 650 mm \u00e0 950 mm Inclinaison de la table : avant \u2265 25\u00b0, arri\u00e8re \u2265 20\u00b0 Inclinaison lat\u00e9rale :gauche \u2265 20\u00b0, droite \u2265 20\u00b0 Jambes :inclinaison \u2265 90\u00b0, abduction amovible \u00e0 180\u00b0 Dossier :flexion haute \u2265 75\u00b0, flexion basse \u2265 10\u00b0 Appuie-t\u00eate : flexion haute \u2265 45\u00b0, flexion basse \u2265 90\u00b0,possibilit\u00e9 de rabattement et de retrait\" \/>\n<meta property=\"og:url\" content=\"https:\/\/investmedic-store.com\/?product=table-dopetation-de-chirurgie-electrique-multifonction-m500\" \/>\n<meta property=\"og:site_name\" content=\"investmedic-store.com\" \/>\n<meta property=\"article:publisher\" content=\"https:\/\/www.facebook.com\/invest.medic\" \/>\n<meta property=\"og:image\" content=\"http:\/\/investmedic-store.com\/wp-content\/uploads\/2024\/02\/311.jpg\" \/>\n\t<meta property=\"og:image:width\" content=\"1587\" \/>\n\t<meta property=\"og:image:height\" content=\"2245\" \/>\n\t<meta property=\"og:image:type\" content=\"image\/jpeg\" \/>\n<meta name=\"twitter:card\" content=\"summary_large_image\" \/>\n<meta name=\"twitter:label1\" content=\"Dur\u00e9e de lecture estim\u00e9e\" \/>\n\t<meta name=\"twitter:data1\" content=\"1 minute\" \/>\n<script type=\"application\/ld+json\" class=\"yoast-schema-graph\">{\"@context\":\"https:\/\/schema.org\",\"@graph\":[{\"@type\":\"WebPage\",\"@id\":\"https:\/\/investmedic-store.com\/?product=table-dopetation-de-chirurgie-electrique-multifonction-m500\",\"url\":\"https:\/\/investmedic-store.com\/?product=table-dopetation-de-chirurgie-electrique-multifonction-m500\",\"name\":\"Table D\u2019opetation De Chirurgie Electrique Multifonction M500 - investmedic-store.com\",\"isPartOf\":{\"@id\":\"https:\/\/investmedic-store.com\/#website\"},\"datePublished\":\"2024-02-07T13:05:39+00:00\",\"dateModified\":\"2024-02-07T13:05:39+00:00\",\"breadcrumb\":{\"@id\":\"https:\/\/investmedic-store.com\/?product=table-dopetation-de-chirurgie-electrique-multifonction-m500#breadcrumb\"},\"inLanguage\":\"fr-FR\",\"potentialAction\":[{\"@type\":\"ReadAction\",\"target\":[\"https:\/\/investmedic-store.com\/?product=table-dopetation-de-chirurgie-electrique-multifonction-m500\"]}]},{\"@type\":\"BreadcrumbList\",\"@id\":\"https:\/\/investmedic-store.com\/?product=table-dopetation-de-chirurgie-electrique-multifonction-m500#breadcrumb\",\"itemListElement\":[{\"@type\":\"ListItem\",\"position\":1,\"name\":\"Accueil\",\"item\":\"https:\/\/investmedic-store.com\/\"},{\"@type\":\"ListItem\",\"position\":2,\"name\":\"Shop\",\"item\":\"https:\/\/investmedic-store.com\/?page_id=5\"},{\"@type\":\"ListItem\",\"position\":3,\"name\":\"Table D\u2019opetation De Chirurgie Electrique Multifonction M500\"}]},{\"@type\":\"WebSite\",\"@id\":\"https:\/\/investmedic-store.com\/#website\",\"url\":\"https:\/\/investmedic-store.com\/\",\"name\":\"invest medic store\",\"description\":\"Importation &amp; Distribution Du Materiels Medico-Chirurgicales - \u0627\u0633\u062a\u064a\u0631\u0627\u062f \u0648\u062a\u0648\u0632\u064a\u0639 \u0627\u0644\u0645\u0648\u0627\u062f \u0627\u0644\u0637\u0628\u064a\u0629 \u0627\u0644\u062c\u0631\u0627\u062d\u064a\u0629\",\"publisher\":{\"@id\":\"https:\/\/investmedic-store.com\/#organization\"},\"alternateName\":\"investmedic store\",\"potentialAction\":[{\"@type\":\"SearchAction\",\"target\":{\"@type\":\"EntryPoint\",\"urlTemplate\":\"https:\/\/investmedic-store.com\/?s={search_term_string}\"},\"query-input\":\"required name=search_term_string\"}],\"inLanguage\":\"fr-FR\"},{\"@type\":\"Organization\",\"@id\":\"https:\/\/investmedic-store.com\/#organization\",\"name\":\"invest.medic store\",\"alternateName\":\"investmedic store\",\"url\":\"https:\/\/investmedic-store.com\/\",\"logo\":{\"@type\":\"ImageObject\",\"inLanguage\":\"fr-FR\",\"@id\":\"https:\/\/investmedic-store.com\/#\/schema\/logo\/image\/\",\"url\":\"https:\/\/investmedic-store.com\/wp-content\/uploads\/2023\/07\/cropped-LOGO_INVEST-transformed-removebg-preview-transformed-1-e1690120839263.png\",\"contentUrl\":\"https:\/\/investmedic-store.com\/wp-content\/uploads\/2023\/07\/cropped-LOGO_INVEST-transformed-removebg-preview-transformed-1-e1690120839263.png\",\"width\":512,\"height\":512,\"caption\":\"invest.medic store\"},\"image\":{\"@id\":\"https:\/\/investmedic-store.com\/#\/schema\/logo\/image\/\"},\"sameAs\":[\"https:\/\/www.facebook.com\/invest.medic\"]}]}<\/script>\n<!-- \/ Yoast SEO plugin. -->","yoast_head_json":{"title":"Table D\u2019opetation De Chirurgie Electrique Multifonction M500 - investmedic-store.com","robots":{"index":"index","follow":"follow","max-snippet":"max-snippet:-1","max-image-preview":"max-image-preview:large","max-video-preview":"max-video-preview:-1"},"canonical":"https:\/\/investmedic-store.com\/?product=table-dopetation-de-chirurgie-electrique-multifonction-m500","og_locale":"fr_FR","og_type":"article","og_title":"Table D\u2019opetation De Chirurgie Electrique Multifonction M500 - investmedic-store.com","og_description":"Dimensions de la table : 2010 mm x 500 mm Hauteur r\u00e9glable : 650 mm \u00e0 950 mm Inclinaison de la table : avant \u2265 25\u00b0, arri\u00e8re \u2265 20\u00b0 Inclinaison lat\u00e9rale :gauche \u2265 20\u00b0, droite \u2265 20\u00b0 Jambes :inclinaison \u2265 90\u00b0, abduction amovible \u00e0 180\u00b0 Dossier :flexion haute \u2265 75\u00b0, flexion basse \u2265 10\u00b0 Appuie-t\u00eate : flexion haute \u2265 45\u00b0, flexion basse \u2265 90\u00b0,possibilit\u00e9 de rabattement et de retrait","og_url":"https:\/\/investmedic-store.com\/?product=table-dopetation-de-chirurgie-electrique-multifonction-m500","og_site_name":"investmedic-store.com","article_publisher":"https:\/\/www.facebook.com\/invest.medic","og_image":[{"width":1587,"height":2245,"url":"http:\/\/investmedic-store.com\/wp-content\/uploads\/2024\/02\/311.jpg","type":"image\/jpeg"}],"twitter_card":"summary_large_image","twitter_misc":{"Dur\u00e9e de lecture estim\u00e9e":"1 minute"},"schema":{"@context":"https:\/\/schema.org","@graph":[{"@type":"WebPage","@id":"https:\/\/investmedic-store.com\/?product=table-dopetation-de-chirurgie-electrique-multifonction-m500","url":"https:\/\/investmedic-store.com\/?product=table-dopetation-de-chirurgie-electrique-multifonction-m500","name":"Table D\u2019opetation De Chirurgie Electrique Multifonction M500 - investmedic-store.com","isPartOf":{"@id":"https:\/\/investmedic-store.com\/#website"},"datePublished":"2024-02-07T13:05:39+00:00","dateModified":"2024-02-07T13:05:39+00:00","breadcrumb":{"@id":"https:\/\/investmedic-store.com\/?product=table-dopetation-de-chirurgie-electrique-multifonction-m500#breadcrumb"},"inLanguage":"fr-FR","potentialAction":[{"@type":"ReadAction","target":["https:\/\/investmedic-store.com\/?product=table-dopetation-de-chirurgie-electrique-multifonction-m500"]}]},{"@type":"BreadcrumbList","@id":"https:\/\/investmedic-store.com\/?product=table-dopetation-de-chirurgie-electrique-multifonction-m500#breadcrumb","itemListElement":[{"@type":"ListItem","position":1,"name":"Accueil","item":"https:\/\/investmedic-store.com\/"},{"@type":"ListItem","position":2,"name":"Shop","item":"https:\/\/investmedic-store.com\/?page_id=5"},{"@type":"ListItem","position":3,"name":"Table D\u2019opetation De Chirurgie Electrique Multifonction M500"}]},{"@type":"WebSite","@id":"https:\/\/investmedic-store.com\/#website","url":"https:\/\/investmedic-store.com\/","name":"invest medic store","description":"Importation &amp; Distribution Du Materiels Medico-Chirurgicales - \u0627\u0633\u062a\u064a\u0631\u0627\u062f \u0648\u062a\u0648\u0632\u064a\u0639 \u0627\u0644\u0645\u0648\u0627\u062f \u0627\u0644\u0637\u0628\u064a\u0629 \u0627\u0644\u062c\u0631\u0627\u062d\u064a\u0629","publisher":{"@id":"https:\/\/investmedic-store.com\/#organization"},"alternateName":"investmedic store","potentialAction":[{"@type":"SearchAction","target":{"@type":"EntryPoint","urlTemplate":"https:\/\/investmedic-store.com\/?s={search_term_string}"},"query-input":"required name=search_term_string"}],"inLanguage":"fr-FR"},{"@type":"Organization","@id":"https:\/\/investmedic-store.com\/#organization","name":"invest.medic store","alternateName":"investmedic store","url":"https:\/\/investmedic-store.com\/","logo":{"@type":"ImageObject","inLanguage":"fr-FR","@id":"https:\/\/investmedic-store.com\/#\/schema\/logo\/image\/","url":"https:\/\/investmedic-store.com\/wp-content\/uploads\/2023\/07\/cropped-LOGO_INVEST-transformed-removebg-preview-transformed-1-e1690120839263.png","contentUrl":"https:\/\/investmedic-store.com\/wp-content\/uploads\/2023\/07\/cropped-LOGO_INVEST-transformed-removebg-preview-transformed-1-e1690120839263.png","width":512,"height":512,"caption":"invest.medic store"},"image":{"@id":"https:\/\/investmedic-store.com\/#\/schema\/logo\/image\/"},"sameAs":["https:\/\/www.facebook.com\/invest.medic"]}]}},"_links":{"self":[{"href":"https:\/\/investmedic-store.com\/index.php?rest_route=\/wp\/v2\/product\/2577"}],"collection":[{"href":"https:\/\/investmedic-store.com\/index.php?rest_route=\/wp\/v2\/product"}],"about":[{"href":"https:\/\/investmedic-store.com\/index.php?rest_route=\/wp\/v2\/types\/product"}],"replies":[{"embeddable":true,"href":"https:\/\/investmedic-store.com\/index.php?rest_route=%2Fwp%2Fv2%2Fcomments&post=2577"}],"wp:featuredmedia":[{"embeddable":true,"href":"https:\/\/investmedic-store.com\/index.php?rest_route=\/wp\/v2\/media\/2578"}],"wp:attachment":[{"href":"https:\/\/investmedic-store.com\/index.php?rest_route=%2Fwp%2Fv2%2Fmedia&parent=2577"}],"wp:term":[{"taxonomy":"product_cat","embeddable":true,"href":"https:\/\/investmedic-store.com\/index.php?rest_route=%2Fwp%2Fv2%2Fproduct_cat&post=2577"},{"taxonomy":"product_tag","embeddable":true,"href":"https:\/\/investmedic-store.com\/index.php?rest_route=%2Fwp%2Fv2%2Fproduct_tag&post=2577"}],"curies":[{"name":"wp","href":"https:\/\/api.w.org\/{rel}","templated":true}]}}