{"id":2573,"date":"2024-02-07T12:00:05","date_gmt":"2024-02-07T11:00:05","guid":{"rendered":"https:\/\/investmedic-store.com\/?post_type=product&#038;p=2573"},"modified":"2024-02-07T12:00:05","modified_gmt":"2024-02-07T11:00:05","slug":"scialytique-mobile-avec-batterie-led500","status":"publish","type":"product","link":"https:\/\/investmedic-store.com\/?product=scialytique-mobile-avec-batterie-led500","title":{"rendered":"Scialytique Mobile  Avec Batterie LED500"},"content":{"rendered":"<p><span class=\"OYPEnA text-decoration-underline text-strikethrough-none\">Caract\u00e9ristiques du produit:<\/span><\/p>\n<ul>\n<li><span class=\"OYPEnA text-decoration-underline text-strikethrough-none\">Lumi\u00e8re froide sans danger pour le patient et le personne<\/span><span class=\"OYPEnA text-strikethrough-none text-decoration-none\">l: La lampe LED500 utilise une source de lumi\u00e8re LED, qui ne g\u00e9n\u00e8re pas de rayons infrarouges ni ultraviolets. Cela la rend plus s\u00fbre pour le patient et le personnel, car elle ne provoque pas d&#8217;augmentation de la temp\u00e9rature ou de l\u00e9sions tissulaires.<\/span><\/li>\n<li><span class=\"OYPEnA text-decoration-underline text-strikethrough-none\">Excellent effet sans ombre: <\/span><span class=\"OYPEnA text-strikethrough-none text-decoration-none\">La t\u00eate de la lampe LED500 est con\u00e7ue avec une courbure scientifique et une source lumineuse multipoint. Cela permet d&#8217;obtenir un excellent effet sans ombre, m\u00eame lorsque la lampe est partiellement bloqu\u00e9e.<\/span><\/li>\n<li><span class=\"OYPEnA text-decoration-underline text-strikethrough-none\">\u00c9clairage en profondeur uniforme:<\/span> <span class=\"OYPEnA text-strikethrough-none text-decoration-none\">La lampe LED500 utilise une conception modulaire assist\u00e9e par ordinateur pour g\u00e9n\u00e9rer une profondeur d&#8217;\u00e9clairage uniforme de plus de 1200 mm. Cela permet d&#8217;\u00e9clairer facilement les zones profondes du corps.<\/span><\/li>\n<li><span class=\"OYPEnA text-decoration-underline text-strikethrough-none\">Syst\u00e8me de contr\u00f4le avanc\u00e9: <\/span><span class=\"OYPEnA text-strikethrough-none text-decoration-none\">La lampe LED500 est \u00e9quip\u00e9e d&#8217;un syst\u00e8me de contr\u00f4le avanc\u00e9 qui permet d&#8217;ajuster l&#8217;\u00e9clairage, la temp\u00e9rature de couleur et d&#8217;autres param\u00e8tres. Cela permet au personnel m\u00e9dical d&#8217;adapter l&#8217;\u00e9clairage aux besoins sp\u00e9cifiques de chaque proc\u00e9dure.<\/span><\/li>\n<li><span class=\"OYPEnA text-decoration-underline text-strikethrough-none\">Syst\u00e8me de suspension universel: <\/span><span class=\"OYPEnA text-strikethrough-none text-decoration-none\">La lampe LED500 est \u00e9quip\u00e9e d&#8217;un syst\u00e8me de suspension universel qui permet de la positionner facilement dans n&#8217;importe quelle salle d&#8217;op\u00e9ration.<\/span><\/li>\n<li><span class=\"OYPEnA text-decoration-underline text-strikethrough-none\">Design moderne et \u00e9l\u00e9gant: <\/span><span class=\"OYPEnA text-strikethrough-none text-decoration-none\">La lampe LED500 est con\u00e7ue avec un design moderne et \u00e9l\u00e9gant qui s&#8217;int\u00e8gre parfaitement dans n&#8217;importe quelle salle d&#8217;op\u00e9ration.<\/span><\/li>\n<\/ul>\n<p class=\"cvGsUA direction-ltr align-start para-style-body\"><span class=\"OYPEnA text-decoration-none text-strikethrough-none\">En conclusion, la lampe chirurgicale LED500 est une solution d&#8217;\u00e9clairage compl\u00e8te et fiable qui offre une gamme de fonctionnalit\u00e9s avanc\u00e9es qui la rendent id\u00e9ale pour une vari\u00e9t\u00e9 de proc\u00e9dures chirurgicales.<\/span><\/p>\n","protected":false},"excerpt":{"rendered":"<p>\u00c9clairement (Lux) : 30 000 \u00e0 160 000 Lux<br \/>\nNombre d&#8217;ampoules : 48<br \/>\nType d&#8217;ampoule: LED<br \/>\nDur\u00e9e de vie moyenne des ampoules : \u2265 80 000 heures<br \/>\nTemp\u00e9rature de couleur (K) : 3700K \u301c 5000K<br \/>\nIndice de rendu des couleurs (IRC) : 85 \u301c 98<br \/>\nProfondeur d&#8217;\u00e9clairage (mm) : 50 \u00e0 180 cm<br \/>\nDiam\u00e8tre du faisceau (mm) : 120 \u00e0 280 mm<br \/>\nContr\u00f4le de gradation : 1% \u00e0 100%<br \/>\nPuissance des ampoules : 48<br \/>\n\u00c9l\u00e9vation de temp\u00e9rature (t\u00eate du m\u00e9decin) : \ufe641\u2103<br \/>\nAlimentation secteur : CA 100-240V 50\/60HZ<br \/>\nAutonomie en cas de panne : &gt; 3 heures<\/p>\n","protected":false},"featured_media":2574,"comment_status":"open","ping_status":"closed","template":"","meta":{"om_disable_all_campaigns":false,"_joinchat":[]},"product_cat":[178],"product_tag":[],"yoast_head":"<!-- This site is optimized with the Yoast SEO plugin v20.12 - https:\/\/yoast.com\/wordpress\/plugins\/seo\/ -->\n<title>Scialytique Mobile Avec Batterie LED500 - investmedic-store.com<\/title>\n<meta name=\"robots\" content=\"index, follow, max-snippet:-1, max-image-preview:large, max-video-preview:-1\" \/>\n<link rel=\"canonical\" href=\"https:\/\/investmedic-store.com\/?product=scialytique-mobile-avec-batterie-led500\" \/>\n<meta property=\"og:locale\" content=\"fr_FR\" \/>\n<meta property=\"og:type\" content=\"article\" \/>\n<meta property=\"og:title\" content=\"Scialytique Mobile Avec Batterie LED500 - investmedic-store.com\" \/>\n<meta property=\"og:description\" content=\"\u00c9clairement (Lux) : 30 000 \u00e0 160 000 Lux Nombre d&#039;ampoules : 48 Type d&#039;ampoule: LED Dur\u00e9e de vie moyenne des ampoules : \u2265 80 000 heures Temp\u00e9rature de couleur (K) : 3700K \u301c 5000K Indice de rendu des couleurs (IRC) : 85 \u301c 98 Profondeur d&#039;\u00e9clairage (mm) : 50 \u00e0 180 cm Diam\u00e8tre du faisceau (mm) : 120 \u00e0 280 mm Contr\u00f4le de gradation : 1% \u00e0 100% Puissance des ampoules : 48 \u00c9l\u00e9vation de temp\u00e9rature (t\u00eate du m\u00e9decin) : \ufe641\u2103 Alimentation secteur : CA 100-240V 50\/60HZ Autonomie en cas de panne : &gt; 3 heures\" \/>\n<meta property=\"og:url\" content=\"https:\/\/investmedic-store.com\/?product=scialytique-mobile-avec-batterie-led500\" \/>\n<meta property=\"og:site_name\" content=\"investmedic-store.com\" \/>\n<meta property=\"article:publisher\" content=\"https:\/\/www.facebook.com\/invest.medic\" \/>\n<meta property=\"og:image\" content=\"http:\/\/investmedic-store.com\/wp-content\/uploads\/2024\/02\/261.jpg\" \/>\n\t<meta property=\"og:image:width\" content=\"1587\" \/>\n\t<meta property=\"og:image:height\" content=\"2245\" \/>\n\t<meta property=\"og:image:type\" content=\"image\/jpeg\" \/>\n<meta name=\"twitter:card\" content=\"summary_large_image\" \/>\n<meta name=\"twitter:label1\" content=\"Dur\u00e9e de lecture estim\u00e9e\" \/>\n\t<meta name=\"twitter:data1\" content=\"2 minutes\" \/>\n<script type=\"application\/ld+json\" class=\"yoast-schema-graph\">{\"@context\":\"https:\/\/schema.org\",\"@graph\":[{\"@type\":\"WebPage\",\"@id\":\"https:\/\/investmedic-store.com\/?product=scialytique-mobile-avec-batterie-led500\",\"url\":\"https:\/\/investmedic-store.com\/?product=scialytique-mobile-avec-batterie-led500\",\"name\":\"Scialytique Mobile Avec Batterie LED500 - investmedic-store.com\",\"isPartOf\":{\"@id\":\"https:\/\/investmedic-store.com\/#website\"},\"datePublished\":\"2024-02-07T11:00:05+00:00\",\"dateModified\":\"2024-02-07T11:00:05+00:00\",\"breadcrumb\":{\"@id\":\"https:\/\/investmedic-store.com\/?product=scialytique-mobile-avec-batterie-led500#breadcrumb\"},\"inLanguage\":\"fr-FR\",\"potentialAction\":[{\"@type\":\"ReadAction\",\"target\":[\"https:\/\/investmedic-store.com\/?product=scialytique-mobile-avec-batterie-led500\"]}]},{\"@type\":\"BreadcrumbList\",\"@id\":\"https:\/\/investmedic-store.com\/?product=scialytique-mobile-avec-batterie-led500#breadcrumb\",\"itemListElement\":[{\"@type\":\"ListItem\",\"position\":1,\"name\":\"Accueil\",\"item\":\"https:\/\/investmedic-store.com\/\"},{\"@type\":\"ListItem\",\"position\":2,\"name\":\"Shop\",\"item\":\"https:\/\/investmedic-store.com\/?page_id=5\"},{\"@type\":\"ListItem\",\"position\":3,\"name\":\"Scialytique Mobile Avec Batterie LED500\"}]},{\"@type\":\"WebSite\",\"@id\":\"https:\/\/investmedic-store.com\/#website\",\"url\":\"https:\/\/investmedic-store.com\/\",\"name\":\"invest medic store\",\"description\":\"Importation &amp; Distribution Du Materiels Medico-Chirurgicales - \u0627\u0633\u062a\u064a\u0631\u0627\u062f \u0648\u062a\u0648\u0632\u064a\u0639 \u0627\u0644\u0645\u0648\u0627\u062f \u0627\u0644\u0637\u0628\u064a\u0629 \u0627\u0644\u062c\u0631\u0627\u062d\u064a\u0629\",\"publisher\":{\"@id\":\"https:\/\/investmedic-store.com\/#organization\"},\"alternateName\":\"investmedic store\",\"potentialAction\":[{\"@type\":\"SearchAction\",\"target\":{\"@type\":\"EntryPoint\",\"urlTemplate\":\"https:\/\/investmedic-store.com\/?s={search_term_string}\"},\"query-input\":\"required name=search_term_string\"}],\"inLanguage\":\"fr-FR\"},{\"@type\":\"Organization\",\"@id\":\"https:\/\/investmedic-store.com\/#organization\",\"name\":\"invest.medic store\",\"alternateName\":\"investmedic store\",\"url\":\"https:\/\/investmedic-store.com\/\",\"logo\":{\"@type\":\"ImageObject\",\"inLanguage\":\"fr-FR\",\"@id\":\"https:\/\/investmedic-store.com\/#\/schema\/logo\/image\/\",\"url\":\"https:\/\/investmedic-store.com\/wp-content\/uploads\/2023\/07\/cropped-LOGO_INVEST-transformed-removebg-preview-transformed-1-e1690120839263.png\",\"contentUrl\":\"https:\/\/investmedic-store.com\/wp-content\/uploads\/2023\/07\/cropped-LOGO_INVEST-transformed-removebg-preview-transformed-1-e1690120839263.png\",\"width\":512,\"height\":512,\"caption\":\"invest.medic store\"},\"image\":{\"@id\":\"https:\/\/investmedic-store.com\/#\/schema\/logo\/image\/\"},\"sameAs\":[\"https:\/\/www.facebook.com\/invest.medic\"]}]}<\/script>\n<!-- \/ Yoast SEO plugin. -->","yoast_head_json":{"title":"Scialytique Mobile Avec Batterie LED500 - investmedic-store.com","robots":{"index":"index","follow":"follow","max-snippet":"max-snippet:-1","max-image-preview":"max-image-preview:large","max-video-preview":"max-video-preview:-1"},"canonical":"https:\/\/investmedic-store.com\/?product=scialytique-mobile-avec-batterie-led500","og_locale":"fr_FR","og_type":"article","og_title":"Scialytique Mobile Avec Batterie LED500 - investmedic-store.com","og_description":"\u00c9clairement (Lux) : 30 000 \u00e0 160 000 Lux Nombre d'ampoules : 48 Type d'ampoule: LED Dur\u00e9e de vie moyenne des ampoules : \u2265 80 000 heures Temp\u00e9rature de couleur (K) : 3700K \u301c 5000K Indice de rendu des couleurs (IRC) : 85 \u301c 98 Profondeur d'\u00e9clairage (mm) : 50 \u00e0 180 cm Diam\u00e8tre du faisceau (mm) : 120 \u00e0 280 mm Contr\u00f4le de gradation : 1% \u00e0 100% Puissance des ampoules : 48 \u00c9l\u00e9vation de temp\u00e9rature (t\u00eate du m\u00e9decin) : \ufe641\u2103 Alimentation secteur : CA 100-240V 50\/60HZ Autonomie en cas de panne : &gt; 3 heures","og_url":"https:\/\/investmedic-store.com\/?product=scialytique-mobile-avec-batterie-led500","og_site_name":"investmedic-store.com","article_publisher":"https:\/\/www.facebook.com\/invest.medic","og_image":[{"width":1587,"height":2245,"url":"http:\/\/investmedic-store.com\/wp-content\/uploads\/2024\/02\/261.jpg","type":"image\/jpeg"}],"twitter_card":"summary_large_image","twitter_misc":{"Dur\u00e9e de lecture estim\u00e9e":"2 minutes"},"schema":{"@context":"https:\/\/schema.org","@graph":[{"@type":"WebPage","@id":"https:\/\/investmedic-store.com\/?product=scialytique-mobile-avec-batterie-led500","url":"https:\/\/investmedic-store.com\/?product=scialytique-mobile-avec-batterie-led500","name":"Scialytique Mobile Avec Batterie LED500 - investmedic-store.com","isPartOf":{"@id":"https:\/\/investmedic-store.com\/#website"},"datePublished":"2024-02-07T11:00:05+00:00","dateModified":"2024-02-07T11:00:05+00:00","breadcrumb":{"@id":"https:\/\/investmedic-store.com\/?product=scialytique-mobile-avec-batterie-led500#breadcrumb"},"inLanguage":"fr-FR","potentialAction":[{"@type":"ReadAction","target":["https:\/\/investmedic-store.com\/?product=scialytique-mobile-avec-batterie-led500"]}]},{"@type":"BreadcrumbList","@id":"https:\/\/investmedic-store.com\/?product=scialytique-mobile-avec-batterie-led500#breadcrumb","itemListElement":[{"@type":"ListItem","position":1,"name":"Accueil","item":"https:\/\/investmedic-store.com\/"},{"@type":"ListItem","position":2,"name":"Shop","item":"https:\/\/investmedic-store.com\/?page_id=5"},{"@type":"ListItem","position":3,"name":"Scialytique Mobile Avec Batterie LED500"}]},{"@type":"WebSite","@id":"https:\/\/investmedic-store.com\/#website","url":"https:\/\/investmedic-store.com\/","name":"invest medic store","description":"Importation &amp; Distribution Du Materiels Medico-Chirurgicales - \u0627\u0633\u062a\u064a\u0631\u0627\u062f \u0648\u062a\u0648\u0632\u064a\u0639 \u0627\u0644\u0645\u0648\u0627\u062f \u0627\u0644\u0637\u0628\u064a\u0629 \u0627\u0644\u062c\u0631\u0627\u062d\u064a\u0629","publisher":{"@id":"https:\/\/investmedic-store.com\/#organization"},"alternateName":"investmedic store","potentialAction":[{"@type":"SearchAction","target":{"@type":"EntryPoint","urlTemplate":"https:\/\/investmedic-store.com\/?s={search_term_string}"},"query-input":"required name=search_term_string"}],"inLanguage":"fr-FR"},{"@type":"Organization","@id":"https:\/\/investmedic-store.com\/#organization","name":"invest.medic store","alternateName":"investmedic store","url":"https:\/\/investmedic-store.com\/","logo":{"@type":"ImageObject","inLanguage":"fr-FR","@id":"https:\/\/investmedic-store.com\/#\/schema\/logo\/image\/","url":"https:\/\/investmedic-store.com\/wp-content\/uploads\/2023\/07\/cropped-LOGO_INVEST-transformed-removebg-preview-transformed-1-e1690120839263.png","contentUrl":"https:\/\/investmedic-store.com\/wp-content\/uploads\/2023\/07\/cropped-LOGO_INVEST-transformed-removebg-preview-transformed-1-e1690120839263.png","width":512,"height":512,"caption":"invest.medic store"},"image":{"@id":"https:\/\/investmedic-store.com\/#\/schema\/logo\/image\/"},"sameAs":["https:\/\/www.facebook.com\/invest.medic"]}]}},"_links":{"self":[{"href":"https:\/\/investmedic-store.com\/index.php?rest_route=\/wp\/v2\/product\/2573"}],"collection":[{"href":"https:\/\/investmedic-store.com\/index.php?rest_route=\/wp\/v2\/product"}],"about":[{"href":"https:\/\/investmedic-store.com\/index.php?rest_route=\/wp\/v2\/types\/product"}],"replies":[{"embeddable":true,"href":"https:\/\/investmedic-store.com\/index.php?rest_route=%2Fwp%2Fv2%2Fcomments&post=2573"}],"wp:featuredmedia":[{"embeddable":true,"href":"https:\/\/investmedic-store.com\/index.php?rest_route=\/wp\/v2\/media\/2574"}],"wp:attachment":[{"href":"https:\/\/investmedic-store.com\/index.php?rest_route=%2Fwp%2Fv2%2Fmedia&parent=2573"}],"wp:term":[{"taxonomy":"product_cat","embeddable":true,"href":"https:\/\/investmedic-store.com\/index.php?rest_route=%2Fwp%2Fv2%2Fproduct_cat&post=2573"},{"taxonomy":"product_tag","embeddable":true,"href":"https:\/\/investmedic-store.com\/index.php?rest_route=%2Fwp%2Fv2%2Fproduct_tag&post=2573"}],"curies":[{"name":"wp","href":"https:\/\/api.w.org\/{rel}","templated":true}]}}