{"id":2571,"date":"2024-02-07T11:49:51","date_gmt":"2024-02-07T10:49:51","guid":{"rendered":"https:\/\/investmedic-store.com\/?post_type=product&#038;p=2571"},"modified":"2025-10-28T12:23:48","modified_gmt":"2025-10-28T11:23:48","slug":"pousse-seringue-md910","status":"publish","type":"product","link":"https:\/\/investmedic-store.com\/?product=pousse-seringue-md910","title":{"rendered":"Pousse- Seringue  MD910"},"content":{"rendered":"<p><span class=\"OYPEnA text-decoration-none text-strikethrough-none\">Syst\u00e8me d&#8217;alarme unique \u00e0 voix humaine : L&#8217;appareil d\u00e9clenche l&#8217;invite vocale humaine et arr\u00eate automatiquement l&#8217;injection en cas de dysfonctionnement, rendant le processus de perfusion plus s\u00fbr et plus fiable.<\/span><\/p>\n","protected":false},"excerpt":{"rendered":"<p>D\u00e9bits selon laseringue:50 ml : 0,1 ml\/h ~ 999,9 ml\/h (pas de 0,1 ml\/h)<\/p>\n<p>; 1 000 ml\/h ~ 1 500 ml\/h (pas de 1 ml\/h)<br \/>\n30 ml : 0,1 ml\/h ~ 900,0 ml\/h (pas de 0,1 ml\/h)<br \/>\n20 ml : 0,1 ml\/h ~ 600,0 ml\/h (pas de 0,1 ml\/h)<br \/>\n10 ml : 0,1 ml\/h ~ 300,0 ml\/h (pas de 0,1 ml\/h)<br \/>\nPr\u00e9cision du d\u00e9bit: \u00b13% (apr\u00e8s calibrage correct)<br \/>\nPr\u00e9cision m\u00e9canique: \u00b12%<br \/>\nD\u00e9bit de bolus selon la seringue:<br \/>\n50 ml : 0,1 ~ 1 500 ml\/h<br \/>\n30 ml : 0,1 ~ 720 ml\/h<br \/>\n20 ml : 0,1 ~ 480 ml\/h<br \/>\n10 ml : 0,1 ~ 240 ml\/h<br \/>\nD\u00e9bit de purge selon la seringue:<br \/>\n50 ml : 1 500 ml\/h<br \/>\n30 ml : 900 ml\/h<br \/>\n20 ml : 600 ml\/h<br \/>\n10 ml : 300 ml\/h<br \/>\nLimite de volume: 0,1 ml ~ 9999,9 ml (pas de 0,1 ml)<br \/>\nVolume total inject\u00e9: 0,1 ml ~ 9999,9 ml (pas de 0,1 ml)<br \/>\nOcclusion: Haute : 800 mmHg \u00b1 200 mmHg (106,7 kPa \u00b1 26,7 kPa)<br \/>\nMoyenne : 500 mmHg \u00b1 100 mmHg (66,7 kPa \u00b1 13,3 kPa)<br \/>\nBasse : 300 mmHg \u00b1 100 mmHg (40,7 kPa \u00b1 13,3 kPa)<br \/>\nAlarmes: Fin d&#8217;injection imminente, fin d&#8217;injection, occlusion, mauvaise installation de la seringue, mauvais r\u00e9glage, batterie faible, seringue desserr\u00e9e, etc.<br \/>\nAlimentation : CA 100 V ~ 240 V, 50\/60 Hz ; batterie Li rechargeable interne,<br \/>\ncapacit\u00e9 \u2265 1 600 mAh, autonomie interne de 4 heures<br \/>\nD\u00e9bit KVO: 0,1 ml\/h ~ 5 ml\/h<br \/>\nConsommation: \u00e9lectrique<\/p>\n<p>Classification: IPX4<\/p>\n<p>Classification des \u00e9quipements : Classe II, alimentation interne, type CF<br \/>\nConditions de fonctionnement : Temp\u00e9rature ambiante : +5\u2103 ~ +40\u2103 ;<br \/>\nHumidit\u00e9 relative : 20 ~ 90 %<br \/>\nDimensions : 280 mm (L) \u00d7 210 mm (L) \u00d7 130 mm (H)<br \/>\nPoids : 2,2 kg (poids net)<br \/>\nPompe \u00e0 seringue double canal MD910D:<br \/>\n.Grand \u00e9cran LCD<br \/>\n.Syst\u00e8me d&#8217;alarme visuelle et sonore<br \/>\n.Biblioth\u00e8que de m\u00e9dicaments Plus de 2000 enregistrements<br \/>\n.Cinq modes de trava<\/p>\n","protected":false},"featured_media":2572,"comment_status":"open","ping_status":"closed","template":"","meta":{"om_disable_all_campaigns":false,"_joinchat":[]},"product_cat":[142],"product_tag":[],"yoast_head":"<!-- This site is optimized with the Yoast SEO plugin v20.12 - https:\/\/yoast.com\/wordpress\/plugins\/seo\/ -->\n<title>Pousse- Seringue MD910 - investmedic-store.com<\/title>\n<meta name=\"robots\" content=\"index, follow, max-snippet:-1, max-image-preview:large, max-video-preview:-1\" \/>\n<link rel=\"canonical\" href=\"https:\/\/investmedic-store.com\/?product=pousse-seringue-md910\" \/>\n<meta property=\"og:locale\" content=\"fr_FR\" \/>\n<meta property=\"og:type\" content=\"article\" \/>\n<meta property=\"og:title\" content=\"Pousse- Seringue MD910 - investmedic-store.com\" \/>\n<meta property=\"og:description\" content=\"D\u00e9bits selon laseringue:50 ml : 0,1 ml\/h ~ 999,9 ml\/h (pas de 0,1 ml\/h)  ; 1 000 ml\/h ~ 1 500 ml\/h (pas de 1 ml\/h) 30 ml : 0,1 ml\/h ~ 900,0 ml\/h (pas de 0,1 ml\/h) 20 ml : 0,1 ml\/h ~ 600,0 ml\/h (pas de 0,1 ml\/h) 10 ml : 0,1 ml\/h ~ 300,0 ml\/h (pas de 0,1 ml\/h) Pr\u00e9cision du d\u00e9bit: \u00b13% (apr\u00e8s calibrage correct) Pr\u00e9cision m\u00e9canique: \u00b12% D\u00e9bit de bolus selon la seringue: 50 ml : 0,1 ~ 1 500 ml\/h 30 ml : 0,1 ~ 720 ml\/h 20 ml : 0,1 ~ 480 ml\/h 10 ml : 0,1 ~ 240 ml\/h D\u00e9bit de purge selon la seringue: 50 ml : 1 500 ml\/h 30 ml : 900 ml\/h 20 ml : 600 ml\/h 10 ml : 300 ml\/h Limite de volume: 0,1 ml ~ 9999,9 ml (pas de 0,1 ml) Volume total inject\u00e9: 0,1 ml ~ 9999,9 ml (pas de 0,1 ml) Occlusion: Haute : 800 mmHg \u00b1 200 mmHg (106,7 kPa \u00b1 26,7 kPa) Moyenne : 500 mmHg \u00b1 100 mmHg (66,7 kPa \u00b1 13,3 kPa) Basse : 300 mmHg \u00b1 100 mmHg (40,7 kPa \u00b1 13,3 kPa) Alarmes: Fin d&#039;injection imminente, fin d&#039;injection, occlusion, mauvaise installation de la seringue, mauvais r\u00e9glage, batterie faible, seringue desserr\u00e9e, etc. Alimentation : CA 100 V ~ 240 V, 50\/60 Hz ; batterie Li rechargeable interne, capacit\u00e9 \u2265 1 600 mAh, autonomie interne de 4 heures D\u00e9bit KVO: 0,1 ml\/h ~ 5 ml\/h Consommation: \u00e9lectrique  Classification: IPX4  Classification des \u00e9quipements : Classe II, alimentation interne, type CF Conditions de fonctionnement : Temp\u00e9rature ambiante : +5\u2103 ~ +40\u2103 ; Humidit\u00e9 relative : 20 ~ 90 % Dimensions : 280 mm (L) \u00d7 210 mm (L) \u00d7 130 mm (H) Poids : 2,2 kg (poids net) Pompe \u00e0 seringue double canal MD910D: .Grand \u00e9cran LCD .Syst\u00e8me d&#039;alarme visuelle et sonore .Biblioth\u00e8que de m\u00e9dicaments Plus de 2000 enregistrements .Cinq modes de trava\" \/>\n<meta property=\"og:url\" content=\"https:\/\/investmedic-store.com\/?product=pousse-seringue-md910\" \/>\n<meta property=\"og:site_name\" content=\"investmedic-store.com\" \/>\n<meta property=\"article:publisher\" content=\"https:\/\/www.facebook.com\/invest.medic\" \/>\n<meta property=\"article:modified_time\" content=\"2025-10-28T11:23:48+00:00\" \/>\n<meta property=\"og:image\" content=\"http:\/\/investmedic-store.com\/wp-content\/uploads\/2024\/02\/pousse-seringue-medithech.jpg\" \/>\n\t<meta property=\"og:image:width\" content=\"1587\" \/>\n\t<meta property=\"og:image:height\" content=\"2245\" \/>\n\t<meta property=\"og:image:type\" content=\"image\/jpeg\" \/>\n<meta name=\"twitter:card\" content=\"summary_large_image\" \/>\n<meta name=\"twitter:label1\" content=\"Dur\u00e9e de lecture estim\u00e9e\" \/>\n\t<meta name=\"twitter:data1\" content=\"1 minute\" \/>\n<script type=\"application\/ld+json\" class=\"yoast-schema-graph\">{\"@context\":\"https:\/\/schema.org\",\"@graph\":[{\"@type\":\"WebPage\",\"@id\":\"https:\/\/investmedic-store.com\/?product=pousse-seringue-md910\",\"url\":\"https:\/\/investmedic-store.com\/?product=pousse-seringue-md910\",\"name\":\"Pousse- Seringue MD910 - investmedic-store.com\",\"isPartOf\":{\"@id\":\"https:\/\/investmedic-store.com\/#website\"},\"datePublished\":\"2024-02-07T10:49:51+00:00\",\"dateModified\":\"2025-10-28T11:23:48+00:00\",\"breadcrumb\":{\"@id\":\"https:\/\/investmedic-store.com\/?product=pousse-seringue-md910#breadcrumb\"},\"inLanguage\":\"fr-FR\",\"potentialAction\":[{\"@type\":\"ReadAction\",\"target\":[\"https:\/\/investmedic-store.com\/?product=pousse-seringue-md910\"]}]},{\"@type\":\"BreadcrumbList\",\"@id\":\"https:\/\/investmedic-store.com\/?product=pousse-seringue-md910#breadcrumb\",\"itemListElement\":[{\"@type\":\"ListItem\",\"position\":1,\"name\":\"Accueil\",\"item\":\"https:\/\/investmedic-store.com\/\"},{\"@type\":\"ListItem\",\"position\":2,\"name\":\"Shop\",\"item\":\"https:\/\/investmedic-store.com\/?page_id=5\"},{\"@type\":\"ListItem\",\"position\":3,\"name\":\"Pousse- Seringue MD910\"}]},{\"@type\":\"WebSite\",\"@id\":\"https:\/\/investmedic-store.com\/#website\",\"url\":\"https:\/\/investmedic-store.com\/\",\"name\":\"invest medic store\",\"description\":\"Importation &amp; Distribution Du Materiels Medico-Chirurgicales - \u0627\u0633\u062a\u064a\u0631\u0627\u062f \u0648\u062a\u0648\u0632\u064a\u0639 \u0627\u0644\u0645\u0648\u0627\u062f \u0627\u0644\u0637\u0628\u064a\u0629 \u0627\u0644\u062c\u0631\u0627\u062d\u064a\u0629\",\"publisher\":{\"@id\":\"https:\/\/investmedic-store.com\/#organization\"},\"alternateName\":\"investmedic store\",\"potentialAction\":[{\"@type\":\"SearchAction\",\"target\":{\"@type\":\"EntryPoint\",\"urlTemplate\":\"https:\/\/investmedic-store.com\/?s={search_term_string}\"},\"query-input\":\"required name=search_term_string\"}],\"inLanguage\":\"fr-FR\"},{\"@type\":\"Organization\",\"@id\":\"https:\/\/investmedic-store.com\/#organization\",\"name\":\"invest.medic store\",\"alternateName\":\"investmedic store\",\"url\":\"https:\/\/investmedic-store.com\/\",\"logo\":{\"@type\":\"ImageObject\",\"inLanguage\":\"fr-FR\",\"@id\":\"https:\/\/investmedic-store.com\/#\/schema\/logo\/image\/\",\"url\":\"https:\/\/investmedic-store.com\/wp-content\/uploads\/2023\/07\/cropped-LOGO_INVEST-transformed-removebg-preview-transformed-1-e1690120839263.png\",\"contentUrl\":\"https:\/\/investmedic-store.com\/wp-content\/uploads\/2023\/07\/cropped-LOGO_INVEST-transformed-removebg-preview-transformed-1-e1690120839263.png\",\"width\":512,\"height\":512,\"caption\":\"invest.medic store\"},\"image\":{\"@id\":\"https:\/\/investmedic-store.com\/#\/schema\/logo\/image\/\"},\"sameAs\":[\"https:\/\/www.facebook.com\/invest.medic\"]}]}<\/script>\n<!-- \/ Yoast SEO plugin. -->","yoast_head_json":{"title":"Pousse- Seringue MD910 - investmedic-store.com","robots":{"index":"index","follow":"follow","max-snippet":"max-snippet:-1","max-image-preview":"max-image-preview:large","max-video-preview":"max-video-preview:-1"},"canonical":"https:\/\/investmedic-store.com\/?product=pousse-seringue-md910","og_locale":"fr_FR","og_type":"article","og_title":"Pousse- Seringue MD910 - investmedic-store.com","og_description":"D\u00e9bits selon laseringue:50 ml : 0,1 ml\/h ~ 999,9 ml\/h (pas de 0,1 ml\/h)  ; 1 000 ml\/h ~ 1 500 ml\/h (pas de 1 ml\/h) 30 ml : 0,1 ml\/h ~ 900,0 ml\/h (pas de 0,1 ml\/h) 20 ml : 0,1 ml\/h ~ 600,0 ml\/h (pas de 0,1 ml\/h) 10 ml : 0,1 ml\/h ~ 300,0 ml\/h (pas de 0,1 ml\/h) Pr\u00e9cision du d\u00e9bit: \u00b13% (apr\u00e8s calibrage correct) Pr\u00e9cision m\u00e9canique: \u00b12% D\u00e9bit de bolus selon la seringue: 50 ml : 0,1 ~ 1 500 ml\/h 30 ml : 0,1 ~ 720 ml\/h 20 ml : 0,1 ~ 480 ml\/h 10 ml : 0,1 ~ 240 ml\/h D\u00e9bit de purge selon la seringue: 50 ml : 1 500 ml\/h 30 ml : 900 ml\/h 20 ml : 600 ml\/h 10 ml : 300 ml\/h Limite de volume: 0,1 ml ~ 9999,9 ml (pas de 0,1 ml) Volume total inject\u00e9: 0,1 ml ~ 9999,9 ml (pas de 0,1 ml) Occlusion: Haute : 800 mmHg \u00b1 200 mmHg (106,7 kPa \u00b1 26,7 kPa) Moyenne : 500 mmHg \u00b1 100 mmHg (66,7 kPa \u00b1 13,3 kPa) Basse : 300 mmHg \u00b1 100 mmHg (40,7 kPa \u00b1 13,3 kPa) Alarmes: Fin d'injection imminente, fin d'injection, occlusion, mauvaise installation de la seringue, mauvais r\u00e9glage, batterie faible, seringue desserr\u00e9e, etc. Alimentation : CA 100 V ~ 240 V, 50\/60 Hz ; batterie Li rechargeable interne, capacit\u00e9 \u2265 1 600 mAh, autonomie interne de 4 heures D\u00e9bit KVO: 0,1 ml\/h ~ 5 ml\/h Consommation: \u00e9lectrique  Classification: IPX4  Classification des \u00e9quipements : Classe II, alimentation interne, type CF Conditions de fonctionnement : Temp\u00e9rature ambiante : +5\u2103 ~ +40\u2103 ; Humidit\u00e9 relative : 20 ~ 90 % Dimensions : 280 mm (L) \u00d7 210 mm (L) \u00d7 130 mm (H) Poids : 2,2 kg (poids net) Pompe \u00e0 seringue double canal MD910D: .Grand \u00e9cran LCD .Syst\u00e8me d'alarme visuelle et sonore .Biblioth\u00e8que de m\u00e9dicaments Plus de 2000 enregistrements .Cinq modes de trava","og_url":"https:\/\/investmedic-store.com\/?product=pousse-seringue-md910","og_site_name":"investmedic-store.com","article_publisher":"https:\/\/www.facebook.com\/invest.medic","article_modified_time":"2025-10-28T11:23:48+00:00","og_image":[{"width":1587,"height":2245,"url":"http:\/\/investmedic-store.com\/wp-content\/uploads\/2024\/02\/pousse-seringue-medithech.jpg","type":"image\/jpeg"}],"twitter_card":"summary_large_image","twitter_misc":{"Dur\u00e9e de lecture estim\u00e9e":"1 minute"},"schema":{"@context":"https:\/\/schema.org","@graph":[{"@type":"WebPage","@id":"https:\/\/investmedic-store.com\/?product=pousse-seringue-md910","url":"https:\/\/investmedic-store.com\/?product=pousse-seringue-md910","name":"Pousse- Seringue MD910 - investmedic-store.com","isPartOf":{"@id":"https:\/\/investmedic-store.com\/#website"},"datePublished":"2024-02-07T10:49:51+00:00","dateModified":"2025-10-28T11:23:48+00:00","breadcrumb":{"@id":"https:\/\/investmedic-store.com\/?product=pousse-seringue-md910#breadcrumb"},"inLanguage":"fr-FR","potentialAction":[{"@type":"ReadAction","target":["https:\/\/investmedic-store.com\/?product=pousse-seringue-md910"]}]},{"@type":"BreadcrumbList","@id":"https:\/\/investmedic-store.com\/?product=pousse-seringue-md910#breadcrumb","itemListElement":[{"@type":"ListItem","position":1,"name":"Accueil","item":"https:\/\/investmedic-store.com\/"},{"@type":"ListItem","position":2,"name":"Shop","item":"https:\/\/investmedic-store.com\/?page_id=5"},{"@type":"ListItem","position":3,"name":"Pousse- Seringue MD910"}]},{"@type":"WebSite","@id":"https:\/\/investmedic-store.com\/#website","url":"https:\/\/investmedic-store.com\/","name":"invest medic store","description":"Importation &amp; Distribution Du Materiels Medico-Chirurgicales - \u0627\u0633\u062a\u064a\u0631\u0627\u062f \u0648\u062a\u0648\u0632\u064a\u0639 \u0627\u0644\u0645\u0648\u0627\u062f \u0627\u0644\u0637\u0628\u064a\u0629 \u0627\u0644\u062c\u0631\u0627\u062d\u064a\u0629","publisher":{"@id":"https:\/\/investmedic-store.com\/#organization"},"alternateName":"investmedic store","potentialAction":[{"@type":"SearchAction","target":{"@type":"EntryPoint","urlTemplate":"https:\/\/investmedic-store.com\/?s={search_term_string}"},"query-input":"required name=search_term_string"}],"inLanguage":"fr-FR"},{"@type":"Organization","@id":"https:\/\/investmedic-store.com\/#organization","name":"invest.medic store","alternateName":"investmedic store","url":"https:\/\/investmedic-store.com\/","logo":{"@type":"ImageObject","inLanguage":"fr-FR","@id":"https:\/\/investmedic-store.com\/#\/schema\/logo\/image\/","url":"https:\/\/investmedic-store.com\/wp-content\/uploads\/2023\/07\/cropped-LOGO_INVEST-transformed-removebg-preview-transformed-1-e1690120839263.png","contentUrl":"https:\/\/investmedic-store.com\/wp-content\/uploads\/2023\/07\/cropped-LOGO_INVEST-transformed-removebg-preview-transformed-1-e1690120839263.png","width":512,"height":512,"caption":"invest.medic store"},"image":{"@id":"https:\/\/investmedic-store.com\/#\/schema\/logo\/image\/"},"sameAs":["https:\/\/www.facebook.com\/invest.medic"]}]}},"_links":{"self":[{"href":"https:\/\/investmedic-store.com\/index.php?rest_route=\/wp\/v2\/product\/2571"}],"collection":[{"href":"https:\/\/investmedic-store.com\/index.php?rest_route=\/wp\/v2\/product"}],"about":[{"href":"https:\/\/investmedic-store.com\/index.php?rest_route=\/wp\/v2\/types\/product"}],"replies":[{"embeddable":true,"href":"https:\/\/investmedic-store.com\/index.php?rest_route=%2Fwp%2Fv2%2Fcomments&post=2571"}],"wp:featuredmedia":[{"embeddable":true,"href":"https:\/\/investmedic-store.com\/index.php?rest_route=\/wp\/v2\/media\/2572"}],"wp:attachment":[{"href":"https:\/\/investmedic-store.com\/index.php?rest_route=%2Fwp%2Fv2%2Fmedia&parent=2571"}],"wp:term":[{"taxonomy":"product_cat","embeddable":true,"href":"https:\/\/investmedic-store.com\/index.php?rest_route=%2Fwp%2Fv2%2Fproduct_cat&post=2571"},{"taxonomy":"product_tag","embeddable":true,"href":"https:\/\/investmedic-store.com\/index.php?rest_route=%2Fwp%2Fv2%2Fproduct_tag&post=2571"}],"curies":[{"name":"wp","href":"https:\/\/api.w.org\/{rel}","templated":true}]}}