{"id":2568,"date":"2024-02-07T11:34:22","date_gmt":"2024-02-07T10:34:22","guid":{"rendered":"https:\/\/investmedic-store.com\/?post_type=product&#038;p=2568"},"modified":"2025-05-11T10:15:28","modified_gmt":"2025-05-11T09:15:28","slug":"la-lampe-dexamen","status":"publish","type":"product","link":"https:\/\/investmedic-store.com\/?product=la-lampe-dexamen","title":{"rendered":"Lampe D&#8217;Examen LED Sur Roulettes &#8211; JSF-JC02Noir\/Blanc"},"content":{"rendered":"<div>\n<p>Caract\u00e9ristiques du produit:<\/p>\n<\/div>\n<p><span class=\"OYPEnA text-decoration-none text-strikethrough-none\">Cette lampe d&#8217;op\u00e9ration est con\u00e7ue pour une utilisation dans les petites salles d&#8217;op\u00e9ration, les salles d&#8217;examen des cabinets m\u00e9dicaux et les bureaux m\u00e9dicaux. Elle utilise des lampes Osram import\u00e9es d&#8217;Allemagne, avec une luminosit\u00e9 constante et une longue dur\u00e9e de vie. Le filtre de couleur en verre cr\u00e9e une lumi\u00e8re blanche et douce, semblable \u00e0 la lumi\u00e8re naturelle. Ce produit convient \u00e0 l&#8217;examen physique, aux petites interventions chirurgicales en oto-rhino-laryngologie, en gyn\u00e9cologie et obst\u00e9trique et au service d&#8217;ambulatoire, et sert \u00e9galement d&#8217;\u00e9clairage auxiliaire pendant l&#8217;op\u00e9ration<\/span><\/p>\n","protected":false},"excerpt":{"rendered":"<p>Dur\u00e9e de vie de la lampe :50 000 h<br \/>\nTemp\u00e9rature de couleur :4 500 K<br \/>\n\u00c9clairage (\u00e0 500 mm) :16 000 lux<br \/>\nPuissance de la lampe :3 W<br \/>\nTension :220 V 50 Hz<\/p>\n","protected":false},"featured_media":2570,"comment_status":"open","ping_status":"closed","template":"","meta":{"om_disable_all_campaigns":false,"_joinchat":[]},"product_cat":[126],"product_tag":[],"yoast_head":"<!-- This site is optimized with the Yoast SEO plugin v20.12 - https:\/\/yoast.com\/wordpress\/plugins\/seo\/ -->\n<title>Lampe D&#039;Examen LED Sur Roulettes - JSF-JC02Noir\/Blanc - investmedic-store.com<\/title>\n<meta name=\"robots\" content=\"index, follow, max-snippet:-1, max-image-preview:large, max-video-preview:-1\" \/>\n<link rel=\"canonical\" href=\"https:\/\/investmedic-store.com\/?product=la-lampe-dexamen\" \/>\n<meta property=\"og:locale\" content=\"fr_FR\" \/>\n<meta property=\"og:type\" content=\"article\" \/>\n<meta property=\"og:title\" content=\"Lampe D&#039;Examen LED Sur Roulettes - JSF-JC02Noir\/Blanc - investmedic-store.com\" \/>\n<meta property=\"og:description\" content=\"Dur\u00e9e de vie de la lampe :50 000 h Temp\u00e9rature de couleur :4 500 K \u00c9clairage (\u00e0 500 mm) :16 000 lux Puissance de la lampe :3 W Tension :220 V 50 Hz\" \/>\n<meta property=\"og:url\" content=\"https:\/\/investmedic-store.com\/?product=la-lampe-dexamen\" \/>\n<meta property=\"og:site_name\" content=\"investmedic-store.com\" \/>\n<meta property=\"article:publisher\" content=\"https:\/\/www.facebook.com\/invest.medic\" \/>\n<meta property=\"article:modified_time\" content=\"2025-05-11T09:15:28+00:00\" \/>\n<meta property=\"og:image\" content=\"http:\/\/investmedic-store.com\/wp-content\/uploads\/2024\/02\/28.jpg\" \/>\n\t<meta property=\"og:image:width\" content=\"1587\" \/>\n\t<meta property=\"og:image:height\" content=\"2245\" \/>\n\t<meta property=\"og:image:type\" content=\"image\/jpeg\" \/>\n<meta name=\"twitter:card\" content=\"summary_large_image\" \/>\n<meta name=\"twitter:label1\" content=\"Dur\u00e9e de lecture estim\u00e9e\" \/>\n\t<meta name=\"twitter:data1\" content=\"1 minute\" \/>\n<script type=\"application\/ld+json\" class=\"yoast-schema-graph\">{\"@context\":\"https:\/\/schema.org\",\"@graph\":[{\"@type\":\"WebPage\",\"@id\":\"https:\/\/investmedic-store.com\/?product=la-lampe-dexamen\",\"url\":\"https:\/\/investmedic-store.com\/?product=la-lampe-dexamen\",\"name\":\"Lampe D'Examen LED Sur Roulettes - JSF-JC02Noir\/Blanc - investmedic-store.com\",\"isPartOf\":{\"@id\":\"https:\/\/investmedic-store.com\/#website\"},\"datePublished\":\"2024-02-07T10:34:22+00:00\",\"dateModified\":\"2025-05-11T09:15:28+00:00\",\"breadcrumb\":{\"@id\":\"https:\/\/investmedic-store.com\/?product=la-lampe-dexamen#breadcrumb\"},\"inLanguage\":\"fr-FR\",\"potentialAction\":[{\"@type\":\"ReadAction\",\"target\":[\"https:\/\/investmedic-store.com\/?product=la-lampe-dexamen\"]}]},{\"@type\":\"BreadcrumbList\",\"@id\":\"https:\/\/investmedic-store.com\/?product=la-lampe-dexamen#breadcrumb\",\"itemListElement\":[{\"@type\":\"ListItem\",\"position\":1,\"name\":\"Accueil\",\"item\":\"https:\/\/investmedic-store.com\/\"},{\"@type\":\"ListItem\",\"position\":2,\"name\":\"Shop\",\"item\":\"https:\/\/investmedic-store.com\/?page_id=5\"},{\"@type\":\"ListItem\",\"position\":3,\"name\":\"Lampe D&#8217;Examen LED Sur Roulettes &#8211; JSF-JC02Noir\/Blanc\"}]},{\"@type\":\"WebSite\",\"@id\":\"https:\/\/investmedic-store.com\/#website\",\"url\":\"https:\/\/investmedic-store.com\/\",\"name\":\"invest medic store\",\"description\":\"Importation &amp; Distribution Du Materiels Medico-Chirurgicales - \u0627\u0633\u062a\u064a\u0631\u0627\u062f \u0648\u062a\u0648\u0632\u064a\u0639 \u0627\u0644\u0645\u0648\u0627\u062f \u0627\u0644\u0637\u0628\u064a\u0629 \u0627\u0644\u062c\u0631\u0627\u062d\u064a\u0629\",\"publisher\":{\"@id\":\"https:\/\/investmedic-store.com\/#organization\"},\"alternateName\":\"investmedic store\",\"potentialAction\":[{\"@type\":\"SearchAction\",\"target\":{\"@type\":\"EntryPoint\",\"urlTemplate\":\"https:\/\/investmedic-store.com\/?s={search_term_string}\"},\"query-input\":\"required name=search_term_string\"}],\"inLanguage\":\"fr-FR\"},{\"@type\":\"Organization\",\"@id\":\"https:\/\/investmedic-store.com\/#organization\",\"name\":\"invest.medic store\",\"alternateName\":\"investmedic store\",\"url\":\"https:\/\/investmedic-store.com\/\",\"logo\":{\"@type\":\"ImageObject\",\"inLanguage\":\"fr-FR\",\"@id\":\"https:\/\/investmedic-store.com\/#\/schema\/logo\/image\/\",\"url\":\"https:\/\/investmedic-store.com\/wp-content\/uploads\/2023\/07\/cropped-LOGO_INVEST-transformed-removebg-preview-transformed-1-e1690120839263.png\",\"contentUrl\":\"https:\/\/investmedic-store.com\/wp-content\/uploads\/2023\/07\/cropped-LOGO_INVEST-transformed-removebg-preview-transformed-1-e1690120839263.png\",\"width\":512,\"height\":512,\"caption\":\"invest.medic store\"},\"image\":{\"@id\":\"https:\/\/investmedic-store.com\/#\/schema\/logo\/image\/\"},\"sameAs\":[\"https:\/\/www.facebook.com\/invest.medic\"]}]}<\/script>\n<!-- \/ Yoast SEO plugin. -->","yoast_head_json":{"title":"Lampe D'Examen LED Sur Roulettes - JSF-JC02Noir\/Blanc - investmedic-store.com","robots":{"index":"index","follow":"follow","max-snippet":"max-snippet:-1","max-image-preview":"max-image-preview:large","max-video-preview":"max-video-preview:-1"},"canonical":"https:\/\/investmedic-store.com\/?product=la-lampe-dexamen","og_locale":"fr_FR","og_type":"article","og_title":"Lampe D'Examen LED Sur Roulettes - JSF-JC02Noir\/Blanc - investmedic-store.com","og_description":"Dur\u00e9e de vie de la lampe :50 000 h Temp\u00e9rature de couleur :4 500 K \u00c9clairage (\u00e0 500 mm) :16 000 lux Puissance de la lampe :3 W Tension :220 V 50 Hz","og_url":"https:\/\/investmedic-store.com\/?product=la-lampe-dexamen","og_site_name":"investmedic-store.com","article_publisher":"https:\/\/www.facebook.com\/invest.medic","article_modified_time":"2025-05-11T09:15:28+00:00","og_image":[{"width":1587,"height":2245,"url":"http:\/\/investmedic-store.com\/wp-content\/uploads\/2024\/02\/28.jpg","type":"image\/jpeg"}],"twitter_card":"summary_large_image","twitter_misc":{"Dur\u00e9e de lecture estim\u00e9e":"1 minute"},"schema":{"@context":"https:\/\/schema.org","@graph":[{"@type":"WebPage","@id":"https:\/\/investmedic-store.com\/?product=la-lampe-dexamen","url":"https:\/\/investmedic-store.com\/?product=la-lampe-dexamen","name":"Lampe D'Examen LED Sur Roulettes - JSF-JC02Noir\/Blanc - investmedic-store.com","isPartOf":{"@id":"https:\/\/investmedic-store.com\/#website"},"datePublished":"2024-02-07T10:34:22+00:00","dateModified":"2025-05-11T09:15:28+00:00","breadcrumb":{"@id":"https:\/\/investmedic-store.com\/?product=la-lampe-dexamen#breadcrumb"},"inLanguage":"fr-FR","potentialAction":[{"@type":"ReadAction","target":["https:\/\/investmedic-store.com\/?product=la-lampe-dexamen"]}]},{"@type":"BreadcrumbList","@id":"https:\/\/investmedic-store.com\/?product=la-lampe-dexamen#breadcrumb","itemListElement":[{"@type":"ListItem","position":1,"name":"Accueil","item":"https:\/\/investmedic-store.com\/"},{"@type":"ListItem","position":2,"name":"Shop","item":"https:\/\/investmedic-store.com\/?page_id=5"},{"@type":"ListItem","position":3,"name":"Lampe D&#8217;Examen LED Sur Roulettes &#8211; JSF-JC02Noir\/Blanc"}]},{"@type":"WebSite","@id":"https:\/\/investmedic-store.com\/#website","url":"https:\/\/investmedic-store.com\/","name":"invest medic store","description":"Importation &amp; Distribution Du Materiels Medico-Chirurgicales - \u0627\u0633\u062a\u064a\u0631\u0627\u062f \u0648\u062a\u0648\u0632\u064a\u0639 \u0627\u0644\u0645\u0648\u0627\u062f \u0627\u0644\u0637\u0628\u064a\u0629 \u0627\u0644\u062c\u0631\u0627\u062d\u064a\u0629","publisher":{"@id":"https:\/\/investmedic-store.com\/#organization"},"alternateName":"investmedic store","potentialAction":[{"@type":"SearchAction","target":{"@type":"EntryPoint","urlTemplate":"https:\/\/investmedic-store.com\/?s={search_term_string}"},"query-input":"required name=search_term_string"}],"inLanguage":"fr-FR"},{"@type":"Organization","@id":"https:\/\/investmedic-store.com\/#organization","name":"invest.medic store","alternateName":"investmedic store","url":"https:\/\/investmedic-store.com\/","logo":{"@type":"ImageObject","inLanguage":"fr-FR","@id":"https:\/\/investmedic-store.com\/#\/schema\/logo\/image\/","url":"https:\/\/investmedic-store.com\/wp-content\/uploads\/2023\/07\/cropped-LOGO_INVEST-transformed-removebg-preview-transformed-1-e1690120839263.png","contentUrl":"https:\/\/investmedic-store.com\/wp-content\/uploads\/2023\/07\/cropped-LOGO_INVEST-transformed-removebg-preview-transformed-1-e1690120839263.png","width":512,"height":512,"caption":"invest.medic store"},"image":{"@id":"https:\/\/investmedic-store.com\/#\/schema\/logo\/image\/"},"sameAs":["https:\/\/www.facebook.com\/invest.medic"]}]}},"_links":{"self":[{"href":"https:\/\/investmedic-store.com\/index.php?rest_route=\/wp\/v2\/product\/2568"}],"collection":[{"href":"https:\/\/investmedic-store.com\/index.php?rest_route=\/wp\/v2\/product"}],"about":[{"href":"https:\/\/investmedic-store.com\/index.php?rest_route=\/wp\/v2\/types\/product"}],"replies":[{"embeddable":true,"href":"https:\/\/investmedic-store.com\/index.php?rest_route=%2Fwp%2Fv2%2Fcomments&post=2568"}],"wp:featuredmedia":[{"embeddable":true,"href":"https:\/\/investmedic-store.com\/index.php?rest_route=\/wp\/v2\/media\/2570"}],"wp:attachment":[{"href":"https:\/\/investmedic-store.com\/index.php?rest_route=%2Fwp%2Fv2%2Fmedia&parent=2568"}],"wp:term":[{"taxonomy":"product_cat","embeddable":true,"href":"https:\/\/investmedic-store.com\/index.php?rest_route=%2Fwp%2Fv2%2Fproduct_cat&post=2568"},{"taxonomy":"product_tag","embeddable":true,"href":"https:\/\/investmedic-store.com\/index.php?rest_route=%2Fwp%2Fv2%2Fproduct_tag&post=2568"}],"curies":[{"name":"wp","href":"https:\/\/api.w.org\/{rel}","templated":true}]}}