{"id":2566,"date":"2024-02-07T11:24:31","date_gmt":"2024-02-07T10:24:31","guid":{"rendered":"https:\/\/investmedic-store.com\/?post_type=product&#038;p=2566"},"modified":"2025-10-28T12:11:24","modified_gmt":"2025-10-28T11:11:24","slug":"detecteurs-de-veines","status":"publish","type":"product","link":"https:\/\/investmedic-store.com\/?product=detecteurs-de-veines","title":{"rendered":"D\u00e9tecteurs De Veines"},"content":{"rendered":"<div>\n<p>Description<\/p>\n<\/div>\n<ul>\n<li><span class=\"OYPEnA text-decoration-none text-strikethrough-none\">Le d\u00e9tecteurs de veines est un outils essentiel pour les professionnels de la sant\u00e9<\/span><\/li>\n<li><span class=\"OYPEnA text-decoration-none text-strikethrough-none\">Le<\/span> <span class=\"OYPEnA text-decoration-none text-strikethrough-none\">d\u00e9tecteur de veines est un appareil m\u00e9dical qui utilise la lumi\u00e8re infrarouge pour visualiser les veines sous la peau. Il est utilis\u00e9<\/span> <span class=\"OYPEnA text-decoration-none text-strikethrough-none\">pour faciliter la localisation des veines pour les injections, les prises de sang et d&#8217;autres proc\u00e9dures.<\/span><\/li>\n<li><span class=\"OYPEnA text-decoration-none text-strikethrough-none\">Il as<\/span> <span class=\"OYPEnA text-decoration-none text-strikethrough-none\">une imagerie haute r\u00e9solution, ce qui permet de voir les veines avec plus de clart\u00e9. Il offre \u00e9galement un affichage multi-couleurs, ce qui permet de diff\u00e9rencier les diff\u00e9rents types de veines.<\/span><\/li>\n<li><span class=\"OYPEnA text-decoration-none text-strikethrough-none\">Enfin, il offre un affichage multi-profondeur, ce qui permet de voir les veines \u00e0 diff\u00e9rentes profondeurs.<\/span><\/li>\n<\/ul>\n","protected":false},"excerpt":{"rendered":"<p>Port Intelligent : 750-950 nm<br \/>\nProfondeur de d\u00e9tection maximale: \u22648mm<br \/>\nFonction de sommeil: 30 minutes sans op\u00e9ration passe en mode veille<br \/>\nAffichage: Module d&#8217;affichage OLED de 0,96 pouces, affichant les pixels, la batterie, la luminosit\u00e9, la couleur, le mode, le compte \u00e0 rebours, etc<br \/>\nConsommation d&#8217;\u00e9nergie: 50 VA<br \/>\nPuissance 100-240 V, 50\/60 Hz, 12 V, 2,5 A.<br \/>\nBatterie Interne: 7,2V 2200mAh<br \/>\nTemps de travail: \u22652,5h<br \/>\nOption fixe: Support mobile, de paillasse, portable<br \/>\nPoids: 480g<br \/>\nDimensions: 220mm x 65mm x 65mm<br \/>\nSource de lumi\u00e8re: Proche infrarouge<br \/>\nR\u00e9solution du projecteur (pixel):\u00a0 854 x 480<br \/>\nTaille de projection: Grand, moyen, petit, tr\u00e8s petit<br \/>\nCouleur de projection: Noir et blanc, vert, fond vert, rouge, fond rouge, violet, fond violet<br \/>\nLuminosit\u00e9 de projection: 4 niveaux r\u00e9glables<\/p>\n<p>Mode de projection: Normal, am\u00e9liore, profondeur<\/p>\n<p>Invites de profondeur: Profond, moyen, peu profond<br \/>\nVitesse de r\u00e9solution: 60 frames\/s<br \/>\n\u00c9cart de r\u00e9solution: \u22640,10 mm<br \/>\nMeilleure distance de projection: 200 \u00b1 20 mm<br \/>\nDiam\u00e8tre minimum identifie des vaisseaux sanguins \u22650,4 mm<\/p>\n","protected":false},"featured_media":2567,"comment_status":"open","ping_status":"closed","template":"","meta":{"om_disable_all_campaigns":false,"_joinchat":[]},"product_cat":[126],"product_tag":[],"yoast_head":"<!-- This site is optimized with the Yoast SEO plugin v20.12 - https:\/\/yoast.com\/wordpress\/plugins\/seo\/ -->\n<title>D\u00e9tecteurs De Veines - investmedic-store.com<\/title>\n<meta name=\"robots\" content=\"index, follow, max-snippet:-1, max-image-preview:large, max-video-preview:-1\" \/>\n<link rel=\"canonical\" href=\"https:\/\/investmedic-store.com\/?product=detecteurs-de-veines\" \/>\n<meta property=\"og:locale\" content=\"fr_FR\" \/>\n<meta property=\"og:type\" content=\"article\" \/>\n<meta property=\"og:title\" content=\"D\u00e9tecteurs De Veines - investmedic-store.com\" \/>\n<meta property=\"og:description\" content=\"Port Intelligent : 750-950 nm Profondeur de d\u00e9tection maximale: \u22648mm Fonction de sommeil: 30 minutes sans op\u00e9ration passe en mode veille Affichage: Module d&#039;affichage OLED de 0,96 pouces, affichant les pixels, la batterie, la luminosit\u00e9, la couleur, le mode, le compte \u00e0 rebours, etc Consommation d&#039;\u00e9nergie: 50 VA Puissance 100-240 V, 50\/60 Hz, 12 V, 2,5 A. Batterie Interne: 7,2V 2200mAh Temps de travail: \u22652,5h Option fixe: Support mobile, de paillasse, portable Poids: 480g Dimensions: 220mm x 65mm x 65mm Source de lumi\u00e8re: Proche infrarouge R\u00e9solution du projecteur (pixel):\u00a0 854 x 480 Taille de projection: Grand, moyen, petit, tr\u00e8s petit Couleur de projection: Noir et blanc, vert, fond vert, rouge, fond rouge, violet, fond violet Luminosit\u00e9 de projection: 4 niveaux r\u00e9glables  Mode de projection: Normal, am\u00e9liore, profondeur  Invites de profondeur: Profond, moyen, peu profond Vitesse de r\u00e9solution: 60 frames\/s \u00c9cart de r\u00e9solution: \u22640,10 mm Meilleure distance de projection: 200 \u00b1 20 mm Diam\u00e8tre minimum identifie des vaisseaux sanguins \u22650,4 mm\" \/>\n<meta property=\"og:url\" content=\"https:\/\/investmedic-store.com\/?product=detecteurs-de-veines\" \/>\n<meta property=\"og:site_name\" content=\"investmedic-store.com\" \/>\n<meta property=\"article:publisher\" content=\"https:\/\/www.facebook.com\/invest.medic\" \/>\n<meta property=\"article:modified_time\" content=\"2025-10-28T11:11:24+00:00\" \/>\n<meta property=\"og:image\" content=\"http:\/\/investmedic-store.com\/wp-content\/uploads\/2024\/02\/231.jpg\" \/>\n\t<meta property=\"og:image:width\" content=\"1587\" \/>\n\t<meta property=\"og:image:height\" content=\"2245\" \/>\n\t<meta property=\"og:image:type\" content=\"image\/jpeg\" \/>\n<meta name=\"twitter:card\" content=\"summary_large_image\" \/>\n<meta name=\"twitter:label1\" content=\"Dur\u00e9e de lecture estim\u00e9e\" \/>\n\t<meta name=\"twitter:data1\" content=\"1 minute\" \/>\n<script type=\"application\/ld+json\" class=\"yoast-schema-graph\">{\"@context\":\"https:\/\/schema.org\",\"@graph\":[{\"@type\":\"WebPage\",\"@id\":\"https:\/\/investmedic-store.com\/?product=detecteurs-de-veines\",\"url\":\"https:\/\/investmedic-store.com\/?product=detecteurs-de-veines\",\"name\":\"D\u00e9tecteurs De Veines - investmedic-store.com\",\"isPartOf\":{\"@id\":\"https:\/\/investmedic-store.com\/#website\"},\"datePublished\":\"2024-02-07T10:24:31+00:00\",\"dateModified\":\"2025-10-28T11:11:24+00:00\",\"breadcrumb\":{\"@id\":\"https:\/\/investmedic-store.com\/?product=detecteurs-de-veines#breadcrumb\"},\"inLanguage\":\"fr-FR\",\"potentialAction\":[{\"@type\":\"ReadAction\",\"target\":[\"https:\/\/investmedic-store.com\/?product=detecteurs-de-veines\"]}]},{\"@type\":\"BreadcrumbList\",\"@id\":\"https:\/\/investmedic-store.com\/?product=detecteurs-de-veines#breadcrumb\",\"itemListElement\":[{\"@type\":\"ListItem\",\"position\":1,\"name\":\"Accueil\",\"item\":\"https:\/\/investmedic-store.com\/\"},{\"@type\":\"ListItem\",\"position\":2,\"name\":\"Shop\",\"item\":\"https:\/\/investmedic-store.com\/?page_id=5\"},{\"@type\":\"ListItem\",\"position\":3,\"name\":\"D\u00e9tecteurs De Veines\"}]},{\"@type\":\"WebSite\",\"@id\":\"https:\/\/investmedic-store.com\/#website\",\"url\":\"https:\/\/investmedic-store.com\/\",\"name\":\"invest medic store\",\"description\":\"Importation &amp; Distribution Du Materiels Medico-Chirurgicales - \u0627\u0633\u062a\u064a\u0631\u0627\u062f \u0648\u062a\u0648\u0632\u064a\u0639 \u0627\u0644\u0645\u0648\u0627\u062f \u0627\u0644\u0637\u0628\u064a\u0629 \u0627\u0644\u062c\u0631\u0627\u062d\u064a\u0629\",\"publisher\":{\"@id\":\"https:\/\/investmedic-store.com\/#organization\"},\"alternateName\":\"investmedic store\",\"potentialAction\":[{\"@type\":\"SearchAction\",\"target\":{\"@type\":\"EntryPoint\",\"urlTemplate\":\"https:\/\/investmedic-store.com\/?s={search_term_string}\"},\"query-input\":\"required name=search_term_string\"}],\"inLanguage\":\"fr-FR\"},{\"@type\":\"Organization\",\"@id\":\"https:\/\/investmedic-store.com\/#organization\",\"name\":\"invest.medic store\",\"alternateName\":\"investmedic store\",\"url\":\"https:\/\/investmedic-store.com\/\",\"logo\":{\"@type\":\"ImageObject\",\"inLanguage\":\"fr-FR\",\"@id\":\"https:\/\/investmedic-store.com\/#\/schema\/logo\/image\/\",\"url\":\"https:\/\/investmedic-store.com\/wp-content\/uploads\/2023\/07\/cropped-LOGO_INVEST-transformed-removebg-preview-transformed-1-e1690120839263.png\",\"contentUrl\":\"https:\/\/investmedic-store.com\/wp-content\/uploads\/2023\/07\/cropped-LOGO_INVEST-transformed-removebg-preview-transformed-1-e1690120839263.png\",\"width\":512,\"height\":512,\"caption\":\"invest.medic store\"},\"image\":{\"@id\":\"https:\/\/investmedic-store.com\/#\/schema\/logo\/image\/\"},\"sameAs\":[\"https:\/\/www.facebook.com\/invest.medic\"]}]}<\/script>\n<!-- \/ Yoast SEO plugin. -->","yoast_head_json":{"title":"D\u00e9tecteurs De Veines - investmedic-store.com","robots":{"index":"index","follow":"follow","max-snippet":"max-snippet:-1","max-image-preview":"max-image-preview:large","max-video-preview":"max-video-preview:-1"},"canonical":"https:\/\/investmedic-store.com\/?product=detecteurs-de-veines","og_locale":"fr_FR","og_type":"article","og_title":"D\u00e9tecteurs De Veines - investmedic-store.com","og_description":"Port Intelligent : 750-950 nm Profondeur de d\u00e9tection maximale: \u22648mm Fonction de sommeil: 30 minutes sans op\u00e9ration passe en mode veille Affichage: Module d'affichage OLED de 0,96 pouces, affichant les pixels, la batterie, la luminosit\u00e9, la couleur, le mode, le compte \u00e0 rebours, etc Consommation d'\u00e9nergie: 50 VA Puissance 100-240 V, 50\/60 Hz, 12 V, 2,5 A. Batterie Interne: 7,2V 2200mAh Temps de travail: \u22652,5h Option fixe: Support mobile, de paillasse, portable Poids: 480g Dimensions: 220mm x 65mm x 65mm Source de lumi\u00e8re: Proche infrarouge R\u00e9solution du projecteur (pixel):\u00a0 854 x 480 Taille de projection: Grand, moyen, petit, tr\u00e8s petit Couleur de projection: Noir et blanc, vert, fond vert, rouge, fond rouge, violet, fond violet Luminosit\u00e9 de projection: 4 niveaux r\u00e9glables  Mode de projection: Normal, am\u00e9liore, profondeur  Invites de profondeur: Profond, moyen, peu profond Vitesse de r\u00e9solution: 60 frames\/s \u00c9cart de r\u00e9solution: \u22640,10 mm Meilleure distance de projection: 200 \u00b1 20 mm Diam\u00e8tre minimum identifie des vaisseaux sanguins \u22650,4 mm","og_url":"https:\/\/investmedic-store.com\/?product=detecteurs-de-veines","og_site_name":"investmedic-store.com","article_publisher":"https:\/\/www.facebook.com\/invest.medic","article_modified_time":"2025-10-28T11:11:24+00:00","og_image":[{"width":1587,"height":2245,"url":"http:\/\/investmedic-store.com\/wp-content\/uploads\/2024\/02\/231.jpg","type":"image\/jpeg"}],"twitter_card":"summary_large_image","twitter_misc":{"Dur\u00e9e de lecture estim\u00e9e":"1 minute"},"schema":{"@context":"https:\/\/schema.org","@graph":[{"@type":"WebPage","@id":"https:\/\/investmedic-store.com\/?product=detecteurs-de-veines","url":"https:\/\/investmedic-store.com\/?product=detecteurs-de-veines","name":"D\u00e9tecteurs De Veines - investmedic-store.com","isPartOf":{"@id":"https:\/\/investmedic-store.com\/#website"},"datePublished":"2024-02-07T10:24:31+00:00","dateModified":"2025-10-28T11:11:24+00:00","breadcrumb":{"@id":"https:\/\/investmedic-store.com\/?product=detecteurs-de-veines#breadcrumb"},"inLanguage":"fr-FR","potentialAction":[{"@type":"ReadAction","target":["https:\/\/investmedic-store.com\/?product=detecteurs-de-veines"]}]},{"@type":"BreadcrumbList","@id":"https:\/\/investmedic-store.com\/?product=detecteurs-de-veines#breadcrumb","itemListElement":[{"@type":"ListItem","position":1,"name":"Accueil","item":"https:\/\/investmedic-store.com\/"},{"@type":"ListItem","position":2,"name":"Shop","item":"https:\/\/investmedic-store.com\/?page_id=5"},{"@type":"ListItem","position":3,"name":"D\u00e9tecteurs De Veines"}]},{"@type":"WebSite","@id":"https:\/\/investmedic-store.com\/#website","url":"https:\/\/investmedic-store.com\/","name":"invest medic store","description":"Importation &amp; Distribution Du Materiels Medico-Chirurgicales - \u0627\u0633\u062a\u064a\u0631\u0627\u062f \u0648\u062a\u0648\u0632\u064a\u0639 \u0627\u0644\u0645\u0648\u0627\u062f \u0627\u0644\u0637\u0628\u064a\u0629 \u0627\u0644\u062c\u0631\u0627\u062d\u064a\u0629","publisher":{"@id":"https:\/\/investmedic-store.com\/#organization"},"alternateName":"investmedic store","potentialAction":[{"@type":"SearchAction","target":{"@type":"EntryPoint","urlTemplate":"https:\/\/investmedic-store.com\/?s={search_term_string}"},"query-input":"required name=search_term_string"}],"inLanguage":"fr-FR"},{"@type":"Organization","@id":"https:\/\/investmedic-store.com\/#organization","name":"invest.medic store","alternateName":"investmedic store","url":"https:\/\/investmedic-store.com\/","logo":{"@type":"ImageObject","inLanguage":"fr-FR","@id":"https:\/\/investmedic-store.com\/#\/schema\/logo\/image\/","url":"https:\/\/investmedic-store.com\/wp-content\/uploads\/2023\/07\/cropped-LOGO_INVEST-transformed-removebg-preview-transformed-1-e1690120839263.png","contentUrl":"https:\/\/investmedic-store.com\/wp-content\/uploads\/2023\/07\/cropped-LOGO_INVEST-transformed-removebg-preview-transformed-1-e1690120839263.png","width":512,"height":512,"caption":"invest.medic store"},"image":{"@id":"https:\/\/investmedic-store.com\/#\/schema\/logo\/image\/"},"sameAs":["https:\/\/www.facebook.com\/invest.medic"]}]}},"_links":{"self":[{"href":"https:\/\/investmedic-store.com\/index.php?rest_route=\/wp\/v2\/product\/2566"}],"collection":[{"href":"https:\/\/investmedic-store.com\/index.php?rest_route=\/wp\/v2\/product"}],"about":[{"href":"https:\/\/investmedic-store.com\/index.php?rest_route=\/wp\/v2\/types\/product"}],"replies":[{"embeddable":true,"href":"https:\/\/investmedic-store.com\/index.php?rest_route=%2Fwp%2Fv2%2Fcomments&post=2566"}],"wp:featuredmedia":[{"embeddable":true,"href":"https:\/\/investmedic-store.com\/index.php?rest_route=\/wp\/v2\/media\/2567"}],"wp:attachment":[{"href":"https:\/\/investmedic-store.com\/index.php?rest_route=%2Fwp%2Fv2%2Fmedia&parent=2566"}],"wp:term":[{"taxonomy":"product_cat","embeddable":true,"href":"https:\/\/investmedic-store.com\/index.php?rest_route=%2Fwp%2Fv2%2Fproduct_cat&post=2566"},{"taxonomy":"product_tag","embeddable":true,"href":"https:\/\/investmedic-store.com\/index.php?rest_route=%2Fwp%2Fv2%2Fproduct_tag&post=2566"}],"curies":[{"name":"wp","href":"https:\/\/api.w.org\/{rel}","templated":true}]}}