{"id":2562,"date":"2024-02-07T10:53:58","date_gmt":"2024-02-07T09:53:58","guid":{"rendered":"https:\/\/investmedic-store.com\/?post_type=product&#038;p=2562"},"modified":"2024-02-07T10:53:59","modified_gmt":"2024-02-07T09:53:59","slug":"chariot-durgence-et7501bx750x475x930mm","status":"publish","type":"product","link":"https:\/\/investmedic-store.com\/?product=chariot-durgence-et7501bx750x475x930mm","title":{"rendered":"Chariot d&#8217;urgence ET7501Bx750x475x930MM"},"content":{"rendered":"<p><span class=\"OYPEnA text-decoration-none text-strikethrough-none\">Le chariot d&#8217;urgence IM-ET75001B est un \u00e9quipement robuste et polyvalent con\u00e7u pour r\u00e9pondre aux besoins des professionnels de la sant\u00e9 dans les situations d&#8217;urgence. Il est fabriqu\u00e9 \u00e0 partir de mat\u00e9riaux durables et est \u00e9quip\u00e9 de nombreuses fonctionnalit\u00e9s qui en font un outil indispensable pour le personnel m\u00e9dical.<\/span><\/p>\n","protected":false},"excerpt":{"rendered":"<p><span class=\"OYPEnA text-decoration-underline text-strikethrough-none\">Caract\u00e9ristiques principales:<\/span><\/p>\n<ul>\n<li><span class=\"OYPEnA text-decoration-none text-strikethrough-none\">Structure solide et durable : Le chariot est fabriqu\u00e9 \u00e0 partir d&#8217;aluminium, d&#8217;acier et de plastique d&#8217;ing\u00e9nierie ABS. Il est dot\u00e9 de colonnes triangulaires en plastique et acier et de quatre colonnes porteuses qui lui conf\u00e8rent une grande stabilit\u00e9.<\/span><\/li>\n<li><span class=\"OYPEnA text-decoration-none text-strikethrough-none\">Plateau fonctionnel : Le plateau est fabriqu\u00e9 en ABS moul\u00e9 par injection et est \u00e9quip\u00e9 de rampes antid\u00e9rapantes et de garde-corps en acier inoxydable. Il offre une surface de travail spacieuse et pratique.<\/span><\/li>\n<li><span class=\"OYPEnA text-decoration-none text-strikethrough-none\">Espace de rangement g\u00e9n\u00e9reux : Le chariot dispose de nombreux espaces de rangement, notamment une plateforme multifonctionnelle, un plan de travail auxiliaire, un grand bac amovible, un porte-perfusion t\u00e9lescopique, une bo\u00eete \u00e0 objets tranchants, une poubelle \u00e0 couvercle s\u00e9par\u00e9 par code couleur et une prise \u00e9lectrique mobile.<\/span><\/li>\n<li><span class=\"OYPEnA text-decoration-none text-strikethrough-none\">Accessoires suppl\u00e9mentaires : Le chariot peut \u00eatre \u00e9quip\u00e9 de crochets lat\u00e9raux, d&#8217;une poign\u00e9e de pouss\u00e9e ergonomique, d&#8217;un pare-chocs de protection et d&#8217;un plateau de rangement sup\u00e9rieur amovible.<\/span><\/li>\n<\/ul>\n","protected":false},"featured_media":2563,"comment_status":"open","ping_status":"closed","template":"","meta":{"om_disable_all_campaigns":false,"_joinchat":[]},"product_cat":[178],"product_tag":[],"yoast_head":"<!-- This site is optimized with the Yoast SEO plugin v20.12 - https:\/\/yoast.com\/wordpress\/plugins\/seo\/ -->\n<title>Chariot d&#039;urgence ET7501Bx750x475x930MM - investmedic-store.com<\/title>\n<meta name=\"robots\" content=\"index, follow, max-snippet:-1, max-image-preview:large, max-video-preview:-1\" \/>\n<link rel=\"canonical\" href=\"https:\/\/investmedic-store.com\/?product=chariot-durgence-et7501bx750x475x930mm\" \/>\n<meta property=\"og:locale\" content=\"fr_FR\" \/>\n<meta property=\"og:type\" content=\"article\" \/>\n<meta property=\"og:title\" content=\"Chariot d&#039;urgence ET7501Bx750x475x930MM - investmedic-store.com\" \/>\n<meta property=\"og:description\" content=\"Caract\u00e9ristiques principales:   Structure solide et durable : Le chariot est fabriqu\u00e9 \u00e0 partir d&#039;aluminium, d&#039;acier et de plastique d&#039;ing\u00e9nierie ABS. Il est dot\u00e9 de colonnes triangulaires en plastique et acier et de quatre colonnes porteuses qui lui conf\u00e8rent une grande stabilit\u00e9.  Plateau fonctionnel : Le plateau est fabriqu\u00e9 en ABS moul\u00e9 par injection et est \u00e9quip\u00e9 de rampes antid\u00e9rapantes et de garde-corps en acier inoxydable. Il offre une surface de travail spacieuse et pratique.  Espace de rangement g\u00e9n\u00e9reux : Le chariot dispose de nombreux espaces de rangement, notamment une plateforme multifonctionnelle, un plan de travail auxiliaire, un grand bac amovible, un porte-perfusion t\u00e9lescopique, une bo\u00eete \u00e0 objets tranchants, une poubelle \u00e0 couvercle s\u00e9par\u00e9 par code couleur et une prise \u00e9lectrique mobile.  Accessoires suppl\u00e9mentaires : Le chariot peut \u00eatre \u00e9quip\u00e9 de crochets lat\u00e9raux, d&#039;une poign\u00e9e de pouss\u00e9e ergonomique, d&#039;un pare-chocs de protection et d&#039;un plateau de rangement sup\u00e9rieur amovible.\" \/>\n<meta property=\"og:url\" content=\"https:\/\/investmedic-store.com\/?product=chariot-durgence-et7501bx750x475x930mm\" \/>\n<meta property=\"og:site_name\" content=\"investmedic-store.com\" \/>\n<meta property=\"article:publisher\" content=\"https:\/\/www.facebook.com\/invest.medic\" \/>\n<meta property=\"article:modified_time\" content=\"2024-02-07T09:53:59+00:00\" \/>\n<meta property=\"og:image\" content=\"http:\/\/investmedic-store.com\/wp-content\/uploads\/2024\/02\/291.jpg\" \/>\n\t<meta property=\"og:image:width\" content=\"1587\" \/>\n\t<meta property=\"og:image:height\" content=\"2245\" \/>\n\t<meta property=\"og:image:type\" content=\"image\/jpeg\" \/>\n<meta name=\"twitter:card\" content=\"summary_large_image\" \/>\n<meta name=\"twitter:label1\" content=\"Dur\u00e9e de lecture estim\u00e9e\" \/>\n\t<meta name=\"twitter:data1\" content=\"1 minute\" \/>\n<script type=\"application\/ld+json\" class=\"yoast-schema-graph\">{\"@context\":\"https:\/\/schema.org\",\"@graph\":[{\"@type\":\"WebPage\",\"@id\":\"https:\/\/investmedic-store.com\/?product=chariot-durgence-et7501bx750x475x930mm\",\"url\":\"https:\/\/investmedic-store.com\/?product=chariot-durgence-et7501bx750x475x930mm\",\"name\":\"Chariot d'urgence ET7501Bx750x475x930MM - investmedic-store.com\",\"isPartOf\":{\"@id\":\"https:\/\/investmedic-store.com\/#website\"},\"datePublished\":\"2024-02-07T09:53:58+00:00\",\"dateModified\":\"2024-02-07T09:53:59+00:00\",\"breadcrumb\":{\"@id\":\"https:\/\/investmedic-store.com\/?product=chariot-durgence-et7501bx750x475x930mm#breadcrumb\"},\"inLanguage\":\"fr-FR\",\"potentialAction\":[{\"@type\":\"ReadAction\",\"target\":[\"https:\/\/investmedic-store.com\/?product=chariot-durgence-et7501bx750x475x930mm\"]}]},{\"@type\":\"BreadcrumbList\",\"@id\":\"https:\/\/investmedic-store.com\/?product=chariot-durgence-et7501bx750x475x930mm#breadcrumb\",\"itemListElement\":[{\"@type\":\"ListItem\",\"position\":1,\"name\":\"Accueil\",\"item\":\"https:\/\/investmedic-store.com\/\"},{\"@type\":\"ListItem\",\"position\":2,\"name\":\"Shop\",\"item\":\"https:\/\/investmedic-store.com\/?page_id=5\"},{\"@type\":\"ListItem\",\"position\":3,\"name\":\"Chariot d&#8217;urgence ET7501Bx750x475x930MM\"}]},{\"@type\":\"WebSite\",\"@id\":\"https:\/\/investmedic-store.com\/#website\",\"url\":\"https:\/\/investmedic-store.com\/\",\"name\":\"invest medic store\",\"description\":\"Importation &amp; Distribution Du Materiels Medico-Chirurgicales - \u0627\u0633\u062a\u064a\u0631\u0627\u062f \u0648\u062a\u0648\u0632\u064a\u0639 \u0627\u0644\u0645\u0648\u0627\u062f \u0627\u0644\u0637\u0628\u064a\u0629 \u0627\u0644\u062c\u0631\u0627\u062d\u064a\u0629\",\"publisher\":{\"@id\":\"https:\/\/investmedic-store.com\/#organization\"},\"alternateName\":\"investmedic store\",\"potentialAction\":[{\"@type\":\"SearchAction\",\"target\":{\"@type\":\"EntryPoint\",\"urlTemplate\":\"https:\/\/investmedic-store.com\/?s={search_term_string}\"},\"query-input\":\"required name=search_term_string\"}],\"inLanguage\":\"fr-FR\"},{\"@type\":\"Organization\",\"@id\":\"https:\/\/investmedic-store.com\/#organization\",\"name\":\"invest.medic store\",\"alternateName\":\"investmedic store\",\"url\":\"https:\/\/investmedic-store.com\/\",\"logo\":{\"@type\":\"ImageObject\",\"inLanguage\":\"fr-FR\",\"@id\":\"https:\/\/investmedic-store.com\/#\/schema\/logo\/image\/\",\"url\":\"https:\/\/investmedic-store.com\/wp-content\/uploads\/2023\/07\/cropped-LOGO_INVEST-transformed-removebg-preview-transformed-1-e1690120839263.png\",\"contentUrl\":\"https:\/\/investmedic-store.com\/wp-content\/uploads\/2023\/07\/cropped-LOGO_INVEST-transformed-removebg-preview-transformed-1-e1690120839263.png\",\"width\":512,\"height\":512,\"caption\":\"invest.medic store\"},\"image\":{\"@id\":\"https:\/\/investmedic-store.com\/#\/schema\/logo\/image\/\"},\"sameAs\":[\"https:\/\/www.facebook.com\/invest.medic\"]}]}<\/script>\n<!-- \/ Yoast SEO plugin. -->","yoast_head_json":{"title":"Chariot d'urgence ET7501Bx750x475x930MM - investmedic-store.com","robots":{"index":"index","follow":"follow","max-snippet":"max-snippet:-1","max-image-preview":"max-image-preview:large","max-video-preview":"max-video-preview:-1"},"canonical":"https:\/\/investmedic-store.com\/?product=chariot-durgence-et7501bx750x475x930mm","og_locale":"fr_FR","og_type":"article","og_title":"Chariot d'urgence ET7501Bx750x475x930MM - investmedic-store.com","og_description":"Caract\u00e9ristiques principales:   Structure solide et durable : Le chariot est fabriqu\u00e9 \u00e0 partir d'aluminium, d'acier et de plastique d'ing\u00e9nierie ABS. Il est dot\u00e9 de colonnes triangulaires en plastique et acier et de quatre colonnes porteuses qui lui conf\u00e8rent une grande stabilit\u00e9.  Plateau fonctionnel : Le plateau est fabriqu\u00e9 en ABS moul\u00e9 par injection et est \u00e9quip\u00e9 de rampes antid\u00e9rapantes et de garde-corps en acier inoxydable. Il offre une surface de travail spacieuse et pratique.  Espace de rangement g\u00e9n\u00e9reux : Le chariot dispose de nombreux espaces de rangement, notamment une plateforme multifonctionnelle, un plan de travail auxiliaire, un grand bac amovible, un porte-perfusion t\u00e9lescopique, une bo\u00eete \u00e0 objets tranchants, une poubelle \u00e0 couvercle s\u00e9par\u00e9 par code couleur et une prise \u00e9lectrique mobile.  Accessoires suppl\u00e9mentaires : Le chariot peut \u00eatre \u00e9quip\u00e9 de crochets lat\u00e9raux, d'une poign\u00e9e de pouss\u00e9e ergonomique, d'un pare-chocs de protection et d'un plateau de rangement sup\u00e9rieur amovible.","og_url":"https:\/\/investmedic-store.com\/?product=chariot-durgence-et7501bx750x475x930mm","og_site_name":"investmedic-store.com","article_publisher":"https:\/\/www.facebook.com\/invest.medic","article_modified_time":"2024-02-07T09:53:59+00:00","og_image":[{"width":1587,"height":2245,"url":"http:\/\/investmedic-store.com\/wp-content\/uploads\/2024\/02\/291.jpg","type":"image\/jpeg"}],"twitter_card":"summary_large_image","twitter_misc":{"Dur\u00e9e de lecture estim\u00e9e":"1 minute"},"schema":{"@context":"https:\/\/schema.org","@graph":[{"@type":"WebPage","@id":"https:\/\/investmedic-store.com\/?product=chariot-durgence-et7501bx750x475x930mm","url":"https:\/\/investmedic-store.com\/?product=chariot-durgence-et7501bx750x475x930mm","name":"Chariot d'urgence ET7501Bx750x475x930MM - investmedic-store.com","isPartOf":{"@id":"https:\/\/investmedic-store.com\/#website"},"datePublished":"2024-02-07T09:53:58+00:00","dateModified":"2024-02-07T09:53:59+00:00","breadcrumb":{"@id":"https:\/\/investmedic-store.com\/?product=chariot-durgence-et7501bx750x475x930mm#breadcrumb"},"inLanguage":"fr-FR","potentialAction":[{"@type":"ReadAction","target":["https:\/\/investmedic-store.com\/?product=chariot-durgence-et7501bx750x475x930mm"]}]},{"@type":"BreadcrumbList","@id":"https:\/\/investmedic-store.com\/?product=chariot-durgence-et7501bx750x475x930mm#breadcrumb","itemListElement":[{"@type":"ListItem","position":1,"name":"Accueil","item":"https:\/\/investmedic-store.com\/"},{"@type":"ListItem","position":2,"name":"Shop","item":"https:\/\/investmedic-store.com\/?page_id=5"},{"@type":"ListItem","position":3,"name":"Chariot d&#8217;urgence ET7501Bx750x475x930MM"}]},{"@type":"WebSite","@id":"https:\/\/investmedic-store.com\/#website","url":"https:\/\/investmedic-store.com\/","name":"invest medic store","description":"Importation &amp; Distribution Du Materiels Medico-Chirurgicales - \u0627\u0633\u062a\u064a\u0631\u0627\u062f \u0648\u062a\u0648\u0632\u064a\u0639 \u0627\u0644\u0645\u0648\u0627\u062f \u0627\u0644\u0637\u0628\u064a\u0629 \u0627\u0644\u062c\u0631\u0627\u062d\u064a\u0629","publisher":{"@id":"https:\/\/investmedic-store.com\/#organization"},"alternateName":"investmedic store","potentialAction":[{"@type":"SearchAction","target":{"@type":"EntryPoint","urlTemplate":"https:\/\/investmedic-store.com\/?s={search_term_string}"},"query-input":"required name=search_term_string"}],"inLanguage":"fr-FR"},{"@type":"Organization","@id":"https:\/\/investmedic-store.com\/#organization","name":"invest.medic store","alternateName":"investmedic store","url":"https:\/\/investmedic-store.com\/","logo":{"@type":"ImageObject","inLanguage":"fr-FR","@id":"https:\/\/investmedic-store.com\/#\/schema\/logo\/image\/","url":"https:\/\/investmedic-store.com\/wp-content\/uploads\/2023\/07\/cropped-LOGO_INVEST-transformed-removebg-preview-transformed-1-e1690120839263.png","contentUrl":"https:\/\/investmedic-store.com\/wp-content\/uploads\/2023\/07\/cropped-LOGO_INVEST-transformed-removebg-preview-transformed-1-e1690120839263.png","width":512,"height":512,"caption":"invest.medic store"},"image":{"@id":"https:\/\/investmedic-store.com\/#\/schema\/logo\/image\/"},"sameAs":["https:\/\/www.facebook.com\/invest.medic"]}]}},"_links":{"self":[{"href":"https:\/\/investmedic-store.com\/index.php?rest_route=\/wp\/v2\/product\/2562"}],"collection":[{"href":"https:\/\/investmedic-store.com\/index.php?rest_route=\/wp\/v2\/product"}],"about":[{"href":"https:\/\/investmedic-store.com\/index.php?rest_route=\/wp\/v2\/types\/product"}],"replies":[{"embeddable":true,"href":"https:\/\/investmedic-store.com\/index.php?rest_route=%2Fwp%2Fv2%2Fcomments&post=2562"}],"wp:featuredmedia":[{"embeddable":true,"href":"https:\/\/investmedic-store.com\/index.php?rest_route=\/wp\/v2\/media\/2563"}],"wp:attachment":[{"href":"https:\/\/investmedic-store.com\/index.php?rest_route=%2Fwp%2Fv2%2Fmedia&parent=2562"}],"wp:term":[{"taxonomy":"product_cat","embeddable":true,"href":"https:\/\/investmedic-store.com\/index.php?rest_route=%2Fwp%2Fv2%2Fproduct_cat&post=2562"},{"taxonomy":"product_tag","embeddable":true,"href":"https:\/\/investmedic-store.com\/index.php?rest_route=%2Fwp%2Fv2%2Fproduct_tag&post=2562"}],"curies":[{"name":"wp","href":"https:\/\/api.w.org\/{rel}","templated":true}]}}