{"id":2560,"date":"2024-02-07T10:48:33","date_gmt":"2024-02-07T09:48:33","guid":{"rendered":"https:\/\/investmedic-store.com\/?post_type=product&#038;p=2560"},"modified":"2024-02-07T10:48:36","modified_gmt":"2024-02-07T09:48:36","slug":"bras-plafonnier-articuler-chirurgicale-et-anesthesie-d-4","status":"publish","type":"product","link":"https:\/\/investmedic-store.com\/?product=bras-plafonnier-articuler-chirurgicale-et-anesthesie-d-4","title":{"rendered":"Bras Plafonnier Articuler Chirurgicale et Anesth\u00e9sie D-4"},"content":{"rendered":"<p><span class=\"OYPEnA text-decoration-underline text-strikethrough-none\">Configuration individuelle :<\/span><\/p>\n<ul>\n<li><span class=\"OYPEnA text-decoration-none text-strikethrough-none\">Un bo\u00eetier de tour chirurgicale<\/span><\/li>\n<li><span class=\"OYPEnA text-decoration-none text-strikethrough-none\">Un porte-perfusion<\/span><\/li>\n<li><span class=\"OYPEnA text-decoration-none text-strikethrough-none\">Deux bras transversaux<\/span><\/li>\n<li><span class=\"OYPEnA text-decoration-none text-strikethrough-none\">Un couvercle inf\u00e9rieur de bo\u00eetier<\/span><\/li>\n<li><span class=\"OYPEnA text-decoration-none text-strikethrough-none\">Une terrasse<\/span><\/li>\n<li><span class=\"OYPEnA text-decoration-none text-strikethrough-none\">Une plate-forme + tiroir<\/span><\/li>\n<li><span class=\"OYPEnA text-decoration-none text-strikethrough-none\">Une prise d&#8217;oxyg\u00e8ne<\/span><\/li>\n<li><span class=\"OYPEnA text-decoration-none text-strikethrough-none\">Une prise d&#8217;attraction<\/span><\/li>\n<li><span class=\"OYPEnA text-decoration-none text-strikethrough-none\">Une prise d&#8217;air<\/span><\/li>\n<li><span class=\"OYPEnA text-decoration-none text-strikethrough-none\">Six t\u00eates de bloc terminal<\/span><\/li>\n<li><span class=\"OYPEnA text-decoration-none text-strikethrough-none\">Un stato<\/span><\/li>\n<\/ul>\n","protected":false},"excerpt":{"rendered":"<p>Alimentation \u00e9lectrique : AC220V, 50Hz<br \/>\nPort\u00e9e double bras transversal (rayon) : 835 mm et 835 mm (configurable \u00e0 la demande de l&#8217;h\u00f4pital)<br \/>\nAngle de rotation du bo\u00eetier terminal : 0~340\u00b0<br \/>\nPoids net support\u00e9 : \u2264220 kg<br \/>\n5. Plateforme d&#8217;instruments : deuxi\u00e8me \u00e9tage (hauteur r\u00e9glable) 550 mm * 450 mm<br \/>\nConfiguration de l&#8217;interface gaz (norme nationale 2 oxyg\u00e8ne 2 aspiration 2 vide ou configuration selon les exigences de l&#8217;h\u00f4pital):<br \/>\n1.Diff\u00e9renciation de la couleur et de la forme des interfaces avec fonction de pr\u00e9vention d&#8217;erreur de connexion.<br \/>\n2. Raccord \u00e0 brancher\/d\u00e9brancher plus de 20 000 fois.<\/p>\n<p>3.Double joint d&#8217;\u00e9tanch\u00e9it\u00e9 \u00e0 trois \u00e9tats (passage, interruption, tirage), pouvant \u00eatre maintenu avec du gaz.<br \/>\nPrise de courant : 10, 220V, 10A ; 1 prise r\u00e9seau et 1 prise t\u00e9l\u00e9phonique<br \/>\nPrises de terre : deux<\/p>\n","protected":false},"featured_media":2561,"comment_status":"open","ping_status":"closed","template":"","meta":{"om_disable_all_campaigns":false,"_joinchat":[]},"product_cat":[178],"product_tag":[],"yoast_head":"<!-- This site is optimized with the Yoast SEO plugin v20.12 - https:\/\/yoast.com\/wordpress\/plugins\/seo\/ -->\n<title>Bras Plafonnier Articuler Chirurgicale et Anesth\u00e9sie D-4 - investmedic-store.com<\/title>\n<meta name=\"robots\" content=\"index, follow, max-snippet:-1, max-image-preview:large, max-video-preview:-1\" \/>\n<link rel=\"canonical\" href=\"https:\/\/investmedic-store.com\/?product=bras-plafonnier-articuler-chirurgicale-et-anesthesie-d-4\" \/>\n<meta property=\"og:locale\" content=\"fr_FR\" \/>\n<meta property=\"og:type\" content=\"article\" \/>\n<meta property=\"og:title\" content=\"Bras Plafonnier Articuler Chirurgicale et Anesth\u00e9sie D-4 - investmedic-store.com\" \/>\n<meta property=\"og:description\" content=\"Alimentation \u00e9lectrique : AC220V, 50Hz Port\u00e9e double bras transversal (rayon) : 835 mm et 835 mm (configurable \u00e0 la demande de l&#039;h\u00f4pital) Angle de rotation du bo\u00eetier terminal : 0~340\u00b0 Poids net support\u00e9 : \u2264220 kg 5. Plateforme d&#039;instruments : deuxi\u00e8me \u00e9tage (hauteur r\u00e9glable) 550 mm * 450 mm Configuration de l&#039;interface gaz (norme nationale 2 oxyg\u00e8ne 2 aspiration 2 vide ou configuration selon les exigences de l&#039;h\u00f4pital): 1.Diff\u00e9renciation de la couleur et de la forme des interfaces avec fonction de pr\u00e9vention d&#039;erreur de connexion. 2. Raccord \u00e0 brancher\/d\u00e9brancher plus de 20 000 fois.  3.Double joint d&#039;\u00e9tanch\u00e9it\u00e9 \u00e0 trois \u00e9tats (passage, interruption, tirage), pouvant \u00eatre maintenu avec du gaz. Prise de courant : 10, 220V, 10A ; 1 prise r\u00e9seau et 1 prise t\u00e9l\u00e9phonique Prises de terre : deux\" \/>\n<meta property=\"og:url\" content=\"https:\/\/investmedic-store.com\/?product=bras-plafonnier-articuler-chirurgicale-et-anesthesie-d-4\" \/>\n<meta property=\"og:site_name\" content=\"investmedic-store.com\" \/>\n<meta property=\"article:publisher\" content=\"https:\/\/www.facebook.com\/invest.medic\" \/>\n<meta property=\"article:modified_time\" content=\"2024-02-07T09:48:36+00:00\" \/>\n<meta property=\"og:image\" content=\"http:\/\/investmedic-store.com\/wp-content\/uploads\/2024\/02\/321.jpg\" \/>\n\t<meta property=\"og:image:width\" content=\"1587\" \/>\n\t<meta property=\"og:image:height\" content=\"2245\" \/>\n\t<meta property=\"og:image:type\" content=\"image\/jpeg\" \/>\n<meta name=\"twitter:card\" content=\"summary_large_image\" \/>\n<meta name=\"twitter:label1\" content=\"Dur\u00e9e de lecture estim\u00e9e\" \/>\n\t<meta name=\"twitter:data1\" content=\"1 minute\" \/>\n<script type=\"application\/ld+json\" class=\"yoast-schema-graph\">{\"@context\":\"https:\/\/schema.org\",\"@graph\":[{\"@type\":\"WebPage\",\"@id\":\"https:\/\/investmedic-store.com\/?product=bras-plafonnier-articuler-chirurgicale-et-anesthesie-d-4\",\"url\":\"https:\/\/investmedic-store.com\/?product=bras-plafonnier-articuler-chirurgicale-et-anesthesie-d-4\",\"name\":\"Bras Plafonnier Articuler Chirurgicale et Anesth\u00e9sie D-4 - investmedic-store.com\",\"isPartOf\":{\"@id\":\"https:\/\/investmedic-store.com\/#website\"},\"datePublished\":\"2024-02-07T09:48:33+00:00\",\"dateModified\":\"2024-02-07T09:48:36+00:00\",\"breadcrumb\":{\"@id\":\"https:\/\/investmedic-store.com\/?product=bras-plafonnier-articuler-chirurgicale-et-anesthesie-d-4#breadcrumb\"},\"inLanguage\":\"fr-FR\",\"potentialAction\":[{\"@type\":\"ReadAction\",\"target\":[\"https:\/\/investmedic-store.com\/?product=bras-plafonnier-articuler-chirurgicale-et-anesthesie-d-4\"]}]},{\"@type\":\"BreadcrumbList\",\"@id\":\"https:\/\/investmedic-store.com\/?product=bras-plafonnier-articuler-chirurgicale-et-anesthesie-d-4#breadcrumb\",\"itemListElement\":[{\"@type\":\"ListItem\",\"position\":1,\"name\":\"Accueil\",\"item\":\"https:\/\/investmedic-store.com\/\"},{\"@type\":\"ListItem\",\"position\":2,\"name\":\"Shop\",\"item\":\"https:\/\/investmedic-store.com\/?page_id=5\"},{\"@type\":\"ListItem\",\"position\":3,\"name\":\"Bras Plafonnier Articuler Chirurgicale et Anesth\u00e9sie D-4\"}]},{\"@type\":\"WebSite\",\"@id\":\"https:\/\/investmedic-store.com\/#website\",\"url\":\"https:\/\/investmedic-store.com\/\",\"name\":\"invest medic store\",\"description\":\"Importation &amp; Distribution Du Materiels Medico-Chirurgicales - \u0627\u0633\u062a\u064a\u0631\u0627\u062f \u0648\u062a\u0648\u0632\u064a\u0639 \u0627\u0644\u0645\u0648\u0627\u062f \u0627\u0644\u0637\u0628\u064a\u0629 \u0627\u0644\u062c\u0631\u0627\u062d\u064a\u0629\",\"publisher\":{\"@id\":\"https:\/\/investmedic-store.com\/#organization\"},\"alternateName\":\"investmedic store\",\"potentialAction\":[{\"@type\":\"SearchAction\",\"target\":{\"@type\":\"EntryPoint\",\"urlTemplate\":\"https:\/\/investmedic-store.com\/?s={search_term_string}\"},\"query-input\":\"required name=search_term_string\"}],\"inLanguage\":\"fr-FR\"},{\"@type\":\"Organization\",\"@id\":\"https:\/\/investmedic-store.com\/#organization\",\"name\":\"invest.medic store\",\"alternateName\":\"investmedic store\",\"url\":\"https:\/\/investmedic-store.com\/\",\"logo\":{\"@type\":\"ImageObject\",\"inLanguage\":\"fr-FR\",\"@id\":\"https:\/\/investmedic-store.com\/#\/schema\/logo\/image\/\",\"url\":\"https:\/\/investmedic-store.com\/wp-content\/uploads\/2023\/07\/cropped-LOGO_INVEST-transformed-removebg-preview-transformed-1-e1690120839263.png\",\"contentUrl\":\"https:\/\/investmedic-store.com\/wp-content\/uploads\/2023\/07\/cropped-LOGO_INVEST-transformed-removebg-preview-transformed-1-e1690120839263.png\",\"width\":512,\"height\":512,\"caption\":\"invest.medic store\"},\"image\":{\"@id\":\"https:\/\/investmedic-store.com\/#\/schema\/logo\/image\/\"},\"sameAs\":[\"https:\/\/www.facebook.com\/invest.medic\"]}]}<\/script>\n<!-- \/ Yoast SEO plugin. -->","yoast_head_json":{"title":"Bras Plafonnier Articuler Chirurgicale et Anesth\u00e9sie D-4 - investmedic-store.com","robots":{"index":"index","follow":"follow","max-snippet":"max-snippet:-1","max-image-preview":"max-image-preview:large","max-video-preview":"max-video-preview:-1"},"canonical":"https:\/\/investmedic-store.com\/?product=bras-plafonnier-articuler-chirurgicale-et-anesthesie-d-4","og_locale":"fr_FR","og_type":"article","og_title":"Bras Plafonnier Articuler Chirurgicale et Anesth\u00e9sie D-4 - investmedic-store.com","og_description":"Alimentation \u00e9lectrique : AC220V, 50Hz Port\u00e9e double bras transversal (rayon) : 835 mm et 835 mm (configurable \u00e0 la demande de l'h\u00f4pital) Angle de rotation du bo\u00eetier terminal : 0~340\u00b0 Poids net support\u00e9 : \u2264220 kg 5. Plateforme d'instruments : deuxi\u00e8me \u00e9tage (hauteur r\u00e9glable) 550 mm * 450 mm Configuration de l'interface gaz (norme nationale 2 oxyg\u00e8ne 2 aspiration 2 vide ou configuration selon les exigences de l'h\u00f4pital): 1.Diff\u00e9renciation de la couleur et de la forme des interfaces avec fonction de pr\u00e9vention d'erreur de connexion. 2. Raccord \u00e0 brancher\/d\u00e9brancher plus de 20 000 fois.  3.Double joint d'\u00e9tanch\u00e9it\u00e9 \u00e0 trois \u00e9tats (passage, interruption, tirage), pouvant \u00eatre maintenu avec du gaz. Prise de courant : 10, 220V, 10A ; 1 prise r\u00e9seau et 1 prise t\u00e9l\u00e9phonique Prises de terre : deux","og_url":"https:\/\/investmedic-store.com\/?product=bras-plafonnier-articuler-chirurgicale-et-anesthesie-d-4","og_site_name":"investmedic-store.com","article_publisher":"https:\/\/www.facebook.com\/invest.medic","article_modified_time":"2024-02-07T09:48:36+00:00","og_image":[{"width":1587,"height":2245,"url":"http:\/\/investmedic-store.com\/wp-content\/uploads\/2024\/02\/321.jpg","type":"image\/jpeg"}],"twitter_card":"summary_large_image","twitter_misc":{"Dur\u00e9e de lecture estim\u00e9e":"1 minute"},"schema":{"@context":"https:\/\/schema.org","@graph":[{"@type":"WebPage","@id":"https:\/\/investmedic-store.com\/?product=bras-plafonnier-articuler-chirurgicale-et-anesthesie-d-4","url":"https:\/\/investmedic-store.com\/?product=bras-plafonnier-articuler-chirurgicale-et-anesthesie-d-4","name":"Bras Plafonnier Articuler Chirurgicale et Anesth\u00e9sie D-4 - investmedic-store.com","isPartOf":{"@id":"https:\/\/investmedic-store.com\/#website"},"datePublished":"2024-02-07T09:48:33+00:00","dateModified":"2024-02-07T09:48:36+00:00","breadcrumb":{"@id":"https:\/\/investmedic-store.com\/?product=bras-plafonnier-articuler-chirurgicale-et-anesthesie-d-4#breadcrumb"},"inLanguage":"fr-FR","potentialAction":[{"@type":"ReadAction","target":["https:\/\/investmedic-store.com\/?product=bras-plafonnier-articuler-chirurgicale-et-anesthesie-d-4"]}]},{"@type":"BreadcrumbList","@id":"https:\/\/investmedic-store.com\/?product=bras-plafonnier-articuler-chirurgicale-et-anesthesie-d-4#breadcrumb","itemListElement":[{"@type":"ListItem","position":1,"name":"Accueil","item":"https:\/\/investmedic-store.com\/"},{"@type":"ListItem","position":2,"name":"Shop","item":"https:\/\/investmedic-store.com\/?page_id=5"},{"@type":"ListItem","position":3,"name":"Bras Plafonnier Articuler Chirurgicale et Anesth\u00e9sie D-4"}]},{"@type":"WebSite","@id":"https:\/\/investmedic-store.com\/#website","url":"https:\/\/investmedic-store.com\/","name":"invest medic store","description":"Importation &amp; Distribution Du Materiels Medico-Chirurgicales - \u0627\u0633\u062a\u064a\u0631\u0627\u062f \u0648\u062a\u0648\u0632\u064a\u0639 \u0627\u0644\u0645\u0648\u0627\u062f \u0627\u0644\u0637\u0628\u064a\u0629 \u0627\u0644\u062c\u0631\u0627\u062d\u064a\u0629","publisher":{"@id":"https:\/\/investmedic-store.com\/#organization"},"alternateName":"investmedic store","potentialAction":[{"@type":"SearchAction","target":{"@type":"EntryPoint","urlTemplate":"https:\/\/investmedic-store.com\/?s={search_term_string}"},"query-input":"required name=search_term_string"}],"inLanguage":"fr-FR"},{"@type":"Organization","@id":"https:\/\/investmedic-store.com\/#organization","name":"invest.medic store","alternateName":"investmedic store","url":"https:\/\/investmedic-store.com\/","logo":{"@type":"ImageObject","inLanguage":"fr-FR","@id":"https:\/\/investmedic-store.com\/#\/schema\/logo\/image\/","url":"https:\/\/investmedic-store.com\/wp-content\/uploads\/2023\/07\/cropped-LOGO_INVEST-transformed-removebg-preview-transformed-1-e1690120839263.png","contentUrl":"https:\/\/investmedic-store.com\/wp-content\/uploads\/2023\/07\/cropped-LOGO_INVEST-transformed-removebg-preview-transformed-1-e1690120839263.png","width":512,"height":512,"caption":"invest.medic store"},"image":{"@id":"https:\/\/investmedic-store.com\/#\/schema\/logo\/image\/"},"sameAs":["https:\/\/www.facebook.com\/invest.medic"]}]}},"_links":{"self":[{"href":"https:\/\/investmedic-store.com\/index.php?rest_route=\/wp\/v2\/product\/2560"}],"collection":[{"href":"https:\/\/investmedic-store.com\/index.php?rest_route=\/wp\/v2\/product"}],"about":[{"href":"https:\/\/investmedic-store.com\/index.php?rest_route=\/wp\/v2\/types\/product"}],"replies":[{"embeddable":true,"href":"https:\/\/investmedic-store.com\/index.php?rest_route=%2Fwp%2Fv2%2Fcomments&post=2560"}],"wp:featuredmedia":[{"embeddable":true,"href":"https:\/\/investmedic-store.com\/index.php?rest_route=\/wp\/v2\/media\/2561"}],"wp:attachment":[{"href":"https:\/\/investmedic-store.com\/index.php?rest_route=%2Fwp%2Fv2%2Fmedia&parent=2560"}],"wp:term":[{"taxonomy":"product_cat","embeddable":true,"href":"https:\/\/investmedic-store.com\/index.php?rest_route=%2Fwp%2Fv2%2Fproduct_cat&post=2560"},{"taxonomy":"product_tag","embeddable":true,"href":"https:\/\/investmedic-store.com\/index.php?rest_route=%2Fwp%2Fv2%2Fproduct_tag&post=2560"}],"curies":[{"name":"wp","href":"https:\/\/api.w.org\/{rel}","templated":true}]}}