{"id":2551,"date":"2024-02-07T10:05:38","date_gmt":"2024-02-07T09:05:38","guid":{"rendered":"https:\/\/investmedic-store.com\/?post_type=product&#038;p=2551"},"modified":"2025-05-10T16:22:06","modified_gmt":"2025-05-10T15:22:06","slug":"aspirateur-chirurgical-mobile-2x2-5l-en-vere","status":"publish","type":"product","link":"https:\/\/investmedic-store.com\/?product=aspirateur-chirurgical-mobile-2x2-5l-en-vere","title":{"rendered":"Aspirateur Chirurgical Mobile 2&#215;2.5L En Vere"},"content":{"rendered":"<p>Conditions de fonctionnement normales<\/p>\n<p>-Temp\u00e9rature ambiante : 5\u00b0C \u00e0 35\u00b0C<\/p>\n<p>-Humidit\u00e9 relative : \u2264 80%<\/p>\n<p>-Pression atmosph\u00e9rique : 86 kPa \u00e0 106 kPa<\/p>\n","protected":false},"excerpt":{"rendered":"<p>&nbsp;<\/p>\n<p>Pompe \u00e0 vide :pompe \u00e0 piston<br \/>\nAlimentation : AC220V\u00b122V\/110V+11V.50Hz\/60Hz<br \/>\nValeur de pression n\u00e9gative maximale : \u22650.09MPa<br \/>\nPuissance d&#8217;entr\u00e9e :150 VA+15 %<br \/>\nR\u00e9glage de la pression n\u00e9gative :0.02MPa \u301cvaleur de pression<br \/>\nn\u00e9gative maximale D\u00e9bit de pompage : \u2265 20 L\/min<br \/>\nR\u00e9servoir : \u2265 2500 mL\/unit\u00e9, 2 unit\u00e9s dans l&#8217;unit\u00e9 d&#8217;aspiration<br \/>\nDimensions : H001 (350 mm X 312 mm X 800 mm) ; H002 (380 mm X 312 mm X 480 mm)<br \/>\nPoids : H001 (21 kg) ; H002 (16 kg)<br \/>\nBruit : \u2264 60dB(A)<\/p>\n","protected":false},"featured_media":2552,"comment_status":"open","ping_status":"closed","template":"","meta":{"om_disable_all_campaigns":false,"_joinchat":[]},"product_cat":[15,126],"product_tag":[],"yoast_head":"<!-- This site is optimized with the Yoast SEO plugin v20.12 - https:\/\/yoast.com\/wordpress\/plugins\/seo\/ -->\n<title>Aspirateur Chirurgical Mobile 2x2.5L En Vere - investmedic-store.com<\/title>\n<meta name=\"robots\" content=\"index, follow, max-snippet:-1, max-image-preview:large, max-video-preview:-1\" \/>\n<link rel=\"canonical\" href=\"https:\/\/investmedic-store.com\/?product=aspirateur-chirurgical-mobile-2x2-5l-en-vere\" \/>\n<meta property=\"og:locale\" content=\"fr_FR\" \/>\n<meta property=\"og:type\" content=\"article\" \/>\n<meta property=\"og:title\" content=\"Aspirateur Chirurgical Mobile 2x2.5L En Vere - investmedic-store.com\" \/>\n<meta property=\"og:description\" content=\"&nbsp;  Pompe \u00e0 vide :pompe \u00e0 piston Alimentation : AC220V\u00b122V\/110V+11V.50Hz\/60Hz Valeur de pression n\u00e9gative maximale : \u22650.09MPa Puissance d&#039;entr\u00e9e :150 VA+15 % R\u00e9glage de la pression n\u00e9gative :0.02MPa \u301cvaleur de pression n\u00e9gative maximale D\u00e9bit de pompage : \u2265 20 L\/min R\u00e9servoir : \u2265 2500 mL\/unit\u00e9, 2 unit\u00e9s dans l&#039;unit\u00e9 d&#039;aspiration Dimensions : H001 (350 mm X 312 mm X 800 mm) ; H002 (380 mm X 312 mm X 480 mm) Poids : H001 (21 kg) ; H002 (16 kg) Bruit : \u2264 60dB(A)\" \/>\n<meta property=\"og:url\" content=\"https:\/\/investmedic-store.com\/?product=aspirateur-chirurgical-mobile-2x2-5l-en-vere\" \/>\n<meta property=\"og:site_name\" content=\"investmedic-store.com\" \/>\n<meta property=\"article:publisher\" content=\"https:\/\/www.facebook.com\/invest.medic\" \/>\n<meta property=\"article:modified_time\" content=\"2025-05-10T15:22:06+00:00\" \/>\n<meta property=\"og:image\" content=\"http:\/\/investmedic-store.com\/wp-content\/uploads\/2024\/02\/201.jpg\" \/>\n\t<meta property=\"og:image:width\" content=\"1587\" \/>\n\t<meta property=\"og:image:height\" content=\"2245\" \/>\n\t<meta property=\"og:image:type\" content=\"image\/jpeg\" \/>\n<meta name=\"twitter:card\" content=\"summary_large_image\" \/>\n<meta name=\"twitter:label1\" content=\"Dur\u00e9e de lecture estim\u00e9e\" \/>\n\t<meta name=\"twitter:data1\" content=\"1 minute\" \/>\n<script type=\"application\/ld+json\" class=\"yoast-schema-graph\">{\"@context\":\"https:\/\/schema.org\",\"@graph\":[{\"@type\":\"WebPage\",\"@id\":\"https:\/\/investmedic-store.com\/?product=aspirateur-chirurgical-mobile-2x2-5l-en-vere\",\"url\":\"https:\/\/investmedic-store.com\/?product=aspirateur-chirurgical-mobile-2x2-5l-en-vere\",\"name\":\"Aspirateur Chirurgical Mobile 2x2.5L En Vere - investmedic-store.com\",\"isPartOf\":{\"@id\":\"https:\/\/investmedic-store.com\/#website\"},\"datePublished\":\"2024-02-07T09:05:38+00:00\",\"dateModified\":\"2025-05-10T15:22:06+00:00\",\"breadcrumb\":{\"@id\":\"https:\/\/investmedic-store.com\/?product=aspirateur-chirurgical-mobile-2x2-5l-en-vere#breadcrumb\"},\"inLanguage\":\"fr-FR\",\"potentialAction\":[{\"@type\":\"ReadAction\",\"target\":[\"https:\/\/investmedic-store.com\/?product=aspirateur-chirurgical-mobile-2x2-5l-en-vere\"]}]},{\"@type\":\"BreadcrumbList\",\"@id\":\"https:\/\/investmedic-store.com\/?product=aspirateur-chirurgical-mobile-2x2-5l-en-vere#breadcrumb\",\"itemListElement\":[{\"@type\":\"ListItem\",\"position\":1,\"name\":\"Accueil\",\"item\":\"https:\/\/investmedic-store.com\/\"},{\"@type\":\"ListItem\",\"position\":2,\"name\":\"Shop\",\"item\":\"https:\/\/investmedic-store.com\/?page_id=5\"},{\"@type\":\"ListItem\",\"position\":3,\"name\":\"Aspirateur Chirurgical Mobile 2&#215;2.5L En Vere\"}]},{\"@type\":\"WebSite\",\"@id\":\"https:\/\/investmedic-store.com\/#website\",\"url\":\"https:\/\/investmedic-store.com\/\",\"name\":\"invest medic store\",\"description\":\"Importation &amp; Distribution Du Materiels Medico-Chirurgicales - \u0627\u0633\u062a\u064a\u0631\u0627\u062f \u0648\u062a\u0648\u0632\u064a\u0639 \u0627\u0644\u0645\u0648\u0627\u062f \u0627\u0644\u0637\u0628\u064a\u0629 \u0627\u0644\u062c\u0631\u0627\u062d\u064a\u0629\",\"publisher\":{\"@id\":\"https:\/\/investmedic-store.com\/#organization\"},\"alternateName\":\"investmedic store\",\"potentialAction\":[{\"@type\":\"SearchAction\",\"target\":{\"@type\":\"EntryPoint\",\"urlTemplate\":\"https:\/\/investmedic-store.com\/?s={search_term_string}\"},\"query-input\":\"required name=search_term_string\"}],\"inLanguage\":\"fr-FR\"},{\"@type\":\"Organization\",\"@id\":\"https:\/\/investmedic-store.com\/#organization\",\"name\":\"invest.medic store\",\"alternateName\":\"investmedic store\",\"url\":\"https:\/\/investmedic-store.com\/\",\"logo\":{\"@type\":\"ImageObject\",\"inLanguage\":\"fr-FR\",\"@id\":\"https:\/\/investmedic-store.com\/#\/schema\/logo\/image\/\",\"url\":\"https:\/\/investmedic-store.com\/wp-content\/uploads\/2023\/07\/cropped-LOGO_INVEST-transformed-removebg-preview-transformed-1-e1690120839263.png\",\"contentUrl\":\"https:\/\/investmedic-store.com\/wp-content\/uploads\/2023\/07\/cropped-LOGO_INVEST-transformed-removebg-preview-transformed-1-e1690120839263.png\",\"width\":512,\"height\":512,\"caption\":\"invest.medic store\"},\"image\":{\"@id\":\"https:\/\/investmedic-store.com\/#\/schema\/logo\/image\/\"},\"sameAs\":[\"https:\/\/www.facebook.com\/invest.medic\"]}]}<\/script>\n<!-- \/ Yoast SEO plugin. -->","yoast_head_json":{"title":"Aspirateur Chirurgical Mobile 2x2.5L En Vere - investmedic-store.com","robots":{"index":"index","follow":"follow","max-snippet":"max-snippet:-1","max-image-preview":"max-image-preview:large","max-video-preview":"max-video-preview:-1"},"canonical":"https:\/\/investmedic-store.com\/?product=aspirateur-chirurgical-mobile-2x2-5l-en-vere","og_locale":"fr_FR","og_type":"article","og_title":"Aspirateur Chirurgical Mobile 2x2.5L En Vere - investmedic-store.com","og_description":"&nbsp;  Pompe \u00e0 vide :pompe \u00e0 piston Alimentation : AC220V\u00b122V\/110V+11V.50Hz\/60Hz Valeur de pression n\u00e9gative maximale : \u22650.09MPa Puissance d'entr\u00e9e :150 VA+15 % R\u00e9glage de la pression n\u00e9gative :0.02MPa \u301cvaleur de pression n\u00e9gative maximale D\u00e9bit de pompage : \u2265 20 L\/min R\u00e9servoir : \u2265 2500 mL\/unit\u00e9, 2 unit\u00e9s dans l'unit\u00e9 d'aspiration Dimensions : H001 (350 mm X 312 mm X 800 mm) ; H002 (380 mm X 312 mm X 480 mm) Poids : H001 (21 kg) ; H002 (16 kg) Bruit : \u2264 60dB(A)","og_url":"https:\/\/investmedic-store.com\/?product=aspirateur-chirurgical-mobile-2x2-5l-en-vere","og_site_name":"investmedic-store.com","article_publisher":"https:\/\/www.facebook.com\/invest.medic","article_modified_time":"2025-05-10T15:22:06+00:00","og_image":[{"width":1587,"height":2245,"url":"http:\/\/investmedic-store.com\/wp-content\/uploads\/2024\/02\/201.jpg","type":"image\/jpeg"}],"twitter_card":"summary_large_image","twitter_misc":{"Dur\u00e9e de lecture estim\u00e9e":"1 minute"},"schema":{"@context":"https:\/\/schema.org","@graph":[{"@type":"WebPage","@id":"https:\/\/investmedic-store.com\/?product=aspirateur-chirurgical-mobile-2x2-5l-en-vere","url":"https:\/\/investmedic-store.com\/?product=aspirateur-chirurgical-mobile-2x2-5l-en-vere","name":"Aspirateur Chirurgical Mobile 2x2.5L En Vere - investmedic-store.com","isPartOf":{"@id":"https:\/\/investmedic-store.com\/#website"},"datePublished":"2024-02-07T09:05:38+00:00","dateModified":"2025-05-10T15:22:06+00:00","breadcrumb":{"@id":"https:\/\/investmedic-store.com\/?product=aspirateur-chirurgical-mobile-2x2-5l-en-vere#breadcrumb"},"inLanguage":"fr-FR","potentialAction":[{"@type":"ReadAction","target":["https:\/\/investmedic-store.com\/?product=aspirateur-chirurgical-mobile-2x2-5l-en-vere"]}]},{"@type":"BreadcrumbList","@id":"https:\/\/investmedic-store.com\/?product=aspirateur-chirurgical-mobile-2x2-5l-en-vere#breadcrumb","itemListElement":[{"@type":"ListItem","position":1,"name":"Accueil","item":"https:\/\/investmedic-store.com\/"},{"@type":"ListItem","position":2,"name":"Shop","item":"https:\/\/investmedic-store.com\/?page_id=5"},{"@type":"ListItem","position":3,"name":"Aspirateur Chirurgical Mobile 2&#215;2.5L En Vere"}]},{"@type":"WebSite","@id":"https:\/\/investmedic-store.com\/#website","url":"https:\/\/investmedic-store.com\/","name":"invest medic store","description":"Importation &amp; Distribution Du Materiels Medico-Chirurgicales - \u0627\u0633\u062a\u064a\u0631\u0627\u062f \u0648\u062a\u0648\u0632\u064a\u0639 \u0627\u0644\u0645\u0648\u0627\u062f \u0627\u0644\u0637\u0628\u064a\u0629 \u0627\u0644\u062c\u0631\u0627\u062d\u064a\u0629","publisher":{"@id":"https:\/\/investmedic-store.com\/#organization"},"alternateName":"investmedic store","potentialAction":[{"@type":"SearchAction","target":{"@type":"EntryPoint","urlTemplate":"https:\/\/investmedic-store.com\/?s={search_term_string}"},"query-input":"required name=search_term_string"}],"inLanguage":"fr-FR"},{"@type":"Organization","@id":"https:\/\/investmedic-store.com\/#organization","name":"invest.medic store","alternateName":"investmedic store","url":"https:\/\/investmedic-store.com\/","logo":{"@type":"ImageObject","inLanguage":"fr-FR","@id":"https:\/\/investmedic-store.com\/#\/schema\/logo\/image\/","url":"https:\/\/investmedic-store.com\/wp-content\/uploads\/2023\/07\/cropped-LOGO_INVEST-transformed-removebg-preview-transformed-1-e1690120839263.png","contentUrl":"https:\/\/investmedic-store.com\/wp-content\/uploads\/2023\/07\/cropped-LOGO_INVEST-transformed-removebg-preview-transformed-1-e1690120839263.png","width":512,"height":512,"caption":"invest.medic store"},"image":{"@id":"https:\/\/investmedic-store.com\/#\/schema\/logo\/image\/"},"sameAs":["https:\/\/www.facebook.com\/invest.medic"]}]}},"_links":{"self":[{"href":"https:\/\/investmedic-store.com\/index.php?rest_route=\/wp\/v2\/product\/2551"}],"collection":[{"href":"https:\/\/investmedic-store.com\/index.php?rest_route=\/wp\/v2\/product"}],"about":[{"href":"https:\/\/investmedic-store.com\/index.php?rest_route=\/wp\/v2\/types\/product"}],"replies":[{"embeddable":true,"href":"https:\/\/investmedic-store.com\/index.php?rest_route=%2Fwp%2Fv2%2Fcomments&post=2551"}],"wp:featuredmedia":[{"embeddable":true,"href":"https:\/\/investmedic-store.com\/index.php?rest_route=\/wp\/v2\/media\/2552"}],"wp:attachment":[{"href":"https:\/\/investmedic-store.com\/index.php?rest_route=%2Fwp%2Fv2%2Fmedia&parent=2551"}],"wp:term":[{"taxonomy":"product_cat","embeddable":true,"href":"https:\/\/investmedic-store.com\/index.php?rest_route=%2Fwp%2Fv2%2Fproduct_cat&post=2551"},{"taxonomy":"product_tag","embeddable":true,"href":"https:\/\/investmedic-store.com\/index.php?rest_route=%2Fwp%2Fv2%2Fproduct_tag&post=2551"}],"curies":[{"name":"wp","href":"https:\/\/api.w.org\/{rel}","templated":true}]}}