{"id":2522,"date":"2023-12-12T11:04:32","date_gmt":"2023-12-12T10:04:32","guid":{"rendered":"https:\/\/investmedic-store.com\/?post_type=product&#038;p=2522"},"modified":"2023-12-12T11:04:32","modified_gmt":"2023-12-12T10:04:32","slug":"lampe-infrarouge-timing","status":"publish","type":"product","link":"https:\/\/investmedic-store.com\/?product=lampe-infrarouge-timing","title":{"rendered":"Lampe Infrarouge Timing"},"content":{"rendered":"<p class=\"cvGsUA direction-ltr align-center para-style-body\"><strong><span class=\"OYPEnA text-decoration-underline text-strikethrough-none\">Pi\u00e8ce du produit:<\/span><\/strong><\/p>\n<ul>\n<li><span class=\"OYPEnA text-decoration-none text-strikethrough-none\">Abat-jour<\/span><\/li>\n<li><span class=\"OYPEnA text-decoration-none text-strikethrough-none\">Filet de protection<\/span><\/li>\n<li><span class=\"OYPEnA text-decoration-none text-strikethrough-none\">Ampoule infrarouge<\/span><\/li>\n<li><span class=\"OYPEnA text-decoration-none text-strikethrough-none\">Tuyau en plastique<\/span><\/li>\n<li><span class=\"OYPEnA text-decoration-none text-strikethrough-none\">Trou de connexion<\/span><\/li>\n<li><span class=\"OYPEnA text-decoration-none text-strikethrough-none\">R\u00e9glage de la temp\u00e9rature<\/span><\/li>\n<li><span class=\"OYPEnA text-decoration-none text-strikethrough-none\">Tube d\u2019extension<\/span><\/li>\n<li><span class=\"OYPEnA text-decoration-none text-strikethrough-none\">Trou d\u2019injection d\u2019eau<\/span><\/li>\n<li><span class=\"OYPEnA text-decoration-none text-strikethrough-none\">Base<\/span><\/li>\n<li><span class=\"OYPEnA text-decoration-none text-strikethrough-none\">Poulie universelle<\/span><\/li>\n<li><span class=\"OYPEnA text-decoration-none text-strikethrough-none\">Ligne \u00e9lectrique<\/span><\/li>\n<li><span class=\"OYPEnA text-decoration-none text-strikethrough-none\">Lasso tourn\u00e9<\/span><\/li>\n<li><span class=\"OYPEnA text-decoration-none text-strikethrough-none\">Panneau de contr\u00f4le<\/span><\/li>\n<li><span class=\"OYPEnA text-decoration-none text-strikethrough-none\">Ecran d\u2019affichage de l\u2019heure<\/span><\/li>\n<li><span class=\"OYPEnA text-decoration-none text-strikethrough-none\">Q\/P: touche de r\u00e9glage de temps plus\/moins<\/span><\/li>\n<li><span class=\"OYPEnA text-decoration-none text-strikethrough-none\">Touche de r\u00e9glage de la temp\u00e9rature<\/span><\/li>\n<\/ul>\n","protected":false},"excerpt":{"rendered":"<p><strong>Nom de la machine:<\/strong> Lampe Infrarouge Timing<\/p>\n<p><strong>Fabricant:<\/strong>\u00a0 chine<\/p>\n<p><strong>Mat\u00e8riel:<\/strong> ABS+Fe<\/p>\n<p><strong>Longueur de la ligne \u00e9lectrique:<\/strong> 160cm<\/p>\n<p><strong>Tension:<\/strong> 220V<\/p>\n<p><strong>Puissance \u00e9valu\u00e9e:<\/strong> 275W<\/p>\n<p><strong>Hauteur:<\/strong> 150cm<\/p>\n<p><strong>N.W:<\/strong> 2.4kg<\/p>\n<p><strong>G.W:<\/strong> 3kg<\/p>\n<p><strong>Emballage:<\/strong> 45.5x34x25.5cm<\/p>\n<p><strong>Distance de chauffage optimale:<\/strong> 25-35cm<\/p>\n<p>&nbsp;<\/p>\n","protected":false},"featured_media":2523,"comment_status":"open","ping_status":"closed","template":"","meta":{"om_disable_all_campaigns":false,"_joinchat":{"telephone":"+213560998141"}},"product_cat":[15],"product_tag":[],"yoast_head":"<!-- This site is optimized with the Yoast SEO plugin v20.12 - https:\/\/yoast.com\/wordpress\/plugins\/seo\/ -->\n<title>Lampe Infrarouge Timing - investmedic-store.com<\/title>\n<meta name=\"robots\" content=\"index, follow, max-snippet:-1, max-image-preview:large, max-video-preview:-1\" \/>\n<link rel=\"canonical\" href=\"https:\/\/investmedic-store.com\/?product=lampe-infrarouge-timing\" \/>\n<meta property=\"og:locale\" content=\"fr_FR\" \/>\n<meta property=\"og:type\" content=\"article\" \/>\n<meta property=\"og:title\" content=\"Lampe Infrarouge Timing - investmedic-store.com\" \/>\n<meta property=\"og:description\" content=\"Nom de la machine: Lampe Infrarouge Timing  Fabricant:\u00a0 chine  Mat\u00e8riel: ABS+Fe  Longueur de la ligne \u00e9lectrique: 160cm  Tension: 220V  Puissance \u00e9valu\u00e9e: 275W  Hauteur: 150cm  N.W: 2.4kg  G.W: 3kg  Emballage: 45.5x34x25.5cm  Distance de chauffage optimale: 25-35cm  &nbsp;\" \/>\n<meta property=\"og:url\" content=\"https:\/\/investmedic-store.com\/?product=lampe-infrarouge-timing\" \/>\n<meta property=\"og:site_name\" content=\"investmedic-store.com\" \/>\n<meta property=\"article:publisher\" content=\"https:\/\/www.facebook.com\/invest.medic\" \/>\n<meta property=\"og:image\" content=\"http:\/\/investmedic-store.com\/wp-content\/uploads\/2023\/12\/Nom-de-lappareil-Lampe-LED-multifonctions-Marque-Pro-Photon-BIO-Type-Lampe-LED-Couleurs-de-lumiere-Rouge-bleu-infrarouge-Puissance-15-W-par-couleur-Longueur-donde-Rouge-630-660-nm-Bleu-13.jpg\" \/>\n\t<meta property=\"og:image:width\" content=\"1587\" \/>\n\t<meta property=\"og:image:height\" content=\"2245\" \/>\n\t<meta property=\"og:image:type\" content=\"image\/jpeg\" \/>\n<meta name=\"twitter:card\" content=\"summary_large_image\" \/>\n<meta name=\"twitter:label1\" content=\"Dur\u00e9e de lecture estim\u00e9e\" \/>\n\t<meta name=\"twitter:data1\" content=\"1 minute\" \/>\n<script type=\"application\/ld+json\" class=\"yoast-schema-graph\">{\"@context\":\"https:\/\/schema.org\",\"@graph\":[{\"@type\":\"WebPage\",\"@id\":\"https:\/\/investmedic-store.com\/?product=lampe-infrarouge-timing\",\"url\":\"https:\/\/investmedic-store.com\/?product=lampe-infrarouge-timing\",\"name\":\"Lampe Infrarouge Timing - investmedic-store.com\",\"isPartOf\":{\"@id\":\"https:\/\/investmedic-store.com\/#website\"},\"datePublished\":\"2023-12-12T10:04:32+00:00\",\"dateModified\":\"2023-12-12T10:04:32+00:00\",\"breadcrumb\":{\"@id\":\"https:\/\/investmedic-store.com\/?product=lampe-infrarouge-timing#breadcrumb\"},\"inLanguage\":\"fr-FR\",\"potentialAction\":[{\"@type\":\"ReadAction\",\"target\":[\"https:\/\/investmedic-store.com\/?product=lampe-infrarouge-timing\"]}]},{\"@type\":\"BreadcrumbList\",\"@id\":\"https:\/\/investmedic-store.com\/?product=lampe-infrarouge-timing#breadcrumb\",\"itemListElement\":[{\"@type\":\"ListItem\",\"position\":1,\"name\":\"Accueil\",\"item\":\"https:\/\/investmedic-store.com\/\"},{\"@type\":\"ListItem\",\"position\":2,\"name\":\"Shop\",\"item\":\"https:\/\/investmedic-store.com\/?page_id=5\"},{\"@type\":\"ListItem\",\"position\":3,\"name\":\"Lampe Infrarouge Timing\"}]},{\"@type\":\"WebSite\",\"@id\":\"https:\/\/investmedic-store.com\/#website\",\"url\":\"https:\/\/investmedic-store.com\/\",\"name\":\"invest medic store\",\"description\":\"Importation &amp; Distribution Du Materiels Medico-Chirurgicales - \u0627\u0633\u062a\u064a\u0631\u0627\u062f \u0648\u062a\u0648\u0632\u064a\u0639 \u0627\u0644\u0645\u0648\u0627\u062f \u0627\u0644\u0637\u0628\u064a\u0629 \u0627\u0644\u062c\u0631\u0627\u062d\u064a\u0629\",\"publisher\":{\"@id\":\"https:\/\/investmedic-store.com\/#organization\"},\"alternateName\":\"investmedic store\",\"potentialAction\":[{\"@type\":\"SearchAction\",\"target\":{\"@type\":\"EntryPoint\",\"urlTemplate\":\"https:\/\/investmedic-store.com\/?s={search_term_string}\"},\"query-input\":\"required name=search_term_string\"}],\"inLanguage\":\"fr-FR\"},{\"@type\":\"Organization\",\"@id\":\"https:\/\/investmedic-store.com\/#organization\",\"name\":\"invest.medic store\",\"alternateName\":\"investmedic store\",\"url\":\"https:\/\/investmedic-store.com\/\",\"logo\":{\"@type\":\"ImageObject\",\"inLanguage\":\"fr-FR\",\"@id\":\"https:\/\/investmedic-store.com\/#\/schema\/logo\/image\/\",\"url\":\"https:\/\/investmedic-store.com\/wp-content\/uploads\/2023\/07\/cropped-LOGO_INVEST-transformed-removebg-preview-transformed-1-e1690120839263.png\",\"contentUrl\":\"https:\/\/investmedic-store.com\/wp-content\/uploads\/2023\/07\/cropped-LOGO_INVEST-transformed-removebg-preview-transformed-1-e1690120839263.png\",\"width\":512,\"height\":512,\"caption\":\"invest.medic store\"},\"image\":{\"@id\":\"https:\/\/investmedic-store.com\/#\/schema\/logo\/image\/\"},\"sameAs\":[\"https:\/\/www.facebook.com\/invest.medic\"]}]}<\/script>\n<!-- \/ Yoast SEO plugin. -->","yoast_head_json":{"title":"Lampe Infrarouge Timing - investmedic-store.com","robots":{"index":"index","follow":"follow","max-snippet":"max-snippet:-1","max-image-preview":"max-image-preview:large","max-video-preview":"max-video-preview:-1"},"canonical":"https:\/\/investmedic-store.com\/?product=lampe-infrarouge-timing","og_locale":"fr_FR","og_type":"article","og_title":"Lampe Infrarouge Timing - investmedic-store.com","og_description":"Nom de la machine: Lampe Infrarouge Timing  Fabricant:\u00a0 chine  Mat\u00e8riel: ABS+Fe  Longueur de la ligne \u00e9lectrique: 160cm  Tension: 220V  Puissance \u00e9valu\u00e9e: 275W  Hauteur: 150cm  N.W: 2.4kg  G.W: 3kg  Emballage: 45.5x34x25.5cm  Distance de chauffage optimale: 25-35cm  &nbsp;","og_url":"https:\/\/investmedic-store.com\/?product=lampe-infrarouge-timing","og_site_name":"investmedic-store.com","article_publisher":"https:\/\/www.facebook.com\/invest.medic","og_image":[{"width":1587,"height":2245,"url":"http:\/\/investmedic-store.com\/wp-content\/uploads\/2023\/12\/Nom-de-lappareil-Lampe-LED-multifonctions-Marque-Pro-Photon-BIO-Type-Lampe-LED-Couleurs-de-lumiere-Rouge-bleu-infrarouge-Puissance-15-W-par-couleur-Longueur-donde-Rouge-630-660-nm-Bleu-13.jpg","type":"image\/jpeg"}],"twitter_card":"summary_large_image","twitter_misc":{"Dur\u00e9e de lecture estim\u00e9e":"1 minute"},"schema":{"@context":"https:\/\/schema.org","@graph":[{"@type":"WebPage","@id":"https:\/\/investmedic-store.com\/?product=lampe-infrarouge-timing","url":"https:\/\/investmedic-store.com\/?product=lampe-infrarouge-timing","name":"Lampe Infrarouge Timing - investmedic-store.com","isPartOf":{"@id":"https:\/\/investmedic-store.com\/#website"},"datePublished":"2023-12-12T10:04:32+00:00","dateModified":"2023-12-12T10:04:32+00:00","breadcrumb":{"@id":"https:\/\/investmedic-store.com\/?product=lampe-infrarouge-timing#breadcrumb"},"inLanguage":"fr-FR","potentialAction":[{"@type":"ReadAction","target":["https:\/\/investmedic-store.com\/?product=lampe-infrarouge-timing"]}]},{"@type":"BreadcrumbList","@id":"https:\/\/investmedic-store.com\/?product=lampe-infrarouge-timing#breadcrumb","itemListElement":[{"@type":"ListItem","position":1,"name":"Accueil","item":"https:\/\/investmedic-store.com\/"},{"@type":"ListItem","position":2,"name":"Shop","item":"https:\/\/investmedic-store.com\/?page_id=5"},{"@type":"ListItem","position":3,"name":"Lampe Infrarouge Timing"}]},{"@type":"WebSite","@id":"https:\/\/investmedic-store.com\/#website","url":"https:\/\/investmedic-store.com\/","name":"invest medic store","description":"Importation &amp; Distribution Du Materiels Medico-Chirurgicales - \u0627\u0633\u062a\u064a\u0631\u0627\u062f \u0648\u062a\u0648\u0632\u064a\u0639 \u0627\u0644\u0645\u0648\u0627\u062f \u0627\u0644\u0637\u0628\u064a\u0629 \u0627\u0644\u062c\u0631\u0627\u062d\u064a\u0629","publisher":{"@id":"https:\/\/investmedic-store.com\/#organization"},"alternateName":"investmedic store","potentialAction":[{"@type":"SearchAction","target":{"@type":"EntryPoint","urlTemplate":"https:\/\/investmedic-store.com\/?s={search_term_string}"},"query-input":"required name=search_term_string"}],"inLanguage":"fr-FR"},{"@type":"Organization","@id":"https:\/\/investmedic-store.com\/#organization","name":"invest.medic store","alternateName":"investmedic store","url":"https:\/\/investmedic-store.com\/","logo":{"@type":"ImageObject","inLanguage":"fr-FR","@id":"https:\/\/investmedic-store.com\/#\/schema\/logo\/image\/","url":"https:\/\/investmedic-store.com\/wp-content\/uploads\/2023\/07\/cropped-LOGO_INVEST-transformed-removebg-preview-transformed-1-e1690120839263.png","contentUrl":"https:\/\/investmedic-store.com\/wp-content\/uploads\/2023\/07\/cropped-LOGO_INVEST-transformed-removebg-preview-transformed-1-e1690120839263.png","width":512,"height":512,"caption":"invest.medic store"},"image":{"@id":"https:\/\/investmedic-store.com\/#\/schema\/logo\/image\/"},"sameAs":["https:\/\/www.facebook.com\/invest.medic"]}]}},"_links":{"self":[{"href":"https:\/\/investmedic-store.com\/index.php?rest_route=\/wp\/v2\/product\/2522"}],"collection":[{"href":"https:\/\/investmedic-store.com\/index.php?rest_route=\/wp\/v2\/product"}],"about":[{"href":"https:\/\/investmedic-store.com\/index.php?rest_route=\/wp\/v2\/types\/product"}],"replies":[{"embeddable":true,"href":"https:\/\/investmedic-store.com\/index.php?rest_route=%2Fwp%2Fv2%2Fcomments&post=2522"}],"wp:featuredmedia":[{"embeddable":true,"href":"https:\/\/investmedic-store.com\/index.php?rest_route=\/wp\/v2\/media\/2523"}],"wp:attachment":[{"href":"https:\/\/investmedic-store.com\/index.php?rest_route=%2Fwp%2Fv2%2Fmedia&parent=2522"}],"wp:term":[{"taxonomy":"product_cat","embeddable":true,"href":"https:\/\/investmedic-store.com\/index.php?rest_route=%2Fwp%2Fv2%2Fproduct_cat&post=2522"},{"taxonomy":"product_tag","embeddable":true,"href":"https:\/\/investmedic-store.com\/index.php?rest_route=%2Fwp%2Fv2%2Fproduct_tag&post=2522"}],"curies":[{"name":"wp","href":"https:\/\/api.w.org\/{rel}","templated":true}]}}