{"id":2503,"date":"2023-12-10T11:03:15","date_gmt":"2023-12-10T10:03:15","guid":{"rendered":"https:\/\/investmedic-store.com\/?post_type=product&#038;p=2503"},"modified":"2023-12-13T09:00:28","modified_gmt":"2023-12-13T08:00:28","slug":"2503","status":"publish","type":"product","link":"https:\/\/investmedic-store.com\/?product=2503","title":{"rendered":"HydraFacial M6"},"content":{"rendered":"<div>\n<p>Le Hydrafacial M6 est un appareil de soin du visage professionnel qui combine plusieurs techniques pour nettoyer, exfolier, hydrater et illuminer la peau. Il est efficace pour am\u00e9liorer l&#8217;apparence des pores, des rides et ridules, et de la texture de la peau.<\/p>\n<div>\n<p><strong>Mode d&#8217;emploi:<\/strong><\/p>\n<ul>\n<li>Connectez l&#8217;appareil \u00e0 une prise de courant.<\/li>\n<li>Remplissez le r\u00e9servoir d&#8217;eau. S\u00e9lectionnez le programme souhait\u00e9.<\/li>\n<li>Appuyez sur le bouton &#8220;marche&#8221;.<\/li>\n<li>L&#8217;appareil commencera \u00e0 fonctionner.<\/li>\n<\/ul>\n<div>\n<p><strong>Fonctionnalit\u00e9s:<\/strong><\/p>\n<ul>\n<li>Nettoyage par aspiration<\/li>\n<li>Exfoliation par rotation<\/li>\n<li>Hydratation par s\u00e9rum<\/li>\n<li>Luminosit\u00e9 par LED<\/li>\n<\/ul>\n<\/div>\n<\/div>\n<\/div>\n","protected":false},"excerpt":{"rendered":"<p><strong>Nom de la machine:\u00a0<\/strong>HydraFacial M6<\/p>\n<p><strong>Tension: <\/strong>110V\/50Hz-24V\/50Hz<\/p>\n<p><strong>Capacit\u00e9: <\/strong>5 litres<\/p>\n<p><strong>Profendeur: <\/strong>0.5mm-3mm<\/p>\n<p><strong>Poids: <\/strong>17 kg<\/p>\n<p><strong>Puissance d\u2019entr\u00e9e : <\/strong>\u2264 320 W<\/p>\n<p><strong>taille L,l,H : <\/strong>550, 380, 420 CM<\/p>\n<p><strong>Dose r\u00e9glable: <\/strong>5min\/10ml 7min\/10ml<\/p>\n<p><strong>Ultrason : <\/strong>Fr\u00e9quence 3M condensateur 5600\u00b115%PF<\/p>\n<p><strong>Pression r\u00e9glable: <\/strong>300KPa(3.0kgf\/cm^2)-~600KPa(6.0kgf\/cm^2)<\/p>\n<p><strong>R\u00e9glage de la temp\u00e9rature: <\/strong>25\u00b0C~65\u00b0C<\/p>\n","protected":false},"featured_media":2504,"comment_status":"open","ping_status":"closed","template":"","meta":{"om_disable_all_campaigns":false,"_joinchat":{"telephone":"+213560998141"}},"product_cat":[15,162],"product_tag":[],"yoast_head":"<!-- This site is optimized with the Yoast SEO plugin v20.12 - https:\/\/yoast.com\/wordpress\/plugins\/seo\/ -->\n<title>HydraFacial M6 - investmedic-store.com<\/title>\n<meta name=\"robots\" content=\"index, follow, max-snippet:-1, max-image-preview:large, max-video-preview:-1\" \/>\n<link rel=\"canonical\" href=\"https:\/\/investmedic-store.com\/?product=2503\" \/>\n<meta property=\"og:locale\" content=\"fr_FR\" \/>\n<meta property=\"og:type\" content=\"article\" \/>\n<meta property=\"og:title\" content=\"HydraFacial M6 - investmedic-store.com\" \/>\n<meta property=\"og:description\" content=\"Nom de la machine:\u00a0HydraFacial M6  Tension: 110V\/50Hz-24V\/50Hz  Capacit\u00e9: 5 litres  Profendeur: 0.5mm-3mm  Poids: 17 kg  Puissance d\u2019entr\u00e9e : \u2264 320 W  taille L,l,H : 550, 380, 420 CM  Dose r\u00e9glable: 5min\/10ml 7min\/10ml  Ultrason : Fr\u00e9quence 3M condensateur 5600\u00b115%PF  Pression r\u00e9glable: 300KPa(3.0kgf\/cm^2)-~600KPa(6.0kgf\/cm^2)  R\u00e9glage de la temp\u00e9rature: 25\u00b0C~65\u00b0C\" \/>\n<meta property=\"og:url\" content=\"https:\/\/investmedic-store.com\/?product=2503\" \/>\n<meta property=\"og:site_name\" content=\"investmedic-store.com\" \/>\n<meta property=\"article:publisher\" content=\"https:\/\/www.facebook.com\/invest.medic\" \/>\n<meta property=\"article:modified_time\" content=\"2023-12-13T08:00:28+00:00\" \/>\n<meta property=\"og:image\" content=\"http:\/\/investmedic-store.com\/wp-content\/uploads\/2023\/12\/5.jpg\" \/>\n\t<meta property=\"og:image:width\" content=\"1587\" \/>\n\t<meta property=\"og:image:height\" content=\"2245\" \/>\n\t<meta property=\"og:image:type\" content=\"image\/jpeg\" \/>\n<meta name=\"twitter:card\" content=\"summary_large_image\" \/>\n<meta name=\"twitter:label1\" content=\"Dur\u00e9e de lecture estim\u00e9e\" \/>\n\t<meta name=\"twitter:data1\" content=\"1 minute\" \/>\n<script type=\"application\/ld+json\" class=\"yoast-schema-graph\">{\"@context\":\"https:\/\/schema.org\",\"@graph\":[{\"@type\":\"WebPage\",\"@id\":\"https:\/\/investmedic-store.com\/?product=2503\",\"url\":\"https:\/\/investmedic-store.com\/?product=2503\",\"name\":\"HydraFacial M6 - investmedic-store.com\",\"isPartOf\":{\"@id\":\"https:\/\/investmedic-store.com\/#website\"},\"datePublished\":\"2023-12-10T10:03:15+00:00\",\"dateModified\":\"2023-12-13T08:00:28+00:00\",\"breadcrumb\":{\"@id\":\"https:\/\/investmedic-store.com\/?product=2503#breadcrumb\"},\"inLanguage\":\"fr-FR\",\"potentialAction\":[{\"@type\":\"ReadAction\",\"target\":[\"https:\/\/investmedic-store.com\/?product=2503\"]}]},{\"@type\":\"BreadcrumbList\",\"@id\":\"https:\/\/investmedic-store.com\/?product=2503#breadcrumb\",\"itemListElement\":[{\"@type\":\"ListItem\",\"position\":1,\"name\":\"Accueil\",\"item\":\"https:\/\/investmedic-store.com\/\"},{\"@type\":\"ListItem\",\"position\":2,\"name\":\"Shop\",\"item\":\"https:\/\/investmedic-store.com\/?page_id=5\"},{\"@type\":\"ListItem\",\"position\":3,\"name\":\"HydraFacial M6\"}]},{\"@type\":\"WebSite\",\"@id\":\"https:\/\/investmedic-store.com\/#website\",\"url\":\"https:\/\/investmedic-store.com\/\",\"name\":\"invest medic store\",\"description\":\"Importation &amp; Distribution Du Materiels Medico-Chirurgicales - \u0627\u0633\u062a\u064a\u0631\u0627\u062f \u0648\u062a\u0648\u0632\u064a\u0639 \u0627\u0644\u0645\u0648\u0627\u062f \u0627\u0644\u0637\u0628\u064a\u0629 \u0627\u0644\u062c\u0631\u0627\u062d\u064a\u0629\",\"publisher\":{\"@id\":\"https:\/\/investmedic-store.com\/#organization\"},\"alternateName\":\"investmedic store\",\"potentialAction\":[{\"@type\":\"SearchAction\",\"target\":{\"@type\":\"EntryPoint\",\"urlTemplate\":\"https:\/\/investmedic-store.com\/?s={search_term_string}\"},\"query-input\":\"required name=search_term_string\"}],\"inLanguage\":\"fr-FR\"},{\"@type\":\"Organization\",\"@id\":\"https:\/\/investmedic-store.com\/#organization\",\"name\":\"invest.medic store\",\"alternateName\":\"investmedic store\",\"url\":\"https:\/\/investmedic-store.com\/\",\"logo\":{\"@type\":\"ImageObject\",\"inLanguage\":\"fr-FR\",\"@id\":\"https:\/\/investmedic-store.com\/#\/schema\/logo\/image\/\",\"url\":\"https:\/\/investmedic-store.com\/wp-content\/uploads\/2023\/07\/cropped-LOGO_INVEST-transformed-removebg-preview-transformed-1-e1690120839263.png\",\"contentUrl\":\"https:\/\/investmedic-store.com\/wp-content\/uploads\/2023\/07\/cropped-LOGO_INVEST-transformed-removebg-preview-transformed-1-e1690120839263.png\",\"width\":512,\"height\":512,\"caption\":\"invest.medic store\"},\"image\":{\"@id\":\"https:\/\/investmedic-store.com\/#\/schema\/logo\/image\/\"},\"sameAs\":[\"https:\/\/www.facebook.com\/invest.medic\"]}]}<\/script>\n<!-- \/ Yoast SEO plugin. -->","yoast_head_json":{"title":"HydraFacial M6 - investmedic-store.com","robots":{"index":"index","follow":"follow","max-snippet":"max-snippet:-1","max-image-preview":"max-image-preview:large","max-video-preview":"max-video-preview:-1"},"canonical":"https:\/\/investmedic-store.com\/?product=2503","og_locale":"fr_FR","og_type":"article","og_title":"HydraFacial M6 - investmedic-store.com","og_description":"Nom de la machine:\u00a0HydraFacial M6  Tension: 110V\/50Hz-24V\/50Hz  Capacit\u00e9: 5 litres  Profendeur: 0.5mm-3mm  Poids: 17 kg  Puissance d\u2019entr\u00e9e : \u2264 320 W  taille L,l,H : 550, 380, 420 CM  Dose r\u00e9glable: 5min\/10ml 7min\/10ml  Ultrason : Fr\u00e9quence 3M condensateur 5600\u00b115%PF  Pression r\u00e9glable: 300KPa(3.0kgf\/cm^2)-~600KPa(6.0kgf\/cm^2)  R\u00e9glage de la temp\u00e9rature: 25\u00b0C~65\u00b0C","og_url":"https:\/\/investmedic-store.com\/?product=2503","og_site_name":"investmedic-store.com","article_publisher":"https:\/\/www.facebook.com\/invest.medic","article_modified_time":"2023-12-13T08:00:28+00:00","og_image":[{"width":1587,"height":2245,"url":"http:\/\/investmedic-store.com\/wp-content\/uploads\/2023\/12\/5.jpg","type":"image\/jpeg"}],"twitter_card":"summary_large_image","twitter_misc":{"Dur\u00e9e de lecture estim\u00e9e":"1 minute"},"schema":{"@context":"https:\/\/schema.org","@graph":[{"@type":"WebPage","@id":"https:\/\/investmedic-store.com\/?product=2503","url":"https:\/\/investmedic-store.com\/?product=2503","name":"HydraFacial M6 - investmedic-store.com","isPartOf":{"@id":"https:\/\/investmedic-store.com\/#website"},"datePublished":"2023-12-10T10:03:15+00:00","dateModified":"2023-12-13T08:00:28+00:00","breadcrumb":{"@id":"https:\/\/investmedic-store.com\/?product=2503#breadcrumb"},"inLanguage":"fr-FR","potentialAction":[{"@type":"ReadAction","target":["https:\/\/investmedic-store.com\/?product=2503"]}]},{"@type":"BreadcrumbList","@id":"https:\/\/investmedic-store.com\/?product=2503#breadcrumb","itemListElement":[{"@type":"ListItem","position":1,"name":"Accueil","item":"https:\/\/investmedic-store.com\/"},{"@type":"ListItem","position":2,"name":"Shop","item":"https:\/\/investmedic-store.com\/?page_id=5"},{"@type":"ListItem","position":3,"name":"HydraFacial M6"}]},{"@type":"WebSite","@id":"https:\/\/investmedic-store.com\/#website","url":"https:\/\/investmedic-store.com\/","name":"invest medic store","description":"Importation &amp; Distribution Du Materiels Medico-Chirurgicales - \u0627\u0633\u062a\u064a\u0631\u0627\u062f \u0648\u062a\u0648\u0632\u064a\u0639 \u0627\u0644\u0645\u0648\u0627\u062f \u0627\u0644\u0637\u0628\u064a\u0629 \u0627\u0644\u062c\u0631\u0627\u062d\u064a\u0629","publisher":{"@id":"https:\/\/investmedic-store.com\/#organization"},"alternateName":"investmedic store","potentialAction":[{"@type":"SearchAction","target":{"@type":"EntryPoint","urlTemplate":"https:\/\/investmedic-store.com\/?s={search_term_string}"},"query-input":"required name=search_term_string"}],"inLanguage":"fr-FR"},{"@type":"Organization","@id":"https:\/\/investmedic-store.com\/#organization","name":"invest.medic store","alternateName":"investmedic store","url":"https:\/\/investmedic-store.com\/","logo":{"@type":"ImageObject","inLanguage":"fr-FR","@id":"https:\/\/investmedic-store.com\/#\/schema\/logo\/image\/","url":"https:\/\/investmedic-store.com\/wp-content\/uploads\/2023\/07\/cropped-LOGO_INVEST-transformed-removebg-preview-transformed-1-e1690120839263.png","contentUrl":"https:\/\/investmedic-store.com\/wp-content\/uploads\/2023\/07\/cropped-LOGO_INVEST-transformed-removebg-preview-transformed-1-e1690120839263.png","width":512,"height":512,"caption":"invest.medic store"},"image":{"@id":"https:\/\/investmedic-store.com\/#\/schema\/logo\/image\/"},"sameAs":["https:\/\/www.facebook.com\/invest.medic"]}]}},"_links":{"self":[{"href":"https:\/\/investmedic-store.com\/index.php?rest_route=\/wp\/v2\/product\/2503"}],"collection":[{"href":"https:\/\/investmedic-store.com\/index.php?rest_route=\/wp\/v2\/product"}],"about":[{"href":"https:\/\/investmedic-store.com\/index.php?rest_route=\/wp\/v2\/types\/product"}],"replies":[{"embeddable":true,"href":"https:\/\/investmedic-store.com\/index.php?rest_route=%2Fwp%2Fv2%2Fcomments&post=2503"}],"wp:featuredmedia":[{"embeddable":true,"href":"https:\/\/investmedic-store.com\/index.php?rest_route=\/wp\/v2\/media\/2504"}],"wp:attachment":[{"href":"https:\/\/investmedic-store.com\/index.php?rest_route=%2Fwp%2Fv2%2Fmedia&parent=2503"}],"wp:term":[{"taxonomy":"product_cat","embeddable":true,"href":"https:\/\/investmedic-store.com\/index.php?rest_route=%2Fwp%2Fv2%2Fproduct_cat&post=2503"},{"taxonomy":"product_tag","embeddable":true,"href":"https:\/\/investmedic-store.com\/index.php?rest_route=%2Fwp%2Fv2%2Fproduct_tag&post=2503"}],"curies":[{"name":"wp","href":"https:\/\/api.w.org\/{rel}","templated":true}]}}