{"id":2501,"date":"2023-12-10T10:37:28","date_gmt":"2023-12-10T09:37:28","guid":{"rendered":"https:\/\/investmedic-store.com\/?post_type=product&#038;p=2501"},"modified":"2023-12-10T15:38:47","modified_gmt":"2023-12-10T14:38:47","slug":"2in-1-cryolipoly-et-emsculpt-machine","status":"publish","type":"product","link":"https:\/\/investmedic-store.com\/?product=2in-1-cryolipoly-et-emsculpt-machine","title":{"rendered":"2in 1 Cryolipoly et Emsculpt  Machine"},"content":{"rendered":"<div>\n<p>2in 1 Cryolipoly et Emsculpt Machine est une technologie de remodelage du corps non invasive qui utilise des champs magn\u00e9tiques focalis\u00e9s de haute intensit\u00e9 pour stimuler les muscles et r\u00e9duire les graisses. En seulement 30 minutes de traitement par s\u00e9ance, 2in 1 Cryolipoly et Emsculpt Machine peut g\u00e9n\u00e9rer jusqu&#8217;\u00e0 20 000 contractions musculaires, soit l&#8217;\u00e9quivalent de 20 heures d&#8217;entra\u00eenement intense. Ces contractions musculaires intenses stimulent la croissance musculaire et la production de collag\u00e8ne, ce qui entra\u00eene un raffermissement et un tonification de la peau. En outre,2in 1 Cryolipoly et Emsculpt Machine peut aider \u00e0 r\u00e9duire les graisses en stimulant la lipolyse, le processus qui d\u00e9compose les graisses en acides gras. Les r\u00e9sultats d&#8217;2in 1 Cryolipoly et Emsculpt Machine sont visibles d\u00e8s la premi\u00e8re s\u00e9ance, mais ils sont optimis\u00e9s au fil des traitements. Une s\u00e9rie compl\u00e8te de traitements comprend g\u00e9n\u00e9ralement 4 \u00e0 6 s\u00e9ances, espac\u00e9es d&#8217;une semaine. 2in 1 Cryolipoly et Emsculpt Machine est une option s\u00fbre et efficace pour les personnes qui souhaitent remodeler leur corps sans chirurgie. Il est particuli\u00e8rement adapt\u00e9 aux personnes qui souhaitent : Renforcer et tonifier leurs muscles R\u00e9duire la graisse localis\u00e9e Raffermir leur peau<\/p>\n<\/div>\n","protected":false},"excerpt":{"rendered":"<p><strong>Nom de la machine<\/strong>: <span class=\"OYPEnA text-decoration-none text-strikethrough-none\">2in 1 Cryolipoly et Emsculpt<\/span> <span class=\"OYPEnA text-decoration-none text-strikethrough-none\">Machine<\/span><\/p>\n<p><strong>Principe technique :<\/strong>Cryotherapie+ Onde Magn\u00e9tique focalis\u00e9e de haute intensit\u00e9<\/p>\n<p><strong>Ecean: <\/strong>Grand \u00e9cran LCD de 10,4 pouces<\/p>\n<p><strong>Vibration Magn\u00e9tique: <\/strong>Intensit\u00e9 de 8 \u00e0 100 % (7 Tesla)<\/p>\n<p><strong>Temp\u00e9rature de Chauffage: <\/strong>0 \u00e0 4 Niveaux (pr\u00e9chauffage de 3 minutes, temp\u00e9rature de chauffage de 37 \u00e0 45 \u00b0C)<\/p>\n<p><strong>Aspiration Sous Vide:\u00a0<\/strong>1 \u00e0 5 Niveaux (10 \u00e0 50 Kpa)<\/p>\n<p><strong>Tension d&#8217;entr\u00e9e: <\/strong>110 V\/220 V<\/p>\n<p><strong>Fr\u00e9quence de Sortie: 1 \u00e0 5 Hz<\/strong><\/p>\n<p><strong>Puissance de sortie: <\/strong>300 \u00e0 5 000 w<\/p>\n<p><strong>Temp\u00e9rature de Refroidissement:\u00a0<\/strong>1 \u00e0 5 Niveaux (temp\u00e9rature de refroidissement de 0 \u00b0C \u00e0 -11 \u00b0C)<\/p>\n<p><strong>Dimensions de la bo\u00eete \u00e0 air: <\/strong>66 \u00d7 50 \u00d7 76 cm<\/p>\n<p><strong>Poids brut: <\/strong>54 kg<\/p>\n","protected":false},"featured_media":2502,"comment_status":"open","ping_status":"closed","template":"","meta":{"om_disable_all_campaigns":false,"_joinchat":{"telephone":"+213560998141"}},"product_cat":[165],"product_tag":[],"yoast_head":"<!-- This site is optimized with the Yoast SEO plugin v20.12 - https:\/\/yoast.com\/wordpress\/plugins\/seo\/ -->\n<title>2in 1 Cryolipoly et Emsculpt Machine - investmedic-store.com<\/title>\n<meta name=\"robots\" content=\"index, follow, max-snippet:-1, max-image-preview:large, max-video-preview:-1\" \/>\n<link rel=\"canonical\" href=\"https:\/\/investmedic-store.com\/?product=2in-1-cryolipoly-et-emsculpt-machine\" \/>\n<meta property=\"og:locale\" content=\"fr_FR\" \/>\n<meta property=\"og:type\" content=\"article\" \/>\n<meta property=\"og:title\" content=\"2in 1 Cryolipoly et Emsculpt Machine - investmedic-store.com\" \/>\n<meta property=\"og:description\" content=\"Nom de la machine: 2in 1 Cryolipoly et Emsculpt Machine  Principe technique :Cryotherapie+ Onde Magn\u00e9tique focalis\u00e9e de haute intensit\u00e9  Ecean: Grand \u00e9cran LCD de 10,4 pouces  Vibration Magn\u00e9tique: Intensit\u00e9 de 8 \u00e0 100 % (7 Tesla)  Temp\u00e9rature de Chauffage: 0 \u00e0 4 Niveaux (pr\u00e9chauffage de 3 minutes, temp\u00e9rature de chauffage de 37 \u00e0 45 \u00b0C)  Aspiration Sous Vide:\u00a01 \u00e0 5 Niveaux (10 \u00e0 50 Kpa)  Tension d&#039;entr\u00e9e: 110 V\/220 V  Fr\u00e9quence de Sortie: 1 \u00e0 5 Hz  Puissance de sortie: 300 \u00e0 5 000 w  Temp\u00e9rature de Refroidissement:\u00a01 \u00e0 5 Niveaux (temp\u00e9rature de refroidissement de 0 \u00b0C \u00e0 -11 \u00b0C)  Dimensions de la bo\u00eete \u00e0 air: 66 \u00d7 50 \u00d7 76 cm  Poids brut: 54 kg\" \/>\n<meta property=\"og:url\" content=\"https:\/\/investmedic-store.com\/?product=2in-1-cryolipoly-et-emsculpt-machine\" \/>\n<meta property=\"og:site_name\" content=\"investmedic-store.com\" \/>\n<meta property=\"article:publisher\" content=\"https:\/\/www.facebook.com\/invest.medic\" \/>\n<meta property=\"article:modified_time\" content=\"2023-12-10T14:38:47+00:00\" \/>\n<meta property=\"og:image\" content=\"http:\/\/investmedic-store.com\/wp-content\/uploads\/2023\/12\/8.jpg\" \/>\n\t<meta property=\"og:image:width\" content=\"1587\" \/>\n\t<meta property=\"og:image:height\" content=\"2245\" \/>\n\t<meta property=\"og:image:type\" content=\"image\/jpeg\" \/>\n<meta name=\"twitter:card\" content=\"summary_large_image\" \/>\n<meta name=\"twitter:label1\" content=\"Dur\u00e9e de lecture estim\u00e9e\" \/>\n\t<meta name=\"twitter:data1\" content=\"1 minute\" \/>\n<script type=\"application\/ld+json\" class=\"yoast-schema-graph\">{\"@context\":\"https:\/\/schema.org\",\"@graph\":[{\"@type\":\"WebPage\",\"@id\":\"https:\/\/investmedic-store.com\/?product=2in-1-cryolipoly-et-emsculpt-machine\",\"url\":\"https:\/\/investmedic-store.com\/?product=2in-1-cryolipoly-et-emsculpt-machine\",\"name\":\"2in 1 Cryolipoly et Emsculpt Machine - investmedic-store.com\",\"isPartOf\":{\"@id\":\"https:\/\/investmedic-store.com\/#website\"},\"datePublished\":\"2023-12-10T09:37:28+00:00\",\"dateModified\":\"2023-12-10T14:38:47+00:00\",\"breadcrumb\":{\"@id\":\"https:\/\/investmedic-store.com\/?product=2in-1-cryolipoly-et-emsculpt-machine#breadcrumb\"},\"inLanguage\":\"fr-FR\",\"potentialAction\":[{\"@type\":\"ReadAction\",\"target\":[\"https:\/\/investmedic-store.com\/?product=2in-1-cryolipoly-et-emsculpt-machine\"]}]},{\"@type\":\"BreadcrumbList\",\"@id\":\"https:\/\/investmedic-store.com\/?product=2in-1-cryolipoly-et-emsculpt-machine#breadcrumb\",\"itemListElement\":[{\"@type\":\"ListItem\",\"position\":1,\"name\":\"Accueil\",\"item\":\"https:\/\/investmedic-store.com\/\"},{\"@type\":\"ListItem\",\"position\":2,\"name\":\"Shop\",\"item\":\"https:\/\/investmedic-store.com\/?page_id=5\"},{\"@type\":\"ListItem\",\"position\":3,\"name\":\"2in 1 Cryolipoly et Emsculpt Machine\"}]},{\"@type\":\"WebSite\",\"@id\":\"https:\/\/investmedic-store.com\/#website\",\"url\":\"https:\/\/investmedic-store.com\/\",\"name\":\"invest medic store\",\"description\":\"Importation &amp; Distribution Du Materiels Medico-Chirurgicales - \u0627\u0633\u062a\u064a\u0631\u0627\u062f \u0648\u062a\u0648\u0632\u064a\u0639 \u0627\u0644\u0645\u0648\u0627\u062f \u0627\u0644\u0637\u0628\u064a\u0629 \u0627\u0644\u062c\u0631\u0627\u062d\u064a\u0629\",\"publisher\":{\"@id\":\"https:\/\/investmedic-store.com\/#organization\"},\"alternateName\":\"investmedic store\",\"potentialAction\":[{\"@type\":\"SearchAction\",\"target\":{\"@type\":\"EntryPoint\",\"urlTemplate\":\"https:\/\/investmedic-store.com\/?s={search_term_string}\"},\"query-input\":\"required name=search_term_string\"}],\"inLanguage\":\"fr-FR\"},{\"@type\":\"Organization\",\"@id\":\"https:\/\/investmedic-store.com\/#organization\",\"name\":\"invest.medic store\",\"alternateName\":\"investmedic store\",\"url\":\"https:\/\/investmedic-store.com\/\",\"logo\":{\"@type\":\"ImageObject\",\"inLanguage\":\"fr-FR\",\"@id\":\"https:\/\/investmedic-store.com\/#\/schema\/logo\/image\/\",\"url\":\"https:\/\/investmedic-store.com\/wp-content\/uploads\/2023\/07\/cropped-LOGO_INVEST-transformed-removebg-preview-transformed-1-e1690120839263.png\",\"contentUrl\":\"https:\/\/investmedic-store.com\/wp-content\/uploads\/2023\/07\/cropped-LOGO_INVEST-transformed-removebg-preview-transformed-1-e1690120839263.png\",\"width\":512,\"height\":512,\"caption\":\"invest.medic store\"},\"image\":{\"@id\":\"https:\/\/investmedic-store.com\/#\/schema\/logo\/image\/\"},\"sameAs\":[\"https:\/\/www.facebook.com\/invest.medic\"]}]}<\/script>\n<!-- \/ Yoast SEO plugin. -->","yoast_head_json":{"title":"2in 1 Cryolipoly et Emsculpt Machine - investmedic-store.com","robots":{"index":"index","follow":"follow","max-snippet":"max-snippet:-1","max-image-preview":"max-image-preview:large","max-video-preview":"max-video-preview:-1"},"canonical":"https:\/\/investmedic-store.com\/?product=2in-1-cryolipoly-et-emsculpt-machine","og_locale":"fr_FR","og_type":"article","og_title":"2in 1 Cryolipoly et Emsculpt Machine - investmedic-store.com","og_description":"Nom de la machine: 2in 1 Cryolipoly et Emsculpt Machine  Principe technique :Cryotherapie+ Onde Magn\u00e9tique focalis\u00e9e de haute intensit\u00e9  Ecean: Grand \u00e9cran LCD de 10,4 pouces  Vibration Magn\u00e9tique: Intensit\u00e9 de 8 \u00e0 100 % (7 Tesla)  Temp\u00e9rature de Chauffage: 0 \u00e0 4 Niveaux (pr\u00e9chauffage de 3 minutes, temp\u00e9rature de chauffage de 37 \u00e0 45 \u00b0C)  Aspiration Sous Vide:\u00a01 \u00e0 5 Niveaux (10 \u00e0 50 Kpa)  Tension d'entr\u00e9e: 110 V\/220 V  Fr\u00e9quence de Sortie: 1 \u00e0 5 Hz  Puissance de sortie: 300 \u00e0 5 000 w  Temp\u00e9rature de Refroidissement:\u00a01 \u00e0 5 Niveaux (temp\u00e9rature de refroidissement de 0 \u00b0C \u00e0 -11 \u00b0C)  Dimensions de la bo\u00eete \u00e0 air: 66 \u00d7 50 \u00d7 76 cm  Poids brut: 54 kg","og_url":"https:\/\/investmedic-store.com\/?product=2in-1-cryolipoly-et-emsculpt-machine","og_site_name":"investmedic-store.com","article_publisher":"https:\/\/www.facebook.com\/invest.medic","article_modified_time":"2023-12-10T14:38:47+00:00","og_image":[{"width":1587,"height":2245,"url":"http:\/\/investmedic-store.com\/wp-content\/uploads\/2023\/12\/8.jpg","type":"image\/jpeg"}],"twitter_card":"summary_large_image","twitter_misc":{"Dur\u00e9e de lecture estim\u00e9e":"1 minute"},"schema":{"@context":"https:\/\/schema.org","@graph":[{"@type":"WebPage","@id":"https:\/\/investmedic-store.com\/?product=2in-1-cryolipoly-et-emsculpt-machine","url":"https:\/\/investmedic-store.com\/?product=2in-1-cryolipoly-et-emsculpt-machine","name":"2in 1 Cryolipoly et Emsculpt Machine - investmedic-store.com","isPartOf":{"@id":"https:\/\/investmedic-store.com\/#website"},"datePublished":"2023-12-10T09:37:28+00:00","dateModified":"2023-12-10T14:38:47+00:00","breadcrumb":{"@id":"https:\/\/investmedic-store.com\/?product=2in-1-cryolipoly-et-emsculpt-machine#breadcrumb"},"inLanguage":"fr-FR","potentialAction":[{"@type":"ReadAction","target":["https:\/\/investmedic-store.com\/?product=2in-1-cryolipoly-et-emsculpt-machine"]}]},{"@type":"BreadcrumbList","@id":"https:\/\/investmedic-store.com\/?product=2in-1-cryolipoly-et-emsculpt-machine#breadcrumb","itemListElement":[{"@type":"ListItem","position":1,"name":"Accueil","item":"https:\/\/investmedic-store.com\/"},{"@type":"ListItem","position":2,"name":"Shop","item":"https:\/\/investmedic-store.com\/?page_id=5"},{"@type":"ListItem","position":3,"name":"2in 1 Cryolipoly et Emsculpt Machine"}]},{"@type":"WebSite","@id":"https:\/\/investmedic-store.com\/#website","url":"https:\/\/investmedic-store.com\/","name":"invest medic store","description":"Importation &amp; Distribution Du Materiels Medico-Chirurgicales - \u0627\u0633\u062a\u064a\u0631\u0627\u062f \u0648\u062a\u0648\u0632\u064a\u0639 \u0627\u0644\u0645\u0648\u0627\u062f \u0627\u0644\u0637\u0628\u064a\u0629 \u0627\u0644\u062c\u0631\u0627\u062d\u064a\u0629","publisher":{"@id":"https:\/\/investmedic-store.com\/#organization"},"alternateName":"investmedic store","potentialAction":[{"@type":"SearchAction","target":{"@type":"EntryPoint","urlTemplate":"https:\/\/investmedic-store.com\/?s={search_term_string}"},"query-input":"required name=search_term_string"}],"inLanguage":"fr-FR"},{"@type":"Organization","@id":"https:\/\/investmedic-store.com\/#organization","name":"invest.medic store","alternateName":"investmedic store","url":"https:\/\/investmedic-store.com\/","logo":{"@type":"ImageObject","inLanguage":"fr-FR","@id":"https:\/\/investmedic-store.com\/#\/schema\/logo\/image\/","url":"https:\/\/investmedic-store.com\/wp-content\/uploads\/2023\/07\/cropped-LOGO_INVEST-transformed-removebg-preview-transformed-1-e1690120839263.png","contentUrl":"https:\/\/investmedic-store.com\/wp-content\/uploads\/2023\/07\/cropped-LOGO_INVEST-transformed-removebg-preview-transformed-1-e1690120839263.png","width":512,"height":512,"caption":"invest.medic store"},"image":{"@id":"https:\/\/investmedic-store.com\/#\/schema\/logo\/image\/"},"sameAs":["https:\/\/www.facebook.com\/invest.medic"]}]}},"_links":{"self":[{"href":"https:\/\/investmedic-store.com\/index.php?rest_route=\/wp\/v2\/product\/2501"}],"collection":[{"href":"https:\/\/investmedic-store.com\/index.php?rest_route=\/wp\/v2\/product"}],"about":[{"href":"https:\/\/investmedic-store.com\/index.php?rest_route=\/wp\/v2\/types\/product"}],"replies":[{"embeddable":true,"href":"https:\/\/investmedic-store.com\/index.php?rest_route=%2Fwp%2Fv2%2Fcomments&post=2501"}],"wp:featuredmedia":[{"embeddable":true,"href":"https:\/\/investmedic-store.com\/index.php?rest_route=\/wp\/v2\/media\/2502"}],"wp:attachment":[{"href":"https:\/\/investmedic-store.com\/index.php?rest_route=%2Fwp%2Fv2%2Fmedia&parent=2501"}],"wp:term":[{"taxonomy":"product_cat","embeddable":true,"href":"https:\/\/investmedic-store.com\/index.php?rest_route=%2Fwp%2Fv2%2Fproduct_cat&post=2501"},{"taxonomy":"product_tag","embeddable":true,"href":"https:\/\/investmedic-store.com\/index.php?rest_route=%2Fwp%2Fv2%2Fproduct_tag&post=2501"}],"curies":[{"name":"wp","href":"https:\/\/api.w.org\/{rel}","templated":true}]}}