{"id":2499,"date":"2023-12-10T09:56:39","date_gmt":"2023-12-10T08:56:39","guid":{"rendered":"https:\/\/investmedic-store.com\/?post_type=product&#038;p=2499"},"modified":"2023-12-10T09:56:39","modified_gmt":"2023-12-10T08:56:39","slug":"cavitation-sliming-lypolaser","status":"publish","type":"product","link":"https:\/\/investmedic-store.com\/?product=cavitation-sliming-lypolaser","title":{"rendered":"Cavitation Sliming Lypolaser"},"content":{"rendered":"<div>\n<p><span class=\"OYPEnA text-decoration-none text-strikethrough-none\">Cavitation Sliming Lypolaser<\/span> est une machine de remodelage corporel multifonctionnelle. Elle utilise une combinaison de technologies pour cibler les graisses, la cellulite et la peau rel\u00e2ch\u00e9e. La cavitation RF est une technologie non invasive qui utilise des ondes sonores \u00e0 haute fr\u00e9quence pour briser les cellules graisseuses. La radiofr\u00e9quence est une technologie qui utilise la chaleur pour raffermir la peau. La thermoth\u00e9rapie infrarouge est une technologie qui utilise la chaleur pour favoriser la circulation sanguine et l&#8217;\u00e9limination des toxines. La pressoth\u00e9rapie est une technologie qui utilise l&#8217;air comprim\u00e9 pour stimuler le drainage lymphatique. Le massage lymphatique est une technique manuelle qui stimule le drainage lymphatique.<\/p>\n<div>\n<p><strong>Applications:<\/strong><\/p>\n<p>* Perte de poids<\/p>\n<p>* R\u00e9duction de la cellulite<\/p>\n<p>* Remodelage corporel<\/p>\n<p>* Raffermissement de la peau<\/p>\n<div>\n<p><strong>Fonctionnalit\u00e9s:<\/strong><\/p>\n<p>* Cavitation RF<\/p>\n<p>* Radiofr\u00e9quence<\/p>\n<p>* Thermoth\u00e9rapie infrarouge<\/p>\n<p>* Pressoth\u00e9rapie<\/p>\n<p>* Massage lymphatique<\/p>\n<\/div>\n<\/div>\n<\/div>\n","protected":false},"excerpt":{"rendered":"<p><strong>Nom de la machine:<\/strong> <span class=\"OYPEnA text-decoration-none text-strikethrough-none\">Cavitation Sliming Lypolaser<\/span><\/p>\n<p><strong>Fabricant:<\/strong> chine<\/p>\n<p><strong>Type de machine:<\/strong> Equipment de beaut\u00e9<\/p>\n<p><strong>Dimensions:\u00a0<\/strong> 117*56*58CM<\/p>\n<p><strong>Alimentation:<\/strong> 220 V<\/p>\n<p><strong>Puissance:<\/strong> 2500 W<\/p>\n<p><strong>Fonction:<\/strong> Rajeunissement de la peau<\/p>\n<p><strong>pois:<\/strong>\u00a020kg<\/p>\n","protected":false},"featured_media":2500,"comment_status":"open","ping_status":"closed","template":"","meta":{"om_disable_all_campaigns":false,"_joinchat":{"telephone":"+213560998141"}},"product_cat":[162,165],"product_tag":[],"yoast_head":"<!-- This site is optimized with the Yoast SEO plugin v20.12 - https:\/\/yoast.com\/wordpress\/plugins\/seo\/ -->\n<title>Cavitation Sliming Lypolaser - investmedic-store.com<\/title>\n<meta name=\"robots\" content=\"index, follow, max-snippet:-1, max-image-preview:large, max-video-preview:-1\" \/>\n<link rel=\"canonical\" href=\"https:\/\/investmedic-store.com\/?product=cavitation-sliming-lypolaser\" \/>\n<meta property=\"og:locale\" content=\"fr_FR\" \/>\n<meta property=\"og:type\" content=\"article\" \/>\n<meta property=\"og:title\" content=\"Cavitation Sliming Lypolaser - investmedic-store.com\" \/>\n<meta property=\"og:description\" content=\"Nom de la machine: Cavitation Sliming Lypolaser  Fabricant: chine  Type de machine: Equipment de beaut\u00e9  Dimensions:\u00a0 117*56*58CM  Alimentation: 220 V  Puissance: 2500 W  Fonction: Rajeunissement de la peau  pois:\u00a020kg\" \/>\n<meta property=\"og:url\" content=\"https:\/\/investmedic-store.com\/?product=cavitation-sliming-lypolaser\" \/>\n<meta property=\"og:site_name\" content=\"investmedic-store.com\" \/>\n<meta property=\"article:publisher\" content=\"https:\/\/www.facebook.com\/invest.medic\" \/>\n<meta property=\"og:image\" content=\"http:\/\/investmedic-store.com\/wp-content\/uploads\/2023\/12\/7.jpg\" \/>\n\t<meta property=\"og:image:width\" content=\"1587\" \/>\n\t<meta property=\"og:image:height\" content=\"2245\" \/>\n\t<meta property=\"og:image:type\" content=\"image\/jpeg\" \/>\n<meta name=\"twitter:card\" content=\"summary_large_image\" \/>\n<meta name=\"twitter:label1\" content=\"Dur\u00e9e de lecture estim\u00e9e\" \/>\n\t<meta name=\"twitter:data1\" content=\"1 minute\" \/>\n<script type=\"application\/ld+json\" class=\"yoast-schema-graph\">{\"@context\":\"https:\/\/schema.org\",\"@graph\":[{\"@type\":\"WebPage\",\"@id\":\"https:\/\/investmedic-store.com\/?product=cavitation-sliming-lypolaser\",\"url\":\"https:\/\/investmedic-store.com\/?product=cavitation-sliming-lypolaser\",\"name\":\"Cavitation Sliming Lypolaser - investmedic-store.com\",\"isPartOf\":{\"@id\":\"https:\/\/investmedic-store.com\/#website\"},\"datePublished\":\"2023-12-10T08:56:39+00:00\",\"dateModified\":\"2023-12-10T08:56:39+00:00\",\"breadcrumb\":{\"@id\":\"https:\/\/investmedic-store.com\/?product=cavitation-sliming-lypolaser#breadcrumb\"},\"inLanguage\":\"fr-FR\",\"potentialAction\":[{\"@type\":\"ReadAction\",\"target\":[\"https:\/\/investmedic-store.com\/?product=cavitation-sliming-lypolaser\"]}]},{\"@type\":\"BreadcrumbList\",\"@id\":\"https:\/\/investmedic-store.com\/?product=cavitation-sliming-lypolaser#breadcrumb\",\"itemListElement\":[{\"@type\":\"ListItem\",\"position\":1,\"name\":\"Accueil\",\"item\":\"https:\/\/investmedic-store.com\/\"},{\"@type\":\"ListItem\",\"position\":2,\"name\":\"Shop\",\"item\":\"https:\/\/investmedic-store.com\/?page_id=5\"},{\"@type\":\"ListItem\",\"position\":3,\"name\":\"Cavitation Sliming Lypolaser\"}]},{\"@type\":\"WebSite\",\"@id\":\"https:\/\/investmedic-store.com\/#website\",\"url\":\"https:\/\/investmedic-store.com\/\",\"name\":\"invest medic store\",\"description\":\"Importation &amp; Distribution Du Materiels Medico-Chirurgicales - \u0627\u0633\u062a\u064a\u0631\u0627\u062f \u0648\u062a\u0648\u0632\u064a\u0639 \u0627\u0644\u0645\u0648\u0627\u062f \u0627\u0644\u0637\u0628\u064a\u0629 \u0627\u0644\u062c\u0631\u0627\u062d\u064a\u0629\",\"publisher\":{\"@id\":\"https:\/\/investmedic-store.com\/#organization\"},\"alternateName\":\"investmedic store\",\"potentialAction\":[{\"@type\":\"SearchAction\",\"target\":{\"@type\":\"EntryPoint\",\"urlTemplate\":\"https:\/\/investmedic-store.com\/?s={search_term_string}\"},\"query-input\":\"required name=search_term_string\"}],\"inLanguage\":\"fr-FR\"},{\"@type\":\"Organization\",\"@id\":\"https:\/\/investmedic-store.com\/#organization\",\"name\":\"invest.medic store\",\"alternateName\":\"investmedic store\",\"url\":\"https:\/\/investmedic-store.com\/\",\"logo\":{\"@type\":\"ImageObject\",\"inLanguage\":\"fr-FR\",\"@id\":\"https:\/\/investmedic-store.com\/#\/schema\/logo\/image\/\",\"url\":\"https:\/\/investmedic-store.com\/wp-content\/uploads\/2023\/07\/cropped-LOGO_INVEST-transformed-removebg-preview-transformed-1-e1690120839263.png\",\"contentUrl\":\"https:\/\/investmedic-store.com\/wp-content\/uploads\/2023\/07\/cropped-LOGO_INVEST-transformed-removebg-preview-transformed-1-e1690120839263.png\",\"width\":512,\"height\":512,\"caption\":\"invest.medic store\"},\"image\":{\"@id\":\"https:\/\/investmedic-store.com\/#\/schema\/logo\/image\/\"},\"sameAs\":[\"https:\/\/www.facebook.com\/invest.medic\"]}]}<\/script>\n<!-- \/ Yoast SEO plugin. -->","yoast_head_json":{"title":"Cavitation Sliming Lypolaser - investmedic-store.com","robots":{"index":"index","follow":"follow","max-snippet":"max-snippet:-1","max-image-preview":"max-image-preview:large","max-video-preview":"max-video-preview:-1"},"canonical":"https:\/\/investmedic-store.com\/?product=cavitation-sliming-lypolaser","og_locale":"fr_FR","og_type":"article","og_title":"Cavitation Sliming Lypolaser - investmedic-store.com","og_description":"Nom de la machine: Cavitation Sliming Lypolaser  Fabricant: chine  Type de machine: Equipment de beaut\u00e9  Dimensions:\u00a0 117*56*58CM  Alimentation: 220 V  Puissance: 2500 W  Fonction: Rajeunissement de la peau  pois:\u00a020kg","og_url":"https:\/\/investmedic-store.com\/?product=cavitation-sliming-lypolaser","og_site_name":"investmedic-store.com","article_publisher":"https:\/\/www.facebook.com\/invest.medic","og_image":[{"width":1587,"height":2245,"url":"http:\/\/investmedic-store.com\/wp-content\/uploads\/2023\/12\/7.jpg","type":"image\/jpeg"}],"twitter_card":"summary_large_image","twitter_misc":{"Dur\u00e9e de lecture estim\u00e9e":"1 minute"},"schema":{"@context":"https:\/\/schema.org","@graph":[{"@type":"WebPage","@id":"https:\/\/investmedic-store.com\/?product=cavitation-sliming-lypolaser","url":"https:\/\/investmedic-store.com\/?product=cavitation-sliming-lypolaser","name":"Cavitation Sliming Lypolaser - investmedic-store.com","isPartOf":{"@id":"https:\/\/investmedic-store.com\/#website"},"datePublished":"2023-12-10T08:56:39+00:00","dateModified":"2023-12-10T08:56:39+00:00","breadcrumb":{"@id":"https:\/\/investmedic-store.com\/?product=cavitation-sliming-lypolaser#breadcrumb"},"inLanguage":"fr-FR","potentialAction":[{"@type":"ReadAction","target":["https:\/\/investmedic-store.com\/?product=cavitation-sliming-lypolaser"]}]},{"@type":"BreadcrumbList","@id":"https:\/\/investmedic-store.com\/?product=cavitation-sliming-lypolaser#breadcrumb","itemListElement":[{"@type":"ListItem","position":1,"name":"Accueil","item":"https:\/\/investmedic-store.com\/"},{"@type":"ListItem","position":2,"name":"Shop","item":"https:\/\/investmedic-store.com\/?page_id=5"},{"@type":"ListItem","position":3,"name":"Cavitation Sliming Lypolaser"}]},{"@type":"WebSite","@id":"https:\/\/investmedic-store.com\/#website","url":"https:\/\/investmedic-store.com\/","name":"invest medic store","description":"Importation &amp; Distribution Du Materiels Medico-Chirurgicales - \u0627\u0633\u062a\u064a\u0631\u0627\u062f \u0648\u062a\u0648\u0632\u064a\u0639 \u0627\u0644\u0645\u0648\u0627\u062f \u0627\u0644\u0637\u0628\u064a\u0629 \u0627\u0644\u062c\u0631\u0627\u062d\u064a\u0629","publisher":{"@id":"https:\/\/investmedic-store.com\/#organization"},"alternateName":"investmedic store","potentialAction":[{"@type":"SearchAction","target":{"@type":"EntryPoint","urlTemplate":"https:\/\/investmedic-store.com\/?s={search_term_string}"},"query-input":"required name=search_term_string"}],"inLanguage":"fr-FR"},{"@type":"Organization","@id":"https:\/\/investmedic-store.com\/#organization","name":"invest.medic store","alternateName":"investmedic store","url":"https:\/\/investmedic-store.com\/","logo":{"@type":"ImageObject","inLanguage":"fr-FR","@id":"https:\/\/investmedic-store.com\/#\/schema\/logo\/image\/","url":"https:\/\/investmedic-store.com\/wp-content\/uploads\/2023\/07\/cropped-LOGO_INVEST-transformed-removebg-preview-transformed-1-e1690120839263.png","contentUrl":"https:\/\/investmedic-store.com\/wp-content\/uploads\/2023\/07\/cropped-LOGO_INVEST-transformed-removebg-preview-transformed-1-e1690120839263.png","width":512,"height":512,"caption":"invest.medic store"},"image":{"@id":"https:\/\/investmedic-store.com\/#\/schema\/logo\/image\/"},"sameAs":["https:\/\/www.facebook.com\/invest.medic"]}]}},"_links":{"self":[{"href":"https:\/\/investmedic-store.com\/index.php?rest_route=\/wp\/v2\/product\/2499"}],"collection":[{"href":"https:\/\/investmedic-store.com\/index.php?rest_route=\/wp\/v2\/product"}],"about":[{"href":"https:\/\/investmedic-store.com\/index.php?rest_route=\/wp\/v2\/types\/product"}],"replies":[{"embeddable":true,"href":"https:\/\/investmedic-store.com\/index.php?rest_route=%2Fwp%2Fv2%2Fcomments&post=2499"}],"wp:featuredmedia":[{"embeddable":true,"href":"https:\/\/investmedic-store.com\/index.php?rest_route=\/wp\/v2\/media\/2500"}],"wp:attachment":[{"href":"https:\/\/investmedic-store.com\/index.php?rest_route=%2Fwp%2Fv2%2Fmedia&parent=2499"}],"wp:term":[{"taxonomy":"product_cat","embeddable":true,"href":"https:\/\/investmedic-store.com\/index.php?rest_route=%2Fwp%2Fv2%2Fproduct_cat&post=2499"},{"taxonomy":"product_tag","embeddable":true,"href":"https:\/\/investmedic-store.com\/index.php?rest_route=%2Fwp%2Fv2%2Fproduct_tag&post=2499"}],"curies":[{"name":"wp","href":"https:\/\/api.w.org\/{rel}","templated":true}]}}