{"id":2497,"date":"2023-12-09T12:29:15","date_gmt":"2023-12-09T11:29:15","guid":{"rendered":"https:\/\/investmedic-store.com\/?post_type=product&#038;p=2497"},"modified":"2023-12-09T12:29:15","modified_gmt":"2023-12-09T11:29:15","slug":"led-therapy-pdt-7-couleurs","status":"publish","type":"product","link":"https:\/\/investmedic-store.com\/?product=led-therapy-pdt-7-couleurs","title":{"rendered":"LED THERAPY PDT 7 COULEURS"},"content":{"rendered":"<div>\n<div>\n<p><strong>Description:<\/strong><\/p>\n<p>Cette LED THERAPY PDT 7 COULEURS multifonctions est un appareil portable et facile \u00e0 utiliser. Elle est \u00e9quip\u00e9e de 7 couleurs de lumi\u00e8re diff\u00e9rentes Rouge, Bleu, jaune , jaune et bleu, rouge et jaune, rouge et bleu, rouge et jaune, bleu et rouge et jaune<\/p>\n<ul>\n<li>Lumi\u00e8re rouge: La lumi\u00e8re rouge a une longueur d&#8217;onde de 640 nm. Elle favorise le m\u00e9tabolisme de la peau, ce qui am\u00e9liore son \u00e9lasticit\u00e9.<\/li>\n<li>Lumi\u00e8re bleue: La lumi\u00e8re bleue a une longueur d&#8217;onde de 415 nm. Elle inhibe l&#8217;inflammation et l&#8217;acn\u00e9.<\/li>\n<li>Lumi\u00e8re jaune: La lumi\u00e8re jaune a une longueur d&#8217;onde de 580 nm. Elle r\u00e9g\u00e9n\u00e8re les cellules de la peau, casse les pigments, am\u00e9liore la rugosit\u00e9 de la peau et r\u00e9duit les rides.<\/li>\n<li>Lumi\u00e8re rouge et bleue: La lumi\u00e8re rouge et bleue combine les effets des deux types de lumi\u00e8re. Elle favorise le m\u00e9tabolisme de la peau, am\u00e9liore son \u00e9lasticit\u00e9, inhibe l&#8217;inflammation et l&#8217;acn\u00e9. Lumi\u00e8re bleue et jaune: La lumi\u00e8re bleue et jaune combine les effets des deux types de lumi\u00e8re. Elle inhibe l&#8217;inflammation, l&#8217;acn\u00e9, am\u00e9liore la rugosit\u00e9 de la peau et r\u00e9duit les rides.<\/li>\n<li>La lumi\u00e8re rouge et jaune\u00a0stimule le m\u00e9tabolisme de la peau, am\u00e9liore son \u00e9lasticit\u00e9 et r\u00e9duit les rides.<\/li>\n<li>Lumi\u00e8re rouge, bleue et jaune: La lumi\u00e8re rouge, bleue et jaune combine les effets des trois types de lumi\u00e8re. Elle favorise le m\u00e9tabolisme de la peau, am\u00e9liore son \u00e9lasticit\u00e9, inhibe l&#8217;inflammation, l&#8217;acn\u00e9, am\u00e9liore la rugosit\u00e9 de la peau et r\u00e9duit les rides.<\/li>\n<\/ul>\n<p>Cette lampe LED peut \u00eatre utilis\u00e9e pour une vari\u00e9t\u00e9 de traitements, notamment : Th\u00e9rapie par photobiomodulation (PBM) : la PBM est une technique non invasive qui utilise la lumi\u00e8re LED pour stimuler la gu\u00e9rison des tissus et des cellules. Elle peut \u00eatre utilis\u00e9e pour traiter une vari\u00e9t\u00e9 d&#8217;affections, notamment les blessures, les douleurs chroniques et les troubles de la peau. Soins de beaut\u00e9 : la lumi\u00e8re LED peut \u00eatre utilis\u00e9e pour am\u00e9liorer la texture de la peau, r\u00e9duire les rides et les imperfections, et stimuler la croissance des cheveux.<\/p>\n<p class=\"cvGsUA direction-ltr align-center para-style-body\"><strong><span class=\"OYPEnA text-decoration-none text-strikethrough-none\">Applications:<\/span><\/strong><\/p>\n<p class=\"cvGsUA direction-ltr align-center para-style-body\"><span class=\"OYPEnA text-decoration-none text-strikethrough-none\">Les diff\u00e9rents types de lumi\u00e8re peuvent \u00eatre utilis\u00e9s pour traiter une vari\u00e9t\u00e9 de probl\u00e8mes cutan\u00e9s, notamment :<\/span><\/p>\n<ul>\n<li class=\"cvGsUA direction-ltr align-center para-style-body\"><span class=\"OYPEnA text-decoration-none text-strikethrough-none\">L&#8217;acn\u00e9<\/span><\/li>\n<li class=\"cvGsUA direction-ltr align-center para-style-body\"><span class=\"OYPEnA text-decoration-none text-strikethrough-none\">Les rides<\/span><\/li>\n<li class=\"cvGsUA direction-ltr align-center para-style-body\"><span class=\"OYPEnA text-decoration-none text-strikethrough-none\">Les taches brunes<\/span><\/li>\n<li class=\"cvGsUA direction-ltr align-center para-style-body\"><span class=\"OYPEnA text-decoration-none text-strikethrough-none\">Les cicatrices<\/span><\/li>\n<li class=\"cvGsUA direction-ltr align-center para-style-body\"><span class=\"OYPEnA text-decoration-none text-strikethrough-none\">La rougeur<\/span><\/li>\n<\/ul>\n<\/div>\n<\/div>\n","protected":false},"excerpt":{"rendered":"<p>Nom de la machine: LED THERAPY PDT 7 COULEURS<\/p>\n<p>Type de machine: LED THERAPY<\/p>\n<p>\u00c9cran de commande :Contr\u00f4le num\u00e9rique<\/p>\n<p>Zone de traitement: \u2264 \u00e0 50 cm x 20 cm<\/p>\n<p>Couleurs de LED: Rouge, Bleu, jaune , jaune et bleu, rouge et jaune, rouge et bleu, rouge et jaune, bleu et rouge et jaune<\/p>\n<p>Fr\u00e9quence lumineuse: 0 \u00e0 110 Hz<\/p>\n<p>Nombre de LED: 760 par couleur<\/p>\n<p>Alimentation \u00e9lectrique: 110 V CA \u00e0 240 V CA, 50 Hz\/60 Hz<\/p>\n<p>Dimensions: 70 cm x 45 cm x 142 cm<\/p>\n<p>Poids brut: 18 kg<\/p>\n<p>Puissance Lumineuse: 1\u00e010 Niveaux<\/p>\n<p>Rouge max: 40mw Bleu max: 60mw Jaune max:40mw<\/p>\n<p>Nombres de LED: 1260 LED<\/p>\n","protected":false},"featured_media":2498,"comment_status":"open","ping_status":"closed","template":"","meta":{"om_disable_all_campaigns":false,"_joinchat":[]},"product_cat":[15,162],"product_tag":[],"yoast_head":"<!-- This site is optimized with the Yoast SEO plugin v20.12 - https:\/\/yoast.com\/wordpress\/plugins\/seo\/ -->\n<title>LED THERAPY PDT 7 COULEURS - investmedic-store.com<\/title>\n<meta name=\"robots\" content=\"index, follow, max-snippet:-1, max-image-preview:large, max-video-preview:-1\" \/>\n<link rel=\"canonical\" href=\"https:\/\/investmedic-store.com\/?product=led-therapy-pdt-7-couleurs\" \/>\n<meta property=\"og:locale\" content=\"fr_FR\" \/>\n<meta property=\"og:type\" content=\"article\" \/>\n<meta property=\"og:title\" content=\"LED THERAPY PDT 7 COULEURS - investmedic-store.com\" \/>\n<meta property=\"og:description\" content=\"Nom de la machine: LED THERAPY PDT 7 COULEURS  Type de machine: LED THERAPY  \u00c9cran de commande :Contr\u00f4le num\u00e9rique  Zone de traitement: \u2264 \u00e0 50 cm x 20 cm  Couleurs de LED: Rouge, Bleu, jaune , jaune et bleu, rouge et jaune, rouge et bleu, rouge et jaune, bleu et rouge et jaune  Fr\u00e9quence lumineuse: 0 \u00e0 110 Hz  Nombre de LED: 760 par couleur  Alimentation \u00e9lectrique: 110 V CA \u00e0 240 V CA, 50 Hz\/60 Hz  Dimensions: 70 cm x 45 cm x 142 cm  Poids brut: 18 kg  Puissance Lumineuse: 1\u00e010 Niveaux  Rouge max: 40mw Bleu max: 60mw Jaune max:40mw  Nombres de LED: 1260 LED\" \/>\n<meta property=\"og:url\" content=\"https:\/\/investmedic-store.com\/?product=led-therapy-pdt-7-couleurs\" \/>\n<meta property=\"og:site_name\" content=\"investmedic-store.com\" \/>\n<meta property=\"article:publisher\" content=\"https:\/\/www.facebook.com\/invest.medic\" \/>\n<meta property=\"og:image\" content=\"http:\/\/investmedic-store.com\/wp-content\/uploads\/2023\/12\/LAMP-LED-7-COULEURS.jpg\" \/>\n\t<meta property=\"og:image:width\" content=\"1587\" \/>\n\t<meta property=\"og:image:height\" content=\"2245\" \/>\n\t<meta property=\"og:image:type\" content=\"image\/jpeg\" \/>\n<meta name=\"twitter:card\" content=\"summary_large_image\" \/>\n<meta name=\"twitter:label1\" content=\"Dur\u00e9e de lecture estim\u00e9e\" \/>\n\t<meta name=\"twitter:data1\" content=\"2 minutes\" \/>\n<script type=\"application\/ld+json\" class=\"yoast-schema-graph\">{\"@context\":\"https:\/\/schema.org\",\"@graph\":[{\"@type\":\"WebPage\",\"@id\":\"https:\/\/investmedic-store.com\/?product=led-therapy-pdt-7-couleurs\",\"url\":\"https:\/\/investmedic-store.com\/?product=led-therapy-pdt-7-couleurs\",\"name\":\"LED THERAPY PDT 7 COULEURS - investmedic-store.com\",\"isPartOf\":{\"@id\":\"https:\/\/investmedic-store.com\/#website\"},\"datePublished\":\"2023-12-09T11:29:15+00:00\",\"dateModified\":\"2023-12-09T11:29:15+00:00\",\"breadcrumb\":{\"@id\":\"https:\/\/investmedic-store.com\/?product=led-therapy-pdt-7-couleurs#breadcrumb\"},\"inLanguage\":\"fr-FR\",\"potentialAction\":[{\"@type\":\"ReadAction\",\"target\":[\"https:\/\/investmedic-store.com\/?product=led-therapy-pdt-7-couleurs\"]}]},{\"@type\":\"BreadcrumbList\",\"@id\":\"https:\/\/investmedic-store.com\/?product=led-therapy-pdt-7-couleurs#breadcrumb\",\"itemListElement\":[{\"@type\":\"ListItem\",\"position\":1,\"name\":\"Accueil\",\"item\":\"https:\/\/investmedic-store.com\/\"},{\"@type\":\"ListItem\",\"position\":2,\"name\":\"Shop\",\"item\":\"https:\/\/investmedic-store.com\/?page_id=5\"},{\"@type\":\"ListItem\",\"position\":3,\"name\":\"LED THERAPY PDT 7 COULEURS\"}]},{\"@type\":\"WebSite\",\"@id\":\"https:\/\/investmedic-store.com\/#website\",\"url\":\"https:\/\/investmedic-store.com\/\",\"name\":\"invest medic store\",\"description\":\"Importation &amp; Distribution Du Materiels Medico-Chirurgicales - \u0627\u0633\u062a\u064a\u0631\u0627\u062f \u0648\u062a\u0648\u0632\u064a\u0639 \u0627\u0644\u0645\u0648\u0627\u062f \u0627\u0644\u0637\u0628\u064a\u0629 \u0627\u0644\u062c\u0631\u0627\u062d\u064a\u0629\",\"publisher\":{\"@id\":\"https:\/\/investmedic-store.com\/#organization\"},\"alternateName\":\"investmedic store\",\"potentialAction\":[{\"@type\":\"SearchAction\",\"target\":{\"@type\":\"EntryPoint\",\"urlTemplate\":\"https:\/\/investmedic-store.com\/?s={search_term_string}\"},\"query-input\":\"required name=search_term_string\"}],\"inLanguage\":\"fr-FR\"},{\"@type\":\"Organization\",\"@id\":\"https:\/\/investmedic-store.com\/#organization\",\"name\":\"invest.medic store\",\"alternateName\":\"investmedic store\",\"url\":\"https:\/\/investmedic-store.com\/\",\"logo\":{\"@type\":\"ImageObject\",\"inLanguage\":\"fr-FR\",\"@id\":\"https:\/\/investmedic-store.com\/#\/schema\/logo\/image\/\",\"url\":\"https:\/\/investmedic-store.com\/wp-content\/uploads\/2023\/07\/cropped-LOGO_INVEST-transformed-removebg-preview-transformed-1-e1690120839263.png\",\"contentUrl\":\"https:\/\/investmedic-store.com\/wp-content\/uploads\/2023\/07\/cropped-LOGO_INVEST-transformed-removebg-preview-transformed-1-e1690120839263.png\",\"width\":512,\"height\":512,\"caption\":\"invest.medic store\"},\"image\":{\"@id\":\"https:\/\/investmedic-store.com\/#\/schema\/logo\/image\/\"},\"sameAs\":[\"https:\/\/www.facebook.com\/invest.medic\"]}]}<\/script>\n<!-- \/ Yoast SEO plugin. -->","yoast_head_json":{"title":"LED THERAPY PDT 7 COULEURS - investmedic-store.com","robots":{"index":"index","follow":"follow","max-snippet":"max-snippet:-1","max-image-preview":"max-image-preview:large","max-video-preview":"max-video-preview:-1"},"canonical":"https:\/\/investmedic-store.com\/?product=led-therapy-pdt-7-couleurs","og_locale":"fr_FR","og_type":"article","og_title":"LED THERAPY PDT 7 COULEURS - investmedic-store.com","og_description":"Nom de la machine: LED THERAPY PDT 7 COULEURS  Type de machine: LED THERAPY  \u00c9cran de commande :Contr\u00f4le num\u00e9rique  Zone de traitement: \u2264 \u00e0 50 cm x 20 cm  Couleurs de LED: Rouge, Bleu, jaune , jaune et bleu, rouge et jaune, rouge et bleu, rouge et jaune, bleu et rouge et jaune  Fr\u00e9quence lumineuse: 0 \u00e0 110 Hz  Nombre de LED: 760 par couleur  Alimentation \u00e9lectrique: 110 V CA \u00e0 240 V CA, 50 Hz\/60 Hz  Dimensions: 70 cm x 45 cm x 142 cm  Poids brut: 18 kg  Puissance Lumineuse: 1\u00e010 Niveaux  Rouge max: 40mw Bleu max: 60mw Jaune max:40mw  Nombres de LED: 1260 LED","og_url":"https:\/\/investmedic-store.com\/?product=led-therapy-pdt-7-couleurs","og_site_name":"investmedic-store.com","article_publisher":"https:\/\/www.facebook.com\/invest.medic","og_image":[{"width":1587,"height":2245,"url":"http:\/\/investmedic-store.com\/wp-content\/uploads\/2023\/12\/LAMP-LED-7-COULEURS.jpg","type":"image\/jpeg"}],"twitter_card":"summary_large_image","twitter_misc":{"Dur\u00e9e de lecture estim\u00e9e":"2 minutes"},"schema":{"@context":"https:\/\/schema.org","@graph":[{"@type":"WebPage","@id":"https:\/\/investmedic-store.com\/?product=led-therapy-pdt-7-couleurs","url":"https:\/\/investmedic-store.com\/?product=led-therapy-pdt-7-couleurs","name":"LED THERAPY PDT 7 COULEURS - investmedic-store.com","isPartOf":{"@id":"https:\/\/investmedic-store.com\/#website"},"datePublished":"2023-12-09T11:29:15+00:00","dateModified":"2023-12-09T11:29:15+00:00","breadcrumb":{"@id":"https:\/\/investmedic-store.com\/?product=led-therapy-pdt-7-couleurs#breadcrumb"},"inLanguage":"fr-FR","potentialAction":[{"@type":"ReadAction","target":["https:\/\/investmedic-store.com\/?product=led-therapy-pdt-7-couleurs"]}]},{"@type":"BreadcrumbList","@id":"https:\/\/investmedic-store.com\/?product=led-therapy-pdt-7-couleurs#breadcrumb","itemListElement":[{"@type":"ListItem","position":1,"name":"Accueil","item":"https:\/\/investmedic-store.com\/"},{"@type":"ListItem","position":2,"name":"Shop","item":"https:\/\/investmedic-store.com\/?page_id=5"},{"@type":"ListItem","position":3,"name":"LED THERAPY PDT 7 COULEURS"}]},{"@type":"WebSite","@id":"https:\/\/investmedic-store.com\/#website","url":"https:\/\/investmedic-store.com\/","name":"invest medic store","description":"Importation &amp; Distribution Du Materiels Medico-Chirurgicales - \u0627\u0633\u062a\u064a\u0631\u0627\u062f \u0648\u062a\u0648\u0632\u064a\u0639 \u0627\u0644\u0645\u0648\u0627\u062f \u0627\u0644\u0637\u0628\u064a\u0629 \u0627\u0644\u062c\u0631\u0627\u062d\u064a\u0629","publisher":{"@id":"https:\/\/investmedic-store.com\/#organization"},"alternateName":"investmedic store","potentialAction":[{"@type":"SearchAction","target":{"@type":"EntryPoint","urlTemplate":"https:\/\/investmedic-store.com\/?s={search_term_string}"},"query-input":"required name=search_term_string"}],"inLanguage":"fr-FR"},{"@type":"Organization","@id":"https:\/\/investmedic-store.com\/#organization","name":"invest.medic store","alternateName":"investmedic store","url":"https:\/\/investmedic-store.com\/","logo":{"@type":"ImageObject","inLanguage":"fr-FR","@id":"https:\/\/investmedic-store.com\/#\/schema\/logo\/image\/","url":"https:\/\/investmedic-store.com\/wp-content\/uploads\/2023\/07\/cropped-LOGO_INVEST-transformed-removebg-preview-transformed-1-e1690120839263.png","contentUrl":"https:\/\/investmedic-store.com\/wp-content\/uploads\/2023\/07\/cropped-LOGO_INVEST-transformed-removebg-preview-transformed-1-e1690120839263.png","width":512,"height":512,"caption":"invest.medic store"},"image":{"@id":"https:\/\/investmedic-store.com\/#\/schema\/logo\/image\/"},"sameAs":["https:\/\/www.facebook.com\/invest.medic"]}]}},"_links":{"self":[{"href":"https:\/\/investmedic-store.com\/index.php?rest_route=\/wp\/v2\/product\/2497"}],"collection":[{"href":"https:\/\/investmedic-store.com\/index.php?rest_route=\/wp\/v2\/product"}],"about":[{"href":"https:\/\/investmedic-store.com\/index.php?rest_route=\/wp\/v2\/types\/product"}],"replies":[{"embeddable":true,"href":"https:\/\/investmedic-store.com\/index.php?rest_route=%2Fwp%2Fv2%2Fcomments&post=2497"}],"wp:featuredmedia":[{"embeddable":true,"href":"https:\/\/investmedic-store.com\/index.php?rest_route=\/wp\/v2\/media\/2498"}],"wp:attachment":[{"href":"https:\/\/investmedic-store.com\/index.php?rest_route=%2Fwp%2Fv2%2Fmedia&parent=2497"}],"wp:term":[{"taxonomy":"product_cat","embeddable":true,"href":"https:\/\/investmedic-store.com\/index.php?rest_route=%2Fwp%2Fv2%2Fproduct_cat&post=2497"},{"taxonomy":"product_tag","embeddable":true,"href":"https:\/\/investmedic-store.com\/index.php?rest_route=%2Fwp%2Fv2%2Fproduct_tag&post=2497"}],"curies":[{"name":"wp","href":"https:\/\/api.w.org\/{rel}","templated":true}]}}