{"id":2493,"date":"2023-12-09T11:45:54","date_gmt":"2023-12-09T10:45:54","guid":{"rendered":"https:\/\/investmedic-store.com\/?post_type=product&#038;p=2493"},"modified":"2023-12-09T11:48:05","modified_gmt":"2023-12-09T10:48:05","slug":"led-therapy-pdt-3-couleurs","status":"publish","type":"product","link":"https:\/\/investmedic-store.com\/?product=led-therapy-pdt-3-couleurs","title":{"rendered":"LED THERAPY PDT 3 COULEURS"},"content":{"rendered":"<div>\n<div>\n<p><strong>Applications:<\/strong><\/p>\n<p>Le dispositif peut \u00eatre utilis\u00e9 pour traiter une vari\u00e9t\u00e9 de probl\u00e8mes de peau, notamment : Rides et ridules Acn\u00e9 Vergetures Cicatrices Teinte de peau in\u00e9gale Peau terne<\/p>\n<p><span class=\"OYPEnA text-decoration-none text-strikethrough-none\">Le dispositif utilise trois types de lumi\u00e8re : la lumi\u00e8re rouge bleue et la lumi\u00e8re infrarouge.<\/span><\/p>\n<ol>\n<li><span class=\"OYPEnA text-decoration-none text-strikethrough-none\">La lumi\u00e8re rouge bioactive de 630 nm peut stimuler la couche fasciale de la peau, s\u00e9cr\u00e9ter une grande quantit\u00e9 de collag\u00e8ne et rendre la base musculaire abondante, ce qui est favorable \u00e0 la r\u00e9g\u00e9n\u00e9ration de la peau, \u00e0 la cicatrisation des plaies et aux soins capillaires.<\/span><\/li>\n<li><span class=\"OYPEnA text-decoration-none text-strikethrough-none\">La lumi\u00e8re bleue (465 nm) agit sur la surface de la peau et aide \u00e0 soulager l&#8217;acn\u00e9 e, \u00e0 inhiber les glandes s\u00e9bac\u00e9es, \u00e0 pr\u00e9venir les infections des plaies et \u00e0 apaiser les peaux allergiques.<\/span><\/li>\n<li><span class=\"OYPEnA text-decoration-none text-strikethrough-none\">La lumi\u00e8re infrarouge (850 nm) favorise la dilatation des vaisseaux sanguins, acc\u00e9l\u00e8re la circulation sanguine, am\u00e9liore le m\u00e9tabolisme des tissus, active les cellules tissulaires et soulage l&#8217;inflammation et la douleur.<\/span><\/li>\n<\/ol>\n<\/div>\n<ul>\n<li>La lumi\u00e8re p\u00e9n\u00e8tre dans la couche graisseuse sous-cutan\u00e9e par le biais de l&#8217;appareil.<\/li>\n<li>Les mitochondries, pr\u00e9sentes dans les cellules, absorbent l&#8217;\u00e9nergie de la lumi\u00e8re et passent \u00e0 un \u00e9tat actif.<\/li>\n<li>Les mitochondries actives produisent de l&#8217;ATP, une mol\u00e9cule d&#8217;\u00e9nergie importante pour les cellules.<\/li>\n<li>Elles favorisent \u00e9galement la r\u00e9g\u00e9n\u00e9ration cellulaire, ce qui signifie que les cellules anciennes sont remplac\u00e9es par de nouvelles cellules.<\/li>\n<li>La lumi\u00e8re forte aide \u00e9galement \u00e0 am\u00e9liorer la microcirculation, \u00e0 favoriser la r\u00e9g\u00e9n\u00e9ration cellulaire et \u00e0 produire du collag\u00e8ne et de l&#8217;\u00e9lastine.<\/li>\n<\/ul>\n<\/div>\n<p>&nbsp;<\/p>\n<p>&nbsp;<\/p>\n","protected":false},"excerpt":{"rendered":"<p>Nom de la machine: LED THERAPY PDT 3 COULEURS<\/p>\n<p>Type de machine: LED THERAPY<\/p>\n<p>\u00c9cran de commande: Contr\u00f4le num\u00e9rique<\/p>\n<p>Zone de traitement: \u2264 \u00e0 50 cm x 20 cm:<\/p>\n<p>Couleurs de LED: Rouge, Bleu, et infrarouge<\/p>\n<p>Fr\u00e9quence lumineuse:\u00a00 \u00e0 110 Hz<\/p>\n<p>Nombre de LED:\u00a0760 par couleur<\/p>\n<p>Alimentation \u00e9lectrique: 110 V CA \u00e0 240 V CA, 50 Hz\/60 Hz<\/p>\n<p>Dimensions: 58 x 54 x 43 cm<\/p>\n<p>Poids brut: 18 kg<\/p>\n<p>&nbsp;<\/p>\n","protected":false},"featured_media":2494,"comment_status":"open","ping_status":"closed","template":"","meta":{"om_disable_all_campaigns":false,"_joinchat":[]},"product_cat":[15],"product_tag":[],"yoast_head":"<!-- This site is optimized with the Yoast SEO plugin v20.12 - https:\/\/yoast.com\/wordpress\/plugins\/seo\/ -->\n<title>LED THERAPY PDT 3 COULEURS - investmedic-store.com<\/title>\n<meta name=\"robots\" content=\"index, follow, max-snippet:-1, max-image-preview:large, max-video-preview:-1\" \/>\n<link rel=\"canonical\" href=\"https:\/\/investmedic-store.com\/?product=led-therapy-pdt-3-couleurs\" \/>\n<meta property=\"og:locale\" content=\"fr_FR\" \/>\n<meta property=\"og:type\" content=\"article\" \/>\n<meta property=\"og:title\" content=\"LED THERAPY PDT 3 COULEURS - investmedic-store.com\" \/>\n<meta property=\"og:description\" content=\"Nom de la machine: LED THERAPY PDT 3 COULEURS  Type de machine: LED THERAPY  \u00c9cran de commande: Contr\u00f4le num\u00e9rique  Zone de traitement: \u2264 \u00e0 50 cm x 20 cm:  Couleurs de LED: Rouge, Bleu, et infrarouge  Fr\u00e9quence lumineuse:\u00a00 \u00e0 110 Hz  Nombre de LED:\u00a0760 par couleur  Alimentation \u00e9lectrique: 110 V CA \u00e0 240 V CA, 50 Hz\/60 Hz  Dimensions: 58 x 54 x 43 cm  Poids brut: 18 kg  &nbsp;\" \/>\n<meta property=\"og:url\" content=\"https:\/\/investmedic-store.com\/?product=led-therapy-pdt-3-couleurs\" \/>\n<meta property=\"og:site_name\" content=\"investmedic-store.com\" \/>\n<meta property=\"article:publisher\" content=\"https:\/\/www.facebook.com\/invest.medic\" \/>\n<meta property=\"article:modified_time\" content=\"2023-12-09T10:48:05+00:00\" \/>\n<meta property=\"og:image\" content=\"http:\/\/investmedic-store.com\/wp-content\/uploads\/2023\/12\/4.jpg\" \/>\n\t<meta property=\"og:image:width\" content=\"1587\" \/>\n\t<meta property=\"og:image:height\" content=\"2245\" \/>\n\t<meta property=\"og:image:type\" content=\"image\/jpeg\" \/>\n<meta name=\"twitter:card\" content=\"summary_large_image\" \/>\n<meta name=\"twitter:label1\" content=\"Dur\u00e9e de lecture estim\u00e9e\" \/>\n\t<meta name=\"twitter:data1\" content=\"2 minutes\" \/>\n<script type=\"application\/ld+json\" class=\"yoast-schema-graph\">{\"@context\":\"https:\/\/schema.org\",\"@graph\":[{\"@type\":\"WebPage\",\"@id\":\"https:\/\/investmedic-store.com\/?product=led-therapy-pdt-3-couleurs\",\"url\":\"https:\/\/investmedic-store.com\/?product=led-therapy-pdt-3-couleurs\",\"name\":\"LED THERAPY PDT 3 COULEURS - investmedic-store.com\",\"isPartOf\":{\"@id\":\"https:\/\/investmedic-store.com\/#website\"},\"datePublished\":\"2023-12-09T10:45:54+00:00\",\"dateModified\":\"2023-12-09T10:48:05+00:00\",\"breadcrumb\":{\"@id\":\"https:\/\/investmedic-store.com\/?product=led-therapy-pdt-3-couleurs#breadcrumb\"},\"inLanguage\":\"fr-FR\",\"potentialAction\":[{\"@type\":\"ReadAction\",\"target\":[\"https:\/\/investmedic-store.com\/?product=led-therapy-pdt-3-couleurs\"]}]},{\"@type\":\"BreadcrumbList\",\"@id\":\"https:\/\/investmedic-store.com\/?product=led-therapy-pdt-3-couleurs#breadcrumb\",\"itemListElement\":[{\"@type\":\"ListItem\",\"position\":1,\"name\":\"Accueil\",\"item\":\"https:\/\/investmedic-store.com\/\"},{\"@type\":\"ListItem\",\"position\":2,\"name\":\"Shop\",\"item\":\"https:\/\/investmedic-store.com\/?page_id=5\"},{\"@type\":\"ListItem\",\"position\":3,\"name\":\"LED THERAPY PDT 3 COULEURS\"}]},{\"@type\":\"WebSite\",\"@id\":\"https:\/\/investmedic-store.com\/#website\",\"url\":\"https:\/\/investmedic-store.com\/\",\"name\":\"invest medic store\",\"description\":\"Importation &amp; Distribution Du Materiels Medico-Chirurgicales - \u0627\u0633\u062a\u064a\u0631\u0627\u062f \u0648\u062a\u0648\u0632\u064a\u0639 \u0627\u0644\u0645\u0648\u0627\u062f \u0627\u0644\u0637\u0628\u064a\u0629 \u0627\u0644\u062c\u0631\u0627\u062d\u064a\u0629\",\"publisher\":{\"@id\":\"https:\/\/investmedic-store.com\/#organization\"},\"alternateName\":\"investmedic store\",\"potentialAction\":[{\"@type\":\"SearchAction\",\"target\":{\"@type\":\"EntryPoint\",\"urlTemplate\":\"https:\/\/investmedic-store.com\/?s={search_term_string}\"},\"query-input\":\"required name=search_term_string\"}],\"inLanguage\":\"fr-FR\"},{\"@type\":\"Organization\",\"@id\":\"https:\/\/investmedic-store.com\/#organization\",\"name\":\"invest.medic store\",\"alternateName\":\"investmedic store\",\"url\":\"https:\/\/investmedic-store.com\/\",\"logo\":{\"@type\":\"ImageObject\",\"inLanguage\":\"fr-FR\",\"@id\":\"https:\/\/investmedic-store.com\/#\/schema\/logo\/image\/\",\"url\":\"https:\/\/investmedic-store.com\/wp-content\/uploads\/2023\/07\/cropped-LOGO_INVEST-transformed-removebg-preview-transformed-1-e1690120839263.png\",\"contentUrl\":\"https:\/\/investmedic-store.com\/wp-content\/uploads\/2023\/07\/cropped-LOGO_INVEST-transformed-removebg-preview-transformed-1-e1690120839263.png\",\"width\":512,\"height\":512,\"caption\":\"invest.medic store\"},\"image\":{\"@id\":\"https:\/\/investmedic-store.com\/#\/schema\/logo\/image\/\"},\"sameAs\":[\"https:\/\/www.facebook.com\/invest.medic\"]}]}<\/script>\n<!-- \/ Yoast SEO plugin. -->","yoast_head_json":{"title":"LED THERAPY PDT 3 COULEURS - investmedic-store.com","robots":{"index":"index","follow":"follow","max-snippet":"max-snippet:-1","max-image-preview":"max-image-preview:large","max-video-preview":"max-video-preview:-1"},"canonical":"https:\/\/investmedic-store.com\/?product=led-therapy-pdt-3-couleurs","og_locale":"fr_FR","og_type":"article","og_title":"LED THERAPY PDT 3 COULEURS - investmedic-store.com","og_description":"Nom de la machine: LED THERAPY PDT 3 COULEURS  Type de machine: LED THERAPY  \u00c9cran de commande: Contr\u00f4le num\u00e9rique  Zone de traitement: \u2264 \u00e0 50 cm x 20 cm:  Couleurs de LED: Rouge, Bleu, et infrarouge  Fr\u00e9quence lumineuse:\u00a00 \u00e0 110 Hz  Nombre de LED:\u00a0760 par couleur  Alimentation \u00e9lectrique: 110 V CA \u00e0 240 V CA, 50 Hz\/60 Hz  Dimensions: 58 x 54 x 43 cm  Poids brut: 18 kg  &nbsp;","og_url":"https:\/\/investmedic-store.com\/?product=led-therapy-pdt-3-couleurs","og_site_name":"investmedic-store.com","article_publisher":"https:\/\/www.facebook.com\/invest.medic","article_modified_time":"2023-12-09T10:48:05+00:00","og_image":[{"width":1587,"height":2245,"url":"http:\/\/investmedic-store.com\/wp-content\/uploads\/2023\/12\/4.jpg","type":"image\/jpeg"}],"twitter_card":"summary_large_image","twitter_misc":{"Dur\u00e9e de lecture estim\u00e9e":"2 minutes"},"schema":{"@context":"https:\/\/schema.org","@graph":[{"@type":"WebPage","@id":"https:\/\/investmedic-store.com\/?product=led-therapy-pdt-3-couleurs","url":"https:\/\/investmedic-store.com\/?product=led-therapy-pdt-3-couleurs","name":"LED THERAPY PDT 3 COULEURS - investmedic-store.com","isPartOf":{"@id":"https:\/\/investmedic-store.com\/#website"},"datePublished":"2023-12-09T10:45:54+00:00","dateModified":"2023-12-09T10:48:05+00:00","breadcrumb":{"@id":"https:\/\/investmedic-store.com\/?product=led-therapy-pdt-3-couleurs#breadcrumb"},"inLanguage":"fr-FR","potentialAction":[{"@type":"ReadAction","target":["https:\/\/investmedic-store.com\/?product=led-therapy-pdt-3-couleurs"]}]},{"@type":"BreadcrumbList","@id":"https:\/\/investmedic-store.com\/?product=led-therapy-pdt-3-couleurs#breadcrumb","itemListElement":[{"@type":"ListItem","position":1,"name":"Accueil","item":"https:\/\/investmedic-store.com\/"},{"@type":"ListItem","position":2,"name":"Shop","item":"https:\/\/investmedic-store.com\/?page_id=5"},{"@type":"ListItem","position":3,"name":"LED THERAPY PDT 3 COULEURS"}]},{"@type":"WebSite","@id":"https:\/\/investmedic-store.com\/#website","url":"https:\/\/investmedic-store.com\/","name":"invest medic store","description":"Importation &amp; Distribution Du Materiels Medico-Chirurgicales - \u0627\u0633\u062a\u064a\u0631\u0627\u062f \u0648\u062a\u0648\u0632\u064a\u0639 \u0627\u0644\u0645\u0648\u0627\u062f \u0627\u0644\u0637\u0628\u064a\u0629 \u0627\u0644\u062c\u0631\u0627\u062d\u064a\u0629","publisher":{"@id":"https:\/\/investmedic-store.com\/#organization"},"alternateName":"investmedic store","potentialAction":[{"@type":"SearchAction","target":{"@type":"EntryPoint","urlTemplate":"https:\/\/investmedic-store.com\/?s={search_term_string}"},"query-input":"required name=search_term_string"}],"inLanguage":"fr-FR"},{"@type":"Organization","@id":"https:\/\/investmedic-store.com\/#organization","name":"invest.medic store","alternateName":"investmedic store","url":"https:\/\/investmedic-store.com\/","logo":{"@type":"ImageObject","inLanguage":"fr-FR","@id":"https:\/\/investmedic-store.com\/#\/schema\/logo\/image\/","url":"https:\/\/investmedic-store.com\/wp-content\/uploads\/2023\/07\/cropped-LOGO_INVEST-transformed-removebg-preview-transformed-1-e1690120839263.png","contentUrl":"https:\/\/investmedic-store.com\/wp-content\/uploads\/2023\/07\/cropped-LOGO_INVEST-transformed-removebg-preview-transformed-1-e1690120839263.png","width":512,"height":512,"caption":"invest.medic store"},"image":{"@id":"https:\/\/investmedic-store.com\/#\/schema\/logo\/image\/"},"sameAs":["https:\/\/www.facebook.com\/invest.medic"]}]}},"_links":{"self":[{"href":"https:\/\/investmedic-store.com\/index.php?rest_route=\/wp\/v2\/product\/2493"}],"collection":[{"href":"https:\/\/investmedic-store.com\/index.php?rest_route=\/wp\/v2\/product"}],"about":[{"href":"https:\/\/investmedic-store.com\/index.php?rest_route=\/wp\/v2\/types\/product"}],"replies":[{"embeddable":true,"href":"https:\/\/investmedic-store.com\/index.php?rest_route=%2Fwp%2Fv2%2Fcomments&post=2493"}],"wp:featuredmedia":[{"embeddable":true,"href":"https:\/\/investmedic-store.com\/index.php?rest_route=\/wp\/v2\/media\/2494"}],"wp:attachment":[{"href":"https:\/\/investmedic-store.com\/index.php?rest_route=%2Fwp%2Fv2%2Fmedia&parent=2493"}],"wp:term":[{"taxonomy":"product_cat","embeddable":true,"href":"https:\/\/investmedic-store.com\/index.php?rest_route=%2Fwp%2Fv2%2Fproduct_cat&post=2493"},{"taxonomy":"product_tag","embeddable":true,"href":"https:\/\/investmedic-store.com\/index.php?rest_route=%2Fwp%2Fv2%2Fproduct_tag&post=2493"}],"curies":[{"name":"wp","href":"https:\/\/api.w.org\/{rel}","templated":true}]}}