{"id":2491,"date":"2023-12-09T10:11:29","date_gmt":"2023-12-09T09:11:29","guid":{"rendered":"https:\/\/investmedic-store.com\/?post_type=product&#038;p=2491"},"modified":"2023-12-09T11:21:59","modified_gmt":"2023-12-09T10:21:59","slug":"masseur-g5","status":"publish","type":"product","link":"https:\/\/investmedic-store.com\/?product=masseur-g5","title":{"rendered":"Vibromasseur G5"},"content":{"rendered":"<div>\n<p>Le VIBROMASSEUR G5 est un appareil efficace pour lutter contre la cellulite. Il dispose de 5 t\u00eates de massage interchangeables pour cibler diff\u00e9rentes zones du corps,de 5 modes de massage pour personnaliser le massage, et d&#8217;un r\u00e9glage de la vitesse et de l&#8217;intensit\u00e9 du massage pour adapter le massage \u00e0 vos besoins.<\/p>\n<\/div>\n","protected":false},"excerpt":{"rendered":"<p><strong>Nom de la machine:<\/strong>\u00a0 VIBRO MASSEUR G5<\/p>\n<p><strong>Fabricant:<\/strong> chine<\/p>\n<p><strong>Tension nominale :<\/strong> AC-110\/220V 50\/60Hz<\/p>\n<p><strong>Dimensions:<\/strong> 29 x 41 x 33 cm<\/p>\n<p><strong>Poids:<\/strong> 16 kg<\/p>\n<p><strong>Alimentation:<\/strong> Secteur<\/p>\n<p><strong>Puissance maximale :<\/strong> 150 W<\/p>\n<div>\n<div>\n<p><strong>Fonctionnalit\u00e9s:<\/strong> 5 t\u00eates de massage interchangeables,\u00a0 5 modes de massage,\u00a0 R\u00e9glage de la vitesse et de l&#8217;intensit\u00e9 du massage<\/p>\n<div>\n<div>\n<ul>\n<li>T\u00eate de massage ronde en \u00e9ponge<\/li>\n<li>T\u00eate de massage incurv\u00e9<\/li>\n<li>T\u00eate de massage \u00e0 jet<\/li>\n<li>T\u00eate de massage h\u00e9misph\u00e9rique<\/li>\n<li>T\u00eate de massage \u00e0 colonnes<\/li>\n<\/ul>\n<\/div>\n<\/div>\n<\/div>\n<\/div>\n","protected":false},"featured_media":2492,"comment_status":"open","ping_status":"closed","template":"","meta":{"om_disable_all_campaigns":false,"_joinchat":{"telephone":"+21305060998141"}},"product_cat":[162],"product_tag":[],"yoast_head":"<!-- This site is optimized with the Yoast SEO plugin v20.12 - https:\/\/yoast.com\/wordpress\/plugins\/seo\/ -->\n<title>Vibromasseur G5 - investmedic-store.com<\/title>\n<meta name=\"robots\" content=\"index, follow, max-snippet:-1, max-image-preview:large, max-video-preview:-1\" \/>\n<link rel=\"canonical\" href=\"https:\/\/investmedic-store.com\/?product=masseur-g5\" \/>\n<meta property=\"og:locale\" content=\"fr_FR\" \/>\n<meta property=\"og:type\" content=\"article\" \/>\n<meta property=\"og:title\" content=\"Vibromasseur G5 - investmedic-store.com\" \/>\n<meta property=\"og:description\" content=\"Nom de la machine:\u00a0 VIBRO MASSEUR G5  Fabricant: chine  Tension nominale : AC-110\/220V 50\/60Hz  Dimensions: 29 x 41 x 33 cm  Poids: 16 kg  Alimentation: Secteur  Puissance maximale : 150 W    Fonctionnalit\u00e9s: 5 t\u00eates de massage interchangeables,\u00a0 5 modes de massage,\u00a0 R\u00e9glage de la vitesse et de l&#039;intensit\u00e9 du massage     T\u00eate de massage ronde en \u00e9ponge  T\u00eate de massage incurv\u00e9  T\u00eate de massage \u00e0 jet  T\u00eate de massage h\u00e9misph\u00e9rique  T\u00eate de massage \u00e0 colonnes\" \/>\n<meta property=\"og:url\" content=\"https:\/\/investmedic-store.com\/?product=masseur-g5\" \/>\n<meta property=\"og:site_name\" content=\"investmedic-store.com\" \/>\n<meta property=\"article:publisher\" content=\"https:\/\/www.facebook.com\/invest.medic\" \/>\n<meta property=\"article:modified_time\" content=\"2023-12-09T10:21:59+00:00\" \/>\n<meta property=\"og:image\" content=\"http:\/\/investmedic-store.com\/wp-content\/uploads\/2023\/12\/6.jpg\" \/>\n\t<meta property=\"og:image:width\" content=\"1587\" \/>\n\t<meta property=\"og:image:height\" content=\"2245\" \/>\n\t<meta property=\"og:image:type\" content=\"image\/jpeg\" \/>\n<meta name=\"twitter:card\" content=\"summary_large_image\" \/>\n<meta name=\"twitter:label1\" content=\"Dur\u00e9e de lecture estim\u00e9e\" \/>\n\t<meta name=\"twitter:data1\" content=\"1 minute\" \/>\n<script type=\"application\/ld+json\" class=\"yoast-schema-graph\">{\"@context\":\"https:\/\/schema.org\",\"@graph\":[{\"@type\":\"WebPage\",\"@id\":\"https:\/\/investmedic-store.com\/?product=masseur-g5\",\"url\":\"https:\/\/investmedic-store.com\/?product=masseur-g5\",\"name\":\"Vibromasseur G5 - investmedic-store.com\",\"isPartOf\":{\"@id\":\"https:\/\/investmedic-store.com\/#website\"},\"datePublished\":\"2023-12-09T09:11:29+00:00\",\"dateModified\":\"2023-12-09T10:21:59+00:00\",\"breadcrumb\":{\"@id\":\"https:\/\/investmedic-store.com\/?product=masseur-g5#breadcrumb\"},\"inLanguage\":\"fr-FR\",\"potentialAction\":[{\"@type\":\"ReadAction\",\"target\":[\"https:\/\/investmedic-store.com\/?product=masseur-g5\"]}]},{\"@type\":\"BreadcrumbList\",\"@id\":\"https:\/\/investmedic-store.com\/?product=masseur-g5#breadcrumb\",\"itemListElement\":[{\"@type\":\"ListItem\",\"position\":1,\"name\":\"Accueil\",\"item\":\"https:\/\/investmedic-store.com\/\"},{\"@type\":\"ListItem\",\"position\":2,\"name\":\"Shop\",\"item\":\"https:\/\/investmedic-store.com\/?page_id=5\"},{\"@type\":\"ListItem\",\"position\":3,\"name\":\"Vibromasseur G5\"}]},{\"@type\":\"WebSite\",\"@id\":\"https:\/\/investmedic-store.com\/#website\",\"url\":\"https:\/\/investmedic-store.com\/\",\"name\":\"invest medic store\",\"description\":\"Importation &amp; Distribution Du Materiels Medico-Chirurgicales - \u0627\u0633\u062a\u064a\u0631\u0627\u062f \u0648\u062a\u0648\u0632\u064a\u0639 \u0627\u0644\u0645\u0648\u0627\u062f \u0627\u0644\u0637\u0628\u064a\u0629 \u0627\u0644\u062c\u0631\u0627\u062d\u064a\u0629\",\"publisher\":{\"@id\":\"https:\/\/investmedic-store.com\/#organization\"},\"alternateName\":\"investmedic store\",\"potentialAction\":[{\"@type\":\"SearchAction\",\"target\":{\"@type\":\"EntryPoint\",\"urlTemplate\":\"https:\/\/investmedic-store.com\/?s={search_term_string}\"},\"query-input\":\"required name=search_term_string\"}],\"inLanguage\":\"fr-FR\"},{\"@type\":\"Organization\",\"@id\":\"https:\/\/investmedic-store.com\/#organization\",\"name\":\"invest.medic store\",\"alternateName\":\"investmedic store\",\"url\":\"https:\/\/investmedic-store.com\/\",\"logo\":{\"@type\":\"ImageObject\",\"inLanguage\":\"fr-FR\",\"@id\":\"https:\/\/investmedic-store.com\/#\/schema\/logo\/image\/\",\"url\":\"https:\/\/investmedic-store.com\/wp-content\/uploads\/2023\/07\/cropped-LOGO_INVEST-transformed-removebg-preview-transformed-1-e1690120839263.png\",\"contentUrl\":\"https:\/\/investmedic-store.com\/wp-content\/uploads\/2023\/07\/cropped-LOGO_INVEST-transformed-removebg-preview-transformed-1-e1690120839263.png\",\"width\":512,\"height\":512,\"caption\":\"invest.medic store\"},\"image\":{\"@id\":\"https:\/\/investmedic-store.com\/#\/schema\/logo\/image\/\"},\"sameAs\":[\"https:\/\/www.facebook.com\/invest.medic\"]}]}<\/script>\n<!-- \/ Yoast SEO plugin. -->","yoast_head_json":{"title":"Vibromasseur G5 - investmedic-store.com","robots":{"index":"index","follow":"follow","max-snippet":"max-snippet:-1","max-image-preview":"max-image-preview:large","max-video-preview":"max-video-preview:-1"},"canonical":"https:\/\/investmedic-store.com\/?product=masseur-g5","og_locale":"fr_FR","og_type":"article","og_title":"Vibromasseur G5 - investmedic-store.com","og_description":"Nom de la machine:\u00a0 VIBRO MASSEUR G5  Fabricant: chine  Tension nominale : AC-110\/220V 50\/60Hz  Dimensions: 29 x 41 x 33 cm  Poids: 16 kg  Alimentation: Secteur  Puissance maximale : 150 W    Fonctionnalit\u00e9s: 5 t\u00eates de massage interchangeables,\u00a0 5 modes de massage,\u00a0 R\u00e9glage de la vitesse et de l'intensit\u00e9 du massage     T\u00eate de massage ronde en \u00e9ponge  T\u00eate de massage incurv\u00e9  T\u00eate de massage \u00e0 jet  T\u00eate de massage h\u00e9misph\u00e9rique  T\u00eate de massage \u00e0 colonnes","og_url":"https:\/\/investmedic-store.com\/?product=masseur-g5","og_site_name":"investmedic-store.com","article_publisher":"https:\/\/www.facebook.com\/invest.medic","article_modified_time":"2023-12-09T10:21:59+00:00","og_image":[{"width":1587,"height":2245,"url":"http:\/\/investmedic-store.com\/wp-content\/uploads\/2023\/12\/6.jpg","type":"image\/jpeg"}],"twitter_card":"summary_large_image","twitter_misc":{"Dur\u00e9e de lecture estim\u00e9e":"1 minute"},"schema":{"@context":"https:\/\/schema.org","@graph":[{"@type":"WebPage","@id":"https:\/\/investmedic-store.com\/?product=masseur-g5","url":"https:\/\/investmedic-store.com\/?product=masseur-g5","name":"Vibromasseur G5 - investmedic-store.com","isPartOf":{"@id":"https:\/\/investmedic-store.com\/#website"},"datePublished":"2023-12-09T09:11:29+00:00","dateModified":"2023-12-09T10:21:59+00:00","breadcrumb":{"@id":"https:\/\/investmedic-store.com\/?product=masseur-g5#breadcrumb"},"inLanguage":"fr-FR","potentialAction":[{"@type":"ReadAction","target":["https:\/\/investmedic-store.com\/?product=masseur-g5"]}]},{"@type":"BreadcrumbList","@id":"https:\/\/investmedic-store.com\/?product=masseur-g5#breadcrumb","itemListElement":[{"@type":"ListItem","position":1,"name":"Accueil","item":"https:\/\/investmedic-store.com\/"},{"@type":"ListItem","position":2,"name":"Shop","item":"https:\/\/investmedic-store.com\/?page_id=5"},{"@type":"ListItem","position":3,"name":"Vibromasseur G5"}]},{"@type":"WebSite","@id":"https:\/\/investmedic-store.com\/#website","url":"https:\/\/investmedic-store.com\/","name":"invest medic store","description":"Importation &amp; Distribution Du Materiels Medico-Chirurgicales - \u0627\u0633\u062a\u064a\u0631\u0627\u062f \u0648\u062a\u0648\u0632\u064a\u0639 \u0627\u0644\u0645\u0648\u0627\u062f \u0627\u0644\u0637\u0628\u064a\u0629 \u0627\u0644\u062c\u0631\u0627\u062d\u064a\u0629","publisher":{"@id":"https:\/\/investmedic-store.com\/#organization"},"alternateName":"investmedic store","potentialAction":[{"@type":"SearchAction","target":{"@type":"EntryPoint","urlTemplate":"https:\/\/investmedic-store.com\/?s={search_term_string}"},"query-input":"required name=search_term_string"}],"inLanguage":"fr-FR"},{"@type":"Organization","@id":"https:\/\/investmedic-store.com\/#organization","name":"invest.medic store","alternateName":"investmedic store","url":"https:\/\/investmedic-store.com\/","logo":{"@type":"ImageObject","inLanguage":"fr-FR","@id":"https:\/\/investmedic-store.com\/#\/schema\/logo\/image\/","url":"https:\/\/investmedic-store.com\/wp-content\/uploads\/2023\/07\/cropped-LOGO_INVEST-transformed-removebg-preview-transformed-1-e1690120839263.png","contentUrl":"https:\/\/investmedic-store.com\/wp-content\/uploads\/2023\/07\/cropped-LOGO_INVEST-transformed-removebg-preview-transformed-1-e1690120839263.png","width":512,"height":512,"caption":"invest.medic store"},"image":{"@id":"https:\/\/investmedic-store.com\/#\/schema\/logo\/image\/"},"sameAs":["https:\/\/www.facebook.com\/invest.medic"]}]}},"_links":{"self":[{"href":"https:\/\/investmedic-store.com\/index.php?rest_route=\/wp\/v2\/product\/2491"}],"collection":[{"href":"https:\/\/investmedic-store.com\/index.php?rest_route=\/wp\/v2\/product"}],"about":[{"href":"https:\/\/investmedic-store.com\/index.php?rest_route=\/wp\/v2\/types\/product"}],"replies":[{"embeddable":true,"href":"https:\/\/investmedic-store.com\/index.php?rest_route=%2Fwp%2Fv2%2Fcomments&post=2491"}],"wp:featuredmedia":[{"embeddable":true,"href":"https:\/\/investmedic-store.com\/index.php?rest_route=\/wp\/v2\/media\/2492"}],"wp:attachment":[{"href":"https:\/\/investmedic-store.com\/index.php?rest_route=%2Fwp%2Fv2%2Fmedia&parent=2491"}],"wp:term":[{"taxonomy":"product_cat","embeddable":true,"href":"https:\/\/investmedic-store.com\/index.php?rest_route=%2Fwp%2Fv2%2Fproduct_cat&post=2491"},{"taxonomy":"product_tag","embeddable":true,"href":"https:\/\/investmedic-store.com\/index.php?rest_route=%2Fwp%2Fv2%2Fproduct_tag&post=2491"}],"curies":[{"name":"wp","href":"https:\/\/api.w.org\/{rel}","templated":true}]}}