{"id":2475,"date":"2023-11-05T17:05:38","date_gmt":"2023-11-05T16:05:38","guid":{"rendered":"https:\/\/investmedic-store.com\/?post_type=product&#038;p=2475"},"modified":"2023-11-05T17:05:38","modified_gmt":"2023-11-05T16:05:38","slug":"dspt-2-c-ecran-pour-endotrainer","status":"publish","type":"product","link":"https:\/\/investmedic-store.com\/?product=dspt-2-c-ecran-pour-endotrainer","title":{"rendered":"DSPT-2-C ECRAN POUR ENDOTRAINER"},"content":{"rendered":"<p>Pays d&#8217;origine Fabriqu\u00e9 en Inde<\/p>\n<p>Moniteur de qualit\u00e9 m\u00e9dicale<br \/>\n\u00c9crans TFT au format \u00e9cran large<br \/>\nSyst\u00e8me de stabilisation du r\u00e9tro\u00e9clairage<br \/>\nMode d&#8217;affichage multiple int\u00e9gr\u00e9<br \/>\nRestauration des vraies couleurs<br \/>\nGrand angle de vision<br \/>\nConception hygi\u00e9nique avec fa\u00e7ade enti\u00e8rement en verre<br \/>\nInformations Compl\u00e9mentaires:<\/p>\n<p>Code article: DSPT-2-C<\/p>\n","protected":false},"excerpt":{"rendered":"<p>Pays d&#8217;origine Fabriqu\u00e9 en Inde Moniteur de qualit\u00e9 m\u00e9dicale \u00c9crans TFT au format \u00e9cran large Syst\u00e8me de stabilisation du r\u00e9tro\u00e9clairage Mode d&#8217;affichage multiple int\u00e9gr\u00e9 Restauration des vraies couleurs Grand angle de vision Conception hygi\u00e9nique avec fa\u00e7ade enti\u00e8rement en verre Informations Compl\u00e9mentaires: Code article: DSPT-2-C<\/p>\n","protected":false},"featured_media":2476,"comment_status":"open","ping_status":"closed","template":"","meta":{"om_disable_all_campaigns":false,"_joinchat":[]},"product_cat":[85,87],"product_tag":[],"yoast_head":"<!-- This site is optimized with the Yoast SEO plugin v20.12 - https:\/\/yoast.com\/wordpress\/plugins\/seo\/ -->\n<title>DSPT-2-C ECRAN POUR ENDOTRAINER - investmedic-store.com<\/title>\n<meta name=\"robots\" content=\"index, follow, max-snippet:-1, max-image-preview:large, max-video-preview:-1\" \/>\n<link rel=\"canonical\" href=\"https:\/\/investmedic-store.com\/?product=dspt-2-c-ecran-pour-endotrainer\" \/>\n<meta property=\"og:locale\" content=\"fr_FR\" \/>\n<meta property=\"og:type\" content=\"article\" \/>\n<meta property=\"og:title\" content=\"DSPT-2-C ECRAN POUR ENDOTRAINER - investmedic-store.com\" \/>\n<meta property=\"og:description\" content=\"Pays d&#8217;origine Fabriqu\u00e9 en Inde Moniteur de qualit\u00e9 m\u00e9dicale \u00c9crans TFT au format \u00e9cran large Syst\u00e8me de stabilisation du r\u00e9tro\u00e9clairage Mode d&#8217;affichage multiple int\u00e9gr\u00e9 Restauration des vraies couleurs Grand angle de vision Conception hygi\u00e9nique avec fa\u00e7ade enti\u00e8rement en verre Informations Compl\u00e9mentaires: Code article: DSPT-2-C\" \/>\n<meta property=\"og:url\" content=\"https:\/\/investmedic-store.com\/?product=dspt-2-c-ecran-pour-endotrainer\" \/>\n<meta property=\"og:site_name\" content=\"investmedic-store.com\" \/>\n<meta property=\"article:publisher\" content=\"https:\/\/www.facebook.com\/invest.medic\" \/>\n<meta property=\"og:image\" content=\"http:\/\/investmedic-store.com\/wp-content\/uploads\/2023\/11\/ecran-mms27-medical-1.webp\" \/>\n\t<meta property=\"og:image:width\" content=\"1400\" \/>\n\t<meta property=\"og:image:height\" content=\"1000\" \/>\n\t<meta property=\"og:image:type\" content=\"image\/webp\" \/>\n<meta name=\"twitter:card\" content=\"summary_large_image\" \/>\n<meta name=\"twitter:label1\" content=\"Dur\u00e9e de lecture estim\u00e9e\" \/>\n\t<meta name=\"twitter:data1\" content=\"1 minute\" \/>\n<script type=\"application\/ld+json\" class=\"yoast-schema-graph\">{\"@context\":\"https:\/\/schema.org\",\"@graph\":[{\"@type\":\"WebPage\",\"@id\":\"https:\/\/investmedic-store.com\/?product=dspt-2-c-ecran-pour-endotrainer\",\"url\":\"https:\/\/investmedic-store.com\/?product=dspt-2-c-ecran-pour-endotrainer\",\"name\":\"DSPT-2-C ECRAN POUR ENDOTRAINER - investmedic-store.com\",\"isPartOf\":{\"@id\":\"https:\/\/investmedic-store.com\/#website\"},\"datePublished\":\"2023-11-05T16:05:38+00:00\",\"dateModified\":\"2023-11-05T16:05:38+00:00\",\"breadcrumb\":{\"@id\":\"https:\/\/investmedic-store.com\/?product=dspt-2-c-ecran-pour-endotrainer#breadcrumb\"},\"inLanguage\":\"fr-FR\",\"potentialAction\":[{\"@type\":\"ReadAction\",\"target\":[\"https:\/\/investmedic-store.com\/?product=dspt-2-c-ecran-pour-endotrainer\"]}]},{\"@type\":\"BreadcrumbList\",\"@id\":\"https:\/\/investmedic-store.com\/?product=dspt-2-c-ecran-pour-endotrainer#breadcrumb\",\"itemListElement\":[{\"@type\":\"ListItem\",\"position\":1,\"name\":\"Accueil\",\"item\":\"https:\/\/investmedic-store.com\/\"},{\"@type\":\"ListItem\",\"position\":2,\"name\":\"Shop\",\"item\":\"https:\/\/investmedic-store.com\/?page_id=5\"},{\"@type\":\"ListItem\",\"position\":3,\"name\":\"DSPT-2-C ECRAN POUR ENDOTRAINER\"}]},{\"@type\":\"WebSite\",\"@id\":\"https:\/\/investmedic-store.com\/#website\",\"url\":\"https:\/\/investmedic-store.com\/\",\"name\":\"invest medic store\",\"description\":\"Importation &amp; Distribution Du Materiels Medico-Chirurgicales - \u0627\u0633\u062a\u064a\u0631\u0627\u062f \u0648\u062a\u0648\u0632\u064a\u0639 \u0627\u0644\u0645\u0648\u0627\u062f \u0627\u0644\u0637\u0628\u064a\u0629 \u0627\u0644\u062c\u0631\u0627\u062d\u064a\u0629\",\"publisher\":{\"@id\":\"https:\/\/investmedic-store.com\/#organization\"},\"alternateName\":\"investmedic store\",\"potentialAction\":[{\"@type\":\"SearchAction\",\"target\":{\"@type\":\"EntryPoint\",\"urlTemplate\":\"https:\/\/investmedic-store.com\/?s={search_term_string}\"},\"query-input\":\"required name=search_term_string\"}],\"inLanguage\":\"fr-FR\"},{\"@type\":\"Organization\",\"@id\":\"https:\/\/investmedic-store.com\/#organization\",\"name\":\"invest.medic store\",\"alternateName\":\"investmedic store\",\"url\":\"https:\/\/investmedic-store.com\/\",\"logo\":{\"@type\":\"ImageObject\",\"inLanguage\":\"fr-FR\",\"@id\":\"https:\/\/investmedic-store.com\/#\/schema\/logo\/image\/\",\"url\":\"https:\/\/investmedic-store.com\/wp-content\/uploads\/2023\/07\/cropped-LOGO_INVEST-transformed-removebg-preview-transformed-1-e1690120839263.png\",\"contentUrl\":\"https:\/\/investmedic-store.com\/wp-content\/uploads\/2023\/07\/cropped-LOGO_INVEST-transformed-removebg-preview-transformed-1-e1690120839263.png\",\"width\":512,\"height\":512,\"caption\":\"invest.medic store\"},\"image\":{\"@id\":\"https:\/\/investmedic-store.com\/#\/schema\/logo\/image\/\"},\"sameAs\":[\"https:\/\/www.facebook.com\/invest.medic\"]}]}<\/script>\n<!-- \/ Yoast SEO plugin. -->","yoast_head_json":{"title":"DSPT-2-C ECRAN POUR ENDOTRAINER - investmedic-store.com","robots":{"index":"index","follow":"follow","max-snippet":"max-snippet:-1","max-image-preview":"max-image-preview:large","max-video-preview":"max-video-preview:-1"},"canonical":"https:\/\/investmedic-store.com\/?product=dspt-2-c-ecran-pour-endotrainer","og_locale":"fr_FR","og_type":"article","og_title":"DSPT-2-C ECRAN POUR ENDOTRAINER - investmedic-store.com","og_description":"Pays d&#8217;origine Fabriqu\u00e9 en Inde Moniteur de qualit\u00e9 m\u00e9dicale \u00c9crans TFT au format \u00e9cran large Syst\u00e8me de stabilisation du r\u00e9tro\u00e9clairage Mode d&#8217;affichage multiple int\u00e9gr\u00e9 Restauration des vraies couleurs Grand angle de vision Conception hygi\u00e9nique avec fa\u00e7ade enti\u00e8rement en verre Informations Compl\u00e9mentaires: Code article: DSPT-2-C","og_url":"https:\/\/investmedic-store.com\/?product=dspt-2-c-ecran-pour-endotrainer","og_site_name":"investmedic-store.com","article_publisher":"https:\/\/www.facebook.com\/invest.medic","og_image":[{"width":1400,"height":1000,"url":"http:\/\/investmedic-store.com\/wp-content\/uploads\/2023\/11\/ecran-mms27-medical-1.webp","type":"image\/webp"}],"twitter_card":"summary_large_image","twitter_misc":{"Dur\u00e9e de lecture estim\u00e9e":"1 minute"},"schema":{"@context":"https:\/\/schema.org","@graph":[{"@type":"WebPage","@id":"https:\/\/investmedic-store.com\/?product=dspt-2-c-ecran-pour-endotrainer","url":"https:\/\/investmedic-store.com\/?product=dspt-2-c-ecran-pour-endotrainer","name":"DSPT-2-C ECRAN POUR ENDOTRAINER - investmedic-store.com","isPartOf":{"@id":"https:\/\/investmedic-store.com\/#website"},"datePublished":"2023-11-05T16:05:38+00:00","dateModified":"2023-11-05T16:05:38+00:00","breadcrumb":{"@id":"https:\/\/investmedic-store.com\/?product=dspt-2-c-ecran-pour-endotrainer#breadcrumb"},"inLanguage":"fr-FR","potentialAction":[{"@type":"ReadAction","target":["https:\/\/investmedic-store.com\/?product=dspt-2-c-ecran-pour-endotrainer"]}]},{"@type":"BreadcrumbList","@id":"https:\/\/investmedic-store.com\/?product=dspt-2-c-ecran-pour-endotrainer#breadcrumb","itemListElement":[{"@type":"ListItem","position":1,"name":"Accueil","item":"https:\/\/investmedic-store.com\/"},{"@type":"ListItem","position":2,"name":"Shop","item":"https:\/\/investmedic-store.com\/?page_id=5"},{"@type":"ListItem","position":3,"name":"DSPT-2-C ECRAN POUR ENDOTRAINER"}]},{"@type":"WebSite","@id":"https:\/\/investmedic-store.com\/#website","url":"https:\/\/investmedic-store.com\/","name":"invest medic store","description":"Importation &amp; Distribution Du Materiels Medico-Chirurgicales - \u0627\u0633\u062a\u064a\u0631\u0627\u062f \u0648\u062a\u0648\u0632\u064a\u0639 \u0627\u0644\u0645\u0648\u0627\u062f \u0627\u0644\u0637\u0628\u064a\u0629 \u0627\u0644\u062c\u0631\u0627\u062d\u064a\u0629","publisher":{"@id":"https:\/\/investmedic-store.com\/#organization"},"alternateName":"investmedic store","potentialAction":[{"@type":"SearchAction","target":{"@type":"EntryPoint","urlTemplate":"https:\/\/investmedic-store.com\/?s={search_term_string}"},"query-input":"required name=search_term_string"}],"inLanguage":"fr-FR"},{"@type":"Organization","@id":"https:\/\/investmedic-store.com\/#organization","name":"invest.medic store","alternateName":"investmedic store","url":"https:\/\/investmedic-store.com\/","logo":{"@type":"ImageObject","inLanguage":"fr-FR","@id":"https:\/\/investmedic-store.com\/#\/schema\/logo\/image\/","url":"https:\/\/investmedic-store.com\/wp-content\/uploads\/2023\/07\/cropped-LOGO_INVEST-transformed-removebg-preview-transformed-1-e1690120839263.png","contentUrl":"https:\/\/investmedic-store.com\/wp-content\/uploads\/2023\/07\/cropped-LOGO_INVEST-transformed-removebg-preview-transformed-1-e1690120839263.png","width":512,"height":512,"caption":"invest.medic store"},"image":{"@id":"https:\/\/investmedic-store.com\/#\/schema\/logo\/image\/"},"sameAs":["https:\/\/www.facebook.com\/invest.medic"]}]}},"_links":{"self":[{"href":"https:\/\/investmedic-store.com\/index.php?rest_route=\/wp\/v2\/product\/2475"}],"collection":[{"href":"https:\/\/investmedic-store.com\/index.php?rest_route=\/wp\/v2\/product"}],"about":[{"href":"https:\/\/investmedic-store.com\/index.php?rest_route=\/wp\/v2\/types\/product"}],"replies":[{"embeddable":true,"href":"https:\/\/investmedic-store.com\/index.php?rest_route=%2Fwp%2Fv2%2Fcomments&post=2475"}],"wp:featuredmedia":[{"embeddable":true,"href":"https:\/\/investmedic-store.com\/index.php?rest_route=\/wp\/v2\/media\/2476"}],"wp:attachment":[{"href":"https:\/\/investmedic-store.com\/index.php?rest_route=%2Fwp%2Fv2%2Fmedia&parent=2475"}],"wp:term":[{"taxonomy":"product_cat","embeddable":true,"href":"https:\/\/investmedic-store.com\/index.php?rest_route=%2Fwp%2Fv2%2Fproduct_cat&post=2475"},{"taxonomy":"product_tag","embeddable":true,"href":"https:\/\/investmedic-store.com\/index.php?rest_route=%2Fwp%2Fv2%2Fproduct_tag&post=2475"}],"curies":[{"name":"wp","href":"https:\/\/api.w.org\/{rel}","templated":true}]}}