{"id":2459,"date":"2023-10-28T15:24:37","date_gmt":"2023-10-28T14:24:37","guid":{"rendered":"https:\/\/investmedic-store.com\/?post_type=product&#038;p=2459"},"modified":"2025-01-04T14:12:10","modified_gmt":"2025-01-04T13:12:10","slug":"table-chauffante-marque-david-hkn-90","status":"publish","type":"product","link":"https:\/\/investmedic-store.com\/?product=table-chauffante-marque-david-hkn-90","title":{"rendered":"TABLE CHAUFFANTE MARQUE DAVID HKN-90"},"content":{"rendered":"<h2 class=\"sc-1a7juzs-2 ffuLjI\">DESCRIPTION<\/h2>\n<div>\n<div>\n<div class=\"sc-3fi1by-1 chZLCL\">\n<div class=\"sc-3fi1by-0 hlEuXW\">&#8211; Trois modes de contr\u00f4le :<\/div>\n<div class=\"sc-3fi1by-0 hlEuXW\">Mode pr\u00e9chauffage, mode manuel et mode b\u00e9b\u00e9 contr\u00f4l\u00e9s par micro-ordinateur<\/div>\n<div class=\"sc-3fi1by-0 hlEuXW\">&#8211; La temp\u00e9rature r\u00e9gl\u00e9e et la temp\u00e9rature du b\u00e9b\u00e9 peuvent \u00eatre affich\u00e9es s\u00e9par\u00e9ment<\/div>\n<div class=\"sc-3fi1by-0 hlEuXW\">&#8211; L&#8217;angle horizontal du module de chauffage et l&#8217;inclinaison du couffin peuvent \u00eatre r\u00e9gl\u00e9s<\/div>\n<div class=\"sc-3fi1by-0 hlEuXW\">&#8211; Les panneaux entourant le couffin peuvent \u00eatre tourn\u00e9s vers l&#8217;ext\u00e9rieur ou d\u00e9mont\u00e9s<\/div>\n<div class=\"sc-3fi1by-0 hlEuXW\">&#8211; Cassette radiographique sous le couffin<\/div>\n<div class=\"sc-3fi1by-0 hlEuXW\">&#8211; Minuterie APGAR &#8211; Indications d&#8217;alarmes de d\u00e9faillance multiples<\/div>\n<div class=\"sc-3fi1by-0 hlEuXW\">&#8211; Connecteur RS232 pour la sortie des donn\u00e9es HKN-90 est un r\u00e9chauffeur radiant pour nourrissons. Avec le professionnalisme et la commodit\u00e9 comme concept principal de conception, il fournit un environnement d&#8217;allaitement plus complet et plus ouvert pour les b\u00e9b\u00e9s<\/div>\n<\/div>\n<\/div>\n<\/div>\n","protected":false},"excerpt":{"rendered":"<p>DESCRIPTION &#8211; Trois modes de contr\u00f4le : Mode pr\u00e9chauffage, mode manuel et mode b\u00e9b\u00e9 contr\u00f4l\u00e9s par micro-ordinateur &#8211; La temp\u00e9rature r\u00e9gl\u00e9e et la temp\u00e9rature du b\u00e9b\u00e9 peuvent \u00eatre affich\u00e9es s\u00e9par\u00e9ment &#8211; L&#8217;angle horizontal du module de chauffage et l&#8217;inclinaison du couffin peuvent \u00eatre r\u00e9gl\u00e9s &#8211; Les panneaux entourant le couffin peuvent \u00eatre tourn\u00e9s vers l&#8217;ext\u00e9rieur &hellip;<\/p>\n<p class=\"read-more\"> <a class=\" thunk-readmore button \" href=\"https:\/\/investmedic-store.com\/?product=table-chauffante-marque-david-hkn-90\"> <span class=\"screen-reader-text\">TABLE CHAUFFANTE MARQUE DAVID HKN-90<\/span>Read More<\/a><\/p>\n","protected":false},"featured_media":2460,"comment_status":"open","ping_status":"closed","template":"","meta":{"om_disable_all_campaigns":false,"_joinchat":[]},"product_cat":[173],"product_tag":[],"yoast_head":"<!-- This site is optimized with the Yoast SEO plugin v20.12 - https:\/\/yoast.com\/wordpress\/plugins\/seo\/ -->\n<title>TABLE CHAUFFANTE MARQUE DAVID HKN-90 - investmedic-store.com<\/title>\n<meta name=\"robots\" content=\"index, follow, max-snippet:-1, max-image-preview:large, max-video-preview:-1\" \/>\n<link rel=\"canonical\" href=\"https:\/\/investmedic-store.com\/?product=table-chauffante-marque-david-hkn-90\" \/>\n<meta property=\"og:locale\" content=\"fr_FR\" \/>\n<meta property=\"og:type\" content=\"article\" \/>\n<meta property=\"og:title\" content=\"TABLE CHAUFFANTE MARQUE DAVID HKN-90 - investmedic-store.com\" \/>\n<meta property=\"og:description\" content=\"DESCRIPTION &#8211; Trois modes de contr\u00f4le : Mode pr\u00e9chauffage, mode manuel et mode b\u00e9b\u00e9 contr\u00f4l\u00e9s par micro-ordinateur &#8211; La temp\u00e9rature r\u00e9gl\u00e9e et la temp\u00e9rature du b\u00e9b\u00e9 peuvent \u00eatre affich\u00e9es s\u00e9par\u00e9ment &#8211; L&#8217;angle horizontal du module de chauffage et l&#8217;inclinaison du couffin peuvent \u00eatre r\u00e9gl\u00e9s &#8211; Les panneaux entourant le couffin peuvent \u00eatre tourn\u00e9s vers l&#8217;ext\u00e9rieur &hellip; TABLE CHAUFFANTE MARQUE DAVID HKN-90Read More\" \/>\n<meta property=\"og:url\" content=\"https:\/\/investmedic-store.com\/?product=table-chauffante-marque-david-hkn-90\" \/>\n<meta property=\"og:site_name\" content=\"investmedic-store.com\" \/>\n<meta property=\"article:publisher\" content=\"https:\/\/www.facebook.com\/invest.medic\" \/>\n<meta property=\"article:modified_time\" content=\"2025-01-04T13:12:10+00:00\" \/>\n<meta property=\"og:image\" content=\"http:\/\/investmedic-store.com\/wp-content\/uploads\/2023\/10\/photo_2023-09-28_21-09-22.jpg\" \/>\n\t<meta property=\"og:image:width\" content=\"960\" \/>\n\t<meta property=\"og:image:height\" content=\"1280\" \/>\n\t<meta property=\"og:image:type\" content=\"image\/jpeg\" \/>\n<meta name=\"twitter:card\" content=\"summary_large_image\" \/>\n<meta name=\"twitter:label1\" content=\"Dur\u00e9e de lecture estim\u00e9e\" \/>\n\t<meta name=\"twitter:data1\" content=\"1 minute\" \/>\n<script type=\"application\/ld+json\" class=\"yoast-schema-graph\">{\"@context\":\"https:\/\/schema.org\",\"@graph\":[{\"@type\":\"WebPage\",\"@id\":\"https:\/\/investmedic-store.com\/?product=table-chauffante-marque-david-hkn-90\",\"url\":\"https:\/\/investmedic-store.com\/?product=table-chauffante-marque-david-hkn-90\",\"name\":\"TABLE CHAUFFANTE MARQUE DAVID HKN-90 - investmedic-store.com\",\"isPartOf\":{\"@id\":\"https:\/\/investmedic-store.com\/#website\"},\"datePublished\":\"2023-10-28T14:24:37+00:00\",\"dateModified\":\"2025-01-04T13:12:10+00:00\",\"breadcrumb\":{\"@id\":\"https:\/\/investmedic-store.com\/?product=table-chauffante-marque-david-hkn-90#breadcrumb\"},\"inLanguage\":\"fr-FR\",\"potentialAction\":[{\"@type\":\"ReadAction\",\"target\":[\"https:\/\/investmedic-store.com\/?product=table-chauffante-marque-david-hkn-90\"]}]},{\"@type\":\"BreadcrumbList\",\"@id\":\"https:\/\/investmedic-store.com\/?product=table-chauffante-marque-david-hkn-90#breadcrumb\",\"itemListElement\":[{\"@type\":\"ListItem\",\"position\":1,\"name\":\"Accueil\",\"item\":\"https:\/\/investmedic-store.com\/\"},{\"@type\":\"ListItem\",\"position\":2,\"name\":\"Shop\",\"item\":\"https:\/\/investmedic-store.com\/?page_id=5\"},{\"@type\":\"ListItem\",\"position\":3,\"name\":\"TABLE CHAUFFANTE MARQUE DAVID HKN-90\"}]},{\"@type\":\"WebSite\",\"@id\":\"https:\/\/investmedic-store.com\/#website\",\"url\":\"https:\/\/investmedic-store.com\/\",\"name\":\"invest medic store\",\"description\":\"Importation &amp; Distribution Du Materiels Medico-Chirurgicales - \u0627\u0633\u062a\u064a\u0631\u0627\u062f \u0648\u062a\u0648\u0632\u064a\u0639 \u0627\u0644\u0645\u0648\u0627\u062f \u0627\u0644\u0637\u0628\u064a\u0629 \u0627\u0644\u062c\u0631\u0627\u062d\u064a\u0629\",\"publisher\":{\"@id\":\"https:\/\/investmedic-store.com\/#organization\"},\"alternateName\":\"investmedic store\",\"potentialAction\":[{\"@type\":\"SearchAction\",\"target\":{\"@type\":\"EntryPoint\",\"urlTemplate\":\"https:\/\/investmedic-store.com\/?s={search_term_string}\"},\"query-input\":\"required name=search_term_string\"}],\"inLanguage\":\"fr-FR\"},{\"@type\":\"Organization\",\"@id\":\"https:\/\/investmedic-store.com\/#organization\",\"name\":\"invest.medic store\",\"alternateName\":\"investmedic store\",\"url\":\"https:\/\/investmedic-store.com\/\",\"logo\":{\"@type\":\"ImageObject\",\"inLanguage\":\"fr-FR\",\"@id\":\"https:\/\/investmedic-store.com\/#\/schema\/logo\/image\/\",\"url\":\"https:\/\/investmedic-store.com\/wp-content\/uploads\/2023\/07\/cropped-LOGO_INVEST-transformed-removebg-preview-transformed-1-e1690120839263.png\",\"contentUrl\":\"https:\/\/investmedic-store.com\/wp-content\/uploads\/2023\/07\/cropped-LOGO_INVEST-transformed-removebg-preview-transformed-1-e1690120839263.png\",\"width\":512,\"height\":512,\"caption\":\"invest.medic store\"},\"image\":{\"@id\":\"https:\/\/investmedic-store.com\/#\/schema\/logo\/image\/\"},\"sameAs\":[\"https:\/\/www.facebook.com\/invest.medic\"]}]}<\/script>\n<!-- \/ Yoast SEO plugin. -->","yoast_head_json":{"title":"TABLE CHAUFFANTE MARQUE DAVID HKN-90 - investmedic-store.com","robots":{"index":"index","follow":"follow","max-snippet":"max-snippet:-1","max-image-preview":"max-image-preview:large","max-video-preview":"max-video-preview:-1"},"canonical":"https:\/\/investmedic-store.com\/?product=table-chauffante-marque-david-hkn-90","og_locale":"fr_FR","og_type":"article","og_title":"TABLE CHAUFFANTE MARQUE DAVID HKN-90 - investmedic-store.com","og_description":"DESCRIPTION &#8211; Trois modes de contr\u00f4le : Mode pr\u00e9chauffage, mode manuel et mode b\u00e9b\u00e9 contr\u00f4l\u00e9s par micro-ordinateur &#8211; La temp\u00e9rature r\u00e9gl\u00e9e et la temp\u00e9rature du b\u00e9b\u00e9 peuvent \u00eatre affich\u00e9es s\u00e9par\u00e9ment &#8211; L&#8217;angle horizontal du module de chauffage et l&#8217;inclinaison du couffin peuvent \u00eatre r\u00e9gl\u00e9s &#8211; Les panneaux entourant le couffin peuvent \u00eatre tourn\u00e9s vers l&#8217;ext\u00e9rieur &hellip; TABLE CHAUFFANTE MARQUE DAVID HKN-90Read More","og_url":"https:\/\/investmedic-store.com\/?product=table-chauffante-marque-david-hkn-90","og_site_name":"investmedic-store.com","article_publisher":"https:\/\/www.facebook.com\/invest.medic","article_modified_time":"2025-01-04T13:12:10+00:00","og_image":[{"width":960,"height":1280,"url":"http:\/\/investmedic-store.com\/wp-content\/uploads\/2023\/10\/photo_2023-09-28_21-09-22.jpg","type":"image\/jpeg"}],"twitter_card":"summary_large_image","twitter_misc":{"Dur\u00e9e de lecture estim\u00e9e":"1 minute"},"schema":{"@context":"https:\/\/schema.org","@graph":[{"@type":"WebPage","@id":"https:\/\/investmedic-store.com\/?product=table-chauffante-marque-david-hkn-90","url":"https:\/\/investmedic-store.com\/?product=table-chauffante-marque-david-hkn-90","name":"TABLE CHAUFFANTE MARQUE DAVID HKN-90 - investmedic-store.com","isPartOf":{"@id":"https:\/\/investmedic-store.com\/#website"},"datePublished":"2023-10-28T14:24:37+00:00","dateModified":"2025-01-04T13:12:10+00:00","breadcrumb":{"@id":"https:\/\/investmedic-store.com\/?product=table-chauffante-marque-david-hkn-90#breadcrumb"},"inLanguage":"fr-FR","potentialAction":[{"@type":"ReadAction","target":["https:\/\/investmedic-store.com\/?product=table-chauffante-marque-david-hkn-90"]}]},{"@type":"BreadcrumbList","@id":"https:\/\/investmedic-store.com\/?product=table-chauffante-marque-david-hkn-90#breadcrumb","itemListElement":[{"@type":"ListItem","position":1,"name":"Accueil","item":"https:\/\/investmedic-store.com\/"},{"@type":"ListItem","position":2,"name":"Shop","item":"https:\/\/investmedic-store.com\/?page_id=5"},{"@type":"ListItem","position":3,"name":"TABLE CHAUFFANTE MARQUE DAVID HKN-90"}]},{"@type":"WebSite","@id":"https:\/\/investmedic-store.com\/#website","url":"https:\/\/investmedic-store.com\/","name":"invest medic store","description":"Importation &amp; Distribution Du Materiels Medico-Chirurgicales - \u0627\u0633\u062a\u064a\u0631\u0627\u062f \u0648\u062a\u0648\u0632\u064a\u0639 \u0627\u0644\u0645\u0648\u0627\u062f \u0627\u0644\u0637\u0628\u064a\u0629 \u0627\u0644\u062c\u0631\u0627\u062d\u064a\u0629","publisher":{"@id":"https:\/\/investmedic-store.com\/#organization"},"alternateName":"investmedic store","potentialAction":[{"@type":"SearchAction","target":{"@type":"EntryPoint","urlTemplate":"https:\/\/investmedic-store.com\/?s={search_term_string}"},"query-input":"required name=search_term_string"}],"inLanguage":"fr-FR"},{"@type":"Organization","@id":"https:\/\/investmedic-store.com\/#organization","name":"invest.medic store","alternateName":"investmedic store","url":"https:\/\/investmedic-store.com\/","logo":{"@type":"ImageObject","inLanguage":"fr-FR","@id":"https:\/\/investmedic-store.com\/#\/schema\/logo\/image\/","url":"https:\/\/investmedic-store.com\/wp-content\/uploads\/2023\/07\/cropped-LOGO_INVEST-transformed-removebg-preview-transformed-1-e1690120839263.png","contentUrl":"https:\/\/investmedic-store.com\/wp-content\/uploads\/2023\/07\/cropped-LOGO_INVEST-transformed-removebg-preview-transformed-1-e1690120839263.png","width":512,"height":512,"caption":"invest.medic store"},"image":{"@id":"https:\/\/investmedic-store.com\/#\/schema\/logo\/image\/"},"sameAs":["https:\/\/www.facebook.com\/invest.medic"]}]}},"_links":{"self":[{"href":"https:\/\/investmedic-store.com\/index.php?rest_route=\/wp\/v2\/product\/2459"}],"collection":[{"href":"https:\/\/investmedic-store.com\/index.php?rest_route=\/wp\/v2\/product"}],"about":[{"href":"https:\/\/investmedic-store.com\/index.php?rest_route=\/wp\/v2\/types\/product"}],"replies":[{"embeddable":true,"href":"https:\/\/investmedic-store.com\/index.php?rest_route=%2Fwp%2Fv2%2Fcomments&post=2459"}],"wp:featuredmedia":[{"embeddable":true,"href":"https:\/\/investmedic-store.com\/index.php?rest_route=\/wp\/v2\/media\/2460"}],"wp:attachment":[{"href":"https:\/\/investmedic-store.com\/index.php?rest_route=%2Fwp%2Fv2%2Fmedia&parent=2459"}],"wp:term":[{"taxonomy":"product_cat","embeddable":true,"href":"https:\/\/investmedic-store.com\/index.php?rest_route=%2Fwp%2Fv2%2Fproduct_cat&post=2459"},{"taxonomy":"product_tag","embeddable":true,"href":"https:\/\/investmedic-store.com\/index.php?rest_route=%2Fwp%2Fv2%2Fproduct_tag&post=2459"}],"curies":[{"name":"wp","href":"https:\/\/api.w.org\/{rel}","templated":true}]}}