{"id":2445,"date":"2023-10-25T15:44:18","date_gmt":"2023-10-25T14:44:18","guid":{"rendered":"https:\/\/investmedic-store.com\/?post_type=product&#038;p=2445"},"modified":"2023-10-25T16:23:47","modified_gmt":"2023-10-25T15:23:47","slug":"bilirubinometre-marque-david-bm-100a","status":"publish","type":"product","link":"https:\/\/investmedic-store.com\/?product=bilirubinometre-marque-david-bm-100a","title":{"rendered":"BILIRUBINOMETRE MARQUE DAVID BM-100A"},"content":{"rendered":"<ul class=\"tabs-navigation ui-tabs-nav ui-corner-all ui-helper-reset ui-helper-clearfix ui-widget-header\" role=\"tablist\" data-element=\"navigation\" data-pb-style=\"NGA36FE\">\n<li class=\"tab-header ui-tabs-tab ui-corner-top ui-state-default ui-tab ui-tabs-active ui-state-active ui-state-hover ui-state-focus\" tabindex=\"0\" role=\"tab\" data-element=\"headers\" data-pb-style=\"JKX3WL3\" aria-controls=\"IUESKWC\" aria-labelledby=\"ui-id-4\" aria-selected=\"true\" aria-expanded=\"true\"><a id=\"ui-id-4\" class=\"tab-title ui-tabs-anchor\" tabindex=\"-1\" href=\"https:\/\/www.socimed.com\/bilirubinometre-david-modele-bm-100a.html#IUESKWC\"><span class=\"tab-title\">Description<\/span><\/a><\/li>\n<\/ul>\n<div class=\"tabs-content\" data-element=\"content\" data-pb-style=\"AOPBWDY\">\n<div id=\"IUESKWC\" class=\"ui-tabs-panel ui-corner-bottom ui-widget-content\" role=\"tabpanel\" data-content-type=\"tab-item\" data-appearance=\"default\" data-tab-name=\"Description\" data-background-images=\"{}\" data-element=\"main\" data-pb-style=\"WPJ23VH\" aria-labelledby=\"ui-id-4\" aria-hidden=\"false\">\n<div data-content-type=\"text\" data-appearance=\"default\" data-element=\"main\">\n<p>Le bilirubinom\u00e8tre DAVID BM-100A est un dispositif m\u00e9dical permettant de mesurer le taux de bilirubine chez le nouveau-n\u00e9, afin de d\u00e9tecter une \u00e9ventuelle jaunisse, aussi appel\u00e9e ict\u00e8re du nouveau-n\u00e9.<\/p>\n<p>Utilis\u00e9 par les p\u00e9diatres et les sp\u00e9cialistes de l&#8217;enfant et du nourrisson, on le retrouve dans les cabinets m\u00e9dicaux mais aussi dans les h\u00f4pitaux et cliniques, au sein des services de n\u00e9onatalogie et des urgences n\u00e9onatales. Il est possible de l&#8217;utiliser \u00e0 plusieurs, gr\u00e2ce \u00e0 son syst\u00e8me d&#8217;identification. L&#8217;infirmi\u00e8re ou la sage-femme entre son identifiant et celui du b\u00e9b\u00e9 et retrouve ainsi toutes les donn\u00e9es propres \u00e0 l&#8217;enfant.<\/p>\n<p>La prise de mesure se fait simplement et sans traumatisme pour le b\u00e9b\u00e9 puisqu&#8217;il suffit de placer le capteur sur le front ou le sternum de l&#8217;enfant.<\/p>\n<p>Son d\u00e9tecteur transcutan\u00e9 captera alors le taux de bilirubine afin de savoir s&#8217;il n&#8217;y a pas de dysfonctionnement au niveau du foie.<\/p>\n<p>Le bilirubinom\u00e8tre DAVID BM-100A fonctionne sur batterie et se recharge gr\u00e2ce \u00e0 son socle de chargement branch\u00e9 sur prise secteur. Celui-ci garanti un appareil pr\u00eat \u00e0 l&#8217;emploi \u00e0 100% de charge et accessible rapidement. De plus, la base de chargement inclus un module de v\u00e9rification qui permet de contr\u00f4ler l&#8217;appareil et son bon fonctionnement.<\/p>\n<p>Le bilirubinom\u00e8tre DAVID BM-100A est portable et ergonomique. Il est livr\u00e9 dans un coffret en aluminium ce qui lui assure la protection durant le transport. Il est donc id\u00e9al pour des consultations \u00e0 domicile.<\/p>\n<p>L&#8217;affichage des donn\u00e9es est clair et pr\u00e9cis gr\u00e2ce \u00e0 son \u00e9cran 3 couleurs tactile qui facilite son utilisation. L&#8217;\u00e9cran s&#8217;\u00e9teint apr\u00e8s une minute d&#8217;inactivit\u00e9, il suffit de le toucher pour le rallumer. Son voyant vers lumineux indique d&#8217;un simple coup d&#8217;oeil si l&#8217;appareil est pr\u00eat \u00e0 \u00eatre utilis\u00e9.<\/p>\n<p>&nbsp;<\/p>\n<p><strong>Donn\u00e9es techniques :<\/strong><\/p>\n<p>&#8211; Ecran tactile couleur 3 pouces<\/p>\n<p>&#8211; Batterie rechargeable gr\u00e2ce \u00e0 la base de chargement<\/p>\n<p>&#8211; Source lumineuse durable : lampe \u00e0 \u00e9clats x\u00e9non (environ 150 000 mesures)<\/p>\n<p>&#8211; Indicateur de tension faible<\/p>\n<p>&#8211; Conversion des unit\u00e9s de mesure : mg\/dL ou \u00b5mol\/L<\/p>\n<p>&#8211; Moyenne de mesure : mode de mesure permettant d&#8217;en prendre de 2 \u00e0 5 mesures afin d&#8217;en sortir une moyenne<\/p>\n<p>&#8211; Stockage de donn\u00e9es (possibilit\u00e9 de stocker des donn\u00e9es de 100 patients)<\/p>\n<p>&#8211; Plage de mesure : 0.0 \u00e0 25.0mg\/dL ou 0 \u00e0 425 \u00b5mol\/L<\/p>\n<p>&#8211; Pr\u00e9cision : +\/- 1.5mg\/dL (+\/- 25.5\u00b5mol\/L)<\/p>\n<p>&#8211; R\u00e9p\u00e9tabilit\u00e9 : &lt;3%<\/p>\n<p>&#8211; Dimensions : 6 x 4.6 x 17.5 cm (appareil seul)<\/p>\n<\/div>\n<\/div>\n<\/div>\n","protected":false},"excerpt":{"rendered":"<p>Description Le bilirubinom\u00e8tre DAVID BM-100A est un dispositif m\u00e9dical permettant de mesurer le taux de bilirubine chez le nouveau-n\u00e9, afin de d\u00e9tecter une \u00e9ventuelle jaunisse, aussi appel\u00e9e ict\u00e8re du nouveau-n\u00e9. Utilis\u00e9 par les p\u00e9diatres et les sp\u00e9cialistes de l&#8217;enfant et du nourrisson, on le retrouve dans les cabinets m\u00e9dicaux mais aussi dans les h\u00f4pitaux et &hellip;<\/p>\n<p class=\"read-more\"> <a class=\" thunk-readmore button \" href=\"https:\/\/investmedic-store.com\/?product=bilirubinometre-marque-david-bm-100a\"> <span class=\"screen-reader-text\">BILIRUBINOMETRE MARQUE DAVID BM-100A<\/span>Read More<\/a><\/p>\n","protected":false},"featured_media":2446,"comment_status":"open","ping_status":"closed","template":"","meta":{"om_disable_all_campaigns":false,"_joinchat":[]},"product_cat":[173],"product_tag":[],"yoast_head":"<!-- This site is optimized with the Yoast SEO plugin v20.12 - https:\/\/yoast.com\/wordpress\/plugins\/seo\/ -->\n<title>BILIRUBINOMETRE MARQUE DAVID BM-100A - investmedic-store.com<\/title>\n<meta name=\"robots\" content=\"index, follow, max-snippet:-1, max-image-preview:large, max-video-preview:-1\" \/>\n<link rel=\"canonical\" href=\"https:\/\/investmedic-store.com\/?product=bilirubinometre-marque-david-bm-100a\" \/>\n<meta property=\"og:locale\" content=\"fr_FR\" \/>\n<meta property=\"og:type\" content=\"article\" \/>\n<meta property=\"og:title\" content=\"BILIRUBINOMETRE MARQUE DAVID BM-100A - investmedic-store.com\" \/>\n<meta property=\"og:description\" content=\"Description Le bilirubinom\u00e8tre DAVID BM-100A est un dispositif m\u00e9dical permettant de mesurer le taux de bilirubine chez le nouveau-n\u00e9, afin de d\u00e9tecter une \u00e9ventuelle jaunisse, aussi appel\u00e9e ict\u00e8re du nouveau-n\u00e9. Utilis\u00e9 par les p\u00e9diatres et les sp\u00e9cialistes de l&#8217;enfant et du nourrisson, on le retrouve dans les cabinets m\u00e9dicaux mais aussi dans les h\u00f4pitaux et &hellip; BILIRUBINOMETRE MARQUE DAVID BM-100ARead More\" \/>\n<meta property=\"og:url\" content=\"https:\/\/investmedic-store.com\/?product=bilirubinometre-marque-david-bm-100a\" \/>\n<meta property=\"og:site_name\" content=\"investmedic-store.com\" \/>\n<meta property=\"article:publisher\" content=\"https:\/\/www.facebook.com\/invest.medic\" \/>\n<meta property=\"article:modified_time\" content=\"2023-10-25T15:23:47+00:00\" \/>\n<meta property=\"og:image\" content=\"http:\/\/investmedic-store.com\/wp-content\/uploads\/2023\/10\/photo_2023-09-28_12-22-58.jpg\" \/>\n\t<meta property=\"og:image:width\" content=\"960\" \/>\n\t<meta property=\"og:image:height\" content=\"1280\" \/>\n\t<meta property=\"og:image:type\" content=\"image\/jpeg\" \/>\n<meta name=\"twitter:card\" content=\"summary_large_image\" \/>\n<meta name=\"twitter:label1\" content=\"Dur\u00e9e de lecture estim\u00e9e\" \/>\n\t<meta name=\"twitter:data1\" content=\"2 minutes\" \/>\n<script type=\"application\/ld+json\" class=\"yoast-schema-graph\">{\"@context\":\"https:\/\/schema.org\",\"@graph\":[{\"@type\":\"WebPage\",\"@id\":\"https:\/\/investmedic-store.com\/?product=bilirubinometre-marque-david-bm-100a\",\"url\":\"https:\/\/investmedic-store.com\/?product=bilirubinometre-marque-david-bm-100a\",\"name\":\"BILIRUBINOMETRE MARQUE DAVID BM-100A - investmedic-store.com\",\"isPartOf\":{\"@id\":\"https:\/\/investmedic-store.com\/#website\"},\"datePublished\":\"2023-10-25T14:44:18+00:00\",\"dateModified\":\"2023-10-25T15:23:47+00:00\",\"breadcrumb\":{\"@id\":\"https:\/\/investmedic-store.com\/?product=bilirubinometre-marque-david-bm-100a#breadcrumb\"},\"inLanguage\":\"fr-FR\",\"potentialAction\":[{\"@type\":\"ReadAction\",\"target\":[\"https:\/\/investmedic-store.com\/?product=bilirubinometre-marque-david-bm-100a\"]}]},{\"@type\":\"BreadcrumbList\",\"@id\":\"https:\/\/investmedic-store.com\/?product=bilirubinometre-marque-david-bm-100a#breadcrumb\",\"itemListElement\":[{\"@type\":\"ListItem\",\"position\":1,\"name\":\"Accueil\",\"item\":\"https:\/\/investmedic-store.com\/\"},{\"@type\":\"ListItem\",\"position\":2,\"name\":\"Shop\",\"item\":\"https:\/\/investmedic-store.com\/?page_id=5\"},{\"@type\":\"ListItem\",\"position\":3,\"name\":\"BILIRUBINOMETRE MARQUE DAVID BM-100A\"}]},{\"@type\":\"WebSite\",\"@id\":\"https:\/\/investmedic-store.com\/#website\",\"url\":\"https:\/\/investmedic-store.com\/\",\"name\":\"invest medic store\",\"description\":\"Importation &amp; Distribution Du Materiels Medico-Chirurgicales - \u0627\u0633\u062a\u064a\u0631\u0627\u062f \u0648\u062a\u0648\u0632\u064a\u0639 \u0627\u0644\u0645\u0648\u0627\u062f \u0627\u0644\u0637\u0628\u064a\u0629 \u0627\u0644\u062c\u0631\u0627\u062d\u064a\u0629\",\"publisher\":{\"@id\":\"https:\/\/investmedic-store.com\/#organization\"},\"alternateName\":\"investmedic store\",\"potentialAction\":[{\"@type\":\"SearchAction\",\"target\":{\"@type\":\"EntryPoint\",\"urlTemplate\":\"https:\/\/investmedic-store.com\/?s={search_term_string}\"},\"query-input\":\"required name=search_term_string\"}],\"inLanguage\":\"fr-FR\"},{\"@type\":\"Organization\",\"@id\":\"https:\/\/investmedic-store.com\/#organization\",\"name\":\"invest.medic store\",\"alternateName\":\"investmedic store\",\"url\":\"https:\/\/investmedic-store.com\/\",\"logo\":{\"@type\":\"ImageObject\",\"inLanguage\":\"fr-FR\",\"@id\":\"https:\/\/investmedic-store.com\/#\/schema\/logo\/image\/\",\"url\":\"https:\/\/investmedic-store.com\/wp-content\/uploads\/2023\/07\/cropped-LOGO_INVEST-transformed-removebg-preview-transformed-1-e1690120839263.png\",\"contentUrl\":\"https:\/\/investmedic-store.com\/wp-content\/uploads\/2023\/07\/cropped-LOGO_INVEST-transformed-removebg-preview-transformed-1-e1690120839263.png\",\"width\":512,\"height\":512,\"caption\":\"invest.medic store\"},\"image\":{\"@id\":\"https:\/\/investmedic-store.com\/#\/schema\/logo\/image\/\"},\"sameAs\":[\"https:\/\/www.facebook.com\/invest.medic\"]}]}<\/script>\n<!-- \/ Yoast SEO plugin. -->","yoast_head_json":{"title":"BILIRUBINOMETRE MARQUE DAVID BM-100A - investmedic-store.com","robots":{"index":"index","follow":"follow","max-snippet":"max-snippet:-1","max-image-preview":"max-image-preview:large","max-video-preview":"max-video-preview:-1"},"canonical":"https:\/\/investmedic-store.com\/?product=bilirubinometre-marque-david-bm-100a","og_locale":"fr_FR","og_type":"article","og_title":"BILIRUBINOMETRE MARQUE DAVID BM-100A - investmedic-store.com","og_description":"Description Le bilirubinom\u00e8tre DAVID BM-100A est un dispositif m\u00e9dical permettant de mesurer le taux de bilirubine chez le nouveau-n\u00e9, afin de d\u00e9tecter une \u00e9ventuelle jaunisse, aussi appel\u00e9e ict\u00e8re du nouveau-n\u00e9. Utilis\u00e9 par les p\u00e9diatres et les sp\u00e9cialistes de l&#8217;enfant et du nourrisson, on le retrouve dans les cabinets m\u00e9dicaux mais aussi dans les h\u00f4pitaux et &hellip; BILIRUBINOMETRE MARQUE DAVID BM-100ARead More","og_url":"https:\/\/investmedic-store.com\/?product=bilirubinometre-marque-david-bm-100a","og_site_name":"investmedic-store.com","article_publisher":"https:\/\/www.facebook.com\/invest.medic","article_modified_time":"2023-10-25T15:23:47+00:00","og_image":[{"width":960,"height":1280,"url":"http:\/\/investmedic-store.com\/wp-content\/uploads\/2023\/10\/photo_2023-09-28_12-22-58.jpg","type":"image\/jpeg"}],"twitter_card":"summary_large_image","twitter_misc":{"Dur\u00e9e de lecture estim\u00e9e":"2 minutes"},"schema":{"@context":"https:\/\/schema.org","@graph":[{"@type":"WebPage","@id":"https:\/\/investmedic-store.com\/?product=bilirubinometre-marque-david-bm-100a","url":"https:\/\/investmedic-store.com\/?product=bilirubinometre-marque-david-bm-100a","name":"BILIRUBINOMETRE MARQUE DAVID BM-100A - investmedic-store.com","isPartOf":{"@id":"https:\/\/investmedic-store.com\/#website"},"datePublished":"2023-10-25T14:44:18+00:00","dateModified":"2023-10-25T15:23:47+00:00","breadcrumb":{"@id":"https:\/\/investmedic-store.com\/?product=bilirubinometre-marque-david-bm-100a#breadcrumb"},"inLanguage":"fr-FR","potentialAction":[{"@type":"ReadAction","target":["https:\/\/investmedic-store.com\/?product=bilirubinometre-marque-david-bm-100a"]}]},{"@type":"BreadcrumbList","@id":"https:\/\/investmedic-store.com\/?product=bilirubinometre-marque-david-bm-100a#breadcrumb","itemListElement":[{"@type":"ListItem","position":1,"name":"Accueil","item":"https:\/\/investmedic-store.com\/"},{"@type":"ListItem","position":2,"name":"Shop","item":"https:\/\/investmedic-store.com\/?page_id=5"},{"@type":"ListItem","position":3,"name":"BILIRUBINOMETRE MARQUE DAVID BM-100A"}]},{"@type":"WebSite","@id":"https:\/\/investmedic-store.com\/#website","url":"https:\/\/investmedic-store.com\/","name":"invest medic store","description":"Importation &amp; Distribution Du Materiels Medico-Chirurgicales - \u0627\u0633\u062a\u064a\u0631\u0627\u062f \u0648\u062a\u0648\u0632\u064a\u0639 \u0627\u0644\u0645\u0648\u0627\u062f \u0627\u0644\u0637\u0628\u064a\u0629 \u0627\u0644\u062c\u0631\u0627\u062d\u064a\u0629","publisher":{"@id":"https:\/\/investmedic-store.com\/#organization"},"alternateName":"investmedic store","potentialAction":[{"@type":"SearchAction","target":{"@type":"EntryPoint","urlTemplate":"https:\/\/investmedic-store.com\/?s={search_term_string}"},"query-input":"required name=search_term_string"}],"inLanguage":"fr-FR"},{"@type":"Organization","@id":"https:\/\/investmedic-store.com\/#organization","name":"invest.medic store","alternateName":"investmedic store","url":"https:\/\/investmedic-store.com\/","logo":{"@type":"ImageObject","inLanguage":"fr-FR","@id":"https:\/\/investmedic-store.com\/#\/schema\/logo\/image\/","url":"https:\/\/investmedic-store.com\/wp-content\/uploads\/2023\/07\/cropped-LOGO_INVEST-transformed-removebg-preview-transformed-1-e1690120839263.png","contentUrl":"https:\/\/investmedic-store.com\/wp-content\/uploads\/2023\/07\/cropped-LOGO_INVEST-transformed-removebg-preview-transformed-1-e1690120839263.png","width":512,"height":512,"caption":"invest.medic store"},"image":{"@id":"https:\/\/investmedic-store.com\/#\/schema\/logo\/image\/"},"sameAs":["https:\/\/www.facebook.com\/invest.medic"]}]}},"_links":{"self":[{"href":"https:\/\/investmedic-store.com\/index.php?rest_route=\/wp\/v2\/product\/2445"}],"collection":[{"href":"https:\/\/investmedic-store.com\/index.php?rest_route=\/wp\/v2\/product"}],"about":[{"href":"https:\/\/investmedic-store.com\/index.php?rest_route=\/wp\/v2\/types\/product"}],"replies":[{"embeddable":true,"href":"https:\/\/investmedic-store.com\/index.php?rest_route=%2Fwp%2Fv2%2Fcomments&post=2445"}],"wp:featuredmedia":[{"embeddable":true,"href":"https:\/\/investmedic-store.com\/index.php?rest_route=\/wp\/v2\/media\/2446"}],"wp:attachment":[{"href":"https:\/\/investmedic-store.com\/index.php?rest_route=%2Fwp%2Fv2%2Fmedia&parent=2445"}],"wp:term":[{"taxonomy":"product_cat","embeddable":true,"href":"https:\/\/investmedic-store.com\/index.php?rest_route=%2Fwp%2Fv2%2Fproduct_cat&post=2445"},{"taxonomy":"product_tag","embeddable":true,"href":"https:\/\/investmedic-store.com\/index.php?rest_route=%2Fwp%2Fv2%2Fproduct_tag&post=2445"}],"curies":[{"name":"wp","href":"https:\/\/api.w.org\/{rel}","templated":true}]}}