{"id":2395,"date":"2023-10-01T15:33:38","date_gmt":"2023-10-01T14:33:38","guid":{"rendered":"https:\/\/investmedic-store.com\/?post_type=product&#038;p=2395"},"modified":"2023-10-01T15:33:39","modified_gmt":"2023-10-01T14:33:39","slug":"diagnostic-system-vm-u100s","status":"publish","type":"product","link":"https:\/\/investmedic-store.com\/?product=diagnostic-system-vm-u100s","title":{"rendered":"Diagnostic system VM-U100S"},"content":{"rendered":"<p><strong>DESCRIPTION\u00a0<\/strong><\/p>\n<p>*unit\u00e9 de conception et d&#8217;extension int\u00e9gr\u00e9e<br \/>\n*examen du tympan et du conduit auditif<br \/>\n*Examen du fon d&#8217;\u0153il<br \/>\n*Mesure de pression art\u00e9rielle<br \/>\n*Mesure de temp\u00e9rature infrarouge<\/p>\n<p><strong>Caract\u00e9ristiques techniques:\u00a0<\/strong><\/p>\n<p>*Tension de connexion: 100-230V, 50\/60Hz<br \/>\n*Tension de sortie: 3.5V<br \/>\n*courant de sortie: max 2000mA<br \/>\n*Design moderne et innovant<br \/>\n*pr\u00eat \u00e0 fonctionner 24h\/24<br \/>\n*interrupteur marche\/arr\u00eat automatique<br \/>\n*montage mural facile<\/p>\n<p><strong>Sphygmomanom\u00e8tre\u00a0<\/strong><\/p>\n<p>*Fiabilit\u00e9 et facile a lire<\/p>\n<p><strong>Thermom\u00e8tre infrarouge\u00a0<\/strong><\/p>\n<p>*Balayage et mesure rapides<br \/>\n*Diff\u00e9rents modes de mesure<\/p>\n<p><strong>Otoscope fibre optique\u00a0<\/strong><\/p>\n<p>*Grossissement 3X<br \/>\n*Eclairage par fibre optique<br \/>\n*Fenetre de visualisation plus grande<br \/>\n*Luminosit\u00e9 r\u00e9glable, \u00e9clairage LED<br \/>\n*Test pneumatique (ampoule d&#8217;insufflation attach\u00e9e)<br \/>\n*Sp\u00e9culum auriculaire jetables : (D3.0MM, D5.0mm)x30pcs<\/p>\n","protected":false},"excerpt":{"rendered":"<p>DESCRIPTION\u00a0 *unit\u00e9 de conception et d&#8217;extension int\u00e9gr\u00e9e *examen du tympan et du conduit auditif *Examen du fon d&#8217;\u0153il *Mesure de pression art\u00e9rielle *Mesure de temp\u00e9rature infrarouge Caract\u00e9ristiques techniques:\u00a0 *Tension de connexion: 100-230V, 50\/60Hz *Tension de sortie: 3.5V *courant de sortie: max 2000mA *Design moderne et innovant *pr\u00eat \u00e0 fonctionner 24h\/24 *interrupteur marche\/arr\u00eat automatique *montage mural &hellip;<\/p>\n<p class=\"read-more\"> <a class=\" thunk-readmore button \" href=\"https:\/\/investmedic-store.com\/?product=diagnostic-system-vm-u100s\"> <span class=\"screen-reader-text\">Diagnostic system VM-U100S<\/span>Read More<\/a><\/p>\n","protected":false},"featured_media":2396,"comment_status":"open","ping_status":"closed","template":"","meta":{"om_disable_all_campaigns":false,"_joinchat":[]},"product_cat":[175],"product_tag":[],"yoast_head":"<!-- This site is optimized with the Yoast SEO plugin v20.12 - https:\/\/yoast.com\/wordpress\/plugins\/seo\/ -->\n<title>Diagnostic system VM-U100S - investmedic-store.com<\/title>\n<meta name=\"robots\" content=\"index, follow, max-snippet:-1, max-image-preview:large, max-video-preview:-1\" \/>\n<link rel=\"canonical\" href=\"https:\/\/investmedic-store.com\/?product=diagnostic-system-vm-u100s\" \/>\n<meta property=\"og:locale\" content=\"fr_FR\" \/>\n<meta property=\"og:type\" content=\"article\" \/>\n<meta property=\"og:title\" content=\"Diagnostic system VM-U100S - investmedic-store.com\" \/>\n<meta property=\"og:description\" content=\"DESCRIPTION\u00a0 *unit\u00e9 de conception et d&#8217;extension int\u00e9gr\u00e9e *examen du tympan et du conduit auditif *Examen du fon d&#8217;\u0153il *Mesure de pression art\u00e9rielle *Mesure de temp\u00e9rature infrarouge Caract\u00e9ristiques techniques:\u00a0 *Tension de connexion: 100-230V, 50\/60Hz *Tension de sortie: 3.5V *courant de sortie: max 2000mA *Design moderne et innovant *pr\u00eat \u00e0 fonctionner 24h\/24 *interrupteur marche\/arr\u00eat automatique *montage mural &hellip; Diagnostic system VM-U100SRead More\" \/>\n<meta property=\"og:url\" content=\"https:\/\/investmedic-store.com\/?product=diagnostic-system-vm-u100s\" \/>\n<meta property=\"og:site_name\" content=\"investmedic-store.com\" \/>\n<meta property=\"article:publisher\" content=\"https:\/\/www.facebook.com\/invest.medic\" \/>\n<meta property=\"article:modified_time\" content=\"2023-10-01T14:33:39+00:00\" \/>\n<meta property=\"og:image\" content=\"http:\/\/investmedic-store.com\/wp-content\/uploads\/2023\/10\/photo_2023-09-28_21-06-07.jpg\" \/>\n\t<meta property=\"og:image:width\" content=\"960\" \/>\n\t<meta property=\"og:image:height\" content=\"1280\" \/>\n\t<meta property=\"og:image:type\" content=\"image\/jpeg\" \/>\n<meta name=\"twitter:card\" content=\"summary_large_image\" \/>\n<meta name=\"twitter:label1\" content=\"Dur\u00e9e de lecture estim\u00e9e\" \/>\n\t<meta name=\"twitter:data1\" content=\"1 minute\" \/>\n<script type=\"application\/ld+json\" class=\"yoast-schema-graph\">{\"@context\":\"https:\/\/schema.org\",\"@graph\":[{\"@type\":\"WebPage\",\"@id\":\"https:\/\/investmedic-store.com\/?product=diagnostic-system-vm-u100s\",\"url\":\"https:\/\/investmedic-store.com\/?product=diagnostic-system-vm-u100s\",\"name\":\"Diagnostic system VM-U100S - investmedic-store.com\",\"isPartOf\":{\"@id\":\"https:\/\/investmedic-store.com\/#website\"},\"datePublished\":\"2023-10-01T14:33:38+00:00\",\"dateModified\":\"2023-10-01T14:33:39+00:00\",\"breadcrumb\":{\"@id\":\"https:\/\/investmedic-store.com\/?product=diagnostic-system-vm-u100s#breadcrumb\"},\"inLanguage\":\"fr-FR\",\"potentialAction\":[{\"@type\":\"ReadAction\",\"target\":[\"https:\/\/investmedic-store.com\/?product=diagnostic-system-vm-u100s\"]}]},{\"@type\":\"BreadcrumbList\",\"@id\":\"https:\/\/investmedic-store.com\/?product=diagnostic-system-vm-u100s#breadcrumb\",\"itemListElement\":[{\"@type\":\"ListItem\",\"position\":1,\"name\":\"Accueil\",\"item\":\"https:\/\/investmedic-store.com\/\"},{\"@type\":\"ListItem\",\"position\":2,\"name\":\"Shop\",\"item\":\"https:\/\/investmedic-store.com\/?page_id=5\"},{\"@type\":\"ListItem\",\"position\":3,\"name\":\"Diagnostic system VM-U100S\"}]},{\"@type\":\"WebSite\",\"@id\":\"https:\/\/investmedic-store.com\/#website\",\"url\":\"https:\/\/investmedic-store.com\/\",\"name\":\"invest medic store\",\"description\":\"Importation &amp; Distribution Du Materiels Medico-Chirurgicales - \u0627\u0633\u062a\u064a\u0631\u0627\u062f \u0648\u062a\u0648\u0632\u064a\u0639 \u0627\u0644\u0645\u0648\u0627\u062f \u0627\u0644\u0637\u0628\u064a\u0629 \u0627\u0644\u062c\u0631\u0627\u062d\u064a\u0629\",\"publisher\":{\"@id\":\"https:\/\/investmedic-store.com\/#organization\"},\"alternateName\":\"investmedic store\",\"potentialAction\":[{\"@type\":\"SearchAction\",\"target\":{\"@type\":\"EntryPoint\",\"urlTemplate\":\"https:\/\/investmedic-store.com\/?s={search_term_string}\"},\"query-input\":\"required name=search_term_string\"}],\"inLanguage\":\"fr-FR\"},{\"@type\":\"Organization\",\"@id\":\"https:\/\/investmedic-store.com\/#organization\",\"name\":\"invest.medic store\",\"alternateName\":\"investmedic store\",\"url\":\"https:\/\/investmedic-store.com\/\",\"logo\":{\"@type\":\"ImageObject\",\"inLanguage\":\"fr-FR\",\"@id\":\"https:\/\/investmedic-store.com\/#\/schema\/logo\/image\/\",\"url\":\"https:\/\/investmedic-store.com\/wp-content\/uploads\/2023\/07\/cropped-LOGO_INVEST-transformed-removebg-preview-transformed-1-e1690120839263.png\",\"contentUrl\":\"https:\/\/investmedic-store.com\/wp-content\/uploads\/2023\/07\/cropped-LOGO_INVEST-transformed-removebg-preview-transformed-1-e1690120839263.png\",\"width\":512,\"height\":512,\"caption\":\"invest.medic store\"},\"image\":{\"@id\":\"https:\/\/investmedic-store.com\/#\/schema\/logo\/image\/\"},\"sameAs\":[\"https:\/\/www.facebook.com\/invest.medic\"]}]}<\/script>\n<!-- \/ Yoast SEO plugin. -->","yoast_head_json":{"title":"Diagnostic system VM-U100S - investmedic-store.com","robots":{"index":"index","follow":"follow","max-snippet":"max-snippet:-1","max-image-preview":"max-image-preview:large","max-video-preview":"max-video-preview:-1"},"canonical":"https:\/\/investmedic-store.com\/?product=diagnostic-system-vm-u100s","og_locale":"fr_FR","og_type":"article","og_title":"Diagnostic system VM-U100S - investmedic-store.com","og_description":"DESCRIPTION\u00a0 *unit\u00e9 de conception et d&#8217;extension int\u00e9gr\u00e9e *examen du tympan et du conduit auditif *Examen du fon d&#8217;\u0153il *Mesure de pression art\u00e9rielle *Mesure de temp\u00e9rature infrarouge Caract\u00e9ristiques techniques:\u00a0 *Tension de connexion: 100-230V, 50\/60Hz *Tension de sortie: 3.5V *courant de sortie: max 2000mA *Design moderne et innovant *pr\u00eat \u00e0 fonctionner 24h\/24 *interrupteur marche\/arr\u00eat automatique *montage mural &hellip; Diagnostic system VM-U100SRead More","og_url":"https:\/\/investmedic-store.com\/?product=diagnostic-system-vm-u100s","og_site_name":"investmedic-store.com","article_publisher":"https:\/\/www.facebook.com\/invest.medic","article_modified_time":"2023-10-01T14:33:39+00:00","og_image":[{"width":960,"height":1280,"url":"http:\/\/investmedic-store.com\/wp-content\/uploads\/2023\/10\/photo_2023-09-28_21-06-07.jpg","type":"image\/jpeg"}],"twitter_card":"summary_large_image","twitter_misc":{"Dur\u00e9e de lecture estim\u00e9e":"1 minute"},"schema":{"@context":"https:\/\/schema.org","@graph":[{"@type":"WebPage","@id":"https:\/\/investmedic-store.com\/?product=diagnostic-system-vm-u100s","url":"https:\/\/investmedic-store.com\/?product=diagnostic-system-vm-u100s","name":"Diagnostic system VM-U100S - investmedic-store.com","isPartOf":{"@id":"https:\/\/investmedic-store.com\/#website"},"datePublished":"2023-10-01T14:33:38+00:00","dateModified":"2023-10-01T14:33:39+00:00","breadcrumb":{"@id":"https:\/\/investmedic-store.com\/?product=diagnostic-system-vm-u100s#breadcrumb"},"inLanguage":"fr-FR","potentialAction":[{"@type":"ReadAction","target":["https:\/\/investmedic-store.com\/?product=diagnostic-system-vm-u100s"]}]},{"@type":"BreadcrumbList","@id":"https:\/\/investmedic-store.com\/?product=diagnostic-system-vm-u100s#breadcrumb","itemListElement":[{"@type":"ListItem","position":1,"name":"Accueil","item":"https:\/\/investmedic-store.com\/"},{"@type":"ListItem","position":2,"name":"Shop","item":"https:\/\/investmedic-store.com\/?page_id=5"},{"@type":"ListItem","position":3,"name":"Diagnostic system VM-U100S"}]},{"@type":"WebSite","@id":"https:\/\/investmedic-store.com\/#website","url":"https:\/\/investmedic-store.com\/","name":"invest medic store","description":"Importation &amp; Distribution Du Materiels Medico-Chirurgicales - \u0627\u0633\u062a\u064a\u0631\u0627\u062f \u0648\u062a\u0648\u0632\u064a\u0639 \u0627\u0644\u0645\u0648\u0627\u062f \u0627\u0644\u0637\u0628\u064a\u0629 \u0627\u0644\u062c\u0631\u0627\u062d\u064a\u0629","publisher":{"@id":"https:\/\/investmedic-store.com\/#organization"},"alternateName":"investmedic store","potentialAction":[{"@type":"SearchAction","target":{"@type":"EntryPoint","urlTemplate":"https:\/\/investmedic-store.com\/?s={search_term_string}"},"query-input":"required name=search_term_string"}],"inLanguage":"fr-FR"},{"@type":"Organization","@id":"https:\/\/investmedic-store.com\/#organization","name":"invest.medic store","alternateName":"investmedic store","url":"https:\/\/investmedic-store.com\/","logo":{"@type":"ImageObject","inLanguage":"fr-FR","@id":"https:\/\/investmedic-store.com\/#\/schema\/logo\/image\/","url":"https:\/\/investmedic-store.com\/wp-content\/uploads\/2023\/07\/cropped-LOGO_INVEST-transformed-removebg-preview-transformed-1-e1690120839263.png","contentUrl":"https:\/\/investmedic-store.com\/wp-content\/uploads\/2023\/07\/cropped-LOGO_INVEST-transformed-removebg-preview-transformed-1-e1690120839263.png","width":512,"height":512,"caption":"invest.medic store"},"image":{"@id":"https:\/\/investmedic-store.com\/#\/schema\/logo\/image\/"},"sameAs":["https:\/\/www.facebook.com\/invest.medic"]}]}},"_links":{"self":[{"href":"https:\/\/investmedic-store.com\/index.php?rest_route=\/wp\/v2\/product\/2395"}],"collection":[{"href":"https:\/\/investmedic-store.com\/index.php?rest_route=\/wp\/v2\/product"}],"about":[{"href":"https:\/\/investmedic-store.com\/index.php?rest_route=\/wp\/v2\/types\/product"}],"replies":[{"embeddable":true,"href":"https:\/\/investmedic-store.com\/index.php?rest_route=%2Fwp%2Fv2%2Fcomments&post=2395"}],"wp:featuredmedia":[{"embeddable":true,"href":"https:\/\/investmedic-store.com\/index.php?rest_route=\/wp\/v2\/media\/2396"}],"wp:attachment":[{"href":"https:\/\/investmedic-store.com\/index.php?rest_route=%2Fwp%2Fv2%2Fmedia&parent=2395"}],"wp:term":[{"taxonomy":"product_cat","embeddable":true,"href":"https:\/\/investmedic-store.com\/index.php?rest_route=%2Fwp%2Fv2%2Fproduct_cat&post=2395"},{"taxonomy":"product_tag","embeddable":true,"href":"https:\/\/investmedic-store.com\/index.php?rest_route=%2Fwp%2Fv2%2Fproduct_tag&post=2395"}],"curies":[{"name":"wp","href":"https:\/\/api.w.org\/{rel}","templated":true}]}}