{"id":2376,"date":"2023-09-29T21:59:12","date_gmt":"2023-09-29T20:59:12","guid":{"rendered":"https:\/\/investmedic-store.com\/?post_type=product&#038;p=2376"},"modified":"2025-06-18T11:12:29","modified_gmt":"2025-06-18T10:12:29","slug":"centrifugeuse-dm506","status":"publish","type":"product","link":"https:\/\/investmedic-store.com\/?product=centrifugeuse-dm506","title":{"rendered":"CENTRIFUGEUSE DLAB DM0506"},"content":{"rendered":"<p><strong>Description\u00a0<\/strong><\/p>\n<p>La centrifugeuse \u00e0 faible vitesse DLAB DM0506 est \u00e9quip\u00e9e d&#8217;un rotor \u00e0 angle fixe A6-15P int\u00e8gre qui peut contenir jusqu&#8217;\u00e0 15ml\/10ml\/7ml\/5ml*6 tubes. elle est largement utilis\u00e9e pour la s\u00e9paration du sang ou de l&#8217;urine dans la pratique m\u00e9dicale de routine dans les h\u00f4pitaux ,les cliniques ou les instituts de recherche.<\/p>\n<p><strong>Caract\u00e9ristiques principales\u00a0<\/strong><\/p>\n<p>*La vitesse du rotor peut \u00eatre r\u00e9gl\u00e9e et affich\u00e9e en RPM ou en force G<\/p>\n<p>*Le programme d\u00e9fini par le bouton est enregistr\u00e9 et active \u00e0 la mise sous tension<\/p>\n<p>*Deux programmes P1\/P2,facile \u00e0 d\u00e9marrer la proc\u00e9dure par une seule touche<\/p>\n<p>*R\u00e9glage de deux vitesses de d\u00e9c\u00e9l\u00e9ration pour r\u00e9pondre a diff\u00e9rentes exigences<\/p>\n<p>*Affichage du traitement facile a lire et alerte sonore<\/p>\n<p>*D\u00e9verrouillage automatique du couvercle apr\u00e8s le fonctionnement<\/p>\n<p>*Moteur CC sans balais et sans entretien<\/p>\n<p>*Max.RCF: 2350xg, incr\u00e9ment : 10g<\/p>\n<p>*Pr\u00e9cision de la vitesse : 20rpm<\/p>\n<p>*Capacite du rotor : 6*15ml\/10ml\/7ml\/1.5-5ml<\/p>\n<p>*Dur\u00e9e de fonctionnement : 30sec-99min, HD (fonctionnement continu)<\/p>\n<p>*Affichage : LCD<\/p>\n<p>*M\u00e9moire de programmes 2<\/p>\n<p>*Acc\u00e9l\u00e9ration\/D\u00e9c\u00e9l\u00e9ration 1-2<\/p>\n<p>*Dispositifs de s\u00e9curit\u00e9: verrouillage de la porte, d\u00e9tecteur de survitesse, diagnostic interne automatique<\/p>\n<p>*Moteur: moteur DC sans balais<\/p>\n<p>*Alimentation : monophas\u00e9, 110v-240v , 50hz\/60hz,70w<\/p>\n<p>*Dimensions (L*P*H): 300*240*180mm<\/p>\n<p>*Poids:5.2kg<\/p>\n<p><strong>*Caract\u00e9ristiques avanc\u00e9es<\/strong> : commutateur vitesse\/RCF, fonction d&#8217;alerte sonore<\/p>\n","protected":false},"excerpt":{"rendered":"<p>Description\u00a0 La centrifugeuse \u00e0 faible vitesse DLAB DM0506 est \u00e9quip\u00e9e d&#8217;un rotor \u00e0 angle fixe A6-15P int\u00e8gre qui peut contenir jusqu&#8217;\u00e0 15ml\/10ml\/7ml\/5ml*6 tubes. elle est largement utilis\u00e9e pour la s\u00e9paration du sang ou de l&#8217;urine dans la pratique m\u00e9dicale de routine dans les h\u00f4pitaux ,les cliniques ou les instituts de recherche. Caract\u00e9ristiques principales\u00a0 *La vitesse &hellip;<\/p>\n<p class=\"read-more\"> <a class=\" thunk-readmore button \" href=\"https:\/\/investmedic-store.com\/?product=centrifugeuse-dm506\"> <span class=\"screen-reader-text\">CENTRIFUGEUSE DLAB DM0506<\/span>Read More<\/a><\/p>\n","protected":false},"featured_media":2377,"comment_status":"open","ping_status":"closed","template":"","meta":{"om_disable_all_campaigns":false,"_joinchat":[]},"product_cat":[174],"product_tag":[],"yoast_head":"<!-- This site is optimized with the Yoast SEO plugin v20.12 - https:\/\/yoast.com\/wordpress\/plugins\/seo\/ -->\n<title>CENTRIFUGEUSE DLAB DM0506 - investmedic-store.com<\/title>\n<meta name=\"robots\" content=\"index, follow, max-snippet:-1, max-image-preview:large, max-video-preview:-1\" \/>\n<link rel=\"canonical\" href=\"https:\/\/investmedic-store.com\/?product=centrifugeuse-dm506\" \/>\n<meta property=\"og:locale\" content=\"fr_FR\" \/>\n<meta property=\"og:type\" content=\"article\" \/>\n<meta property=\"og:title\" content=\"CENTRIFUGEUSE DLAB DM0506 - investmedic-store.com\" \/>\n<meta property=\"og:description\" content=\"Description\u00a0 La centrifugeuse \u00e0 faible vitesse DLAB DM0506 est \u00e9quip\u00e9e d&#8217;un rotor \u00e0 angle fixe A6-15P int\u00e8gre qui peut contenir jusqu&#8217;\u00e0 15ml\/10ml\/7ml\/5ml*6 tubes. elle est largement utilis\u00e9e pour la s\u00e9paration du sang ou de l&#8217;urine dans la pratique m\u00e9dicale de routine dans les h\u00f4pitaux ,les cliniques ou les instituts de recherche. Caract\u00e9ristiques principales\u00a0 *La vitesse &hellip; CENTRIFUGEUSE DLAB DM0506Read More\" \/>\n<meta property=\"og:url\" content=\"https:\/\/investmedic-store.com\/?product=centrifugeuse-dm506\" \/>\n<meta property=\"og:site_name\" content=\"investmedic-store.com\" \/>\n<meta property=\"article:publisher\" content=\"https:\/\/www.facebook.com\/invest.medic\" \/>\n<meta property=\"article:modified_time\" content=\"2025-06-18T10:12:29+00:00\" \/>\n<meta property=\"og:image\" content=\"http:\/\/investmedic-store.com\/wp-content\/uploads\/2023\/09\/photo_2023-09-28_21-07-16.jpg\" \/>\n\t<meta property=\"og:image:width\" content=\"960\" \/>\n\t<meta property=\"og:image:height\" content=\"1280\" \/>\n\t<meta property=\"og:image:type\" content=\"image\/jpeg\" \/>\n<meta name=\"twitter:card\" content=\"summary_large_image\" \/>\n<meta name=\"twitter:label1\" content=\"Dur\u00e9e de lecture estim\u00e9e\" \/>\n\t<meta name=\"twitter:data1\" content=\"1 minute\" \/>\n<script type=\"application\/ld+json\" class=\"yoast-schema-graph\">{\"@context\":\"https:\/\/schema.org\",\"@graph\":[{\"@type\":\"WebPage\",\"@id\":\"https:\/\/investmedic-store.com\/?product=centrifugeuse-dm506\",\"url\":\"https:\/\/investmedic-store.com\/?product=centrifugeuse-dm506\",\"name\":\"CENTRIFUGEUSE DLAB DM0506 - investmedic-store.com\",\"isPartOf\":{\"@id\":\"https:\/\/investmedic-store.com\/#website\"},\"datePublished\":\"2023-09-29T20:59:12+00:00\",\"dateModified\":\"2025-06-18T10:12:29+00:00\",\"breadcrumb\":{\"@id\":\"https:\/\/investmedic-store.com\/?product=centrifugeuse-dm506#breadcrumb\"},\"inLanguage\":\"fr-FR\",\"potentialAction\":[{\"@type\":\"ReadAction\",\"target\":[\"https:\/\/investmedic-store.com\/?product=centrifugeuse-dm506\"]}]},{\"@type\":\"BreadcrumbList\",\"@id\":\"https:\/\/investmedic-store.com\/?product=centrifugeuse-dm506#breadcrumb\",\"itemListElement\":[{\"@type\":\"ListItem\",\"position\":1,\"name\":\"Accueil\",\"item\":\"https:\/\/investmedic-store.com\/\"},{\"@type\":\"ListItem\",\"position\":2,\"name\":\"Shop\",\"item\":\"https:\/\/investmedic-store.com\/?page_id=5\"},{\"@type\":\"ListItem\",\"position\":3,\"name\":\"CENTRIFUGEUSE DLAB DM0506\"}]},{\"@type\":\"WebSite\",\"@id\":\"https:\/\/investmedic-store.com\/#website\",\"url\":\"https:\/\/investmedic-store.com\/\",\"name\":\"invest medic store\",\"description\":\"Importation &amp; Distribution Du Materiels Medico-Chirurgicales - \u0627\u0633\u062a\u064a\u0631\u0627\u062f \u0648\u062a\u0648\u0632\u064a\u0639 \u0627\u0644\u0645\u0648\u0627\u062f \u0627\u0644\u0637\u0628\u064a\u0629 \u0627\u0644\u062c\u0631\u0627\u062d\u064a\u0629\",\"publisher\":{\"@id\":\"https:\/\/investmedic-store.com\/#organization\"},\"alternateName\":\"investmedic store\",\"potentialAction\":[{\"@type\":\"SearchAction\",\"target\":{\"@type\":\"EntryPoint\",\"urlTemplate\":\"https:\/\/investmedic-store.com\/?s={search_term_string}\"},\"query-input\":\"required name=search_term_string\"}],\"inLanguage\":\"fr-FR\"},{\"@type\":\"Organization\",\"@id\":\"https:\/\/investmedic-store.com\/#organization\",\"name\":\"invest.medic store\",\"alternateName\":\"investmedic store\",\"url\":\"https:\/\/investmedic-store.com\/\",\"logo\":{\"@type\":\"ImageObject\",\"inLanguage\":\"fr-FR\",\"@id\":\"https:\/\/investmedic-store.com\/#\/schema\/logo\/image\/\",\"url\":\"https:\/\/investmedic-store.com\/wp-content\/uploads\/2023\/07\/cropped-LOGO_INVEST-transformed-removebg-preview-transformed-1-e1690120839263.png\",\"contentUrl\":\"https:\/\/investmedic-store.com\/wp-content\/uploads\/2023\/07\/cropped-LOGO_INVEST-transformed-removebg-preview-transformed-1-e1690120839263.png\",\"width\":512,\"height\":512,\"caption\":\"invest.medic store\"},\"image\":{\"@id\":\"https:\/\/investmedic-store.com\/#\/schema\/logo\/image\/\"},\"sameAs\":[\"https:\/\/www.facebook.com\/invest.medic\"]}]}<\/script>\n<!-- \/ Yoast SEO plugin. -->","yoast_head_json":{"title":"CENTRIFUGEUSE DLAB DM0506 - investmedic-store.com","robots":{"index":"index","follow":"follow","max-snippet":"max-snippet:-1","max-image-preview":"max-image-preview:large","max-video-preview":"max-video-preview:-1"},"canonical":"https:\/\/investmedic-store.com\/?product=centrifugeuse-dm506","og_locale":"fr_FR","og_type":"article","og_title":"CENTRIFUGEUSE DLAB DM0506 - investmedic-store.com","og_description":"Description\u00a0 La centrifugeuse \u00e0 faible vitesse DLAB DM0506 est \u00e9quip\u00e9e d&#8217;un rotor \u00e0 angle fixe A6-15P int\u00e8gre qui peut contenir jusqu&#8217;\u00e0 15ml\/10ml\/7ml\/5ml*6 tubes. elle est largement utilis\u00e9e pour la s\u00e9paration du sang ou de l&#8217;urine dans la pratique m\u00e9dicale de routine dans les h\u00f4pitaux ,les cliniques ou les instituts de recherche. Caract\u00e9ristiques principales\u00a0 *La vitesse &hellip; CENTRIFUGEUSE DLAB DM0506Read More","og_url":"https:\/\/investmedic-store.com\/?product=centrifugeuse-dm506","og_site_name":"investmedic-store.com","article_publisher":"https:\/\/www.facebook.com\/invest.medic","article_modified_time":"2025-06-18T10:12:29+00:00","og_image":[{"width":960,"height":1280,"url":"http:\/\/investmedic-store.com\/wp-content\/uploads\/2023\/09\/photo_2023-09-28_21-07-16.jpg","type":"image\/jpeg"}],"twitter_card":"summary_large_image","twitter_misc":{"Dur\u00e9e de lecture estim\u00e9e":"1 minute"},"schema":{"@context":"https:\/\/schema.org","@graph":[{"@type":"WebPage","@id":"https:\/\/investmedic-store.com\/?product=centrifugeuse-dm506","url":"https:\/\/investmedic-store.com\/?product=centrifugeuse-dm506","name":"CENTRIFUGEUSE DLAB DM0506 - investmedic-store.com","isPartOf":{"@id":"https:\/\/investmedic-store.com\/#website"},"datePublished":"2023-09-29T20:59:12+00:00","dateModified":"2025-06-18T10:12:29+00:00","breadcrumb":{"@id":"https:\/\/investmedic-store.com\/?product=centrifugeuse-dm506#breadcrumb"},"inLanguage":"fr-FR","potentialAction":[{"@type":"ReadAction","target":["https:\/\/investmedic-store.com\/?product=centrifugeuse-dm506"]}]},{"@type":"BreadcrumbList","@id":"https:\/\/investmedic-store.com\/?product=centrifugeuse-dm506#breadcrumb","itemListElement":[{"@type":"ListItem","position":1,"name":"Accueil","item":"https:\/\/investmedic-store.com\/"},{"@type":"ListItem","position":2,"name":"Shop","item":"https:\/\/investmedic-store.com\/?page_id=5"},{"@type":"ListItem","position":3,"name":"CENTRIFUGEUSE DLAB DM0506"}]},{"@type":"WebSite","@id":"https:\/\/investmedic-store.com\/#website","url":"https:\/\/investmedic-store.com\/","name":"invest medic store","description":"Importation &amp; Distribution Du Materiels Medico-Chirurgicales - \u0627\u0633\u062a\u064a\u0631\u0627\u062f \u0648\u062a\u0648\u0632\u064a\u0639 \u0627\u0644\u0645\u0648\u0627\u062f \u0627\u0644\u0637\u0628\u064a\u0629 \u0627\u0644\u062c\u0631\u0627\u062d\u064a\u0629","publisher":{"@id":"https:\/\/investmedic-store.com\/#organization"},"alternateName":"investmedic store","potentialAction":[{"@type":"SearchAction","target":{"@type":"EntryPoint","urlTemplate":"https:\/\/investmedic-store.com\/?s={search_term_string}"},"query-input":"required name=search_term_string"}],"inLanguage":"fr-FR"},{"@type":"Organization","@id":"https:\/\/investmedic-store.com\/#organization","name":"invest.medic store","alternateName":"investmedic store","url":"https:\/\/investmedic-store.com\/","logo":{"@type":"ImageObject","inLanguage":"fr-FR","@id":"https:\/\/investmedic-store.com\/#\/schema\/logo\/image\/","url":"https:\/\/investmedic-store.com\/wp-content\/uploads\/2023\/07\/cropped-LOGO_INVEST-transformed-removebg-preview-transformed-1-e1690120839263.png","contentUrl":"https:\/\/investmedic-store.com\/wp-content\/uploads\/2023\/07\/cropped-LOGO_INVEST-transformed-removebg-preview-transformed-1-e1690120839263.png","width":512,"height":512,"caption":"invest.medic store"},"image":{"@id":"https:\/\/investmedic-store.com\/#\/schema\/logo\/image\/"},"sameAs":["https:\/\/www.facebook.com\/invest.medic"]}]}},"_links":{"self":[{"href":"https:\/\/investmedic-store.com\/index.php?rest_route=\/wp\/v2\/product\/2376"}],"collection":[{"href":"https:\/\/investmedic-store.com\/index.php?rest_route=\/wp\/v2\/product"}],"about":[{"href":"https:\/\/investmedic-store.com\/index.php?rest_route=\/wp\/v2\/types\/product"}],"replies":[{"embeddable":true,"href":"https:\/\/investmedic-store.com\/index.php?rest_route=%2Fwp%2Fv2%2Fcomments&post=2376"}],"wp:featuredmedia":[{"embeddable":true,"href":"https:\/\/investmedic-store.com\/index.php?rest_route=\/wp\/v2\/media\/2377"}],"wp:attachment":[{"href":"https:\/\/investmedic-store.com\/index.php?rest_route=%2Fwp%2Fv2%2Fmedia&parent=2376"}],"wp:term":[{"taxonomy":"product_cat","embeddable":true,"href":"https:\/\/investmedic-store.com\/index.php?rest_route=%2Fwp%2Fv2%2Fproduct_cat&post=2376"},{"taxonomy":"product_tag","embeddable":true,"href":"https:\/\/investmedic-store.com\/index.php?rest_route=%2Fwp%2Fv2%2Fproduct_tag&post=2376"}],"curies":[{"name":"wp","href":"https:\/\/api.w.org\/{rel}","templated":true}]}}