{"id":2374,"date":"2023-09-29T15:53:15","date_gmt":"2023-09-29T14:53:15","guid":{"rendered":"https:\/\/investmedic-store.com\/?post_type=product&#038;p=2374"},"modified":"2023-09-30T18:50:31","modified_gmt":"2023-09-30T17:50:31","slug":"fauteuil-roulant-star-chair-yxh-5e","status":"publish","type":"product","link":"https:\/\/investmedic-store.com\/?product=fauteuil-roulant-star-chair-yxh-5e","title":{"rendered":"FAUTEUIL ROULANT STAR CHAIR YXH-5E"},"content":{"rendered":"<p><strong>Description\u00a0<\/strong><\/p>\n<p>*Cette civi\u00e8re d&#8217;escalier est faite de mat\u00e9riaux en alliage d&#8217;aluminium \u00e0 haute r\u00e9sistance.<\/p>\n<p>*La conception des rails permet au personnel d&#8217;urgence de transf\u00e9rer plus facilement le patient dans les escaliers.<\/p>\n<p>*Quatre roues permettent aux patients d&#8217;\u00eatre d\u00e9plac\u00e9s sur la plupart des surfaces avec un minimum d&#8217;effort.<\/p>\n<p>*La civi\u00e8re approuve la s\u00e9curit\u00e9 du patient pendant le processus de transport en raison de ses 2 pi\u00e8ces de sangles de retenue avec boucle a d\u00e9gagement rapide.<\/p>\n<p>*Sous l&#8217;avant de la civi\u00e8re, il y a deux tiges de levage flexibles.<\/p>\n<p>*La structure peut \u00eatre pli\u00e9e et permet d&#8217;\u00e9conomiser de l&#8217;espace dans la voiture d&#8217;ambulance.<\/p>\n<p>*Il se caract\u00e9rise par sa l\u00e9g\u00e8ret\u00e9, sa petite taille, son transport facile, sa s\u00e9curit\u00e9 d&#8217;utilisation et sa facilite de st\u00e9rilisation et de nettoyage.<\/p>\n<p><strong>Caract\u00e9ristiques technique\u00a0<\/strong><\/p>\n<p>-Mod\u00e8le YXH-5E<\/p>\n<p>-Taille du produit (L*W*H):92*52*56cm<\/p>\n<p>-Taille pli\u00e9e (L*W*H):114*52*26cm<\/p>\n<p>-Taille d&#8217;emballage (1pcs):115*54*27cm<\/p>\n<p>-Portant de charge: 159kg<\/p>\n<p>-N.W 12kg<\/p>\n<p>-gw 13.5kg<\/p>\n","protected":false},"excerpt":{"rendered":"<p>Description\u00a0 *Cette civi\u00e8re d&#8217;escalier est faite de mat\u00e9riaux en alliage d&#8217;aluminium \u00e0 haute r\u00e9sistance. *La conception des rails permet au personnel d&#8217;urgence de transf\u00e9rer plus facilement le patient dans les escaliers. *Quatre roues permettent aux patients d&#8217;\u00eatre d\u00e9plac\u00e9s sur la plupart des surfaces avec un minimum d&#8217;effort. *La civi\u00e8re approuve la s\u00e9curit\u00e9 du patient pendant &hellip;<\/p>\n<p class=\"read-more\"> <a class=\" thunk-readmore button \" href=\"https:\/\/investmedic-store.com\/?product=fauteuil-roulant-star-chair-yxh-5e\"> <span class=\"screen-reader-text\">FAUTEUIL ROULANT STAR CHAIR YXH-5E<\/span>Read More<\/a><\/p>\n","protected":false},"featured_media":2375,"comment_status":"open","ping_status":"closed","template":"","meta":{"om_disable_all_campaigns":false,"_joinchat":[]},"product_cat":[176],"product_tag":[],"yoast_head":"<!-- This site is optimized with the Yoast SEO plugin v20.12 - https:\/\/yoast.com\/wordpress\/plugins\/seo\/ -->\n<title>FAUTEUIL ROULANT STAR CHAIR YXH-5E - investmedic-store.com<\/title>\n<meta name=\"robots\" content=\"index, follow, max-snippet:-1, max-image-preview:large, max-video-preview:-1\" \/>\n<link rel=\"canonical\" href=\"https:\/\/investmedic-store.com\/?product=fauteuil-roulant-star-chair-yxh-5e\" \/>\n<meta property=\"og:locale\" content=\"fr_FR\" \/>\n<meta property=\"og:type\" content=\"article\" \/>\n<meta property=\"og:title\" content=\"FAUTEUIL ROULANT STAR CHAIR YXH-5E - investmedic-store.com\" \/>\n<meta property=\"og:description\" content=\"Description\u00a0 *Cette civi\u00e8re d&#8217;escalier est faite de mat\u00e9riaux en alliage d&#8217;aluminium \u00e0 haute r\u00e9sistance. *La conception des rails permet au personnel d&#8217;urgence de transf\u00e9rer plus facilement le patient dans les escaliers. *Quatre roues permettent aux patients d&#8217;\u00eatre d\u00e9plac\u00e9s sur la plupart des surfaces avec un minimum d&#8217;effort. *La civi\u00e8re approuve la s\u00e9curit\u00e9 du patient pendant &hellip; FAUTEUIL ROULANT STAR CHAIR YXH-5ERead More\" \/>\n<meta property=\"og:url\" content=\"https:\/\/investmedic-store.com\/?product=fauteuil-roulant-star-chair-yxh-5e\" \/>\n<meta property=\"og:site_name\" content=\"investmedic-store.com\" \/>\n<meta property=\"article:publisher\" content=\"https:\/\/www.facebook.com\/invest.medic\" \/>\n<meta property=\"article:modified_time\" content=\"2023-09-30T17:50:31+00:00\" \/>\n<meta property=\"og:image\" content=\"http:\/\/investmedic-store.com\/wp-content\/uploads\/2023\/09\/photo_2023-09-28_21-07-57.jpg\" \/>\n\t<meta property=\"og:image:width\" content=\"960\" \/>\n\t<meta property=\"og:image:height\" content=\"1280\" \/>\n\t<meta property=\"og:image:type\" content=\"image\/jpeg\" \/>\n<meta name=\"twitter:card\" content=\"summary_large_image\" \/>\n<meta name=\"twitter:label1\" content=\"Dur\u00e9e de lecture estim\u00e9e\" \/>\n\t<meta name=\"twitter:data1\" content=\"1 minute\" \/>\n<script type=\"application\/ld+json\" class=\"yoast-schema-graph\">{\"@context\":\"https:\/\/schema.org\",\"@graph\":[{\"@type\":\"WebPage\",\"@id\":\"https:\/\/investmedic-store.com\/?product=fauteuil-roulant-star-chair-yxh-5e\",\"url\":\"https:\/\/investmedic-store.com\/?product=fauteuil-roulant-star-chair-yxh-5e\",\"name\":\"FAUTEUIL ROULANT STAR CHAIR YXH-5E - investmedic-store.com\",\"isPartOf\":{\"@id\":\"https:\/\/investmedic-store.com\/#website\"},\"datePublished\":\"2023-09-29T14:53:15+00:00\",\"dateModified\":\"2023-09-30T17:50:31+00:00\",\"breadcrumb\":{\"@id\":\"https:\/\/investmedic-store.com\/?product=fauteuil-roulant-star-chair-yxh-5e#breadcrumb\"},\"inLanguage\":\"fr-FR\",\"potentialAction\":[{\"@type\":\"ReadAction\",\"target\":[\"https:\/\/investmedic-store.com\/?product=fauteuil-roulant-star-chair-yxh-5e\"]}]},{\"@type\":\"BreadcrumbList\",\"@id\":\"https:\/\/investmedic-store.com\/?product=fauteuil-roulant-star-chair-yxh-5e#breadcrumb\",\"itemListElement\":[{\"@type\":\"ListItem\",\"position\":1,\"name\":\"Accueil\",\"item\":\"https:\/\/investmedic-store.com\/\"},{\"@type\":\"ListItem\",\"position\":2,\"name\":\"Shop\",\"item\":\"https:\/\/investmedic-store.com\/?page_id=5\"},{\"@type\":\"ListItem\",\"position\":3,\"name\":\"FAUTEUIL ROULANT STAR CHAIR YXH-5E\"}]},{\"@type\":\"WebSite\",\"@id\":\"https:\/\/investmedic-store.com\/#website\",\"url\":\"https:\/\/investmedic-store.com\/\",\"name\":\"invest medic store\",\"description\":\"Importation &amp; Distribution Du Materiels Medico-Chirurgicales - \u0627\u0633\u062a\u064a\u0631\u0627\u062f \u0648\u062a\u0648\u0632\u064a\u0639 \u0627\u0644\u0645\u0648\u0627\u062f \u0627\u0644\u0637\u0628\u064a\u0629 \u0627\u0644\u062c\u0631\u0627\u062d\u064a\u0629\",\"publisher\":{\"@id\":\"https:\/\/investmedic-store.com\/#organization\"},\"alternateName\":\"investmedic store\",\"potentialAction\":[{\"@type\":\"SearchAction\",\"target\":{\"@type\":\"EntryPoint\",\"urlTemplate\":\"https:\/\/investmedic-store.com\/?s={search_term_string}\"},\"query-input\":\"required name=search_term_string\"}],\"inLanguage\":\"fr-FR\"},{\"@type\":\"Organization\",\"@id\":\"https:\/\/investmedic-store.com\/#organization\",\"name\":\"invest.medic store\",\"alternateName\":\"investmedic store\",\"url\":\"https:\/\/investmedic-store.com\/\",\"logo\":{\"@type\":\"ImageObject\",\"inLanguage\":\"fr-FR\",\"@id\":\"https:\/\/investmedic-store.com\/#\/schema\/logo\/image\/\",\"url\":\"https:\/\/investmedic-store.com\/wp-content\/uploads\/2023\/07\/cropped-LOGO_INVEST-transformed-removebg-preview-transformed-1-e1690120839263.png\",\"contentUrl\":\"https:\/\/investmedic-store.com\/wp-content\/uploads\/2023\/07\/cropped-LOGO_INVEST-transformed-removebg-preview-transformed-1-e1690120839263.png\",\"width\":512,\"height\":512,\"caption\":\"invest.medic store\"},\"image\":{\"@id\":\"https:\/\/investmedic-store.com\/#\/schema\/logo\/image\/\"},\"sameAs\":[\"https:\/\/www.facebook.com\/invest.medic\"]}]}<\/script>\n<!-- \/ Yoast SEO plugin. -->","yoast_head_json":{"title":"FAUTEUIL ROULANT STAR CHAIR YXH-5E - investmedic-store.com","robots":{"index":"index","follow":"follow","max-snippet":"max-snippet:-1","max-image-preview":"max-image-preview:large","max-video-preview":"max-video-preview:-1"},"canonical":"https:\/\/investmedic-store.com\/?product=fauteuil-roulant-star-chair-yxh-5e","og_locale":"fr_FR","og_type":"article","og_title":"FAUTEUIL ROULANT STAR CHAIR YXH-5E - investmedic-store.com","og_description":"Description\u00a0 *Cette civi\u00e8re d&#8217;escalier est faite de mat\u00e9riaux en alliage d&#8217;aluminium \u00e0 haute r\u00e9sistance. *La conception des rails permet au personnel d&#8217;urgence de transf\u00e9rer plus facilement le patient dans les escaliers. *Quatre roues permettent aux patients d&#8217;\u00eatre d\u00e9plac\u00e9s sur la plupart des surfaces avec un minimum d&#8217;effort. *La civi\u00e8re approuve la s\u00e9curit\u00e9 du patient pendant &hellip; FAUTEUIL ROULANT STAR CHAIR YXH-5ERead More","og_url":"https:\/\/investmedic-store.com\/?product=fauteuil-roulant-star-chair-yxh-5e","og_site_name":"investmedic-store.com","article_publisher":"https:\/\/www.facebook.com\/invest.medic","article_modified_time":"2023-09-30T17:50:31+00:00","og_image":[{"width":960,"height":1280,"url":"http:\/\/investmedic-store.com\/wp-content\/uploads\/2023\/09\/photo_2023-09-28_21-07-57.jpg","type":"image\/jpeg"}],"twitter_card":"summary_large_image","twitter_misc":{"Dur\u00e9e de lecture estim\u00e9e":"1 minute"},"schema":{"@context":"https:\/\/schema.org","@graph":[{"@type":"WebPage","@id":"https:\/\/investmedic-store.com\/?product=fauteuil-roulant-star-chair-yxh-5e","url":"https:\/\/investmedic-store.com\/?product=fauteuil-roulant-star-chair-yxh-5e","name":"FAUTEUIL ROULANT STAR CHAIR YXH-5E - investmedic-store.com","isPartOf":{"@id":"https:\/\/investmedic-store.com\/#website"},"datePublished":"2023-09-29T14:53:15+00:00","dateModified":"2023-09-30T17:50:31+00:00","breadcrumb":{"@id":"https:\/\/investmedic-store.com\/?product=fauteuil-roulant-star-chair-yxh-5e#breadcrumb"},"inLanguage":"fr-FR","potentialAction":[{"@type":"ReadAction","target":["https:\/\/investmedic-store.com\/?product=fauteuil-roulant-star-chair-yxh-5e"]}]},{"@type":"BreadcrumbList","@id":"https:\/\/investmedic-store.com\/?product=fauteuil-roulant-star-chair-yxh-5e#breadcrumb","itemListElement":[{"@type":"ListItem","position":1,"name":"Accueil","item":"https:\/\/investmedic-store.com\/"},{"@type":"ListItem","position":2,"name":"Shop","item":"https:\/\/investmedic-store.com\/?page_id=5"},{"@type":"ListItem","position":3,"name":"FAUTEUIL ROULANT STAR CHAIR YXH-5E"}]},{"@type":"WebSite","@id":"https:\/\/investmedic-store.com\/#website","url":"https:\/\/investmedic-store.com\/","name":"invest medic store","description":"Importation &amp; Distribution Du Materiels Medico-Chirurgicales - \u0627\u0633\u062a\u064a\u0631\u0627\u062f \u0648\u062a\u0648\u0632\u064a\u0639 \u0627\u0644\u0645\u0648\u0627\u062f \u0627\u0644\u0637\u0628\u064a\u0629 \u0627\u0644\u062c\u0631\u0627\u062d\u064a\u0629","publisher":{"@id":"https:\/\/investmedic-store.com\/#organization"},"alternateName":"investmedic store","potentialAction":[{"@type":"SearchAction","target":{"@type":"EntryPoint","urlTemplate":"https:\/\/investmedic-store.com\/?s={search_term_string}"},"query-input":"required name=search_term_string"}],"inLanguage":"fr-FR"},{"@type":"Organization","@id":"https:\/\/investmedic-store.com\/#organization","name":"invest.medic store","alternateName":"investmedic store","url":"https:\/\/investmedic-store.com\/","logo":{"@type":"ImageObject","inLanguage":"fr-FR","@id":"https:\/\/investmedic-store.com\/#\/schema\/logo\/image\/","url":"https:\/\/investmedic-store.com\/wp-content\/uploads\/2023\/07\/cropped-LOGO_INVEST-transformed-removebg-preview-transformed-1-e1690120839263.png","contentUrl":"https:\/\/investmedic-store.com\/wp-content\/uploads\/2023\/07\/cropped-LOGO_INVEST-transformed-removebg-preview-transformed-1-e1690120839263.png","width":512,"height":512,"caption":"invest.medic store"},"image":{"@id":"https:\/\/investmedic-store.com\/#\/schema\/logo\/image\/"},"sameAs":["https:\/\/www.facebook.com\/invest.medic"]}]}},"_links":{"self":[{"href":"https:\/\/investmedic-store.com\/index.php?rest_route=\/wp\/v2\/product\/2374"}],"collection":[{"href":"https:\/\/investmedic-store.com\/index.php?rest_route=\/wp\/v2\/product"}],"about":[{"href":"https:\/\/investmedic-store.com\/index.php?rest_route=\/wp\/v2\/types\/product"}],"replies":[{"embeddable":true,"href":"https:\/\/investmedic-store.com\/index.php?rest_route=%2Fwp%2Fv2%2Fcomments&post=2374"}],"wp:featuredmedia":[{"embeddable":true,"href":"https:\/\/investmedic-store.com\/index.php?rest_route=\/wp\/v2\/media\/2375"}],"wp:attachment":[{"href":"https:\/\/investmedic-store.com\/index.php?rest_route=%2Fwp%2Fv2%2Fmedia&parent=2374"}],"wp:term":[{"taxonomy":"product_cat","embeddable":true,"href":"https:\/\/investmedic-store.com\/index.php?rest_route=%2Fwp%2Fv2%2Fproduct_cat&post=2374"},{"taxonomy":"product_tag","embeddable":true,"href":"https:\/\/investmedic-store.com\/index.php?rest_route=%2Fwp%2Fv2%2Fproduct_tag&post=2374"}],"curies":[{"name":"wp","href":"https:\/\/api.w.org\/{rel}","templated":true}]}}