{"id":2082,"date":"2023-09-18T20:53:06","date_gmt":"2023-09-18T19:53:06","guid":{"rendered":"https:\/\/investmedic-store.com\/?post_type=product&#038;p=2082"},"modified":"2023-09-18T20:53:07","modified_gmt":"2023-09-18T19:53:07","slug":"lm-27-ecran-moniteur-27-medical-lm-27-lemke-germany","status":"publish","type":"product","link":"https:\/\/investmedic-store.com\/?product=lm-27-ecran-moniteur-27-medical-lm-27-lemke-germany","title":{"rendered":"LM-27 ECRAN MONITEUR 27&#8243; MEDICAL LM-27 LEMKE GERMANY"},"content":{"rendered":"<p>Moniteur de qualit\u00e9 m\u00e9dicale<br \/>\n\u00c9crans TFT au format \u00e9cran large<br \/>\nSyst\u00e8me de stabilisation du r\u00e9tro\u00e9clairage<br \/>\nMode d&#8217;affichage multiple int\u00e9gr\u00e9<br \/>\nRestauration des vraies couleurs<br \/>\nGrand angle de vision<br \/>\nConception hygi\u00e9nique avec fa\u00e7ade enti\u00e8rement en verre<br \/>\n<strong>APPAREIL:<\/strong><\/p>\n<p><strong>Description<\/strong><\/p>\n<p>LM-27 : Moniteur Lemke de qualit\u00e9 m\u00e9dicale 27&#8243;<br \/>\nU2718Q : Moniteur 4K 27&#8243;<br \/>\n<strong>Informations Compl\u00e9mentaires:<\/strong><\/p>\n<p>Code article: LM27<\/p>\n","protected":false},"excerpt":{"rendered":"<p>Moniteur de qualit\u00e9 m\u00e9dicale \u00c9crans TFT au format \u00e9cran large Syst\u00e8me de stabilisation du r\u00e9tro\u00e9clairage Mode d&#8217;affichage multiple int\u00e9gr\u00e9 Restauration des vraies couleurs Grand angle de vision Conception hygi\u00e9nique avec fa\u00e7ade enti\u00e8rement en verre APPAREIL: Description LM-27 : Moniteur Lemke de qualit\u00e9 m\u00e9dicale 27&#8243; U2718Q : Moniteur 4K 27&#8243; Informations Compl\u00e9mentaires: Code article: LM27<\/p>\n","protected":false},"featured_media":2083,"comment_status":"open","ping_status":"closed","template":"","meta":{"om_disable_all_campaigns":false,"_joinchat":[]},"product_cat":[85,87],"product_tag":[],"yoast_head":"<!-- This site is optimized with the Yoast SEO plugin v20.12 - https:\/\/yoast.com\/wordpress\/plugins\/seo\/ -->\n<title>LM-27 ECRAN MONITEUR 27&quot; MEDICAL LM-27 LEMKE GERMANY - investmedic-store.com<\/title>\n<meta name=\"robots\" content=\"index, follow, max-snippet:-1, max-image-preview:large, max-video-preview:-1\" \/>\n<link rel=\"canonical\" href=\"https:\/\/investmedic-store.com\/?product=lm-27-ecran-moniteur-27-medical-lm-27-lemke-germany\" \/>\n<meta property=\"og:locale\" content=\"fr_FR\" \/>\n<meta property=\"og:type\" content=\"article\" \/>\n<meta property=\"og:title\" content=\"LM-27 ECRAN MONITEUR 27&quot; MEDICAL LM-27 LEMKE GERMANY - investmedic-store.com\" \/>\n<meta property=\"og:description\" content=\"Moniteur de qualit\u00e9 m\u00e9dicale \u00c9crans TFT au format \u00e9cran large Syst\u00e8me de stabilisation du r\u00e9tro\u00e9clairage Mode d&#8217;affichage multiple int\u00e9gr\u00e9 Restauration des vraies couleurs Grand angle de vision Conception hygi\u00e9nique avec fa\u00e7ade enti\u00e8rement en verre APPAREIL: Description LM-27 : Moniteur Lemke de qualit\u00e9 m\u00e9dicale 27&#8243; U2718Q : Moniteur 4K 27&#8243; Informations Compl\u00e9mentaires: Code article: LM27\" \/>\n<meta property=\"og:url\" content=\"https:\/\/investmedic-store.com\/?product=lm-27-ecran-moniteur-27-medical-lm-27-lemke-germany\" \/>\n<meta property=\"og:site_name\" content=\"investmedic-store.com\" \/>\n<meta property=\"article:publisher\" content=\"https:\/\/www.facebook.com\/invest.medic\" \/>\n<meta property=\"article:modified_time\" content=\"2023-09-18T19:53:07+00:00\" \/>\n<meta property=\"og:image\" content=\"http:\/\/investmedic-store.com\/wp-content\/uploads\/2023\/09\/131219-16656788.jpg\" \/>\n\t<meta property=\"og:image:width\" content=\"210\" \/>\n\t<meta property=\"og:image:height\" content=\"210\" \/>\n\t<meta property=\"og:image:type\" content=\"image\/jpeg\" \/>\n<meta name=\"twitter:card\" content=\"summary_large_image\" \/>\n<meta name=\"twitter:label1\" content=\"Dur\u00e9e de lecture estim\u00e9e\" \/>\n\t<meta name=\"twitter:data1\" content=\"1 minute\" \/>\n<script type=\"application\/ld+json\" class=\"yoast-schema-graph\">{\"@context\":\"https:\/\/schema.org\",\"@graph\":[{\"@type\":\"WebPage\",\"@id\":\"https:\/\/investmedic-store.com\/?product=lm-27-ecran-moniteur-27-medical-lm-27-lemke-germany\",\"url\":\"https:\/\/investmedic-store.com\/?product=lm-27-ecran-moniteur-27-medical-lm-27-lemke-germany\",\"name\":\"LM-27 ECRAN MONITEUR 27\\\" MEDICAL LM-27 LEMKE GERMANY - investmedic-store.com\",\"isPartOf\":{\"@id\":\"https:\/\/investmedic-store.com\/#website\"},\"datePublished\":\"2023-09-18T19:53:06+00:00\",\"dateModified\":\"2023-09-18T19:53:07+00:00\",\"breadcrumb\":{\"@id\":\"https:\/\/investmedic-store.com\/?product=lm-27-ecran-moniteur-27-medical-lm-27-lemke-germany#breadcrumb\"},\"inLanguage\":\"fr-FR\",\"potentialAction\":[{\"@type\":\"ReadAction\",\"target\":[\"https:\/\/investmedic-store.com\/?product=lm-27-ecran-moniteur-27-medical-lm-27-lemke-germany\"]}]},{\"@type\":\"BreadcrumbList\",\"@id\":\"https:\/\/investmedic-store.com\/?product=lm-27-ecran-moniteur-27-medical-lm-27-lemke-germany#breadcrumb\",\"itemListElement\":[{\"@type\":\"ListItem\",\"position\":1,\"name\":\"Accueil\",\"item\":\"https:\/\/investmedic-store.com\/\"},{\"@type\":\"ListItem\",\"position\":2,\"name\":\"Shop\",\"item\":\"https:\/\/investmedic-store.com\/?page_id=5\"},{\"@type\":\"ListItem\",\"position\":3,\"name\":\"LM-27 ECRAN MONITEUR 27&#8243; MEDICAL LM-27 LEMKE GERMANY\"}]},{\"@type\":\"WebSite\",\"@id\":\"https:\/\/investmedic-store.com\/#website\",\"url\":\"https:\/\/investmedic-store.com\/\",\"name\":\"invest medic store\",\"description\":\"Importation &amp; Distribution Du Materiels Medico-Chirurgicales - \u0627\u0633\u062a\u064a\u0631\u0627\u062f \u0648\u062a\u0648\u0632\u064a\u0639 \u0627\u0644\u0645\u0648\u0627\u062f \u0627\u0644\u0637\u0628\u064a\u0629 \u0627\u0644\u062c\u0631\u0627\u062d\u064a\u0629\",\"publisher\":{\"@id\":\"https:\/\/investmedic-store.com\/#organization\"},\"alternateName\":\"investmedic store\",\"potentialAction\":[{\"@type\":\"SearchAction\",\"target\":{\"@type\":\"EntryPoint\",\"urlTemplate\":\"https:\/\/investmedic-store.com\/?s={search_term_string}\"},\"query-input\":\"required name=search_term_string\"}],\"inLanguage\":\"fr-FR\"},{\"@type\":\"Organization\",\"@id\":\"https:\/\/investmedic-store.com\/#organization\",\"name\":\"invest.medic store\",\"alternateName\":\"investmedic store\",\"url\":\"https:\/\/investmedic-store.com\/\",\"logo\":{\"@type\":\"ImageObject\",\"inLanguage\":\"fr-FR\",\"@id\":\"https:\/\/investmedic-store.com\/#\/schema\/logo\/image\/\",\"url\":\"https:\/\/investmedic-store.com\/wp-content\/uploads\/2023\/07\/cropped-LOGO_INVEST-transformed-removebg-preview-transformed-1-e1690120839263.png\",\"contentUrl\":\"https:\/\/investmedic-store.com\/wp-content\/uploads\/2023\/07\/cropped-LOGO_INVEST-transformed-removebg-preview-transformed-1-e1690120839263.png\",\"width\":512,\"height\":512,\"caption\":\"invest.medic store\"},\"image\":{\"@id\":\"https:\/\/investmedic-store.com\/#\/schema\/logo\/image\/\"},\"sameAs\":[\"https:\/\/www.facebook.com\/invest.medic\"]}]}<\/script>\n<!-- \/ Yoast SEO plugin. -->","yoast_head_json":{"title":"LM-27 ECRAN MONITEUR 27\" MEDICAL LM-27 LEMKE GERMANY - investmedic-store.com","robots":{"index":"index","follow":"follow","max-snippet":"max-snippet:-1","max-image-preview":"max-image-preview:large","max-video-preview":"max-video-preview:-1"},"canonical":"https:\/\/investmedic-store.com\/?product=lm-27-ecran-moniteur-27-medical-lm-27-lemke-germany","og_locale":"fr_FR","og_type":"article","og_title":"LM-27 ECRAN MONITEUR 27\" MEDICAL LM-27 LEMKE GERMANY - investmedic-store.com","og_description":"Moniteur de qualit\u00e9 m\u00e9dicale \u00c9crans TFT au format \u00e9cran large Syst\u00e8me de stabilisation du r\u00e9tro\u00e9clairage Mode d&#8217;affichage multiple int\u00e9gr\u00e9 Restauration des vraies couleurs Grand angle de vision Conception hygi\u00e9nique avec fa\u00e7ade enti\u00e8rement en verre APPAREIL: Description LM-27 : Moniteur Lemke de qualit\u00e9 m\u00e9dicale 27&#8243; U2718Q : Moniteur 4K 27&#8243; Informations Compl\u00e9mentaires: Code article: LM27","og_url":"https:\/\/investmedic-store.com\/?product=lm-27-ecran-moniteur-27-medical-lm-27-lemke-germany","og_site_name":"investmedic-store.com","article_publisher":"https:\/\/www.facebook.com\/invest.medic","article_modified_time":"2023-09-18T19:53:07+00:00","og_image":[{"width":210,"height":210,"url":"http:\/\/investmedic-store.com\/wp-content\/uploads\/2023\/09\/131219-16656788.jpg","type":"image\/jpeg"}],"twitter_card":"summary_large_image","twitter_misc":{"Dur\u00e9e de lecture estim\u00e9e":"1 minute"},"schema":{"@context":"https:\/\/schema.org","@graph":[{"@type":"WebPage","@id":"https:\/\/investmedic-store.com\/?product=lm-27-ecran-moniteur-27-medical-lm-27-lemke-germany","url":"https:\/\/investmedic-store.com\/?product=lm-27-ecran-moniteur-27-medical-lm-27-lemke-germany","name":"LM-27 ECRAN MONITEUR 27\" MEDICAL LM-27 LEMKE GERMANY - investmedic-store.com","isPartOf":{"@id":"https:\/\/investmedic-store.com\/#website"},"datePublished":"2023-09-18T19:53:06+00:00","dateModified":"2023-09-18T19:53:07+00:00","breadcrumb":{"@id":"https:\/\/investmedic-store.com\/?product=lm-27-ecran-moniteur-27-medical-lm-27-lemke-germany#breadcrumb"},"inLanguage":"fr-FR","potentialAction":[{"@type":"ReadAction","target":["https:\/\/investmedic-store.com\/?product=lm-27-ecran-moniteur-27-medical-lm-27-lemke-germany"]}]},{"@type":"BreadcrumbList","@id":"https:\/\/investmedic-store.com\/?product=lm-27-ecran-moniteur-27-medical-lm-27-lemke-germany#breadcrumb","itemListElement":[{"@type":"ListItem","position":1,"name":"Accueil","item":"https:\/\/investmedic-store.com\/"},{"@type":"ListItem","position":2,"name":"Shop","item":"https:\/\/investmedic-store.com\/?page_id=5"},{"@type":"ListItem","position":3,"name":"LM-27 ECRAN MONITEUR 27&#8243; MEDICAL LM-27 LEMKE GERMANY"}]},{"@type":"WebSite","@id":"https:\/\/investmedic-store.com\/#website","url":"https:\/\/investmedic-store.com\/","name":"invest medic store","description":"Importation &amp; Distribution Du Materiels Medico-Chirurgicales - \u0627\u0633\u062a\u064a\u0631\u0627\u062f \u0648\u062a\u0648\u0632\u064a\u0639 \u0627\u0644\u0645\u0648\u0627\u062f \u0627\u0644\u0637\u0628\u064a\u0629 \u0627\u0644\u062c\u0631\u0627\u062d\u064a\u0629","publisher":{"@id":"https:\/\/investmedic-store.com\/#organization"},"alternateName":"investmedic store","potentialAction":[{"@type":"SearchAction","target":{"@type":"EntryPoint","urlTemplate":"https:\/\/investmedic-store.com\/?s={search_term_string}"},"query-input":"required name=search_term_string"}],"inLanguage":"fr-FR"},{"@type":"Organization","@id":"https:\/\/investmedic-store.com\/#organization","name":"invest.medic store","alternateName":"investmedic store","url":"https:\/\/investmedic-store.com\/","logo":{"@type":"ImageObject","inLanguage":"fr-FR","@id":"https:\/\/investmedic-store.com\/#\/schema\/logo\/image\/","url":"https:\/\/investmedic-store.com\/wp-content\/uploads\/2023\/07\/cropped-LOGO_INVEST-transformed-removebg-preview-transformed-1-e1690120839263.png","contentUrl":"https:\/\/investmedic-store.com\/wp-content\/uploads\/2023\/07\/cropped-LOGO_INVEST-transformed-removebg-preview-transformed-1-e1690120839263.png","width":512,"height":512,"caption":"invest.medic store"},"image":{"@id":"https:\/\/investmedic-store.com\/#\/schema\/logo\/image\/"},"sameAs":["https:\/\/www.facebook.com\/invest.medic"]}]}},"_links":{"self":[{"href":"https:\/\/investmedic-store.com\/index.php?rest_route=\/wp\/v2\/product\/2082"}],"collection":[{"href":"https:\/\/investmedic-store.com\/index.php?rest_route=\/wp\/v2\/product"}],"about":[{"href":"https:\/\/investmedic-store.com\/index.php?rest_route=\/wp\/v2\/types\/product"}],"replies":[{"embeddable":true,"href":"https:\/\/investmedic-store.com\/index.php?rest_route=%2Fwp%2Fv2%2Fcomments&post=2082"}],"wp:featuredmedia":[{"embeddable":true,"href":"https:\/\/investmedic-store.com\/index.php?rest_route=\/wp\/v2\/media\/2083"}],"wp:attachment":[{"href":"https:\/\/investmedic-store.com\/index.php?rest_route=%2Fwp%2Fv2%2Fmedia&parent=2082"}],"wp:term":[{"taxonomy":"product_cat","embeddable":true,"href":"https:\/\/investmedic-store.com\/index.php?rest_route=%2Fwp%2Fv2%2Fproduct_cat&post=2082"},{"taxonomy":"product_tag","embeddable":true,"href":"https:\/\/investmedic-store.com\/index.php?rest_route=%2Fwp%2Fv2%2Fproduct_tag&post=2082"}],"curies":[{"name":"wp","href":"https:\/\/api.w.org\/{rel}","templated":true}]}}