{"id":2048,"date":"2023-09-16T14:04:37","date_gmt":"2023-09-16T13:04:37","guid":{"rendered":"https:\/\/investmedic-store.com\/?post_type=product&#038;p=2048"},"modified":"2023-10-02T12:32:48","modified_gmt":"2023-10-02T11:32:48","slug":"code-ccl2-manchon-de-bras-pour-lymphoedeme","status":"publish","type":"product","link":"https:\/\/investmedic-store.com\/?product=code-ccl2-manchon-de-bras-pour-lymphoedeme","title":{"rendered":"Code CCL2 Manchon De Bras Pour Lymph\u0153d\u00e8me"},"content":{"rendered":"<p><strong>LES INDICATIONS<\/strong><br \/>\nTraitement du lymph\u0153d\u00e8me postop\u00e9ratoire<br \/>\nMat\u00e9riau en microfibre.<br \/>\nLymph\u0153d\u00e8me visible et non r\u00e9duit. Corruption<br \/>\nOcclusion veineuse.<br \/>\nTricot anatomique au coude. mince, tricot<br \/>\net post-traumatique. Surtout pour le<br \/>\ntraitement de l&#8217;\u0153d\u00e8me apr\u00e8s une mastectomie.<br \/>\n<strong>Contre-indications;<\/strong><br \/>\ndes extr\u00e9mit\u00e9s sensibles.<br \/>\n<strong>Les caract\u00e9ristiques<\/strong>;<br \/>\nl\u00e9ger et respirant, mati\u00e8re microfibre<\/p>\n<p>&nbsp;<\/p>\n<p>&nbsp;<\/p>\n<p>&nbsp;<\/p>\n<table>\n<tbody>\n<tr>\n<td width=\"77\"><\/td>\n<td width=\"66\">1<\/td>\n<td width=\"65\">2<\/td>\n<td width=\"66\">3<\/td>\n<td width=\"75\">4<\/td>\n<td width=\"79\">5<\/td>\n<td width=\"79\">6<\/td>\n<\/tr>\n<tr>\n<td width=\"77\">cC(cm)<\/td>\n<td width=\"66\">14.5-16<\/td>\n<td width=\"65\">16-17.5<\/td>\n<td width=\"66\">17.5-19<\/td>\n<td width=\"75\">19-20.5<\/td>\n<td width=\"79\">20.5-22.5<\/td>\n<td width=\"79\">22.5-24.5<\/td>\n<\/tr>\n<tr>\n<td width=\"77\">Cc1(cm)<\/td>\n<td width=\"66\">17-18.5<\/td>\n<td width=\"65\">18.5-20<\/td>\n<td width=\"66\">20-22<\/td>\n<td width=\"75\">21.5-24<\/td>\n<td width=\"79\">23.5-26.5<\/td>\n<td width=\"79\">26-29<\/td>\n<\/tr>\n<tr>\n<td width=\"77\">cE(cm)<\/td>\n<td width=\"66\">24.5-28<\/td>\n<td width=\"65\">26.5-29<\/td>\n<td width=\"66\">28-31<\/td>\n<td width=\"75\">29.5-32.5<\/td>\n<td width=\"79\">31-34<\/td>\n<td width=\"79\">33-37<\/td>\n<\/tr>\n<tr>\n<td width=\"77\">Cg(cm)<\/td>\n<td width=\"66\">26-31<\/td>\n<td width=\"65\">29-34<\/td>\n<td width=\"66\">31-36<\/td>\n<td width=\"75\">33-38<\/td>\n<td width=\"79\">35-41<\/td>\n<td width=\"79\">37-43<\/td>\n<\/tr>\n<\/tbody>\n<\/table>\n<p><img decoding=\"async\" loading=\"lazy\" class=\"\" src=\"https:\/\/www.daylong.co.uk\/media\/size-chart\/diagrams\/me-res\/activa-readywrap-arm.png\" alt=\"ReadyWrap Arm Compression Wrap - Daylong\" width=\"220\" height=\"329\" \/><\/p>\n<p>&nbsp;<\/p>\n","protected":false},"excerpt":{"rendered":"<p>LES INDICATIONS Traitement du lymph\u0153d\u00e8me postop\u00e9ratoire Mat\u00e9riau en microfibre. Lymph\u0153d\u00e8me visible et non r\u00e9duit. Corruption Occlusion veineuse. Tricot anatomique au coude. mince, tricot et post-traumatique. Surtout pour le traitement de l&#8217;\u0153d\u00e8me apr\u00e8s une mastectomie. Contre-indications; des extr\u00e9mit\u00e9s sensibles. Les caract\u00e9ristiques; l\u00e9ger et respirant, mati\u00e8re microfibre &nbsp; &nbsp; &nbsp; 1 2 3 4 5 6 cC(cm) &hellip;<\/p>\n<p class=\"read-more\"> <a class=\" thunk-readmore button \" href=\"https:\/\/investmedic-store.com\/?product=code-ccl2-manchon-de-bras-pour-lymphoedeme\"> <span class=\"screen-reader-text\">Code CCL2 Manchon De Bras Pour Lymph\u0153d\u00e8me<\/span>Read More<\/a><\/p>\n","protected":false},"featured_media":2049,"comment_status":"open","ping_status":"closed","template":"","meta":{"om_disable_all_campaigns":false,"_joinchat":[]},"product_cat":[168,167],"product_tag":[],"yoast_head":"<!-- This site is optimized with the Yoast SEO plugin v20.12 - https:\/\/yoast.com\/wordpress\/plugins\/seo\/ -->\n<title>Code CCL2 Manchon De Bras Pour Lymph\u0153d\u00e8me - investmedic-store.com<\/title>\n<meta name=\"robots\" content=\"index, follow, max-snippet:-1, max-image-preview:large, max-video-preview:-1\" \/>\n<link rel=\"canonical\" href=\"https:\/\/investmedic-store.com\/?product=code-ccl2-manchon-de-bras-pour-lymphoedeme\" \/>\n<meta property=\"og:locale\" content=\"fr_FR\" \/>\n<meta property=\"og:type\" content=\"article\" \/>\n<meta property=\"og:title\" content=\"Code CCL2 Manchon De Bras Pour Lymph\u0153d\u00e8me - investmedic-store.com\" \/>\n<meta property=\"og:description\" content=\"LES INDICATIONS Traitement du lymph\u0153d\u00e8me postop\u00e9ratoire Mat\u00e9riau en microfibre. Lymph\u0153d\u00e8me visible et non r\u00e9duit. Corruption Occlusion veineuse. Tricot anatomique au coude. mince, tricot et post-traumatique. Surtout pour le traitement de l&#8217;\u0153d\u00e8me apr\u00e8s une mastectomie. Contre-indications; des extr\u00e9mit\u00e9s sensibles. Les caract\u00e9ristiques; l\u00e9ger et respirant, mati\u00e8re microfibre &nbsp; &nbsp; &nbsp; 1 2 3 4 5 6 cC(cm) &hellip; Code CCL2 Manchon De Bras Pour Lymph\u0153d\u00e8meRead More\" \/>\n<meta property=\"og:url\" content=\"https:\/\/investmedic-store.com\/?product=code-ccl2-manchon-de-bras-pour-lymphoedeme\" \/>\n<meta property=\"og:site_name\" content=\"investmedic-store.com\" \/>\n<meta property=\"article:publisher\" content=\"https:\/\/www.facebook.com\/invest.medic\" \/>\n<meta property=\"article:modified_time\" content=\"2023-10-02T11:32:48+00:00\" \/>\n<meta property=\"og:image\" content=\"http:\/\/investmedic-store.com\/wp-content\/uploads\/2023\/09\/photo_2023-09-16_12-08-05.jpg\" \/>\n\t<meta property=\"og:image:width\" content=\"1000\" \/>\n\t<meta property=\"og:image:height\" content=\"1250\" \/>\n\t<meta property=\"og:image:type\" content=\"image\/jpeg\" \/>\n<meta name=\"twitter:card\" content=\"summary_large_image\" \/>\n<meta name=\"twitter:label1\" content=\"Dur\u00e9e de lecture estim\u00e9e\" \/>\n\t<meta name=\"twitter:data1\" content=\"1 minute\" \/>\n<script type=\"application\/ld+json\" class=\"yoast-schema-graph\">{\"@context\":\"https:\/\/schema.org\",\"@graph\":[{\"@type\":\"WebPage\",\"@id\":\"https:\/\/investmedic-store.com\/?product=code-ccl2-manchon-de-bras-pour-lymphoedeme\",\"url\":\"https:\/\/investmedic-store.com\/?product=code-ccl2-manchon-de-bras-pour-lymphoedeme\",\"name\":\"Code CCL2 Manchon De Bras Pour Lymph\u0153d\u00e8me - investmedic-store.com\",\"isPartOf\":{\"@id\":\"https:\/\/investmedic-store.com\/#website\"},\"datePublished\":\"2023-09-16T13:04:37+00:00\",\"dateModified\":\"2023-10-02T11:32:48+00:00\",\"breadcrumb\":{\"@id\":\"https:\/\/investmedic-store.com\/?product=code-ccl2-manchon-de-bras-pour-lymphoedeme#breadcrumb\"},\"inLanguage\":\"fr-FR\",\"potentialAction\":[{\"@type\":\"ReadAction\",\"target\":[\"https:\/\/investmedic-store.com\/?product=code-ccl2-manchon-de-bras-pour-lymphoedeme\"]}]},{\"@type\":\"BreadcrumbList\",\"@id\":\"https:\/\/investmedic-store.com\/?product=code-ccl2-manchon-de-bras-pour-lymphoedeme#breadcrumb\",\"itemListElement\":[{\"@type\":\"ListItem\",\"position\":1,\"name\":\"Accueil\",\"item\":\"https:\/\/investmedic-store.com\/\"},{\"@type\":\"ListItem\",\"position\":2,\"name\":\"Shop\",\"item\":\"https:\/\/investmedic-store.com\/?page_id=5\"},{\"@type\":\"ListItem\",\"position\":3,\"name\":\"Code CCL2 Manchon De Bras Pour Lymph\u0153d\u00e8me\"}]},{\"@type\":\"WebSite\",\"@id\":\"https:\/\/investmedic-store.com\/#website\",\"url\":\"https:\/\/investmedic-store.com\/\",\"name\":\"invest medic store\",\"description\":\"Importation &amp; Distribution Du Materiels Medico-Chirurgicales - \u0627\u0633\u062a\u064a\u0631\u0627\u062f \u0648\u062a\u0648\u0632\u064a\u0639 \u0627\u0644\u0645\u0648\u0627\u062f \u0627\u0644\u0637\u0628\u064a\u0629 \u0627\u0644\u062c\u0631\u0627\u062d\u064a\u0629\",\"publisher\":{\"@id\":\"https:\/\/investmedic-store.com\/#organization\"},\"alternateName\":\"investmedic store\",\"potentialAction\":[{\"@type\":\"SearchAction\",\"target\":{\"@type\":\"EntryPoint\",\"urlTemplate\":\"https:\/\/investmedic-store.com\/?s={search_term_string}\"},\"query-input\":\"required name=search_term_string\"}],\"inLanguage\":\"fr-FR\"},{\"@type\":\"Organization\",\"@id\":\"https:\/\/investmedic-store.com\/#organization\",\"name\":\"invest.medic store\",\"alternateName\":\"investmedic store\",\"url\":\"https:\/\/investmedic-store.com\/\",\"logo\":{\"@type\":\"ImageObject\",\"inLanguage\":\"fr-FR\",\"@id\":\"https:\/\/investmedic-store.com\/#\/schema\/logo\/image\/\",\"url\":\"https:\/\/investmedic-store.com\/wp-content\/uploads\/2023\/07\/cropped-LOGO_INVEST-transformed-removebg-preview-transformed-1-e1690120839263.png\",\"contentUrl\":\"https:\/\/investmedic-store.com\/wp-content\/uploads\/2023\/07\/cropped-LOGO_INVEST-transformed-removebg-preview-transformed-1-e1690120839263.png\",\"width\":512,\"height\":512,\"caption\":\"invest.medic store\"},\"image\":{\"@id\":\"https:\/\/investmedic-store.com\/#\/schema\/logo\/image\/\"},\"sameAs\":[\"https:\/\/www.facebook.com\/invest.medic\"]}]}<\/script>\n<!-- \/ Yoast SEO plugin. -->","yoast_head_json":{"title":"Code CCL2 Manchon De Bras Pour Lymph\u0153d\u00e8me - investmedic-store.com","robots":{"index":"index","follow":"follow","max-snippet":"max-snippet:-1","max-image-preview":"max-image-preview:large","max-video-preview":"max-video-preview:-1"},"canonical":"https:\/\/investmedic-store.com\/?product=code-ccl2-manchon-de-bras-pour-lymphoedeme","og_locale":"fr_FR","og_type":"article","og_title":"Code CCL2 Manchon De Bras Pour Lymph\u0153d\u00e8me - investmedic-store.com","og_description":"LES INDICATIONS Traitement du lymph\u0153d\u00e8me postop\u00e9ratoire Mat\u00e9riau en microfibre. Lymph\u0153d\u00e8me visible et non r\u00e9duit. Corruption Occlusion veineuse. Tricot anatomique au coude. mince, tricot et post-traumatique. Surtout pour le traitement de l&#8217;\u0153d\u00e8me apr\u00e8s une mastectomie. Contre-indications; des extr\u00e9mit\u00e9s sensibles. Les caract\u00e9ristiques; l\u00e9ger et respirant, mati\u00e8re microfibre &nbsp; &nbsp; &nbsp; 1 2 3 4 5 6 cC(cm) &hellip; Code CCL2 Manchon De Bras Pour Lymph\u0153d\u00e8meRead More","og_url":"https:\/\/investmedic-store.com\/?product=code-ccl2-manchon-de-bras-pour-lymphoedeme","og_site_name":"investmedic-store.com","article_publisher":"https:\/\/www.facebook.com\/invest.medic","article_modified_time":"2023-10-02T11:32:48+00:00","og_image":[{"width":1000,"height":1250,"url":"http:\/\/investmedic-store.com\/wp-content\/uploads\/2023\/09\/photo_2023-09-16_12-08-05.jpg","type":"image\/jpeg"}],"twitter_card":"summary_large_image","twitter_misc":{"Dur\u00e9e de lecture estim\u00e9e":"1 minute"},"schema":{"@context":"https:\/\/schema.org","@graph":[{"@type":"WebPage","@id":"https:\/\/investmedic-store.com\/?product=code-ccl2-manchon-de-bras-pour-lymphoedeme","url":"https:\/\/investmedic-store.com\/?product=code-ccl2-manchon-de-bras-pour-lymphoedeme","name":"Code CCL2 Manchon De Bras Pour Lymph\u0153d\u00e8me - investmedic-store.com","isPartOf":{"@id":"https:\/\/investmedic-store.com\/#website"},"datePublished":"2023-09-16T13:04:37+00:00","dateModified":"2023-10-02T11:32:48+00:00","breadcrumb":{"@id":"https:\/\/investmedic-store.com\/?product=code-ccl2-manchon-de-bras-pour-lymphoedeme#breadcrumb"},"inLanguage":"fr-FR","potentialAction":[{"@type":"ReadAction","target":["https:\/\/investmedic-store.com\/?product=code-ccl2-manchon-de-bras-pour-lymphoedeme"]}]},{"@type":"BreadcrumbList","@id":"https:\/\/investmedic-store.com\/?product=code-ccl2-manchon-de-bras-pour-lymphoedeme#breadcrumb","itemListElement":[{"@type":"ListItem","position":1,"name":"Accueil","item":"https:\/\/investmedic-store.com\/"},{"@type":"ListItem","position":2,"name":"Shop","item":"https:\/\/investmedic-store.com\/?page_id=5"},{"@type":"ListItem","position":3,"name":"Code CCL2 Manchon De Bras Pour Lymph\u0153d\u00e8me"}]},{"@type":"WebSite","@id":"https:\/\/investmedic-store.com\/#website","url":"https:\/\/investmedic-store.com\/","name":"invest medic store","description":"Importation &amp; Distribution Du Materiels Medico-Chirurgicales - \u0627\u0633\u062a\u064a\u0631\u0627\u062f \u0648\u062a\u0648\u0632\u064a\u0639 \u0627\u0644\u0645\u0648\u0627\u062f \u0627\u0644\u0637\u0628\u064a\u0629 \u0627\u0644\u062c\u0631\u0627\u062d\u064a\u0629","publisher":{"@id":"https:\/\/investmedic-store.com\/#organization"},"alternateName":"investmedic store","potentialAction":[{"@type":"SearchAction","target":{"@type":"EntryPoint","urlTemplate":"https:\/\/investmedic-store.com\/?s={search_term_string}"},"query-input":"required name=search_term_string"}],"inLanguage":"fr-FR"},{"@type":"Organization","@id":"https:\/\/investmedic-store.com\/#organization","name":"invest.medic store","alternateName":"investmedic store","url":"https:\/\/investmedic-store.com\/","logo":{"@type":"ImageObject","inLanguage":"fr-FR","@id":"https:\/\/investmedic-store.com\/#\/schema\/logo\/image\/","url":"https:\/\/investmedic-store.com\/wp-content\/uploads\/2023\/07\/cropped-LOGO_INVEST-transformed-removebg-preview-transformed-1-e1690120839263.png","contentUrl":"https:\/\/investmedic-store.com\/wp-content\/uploads\/2023\/07\/cropped-LOGO_INVEST-transformed-removebg-preview-transformed-1-e1690120839263.png","width":512,"height":512,"caption":"invest.medic store"},"image":{"@id":"https:\/\/investmedic-store.com\/#\/schema\/logo\/image\/"},"sameAs":["https:\/\/www.facebook.com\/invest.medic"]}]}},"_links":{"self":[{"href":"https:\/\/investmedic-store.com\/index.php?rest_route=\/wp\/v2\/product\/2048"}],"collection":[{"href":"https:\/\/investmedic-store.com\/index.php?rest_route=\/wp\/v2\/product"}],"about":[{"href":"https:\/\/investmedic-store.com\/index.php?rest_route=\/wp\/v2\/types\/product"}],"replies":[{"embeddable":true,"href":"https:\/\/investmedic-store.com\/index.php?rest_route=%2Fwp%2Fv2%2Fcomments&post=2048"}],"wp:featuredmedia":[{"embeddable":true,"href":"https:\/\/investmedic-store.com\/index.php?rest_route=\/wp\/v2\/media\/2049"}],"wp:attachment":[{"href":"https:\/\/investmedic-store.com\/index.php?rest_route=%2Fwp%2Fv2%2Fmedia&parent=2048"}],"wp:term":[{"taxonomy":"product_cat","embeddable":true,"href":"https:\/\/investmedic-store.com\/index.php?rest_route=%2Fwp%2Fv2%2Fproduct_cat&post=2048"},{"taxonomy":"product_tag","embeddable":true,"href":"https:\/\/investmedic-store.com\/index.php?rest_route=%2Fwp%2Fv2%2Fproduct_tag&post=2048"}],"curies":[{"name":"wp","href":"https:\/\/api.w.org\/{rel}","templated":true}]}}