{"id":2045,"date":"2023-09-16T13:07:50","date_gmt":"2023-09-16T12:07:50","guid":{"rendered":"https:\/\/investmedic-store.com\/?post_type=product&#038;p=2045"},"modified":"2024-01-07T15:00:52","modified_gmt":"2024-01-07T14:00:52","slug":"code-101-prothese-mamaire-en-silicone","status":"publish","type":"product","link":"https:\/\/investmedic-store.com\/?product=code-101-prothese-mamaire-en-silicone","title":{"rendered":"Code 101 PROTHESE MAMAIRE EN SILICONE"},"content":{"rendered":"<p><strong>Indications<\/strong><\/p>\n<p>Peut \u00eatre mis en pratique pour les deux c\u00f4t\u00e9s de la poitrine \u00e0 travers la<br \/>\nforme sym\u00e9trique.<br \/>\nUtilis\u00e9 apr\u00e8s les op\u00e9rations de mastectomie<br \/>\nLe produit est donn\u00e9 avec une poche con\u00e7u priv\u00e9 et un sac de transport.<br \/>\nSoutien-gorge pour proth\u00e8se mammaire externe en coton<br \/>\nDisponible en 12 tailles. (75-130) ,Utilis\u00e9 selon la taille du poitrine<\/p>\n","protected":false},"excerpt":{"rendered":"<p>Indications Peut \u00eatre mis en pratique pour les deux c\u00f4t\u00e9s de la poitrine \u00e0 travers la forme sym\u00e9trique. Utilis\u00e9 apr\u00e8s les op\u00e9rations de mastectomie Le produit est donn\u00e9 avec une poche con\u00e7u priv\u00e9 et un sac de transport. Soutien-gorge pour proth\u00e8se mammaire externe en coton Disponible en 12 tailles. (75-130) ,Utilis\u00e9 selon la taille du &hellip;<\/p>\n<p class=\"read-more\"> <a class=\" thunk-readmore button \" href=\"https:\/\/investmedic-store.com\/?product=code-101-prothese-mamaire-en-silicone\"> <span class=\"screen-reader-text\">Code 101 PROTHESE MAMAIRE EN SILICONE<\/span>Read More<\/a><\/p>\n","protected":false},"featured_media":2047,"comment_status":"open","ping_status":"closed","template":"","meta":{"om_disable_all_campaigns":false,"_joinchat":[]},"product_cat":[167],"product_tag":[],"yoast_head":"<!-- This site is optimized with the Yoast SEO plugin v20.12 - https:\/\/yoast.com\/wordpress\/plugins\/seo\/ -->\n<title>Code 101 PROTHESE MAMAIRE EN SILICONE - investmedic-store.com<\/title>\n<meta name=\"robots\" content=\"index, follow, max-snippet:-1, max-image-preview:large, max-video-preview:-1\" \/>\n<link rel=\"canonical\" href=\"https:\/\/investmedic-store.com\/?product=code-101-prothese-mamaire-en-silicone\" \/>\n<meta property=\"og:locale\" content=\"fr_FR\" \/>\n<meta property=\"og:type\" content=\"article\" \/>\n<meta property=\"og:title\" content=\"Code 101 PROTHESE MAMAIRE EN SILICONE - investmedic-store.com\" \/>\n<meta property=\"og:description\" content=\"Indications Peut \u00eatre mis en pratique pour les deux c\u00f4t\u00e9s de la poitrine \u00e0 travers la forme sym\u00e9trique. Utilis\u00e9 apr\u00e8s les op\u00e9rations de mastectomie Le produit est donn\u00e9 avec une poche con\u00e7u priv\u00e9 et un sac de transport. Soutien-gorge pour proth\u00e8se mammaire externe en coton Disponible en 12 tailles. (75-130) ,Utilis\u00e9 selon la taille du &hellip; Code 101 PROTHESE MAMAIRE EN SILICONERead More\" \/>\n<meta property=\"og:url\" content=\"https:\/\/investmedic-store.com\/?product=code-101-prothese-mamaire-en-silicone\" \/>\n<meta property=\"og:site_name\" content=\"investmedic-store.com\" \/>\n<meta property=\"article:publisher\" content=\"https:\/\/www.facebook.com\/invest.medic\" \/>\n<meta property=\"article:modified_time\" content=\"2024-01-07T14:00:52+00:00\" \/>\n<meta property=\"og:image\" content=\"http:\/\/investmedic-store.com\/wp-content\/uploads\/2023\/09\/photo_2023-09-16_12-08-40.jpg\" \/>\n\t<meta property=\"og:image:width\" content=\"600\" \/>\n\t<meta property=\"og:image:height\" content=\"782\" \/>\n\t<meta property=\"og:image:type\" content=\"image\/jpeg\" \/>\n<meta name=\"twitter:card\" content=\"summary_large_image\" \/>\n<meta name=\"twitter:label1\" content=\"Dur\u00e9e de lecture estim\u00e9e\" \/>\n\t<meta name=\"twitter:data1\" content=\"1 minute\" \/>\n<script type=\"application\/ld+json\" class=\"yoast-schema-graph\">{\"@context\":\"https:\/\/schema.org\",\"@graph\":[{\"@type\":\"WebPage\",\"@id\":\"https:\/\/investmedic-store.com\/?product=code-101-prothese-mamaire-en-silicone\",\"url\":\"https:\/\/investmedic-store.com\/?product=code-101-prothese-mamaire-en-silicone\",\"name\":\"Code 101 PROTHESE MAMAIRE EN SILICONE - investmedic-store.com\",\"isPartOf\":{\"@id\":\"https:\/\/investmedic-store.com\/#website\"},\"datePublished\":\"2023-09-16T12:07:50+00:00\",\"dateModified\":\"2024-01-07T14:00:52+00:00\",\"breadcrumb\":{\"@id\":\"https:\/\/investmedic-store.com\/?product=code-101-prothese-mamaire-en-silicone#breadcrumb\"},\"inLanguage\":\"fr-FR\",\"potentialAction\":[{\"@type\":\"ReadAction\",\"target\":[\"https:\/\/investmedic-store.com\/?product=code-101-prothese-mamaire-en-silicone\"]}]},{\"@type\":\"BreadcrumbList\",\"@id\":\"https:\/\/investmedic-store.com\/?product=code-101-prothese-mamaire-en-silicone#breadcrumb\",\"itemListElement\":[{\"@type\":\"ListItem\",\"position\":1,\"name\":\"Accueil\",\"item\":\"https:\/\/investmedic-store.com\/\"},{\"@type\":\"ListItem\",\"position\":2,\"name\":\"Shop\",\"item\":\"https:\/\/investmedic-store.com\/?page_id=5\"},{\"@type\":\"ListItem\",\"position\":3,\"name\":\"Code 101 PROTHESE MAMAIRE EN SILICONE\"}]},{\"@type\":\"WebSite\",\"@id\":\"https:\/\/investmedic-store.com\/#website\",\"url\":\"https:\/\/investmedic-store.com\/\",\"name\":\"invest medic store\",\"description\":\"Importation &amp; Distribution Du Materiels Medico-Chirurgicales - \u0627\u0633\u062a\u064a\u0631\u0627\u062f \u0648\u062a\u0648\u0632\u064a\u0639 \u0627\u0644\u0645\u0648\u0627\u062f \u0627\u0644\u0637\u0628\u064a\u0629 \u0627\u0644\u062c\u0631\u0627\u062d\u064a\u0629\",\"publisher\":{\"@id\":\"https:\/\/investmedic-store.com\/#organization\"},\"alternateName\":\"investmedic store\",\"potentialAction\":[{\"@type\":\"SearchAction\",\"target\":{\"@type\":\"EntryPoint\",\"urlTemplate\":\"https:\/\/investmedic-store.com\/?s={search_term_string}\"},\"query-input\":\"required name=search_term_string\"}],\"inLanguage\":\"fr-FR\"},{\"@type\":\"Organization\",\"@id\":\"https:\/\/investmedic-store.com\/#organization\",\"name\":\"invest.medic store\",\"alternateName\":\"investmedic store\",\"url\":\"https:\/\/investmedic-store.com\/\",\"logo\":{\"@type\":\"ImageObject\",\"inLanguage\":\"fr-FR\",\"@id\":\"https:\/\/investmedic-store.com\/#\/schema\/logo\/image\/\",\"url\":\"https:\/\/investmedic-store.com\/wp-content\/uploads\/2023\/07\/cropped-LOGO_INVEST-transformed-removebg-preview-transformed-1-e1690120839263.png\",\"contentUrl\":\"https:\/\/investmedic-store.com\/wp-content\/uploads\/2023\/07\/cropped-LOGO_INVEST-transformed-removebg-preview-transformed-1-e1690120839263.png\",\"width\":512,\"height\":512,\"caption\":\"invest.medic store\"},\"image\":{\"@id\":\"https:\/\/investmedic-store.com\/#\/schema\/logo\/image\/\"},\"sameAs\":[\"https:\/\/www.facebook.com\/invest.medic\"]}]}<\/script>\n<!-- \/ Yoast SEO plugin. -->","yoast_head_json":{"title":"Code 101 PROTHESE MAMAIRE EN SILICONE - investmedic-store.com","robots":{"index":"index","follow":"follow","max-snippet":"max-snippet:-1","max-image-preview":"max-image-preview:large","max-video-preview":"max-video-preview:-1"},"canonical":"https:\/\/investmedic-store.com\/?product=code-101-prothese-mamaire-en-silicone","og_locale":"fr_FR","og_type":"article","og_title":"Code 101 PROTHESE MAMAIRE EN SILICONE - investmedic-store.com","og_description":"Indications Peut \u00eatre mis en pratique pour les deux c\u00f4t\u00e9s de la poitrine \u00e0 travers la forme sym\u00e9trique. Utilis\u00e9 apr\u00e8s les op\u00e9rations de mastectomie Le produit est donn\u00e9 avec une poche con\u00e7u priv\u00e9 et un sac de transport. Soutien-gorge pour proth\u00e8se mammaire externe en coton Disponible en 12 tailles. (75-130) ,Utilis\u00e9 selon la taille du &hellip; Code 101 PROTHESE MAMAIRE EN SILICONERead More","og_url":"https:\/\/investmedic-store.com\/?product=code-101-prothese-mamaire-en-silicone","og_site_name":"investmedic-store.com","article_publisher":"https:\/\/www.facebook.com\/invest.medic","article_modified_time":"2024-01-07T14:00:52+00:00","og_image":[{"width":600,"height":782,"url":"http:\/\/investmedic-store.com\/wp-content\/uploads\/2023\/09\/photo_2023-09-16_12-08-40.jpg","type":"image\/jpeg"}],"twitter_card":"summary_large_image","twitter_misc":{"Dur\u00e9e de lecture estim\u00e9e":"1 minute"},"schema":{"@context":"https:\/\/schema.org","@graph":[{"@type":"WebPage","@id":"https:\/\/investmedic-store.com\/?product=code-101-prothese-mamaire-en-silicone","url":"https:\/\/investmedic-store.com\/?product=code-101-prothese-mamaire-en-silicone","name":"Code 101 PROTHESE MAMAIRE EN SILICONE - investmedic-store.com","isPartOf":{"@id":"https:\/\/investmedic-store.com\/#website"},"datePublished":"2023-09-16T12:07:50+00:00","dateModified":"2024-01-07T14:00:52+00:00","breadcrumb":{"@id":"https:\/\/investmedic-store.com\/?product=code-101-prothese-mamaire-en-silicone#breadcrumb"},"inLanguage":"fr-FR","potentialAction":[{"@type":"ReadAction","target":["https:\/\/investmedic-store.com\/?product=code-101-prothese-mamaire-en-silicone"]}]},{"@type":"BreadcrumbList","@id":"https:\/\/investmedic-store.com\/?product=code-101-prothese-mamaire-en-silicone#breadcrumb","itemListElement":[{"@type":"ListItem","position":1,"name":"Accueil","item":"https:\/\/investmedic-store.com\/"},{"@type":"ListItem","position":2,"name":"Shop","item":"https:\/\/investmedic-store.com\/?page_id=5"},{"@type":"ListItem","position":3,"name":"Code 101 PROTHESE MAMAIRE EN SILICONE"}]},{"@type":"WebSite","@id":"https:\/\/investmedic-store.com\/#website","url":"https:\/\/investmedic-store.com\/","name":"invest medic store","description":"Importation &amp; Distribution Du Materiels Medico-Chirurgicales - \u0627\u0633\u062a\u064a\u0631\u0627\u062f \u0648\u062a\u0648\u0632\u064a\u0639 \u0627\u0644\u0645\u0648\u0627\u062f \u0627\u0644\u0637\u0628\u064a\u0629 \u0627\u0644\u062c\u0631\u0627\u062d\u064a\u0629","publisher":{"@id":"https:\/\/investmedic-store.com\/#organization"},"alternateName":"investmedic store","potentialAction":[{"@type":"SearchAction","target":{"@type":"EntryPoint","urlTemplate":"https:\/\/investmedic-store.com\/?s={search_term_string}"},"query-input":"required name=search_term_string"}],"inLanguage":"fr-FR"},{"@type":"Organization","@id":"https:\/\/investmedic-store.com\/#organization","name":"invest.medic store","alternateName":"investmedic store","url":"https:\/\/investmedic-store.com\/","logo":{"@type":"ImageObject","inLanguage":"fr-FR","@id":"https:\/\/investmedic-store.com\/#\/schema\/logo\/image\/","url":"https:\/\/investmedic-store.com\/wp-content\/uploads\/2023\/07\/cropped-LOGO_INVEST-transformed-removebg-preview-transformed-1-e1690120839263.png","contentUrl":"https:\/\/investmedic-store.com\/wp-content\/uploads\/2023\/07\/cropped-LOGO_INVEST-transformed-removebg-preview-transformed-1-e1690120839263.png","width":512,"height":512,"caption":"invest.medic store"},"image":{"@id":"https:\/\/investmedic-store.com\/#\/schema\/logo\/image\/"},"sameAs":["https:\/\/www.facebook.com\/invest.medic"]}]}},"_links":{"self":[{"href":"https:\/\/investmedic-store.com\/index.php?rest_route=\/wp\/v2\/product\/2045"}],"collection":[{"href":"https:\/\/investmedic-store.com\/index.php?rest_route=\/wp\/v2\/product"}],"about":[{"href":"https:\/\/investmedic-store.com\/index.php?rest_route=\/wp\/v2\/types\/product"}],"replies":[{"embeddable":true,"href":"https:\/\/investmedic-store.com\/index.php?rest_route=%2Fwp%2Fv2%2Fcomments&post=2045"}],"wp:featuredmedia":[{"embeddable":true,"href":"https:\/\/investmedic-store.com\/index.php?rest_route=\/wp\/v2\/media\/2047"}],"wp:attachment":[{"href":"https:\/\/investmedic-store.com\/index.php?rest_route=%2Fwp%2Fv2%2Fmedia&parent=2045"}],"wp:term":[{"taxonomy":"product_cat","embeddable":true,"href":"https:\/\/investmedic-store.com\/index.php?rest_route=%2Fwp%2Fv2%2Fproduct_cat&post=2045"},{"taxonomy":"product_tag","embeddable":true,"href":"https:\/\/investmedic-store.com\/index.php?rest_route=%2Fwp%2Fv2%2Fproduct_tag&post=2045"}],"curies":[{"name":"wp","href":"https:\/\/api.w.org\/{rel}","templated":true}]}}