{"id":2035,"date":"2023-09-05T01:14:06","date_gmt":"2023-09-05T00:14:06","guid":{"rendered":"https:\/\/investmedic-store.com\/?post_type=product&#038;p=2035"},"modified":"2023-09-05T01:14:07","modified_gmt":"2023-09-05T00:14:07","slug":"derma-roller-4-in-1","status":"publish","type":"product","link":"https:\/\/investmedic-store.com\/?product=derma-roller-4-in-1","title":{"rendered":"DERMA ROLLER 4 IN 1"},"content":{"rendered":"<p><strong>Qu\u2019est-ce que le Derma Roller ?<\/strong><br \/>\nLe Derma Roller est un appareil \u00e0 rouleau unique constitu\u00e9 d\u2019une roue rotative parsem\u00e9e de minuscules aiguilles. Ces aiguilles<br \/>\np\u00e9n\u00e9trer dans la peau, stimulant la production de collag\u00e8ne et d&#8217;\u00e9lastine, ce qui \u00e0 son tour provoque des blessures sur la peau<br \/>\nr\u00e9ponse. Cette proc\u00e9dure utilise le collag\u00e8ne et l&#8217;\u00e9lastine pour \u00e9paissir la peau, r\u00e9parer les cicatrices et lisser les fines.<br \/>\nrides et ridules. Ce stimulus provoque \u00e9galement la croissance de nouveaux capillaires, ce qui am\u00e9liore l\u2019apport sanguin \u00e0 la peau.<br \/>\nLe Derma Roller est une th\u00e9rapie naturelle de rajeunissement de la peau et de r\u00e9paration des cicatrices. Il est largement utilis\u00e9 pour les probl\u00e8mes li\u00e9s \u00e0 la peau tels que\u00a0:<br \/>\nR\u00e9duit les cicatrices d&#8217;acn\u00e9, R\u00e9duit les rides et ridules, Am\u00e9liore l&#8217;apparence des vergetures, Cicatrices de pic \u00e0 glace et de varicelle, Rajeunissement de la peau et anti-\u00e2ge, Taches de vieillesse et dommages caus\u00e9s par le soleil, Pores dilat\u00e9s Hyper pigmentation.<\/p>\n<p><strong>Comment fonctionne le Derma Roller ?<\/strong><br \/>\nLorsque vous roulez sur votre peau, cela cr\u00e9e des perforations ponctuelles dans le derme \u2013 dont la majorit\u00e9 poussent simplement votre peau.<br \/>\nles pores s&#8217;ouvrent temporairement. Ceci est per\u00e7u par l&#8217;organisme comme un dommage, qui stimule la lib\u00e9ration de facteurs de croissance qui<br \/>\nd\u00e9clencher la production de collag\u00e8ne et d\u2019\u00e9lastine. Le corps humain r\u00e9agit naturellement \u00e0 toute blessure en initiant la gu\u00e9rison<br \/>\nprocessus, mais g\u00e9n\u00e9ralement, il ne gu\u00e9rira que dans la mesure n\u00e9cessaire pour vous garder en bonne sant\u00e9 \u2013 ce qui est diff\u00e9rent de la gu\u00e9rison d&#8217;un produit cosm\u00e9tique.<br \/>\nniveau. En d\u00e9clenchant de mani\u00e8re persistante le processus de gu\u00e9rison, vous encouragez votre corps \u00e0 poursuivre sa gu\u00e9rison jusqu&#8217;\u00e0 ce que vous soyez satisfait.<br \/>\navec les r\u00e9sultats. En ouvrant la peau de cette mani\u00e8re, vous augmentez non seulement consid\u00e9rablement la p\u00e9n\u00e9tration de tout produit topique, augmentant ainsi son efficacit\u00e9, mais vous cr\u00e9ez \u00e9galement des perforations miniatures qui stimulent les m\u00e9canismes de gu\u00e9rison de la peau, augmentant ainsi la production de nombreux facteurs importants pour une peau saine.<\/p>\n<p><strong>Fonction des aiguilles\u00a0:<\/strong><\/p>\n<p>Le derma roller 4 en 1 est un appareil scientifique et complet avec 3 t\u00eates s\u00e9par\u00e9es de diff\u00e9rents nombres d&#8217;aiguilles. De mani\u00e8re significative, il y a un r\u00e9servoir de d\u00e9sinfection d\u00e9di\u00e9.<\/p>\n<p>T\u00eate de 1200 aiguilles pour \u00e9liminer les cicatrices, les vergetures, la cellulite et le rel\u00e2chement cutan\u00e9 du corps.<\/p>\n<p>T\u00eate de 720 aiguilles pour inverser les signes du vieillissement du visage.<\/p>\n<p>T\u00eate de 300 aiguilles exclusivement pour la peau sensible des paupi\u00e8res et des l\u00e8vres.<\/p>\n<p><img decoding=\"async\" loading=\"lazy\" src=\"https:\/\/sc02.alicdn.com\/kf\/HTB1cew9jcjI8KJjSsppq6xbyVXaZ\/206180932\/HTB1cew9jcjI8KJjSsppq6xbyVXaZ.jpg\" alt=\"LINUO professional derma roller 4 in 1 massager stainless steel micro needle derma roller set with 3 heads\" width=\"750\" height=\"750\" data-alt=\"LINUO professional derma roller 4 in 1 massager stainless steel micro needle derma roller set with 3 heads\" \/><img decoding=\"async\" loading=\"lazy\" src=\"https:\/\/sc02.alicdn.com\/kf\/HTB1ew8mjsbI8KJjy1zdq6ze1VXan\/206180932\/HTB1ew8mjsbI8KJjy1zdq6ze1VXan.jpg\" alt=\"LINUO professional derma roller 4 in 1 massager stainless steel micro needle derma roller set with 3 heads\" width=\"750\" height=\"750\" data-alt=\"LINUO professional derma roller 4 in 1 massager stainless steel micro needle derma roller set with 3 heads\" data-width=\"750\" \/><\/p>\n<p><strong>Qu&#8217;est-ce que cela peut faire pour vous ?<\/strong><\/p>\n<p>1. \u00c9limination des rides, \u00e9limination de l&#8217;acn\u00e9, am\u00e9lioration des cicatrices, rajeunissement<\/p>\n<p>2. La focalisation \u00e9troite du site (glabellum, rides, cicatrice)<br \/>\n3. R\u00e9tr\u00e9cir les pores<br \/>\n4. Traitement du gravidarum stri\u00e9<br \/>\n5. Am\u00e9liorer les rides et ridules<br \/>\n6. Traitement des cicatrices d&#8217;acn\u00e9 et des plaies cicatrisantes<\/p>\n<p>7.Anti-\u00e9pilation<\/p>\n<p>8.Derma roller est tr\u00e8s efficace pour les types de traitements de soins de la peau.<\/p>\n<p><strong>Comment utiliser:<\/strong><\/p>\n<p>1. Nettoyez votre visage de mani\u00e8re courante.<br \/>\n2.d\u00e9sinfection des micro-aiguilles avec de l&#8217;alcool.<br \/>\n3. Apr\u00e8s environ 15 minutes, placez l&#8217;extr\u00e9mit\u00e9 des micro-aiguilles sur votre visage et faites-la rouler sur votre visage.<br \/>\n4. Ne forcez pas le rouleau dans la peau mais exercez simplement une l\u00e9g\u00e8re pression.<br \/>\n5. Nettoyez le rouleau derma apr\u00e8s utilisation, rangez-le dans un endroit sec et propre.<br \/>\n6. Il peut \u00eatre utilis\u00e9 plus longtemps si vous le conservez bien.<\/p>\n<p><img decoding=\"async\" loading=\"lazy\" src=\"https:\/\/sc02.alicdn.com\/kf\/HTB1cxIYjlHH8KJjy0Fbq6AqlpXaW\/206180932\/HTB1cxIYjlHH8KJjy0Fbq6AqlpXaW.jpg\" alt=\"LINUO professional derma roller 4 in 1 massager stainless steel micro needle derma roller set with 3 heads\" width=\"750\" height=\"750\" data-alt=\"LINUO professional derma roller 4 in 1 massager stainless steel micro needle derma roller set with 3 heads\" \/><img decoding=\"async\" loading=\"lazy\" src=\"https:\/\/sc01.alicdn.com\/kf\/HTB13wxmjv6H8KJjy0Fjq6yXepXa9\/206180932\/HTB13wxmjv6H8KJjy0Fjq6yXepXa9.jpg\" alt=\"LINUO professional derma roller 4 in 1 massager stainless steel micro needle derma roller set with 3 heads\" width=\"750\" height=\"750\" data-alt=\"LINUO professional derma roller 4 in 1 massager stainless steel micro needle derma roller set with 3 heads\" \/><\/p>\n","protected":false},"excerpt":{"rendered":"<p>Qu\u2019est-ce que le Derma Roller ? Le Derma Roller est un appareil \u00e0 rouleau unique constitu\u00e9 d\u2019une roue rotative parsem\u00e9e de minuscules aiguilles. Ces aiguilles p\u00e9n\u00e9trer dans la peau, stimulant la production de collag\u00e8ne et d&#8217;\u00e9lastine, ce qui \u00e0 son tour provoque des blessures sur la peau r\u00e9ponse. Cette proc\u00e9dure utilise le collag\u00e8ne et l&#8217;\u00e9lastine &hellip;<\/p>\n<p class=\"read-more\"> <a class=\" thunk-readmore button \" href=\"https:\/\/investmedic-store.com\/?product=derma-roller-4-in-1\"> <span class=\"screen-reader-text\">DERMA ROLLER 4 IN 1<\/span>Read More<\/a><\/p>\n","protected":false},"featured_media":2036,"comment_status":"open","ping_status":"closed","template":"","meta":{"om_disable_all_campaigns":false,"_joinchat":[]},"product_cat":[15,162],"product_tag":[],"yoast_head":"<!-- This site is optimized with the Yoast SEO plugin v20.12 - https:\/\/yoast.com\/wordpress\/plugins\/seo\/ -->\n<title>DERMA ROLLER 4 IN 1 - investmedic-store.com<\/title>\n<meta name=\"robots\" content=\"index, follow, max-snippet:-1, max-image-preview:large, max-video-preview:-1\" \/>\n<link rel=\"canonical\" href=\"https:\/\/investmedic-store.com\/?product=derma-roller-4-in-1\" \/>\n<meta property=\"og:locale\" content=\"fr_FR\" \/>\n<meta property=\"og:type\" content=\"article\" \/>\n<meta property=\"og:title\" content=\"DERMA ROLLER 4 IN 1 - investmedic-store.com\" \/>\n<meta property=\"og:description\" content=\"Qu\u2019est-ce que le Derma Roller ? Le Derma Roller est un appareil \u00e0 rouleau unique constitu\u00e9 d\u2019une roue rotative parsem\u00e9e de minuscules aiguilles. Ces aiguilles p\u00e9n\u00e9trer dans la peau, stimulant la production de collag\u00e8ne et d&#8217;\u00e9lastine, ce qui \u00e0 son tour provoque des blessures sur la peau r\u00e9ponse. Cette proc\u00e9dure utilise le collag\u00e8ne et l&#8217;\u00e9lastine &hellip; DERMA ROLLER 4 IN 1Read More\" \/>\n<meta property=\"og:url\" content=\"https:\/\/investmedic-store.com\/?product=derma-roller-4-in-1\" \/>\n<meta property=\"og:site_name\" content=\"investmedic-store.com\" \/>\n<meta property=\"article:publisher\" content=\"https:\/\/www.facebook.com\/invest.medic\" \/>\n<meta property=\"article:modified_time\" content=\"2023-09-05T00:14:07+00:00\" \/>\n<meta property=\"og:image\" content=\"http:\/\/investmedic-store.com\/wp-content\/uploads\/2023\/09\/1522460309.jpg\" \/>\n\t<meta property=\"og:image:width\" content=\"750\" \/>\n\t<meta property=\"og:image:height\" content=\"750\" \/>\n\t<meta property=\"og:image:type\" content=\"image\/jpeg\" \/>\n<meta name=\"twitter:card\" content=\"summary_large_image\" \/>\n<meta name=\"twitter:label1\" content=\"Dur\u00e9e de lecture estim\u00e9e\" \/>\n\t<meta name=\"twitter:data1\" content=\"4 minutes\" \/>\n<script type=\"application\/ld+json\" class=\"yoast-schema-graph\">{\"@context\":\"https:\/\/schema.org\",\"@graph\":[{\"@type\":\"WebPage\",\"@id\":\"https:\/\/investmedic-store.com\/?product=derma-roller-4-in-1\",\"url\":\"https:\/\/investmedic-store.com\/?product=derma-roller-4-in-1\",\"name\":\"DERMA ROLLER 4 IN 1 - investmedic-store.com\",\"isPartOf\":{\"@id\":\"https:\/\/investmedic-store.com\/#website\"},\"datePublished\":\"2023-09-05T00:14:06+00:00\",\"dateModified\":\"2023-09-05T00:14:07+00:00\",\"breadcrumb\":{\"@id\":\"https:\/\/investmedic-store.com\/?product=derma-roller-4-in-1#breadcrumb\"},\"inLanguage\":\"fr-FR\",\"potentialAction\":[{\"@type\":\"ReadAction\",\"target\":[\"https:\/\/investmedic-store.com\/?product=derma-roller-4-in-1\"]}]},{\"@type\":\"BreadcrumbList\",\"@id\":\"https:\/\/investmedic-store.com\/?product=derma-roller-4-in-1#breadcrumb\",\"itemListElement\":[{\"@type\":\"ListItem\",\"position\":1,\"name\":\"Accueil\",\"item\":\"https:\/\/investmedic-store.com\/\"},{\"@type\":\"ListItem\",\"position\":2,\"name\":\"Shop\",\"item\":\"https:\/\/investmedic-store.com\/?page_id=5\"},{\"@type\":\"ListItem\",\"position\":3,\"name\":\"DERMA ROLLER 4 IN 1\"}]},{\"@type\":\"WebSite\",\"@id\":\"https:\/\/investmedic-store.com\/#website\",\"url\":\"https:\/\/investmedic-store.com\/\",\"name\":\"invest medic store\",\"description\":\"Importation &amp; Distribution Du Materiels Medico-Chirurgicales - \u0627\u0633\u062a\u064a\u0631\u0627\u062f \u0648\u062a\u0648\u0632\u064a\u0639 \u0627\u0644\u0645\u0648\u0627\u062f \u0627\u0644\u0637\u0628\u064a\u0629 \u0627\u0644\u062c\u0631\u0627\u062d\u064a\u0629\",\"publisher\":{\"@id\":\"https:\/\/investmedic-store.com\/#organization\"},\"alternateName\":\"investmedic store\",\"potentialAction\":[{\"@type\":\"SearchAction\",\"target\":{\"@type\":\"EntryPoint\",\"urlTemplate\":\"https:\/\/investmedic-store.com\/?s={search_term_string}\"},\"query-input\":\"required name=search_term_string\"}],\"inLanguage\":\"fr-FR\"},{\"@type\":\"Organization\",\"@id\":\"https:\/\/investmedic-store.com\/#organization\",\"name\":\"invest.medic store\",\"alternateName\":\"investmedic store\",\"url\":\"https:\/\/investmedic-store.com\/\",\"logo\":{\"@type\":\"ImageObject\",\"inLanguage\":\"fr-FR\",\"@id\":\"https:\/\/investmedic-store.com\/#\/schema\/logo\/image\/\",\"url\":\"https:\/\/investmedic-store.com\/wp-content\/uploads\/2023\/07\/cropped-LOGO_INVEST-transformed-removebg-preview-transformed-1-e1690120839263.png\",\"contentUrl\":\"https:\/\/investmedic-store.com\/wp-content\/uploads\/2023\/07\/cropped-LOGO_INVEST-transformed-removebg-preview-transformed-1-e1690120839263.png\",\"width\":512,\"height\":512,\"caption\":\"invest.medic store\"},\"image\":{\"@id\":\"https:\/\/investmedic-store.com\/#\/schema\/logo\/image\/\"},\"sameAs\":[\"https:\/\/www.facebook.com\/invest.medic\"]}]}<\/script>\n<!-- \/ Yoast SEO plugin. -->","yoast_head_json":{"title":"DERMA ROLLER 4 IN 1 - investmedic-store.com","robots":{"index":"index","follow":"follow","max-snippet":"max-snippet:-1","max-image-preview":"max-image-preview:large","max-video-preview":"max-video-preview:-1"},"canonical":"https:\/\/investmedic-store.com\/?product=derma-roller-4-in-1","og_locale":"fr_FR","og_type":"article","og_title":"DERMA ROLLER 4 IN 1 - investmedic-store.com","og_description":"Qu\u2019est-ce que le Derma Roller ? Le Derma Roller est un appareil \u00e0 rouleau unique constitu\u00e9 d\u2019une roue rotative parsem\u00e9e de minuscules aiguilles. Ces aiguilles p\u00e9n\u00e9trer dans la peau, stimulant la production de collag\u00e8ne et d&#8217;\u00e9lastine, ce qui \u00e0 son tour provoque des blessures sur la peau r\u00e9ponse. Cette proc\u00e9dure utilise le collag\u00e8ne et l&#8217;\u00e9lastine &hellip; DERMA ROLLER 4 IN 1Read More","og_url":"https:\/\/investmedic-store.com\/?product=derma-roller-4-in-1","og_site_name":"investmedic-store.com","article_publisher":"https:\/\/www.facebook.com\/invest.medic","article_modified_time":"2023-09-05T00:14:07+00:00","og_image":[{"width":750,"height":750,"url":"http:\/\/investmedic-store.com\/wp-content\/uploads\/2023\/09\/1522460309.jpg","type":"image\/jpeg"}],"twitter_card":"summary_large_image","twitter_misc":{"Dur\u00e9e de lecture estim\u00e9e":"4 minutes"},"schema":{"@context":"https:\/\/schema.org","@graph":[{"@type":"WebPage","@id":"https:\/\/investmedic-store.com\/?product=derma-roller-4-in-1","url":"https:\/\/investmedic-store.com\/?product=derma-roller-4-in-1","name":"DERMA ROLLER 4 IN 1 - investmedic-store.com","isPartOf":{"@id":"https:\/\/investmedic-store.com\/#website"},"datePublished":"2023-09-05T00:14:06+00:00","dateModified":"2023-09-05T00:14:07+00:00","breadcrumb":{"@id":"https:\/\/investmedic-store.com\/?product=derma-roller-4-in-1#breadcrumb"},"inLanguage":"fr-FR","potentialAction":[{"@type":"ReadAction","target":["https:\/\/investmedic-store.com\/?product=derma-roller-4-in-1"]}]},{"@type":"BreadcrumbList","@id":"https:\/\/investmedic-store.com\/?product=derma-roller-4-in-1#breadcrumb","itemListElement":[{"@type":"ListItem","position":1,"name":"Accueil","item":"https:\/\/investmedic-store.com\/"},{"@type":"ListItem","position":2,"name":"Shop","item":"https:\/\/investmedic-store.com\/?page_id=5"},{"@type":"ListItem","position":3,"name":"DERMA ROLLER 4 IN 1"}]},{"@type":"WebSite","@id":"https:\/\/investmedic-store.com\/#website","url":"https:\/\/investmedic-store.com\/","name":"invest medic store","description":"Importation &amp; Distribution Du Materiels Medico-Chirurgicales - \u0627\u0633\u062a\u064a\u0631\u0627\u062f \u0648\u062a\u0648\u0632\u064a\u0639 \u0627\u0644\u0645\u0648\u0627\u062f \u0627\u0644\u0637\u0628\u064a\u0629 \u0627\u0644\u062c\u0631\u0627\u062d\u064a\u0629","publisher":{"@id":"https:\/\/investmedic-store.com\/#organization"},"alternateName":"investmedic store","potentialAction":[{"@type":"SearchAction","target":{"@type":"EntryPoint","urlTemplate":"https:\/\/investmedic-store.com\/?s={search_term_string}"},"query-input":"required name=search_term_string"}],"inLanguage":"fr-FR"},{"@type":"Organization","@id":"https:\/\/investmedic-store.com\/#organization","name":"invest.medic store","alternateName":"investmedic store","url":"https:\/\/investmedic-store.com\/","logo":{"@type":"ImageObject","inLanguage":"fr-FR","@id":"https:\/\/investmedic-store.com\/#\/schema\/logo\/image\/","url":"https:\/\/investmedic-store.com\/wp-content\/uploads\/2023\/07\/cropped-LOGO_INVEST-transformed-removebg-preview-transformed-1-e1690120839263.png","contentUrl":"https:\/\/investmedic-store.com\/wp-content\/uploads\/2023\/07\/cropped-LOGO_INVEST-transformed-removebg-preview-transformed-1-e1690120839263.png","width":512,"height":512,"caption":"invest.medic store"},"image":{"@id":"https:\/\/investmedic-store.com\/#\/schema\/logo\/image\/"},"sameAs":["https:\/\/www.facebook.com\/invest.medic"]}]}},"_links":{"self":[{"href":"https:\/\/investmedic-store.com\/index.php?rest_route=\/wp\/v2\/product\/2035"}],"collection":[{"href":"https:\/\/investmedic-store.com\/index.php?rest_route=\/wp\/v2\/product"}],"about":[{"href":"https:\/\/investmedic-store.com\/index.php?rest_route=\/wp\/v2\/types\/product"}],"replies":[{"embeddable":true,"href":"https:\/\/investmedic-store.com\/index.php?rest_route=%2Fwp%2Fv2%2Fcomments&post=2035"}],"wp:featuredmedia":[{"embeddable":true,"href":"https:\/\/investmedic-store.com\/index.php?rest_route=\/wp\/v2\/media\/2036"}],"wp:attachment":[{"href":"https:\/\/investmedic-store.com\/index.php?rest_route=%2Fwp%2Fv2%2Fmedia&parent=2035"}],"wp:term":[{"taxonomy":"product_cat","embeddable":true,"href":"https:\/\/investmedic-store.com\/index.php?rest_route=%2Fwp%2Fv2%2Fproduct_cat&post=2035"},{"taxonomy":"product_tag","embeddable":true,"href":"https:\/\/investmedic-store.com\/index.php?rest_route=%2Fwp%2Fv2%2Fproduct_tag&post=2035"}],"curies":[{"name":"wp","href":"https:\/\/api.w.org\/{rel}","templated":true}]}}