{"id":2033,"date":"2023-09-03T23:46:00","date_gmt":"2023-09-03T22:46:00","guid":{"rendered":"https:\/\/investmedic-store.com\/?post_type=product&#038;p=2033"},"modified":"2023-09-04T19:56:16","modified_gmt":"2023-09-04T18:56:16","slug":"plasma-jet-1698","status":"publish","type":"product","link":"https:\/\/investmedic-store.com\/?product=plasma-jet-1698","title":{"rendered":"PLASMA JET 1698"},"content":{"rendered":"<p>Jet Plasma repr\u00e9sente une technologie de pointe dans le domaine du lifting et du raffermissement non chirurgical de la peau.<\/p>\n<p>Se distinguant des autres appareils plasma sur le march\u00e9, le stylo plasma Jet utilise un courant continu (CC) au lieu d&#8217;un courant alternatif (AC) directement sur les couches dermiques et sous-cutan\u00e9es de la peau.<\/p>\n<p>Cette fonctionnalit\u00e9 innovante permet de num\u00e9riser de plus grandes zones cutan\u00e9es avec une plus grande polyvalence tout en causant moins de dommages et en r\u00e9duisant consid\u00e9rablement les temps d&#8217;arr\u00eat par rapport aux autres appareils plasma.<\/p>\n<p>La technologie plasma JET st\u00e9rilise non seulement le visage, mais favorise \u00e9galement la r\u00e9g\u00e9n\u00e9ration du collag\u00e8ne, ce qui donne une peau plus ferme, plus lumineuse et \u00e9clatante de sant\u00e9. De plus, il s\u2019attaque efficacement aux probl\u00e8mes tels que les pores obstru\u00e9s, les bact\u00e9ries, l\u2019hyperpigmentation et les cernes.<\/p>\n<p>D\u00e9couvrez le fonctionnement de JET Plasma<\/p>\n<p>Un avantage unique du dispositif plasma portable est sa capacit\u00e9 \u00e0 \u00eatre appliqu\u00e9 sur la surface de la peau, tuant les bact\u00e9ries de surface dans une zone sp\u00e9cifique avant d\u2019effectuer un traitement plasma localis\u00e9 cibl\u00e9. Cette approche globale garantit des r\u00e9sultats optimaux et am\u00e9liore l\u2019exp\u00e9rience globale de traitement pour les clients.<\/p>\n","protected":false},"excerpt":{"rendered":"<p>Jet Plasma repr\u00e9sente une technologie de pointe dans le domaine du lifting et du raffermissement non chirurgical de la peau. Se distinguant des autres appareils plasma sur le march\u00e9, le stylo plasma Jet utilise un courant continu (CC) au lieu d&#8217;un courant alternatif (AC) directement sur les couches dermiques et sous-cutan\u00e9es de la peau. Cette &hellip;<\/p>\n<p class=\"read-more\"> <a class=\" thunk-readmore button \" href=\"https:\/\/investmedic-store.com\/?product=plasma-jet-1698\"> <span class=\"screen-reader-text\">PLASMA JET 1698<\/span>Read More<\/a><\/p>\n","protected":false},"featured_media":2034,"comment_status":"open","ping_status":"closed","template":"","meta":{"om_disable_all_campaigns":false,"_joinchat":[]},"product_cat":[15,162],"product_tag":[],"yoast_head":"<!-- This site is optimized with the Yoast SEO plugin v20.12 - https:\/\/yoast.com\/wordpress\/plugins\/seo\/ -->\n<title>PLASMA JET 1698 - investmedic-store.com<\/title>\n<meta name=\"robots\" content=\"index, follow, max-snippet:-1, max-image-preview:large, max-video-preview:-1\" \/>\n<link rel=\"canonical\" href=\"https:\/\/investmedic-store.com\/?product=plasma-jet-1698\" \/>\n<meta property=\"og:locale\" content=\"fr_FR\" \/>\n<meta property=\"og:type\" content=\"article\" \/>\n<meta property=\"og:title\" content=\"PLASMA JET 1698 - investmedic-store.com\" \/>\n<meta property=\"og:description\" content=\"Jet Plasma repr\u00e9sente une technologie de pointe dans le domaine du lifting et du raffermissement non chirurgical de la peau. Se distinguant des autres appareils plasma sur le march\u00e9, le stylo plasma Jet utilise un courant continu (CC) au lieu d&#8217;un courant alternatif (AC) directement sur les couches dermiques et sous-cutan\u00e9es de la peau. Cette &hellip; PLASMA JET 1698Read More\" \/>\n<meta property=\"og:url\" content=\"https:\/\/investmedic-store.com\/?product=plasma-jet-1698\" \/>\n<meta property=\"og:site_name\" content=\"investmedic-store.com\" \/>\n<meta property=\"article:publisher\" content=\"https:\/\/www.facebook.com\/invest.medic\" \/>\n<meta property=\"article:modified_time\" content=\"2023-09-04T18:56:16+00:00\" \/>\n<meta property=\"og:image\" content=\"http:\/\/investmedic-store.com\/wp-content\/uploads\/2023\/09\/photo_2023-09-03_23-45-29.jpg\" \/>\n\t<meta property=\"og:image:width\" content=\"800\" \/>\n\t<meta property=\"og:image:height\" content=\"800\" \/>\n\t<meta property=\"og:image:type\" content=\"image\/jpeg\" \/>\n<meta name=\"twitter:card\" content=\"summary_large_image\" \/>\n<meta name=\"twitter:label1\" content=\"Dur\u00e9e de lecture estim\u00e9e\" \/>\n\t<meta name=\"twitter:data1\" content=\"1 minute\" \/>\n<script type=\"application\/ld+json\" class=\"yoast-schema-graph\">{\"@context\":\"https:\/\/schema.org\",\"@graph\":[{\"@type\":\"WebPage\",\"@id\":\"https:\/\/investmedic-store.com\/?product=plasma-jet-1698\",\"url\":\"https:\/\/investmedic-store.com\/?product=plasma-jet-1698\",\"name\":\"PLASMA JET 1698 - investmedic-store.com\",\"isPartOf\":{\"@id\":\"https:\/\/investmedic-store.com\/#website\"},\"datePublished\":\"2023-09-03T22:46:00+00:00\",\"dateModified\":\"2023-09-04T18:56:16+00:00\",\"breadcrumb\":{\"@id\":\"https:\/\/investmedic-store.com\/?product=plasma-jet-1698#breadcrumb\"},\"inLanguage\":\"fr-FR\",\"potentialAction\":[{\"@type\":\"ReadAction\",\"target\":[\"https:\/\/investmedic-store.com\/?product=plasma-jet-1698\"]}]},{\"@type\":\"BreadcrumbList\",\"@id\":\"https:\/\/investmedic-store.com\/?product=plasma-jet-1698#breadcrumb\",\"itemListElement\":[{\"@type\":\"ListItem\",\"position\":1,\"name\":\"Accueil\",\"item\":\"https:\/\/investmedic-store.com\/\"},{\"@type\":\"ListItem\",\"position\":2,\"name\":\"Shop\",\"item\":\"https:\/\/investmedic-store.com\/?page_id=5\"},{\"@type\":\"ListItem\",\"position\":3,\"name\":\"PLASMA JET 1698\"}]},{\"@type\":\"WebSite\",\"@id\":\"https:\/\/investmedic-store.com\/#website\",\"url\":\"https:\/\/investmedic-store.com\/\",\"name\":\"invest medic store\",\"description\":\"Importation &amp; Distribution Du Materiels Medico-Chirurgicales - \u0627\u0633\u062a\u064a\u0631\u0627\u062f \u0648\u062a\u0648\u0632\u064a\u0639 \u0627\u0644\u0645\u0648\u0627\u062f \u0627\u0644\u0637\u0628\u064a\u0629 \u0627\u0644\u062c\u0631\u0627\u062d\u064a\u0629\",\"publisher\":{\"@id\":\"https:\/\/investmedic-store.com\/#organization\"},\"alternateName\":\"investmedic store\",\"potentialAction\":[{\"@type\":\"SearchAction\",\"target\":{\"@type\":\"EntryPoint\",\"urlTemplate\":\"https:\/\/investmedic-store.com\/?s={search_term_string}\"},\"query-input\":\"required name=search_term_string\"}],\"inLanguage\":\"fr-FR\"},{\"@type\":\"Organization\",\"@id\":\"https:\/\/investmedic-store.com\/#organization\",\"name\":\"invest.medic store\",\"alternateName\":\"investmedic store\",\"url\":\"https:\/\/investmedic-store.com\/\",\"logo\":{\"@type\":\"ImageObject\",\"inLanguage\":\"fr-FR\",\"@id\":\"https:\/\/investmedic-store.com\/#\/schema\/logo\/image\/\",\"url\":\"https:\/\/investmedic-store.com\/wp-content\/uploads\/2023\/07\/cropped-LOGO_INVEST-transformed-removebg-preview-transformed-1-e1690120839263.png\",\"contentUrl\":\"https:\/\/investmedic-store.com\/wp-content\/uploads\/2023\/07\/cropped-LOGO_INVEST-transformed-removebg-preview-transformed-1-e1690120839263.png\",\"width\":512,\"height\":512,\"caption\":\"invest.medic store\"},\"image\":{\"@id\":\"https:\/\/investmedic-store.com\/#\/schema\/logo\/image\/\"},\"sameAs\":[\"https:\/\/www.facebook.com\/invest.medic\"]}]}<\/script>\n<!-- \/ Yoast SEO plugin. -->","yoast_head_json":{"title":"PLASMA JET 1698 - investmedic-store.com","robots":{"index":"index","follow":"follow","max-snippet":"max-snippet:-1","max-image-preview":"max-image-preview:large","max-video-preview":"max-video-preview:-1"},"canonical":"https:\/\/investmedic-store.com\/?product=plasma-jet-1698","og_locale":"fr_FR","og_type":"article","og_title":"PLASMA JET 1698 - investmedic-store.com","og_description":"Jet Plasma repr\u00e9sente une technologie de pointe dans le domaine du lifting et du raffermissement non chirurgical de la peau. Se distinguant des autres appareils plasma sur le march\u00e9, le stylo plasma Jet utilise un courant continu (CC) au lieu d&#8217;un courant alternatif (AC) directement sur les couches dermiques et sous-cutan\u00e9es de la peau. Cette &hellip; PLASMA JET 1698Read More","og_url":"https:\/\/investmedic-store.com\/?product=plasma-jet-1698","og_site_name":"investmedic-store.com","article_publisher":"https:\/\/www.facebook.com\/invest.medic","article_modified_time":"2023-09-04T18:56:16+00:00","og_image":[{"width":800,"height":800,"url":"http:\/\/investmedic-store.com\/wp-content\/uploads\/2023\/09\/photo_2023-09-03_23-45-29.jpg","type":"image\/jpeg"}],"twitter_card":"summary_large_image","twitter_misc":{"Dur\u00e9e de lecture estim\u00e9e":"1 minute"},"schema":{"@context":"https:\/\/schema.org","@graph":[{"@type":"WebPage","@id":"https:\/\/investmedic-store.com\/?product=plasma-jet-1698","url":"https:\/\/investmedic-store.com\/?product=plasma-jet-1698","name":"PLASMA JET 1698 - investmedic-store.com","isPartOf":{"@id":"https:\/\/investmedic-store.com\/#website"},"datePublished":"2023-09-03T22:46:00+00:00","dateModified":"2023-09-04T18:56:16+00:00","breadcrumb":{"@id":"https:\/\/investmedic-store.com\/?product=plasma-jet-1698#breadcrumb"},"inLanguage":"fr-FR","potentialAction":[{"@type":"ReadAction","target":["https:\/\/investmedic-store.com\/?product=plasma-jet-1698"]}]},{"@type":"BreadcrumbList","@id":"https:\/\/investmedic-store.com\/?product=plasma-jet-1698#breadcrumb","itemListElement":[{"@type":"ListItem","position":1,"name":"Accueil","item":"https:\/\/investmedic-store.com\/"},{"@type":"ListItem","position":2,"name":"Shop","item":"https:\/\/investmedic-store.com\/?page_id=5"},{"@type":"ListItem","position":3,"name":"PLASMA JET 1698"}]},{"@type":"WebSite","@id":"https:\/\/investmedic-store.com\/#website","url":"https:\/\/investmedic-store.com\/","name":"invest medic store","description":"Importation &amp; Distribution Du Materiels Medico-Chirurgicales - \u0627\u0633\u062a\u064a\u0631\u0627\u062f \u0648\u062a\u0648\u0632\u064a\u0639 \u0627\u0644\u0645\u0648\u0627\u062f \u0627\u0644\u0637\u0628\u064a\u0629 \u0627\u0644\u062c\u0631\u0627\u062d\u064a\u0629","publisher":{"@id":"https:\/\/investmedic-store.com\/#organization"},"alternateName":"investmedic store","potentialAction":[{"@type":"SearchAction","target":{"@type":"EntryPoint","urlTemplate":"https:\/\/investmedic-store.com\/?s={search_term_string}"},"query-input":"required name=search_term_string"}],"inLanguage":"fr-FR"},{"@type":"Organization","@id":"https:\/\/investmedic-store.com\/#organization","name":"invest.medic store","alternateName":"investmedic store","url":"https:\/\/investmedic-store.com\/","logo":{"@type":"ImageObject","inLanguage":"fr-FR","@id":"https:\/\/investmedic-store.com\/#\/schema\/logo\/image\/","url":"https:\/\/investmedic-store.com\/wp-content\/uploads\/2023\/07\/cropped-LOGO_INVEST-transformed-removebg-preview-transformed-1-e1690120839263.png","contentUrl":"https:\/\/investmedic-store.com\/wp-content\/uploads\/2023\/07\/cropped-LOGO_INVEST-transformed-removebg-preview-transformed-1-e1690120839263.png","width":512,"height":512,"caption":"invest.medic store"},"image":{"@id":"https:\/\/investmedic-store.com\/#\/schema\/logo\/image\/"},"sameAs":["https:\/\/www.facebook.com\/invest.medic"]}]}},"_links":{"self":[{"href":"https:\/\/investmedic-store.com\/index.php?rest_route=\/wp\/v2\/product\/2033"}],"collection":[{"href":"https:\/\/investmedic-store.com\/index.php?rest_route=\/wp\/v2\/product"}],"about":[{"href":"https:\/\/investmedic-store.com\/index.php?rest_route=\/wp\/v2\/types\/product"}],"replies":[{"embeddable":true,"href":"https:\/\/investmedic-store.com\/index.php?rest_route=%2Fwp%2Fv2%2Fcomments&post=2033"}],"wp:featuredmedia":[{"embeddable":true,"href":"https:\/\/investmedic-store.com\/index.php?rest_route=\/wp\/v2\/media\/2034"}],"wp:attachment":[{"href":"https:\/\/investmedic-store.com\/index.php?rest_route=%2Fwp%2Fv2%2Fmedia&parent=2033"}],"wp:term":[{"taxonomy":"product_cat","embeddable":true,"href":"https:\/\/investmedic-store.com\/index.php?rest_route=%2Fwp%2Fv2%2Fproduct_cat&post=2033"},{"taxonomy":"product_tag","embeddable":true,"href":"https:\/\/investmedic-store.com\/index.php?rest_route=%2Fwp%2Fv2%2Fproduct_tag&post=2033"}],"curies":[{"name":"wp","href":"https:\/\/api.w.org\/{rel}","templated":true}]}}