{"id":2031,"date":"2023-09-03T23:20:53","date_gmt":"2023-09-03T22:20:53","guid":{"rendered":"https:\/\/investmedic-store.com\/?post_type=product&#038;p=2031"},"modified":"2023-09-04T19:52:51","modified_gmt":"2023-09-04T18:52:51","slug":"tunnel-led-pdt-7-couleurs-carre","status":"publish","type":"product","link":"https:\/\/investmedic-store.com\/?product=tunnel-led-pdt-7-couleurs-carre","title":{"rendered":"TUNNEL LED PDT 7 COULEURS CARRE"},"content":{"rendered":"<div class=\"aplus-module-wrapper aplus-3p-fixed-width\">\n<ul class=\"a-unordered-list a-vertical a-spacing-mini\">\n<li class=\"a-spacing-mini\"><span class=\"a-list-item\">[Outil de soin de la peau id\u00e9al] Cet instrument de luminoth\u00e9rapie \u00e0 LED est un outil de soin de la peau id\u00e9al, qui peut r\u00e9duire la pigmentation, r\u00e9duire les taches, r\u00e9parer la peau et nourrir en profondeur.<\/span><\/li>\n<li class=\"a-spacing-mini\"><span class=\"a-list-item\">[Phototh\u00e9rapie LED] Cette machine de beaut\u00e9 naturelle utilise la phototh\u00e9rapie LED pour acc\u00e9l\u00e9rer la circulation cutan\u00e9e, pr\u00e9venir le vieillissement, aucun effet secondaire, la sant\u00e9 et la s\u00e9curit\u00e9.<\/span><\/li>\n<li class=\"a-spacing-mini\"><span class=\"a-list-item\">[LED 7 couleurs] Cet instrument de beaut\u00e9 LED combine des lumi\u00e8res LED 7 couleurs avec diff\u00e9rentes longueurs d&#8217;onde pour r\u00e9soudre les probl\u00e8mes de lumi\u00e8re de la peau et restaurer une apparence jeune.<\/span><\/li>\n<li class=\"a-spacing-mini\"><span class=\"a-list-item\">[S\u00fbr et indolore] Cet appareil de soin de la peau peut r\u00e9duire efficacement les rides et le rel\u00e2chement, r\u00e9duire les pores, am\u00e9liorer la peau grasse et am\u00e9liorer et raffermir la peau. Ce traitement \u00e0 court terme est facile \u00e0 utiliser, il n&#8217;y a aucun danger de br\u00fblures, il est confortable et indolore.<\/span><\/li>\n<li class=\"a-spacing-mini\"><span class=\"a-list-item\">[Multifonctionnel] Cet instrument de beaut\u00e9 LED 7 couleurs a une belle apparence et un design unique, adapt\u00e9 pour traiter l&#8217;acn\u00e9, le visage, la variole, les pores et \u00e9liminer les points noirs.\u00a0<\/span><\/li>\n<\/ul>\n<\/div>\n<div>Description du produit<\/div>\n<div class=\"celwidget aplus-module 3p-module-b aplus-standard\" data-csa-c-id=\"ujizeg-hi6ch-zagc7x-8xlmpw\" data-cel-widget=\"aplus-3p-module-b\">\n<div class=\"aplus-module-wrapper aplus-3p-fixed-width\">\n<div class=\"aplus-v2 desktop celwidget\" data-cel-widget=\"aplus\" data-csa-c-id=\"x16rsc-7d8uzv-lypbgl-z558b9\">\n<div class=\"celwidget aplus-module 3p-module-b aplus-standard\" data-cel-widget=\"aplus-3p-module-b\" data-csa-c-id=\"b2820e-ssazr6-jgjzsj-kbi6kx\">\n<div class=\"aplus-module-wrapper aplus-3p-fixed-width\"><img decoding=\"async\" class=\"a-spacing-base\" src=\"https:\/\/m.media-amazon.com\/images\/S\/aplus-media-library-service-media\/e179576a-2cf9-44c5-a977-cd68c370965c.__CR0,0,970,600_PT0_SX970_V1___.png\" alt=\"1\" data-src=\"https:\/\/m.media-amazon.com\/images\/S\/aplus-media-library-service-media\/e179576a-2cf9-44c5-a977-cd68c370965c.__CR0,0,970,600_PT0_SX970_V1___.png\" \/><\/div>\n<\/div>\n<div class=\"celwidget aplus-module 3p-module-b aplus-standard\" data-cel-widget=\"aplus-3p-module-b\" data-csa-c-id=\"32mnt4-hgxl2x-otvffe-hezs5r\">\n<div class=\"aplus-module-wrapper aplus-3p-fixed-width\"><img decoding=\"async\" class=\"a-spacing-base\" src=\"https:\/\/m.media-amazon.com\/images\/S\/aplus-media-library-service-media\/a1efdd89-9295-4946-89b2-619040541aea.__CR0,0,970,600_PT0_SX970_V1___.png\" alt=\"2\" data-src=\"https:\/\/m.media-amazon.com\/images\/S\/aplus-media-library-service-media\/a1efdd89-9295-4946-89b2-619040541aea.__CR0,0,970,600_PT0_SX970_V1___.png\" \/><\/div>\n<\/div>\n<div class=\"celwidget aplus-module 3p-module-b aplus-standard\" data-cel-widget=\"aplus-3p-module-b\" data-csa-c-id=\"awdksh-46ih90-dm93v3-1e76go\">\n<div class=\"aplus-module-wrapper aplus-3p-fixed-width\"><img decoding=\"async\" class=\"a-spacing-base\" src=\"https:\/\/m.media-amazon.com\/images\/S\/aplus-media-library-service-media\/97d1b659-a441-4f6e-b198-3e7cb1781a9e.__CR0,0,970,600_PT0_SX970_V1___.png\" alt=\"3\" data-src=\"https:\/\/m.media-amazon.com\/images\/S\/aplus-media-library-service-media\/97d1b659-a441-4f6e-b198-3e7cb1781a9e.__CR0,0,970,600_PT0_SX970_V1___.png\" \/><\/div>\n<\/div>\n<div class=\"celwidget aplus-module 3p-module-b aplus-standard\" data-cel-widget=\"aplus-3p-module-b\" data-csa-c-id=\"sg0n1i-2muevr-sr52c0-ucq6m2\">\n<div class=\"aplus-module-wrapper aplus-3p-fixed-width\"><img decoding=\"async\" class=\"a-spacing-base\" src=\"https:\/\/m.media-amazon.com\/images\/S\/aplus-media-library-service-media\/bbe358ba-2dd4-4e5e-ad93-4ce89c1af217.__CR0,0,970,600_PT0_SX970_V1___.png\" alt=\"4\" data-src=\"https:\/\/m.media-amazon.com\/images\/S\/aplus-media-library-service-media\/bbe358ba-2dd4-4e5e-ad93-4ce89c1af217.__CR0,0,970,600_PT0_SX970_V1___.png\" \/><\/div>\n<\/div>\n<div class=\"celwidget aplus-module 3p-module-b aplus-standard\" data-cel-widget=\"aplus-3p-module-b\" data-csa-c-id=\"3qh9f6-qh7xxa-bxmhhp-hqbbti\">\n<div class=\"aplus-module-wrapper aplus-3p-fixed-width\"><img decoding=\"async\" class=\"a-spacing-base\" src=\"https:\/\/m.media-amazon.com\/images\/S\/aplus-media-library-service-media\/54ef7751-da24-46da-a273-40e2bfd7cff2.__CR0,0,970,600_PT0_SX970_V1___.png\" alt=\"5\" data-src=\"https:\/\/m.media-amazon.com\/images\/S\/aplus-media-library-service-media\/54ef7751-da24-46da-a273-40e2bfd7cff2.__CR0,0,970,600_PT0_SX970_V1___.png\" \/><\/div>\n<\/div>\n<\/div>\n<\/div>\n<\/div>\n<div class=\"celwidget aplus-module 3p-module-b aplus-standard\" data-csa-c-id=\"k9t13p-nugn09-xfgf1y-3y8407\" data-cel-widget=\"aplus-3p-module-b\">\n<div class=\"aplus-module-wrapper aplus-3p-fixed-width\"><\/div>\n<\/div>\n<div class=\"celwidget aplus-module 3p-module-b aplus-standard\" data-csa-c-id=\"nab9e5-siiwll-hufggm-ijkwmx\" data-cel-widget=\"aplus-3p-module-b\">\n<div class=\"aplus-module-wrapper aplus-3p-fixed-width\"><\/div>\n<\/div>\n","protected":false},"excerpt":{"rendered":"<p>[Outil de soin de la peau id\u00e9al] Cet instrument de luminoth\u00e9rapie \u00e0 LED est un outil de soin de la peau id\u00e9al, qui peut r\u00e9duire la pigmentation, r\u00e9duire les taches, r\u00e9parer la peau et nourrir en profondeur. [Phototh\u00e9rapie LED] Cette machine de beaut\u00e9 naturelle utilise la phototh\u00e9rapie LED pour acc\u00e9l\u00e9rer la circulation cutan\u00e9e, pr\u00e9venir le &hellip;<\/p>\n<p class=\"read-more\"> <a class=\" thunk-readmore button \" href=\"https:\/\/investmedic-store.com\/?product=tunnel-led-pdt-7-couleurs-carre\"> <span class=\"screen-reader-text\">TUNNEL LED PDT 7 COULEURS CARRE<\/span>Read More<\/a><\/p>\n","protected":false},"featured_media":2032,"comment_status":"open","ping_status":"closed","template":"","meta":{"om_disable_all_campaigns":false,"_joinchat":[]},"product_cat":[15,162],"product_tag":[],"yoast_head":"<!-- This site is optimized with the Yoast SEO plugin v20.12 - https:\/\/yoast.com\/wordpress\/plugins\/seo\/ -->\n<title>TUNNEL LED PDT 7 COULEURS CARRE - investmedic-store.com<\/title>\n<meta name=\"robots\" content=\"index, follow, max-snippet:-1, max-image-preview:large, max-video-preview:-1\" \/>\n<link rel=\"canonical\" href=\"https:\/\/investmedic-store.com\/?product=tunnel-led-pdt-7-couleurs-carre\" \/>\n<meta property=\"og:locale\" content=\"fr_FR\" \/>\n<meta property=\"og:type\" content=\"article\" \/>\n<meta property=\"og:title\" content=\"TUNNEL LED PDT 7 COULEURS CARRE - investmedic-store.com\" \/>\n<meta property=\"og:description\" content=\"[Outil de soin de la peau id\u00e9al] Cet instrument de luminoth\u00e9rapie \u00e0 LED est un outil de soin de la peau id\u00e9al, qui peut r\u00e9duire la pigmentation, r\u00e9duire les taches, r\u00e9parer la peau et nourrir en profondeur. [Phototh\u00e9rapie LED] Cette machine de beaut\u00e9 naturelle utilise la phototh\u00e9rapie LED pour acc\u00e9l\u00e9rer la circulation cutan\u00e9e, pr\u00e9venir le &hellip; TUNNEL LED PDT 7 COULEURS CARRERead More\" \/>\n<meta property=\"og:url\" content=\"https:\/\/investmedic-store.com\/?product=tunnel-led-pdt-7-couleurs-carre\" \/>\n<meta property=\"og:site_name\" content=\"investmedic-store.com\" \/>\n<meta property=\"article:publisher\" content=\"https:\/\/www.facebook.com\/invest.medic\" \/>\n<meta property=\"article:modified_time\" content=\"2023-09-04T18:52:51+00:00\" \/>\n<meta property=\"og:image\" content=\"http:\/\/investmedic-store.com\/wp-content\/uploads\/2023\/09\/photo_2023-09-03_23-09-41.jpg\" \/>\n\t<meta property=\"og:image:width\" content=\"750\" \/>\n\t<meta property=\"og:image:height\" content=\"750\" \/>\n\t<meta property=\"og:image:type\" content=\"image\/jpeg\" \/>\n<meta name=\"twitter:card\" content=\"summary_large_image\" \/>\n<meta name=\"twitter:label1\" content=\"Dur\u00e9e de lecture estim\u00e9e\" \/>\n\t<meta name=\"twitter:data1\" content=\"2 minutes\" \/>\n<script type=\"application\/ld+json\" class=\"yoast-schema-graph\">{\"@context\":\"https:\/\/schema.org\",\"@graph\":[{\"@type\":\"WebPage\",\"@id\":\"https:\/\/investmedic-store.com\/?product=tunnel-led-pdt-7-couleurs-carre\",\"url\":\"https:\/\/investmedic-store.com\/?product=tunnel-led-pdt-7-couleurs-carre\",\"name\":\"TUNNEL LED PDT 7 COULEURS CARRE - investmedic-store.com\",\"isPartOf\":{\"@id\":\"https:\/\/investmedic-store.com\/#website\"},\"datePublished\":\"2023-09-03T22:20:53+00:00\",\"dateModified\":\"2023-09-04T18:52:51+00:00\",\"breadcrumb\":{\"@id\":\"https:\/\/investmedic-store.com\/?product=tunnel-led-pdt-7-couleurs-carre#breadcrumb\"},\"inLanguage\":\"fr-FR\",\"potentialAction\":[{\"@type\":\"ReadAction\",\"target\":[\"https:\/\/investmedic-store.com\/?product=tunnel-led-pdt-7-couleurs-carre\"]}]},{\"@type\":\"BreadcrumbList\",\"@id\":\"https:\/\/investmedic-store.com\/?product=tunnel-led-pdt-7-couleurs-carre#breadcrumb\",\"itemListElement\":[{\"@type\":\"ListItem\",\"position\":1,\"name\":\"Accueil\",\"item\":\"https:\/\/investmedic-store.com\/\"},{\"@type\":\"ListItem\",\"position\":2,\"name\":\"Shop\",\"item\":\"https:\/\/investmedic-store.com\/?page_id=5\"},{\"@type\":\"ListItem\",\"position\":3,\"name\":\"TUNNEL LED PDT 7 COULEURS CARRE\"}]},{\"@type\":\"WebSite\",\"@id\":\"https:\/\/investmedic-store.com\/#website\",\"url\":\"https:\/\/investmedic-store.com\/\",\"name\":\"invest medic store\",\"description\":\"Importation &amp; Distribution Du Materiels Medico-Chirurgicales - \u0627\u0633\u062a\u064a\u0631\u0627\u062f \u0648\u062a\u0648\u0632\u064a\u0639 \u0627\u0644\u0645\u0648\u0627\u062f \u0627\u0644\u0637\u0628\u064a\u0629 \u0627\u0644\u062c\u0631\u0627\u062d\u064a\u0629\",\"publisher\":{\"@id\":\"https:\/\/investmedic-store.com\/#organization\"},\"alternateName\":\"investmedic store\",\"potentialAction\":[{\"@type\":\"SearchAction\",\"target\":{\"@type\":\"EntryPoint\",\"urlTemplate\":\"https:\/\/investmedic-store.com\/?s={search_term_string}\"},\"query-input\":\"required name=search_term_string\"}],\"inLanguage\":\"fr-FR\"},{\"@type\":\"Organization\",\"@id\":\"https:\/\/investmedic-store.com\/#organization\",\"name\":\"invest.medic store\",\"alternateName\":\"investmedic store\",\"url\":\"https:\/\/investmedic-store.com\/\",\"logo\":{\"@type\":\"ImageObject\",\"inLanguage\":\"fr-FR\",\"@id\":\"https:\/\/investmedic-store.com\/#\/schema\/logo\/image\/\",\"url\":\"https:\/\/investmedic-store.com\/wp-content\/uploads\/2023\/07\/cropped-LOGO_INVEST-transformed-removebg-preview-transformed-1-e1690120839263.png\",\"contentUrl\":\"https:\/\/investmedic-store.com\/wp-content\/uploads\/2023\/07\/cropped-LOGO_INVEST-transformed-removebg-preview-transformed-1-e1690120839263.png\",\"width\":512,\"height\":512,\"caption\":\"invest.medic store\"},\"image\":{\"@id\":\"https:\/\/investmedic-store.com\/#\/schema\/logo\/image\/\"},\"sameAs\":[\"https:\/\/www.facebook.com\/invest.medic\"]}]}<\/script>\n<!-- \/ Yoast SEO plugin. -->","yoast_head_json":{"title":"TUNNEL LED PDT 7 COULEURS CARRE - investmedic-store.com","robots":{"index":"index","follow":"follow","max-snippet":"max-snippet:-1","max-image-preview":"max-image-preview:large","max-video-preview":"max-video-preview:-1"},"canonical":"https:\/\/investmedic-store.com\/?product=tunnel-led-pdt-7-couleurs-carre","og_locale":"fr_FR","og_type":"article","og_title":"TUNNEL LED PDT 7 COULEURS CARRE - investmedic-store.com","og_description":"[Outil de soin de la peau id\u00e9al] Cet instrument de luminoth\u00e9rapie \u00e0 LED est un outil de soin de la peau id\u00e9al, qui peut r\u00e9duire la pigmentation, r\u00e9duire les taches, r\u00e9parer la peau et nourrir en profondeur. [Phototh\u00e9rapie LED] Cette machine de beaut\u00e9 naturelle utilise la phototh\u00e9rapie LED pour acc\u00e9l\u00e9rer la circulation cutan\u00e9e, pr\u00e9venir le &hellip; TUNNEL LED PDT 7 COULEURS CARRERead More","og_url":"https:\/\/investmedic-store.com\/?product=tunnel-led-pdt-7-couleurs-carre","og_site_name":"investmedic-store.com","article_publisher":"https:\/\/www.facebook.com\/invest.medic","article_modified_time":"2023-09-04T18:52:51+00:00","og_image":[{"width":750,"height":750,"url":"http:\/\/investmedic-store.com\/wp-content\/uploads\/2023\/09\/photo_2023-09-03_23-09-41.jpg","type":"image\/jpeg"}],"twitter_card":"summary_large_image","twitter_misc":{"Dur\u00e9e de lecture estim\u00e9e":"2 minutes"},"schema":{"@context":"https:\/\/schema.org","@graph":[{"@type":"WebPage","@id":"https:\/\/investmedic-store.com\/?product=tunnel-led-pdt-7-couleurs-carre","url":"https:\/\/investmedic-store.com\/?product=tunnel-led-pdt-7-couleurs-carre","name":"TUNNEL LED PDT 7 COULEURS CARRE - investmedic-store.com","isPartOf":{"@id":"https:\/\/investmedic-store.com\/#website"},"datePublished":"2023-09-03T22:20:53+00:00","dateModified":"2023-09-04T18:52:51+00:00","breadcrumb":{"@id":"https:\/\/investmedic-store.com\/?product=tunnel-led-pdt-7-couleurs-carre#breadcrumb"},"inLanguage":"fr-FR","potentialAction":[{"@type":"ReadAction","target":["https:\/\/investmedic-store.com\/?product=tunnel-led-pdt-7-couleurs-carre"]}]},{"@type":"BreadcrumbList","@id":"https:\/\/investmedic-store.com\/?product=tunnel-led-pdt-7-couleurs-carre#breadcrumb","itemListElement":[{"@type":"ListItem","position":1,"name":"Accueil","item":"https:\/\/investmedic-store.com\/"},{"@type":"ListItem","position":2,"name":"Shop","item":"https:\/\/investmedic-store.com\/?page_id=5"},{"@type":"ListItem","position":3,"name":"TUNNEL LED PDT 7 COULEURS CARRE"}]},{"@type":"WebSite","@id":"https:\/\/investmedic-store.com\/#website","url":"https:\/\/investmedic-store.com\/","name":"invest medic store","description":"Importation &amp; Distribution Du Materiels Medico-Chirurgicales - \u0627\u0633\u062a\u064a\u0631\u0627\u062f \u0648\u062a\u0648\u0632\u064a\u0639 \u0627\u0644\u0645\u0648\u0627\u062f \u0627\u0644\u0637\u0628\u064a\u0629 \u0627\u0644\u062c\u0631\u0627\u062d\u064a\u0629","publisher":{"@id":"https:\/\/investmedic-store.com\/#organization"},"alternateName":"investmedic store","potentialAction":[{"@type":"SearchAction","target":{"@type":"EntryPoint","urlTemplate":"https:\/\/investmedic-store.com\/?s={search_term_string}"},"query-input":"required name=search_term_string"}],"inLanguage":"fr-FR"},{"@type":"Organization","@id":"https:\/\/investmedic-store.com\/#organization","name":"invest.medic store","alternateName":"investmedic store","url":"https:\/\/investmedic-store.com\/","logo":{"@type":"ImageObject","inLanguage":"fr-FR","@id":"https:\/\/investmedic-store.com\/#\/schema\/logo\/image\/","url":"https:\/\/investmedic-store.com\/wp-content\/uploads\/2023\/07\/cropped-LOGO_INVEST-transformed-removebg-preview-transformed-1-e1690120839263.png","contentUrl":"https:\/\/investmedic-store.com\/wp-content\/uploads\/2023\/07\/cropped-LOGO_INVEST-transformed-removebg-preview-transformed-1-e1690120839263.png","width":512,"height":512,"caption":"invest.medic store"},"image":{"@id":"https:\/\/investmedic-store.com\/#\/schema\/logo\/image\/"},"sameAs":["https:\/\/www.facebook.com\/invest.medic"]}]}},"_links":{"self":[{"href":"https:\/\/investmedic-store.com\/index.php?rest_route=\/wp\/v2\/product\/2031"}],"collection":[{"href":"https:\/\/investmedic-store.com\/index.php?rest_route=\/wp\/v2\/product"}],"about":[{"href":"https:\/\/investmedic-store.com\/index.php?rest_route=\/wp\/v2\/types\/product"}],"replies":[{"embeddable":true,"href":"https:\/\/investmedic-store.com\/index.php?rest_route=%2Fwp%2Fv2%2Fcomments&post=2031"}],"wp:featuredmedia":[{"embeddable":true,"href":"https:\/\/investmedic-store.com\/index.php?rest_route=\/wp\/v2\/media\/2032"}],"wp:attachment":[{"href":"https:\/\/investmedic-store.com\/index.php?rest_route=%2Fwp%2Fv2%2Fmedia&parent=2031"}],"wp:term":[{"taxonomy":"product_cat","embeddable":true,"href":"https:\/\/investmedic-store.com\/index.php?rest_route=%2Fwp%2Fv2%2Fproduct_cat&post=2031"},{"taxonomy":"product_tag","embeddable":true,"href":"https:\/\/investmedic-store.com\/index.php?rest_route=%2Fwp%2Fv2%2Fproduct_tag&post=2031"}],"curies":[{"name":"wp","href":"https:\/\/api.w.org\/{rel}","templated":true}]}}