{"id":1991,"date":"2023-08-30T13:45:35","date_gmt":"2023-08-30T12:45:35","guid":{"rendered":"https:\/\/investmedic-store.com\/?post_type=product&#038;p=1991"},"modified":"2023-09-04T20:16:05","modified_gmt":"2023-09-04T19:16:05","slug":"2-in-1-plasma-shower","status":"publish","type":"product","link":"https:\/\/investmedic-store.com\/?product=2-in-1-plasma-shower","title":{"rendered":"2 IN 1 PLASMA SHOWER"},"content":{"rendered":"<p>La structure du produit<\/p>\n<p>2 IN 1 PLASMA SHOWER<br \/>\n1. Astuce pour la douche : diffusez l\u2019\u00e9nergie sur une zone plus large.<br \/>\n2. Bouton de tir\u00a0: bouton d&#8217;op\u00e9ration de sortie.<br \/>\n3. Lampe d&#8217;affichage : indique la sortie.<br \/>\nChirurgical au plasma<br \/>\n1. Astuce chirurgicale\u00a0: d\u00e9livrez l\u2019\u00e9nergie \u00e0 une zone sp\u00e9cifique.<br \/>\n2. Bouton de tir\u00a0: bouton d&#8217;op\u00e9ration de sortie.<br \/>\n3. Lampe d&#8217;affichage : indique la sortie.<br \/>\n4. Lampes \u00e9clairantes : \u00e9clairent la zone de traitement.<\/p>\n<p>Caract\u00e9ristiques des machines \u00e0 plasma<\/p>\n<p>1. Technologies (2 en 1)\u00a0: syst\u00e8me Plasma BT et \u00e9lectrique haute fr\u00e9quence<br \/>\n2. Effet de traitement imm\u00e9diat\u00a0;<br \/>\n3. Effet permanent ;<br \/>\n4. Resserrement non chirurgical efficace de la peau\u00a0;<br \/>\n5. Effets secondaires et temps d\u2019arr\u00eat minimes\u00a0;<br \/>\n6. Peut \u00eatre utilis\u00e9 n\u2019importe o\u00f9 sur le corps\u00a0;<\/p>\n<p>Pr\u00e9sentation du produit<br \/>\nLe plasma est le quatri\u00e8me gaz hautement dissoci\u00e9, qui diff\u00e8re des solides, des liquides et des gaz. Il agit en fournissant des impulsions millisecondes de plasma \u00e0 base d&#8217;azote \u00e0 la peau, stimulant les cellules fibroblastiques \u00e0 produire plus de collag\u00e8ne pour obtenir une peau lift\u00e9e, plus jeune et plus lisse.<br \/>\nFonctions plasmatiques<br \/>\n1. Antibact\u00e9rien\u00a0;<br \/>\n2. Dilution de la pigmentation\u00a0;<br \/>\n3. Rajeunissement et raffermissement de la peau\u00a0;<br \/>\n4. Suppression des rides\/plis du visage\u00a0;<br \/>\nAvant apr\u00e8s<\/p>\n","protected":false},"excerpt":{"rendered":"<p>La structure du produit 2 IN 1 PLASMA SHOWER 1. Astuce pour la douche : diffusez l\u2019\u00e9nergie sur une zone plus large. 2. Bouton de tir\u00a0: bouton d&#8217;op\u00e9ration de sortie. 3. Lampe d&#8217;affichage : indique la sortie. Chirurgical au plasma 1. Astuce chirurgicale\u00a0: d\u00e9livrez l\u2019\u00e9nergie \u00e0 une zone sp\u00e9cifique. 2. Bouton de tir\u00a0: bouton d&#8217;op\u00e9ration &hellip;<\/p>\n<p class=\"read-more\"> <a class=\" thunk-readmore button \" href=\"https:\/\/investmedic-store.com\/?product=2-in-1-plasma-shower\"> <span class=\"screen-reader-text\">2 IN 1 PLASMA SHOWER<\/span>Read More<\/a><\/p>\n","protected":false},"featured_media":1992,"comment_status":"open","ping_status":"closed","template":"","meta":{"om_disable_all_campaigns":false,"_joinchat":[]},"product_cat":[15,162],"product_tag":[],"yoast_head":"<!-- This site is optimized with the Yoast SEO plugin v20.12 - https:\/\/yoast.com\/wordpress\/plugins\/seo\/ -->\n<title>2 IN 1 PLASMA SHOWER - investmedic-store.com<\/title>\n<meta name=\"robots\" content=\"index, follow, max-snippet:-1, max-image-preview:large, max-video-preview:-1\" \/>\n<link rel=\"canonical\" href=\"https:\/\/investmedic-store.com\/?product=2-in-1-plasma-shower\" \/>\n<meta property=\"og:locale\" content=\"fr_FR\" \/>\n<meta property=\"og:type\" content=\"article\" \/>\n<meta property=\"og:title\" content=\"2 IN 1 PLASMA SHOWER - investmedic-store.com\" \/>\n<meta property=\"og:description\" content=\"La structure du produit 2 IN 1 PLASMA SHOWER 1. Astuce pour la douche : diffusez l\u2019\u00e9nergie sur une zone plus large. 2. Bouton de tir\u00a0: bouton d&#8217;op\u00e9ration de sortie. 3. Lampe d&#8217;affichage : indique la sortie. Chirurgical au plasma 1. Astuce chirurgicale\u00a0: d\u00e9livrez l\u2019\u00e9nergie \u00e0 une zone sp\u00e9cifique. 2. Bouton de tir\u00a0: bouton d&#8217;op\u00e9ration &hellip; 2 IN 1 PLASMA SHOWERRead More\" \/>\n<meta property=\"og:url\" content=\"https:\/\/investmedic-store.com\/?product=2-in-1-plasma-shower\" \/>\n<meta property=\"og:site_name\" content=\"investmedic-store.com\" \/>\n<meta property=\"article:publisher\" content=\"https:\/\/www.facebook.com\/invest.medic\" \/>\n<meta property=\"article:modified_time\" content=\"2023-09-04T19:16:05+00:00\" \/>\n<meta property=\"og:image\" content=\"http:\/\/investmedic-store.com\/wp-content\/uploads\/2023\/08\/photo_2023-08-30_13-41-35.jpg\" \/>\n\t<meta property=\"og:image:width\" content=\"800\" \/>\n\t<meta property=\"og:image:height\" content=\"800\" \/>\n\t<meta property=\"og:image:type\" content=\"image\/jpeg\" \/>\n<meta name=\"twitter:card\" content=\"summary_large_image\" \/>\n<meta name=\"twitter:label1\" content=\"Dur\u00e9e de lecture estim\u00e9e\" \/>\n\t<meta name=\"twitter:data1\" content=\"2 minutes\" \/>\n<script type=\"application\/ld+json\" class=\"yoast-schema-graph\">{\"@context\":\"https:\/\/schema.org\",\"@graph\":[{\"@type\":\"WebPage\",\"@id\":\"https:\/\/investmedic-store.com\/?product=2-in-1-plasma-shower\",\"url\":\"https:\/\/investmedic-store.com\/?product=2-in-1-plasma-shower\",\"name\":\"2 IN 1 PLASMA SHOWER - investmedic-store.com\",\"isPartOf\":{\"@id\":\"https:\/\/investmedic-store.com\/#website\"},\"datePublished\":\"2023-08-30T12:45:35+00:00\",\"dateModified\":\"2023-09-04T19:16:05+00:00\",\"breadcrumb\":{\"@id\":\"https:\/\/investmedic-store.com\/?product=2-in-1-plasma-shower#breadcrumb\"},\"inLanguage\":\"fr-FR\",\"potentialAction\":[{\"@type\":\"ReadAction\",\"target\":[\"https:\/\/investmedic-store.com\/?product=2-in-1-plasma-shower\"]}]},{\"@type\":\"BreadcrumbList\",\"@id\":\"https:\/\/investmedic-store.com\/?product=2-in-1-plasma-shower#breadcrumb\",\"itemListElement\":[{\"@type\":\"ListItem\",\"position\":1,\"name\":\"Accueil\",\"item\":\"https:\/\/investmedic-store.com\/\"},{\"@type\":\"ListItem\",\"position\":2,\"name\":\"Shop\",\"item\":\"https:\/\/investmedic-store.com\/?page_id=5\"},{\"@type\":\"ListItem\",\"position\":3,\"name\":\"2 IN 1 PLASMA SHOWER\"}]},{\"@type\":\"WebSite\",\"@id\":\"https:\/\/investmedic-store.com\/#website\",\"url\":\"https:\/\/investmedic-store.com\/\",\"name\":\"invest medic store\",\"description\":\"Importation &amp; Distribution Du Materiels Medico-Chirurgicales - \u0627\u0633\u062a\u064a\u0631\u0627\u062f \u0648\u062a\u0648\u0632\u064a\u0639 \u0627\u0644\u0645\u0648\u0627\u062f \u0627\u0644\u0637\u0628\u064a\u0629 \u0627\u0644\u062c\u0631\u0627\u062d\u064a\u0629\",\"publisher\":{\"@id\":\"https:\/\/investmedic-store.com\/#organization\"},\"alternateName\":\"investmedic store\",\"potentialAction\":[{\"@type\":\"SearchAction\",\"target\":{\"@type\":\"EntryPoint\",\"urlTemplate\":\"https:\/\/investmedic-store.com\/?s={search_term_string}\"},\"query-input\":\"required name=search_term_string\"}],\"inLanguage\":\"fr-FR\"},{\"@type\":\"Organization\",\"@id\":\"https:\/\/investmedic-store.com\/#organization\",\"name\":\"invest.medic store\",\"alternateName\":\"investmedic store\",\"url\":\"https:\/\/investmedic-store.com\/\",\"logo\":{\"@type\":\"ImageObject\",\"inLanguage\":\"fr-FR\",\"@id\":\"https:\/\/investmedic-store.com\/#\/schema\/logo\/image\/\",\"url\":\"https:\/\/investmedic-store.com\/wp-content\/uploads\/2023\/07\/cropped-LOGO_INVEST-transformed-removebg-preview-transformed-1-e1690120839263.png\",\"contentUrl\":\"https:\/\/investmedic-store.com\/wp-content\/uploads\/2023\/07\/cropped-LOGO_INVEST-transformed-removebg-preview-transformed-1-e1690120839263.png\",\"width\":512,\"height\":512,\"caption\":\"invest.medic store\"},\"image\":{\"@id\":\"https:\/\/investmedic-store.com\/#\/schema\/logo\/image\/\"},\"sameAs\":[\"https:\/\/www.facebook.com\/invest.medic\"]}]}<\/script>\n<!-- \/ Yoast SEO plugin. -->","yoast_head_json":{"title":"2 IN 1 PLASMA SHOWER - investmedic-store.com","robots":{"index":"index","follow":"follow","max-snippet":"max-snippet:-1","max-image-preview":"max-image-preview:large","max-video-preview":"max-video-preview:-1"},"canonical":"https:\/\/investmedic-store.com\/?product=2-in-1-plasma-shower","og_locale":"fr_FR","og_type":"article","og_title":"2 IN 1 PLASMA SHOWER - investmedic-store.com","og_description":"La structure du produit 2 IN 1 PLASMA SHOWER 1. Astuce pour la douche : diffusez l\u2019\u00e9nergie sur une zone plus large. 2. Bouton de tir\u00a0: bouton d&#8217;op\u00e9ration de sortie. 3. Lampe d&#8217;affichage : indique la sortie. Chirurgical au plasma 1. Astuce chirurgicale\u00a0: d\u00e9livrez l\u2019\u00e9nergie \u00e0 une zone sp\u00e9cifique. 2. Bouton de tir\u00a0: bouton d&#8217;op\u00e9ration &hellip; 2 IN 1 PLASMA SHOWERRead More","og_url":"https:\/\/investmedic-store.com\/?product=2-in-1-plasma-shower","og_site_name":"investmedic-store.com","article_publisher":"https:\/\/www.facebook.com\/invest.medic","article_modified_time":"2023-09-04T19:16:05+00:00","og_image":[{"width":800,"height":800,"url":"http:\/\/investmedic-store.com\/wp-content\/uploads\/2023\/08\/photo_2023-08-30_13-41-35.jpg","type":"image\/jpeg"}],"twitter_card":"summary_large_image","twitter_misc":{"Dur\u00e9e de lecture estim\u00e9e":"2 minutes"},"schema":{"@context":"https:\/\/schema.org","@graph":[{"@type":"WebPage","@id":"https:\/\/investmedic-store.com\/?product=2-in-1-plasma-shower","url":"https:\/\/investmedic-store.com\/?product=2-in-1-plasma-shower","name":"2 IN 1 PLASMA SHOWER - investmedic-store.com","isPartOf":{"@id":"https:\/\/investmedic-store.com\/#website"},"datePublished":"2023-08-30T12:45:35+00:00","dateModified":"2023-09-04T19:16:05+00:00","breadcrumb":{"@id":"https:\/\/investmedic-store.com\/?product=2-in-1-plasma-shower#breadcrumb"},"inLanguage":"fr-FR","potentialAction":[{"@type":"ReadAction","target":["https:\/\/investmedic-store.com\/?product=2-in-1-plasma-shower"]}]},{"@type":"BreadcrumbList","@id":"https:\/\/investmedic-store.com\/?product=2-in-1-plasma-shower#breadcrumb","itemListElement":[{"@type":"ListItem","position":1,"name":"Accueil","item":"https:\/\/investmedic-store.com\/"},{"@type":"ListItem","position":2,"name":"Shop","item":"https:\/\/investmedic-store.com\/?page_id=5"},{"@type":"ListItem","position":3,"name":"2 IN 1 PLASMA SHOWER"}]},{"@type":"WebSite","@id":"https:\/\/investmedic-store.com\/#website","url":"https:\/\/investmedic-store.com\/","name":"invest medic store","description":"Importation &amp; Distribution Du Materiels Medico-Chirurgicales - \u0627\u0633\u062a\u064a\u0631\u0627\u062f \u0648\u062a\u0648\u0632\u064a\u0639 \u0627\u0644\u0645\u0648\u0627\u062f \u0627\u0644\u0637\u0628\u064a\u0629 \u0627\u0644\u062c\u0631\u0627\u062d\u064a\u0629","publisher":{"@id":"https:\/\/investmedic-store.com\/#organization"},"alternateName":"investmedic store","potentialAction":[{"@type":"SearchAction","target":{"@type":"EntryPoint","urlTemplate":"https:\/\/investmedic-store.com\/?s={search_term_string}"},"query-input":"required name=search_term_string"}],"inLanguage":"fr-FR"},{"@type":"Organization","@id":"https:\/\/investmedic-store.com\/#organization","name":"invest.medic store","alternateName":"investmedic store","url":"https:\/\/investmedic-store.com\/","logo":{"@type":"ImageObject","inLanguage":"fr-FR","@id":"https:\/\/investmedic-store.com\/#\/schema\/logo\/image\/","url":"https:\/\/investmedic-store.com\/wp-content\/uploads\/2023\/07\/cropped-LOGO_INVEST-transformed-removebg-preview-transformed-1-e1690120839263.png","contentUrl":"https:\/\/investmedic-store.com\/wp-content\/uploads\/2023\/07\/cropped-LOGO_INVEST-transformed-removebg-preview-transformed-1-e1690120839263.png","width":512,"height":512,"caption":"invest.medic store"},"image":{"@id":"https:\/\/investmedic-store.com\/#\/schema\/logo\/image\/"},"sameAs":["https:\/\/www.facebook.com\/invest.medic"]}]}},"_links":{"self":[{"href":"https:\/\/investmedic-store.com\/index.php?rest_route=\/wp\/v2\/product\/1991"}],"collection":[{"href":"https:\/\/investmedic-store.com\/index.php?rest_route=\/wp\/v2\/product"}],"about":[{"href":"https:\/\/investmedic-store.com\/index.php?rest_route=\/wp\/v2\/types\/product"}],"replies":[{"embeddable":true,"href":"https:\/\/investmedic-store.com\/index.php?rest_route=%2Fwp%2Fv2%2Fcomments&post=1991"}],"wp:featuredmedia":[{"embeddable":true,"href":"https:\/\/investmedic-store.com\/index.php?rest_route=\/wp\/v2\/media\/1992"}],"wp:attachment":[{"href":"https:\/\/investmedic-store.com\/index.php?rest_route=%2Fwp%2Fv2%2Fmedia&parent=1991"}],"wp:term":[{"taxonomy":"product_cat","embeddable":true,"href":"https:\/\/investmedic-store.com\/index.php?rest_route=%2Fwp%2Fv2%2Fproduct_cat&post=1991"},{"taxonomy":"product_tag","embeddable":true,"href":"https:\/\/investmedic-store.com\/index.php?rest_route=%2Fwp%2Fv2%2Fproduct_tag&post=1991"}],"curies":[{"name":"wp","href":"https:\/\/api.w.org\/{rel}","templated":true}]}}