{"id":1983,"date":"2023-08-30T13:22:24","date_gmt":"2023-08-30T12:22:24","guid":{"rendered":"https:\/\/investmedic-store.com\/?post_type=product&#038;p=1983"},"modified":"2023-08-30T13:22:24","modified_gmt":"2023-08-30T12:22:24","slug":"ln-63-pressotherapy-machine","status":"publish","type":"product","link":"https:\/\/investmedic-store.com\/?product=ln-63-pressotherapy-machine","title":{"rendered":"LN-63 PRESSOTHERAPY MACHINE"},"content":{"rendered":"<p><strong>Principe<\/strong><\/p>\n<p>Cet appareil est un appareil de perte de poids multifonctions tr\u00e8s populaire, associ\u00e9 \u00e0 des fonctions de dissipation de la graisse dans l&#8217;infrarouge lointain, de drainage lymphatique par pressoth\u00e9rapie et de pression atmosph\u00e9rique, ainsi qu&#8217;\u00e0 la stimulation \u00e0 basse fr\u00e9quence.<\/p>\n<p><strong>1) Infrarouge lointain<\/strong><\/p>\n<p>Le traitement amincissant dans l&#8217;infrarouge lointain peut aider \u00e0 augmenter le taux m\u00e9tabolique de base, le moyen le plus rapide et naturel de perdre du poids.<\/p>\n<p>\u00c0 mesure que le corps se r\u00e9chauffe, en plus de la transpiration, le sang diminue et la vitesse \u00e0 laquelle il circule dans le corps augmente tandis que le corps tente de se refroidir. L&#8217;effet est d&#8217;\u00e9lever la temp\u00e9rature aux extr\u00e9mit\u00e9s du corps \u00e0 la m\u00eame temp\u00e9rature au centre du corps &#8211; une temp\u00e9rature \u00e0 laquelle la graisse corporelle peut \u00eatre d\u00e9compos\u00e9e.<\/p>\n<p><strong>2) pressoth\u00e9rapie<\/strong><\/p>\n<p>La pressoth\u00e9rapie, avec un ensemble d\u2019accessoires en tissu et 10 pi\u00e8ces d\u2019airbags, qui permet une pression par cycles ou globale pour le corps entier et certaines parties du corps, est un syst\u00e8me de compression con\u00e7u pour augmenter le lymphatique et am\u00e9liorer la clairance des liquides extra-cellulaires.<\/p>\n<p>Il est fortement recommand\u00e9 pour le traitement de la cellulite, une alternative s\u00fbre \u00e0 la liposuccion. Il soulage la douleur et l&#8217;enflure et procure un confort imm\u00e9diat. Il red\u00e9finit les jambes, le ventre et les bras tout en am\u00e9liorant le teint de la peau.<\/p>\n<p><strong>3) EMS<\/strong><\/p>\n<p>En cr\u00e9ant une impulsion \u00e9lectronique pour stimuler des points particuliers du corps, EMS (Electro Muscle Stimulation) peut r\u00e9guler efficacement les syst\u00e8mes bio\u00e9lectrique et endocrinien et acc\u00e9l\u00e9rer le m\u00e9tabolisme, en produisant un effet remarquable de perte de poids et de raffermissement de la peau.<\/p>\n<p><strong>Application principale<\/strong><\/p>\n<p>1. V\u00eatements de sauna infrarouge pour r\u00e9duire les graisses<\/p>\n<p>2. stimulation musculaire \u00e9lectronique pour raffermir la peau<\/p>\n<p>3. pressoth\u00e9rapie pour faire un massage et un traitement de la toxine<\/p>\n","protected":false},"excerpt":{"rendered":"<p>Principe Cet appareil est un appareil de perte de poids multifonctions tr\u00e8s populaire, associ\u00e9 \u00e0 des fonctions de dissipation de la graisse dans l&#8217;infrarouge lointain, de drainage lymphatique par pressoth\u00e9rapie et de pression atmosph\u00e9rique, ainsi qu&#8217;\u00e0 la stimulation \u00e0 basse fr\u00e9quence. 1) Infrarouge lointain Le traitement amincissant dans l&#8217;infrarouge lointain peut aider \u00e0 augmenter le &hellip;<\/p>\n<p class=\"read-more\"> <a class=\" thunk-readmore button \" href=\"https:\/\/investmedic-store.com\/?product=ln-63-pressotherapy-machine\"> <span class=\"screen-reader-text\">LN-63 PRESSOTHERAPY MACHINE<\/span>Read More<\/a><\/p>\n","protected":false},"featured_media":1984,"comment_status":"open","ping_status":"closed","template":"","meta":{"om_disable_all_campaigns":false,"_joinchat":[]},"product_cat":[15,165],"product_tag":[],"yoast_head":"<!-- This site is optimized with the Yoast SEO plugin v20.12 - https:\/\/yoast.com\/wordpress\/plugins\/seo\/ -->\n<title>LN-63 PRESSOTHERAPY MACHINE - investmedic-store.com<\/title>\n<meta name=\"robots\" content=\"index, follow, max-snippet:-1, max-image-preview:large, max-video-preview:-1\" \/>\n<link rel=\"canonical\" href=\"https:\/\/investmedic-store.com\/?product=ln-63-pressotherapy-machine\" \/>\n<meta property=\"og:locale\" content=\"fr_FR\" \/>\n<meta property=\"og:type\" content=\"article\" \/>\n<meta property=\"og:title\" content=\"LN-63 PRESSOTHERAPY MACHINE - investmedic-store.com\" \/>\n<meta property=\"og:description\" content=\"Principe Cet appareil est un appareil de perte de poids multifonctions tr\u00e8s populaire, associ\u00e9 \u00e0 des fonctions de dissipation de la graisse dans l&#8217;infrarouge lointain, de drainage lymphatique par pressoth\u00e9rapie et de pression atmosph\u00e9rique, ainsi qu&#8217;\u00e0 la stimulation \u00e0 basse fr\u00e9quence. 1) Infrarouge lointain Le traitement amincissant dans l&#8217;infrarouge lointain peut aider \u00e0 augmenter le &hellip; LN-63 PRESSOTHERAPY MACHINERead More\" \/>\n<meta property=\"og:url\" content=\"https:\/\/investmedic-store.com\/?product=ln-63-pressotherapy-machine\" \/>\n<meta property=\"og:site_name\" content=\"investmedic-store.com\" \/>\n<meta property=\"article:publisher\" content=\"https:\/\/www.facebook.com\/invest.medic\" \/>\n<meta property=\"og:image\" content=\"http:\/\/investmedic-store.com\/wp-content\/uploads\/2023\/08\/R-4.jpg\" \/>\n\t<meta property=\"og:image:width\" content=\"750\" \/>\n\t<meta property=\"og:image:height\" content=\"750\" \/>\n\t<meta property=\"og:image:type\" content=\"image\/jpeg\" \/>\n<meta name=\"twitter:card\" content=\"summary_large_image\" \/>\n<meta name=\"twitter:label1\" content=\"Dur\u00e9e de lecture estim\u00e9e\" \/>\n\t<meta name=\"twitter:data1\" content=\"2 minutes\" \/>\n<script type=\"application\/ld+json\" class=\"yoast-schema-graph\">{\"@context\":\"https:\/\/schema.org\",\"@graph\":[{\"@type\":\"WebPage\",\"@id\":\"https:\/\/investmedic-store.com\/?product=ln-63-pressotherapy-machine\",\"url\":\"https:\/\/investmedic-store.com\/?product=ln-63-pressotherapy-machine\",\"name\":\"LN-63 PRESSOTHERAPY MACHINE - investmedic-store.com\",\"isPartOf\":{\"@id\":\"https:\/\/investmedic-store.com\/#website\"},\"datePublished\":\"2023-08-30T12:22:24+00:00\",\"dateModified\":\"2023-08-30T12:22:24+00:00\",\"breadcrumb\":{\"@id\":\"https:\/\/investmedic-store.com\/?product=ln-63-pressotherapy-machine#breadcrumb\"},\"inLanguage\":\"fr-FR\",\"potentialAction\":[{\"@type\":\"ReadAction\",\"target\":[\"https:\/\/investmedic-store.com\/?product=ln-63-pressotherapy-machine\"]}]},{\"@type\":\"BreadcrumbList\",\"@id\":\"https:\/\/investmedic-store.com\/?product=ln-63-pressotherapy-machine#breadcrumb\",\"itemListElement\":[{\"@type\":\"ListItem\",\"position\":1,\"name\":\"Accueil\",\"item\":\"https:\/\/investmedic-store.com\/\"},{\"@type\":\"ListItem\",\"position\":2,\"name\":\"Shop\",\"item\":\"https:\/\/investmedic-store.com\/?page_id=5\"},{\"@type\":\"ListItem\",\"position\":3,\"name\":\"LN-63 PRESSOTHERAPY MACHINE\"}]},{\"@type\":\"WebSite\",\"@id\":\"https:\/\/investmedic-store.com\/#website\",\"url\":\"https:\/\/investmedic-store.com\/\",\"name\":\"invest medic store\",\"description\":\"Importation &amp; Distribution Du Materiels Medico-Chirurgicales - \u0627\u0633\u062a\u064a\u0631\u0627\u062f \u0648\u062a\u0648\u0632\u064a\u0639 \u0627\u0644\u0645\u0648\u0627\u062f \u0627\u0644\u0637\u0628\u064a\u0629 \u0627\u0644\u062c\u0631\u0627\u062d\u064a\u0629\",\"publisher\":{\"@id\":\"https:\/\/investmedic-store.com\/#organization\"},\"alternateName\":\"investmedic store\",\"potentialAction\":[{\"@type\":\"SearchAction\",\"target\":{\"@type\":\"EntryPoint\",\"urlTemplate\":\"https:\/\/investmedic-store.com\/?s={search_term_string}\"},\"query-input\":\"required name=search_term_string\"}],\"inLanguage\":\"fr-FR\"},{\"@type\":\"Organization\",\"@id\":\"https:\/\/investmedic-store.com\/#organization\",\"name\":\"invest.medic store\",\"alternateName\":\"investmedic store\",\"url\":\"https:\/\/investmedic-store.com\/\",\"logo\":{\"@type\":\"ImageObject\",\"inLanguage\":\"fr-FR\",\"@id\":\"https:\/\/investmedic-store.com\/#\/schema\/logo\/image\/\",\"url\":\"https:\/\/investmedic-store.com\/wp-content\/uploads\/2023\/07\/cropped-LOGO_INVEST-transformed-removebg-preview-transformed-1-e1690120839263.png\",\"contentUrl\":\"https:\/\/investmedic-store.com\/wp-content\/uploads\/2023\/07\/cropped-LOGO_INVEST-transformed-removebg-preview-transformed-1-e1690120839263.png\",\"width\":512,\"height\":512,\"caption\":\"invest.medic store\"},\"image\":{\"@id\":\"https:\/\/investmedic-store.com\/#\/schema\/logo\/image\/\"},\"sameAs\":[\"https:\/\/www.facebook.com\/invest.medic\"]}]}<\/script>\n<!-- \/ Yoast SEO plugin. -->","yoast_head_json":{"title":"LN-63 PRESSOTHERAPY MACHINE - investmedic-store.com","robots":{"index":"index","follow":"follow","max-snippet":"max-snippet:-1","max-image-preview":"max-image-preview:large","max-video-preview":"max-video-preview:-1"},"canonical":"https:\/\/investmedic-store.com\/?product=ln-63-pressotherapy-machine","og_locale":"fr_FR","og_type":"article","og_title":"LN-63 PRESSOTHERAPY MACHINE - investmedic-store.com","og_description":"Principe Cet appareil est un appareil de perte de poids multifonctions tr\u00e8s populaire, associ\u00e9 \u00e0 des fonctions de dissipation de la graisse dans l&#8217;infrarouge lointain, de drainage lymphatique par pressoth\u00e9rapie et de pression atmosph\u00e9rique, ainsi qu&#8217;\u00e0 la stimulation \u00e0 basse fr\u00e9quence. 1) Infrarouge lointain Le traitement amincissant dans l&#8217;infrarouge lointain peut aider \u00e0 augmenter le &hellip; LN-63 PRESSOTHERAPY MACHINERead More","og_url":"https:\/\/investmedic-store.com\/?product=ln-63-pressotherapy-machine","og_site_name":"investmedic-store.com","article_publisher":"https:\/\/www.facebook.com\/invest.medic","og_image":[{"width":750,"height":750,"url":"http:\/\/investmedic-store.com\/wp-content\/uploads\/2023\/08\/R-4.jpg","type":"image\/jpeg"}],"twitter_card":"summary_large_image","twitter_misc":{"Dur\u00e9e de lecture estim\u00e9e":"2 minutes"},"schema":{"@context":"https:\/\/schema.org","@graph":[{"@type":"WebPage","@id":"https:\/\/investmedic-store.com\/?product=ln-63-pressotherapy-machine","url":"https:\/\/investmedic-store.com\/?product=ln-63-pressotherapy-machine","name":"LN-63 PRESSOTHERAPY MACHINE - investmedic-store.com","isPartOf":{"@id":"https:\/\/investmedic-store.com\/#website"},"datePublished":"2023-08-30T12:22:24+00:00","dateModified":"2023-08-30T12:22:24+00:00","breadcrumb":{"@id":"https:\/\/investmedic-store.com\/?product=ln-63-pressotherapy-machine#breadcrumb"},"inLanguage":"fr-FR","potentialAction":[{"@type":"ReadAction","target":["https:\/\/investmedic-store.com\/?product=ln-63-pressotherapy-machine"]}]},{"@type":"BreadcrumbList","@id":"https:\/\/investmedic-store.com\/?product=ln-63-pressotherapy-machine#breadcrumb","itemListElement":[{"@type":"ListItem","position":1,"name":"Accueil","item":"https:\/\/investmedic-store.com\/"},{"@type":"ListItem","position":2,"name":"Shop","item":"https:\/\/investmedic-store.com\/?page_id=5"},{"@type":"ListItem","position":3,"name":"LN-63 PRESSOTHERAPY MACHINE"}]},{"@type":"WebSite","@id":"https:\/\/investmedic-store.com\/#website","url":"https:\/\/investmedic-store.com\/","name":"invest medic store","description":"Importation &amp; Distribution Du Materiels Medico-Chirurgicales - \u0627\u0633\u062a\u064a\u0631\u0627\u062f \u0648\u062a\u0648\u0632\u064a\u0639 \u0627\u0644\u0645\u0648\u0627\u062f \u0627\u0644\u0637\u0628\u064a\u0629 \u0627\u0644\u062c\u0631\u0627\u062d\u064a\u0629","publisher":{"@id":"https:\/\/investmedic-store.com\/#organization"},"alternateName":"investmedic store","potentialAction":[{"@type":"SearchAction","target":{"@type":"EntryPoint","urlTemplate":"https:\/\/investmedic-store.com\/?s={search_term_string}"},"query-input":"required name=search_term_string"}],"inLanguage":"fr-FR"},{"@type":"Organization","@id":"https:\/\/investmedic-store.com\/#organization","name":"invest.medic store","alternateName":"investmedic store","url":"https:\/\/investmedic-store.com\/","logo":{"@type":"ImageObject","inLanguage":"fr-FR","@id":"https:\/\/investmedic-store.com\/#\/schema\/logo\/image\/","url":"https:\/\/investmedic-store.com\/wp-content\/uploads\/2023\/07\/cropped-LOGO_INVEST-transformed-removebg-preview-transformed-1-e1690120839263.png","contentUrl":"https:\/\/investmedic-store.com\/wp-content\/uploads\/2023\/07\/cropped-LOGO_INVEST-transformed-removebg-preview-transformed-1-e1690120839263.png","width":512,"height":512,"caption":"invest.medic store"},"image":{"@id":"https:\/\/investmedic-store.com\/#\/schema\/logo\/image\/"},"sameAs":["https:\/\/www.facebook.com\/invest.medic"]}]}},"_links":{"self":[{"href":"https:\/\/investmedic-store.com\/index.php?rest_route=\/wp\/v2\/product\/1983"}],"collection":[{"href":"https:\/\/investmedic-store.com\/index.php?rest_route=\/wp\/v2\/product"}],"about":[{"href":"https:\/\/investmedic-store.com\/index.php?rest_route=\/wp\/v2\/types\/product"}],"replies":[{"embeddable":true,"href":"https:\/\/investmedic-store.com\/index.php?rest_route=%2Fwp%2Fv2%2Fcomments&post=1983"}],"wp:featuredmedia":[{"embeddable":true,"href":"https:\/\/investmedic-store.com\/index.php?rest_route=\/wp\/v2\/media\/1984"}],"wp:attachment":[{"href":"https:\/\/investmedic-store.com\/index.php?rest_route=%2Fwp%2Fv2%2Fmedia&parent=1983"}],"wp:term":[{"taxonomy":"product_cat","embeddable":true,"href":"https:\/\/investmedic-store.com\/index.php?rest_route=%2Fwp%2Fv2%2Fproduct_cat&post=1983"},{"taxonomy":"product_tag","embeddable":true,"href":"https:\/\/investmedic-store.com\/index.php?rest_route=%2Fwp%2Fv2%2Fproduct_tag&post=1983"}],"curies":[{"name":"wp","href":"https:\/\/api.w.org\/{rel}","templated":true}]}}